{"id":29943,"date":"2025-04-08T14:58:56","date_gmt":"2025-04-08T11:58:56","guid":{"rendered":"https:\/\/gymfactory.eu\/product\/bandes-de-resistance-tg%e2%80%911\/"},"modified":"2025-04-08T14:58:56","modified_gmt":"2025-04-08T11:58:56","slug":"bandes-de-resistance-tg%e2%80%911","status":"publish","type":"product","link":"https:\/\/gymfactory.eu\/fr\/produit\/bandes-de-resistance-tg%e2%80%911\/","title":{"rendered":"Bandes de R\u00e9sistance TG\u20111"},"content":{"rendered":"<p>Le set TG\u20111 Bandes de R\u00e9sistance pour l\u2019Entra\u00eenement comprend quatre bandes cod\u00e9es par couleur : l\u00e9g\u00e8re, moyenne, lourde et extra-lourde. Chaque bande est con\u00e7ue pour diff\u00e9rents niveaux d\u2019intensit\u00e9, adapt\u00e9es aux \u00e9chauffements, exercices de renforcement musculaire et conditionnement g\u00e9n\u00e9ral. <\/p>\n<p>Ces bandes conviennent pour l\u2019entra\u00eenement au poids du corps, le travail de mobilit\u00e9, la r\u00e9\u00e9ducation et le d\u00e9veloppement musculaire. Compactes et l\u00e9g\u00e8res, elles sont faciles \u00e0 ranger et \u00e0 transporter. <\/p>\n<p>Fabriqu\u00e9es en mat\u00e9riau durable et respectueux de la peau, elles peuvent \u00eatre utilis\u00e9es \u00e0 domicile, en salle de sport ou en d\u00e9placement. Ces bandes de r\u00e9sistance soutiennent le d\u00e9veloppement de la force, de la stabilit\u00e9 et de la souplesse, constituant un \u00e9quipement pratique pour tous les niveaux de fitness.<\/p>\n\n    <div class=\"xs_social_share_widget xs_share_url after_content \t\tmain_content  wslu-style-1 wslu-share-box-shaped wslu-fill-colored wslu-none wslu-share-horizontal wslu-theme-font-no wslu-main_content\">\n\n\t\t\n        <ul>\n\t\t\t        <\/ul>\n    <\/div> \n","protected":false},"excerpt":{"rendered":"<p>Le set TG\u20111 Bandes de R\u00e9sistance pour l\u2019Entra\u00eenement comprend quatre bandes cod\u00e9es par couleur : l\u00e9g\u00e8re, moyenne, lourde et extra-lourde. Chaque bande est con\u00e7ue pour diff\u00e9rents niveaux d\u2019intensit\u00e9, adapt\u00e9es aux \u00e9chauffements, exercices de renforcement musculaire et conditionnement g\u00e9n\u00e9ral. Ces bandes conviennent pour l\u2019entra\u00eenement au poids du corps, le travail de mobilit\u00e9, la r\u00e9\u00e9ducation et le [&hellip;]<\/p>\n","protected":false},"featured_media":29944,"template":"","meta":{"_acf_changed":false},"product_brand":[56],"product_cat":[826],"product_tag":[977],"class_list":{"0":"post-29943","1":"product","2":"type-product","3":"status-publish","4":"has-post-thumbnail","6":"product_brand-gym-factory","7":"product_cat-accessoires-de-musculation","8":"product_tag-couleur-sans-couleurs","10":"first","11":"onbackorder","12":"taxable","13":"shipping-taxable","14":"purchasable","15":"product-type-simple"},"acf":[],"yoast_head":"<!-- This site is optimized with the Yoast SEO plugin v25.2 - https:\/\/yoast.com\/wordpress\/plugins\/seo\/ -->\n<title>Bandes de R\u00e9sistance TG\u20111 \u2013 \u00c9quipement de Gym pour Entra\u00eenement Complet<\/title>\n<meta name=\"description\" content=\"Bandes de r\u00e9sistance TG\u20111 pour l\u2019entra\u00eenement, con\u00e7ues pour la musculation, l\u2019entra\u00eenement au poids du corps et les exercices de r\u00e9sistance flexible.\" \/>\n<meta name=\"robots\" content=\"index, follow, max-snippet:-1, max-image-preview:large, max-video-preview:-1\" \/>\n<link rel=\"canonical\" href=\"https:\/\/gymfactory.eu\/fr\/produit\/bandes-de-resistance-tg%e2%80%911\/\" \/>\n<meta property=\"og:locale\" content=\"fr_FR\" \/>\n<meta property=\"og:type\" content=\"article\" \/>\n<meta property=\"og:title\" content=\"Bandes de R\u00e9sistance TG\u20111 \u2013 \u00c9quipement de Gym pour Entra\u00eenement Complet\" \/>\n<meta property=\"og:description\" content=\"Bandes de r\u00e9sistance TG\u20111 pour l\u2019entra\u00eenement, con\u00e7ues pour la musculation, l\u2019entra\u00eenement au poids du corps et les exercices de r\u00e9sistance flexible.\" \/>\n<meta property=\"og:url\" content=\"https:\/\/gymfactory.eu\/fr\/produit\/bandes-de-resistance-tg%e2%80%911\/\" \/>\n<meta property=\"og:site_name\" content=\"Gym Factory\" \/>\n<meta property=\"og:image\" content=\"https:\/\/gymfactory.eu\/wp-content\/uploads\/2025\/04\/TG1-Resistance-Bands-For-Training-1.webp\" \/>\n\t<meta property=\"og:image:width\" content=\"1500\" \/>\n\t<meta property=\"og:image:height\" content=\"1500\" \/>\n\t<meta property=\"og:image:type\" content=\"image\/webp\" \/>\n<meta name=\"twitter:card\" content=\"summary_large_image\" \/>\n<meta name=\"twitter:label1\" content=\"Dur\u00e9e de lecture estim\u00e9e\" \/>\n\t<meta name=\"twitter:data1\" content=\"1 minute\" \/>\n<script type=\"application\/ld+json\" class=\"yoast-schema-graph\">{\"@context\":\"https:\/\/schema.org\",\"@graph\":[{\"@type\":\"WebPage\",\"@id\":\"https:\/\/gymfactory.eu\/fr\/produit\/bandes-de-resistance-tg%e2%80%911\/\",\"url\":\"https:\/\/gymfactory.eu\/fr\/produit\/bandes-de-resistance-tg%e2%80%911\/\",\"name\":\"Bandes de R\u00e9sistance TG\u20111 \u2013 \u00c9quipement de Gym pour Entra\u00eenement Complet\",\"isPartOf\":{\"@id\":\"https:\/\/gymfactory.eu\/fr\/#website\"},\"primaryImageOfPage\":{\"@id\":\"https:\/\/gymfactory.eu\/fr\/produit\/bandes-de-resistance-tg%e2%80%911\/#primaryimage\"},\"image\":{\"@id\":\"https:\/\/gymfactory.eu\/fr\/produit\/bandes-de-resistance-tg%e2%80%911\/#primaryimage\"},\"thumbnailUrl\":\"https:\/\/gymfactory.eu\/wp-content\/uploads\/2025\/04\/TG1-Resistance-Bands-For-Training-1.webp\",\"datePublished\":\"2025-04-08T11:58:56+00:00\",\"description\":\"Bandes de r\u00e9sistance TG\u20111 pour l\u2019entra\u00eenement, con\u00e7ues pour la musculation, l\u2019entra\u00eenement au poids du corps et les exercices de r\u00e9sistance flexible.\",\"breadcrumb\":{\"@id\":\"https:\/\/gymfactory.eu\/fr\/produit\/bandes-de-resistance-tg%e2%80%911\/#breadcrumb\"},\"inLanguage\":\"fr-FR\",\"potentialAction\":[{\"@type\":\"ReadAction\",\"target\":[\"https:\/\/gymfactory.eu\/fr\/produit\/bandes-de-resistance-tg%e2%80%911\/\"]}]},{\"@type\":\"ImageObject\",\"inLanguage\":\"fr-FR\",\"@id\":\"https:\/\/gymfactory.eu\/fr\/produit\/bandes-de-resistance-tg%e2%80%911\/#primaryimage\",\"url\":\"https:\/\/gymfactory.eu\/wp-content\/uploads\/2025\/04\/TG1-Resistance-Bands-For-Training-1.webp\",\"contentUrl\":\"https:\/\/gymfactory.eu\/wp-content\/uploads\/2025\/04\/TG1-Resistance-Bands-For-Training-1.webp\",\"width\":1500,\"height\":1500,\"caption\":\"Set of four color-coded TG\u20131 resistance bands for training, labeled from light to extra heavy, ideal for bodyweight workouts, gym equipment use, and strength training.\"},{\"@type\":\"BreadcrumbList\",\"@id\":\"https:\/\/gymfactory.eu\/fr\/produit\/bandes-de-resistance-tg%e2%80%911\/#breadcrumb\",\"itemListElement\":[{\"@type\":\"ListItem\",\"position\":1,\"name\":\"Home\",\"item\":\"https:\/\/gymfactory.eu\/fr\/page-principale\/\"},{\"@type\":\"ListItem\",\"position\":2,\"name\":\"Catalogue\",\"item\":\"https:\/\/gymfactory.eu\/fr\/catalogue-2\/\"},{\"@type\":\"ListItem\",\"position\":3,\"name\":\"Bandes de R\u00e9sistance TG\u20111\"}]},{\"@type\":\"WebSite\",\"@id\":\"https:\/\/gymfactory.eu\/fr\/#website\",\"url\":\"https:\/\/gymfactory.eu\/fr\/\",\"name\":\"Gym Factory\",\"description\":\"\",\"publisher\":{\"@id\":\"https:\/\/gymfactory.eu\/fr\/#organization\"},\"potentialAction\":[{\"@type\":\"SearchAction\",\"target\":{\"@type\":\"EntryPoint\",\"urlTemplate\":\"https:\/\/gymfactory.eu\/fr\/?s={search_term_string}\"},\"query-input\":{\"@type\":\"PropertyValueSpecification\",\"valueRequired\":true,\"valueName\":\"search_term_string\"}}],\"inLanguage\":\"fr-FR\"},{\"@type\":\"Organization\",\"@id\":\"https:\/\/gymfactory.eu\/fr\/#organization\",\"name\":\"Gym Factory\",\"url\":\"https:\/\/gymfactory.eu\/fr\/\",\"logo\":{\"@type\":\"ImageObject\",\"inLanguage\":\"fr-FR\",\"@id\":\"https:\/\/gymfactory.eu\/fr\/#\/schema\/logo\/image\/\",\"url\":\"https:\/\/gymfactory.eu\/wp-content\/uploads\/2024\/11\/Component-1.svg\",\"contentUrl\":\"https:\/\/gymfactory.eu\/wp-content\/uploads\/2024\/11\/Component-1.svg\",\"width\":54,\"height\":44,\"caption\":\"Gym Factory\"},\"image\":{\"@id\":\"https:\/\/gymfactory.eu\/fr\/#\/schema\/logo\/image\/\"}}]}<\/script>\n<!-- \/ Yoast SEO plugin. -->","yoast_head_json":{"title":"Bandes de R\u00e9sistance TG\u20111 \u2013 \u00c9quipement de Gym pour Entra\u00eenement Complet","description":"Bandes de r\u00e9sistance TG\u20111 pour l\u2019entra\u00eenement, con\u00e7ues pour la musculation, l\u2019entra\u00eenement au poids du corps et les exercices de r\u00e9sistance flexible.","robots":{"index":"index","follow":"follow","max-snippet":"max-snippet:-1","max-image-preview":"max-image-preview:large","max-video-preview":"max-video-preview:-1"},"canonical":"https:\/\/gymfactory.eu\/fr\/produit\/bandes-de-resistance-tg%e2%80%911\/","og_locale":"fr_FR","og_type":"article","og_title":"Bandes de R\u00e9sistance TG\u20111 \u2013 \u00c9quipement de Gym pour Entra\u00eenement Complet","og_description":"Bandes de r\u00e9sistance TG\u20111 pour l\u2019entra\u00eenement, con\u00e7ues pour la musculation, l\u2019entra\u00eenement au poids du corps et les exercices de r\u00e9sistance flexible.","og_url":"https:\/\/gymfactory.eu\/fr\/produit\/bandes-de-resistance-tg%e2%80%911\/","og_site_name":"Gym Factory","og_image":[{"width":1500,"height":1500,"url":"https:\/\/gymfactory.eu\/wp-content\/uploads\/2025\/04\/TG1-Resistance-Bands-For-Training-1.webp","type":"image\/webp"}],"twitter_card":"summary_large_image","twitter_misc":{"Dur\u00e9e de lecture estim\u00e9e":"1 minute"},"schema":{"@context":"https:\/\/schema.org","@graph":[{"@type":"WebPage","@id":"https:\/\/gymfactory.eu\/fr\/produit\/bandes-de-resistance-tg%e2%80%911\/","url":"https:\/\/gymfactory.eu\/fr\/produit\/bandes-de-resistance-tg%e2%80%911\/","name":"Bandes de R\u00e9sistance TG\u20111 \u2013 \u00c9quipement de Gym pour Entra\u00eenement Complet","isPartOf":{"@id":"https:\/\/gymfactory.eu\/fr\/#website"},"primaryImageOfPage":{"@id":"https:\/\/gymfactory.eu\/fr\/produit\/bandes-de-resistance-tg%e2%80%911\/#primaryimage"},"image":{"@id":"https:\/\/gymfactory.eu\/fr\/produit\/bandes-de-resistance-tg%e2%80%911\/#primaryimage"},"thumbnailUrl":"https:\/\/gymfactory.eu\/wp-content\/uploads\/2025\/04\/TG1-Resistance-Bands-For-Training-1.webp","datePublished":"2025-04-08T11:58:56+00:00","description":"Bandes de r\u00e9sistance TG\u20111 pour l\u2019entra\u00eenement, con\u00e7ues pour la musculation, l\u2019entra\u00eenement au poids du corps et les exercices de r\u00e9sistance flexible.","breadcrumb":{"@id":"https:\/\/gymfactory.eu\/fr\/produit\/bandes-de-resistance-tg%e2%80%911\/#breadcrumb"},"inLanguage":"fr-FR","potentialAction":[{"@type":"ReadAction","target":["https:\/\/gymfactory.eu\/fr\/produit\/bandes-de-resistance-tg%e2%80%911\/"]}]},{"@type":"ImageObject","inLanguage":"fr-FR","@id":"https:\/\/gymfactory.eu\/fr\/produit\/bandes-de-resistance-tg%e2%80%911\/#primaryimage","url":"https:\/\/gymfactory.eu\/wp-content\/uploads\/2025\/04\/TG1-Resistance-Bands-For-Training-1.webp","contentUrl":"https:\/\/gymfactory.eu\/wp-content\/uploads\/2025\/04\/TG1-Resistance-Bands-For-Training-1.webp","width":1500,"height":1500,"caption":"Set of four color-coded TG\u20131 resistance bands for training, labeled from light to extra heavy, ideal for bodyweight workouts, gym equipment use, and strength training."},{"@type":"BreadcrumbList","@id":"https:\/\/gymfactory.eu\/fr\/produit\/bandes-de-resistance-tg%e2%80%911\/#breadcrumb","itemListElement":[{"@type":"ListItem","position":1,"name":"Home","item":"https:\/\/gymfactory.eu\/fr\/page-principale\/"},{"@type":"ListItem","position":2,"name":"Catalogue","item":"https:\/\/gymfactory.eu\/fr\/catalogue-2\/"},{"@type":"ListItem","position":3,"name":"Bandes de R\u00e9sistance TG\u20111"}]},{"@type":"WebSite","@id":"https:\/\/gymfactory.eu\/fr\/#website","url":"https:\/\/gymfactory.eu\/fr\/","name":"Gym Factory","description":"","publisher":{"@id":"https:\/\/gymfactory.eu\/fr\/#organization"},"potentialAction":[{"@type":"SearchAction","target":{"@type":"EntryPoint","urlTemplate":"https:\/\/gymfactory.eu\/fr\/?s={search_term_string}"},"query-input":{"@type":"PropertyValueSpecification","valueRequired":true,"valueName":"search_term_string"}}],"inLanguage":"fr-FR"},{"@type":"Organization","@id":"https:\/\/gymfactory.eu\/fr\/#organization","name":"Gym Factory","url":"https:\/\/gymfactory.eu\/fr\/","logo":{"@type":"ImageObject","inLanguage":"fr-FR","@id":"https:\/\/gymfactory.eu\/fr\/#\/schema\/logo\/image\/","url":"https:\/\/gymfactory.eu\/wp-content\/uploads\/2024\/11\/Component-1.svg","contentUrl":"https:\/\/gymfactory.eu\/wp-content\/uploads\/2024\/11\/Component-1.svg","width":54,"height":44,"caption":"Gym Factory"},"image":{"@id":"https:\/\/gymfactory.eu\/fr\/#\/schema\/logo\/image\/"}}]}},"_links":{"self":[{"href":"https:\/\/gymfactory.eu\/fr\/wp-json\/wp\/v2\/product\/29943","targetHints":{"allow":["GET"]}}],"collection":[{"href":"https:\/\/gymfactory.eu\/fr\/wp-json\/wp\/v2\/product"}],"about":[{"href":"https:\/\/gymfactory.eu\/fr\/wp-json\/wp\/v2\/types\/product"}],"wp:featuredmedia":[{"embeddable":true,"href":"https:\/\/gymfactory.eu\/fr\/wp-json\/wp\/v2\/media\/29944"}],"wp:attachment":[{"href":"https:\/\/gymfactory.eu\/fr\/wp-json\/wp\/v2\/media?parent=29943"}],"wp:term":[{"taxonomy":"product_brand","embeddable":true,"href":"https:\/\/gymfactory.eu\/fr\/wp-json\/wp\/v2\/product_brand?post=29943"},{"taxonomy":"product_cat","embeddable":true,"href":"https:\/\/gymfactory.eu\/fr\/wp-json\/wp\/v2\/product_cat?post=29943"},{"taxonomy":"product_tag","embeddable":true,"href":"https:\/\/gymfactory.eu\/fr\/wp-json\/wp\/v2\/product_tag?post=29943"}],"curies":[{"name":"wp","href":"https:\/\/api.w.org\/{rel}","templated":true}]}}