{"id":29941,"date":"2025-04-08T14:46:18","date_gmt":"2025-04-08T11:46:18","guid":{"rendered":"https:\/\/gymfactory.eu\/product\/sangles-de-suspension-t1\/"},"modified":"2025-04-08T14:46:18","modified_gmt":"2025-04-08T11:46:18","slug":"sangles-de-suspension-t1","status":"publish","type":"product","link":"https:\/\/gymfactory.eu\/fr\/produit\/sangles-de-suspension-t1\/","title":{"rendered":"Sangles de Suspension T1"},"content":{"rendered":"<p>Les T1 Suspension Straps sont des \u00e9quipements portables con\u00e7us pour les exercices au poids du corps et de renforcement musculaire. Dot\u00e9es de sangles r\u00e9glables haute tension et de poign\u00e9es s\u00e9curis\u00e9es, elles permettent de r\u00e9aliser une grande vari\u00e9t\u00e9 de mouvements pour le haut du corps, le tronc et le bas du corps en utilisant la r\u00e9sistance du poids du corps. <\/p>\n<p>Le syst\u00e8me est l\u00e9ger, facile \u00e0 installer et adapt\u00e9 \u00e0 l\u2019entra\u00eenement dans diff\u00e9rents environnements. Les T1 Suspension Straps peuvent \u00eatre utilis\u00e9es pour des exercices tels que les pompes, les tirages, les planches, les fentes et d\u2019autres mouvements fonctionnels visant \u00e0 d\u00e9velopper force et stabilit\u00e9.<\/p>\n\n    <div class=\"xs_social_share_widget xs_share_url after_content \t\tmain_content  wslu-style-1 wslu-share-box-shaped wslu-fill-colored wslu-none wslu-share-horizontal wslu-theme-font-no wslu-main_content\">\n\n\t\t\n        <ul>\n\t\t\t        <\/ul>\n    <\/div> \n","protected":false},"excerpt":{"rendered":"<p>Les T1 Suspension Straps sont des \u00e9quipements portables con\u00e7us pour les exercices au poids du corps et de renforcement musculaire. Dot\u00e9es de sangles r\u00e9glables haute tension et de poign\u00e9es s\u00e9curis\u00e9es, elles permettent de r\u00e9aliser une grande vari\u00e9t\u00e9 de mouvements pour le haut du corps, le tronc et le bas du corps en utilisant la r\u00e9sistance [&hellip;]<\/p>\n","protected":false},"featured_media":29942,"template":"","meta":{"_acf_changed":false},"product_brand":[56],"product_cat":[826],"product_tag":[977],"class_list":{"0":"post-29941","1":"product","2":"type-product","3":"status-publish","4":"has-post-thumbnail","6":"product_brand-gym-factory","7":"product_cat-accessoires-de-musculation","8":"product_tag-couleur-sans-couleurs","10":"first","11":"instock","12":"taxable","13":"shipping-taxable","14":"purchasable","15":"product-type-simple"},"acf":[],"yoast_head":"<!-- This site is optimized with the Yoast SEO plugin v25.2 - https:\/\/yoast.com\/wordpress\/plugins\/seo\/ -->\n<title>T1 Suspension Straps \u2013 \u00c9quipement de Gym pour Entra\u00eenement au Poids du Corps<\/title>\n<meta name=\"description\" content=\"Boostez vos exercices de renforcement musculaire avec les T1 Suspension Straps. \u00c9quipement l\u00e9ger pour un entra\u00eenement efficace au poids du corps, partout et \u00e0 tout moment.\" \/>\n<meta name=\"robots\" content=\"index, follow, max-snippet:-1, max-image-preview:large, max-video-preview:-1\" \/>\n<link rel=\"canonical\" href=\"https:\/\/gymfactory.eu\/fr\/produit\/sangles-de-suspension-t1\/\" \/>\n<meta property=\"og:locale\" content=\"fr_FR\" \/>\n<meta property=\"og:type\" content=\"article\" \/>\n<meta property=\"og:title\" content=\"T1 Suspension Straps \u2013 \u00c9quipement de Gym pour Entra\u00eenement au Poids du Corps\" \/>\n<meta property=\"og:description\" content=\"Boostez vos exercices de renforcement musculaire avec les T1 Suspension Straps. \u00c9quipement l\u00e9ger pour un entra\u00eenement efficace au poids du corps, partout et \u00e0 tout moment.\" \/>\n<meta property=\"og:url\" content=\"https:\/\/gymfactory.eu\/fr\/produit\/sangles-de-suspension-t1\/\" \/>\n<meta property=\"og:site_name\" content=\"Gym Factory\" \/>\n<meta property=\"og:image\" content=\"https:\/\/gymfactory.eu\/wp-content\/uploads\/2025\/04\/T1-suspension-straps-1.webp\" \/>\n\t<meta property=\"og:image:width\" content=\"1181\" \/>\n\t<meta property=\"og:image:height\" content=\"1181\" \/>\n\t<meta property=\"og:image:type\" content=\"image\/webp\" \/>\n<meta name=\"twitter:card\" content=\"summary_large_image\" \/>\n<meta name=\"twitter:label1\" content=\"Dur\u00e9e de lecture estim\u00e9e\" \/>\n\t<meta name=\"twitter:data1\" content=\"1 minute\" \/>\n<script type=\"application\/ld+json\" class=\"yoast-schema-graph\">{\"@context\":\"https:\/\/schema.org\",\"@graph\":[{\"@type\":\"WebPage\",\"@id\":\"https:\/\/gymfactory.eu\/fr\/produit\/sangles-de-suspension-t1\/\",\"url\":\"https:\/\/gymfactory.eu\/fr\/produit\/sangles-de-suspension-t1\/\",\"name\":\"T1 Suspension Straps \u2013 \u00c9quipement de Gym pour Entra\u00eenement au Poids du Corps\",\"isPartOf\":{\"@id\":\"https:\/\/gymfactory.eu\/fr\/#website\"},\"primaryImageOfPage\":{\"@id\":\"https:\/\/gymfactory.eu\/fr\/produit\/sangles-de-suspension-t1\/#primaryimage\"},\"image\":{\"@id\":\"https:\/\/gymfactory.eu\/fr\/produit\/sangles-de-suspension-t1\/#primaryimage\"},\"thumbnailUrl\":\"https:\/\/gymfactory.eu\/wp-content\/uploads\/2025\/04\/T1-suspension-straps-1.webp\",\"datePublished\":\"2025-04-08T11:46:18+00:00\",\"description\":\"Boostez vos exercices de renforcement musculaire avec les T1 Suspension Straps. \u00c9quipement l\u00e9ger pour un entra\u00eenement efficace au poids du corps, partout et \u00e0 tout moment.\",\"breadcrumb\":{\"@id\":\"https:\/\/gymfactory.eu\/fr\/produit\/sangles-de-suspension-t1\/#breadcrumb\"},\"inLanguage\":\"fr-FR\",\"potentialAction\":[{\"@type\":\"ReadAction\",\"target\":[\"https:\/\/gymfactory.eu\/fr\/produit\/sangles-de-suspension-t1\/\"]}]},{\"@type\":\"ImageObject\",\"inLanguage\":\"fr-FR\",\"@id\":\"https:\/\/gymfactory.eu\/fr\/produit\/sangles-de-suspension-t1\/#primaryimage\",\"url\":\"https:\/\/gymfactory.eu\/wp-content\/uploads\/2025\/04\/T1-suspension-straps-1.webp\",\"contentUrl\":\"https:\/\/gymfactory.eu\/wp-content\/uploads\/2025\/04\/T1-suspension-straps-1.webp\",\"width\":1181,\"height\":1181,\"caption\":\"T1 Suspension Straps gym equipment in black and neon yellow, designed for bodyweight training and strength-training exercises using durable handles and adjustable straps.\"},{\"@type\":\"BreadcrumbList\",\"@id\":\"https:\/\/gymfactory.eu\/fr\/produit\/sangles-de-suspension-t1\/#breadcrumb\",\"itemListElement\":[{\"@type\":\"ListItem\",\"position\":1,\"name\":\"Home\",\"item\":\"https:\/\/gymfactory.eu\/fr\/page-principale\/\"},{\"@type\":\"ListItem\",\"position\":2,\"name\":\"Catalogue\",\"item\":\"https:\/\/gymfactory.eu\/fr\/catalogue-2\/\"},{\"@type\":\"ListItem\",\"position\":3,\"name\":\"Sangles de Suspension T1\"}]},{\"@type\":\"WebSite\",\"@id\":\"https:\/\/gymfactory.eu\/fr\/#website\",\"url\":\"https:\/\/gymfactory.eu\/fr\/\",\"name\":\"Gym Factory\",\"description\":\"\",\"publisher\":{\"@id\":\"https:\/\/gymfactory.eu\/fr\/#organization\"},\"potentialAction\":[{\"@type\":\"SearchAction\",\"target\":{\"@type\":\"EntryPoint\",\"urlTemplate\":\"https:\/\/gymfactory.eu\/fr\/?s={search_term_string}\"},\"query-input\":{\"@type\":\"PropertyValueSpecification\",\"valueRequired\":true,\"valueName\":\"search_term_string\"}}],\"inLanguage\":\"fr-FR\"},{\"@type\":\"Organization\",\"@id\":\"https:\/\/gymfactory.eu\/fr\/#organization\",\"name\":\"Gym Factory\",\"url\":\"https:\/\/gymfactory.eu\/fr\/\",\"logo\":{\"@type\":\"ImageObject\",\"inLanguage\":\"fr-FR\",\"@id\":\"https:\/\/gymfactory.eu\/fr\/#\/schema\/logo\/image\/\",\"url\":\"https:\/\/gymfactory.eu\/wp-content\/uploads\/2024\/11\/Component-1.svg\",\"contentUrl\":\"https:\/\/gymfactory.eu\/wp-content\/uploads\/2024\/11\/Component-1.svg\",\"width\":54,\"height\":44,\"caption\":\"Gym Factory\"},\"image\":{\"@id\":\"https:\/\/gymfactory.eu\/fr\/#\/schema\/logo\/image\/\"}}]}<\/script>\n<!-- \/ Yoast SEO plugin. -->","yoast_head_json":{"title":"T1 Suspension Straps \u2013 \u00c9quipement de Gym pour Entra\u00eenement au Poids du Corps","description":"Boostez vos exercices de renforcement musculaire avec les T1 Suspension Straps. \u00c9quipement l\u00e9ger pour un entra\u00eenement efficace au poids du corps, partout et \u00e0 tout moment.","robots":{"index":"index","follow":"follow","max-snippet":"max-snippet:-1","max-image-preview":"max-image-preview:large","max-video-preview":"max-video-preview:-1"},"canonical":"https:\/\/gymfactory.eu\/fr\/produit\/sangles-de-suspension-t1\/","og_locale":"fr_FR","og_type":"article","og_title":"T1 Suspension Straps \u2013 \u00c9quipement de Gym pour Entra\u00eenement au Poids du Corps","og_description":"Boostez vos exercices de renforcement musculaire avec les T1 Suspension Straps. \u00c9quipement l\u00e9ger pour un entra\u00eenement efficace au poids du corps, partout et \u00e0 tout moment.","og_url":"https:\/\/gymfactory.eu\/fr\/produit\/sangles-de-suspension-t1\/","og_site_name":"Gym Factory","og_image":[{"width":1181,"height":1181,"url":"https:\/\/gymfactory.eu\/wp-content\/uploads\/2025\/04\/T1-suspension-straps-1.webp","type":"image\/webp"}],"twitter_card":"summary_large_image","twitter_misc":{"Dur\u00e9e de lecture estim\u00e9e":"1 minute"},"schema":{"@context":"https:\/\/schema.org","@graph":[{"@type":"WebPage","@id":"https:\/\/gymfactory.eu\/fr\/produit\/sangles-de-suspension-t1\/","url":"https:\/\/gymfactory.eu\/fr\/produit\/sangles-de-suspension-t1\/","name":"T1 Suspension Straps \u2013 \u00c9quipement de Gym pour Entra\u00eenement au Poids du Corps","isPartOf":{"@id":"https:\/\/gymfactory.eu\/fr\/#website"},"primaryImageOfPage":{"@id":"https:\/\/gymfactory.eu\/fr\/produit\/sangles-de-suspension-t1\/#primaryimage"},"image":{"@id":"https:\/\/gymfactory.eu\/fr\/produit\/sangles-de-suspension-t1\/#primaryimage"},"thumbnailUrl":"https:\/\/gymfactory.eu\/wp-content\/uploads\/2025\/04\/T1-suspension-straps-1.webp","datePublished":"2025-04-08T11:46:18+00:00","description":"Boostez vos exercices de renforcement musculaire avec les T1 Suspension Straps. \u00c9quipement l\u00e9ger pour un entra\u00eenement efficace au poids du corps, partout et \u00e0 tout moment.","breadcrumb":{"@id":"https:\/\/gymfactory.eu\/fr\/produit\/sangles-de-suspension-t1\/#breadcrumb"},"inLanguage":"fr-FR","potentialAction":[{"@type":"ReadAction","target":["https:\/\/gymfactory.eu\/fr\/produit\/sangles-de-suspension-t1\/"]}]},{"@type":"ImageObject","inLanguage":"fr-FR","@id":"https:\/\/gymfactory.eu\/fr\/produit\/sangles-de-suspension-t1\/#primaryimage","url":"https:\/\/gymfactory.eu\/wp-content\/uploads\/2025\/04\/T1-suspension-straps-1.webp","contentUrl":"https:\/\/gymfactory.eu\/wp-content\/uploads\/2025\/04\/T1-suspension-straps-1.webp","width":1181,"height":1181,"caption":"T1 Suspension Straps gym equipment in black and neon yellow, designed for bodyweight training and strength-training exercises using durable handles and adjustable straps."},{"@type":"BreadcrumbList","@id":"https:\/\/gymfactory.eu\/fr\/produit\/sangles-de-suspension-t1\/#breadcrumb","itemListElement":[{"@type":"ListItem","position":1,"name":"Home","item":"https:\/\/gymfactory.eu\/fr\/page-principale\/"},{"@type":"ListItem","position":2,"name":"Catalogue","item":"https:\/\/gymfactory.eu\/fr\/catalogue-2\/"},{"@type":"ListItem","position":3,"name":"Sangles de Suspension T1"}]},{"@type":"WebSite","@id":"https:\/\/gymfactory.eu\/fr\/#website","url":"https:\/\/gymfactory.eu\/fr\/","name":"Gym Factory","description":"","publisher":{"@id":"https:\/\/gymfactory.eu\/fr\/#organization"},"potentialAction":[{"@type":"SearchAction","target":{"@type":"EntryPoint","urlTemplate":"https:\/\/gymfactory.eu\/fr\/?s={search_term_string}"},"query-input":{"@type":"PropertyValueSpecification","valueRequired":true,"valueName":"search_term_string"}}],"inLanguage":"fr-FR"},{"@type":"Organization","@id":"https:\/\/gymfactory.eu\/fr\/#organization","name":"Gym Factory","url":"https:\/\/gymfactory.eu\/fr\/","logo":{"@type":"ImageObject","inLanguage":"fr-FR","@id":"https:\/\/gymfactory.eu\/fr\/#\/schema\/logo\/image\/","url":"https:\/\/gymfactory.eu\/wp-content\/uploads\/2024\/11\/Component-1.svg","contentUrl":"https:\/\/gymfactory.eu\/wp-content\/uploads\/2024\/11\/Component-1.svg","width":54,"height":44,"caption":"Gym Factory"},"image":{"@id":"https:\/\/gymfactory.eu\/fr\/#\/schema\/logo\/image\/"}}]}},"_links":{"self":[{"href":"https:\/\/gymfactory.eu\/fr\/wp-json\/wp\/v2\/product\/29941","targetHints":{"allow":["GET"]}}],"collection":[{"href":"https:\/\/gymfactory.eu\/fr\/wp-json\/wp\/v2\/product"}],"about":[{"href":"https:\/\/gymfactory.eu\/fr\/wp-json\/wp\/v2\/types\/product"}],"wp:featuredmedia":[{"embeddable":true,"href":"https:\/\/gymfactory.eu\/fr\/wp-json\/wp\/v2\/media\/29942"}],"wp:attachment":[{"href":"https:\/\/gymfactory.eu\/fr\/wp-json\/wp\/v2\/media?parent=29941"}],"wp:term":[{"taxonomy":"product_brand","embeddable":true,"href":"https:\/\/gymfactory.eu\/fr\/wp-json\/wp\/v2\/product_brand?post=29941"},{"taxonomy":"product_cat","embeddable":true,"href":"https:\/\/gymfactory.eu\/fr\/wp-json\/wp\/v2\/product_cat?post=29941"},{"taxonomy":"product_tag","embeddable":true,"href":"https:\/\/gymfactory.eu\/fr\/wp-json\/wp\/v2\/product_tag?post=29941"}],"curies":[{"name":"wp","href":"https:\/\/api.w.org\/{rel}","templated":true}]}}