{"id":29929,"date":"2025-04-08T10:50:52","date_gmt":"2025-04-08T07:50:52","guid":{"rendered":"https:\/\/gymfactory.eu\/product\/colossus-trophies\/"},"modified":"2025-04-08T10:50:52","modified_gmt":"2025-04-08T07:50:52","slug":"colossus-trophies","status":"publish","type":"product","link":"https:\/\/gymfactory.eu\/fr\/produit\/colossus-trophies\/","title":{"rendered":"\u00ab\u00a0Colossus\u00a0\u00bb Trophies"},"content":{"rendered":"<p>Ce set de mini sculptures est con\u00e7u comme un troph\u00e9e distinctif, une r\u00e9compense, un cadeau ou un \u00e9l\u00e9ment d\u00e9coratif pour les espaces li\u00e9s au fitness. Les figurines de bodybuilders g\u00e9om\u00e9triques sont disponibles en finitions or, argent et bronze, repr\u00e9sentant respectivement les 1\u1d49\u02b3, 2\u1d49 et 3\u1d49 places. <\/p>\n<p>Chaque mini sculpture est imprim\u00e9e en 3D avec du PLA de haute qualit\u00e9 et un remplissage dense, offrant une sensation de solidit\u00e9 et de poids. La base est fabriqu\u00e9e en PLA-CF (PLA renforc\u00e9 en fibre de carbone) pour une durabilit\u00e9 et une stabilit\u00e9 accrues. <\/p>\n<p>Le devant pr\u00e9sente une plaque en acier inoxydable avec un texte grav\u00e9 au laser. Le logo Gym Factory est pr\u00e9sent sur la plaque, et des gravures suppl\u00e9mentaires \u2014 telles que noms d\u2019\u00e9v\u00e9nements, classements ou messages personnalis\u00e9s \u2014 peuvent \u00eatre ajout\u00e9es sur demande. <\/p>\n<p>Que ce soit comme troph\u00e9e, r\u00e9compense, cadeau ou pi\u00e8ce audacieuse d\u2019art sculptural, cet objet combine force, design et personnalisation dans un format compact.<\/p>\n\n    <div class=\"xs_social_share_widget xs_share_url after_content \t\tmain_content  wslu-style-1 wslu-share-box-shaped wslu-fill-colored wslu-none wslu-share-horizontal wslu-theme-font-no wslu-main_content\">\n\n\t\t\n        <ul>\n\t\t\t        <\/ul>\n    <\/div> \n","protected":false},"excerpt":{"rendered":"<p>Ce set de mini sculptures est con\u00e7u comme un troph\u00e9e distinctif, une r\u00e9compense, un cadeau ou un \u00e9l\u00e9ment d\u00e9coratif pour les espaces li\u00e9s au fitness. Les figurines de bodybuilders g\u00e9om\u00e9triques sont disponibles en finitions or, argent et bronze, repr\u00e9sentant respectivement les 1\u1d49\u02b3, 2\u1d49 et 3\u1d49 places. Chaque mini sculpture est imprim\u00e9e en 3D avec du [&hellip;]<\/p>\n","protected":false},"featured_media":29930,"template":"","meta":{"_acf_changed":false},"product_brand":[56],"product_cat":[829],"product_tag":[977],"class_list":{"0":"post-29929","1":"product","2":"type-product","3":"status-publish","4":"has-post-thumbnail","6":"product_brand-gym-factory","7":"product_cat-serie-mini-gym-pro","8":"product_tag-couleur-sans-couleurs","10":"first","11":"onbackorder","12":"taxable","13":"shipping-taxable","14":"purchasable","15":"product-type-variable","16":"has-default-attributes"},"acf":[],"yoast_head":"<!-- This site is optimized with the Yoast SEO plugin v25.2 - https:\/\/yoast.com\/wordpress\/plugins\/seo\/ -->\n<title>Mini Sculptures \u2013 Statue de Bodybuilder pour Amateurs d\u2019Art Sculptural<\/title>\n<meta name=\"description\" content=\"Set de mini statues de bodybuilders en or, argent et bronze \u2014 design g\u00e9om\u00e9trique audacieux pour les amateurs et collectionneurs d\u2019art sculptural moderne.\" \/>\n<meta name=\"robots\" content=\"index, follow, max-snippet:-1, max-image-preview:large, max-video-preview:-1\" \/>\n<link rel=\"canonical\" href=\"https:\/\/gymfactory.eu\/fr\/produit\/colossus-trophies\/\" \/>\n<meta property=\"og:locale\" content=\"fr_FR\" \/>\n<meta property=\"og:type\" content=\"article\" \/>\n<meta property=\"og:title\" content=\"Mini Sculptures \u2013 Statue de Bodybuilder pour Amateurs d\u2019Art Sculptural\" \/>\n<meta property=\"og:description\" content=\"Set de mini statues de bodybuilders en or, argent et bronze \u2014 design g\u00e9om\u00e9trique audacieux pour les amateurs et collectionneurs d\u2019art sculptural moderne.\" \/>\n<meta property=\"og:url\" content=\"https:\/\/gymfactory.eu\/fr\/produit\/colossus-trophies\/\" \/>\n<meta property=\"og:site_name\" content=\"Gym Factory\" \/>\n<meta property=\"og:image\" content=\"https:\/\/gymfactory.eu\/wp-content\/uploads\/2025\/04\/mini-sculpture-art-bodybuilder-statues-collection.webp\" \/>\n\t<meta property=\"og:image:width\" content=\"1500\" \/>\n\t<meta property=\"og:image:height\" content=\"1500\" \/>\n\t<meta property=\"og:image:type\" content=\"image\/webp\" \/>\n<meta name=\"twitter:card\" content=\"summary_large_image\" \/>\n<meta name=\"twitter:label1\" content=\"Dur\u00e9e de lecture estim\u00e9e\" \/>\n\t<meta name=\"twitter:data1\" content=\"1 minute\" \/>\n<script type=\"application\/ld+json\" class=\"yoast-schema-graph\">{\"@context\":\"https:\/\/schema.org\",\"@graph\":[{\"@type\":\"WebPage\",\"@id\":\"https:\/\/gymfactory.eu\/fr\/produit\/colossus-trophies\/\",\"url\":\"https:\/\/gymfactory.eu\/fr\/produit\/colossus-trophies\/\",\"name\":\"Mini Sculptures \u2013 Statue de Bodybuilder pour Amateurs d\u2019Art Sculptural\",\"isPartOf\":{\"@id\":\"https:\/\/gymfactory.eu\/fr\/#website\"},\"primaryImageOfPage\":{\"@id\":\"https:\/\/gymfactory.eu\/fr\/produit\/colossus-trophies\/#primaryimage\"},\"image\":{\"@id\":\"https:\/\/gymfactory.eu\/fr\/produit\/colossus-trophies\/#primaryimage\"},\"thumbnailUrl\":\"https:\/\/gymfactory.eu\/wp-content\/uploads\/2025\/04\/mini-sculpture-art-bodybuilder-statues-collection.webp\",\"datePublished\":\"2025-04-08T07:50:52+00:00\",\"description\":\"Set de mini statues de bodybuilders en or, argent et bronze \u2014 design g\u00e9om\u00e9trique audacieux pour les amateurs et collectionneurs d\u2019art sculptural moderne.\",\"breadcrumb\":{\"@id\":\"https:\/\/gymfactory.eu\/fr\/produit\/colossus-trophies\/#breadcrumb\"},\"inLanguage\":\"fr-FR\",\"potentialAction\":[{\"@type\":\"ReadAction\",\"target\":[\"https:\/\/gymfactory.eu\/fr\/produit\/colossus-trophies\/\"]}]},{\"@type\":\"ImageObject\",\"inLanguage\":\"fr-FR\",\"@id\":\"https:\/\/gymfactory.eu\/fr\/produit\/colossus-trophies\/#primaryimage\",\"url\":\"https:\/\/gymfactory.eu\/wp-content\/uploads\/2025\/04\/mini-sculpture-art-bodybuilder-statues-collection.webp\",\"contentUrl\":\"https:\/\/gymfactory.eu\/wp-content\/uploads\/2025\/04\/mini-sculpture-art-bodybuilder-statues-collection.webp\",\"width\":1500,\"height\":1500,\"caption\":\"Set of three mini sculptures of flexing bodybuilders in silver, gold, and bronze finishes, each on a Gym Factory base - a bold trio for modern sculpture art lovers.\"},{\"@type\":\"BreadcrumbList\",\"@id\":\"https:\/\/gymfactory.eu\/fr\/produit\/colossus-trophies\/#breadcrumb\",\"itemListElement\":[{\"@type\":\"ListItem\",\"position\":1,\"name\":\"Home\",\"item\":\"https:\/\/gymfactory.eu\/fr\/page-principale\/\"},{\"@type\":\"ListItem\",\"position\":2,\"name\":\"Catalogue\",\"item\":\"https:\/\/gymfactory.eu\/fr\/catalogue-2\/\"},{\"@type\":\"ListItem\",\"position\":3,\"name\":\"&#8220;Colossus&#8221; Trophies\"}]},{\"@type\":\"WebSite\",\"@id\":\"https:\/\/gymfactory.eu\/fr\/#website\",\"url\":\"https:\/\/gymfactory.eu\/fr\/\",\"name\":\"Gym Factory\",\"description\":\"\",\"publisher\":{\"@id\":\"https:\/\/gymfactory.eu\/fr\/#organization\"},\"potentialAction\":[{\"@type\":\"SearchAction\",\"target\":{\"@type\":\"EntryPoint\",\"urlTemplate\":\"https:\/\/gymfactory.eu\/fr\/?s={search_term_string}\"},\"query-input\":{\"@type\":\"PropertyValueSpecification\",\"valueRequired\":true,\"valueName\":\"search_term_string\"}}],\"inLanguage\":\"fr-FR\"},{\"@type\":\"Organization\",\"@id\":\"https:\/\/gymfactory.eu\/fr\/#organization\",\"name\":\"Gym Factory\",\"url\":\"https:\/\/gymfactory.eu\/fr\/\",\"logo\":{\"@type\":\"ImageObject\",\"inLanguage\":\"fr-FR\",\"@id\":\"https:\/\/gymfactory.eu\/fr\/#\/schema\/logo\/image\/\",\"url\":\"https:\/\/gymfactory.eu\/wp-content\/uploads\/2024\/11\/Component-1.svg\",\"contentUrl\":\"https:\/\/gymfactory.eu\/wp-content\/uploads\/2024\/11\/Component-1.svg\",\"width\":54,\"height\":44,\"caption\":\"Gym Factory\"},\"image\":{\"@id\":\"https:\/\/gymfactory.eu\/fr\/#\/schema\/logo\/image\/\"}}]}<\/script>\n<!-- \/ Yoast SEO plugin. -->","yoast_head_json":{"title":"Mini Sculptures \u2013 Statue de Bodybuilder pour Amateurs d\u2019Art Sculptural","description":"Set de mini statues de bodybuilders en or, argent et bronze \u2014 design g\u00e9om\u00e9trique audacieux pour les amateurs et collectionneurs d\u2019art sculptural moderne.","robots":{"index":"index","follow":"follow","max-snippet":"max-snippet:-1","max-image-preview":"max-image-preview:large","max-video-preview":"max-video-preview:-1"},"canonical":"https:\/\/gymfactory.eu\/fr\/produit\/colossus-trophies\/","og_locale":"fr_FR","og_type":"article","og_title":"Mini Sculptures \u2013 Statue de Bodybuilder pour Amateurs d\u2019Art Sculptural","og_description":"Set de mini statues de bodybuilders en or, argent et bronze \u2014 design g\u00e9om\u00e9trique audacieux pour les amateurs et collectionneurs d\u2019art sculptural moderne.","og_url":"https:\/\/gymfactory.eu\/fr\/produit\/colossus-trophies\/","og_site_name":"Gym Factory","og_image":[{"width":1500,"height":1500,"url":"https:\/\/gymfactory.eu\/wp-content\/uploads\/2025\/04\/mini-sculpture-art-bodybuilder-statues-collection.webp","type":"image\/webp"}],"twitter_card":"summary_large_image","twitter_misc":{"Dur\u00e9e de lecture estim\u00e9e":"1 minute"},"schema":{"@context":"https:\/\/schema.org","@graph":[{"@type":"WebPage","@id":"https:\/\/gymfactory.eu\/fr\/produit\/colossus-trophies\/","url":"https:\/\/gymfactory.eu\/fr\/produit\/colossus-trophies\/","name":"Mini Sculptures \u2013 Statue de Bodybuilder pour Amateurs d\u2019Art Sculptural","isPartOf":{"@id":"https:\/\/gymfactory.eu\/fr\/#website"},"primaryImageOfPage":{"@id":"https:\/\/gymfactory.eu\/fr\/produit\/colossus-trophies\/#primaryimage"},"image":{"@id":"https:\/\/gymfactory.eu\/fr\/produit\/colossus-trophies\/#primaryimage"},"thumbnailUrl":"https:\/\/gymfactory.eu\/wp-content\/uploads\/2025\/04\/mini-sculpture-art-bodybuilder-statues-collection.webp","datePublished":"2025-04-08T07:50:52+00:00","description":"Set de mini statues de bodybuilders en or, argent et bronze \u2014 design g\u00e9om\u00e9trique audacieux pour les amateurs et collectionneurs d\u2019art sculptural moderne.","breadcrumb":{"@id":"https:\/\/gymfactory.eu\/fr\/produit\/colossus-trophies\/#breadcrumb"},"inLanguage":"fr-FR","potentialAction":[{"@type":"ReadAction","target":["https:\/\/gymfactory.eu\/fr\/produit\/colossus-trophies\/"]}]},{"@type":"ImageObject","inLanguage":"fr-FR","@id":"https:\/\/gymfactory.eu\/fr\/produit\/colossus-trophies\/#primaryimage","url":"https:\/\/gymfactory.eu\/wp-content\/uploads\/2025\/04\/mini-sculpture-art-bodybuilder-statues-collection.webp","contentUrl":"https:\/\/gymfactory.eu\/wp-content\/uploads\/2025\/04\/mini-sculpture-art-bodybuilder-statues-collection.webp","width":1500,"height":1500,"caption":"Set of three mini sculptures of flexing bodybuilders in silver, gold, and bronze finishes, each on a Gym Factory base - a bold trio for modern sculpture art lovers."},{"@type":"BreadcrumbList","@id":"https:\/\/gymfactory.eu\/fr\/produit\/colossus-trophies\/#breadcrumb","itemListElement":[{"@type":"ListItem","position":1,"name":"Home","item":"https:\/\/gymfactory.eu\/fr\/page-principale\/"},{"@type":"ListItem","position":2,"name":"Catalogue","item":"https:\/\/gymfactory.eu\/fr\/catalogue-2\/"},{"@type":"ListItem","position":3,"name":"&#8220;Colossus&#8221; Trophies"}]},{"@type":"WebSite","@id":"https:\/\/gymfactory.eu\/fr\/#website","url":"https:\/\/gymfactory.eu\/fr\/","name":"Gym Factory","description":"","publisher":{"@id":"https:\/\/gymfactory.eu\/fr\/#organization"},"potentialAction":[{"@type":"SearchAction","target":{"@type":"EntryPoint","urlTemplate":"https:\/\/gymfactory.eu\/fr\/?s={search_term_string}"},"query-input":{"@type":"PropertyValueSpecification","valueRequired":true,"valueName":"search_term_string"}}],"inLanguage":"fr-FR"},{"@type":"Organization","@id":"https:\/\/gymfactory.eu\/fr\/#organization","name":"Gym Factory","url":"https:\/\/gymfactory.eu\/fr\/","logo":{"@type":"ImageObject","inLanguage":"fr-FR","@id":"https:\/\/gymfactory.eu\/fr\/#\/schema\/logo\/image\/","url":"https:\/\/gymfactory.eu\/wp-content\/uploads\/2024\/11\/Component-1.svg","contentUrl":"https:\/\/gymfactory.eu\/wp-content\/uploads\/2024\/11\/Component-1.svg","width":54,"height":44,"caption":"Gym Factory"},"image":{"@id":"https:\/\/gymfactory.eu\/fr\/#\/schema\/logo\/image\/"}}]}},"_links":{"self":[{"href":"https:\/\/gymfactory.eu\/fr\/wp-json\/wp\/v2\/product\/29929","targetHints":{"allow":["GET"]}}],"collection":[{"href":"https:\/\/gymfactory.eu\/fr\/wp-json\/wp\/v2\/product"}],"about":[{"href":"https:\/\/gymfactory.eu\/fr\/wp-json\/wp\/v2\/types\/product"}],"wp:featuredmedia":[{"embeddable":true,"href":"https:\/\/gymfactory.eu\/fr\/wp-json\/wp\/v2\/media\/29930"}],"wp:attachment":[{"href":"https:\/\/gymfactory.eu\/fr\/wp-json\/wp\/v2\/media?parent=29929"}],"wp:term":[{"taxonomy":"product_brand","embeddable":true,"href":"https:\/\/gymfactory.eu\/fr\/wp-json\/wp\/v2\/product_brand?post=29929"},{"taxonomy":"product_cat","embeddable":true,"href":"https:\/\/gymfactory.eu\/fr\/wp-json\/wp\/v2\/product_cat?post=29929"},{"taxonomy":"product_tag","embeddable":true,"href":"https:\/\/gymfactory.eu\/fr\/wp-json\/wp\/v2\/product_tag?post=29929"}],"curies":[{"name":"wp","href":"https:\/\/api.w.org\/{rel}","templated":true}]}}