{"id":29904,"date":"2025-04-07T18:57:37","date_gmt":"2025-04-07T15:57:37","guid":{"rendered":"https:\/\/gymfactory.eu\/product\/ma1-bench-press\/"},"modified":"2025-04-07T18:57:37","modified_gmt":"2025-04-07T15:57:37","slug":"ma1-bench-press","status":"publish","type":"product","link":"https:\/\/gymfactory.eu\/fr\/produit\/ma1-bench-press\/","title":{"rendered":"mA1 Bench Press"},"content":{"rendered":"<p>Le mA1 Bench Press est une machine de musculation miniature compacte, con\u00e7ue pour les collectionneurs, les passionn\u00e9s de fitness et les amateurs de mod\u00e9lisme. Elle se distingue par sa structure rouge, son banc noir et son syst\u00e8me de supports de barre r\u00e9aliste. <\/p>\n<p>Cet accessoire de gym s\u2019int\u00e8gre parfaitement dans toute configuration de mini salle de sport ou vitrine d\u2019exposition. Il constitue \u00e9galement une excellente id\u00e9e de cadeau th\u00e9matique pour les passionn\u00e9s de fitness ou de design d\u2019\u00e9quipements sportifs.<\/p>\n\n    <div class=\"xs_social_share_widget xs_share_url after_content \t\tmain_content  wslu-style-1 wslu-share-box-shaped wslu-fill-colored wslu-none wslu-share-horizontal wslu-theme-font-no wslu-main_content\">\n\n\t\t\n        <ul>\n\t\t\t        <\/ul>\n    <\/div> \n","protected":false},"excerpt":{"rendered":"<p>Le mA1 Bench Press est une machine de musculation miniature compacte, con\u00e7ue pour les collectionneurs, les passionn\u00e9s de fitness et les amateurs de mod\u00e9lisme. Elle se distingue par sa structure rouge, son banc noir et son syst\u00e8me de supports de barre r\u00e9aliste. Cet accessoire de gym s\u2019int\u00e8gre parfaitement dans toute configuration de mini salle de [&hellip;]<\/p>\n","protected":false},"featured_media":29905,"template":"","meta":{"_acf_changed":false},"product_brand":[56],"product_cat":[829],"product_tag":[977],"class_list":{"0":"post-29904","1":"product","2":"type-product","3":"status-publish","4":"has-post-thumbnail","6":"product_brand-gym-factory","7":"product_cat-serie-mini-gym-pro","8":"product_tag-couleur-sans-couleurs","10":"first","11":"instock","12":"taxable","13":"shipping-taxable","14":"purchasable","15":"product-type-simple"},"acf":[],"yoast_head":"<!-- This site is optimized with the Yoast SEO plugin v25.2 - https:\/\/yoast.com\/wordpress\/plugins\/seo\/ -->\n<title>MA1 Bench Press Rack \u2013 Machine de musculation miniature &amp; accessoires<\/title>\n<meta name=\"description\" content=\"Am\u00e9liorez votre mini salle de sport avec le MA1 Bench Press Rack. Une machine de musculation miniature compacte et r\u00e9aliste, parfaite pour les collectionneurs et les mises en sc\u00e8ne fitness cr\u00e9atives.\" \/>\n<meta name=\"robots\" content=\"index, follow, max-snippet:-1, max-image-preview:large, max-video-preview:-1\" \/>\n<link rel=\"canonical\" href=\"https:\/\/gymfactory.eu\/fr\/produit\/ma1-bench-press\/\" \/>\n<meta property=\"og:locale\" content=\"fr_FR\" \/>\n<meta property=\"og:type\" content=\"article\" \/>\n<meta property=\"og:title\" content=\"MA1 Bench Press Rack \u2013 Machine de musculation miniature &amp; accessoires\" \/>\n<meta property=\"og:description\" content=\"Am\u00e9liorez votre mini salle de sport avec le MA1 Bench Press Rack. Une machine de musculation miniature compacte et r\u00e9aliste, parfaite pour les collectionneurs et les mises en sc\u00e8ne fitness cr\u00e9atives.\" \/>\n<meta property=\"og:url\" content=\"https:\/\/gymfactory.eu\/fr\/produit\/ma1-bench-press\/\" \/>\n<meta property=\"og:site_name\" content=\"Gym Factory\" \/>\n<meta property=\"og:image\" content=\"https:\/\/gymfactory.eu\/wp-content\/uploads\/2025\/04\/mini-gym-gym-machine-flat-bench-press-rack.webp\" \/>\n\t<meta property=\"og:image:width\" content=\"1500\" \/>\n\t<meta property=\"og:image:height\" content=\"1500\" \/>\n\t<meta property=\"og:image:type\" content=\"image\/webp\" \/>\n<meta name=\"twitter:card\" content=\"summary_large_image\" \/>\n<script type=\"application\/ld+json\" class=\"yoast-schema-graph\">{\"@context\":\"https:\/\/schema.org\",\"@graph\":[{\"@type\":\"WebPage\",\"@id\":\"https:\/\/gymfactory.eu\/fr\/produit\/ma1-bench-press\/\",\"url\":\"https:\/\/gymfactory.eu\/fr\/produit\/ma1-bench-press\/\",\"name\":\"MA1 Bench Press Rack \u2013 Machine de musculation miniature & accessoires\",\"isPartOf\":{\"@id\":\"https:\/\/gymfactory.eu\/fr\/#website\"},\"primaryImageOfPage\":{\"@id\":\"https:\/\/gymfactory.eu\/fr\/produit\/ma1-bench-press\/#primaryimage\"},\"image\":{\"@id\":\"https:\/\/gymfactory.eu\/fr\/produit\/ma1-bench-press\/#primaryimage\"},\"thumbnailUrl\":\"https:\/\/gymfactory.eu\/wp-content\/uploads\/2025\/04\/mini-gym-gym-machine-flat-bench-press-rack.webp\",\"datePublished\":\"2025-04-07T15:57:37+00:00\",\"description\":\"Am\u00e9liorez votre mini salle de sport avec le MA1 Bench Press Rack. Une machine de musculation miniature compacte et r\u00e9aliste, parfaite pour les collectionneurs et les mises en sc\u00e8ne fitness cr\u00e9atives.\",\"breadcrumb\":{\"@id\":\"https:\/\/gymfactory.eu\/fr\/produit\/ma1-bench-press\/#breadcrumb\"},\"inLanguage\":\"fr-FR\",\"potentialAction\":[{\"@type\":\"ReadAction\",\"target\":[\"https:\/\/gymfactory.eu\/fr\/produit\/ma1-bench-press\/\"]}]},{\"@type\":\"ImageObject\",\"inLanguage\":\"fr-FR\",\"@id\":\"https:\/\/gymfactory.eu\/fr\/produit\/ma1-bench-press\/#primaryimage\",\"url\":\"https:\/\/gymfactory.eu\/wp-content\/uploads\/2025\/04\/mini-gym-gym-machine-flat-bench-press-rack.webp\",\"contentUrl\":\"https:\/\/gymfactory.eu\/wp-content\/uploads\/2025\/04\/mini-gym-gym-machine-flat-bench-press-rack.webp\",\"width\":1500,\"height\":1500,\"caption\":\"Mini gym bench press rack with flat bench and red frame, ideal for gym machine collectors and gym accessories enthusiasts.\"},{\"@type\":\"BreadcrumbList\",\"@id\":\"https:\/\/gymfactory.eu\/fr\/produit\/ma1-bench-press\/#breadcrumb\",\"itemListElement\":[{\"@type\":\"ListItem\",\"position\":1,\"name\":\"Home\",\"item\":\"https:\/\/gymfactory.eu\/fr\/page-principale\/\"},{\"@type\":\"ListItem\",\"position\":2,\"name\":\"Catalogue\",\"item\":\"https:\/\/gymfactory.eu\/fr\/catalogue-2\/\"},{\"@type\":\"ListItem\",\"position\":3,\"name\":\"mA1 Bench Press\"}]},{\"@type\":\"WebSite\",\"@id\":\"https:\/\/gymfactory.eu\/fr\/#website\",\"url\":\"https:\/\/gymfactory.eu\/fr\/\",\"name\":\"Gym Factory\",\"description\":\"\",\"publisher\":{\"@id\":\"https:\/\/gymfactory.eu\/fr\/#organization\"},\"potentialAction\":[{\"@type\":\"SearchAction\",\"target\":{\"@type\":\"EntryPoint\",\"urlTemplate\":\"https:\/\/gymfactory.eu\/fr\/?s={search_term_string}\"},\"query-input\":{\"@type\":\"PropertyValueSpecification\",\"valueRequired\":true,\"valueName\":\"search_term_string\"}}],\"inLanguage\":\"fr-FR\"},{\"@type\":\"Organization\",\"@id\":\"https:\/\/gymfactory.eu\/fr\/#organization\",\"name\":\"Gym Factory\",\"url\":\"https:\/\/gymfactory.eu\/fr\/\",\"logo\":{\"@type\":\"ImageObject\",\"inLanguage\":\"fr-FR\",\"@id\":\"https:\/\/gymfactory.eu\/fr\/#\/schema\/logo\/image\/\",\"url\":\"https:\/\/gymfactory.eu\/wp-content\/uploads\/2024\/11\/Component-1.svg\",\"contentUrl\":\"https:\/\/gymfactory.eu\/wp-content\/uploads\/2024\/11\/Component-1.svg\",\"width\":54,\"height\":44,\"caption\":\"Gym Factory\"},\"image\":{\"@id\":\"https:\/\/gymfactory.eu\/fr\/#\/schema\/logo\/image\/\"}}]}<\/script>\n<!-- \/ Yoast SEO plugin. -->","yoast_head_json":{"title":"MA1 Bench Press Rack \u2013 Machine de musculation miniature & accessoires","description":"Am\u00e9liorez votre mini salle de sport avec le MA1 Bench Press Rack. Une machine de musculation miniature compacte et r\u00e9aliste, parfaite pour les collectionneurs et les mises en sc\u00e8ne fitness cr\u00e9atives.","robots":{"index":"index","follow":"follow","max-snippet":"max-snippet:-1","max-image-preview":"max-image-preview:large","max-video-preview":"max-video-preview:-1"},"canonical":"https:\/\/gymfactory.eu\/fr\/produit\/ma1-bench-press\/","og_locale":"fr_FR","og_type":"article","og_title":"MA1 Bench Press Rack \u2013 Machine de musculation miniature & accessoires","og_description":"Am\u00e9liorez votre mini salle de sport avec le MA1 Bench Press Rack. Une machine de musculation miniature compacte et r\u00e9aliste, parfaite pour les collectionneurs et les mises en sc\u00e8ne fitness cr\u00e9atives.","og_url":"https:\/\/gymfactory.eu\/fr\/produit\/ma1-bench-press\/","og_site_name":"Gym Factory","og_image":[{"width":1500,"height":1500,"url":"https:\/\/gymfactory.eu\/wp-content\/uploads\/2025\/04\/mini-gym-gym-machine-flat-bench-press-rack.webp","type":"image\/webp"}],"twitter_card":"summary_large_image","schema":{"@context":"https:\/\/schema.org","@graph":[{"@type":"WebPage","@id":"https:\/\/gymfactory.eu\/fr\/produit\/ma1-bench-press\/","url":"https:\/\/gymfactory.eu\/fr\/produit\/ma1-bench-press\/","name":"MA1 Bench Press Rack \u2013 Machine de musculation miniature & accessoires","isPartOf":{"@id":"https:\/\/gymfactory.eu\/fr\/#website"},"primaryImageOfPage":{"@id":"https:\/\/gymfactory.eu\/fr\/produit\/ma1-bench-press\/#primaryimage"},"image":{"@id":"https:\/\/gymfactory.eu\/fr\/produit\/ma1-bench-press\/#primaryimage"},"thumbnailUrl":"https:\/\/gymfactory.eu\/wp-content\/uploads\/2025\/04\/mini-gym-gym-machine-flat-bench-press-rack.webp","datePublished":"2025-04-07T15:57:37+00:00","description":"Am\u00e9liorez votre mini salle de sport avec le MA1 Bench Press Rack. Une machine de musculation miniature compacte et r\u00e9aliste, parfaite pour les collectionneurs et les mises en sc\u00e8ne fitness cr\u00e9atives.","breadcrumb":{"@id":"https:\/\/gymfactory.eu\/fr\/produit\/ma1-bench-press\/#breadcrumb"},"inLanguage":"fr-FR","potentialAction":[{"@type":"ReadAction","target":["https:\/\/gymfactory.eu\/fr\/produit\/ma1-bench-press\/"]}]},{"@type":"ImageObject","inLanguage":"fr-FR","@id":"https:\/\/gymfactory.eu\/fr\/produit\/ma1-bench-press\/#primaryimage","url":"https:\/\/gymfactory.eu\/wp-content\/uploads\/2025\/04\/mini-gym-gym-machine-flat-bench-press-rack.webp","contentUrl":"https:\/\/gymfactory.eu\/wp-content\/uploads\/2025\/04\/mini-gym-gym-machine-flat-bench-press-rack.webp","width":1500,"height":1500,"caption":"Mini gym bench press rack with flat bench and red frame, ideal for gym machine collectors and gym accessories enthusiasts."},{"@type":"BreadcrumbList","@id":"https:\/\/gymfactory.eu\/fr\/produit\/ma1-bench-press\/#breadcrumb","itemListElement":[{"@type":"ListItem","position":1,"name":"Home","item":"https:\/\/gymfactory.eu\/fr\/page-principale\/"},{"@type":"ListItem","position":2,"name":"Catalogue","item":"https:\/\/gymfactory.eu\/fr\/catalogue-2\/"},{"@type":"ListItem","position":3,"name":"mA1 Bench Press"}]},{"@type":"WebSite","@id":"https:\/\/gymfactory.eu\/fr\/#website","url":"https:\/\/gymfactory.eu\/fr\/","name":"Gym Factory","description":"","publisher":{"@id":"https:\/\/gymfactory.eu\/fr\/#organization"},"potentialAction":[{"@type":"SearchAction","target":{"@type":"EntryPoint","urlTemplate":"https:\/\/gymfactory.eu\/fr\/?s={search_term_string}"},"query-input":{"@type":"PropertyValueSpecification","valueRequired":true,"valueName":"search_term_string"}}],"inLanguage":"fr-FR"},{"@type":"Organization","@id":"https:\/\/gymfactory.eu\/fr\/#organization","name":"Gym Factory","url":"https:\/\/gymfactory.eu\/fr\/","logo":{"@type":"ImageObject","inLanguage":"fr-FR","@id":"https:\/\/gymfactory.eu\/fr\/#\/schema\/logo\/image\/","url":"https:\/\/gymfactory.eu\/wp-content\/uploads\/2024\/11\/Component-1.svg","contentUrl":"https:\/\/gymfactory.eu\/wp-content\/uploads\/2024\/11\/Component-1.svg","width":54,"height":44,"caption":"Gym Factory"},"image":{"@id":"https:\/\/gymfactory.eu\/fr\/#\/schema\/logo\/image\/"}}]}},"_links":{"self":[{"href":"https:\/\/gymfactory.eu\/fr\/wp-json\/wp\/v2\/product\/29904","targetHints":{"allow":["GET"]}}],"collection":[{"href":"https:\/\/gymfactory.eu\/fr\/wp-json\/wp\/v2\/product"}],"about":[{"href":"https:\/\/gymfactory.eu\/fr\/wp-json\/wp\/v2\/types\/product"}],"wp:featuredmedia":[{"embeddable":true,"href":"https:\/\/gymfactory.eu\/fr\/wp-json\/wp\/v2\/media\/29905"}],"wp:attachment":[{"href":"https:\/\/gymfactory.eu\/fr\/wp-json\/wp\/v2\/media?parent=29904"}],"wp:term":[{"taxonomy":"product_brand","embeddable":true,"href":"https:\/\/gymfactory.eu\/fr\/wp-json\/wp\/v2\/product_brand?post=29904"},{"taxonomy":"product_cat","embeddable":true,"href":"https:\/\/gymfactory.eu\/fr\/wp-json\/wp\/v2\/product_cat?post=29904"},{"taxonomy":"product_tag","embeddable":true,"href":"https:\/\/gymfactory.eu\/fr\/wp-json\/wp\/v2\/product_tag?post=29904"}],"curies":[{"name":"wp","href":"https:\/\/api.w.org\/{rel}","templated":true}]}}