{"id":29889,"date":"2025-04-04T11:05:43","date_gmt":"2025-04-04T08:05:43","guid":{"rendered":"https:\/\/gymfactory.eu\/product\/gfv-colossus\/"},"modified":"2025-04-04T11:05:43","modified_gmt":"2025-04-04T08:05:43","slug":"gfv-colossus","status":"publish","type":"product","link":"https:\/\/gymfactory.eu\/fr\/produit\/gfv-colossus\/","title":{"rendered":"GFV Colossus"},"content":{"rendered":"<h3><span style=\"color: #ff0000;\">\u00c0 propos de la sculpture<\/span><\/h3>\n<p>Colossus est une figure monumentale en acier, cr\u00e9\u00e9e comme un hommage \u00e0 la force, \u00e0 la discipline et \u00e0 la concentration. Con\u00e7ue dans un style polygonal, elle respecte les proportions r\u00e9elles du corps humain et d\u00e9gage une pr\u00e9sence puissante. Nous avons consacr\u00e9 12 mois \u00e0 concevoir et affiner chaque d\u00e9tail afin d\u2019obtenir une \u0153uvre alliant caract\u00e8re artistique et pr\u00e9cision technique.  <\/p>\n<h4>Ce qu\u2019elle repr\u00e9sente<\/h4>\n<p>Toutes les salles de sport ne peuvent pas accueillir Colossus. Notre vision est que <strong>seuls les 20 % des clubs les plus performants<\/strong>, r\u00e9pondant aux standards d\u2019une infrastructure sportive professionnelle, aient la possibilit\u00e9 de poss\u00e9der cette sculpture. Colossus est un symbole visible indiquant que votre club est reconnu comme un lieu op\u00e9rant au plus haut niveau et faisant partie de l\u2019\u00e9lite.  <\/p>\n<h3><span style=\"color: #ff0000;\">\u00c0 propos du projet GFV<\/span><\/h3>\n<p>GFV (Gym Factory Verified) est notre nouveau syst\u00e8me international con\u00e7u pour distinguer les salles de sport professionnelles des \u00e9tablissements standards et cr\u00e9er une r\u00e9f\u00e9rence mondiale de qualit\u00e9.<br \/>\n<strong>Notre mission<\/strong> est d\u2019apporter prestige et statut aux clubs tout en offrant aux athl\u00e8tes une plus grande confiance dans le choix de leur lieu d\u2019entra\u00eenement.<\/p>\n<h4>Le syst\u00e8me et la carte<\/h4>\n<p>Nous <strong>d\u00e9veloppons actuellement la plateforme GFV avec une carte interactive<\/strong>. Celle-ci affichera toutes les salles de sport r\u00e9pondant aux crit\u00e8res de certification. Notre objectif est de rendre ce syst\u00e8me pratique pour tous : pour les clubs souhaitant se valoriser et pour les athl\u00e8tes \u00e0 la recherche des meilleurs lieux d\u2019entra\u00eenement. Chaque club disposera de son propre compte et pourra ajouter photos, descriptions, tarifs et autres informations. Les athl\u00e8tes pourront ainsi d\u00e9couvrir rapidement des salles de qualit\u00e9 \u00e0 proximit\u00e9 gr\u00e2ce \u00e0 cette carte interactive.   <\/p>\n<h4>Avantages pour les athl\u00e8tes<\/h4>\n<p>En utilisant la plateforme GFV, les athl\u00e8tes b\u00e9n\u00e9ficieront de :<\/p>\n<p style=\"padding-left: 40px;\">\u2022 Une carte interactive avec des salles certifi\u00e9es clairement identifi\u00e9es,<br \/>\u2022 Des informations transparentes et fiables sur les services, les prix, les \u00e9quipements et les photos,<br \/>\u2022 Un gain de temps et l\u2019assurance qu\u2019une salle respecte des standards \u00e9tablis \u2014 aussi bien dans leur ville que lors de d\u00e9placements \u00e0 l\u2019\u00e9tranger.<\/p>\n<h4>Avantages pour les salles de sport<\/h4>\n<p>GFV offre aux clubs bien plus qu\u2019une simple reconnaissance :<\/p>\n<p style=\"padding-left: 40px;\">\u2022 Un avantage concurrentiel permettant de se d\u00e9marquer,<br \/>\u2022 Une r\u00e9putation durable \u2014 un statut qui renforce la confiance au fil des ann\u00e9es,<br \/>\u2022 Une visibilit\u00e9 internationale gr\u00e2ce au syst\u00e8me et \u00e0 la carte interactive,<br \/>\u2022 Un contr\u00f4le total \u2014 gestion autonome du profil, des informations et du contenu,<br \/>\u2022 Une appartenance \u00e0 une communaut\u00e9 \u2014 connexion \u00e0 un r\u00e9seau international de salles,<br \/>\u2022 Un gage de confiance d\u00e9montrant votre qualit\u00e9 et vous distinguant de la concurrence.<\/p>\n<h4>Crit\u00e8res d\u2019\u00e9valuation<\/h4>\n<p>Pour int\u00e9grer le syst\u00e8me GFV et obtenir la certification, les salles doivent r\u00e9pondre \u00e0 des exigences claires, mesurables et uniformes, appliqu\u00e9es de mani\u00e8re \u00e9quitable \u00e0 tous. Les principaux crit\u00e8res incluent : <\/p>\n<p style=\"padding-left: 40px;\">\u2022 Une surface d\u2019entra\u00eenement adapt\u00e9e et un agencement logique,<br \/>\u2022 La quantit\u00e9 requise d\u2019\u00e9quipements de musculation et de cardio,<br \/>\u2022 Le nombre requis de casiers, douches et autres installations,<br \/>\u2022 Un environnement propre, organis\u00e9 et conforme aux standards,<br \/>\u2022 Une atmosph\u00e8re professionnelle d\u00e9di\u00e9e aux athl\u00e8tes.<\/p>\n<p>Chaque club souhaitant se qualifier recevra une liste pr\u00e9cise de crit\u00e8res. Cela garantit une \u00e9valuation \u00e9quitable et coh\u00e9rente tout en aidant les salles \u00e0 identifier leurs points forts et leurs axes d\u2019am\u00e9lioration. <\/p>\n<h4>Garantie de transparence<\/h4>\n<p>Afin d\u2019\u00e9viter tout conflit d\u2019int\u00e9r\u00eat, le syst\u00e8me GFV int\u00e8gre des m\u00e9canismes garantissant une \u00e9valuation ind\u00e9pendante :<\/p>\n<p style=\"padding-left: 40px;\">\u2022 <strong>Experts ind\u00e9pendants<\/strong> \u2014 toutes les \u00e9valuations sont r\u00e9alis\u00e9es par des sp\u00e9cialistes externes sans lien avec la vente ou l\u2019\u00e9quipement,<br \/>\n\u2022 <strong>\u00c9quipe GFV distincte<\/strong> \u2014 les d\u00e9cisions sont prises par une entit\u00e9 d\u00e9di\u00e9e, totalement ind\u00e9pendante des activit\u00e9s commerciales et de production,<br \/>\n\u2022 <strong>Crit\u00e8res publics<\/strong> \u2014 des exigences clairement d\u00e9finies et appliqu\u00e9es de mani\u00e8re identique \u00e0 chaque salle,<br \/>\n\u2022 <strong>Processus objectif<\/strong> \u2014 aucun fabricant ou fournisseur d\u2019\u00e9quipements ne peut influencer les r\u00e9sultats.<\/p>\n<p><strong>Cela garantit une \u00e9valuation \u00e9quitable pour toutes les salles, sans exception.<\/strong><\/p>\n<h3><span style=\"color: #ff0000;\">Sp\u00e9cifications techniques de la sculpture Colossus<\/span><\/h3>\n<p style=\"padding-left: 40px;\">\u2022 <strong>Mat\u00e9riau<\/strong> : acier calibr\u00e9 S355<br \/>\n\u2022 <strong>\u00c9paisseur<\/strong> : 2 \u00e0 4 mm (selon la hauteur)<br \/>\n\u2022 <strong>Hauteur<\/strong> : de 230 \u00e0 500 cm<br \/>\n\u2022 <strong>Poids<\/strong> : de 110 \u00e0 500 kg<br \/>\n\u2022 <strong>Finition de surface<\/strong> : thermolaquage \u2013 vernis transparent brillant (met en valeur la texture naturelle de l\u2019acier)<br \/>\n\u2022 <strong>Installation<\/strong> : adapt\u00e9e aux espaces int\u00e9rieurs et ext\u00e9rieurs<br \/>\n\u2022 <strong>Structure<\/strong> : d\u00e9montable en 2 \u00e0 3 sections pour faciliter le transport et l\u2019installation<br \/>\n\u2022 <strong>Base<\/strong> : 4 \u00e9clairages int\u00e9gr\u00e9s r\u00e9sistants \u00e0 l\u2019eau + 4 points d\u2019ancrage pr\u00e9-perc\u00e9s<\/p>\n\n    <div class=\"xs_social_share_widget xs_share_url after_content \t\tmain_content  wslu-style-1 wslu-share-box-shaped wslu-fill-colored wslu-none wslu-share-horizontal wslu-theme-font-no wslu-main_content\">\n\n\t\t\n        <ul>\n\t\t\t        <\/ul>\n    <\/div> \n","protected":false},"excerpt":{"rendered":"<p>\u00c0 propos de la sculpture Colossus est une figure monumentale en acier, cr\u00e9\u00e9e comme un hommage \u00e0 la force, \u00e0 la discipline et \u00e0 la concentration. Con\u00e7ue dans un style polygonal, elle respecte les proportions r\u00e9elles du corps humain et d\u00e9gage une pr\u00e9sence puissante. Nous avons consacr\u00e9 12 mois \u00e0 concevoir et affiner chaque d\u00e9tail [&hellip;]<\/p>\n","protected":false},"featured_media":29890,"template":"","meta":{"_acf_changed":false},"product_brand":[56],"product_cat":[834],"product_tag":[977],"class_list":{"0":"post-29889","1":"product","2":"type-product","3":"status-publish","4":"has-post-thumbnail","6":"product_brand-gym-factory","7":"product_cat-statues","8":"product_tag-couleur-sans-couleurs","10":"first","11":"onbackorder","12":"taxable","13":"shipping-taxable","14":"purchasable","15":"product-type-variable"},"acf":[],"yoast_head":"<!-- This site is optimized with the Yoast SEO plugin v25.2 - https:\/\/yoast.com\/wordpress\/plugins\/seo\/ -->\n<title>GFV Colossus \u2013 Sculpture de bodybuilder &amp; troph\u00e9e pour salles de sport<\/title>\n<meta name=\"description\" content=\"GFV Colossus est une sculpture g\u00e9ante de bodybuilder et un troph\u00e9e pour salle de sport. Accessible uniquement sur qualification, c\u2019est un symbole de puissance r\u00e9serv\u00e9 aux meilleurs clubs \u00e0 l\u2019\u00e9chelle mondiale.\" \/>\n<meta name=\"robots\" content=\"index, follow, max-snippet:-1, max-image-preview:large, max-video-preview:-1\" \/>\n<link rel=\"canonical\" href=\"https:\/\/gymfactory.eu\/fr\/produit\/gfv-colossus\/\" \/>\n<meta property=\"og:locale\" content=\"fr_FR\" \/>\n<meta property=\"og:type\" content=\"article\" \/>\n<meta property=\"og:title\" content=\"GFV Colossus \u2013 Sculpture de bodybuilder &amp; troph\u00e9e pour salles de sport\" \/>\n<meta property=\"og:description\" content=\"GFV Colossus est une sculpture g\u00e9ante de bodybuilder et un troph\u00e9e pour salle de sport. Accessible uniquement sur qualification, c\u2019est un symbole de puissance r\u00e9serv\u00e9 aux meilleurs clubs \u00e0 l\u2019\u00e9chelle mondiale.\" \/>\n<meta property=\"og:url\" content=\"https:\/\/gymfactory.eu\/fr\/produit\/gfv-colossus\/\" \/>\n<meta property=\"og:site_name\" content=\"Gym Factory\" \/>\n<meta property=\"og:image\" content=\"https:\/\/gymfactory.eu\/wp-content\/uploads\/2025\/04\/steel-sculpture-bodybuilder-full-front.webp\" \/>\n\t<meta property=\"og:image:width\" content=\"1500\" \/>\n\t<meta property=\"og:image:height\" content=\"1500\" \/>\n\t<meta property=\"og:image:type\" content=\"image\/webp\" \/>\n<meta name=\"twitter:card\" content=\"summary_large_image\" \/>\n<meta name=\"twitter:label1\" content=\"Dur\u00e9e de lecture estim\u00e9e\" \/>\n\t<meta name=\"twitter:data1\" content=\"4 minutes\" \/>\n<script type=\"application\/ld+json\" class=\"yoast-schema-graph\">{\"@context\":\"https:\/\/schema.org\",\"@graph\":[{\"@type\":\"WebPage\",\"@id\":\"https:\/\/gymfactory.eu\/fr\/produit\/gfv-colossus\/\",\"url\":\"https:\/\/gymfactory.eu\/fr\/produit\/gfv-colossus\/\",\"name\":\"GFV Colossus \u2013 Sculpture de bodybuilder & troph\u00e9e pour salles de sport\",\"isPartOf\":{\"@id\":\"https:\/\/gymfactory.eu\/fr\/#website\"},\"primaryImageOfPage\":{\"@id\":\"https:\/\/gymfactory.eu\/fr\/produit\/gfv-colossus\/#primaryimage\"},\"image\":{\"@id\":\"https:\/\/gymfactory.eu\/fr\/produit\/gfv-colossus\/#primaryimage\"},\"thumbnailUrl\":\"https:\/\/gymfactory.eu\/wp-content\/uploads\/2025\/04\/steel-sculpture-bodybuilder-full-front.webp\",\"datePublished\":\"2025-04-04T08:05:43+00:00\",\"description\":\"GFV Colossus est une sculpture g\u00e9ante de bodybuilder et un troph\u00e9e pour salle de sport. Accessible uniquement sur qualification, c\u2019est un symbole de puissance r\u00e9serv\u00e9 aux meilleurs clubs \u00e0 l\u2019\u00e9chelle mondiale.\",\"breadcrumb\":{\"@id\":\"https:\/\/gymfactory.eu\/fr\/produit\/gfv-colossus\/#breadcrumb\"},\"inLanguage\":\"fr-FR\",\"potentialAction\":[{\"@type\":\"ReadAction\",\"target\":[\"https:\/\/gymfactory.eu\/fr\/produit\/gfv-colossus\/\"]}]},{\"@type\":\"ImageObject\",\"inLanguage\":\"fr-FR\",\"@id\":\"https:\/\/gymfactory.eu\/fr\/produit\/gfv-colossus\/#primaryimage\",\"url\":\"https:\/\/gymfactory.eu\/wp-content\/uploads\/2025\/04\/steel-sculpture-bodybuilder-full-front.webp\",\"contentUrl\":\"https:\/\/gymfactory.eu\/wp-content\/uploads\/2025\/04\/steel-sculpture-bodybuilder-full-front.webp\",\"width\":1500,\"height\":1500,\"caption\":\"Front view of a steel sculpture showing a muscular figure in a classic flexing pose, crafted with industrial precision.\"},{\"@type\":\"BreadcrumbList\",\"@id\":\"https:\/\/gymfactory.eu\/fr\/produit\/gfv-colossus\/#breadcrumb\",\"itemListElement\":[{\"@type\":\"ListItem\",\"position\":1,\"name\":\"Home\",\"item\":\"https:\/\/gymfactory.eu\/fr\/page-principale\/\"},{\"@type\":\"ListItem\",\"position\":2,\"name\":\"Catalogue\",\"item\":\"https:\/\/gymfactory.eu\/fr\/catalogue-2\/\"},{\"@type\":\"ListItem\",\"position\":3,\"name\":\"GFV Colossus\"}]},{\"@type\":\"WebSite\",\"@id\":\"https:\/\/gymfactory.eu\/fr\/#website\",\"url\":\"https:\/\/gymfactory.eu\/fr\/\",\"name\":\"Gym Factory\",\"description\":\"\",\"publisher\":{\"@id\":\"https:\/\/gymfactory.eu\/fr\/#organization\"},\"potentialAction\":[{\"@type\":\"SearchAction\",\"target\":{\"@type\":\"EntryPoint\",\"urlTemplate\":\"https:\/\/gymfactory.eu\/fr\/?s={search_term_string}\"},\"query-input\":{\"@type\":\"PropertyValueSpecification\",\"valueRequired\":true,\"valueName\":\"search_term_string\"}}],\"inLanguage\":\"fr-FR\"},{\"@type\":\"Organization\",\"@id\":\"https:\/\/gymfactory.eu\/fr\/#organization\",\"name\":\"Gym Factory\",\"url\":\"https:\/\/gymfactory.eu\/fr\/\",\"logo\":{\"@type\":\"ImageObject\",\"inLanguage\":\"fr-FR\",\"@id\":\"https:\/\/gymfactory.eu\/fr\/#\/schema\/logo\/image\/\",\"url\":\"https:\/\/gymfactory.eu\/wp-content\/uploads\/2024\/11\/Component-1.svg\",\"contentUrl\":\"https:\/\/gymfactory.eu\/wp-content\/uploads\/2024\/11\/Component-1.svg\",\"width\":54,\"height\":44,\"caption\":\"Gym Factory\"},\"image\":{\"@id\":\"https:\/\/gymfactory.eu\/fr\/#\/schema\/logo\/image\/\"}}]}<\/script>\n<!-- \/ Yoast SEO plugin. -->","yoast_head_json":{"title":"GFV Colossus \u2013 Sculpture de bodybuilder & troph\u00e9e pour salles de sport","description":"GFV Colossus est une sculpture g\u00e9ante de bodybuilder et un troph\u00e9e pour salle de sport. Accessible uniquement sur qualification, c\u2019est un symbole de puissance r\u00e9serv\u00e9 aux meilleurs clubs \u00e0 l\u2019\u00e9chelle mondiale.","robots":{"index":"index","follow":"follow","max-snippet":"max-snippet:-1","max-image-preview":"max-image-preview:large","max-video-preview":"max-video-preview:-1"},"canonical":"https:\/\/gymfactory.eu\/fr\/produit\/gfv-colossus\/","og_locale":"fr_FR","og_type":"article","og_title":"GFV Colossus \u2013 Sculpture de bodybuilder & troph\u00e9e pour salles de sport","og_description":"GFV Colossus est une sculpture g\u00e9ante de bodybuilder et un troph\u00e9e pour salle de sport. Accessible uniquement sur qualification, c\u2019est un symbole de puissance r\u00e9serv\u00e9 aux meilleurs clubs \u00e0 l\u2019\u00e9chelle mondiale.","og_url":"https:\/\/gymfactory.eu\/fr\/produit\/gfv-colossus\/","og_site_name":"Gym Factory","og_image":[{"width":1500,"height":1500,"url":"https:\/\/gymfactory.eu\/wp-content\/uploads\/2025\/04\/steel-sculpture-bodybuilder-full-front.webp","type":"image\/webp"}],"twitter_card":"summary_large_image","twitter_misc":{"Dur\u00e9e de lecture estim\u00e9e":"4 minutes"},"schema":{"@context":"https:\/\/schema.org","@graph":[{"@type":"WebPage","@id":"https:\/\/gymfactory.eu\/fr\/produit\/gfv-colossus\/","url":"https:\/\/gymfactory.eu\/fr\/produit\/gfv-colossus\/","name":"GFV Colossus \u2013 Sculpture de bodybuilder & troph\u00e9e pour salles de sport","isPartOf":{"@id":"https:\/\/gymfactory.eu\/fr\/#website"},"primaryImageOfPage":{"@id":"https:\/\/gymfactory.eu\/fr\/produit\/gfv-colossus\/#primaryimage"},"image":{"@id":"https:\/\/gymfactory.eu\/fr\/produit\/gfv-colossus\/#primaryimage"},"thumbnailUrl":"https:\/\/gymfactory.eu\/wp-content\/uploads\/2025\/04\/steel-sculpture-bodybuilder-full-front.webp","datePublished":"2025-04-04T08:05:43+00:00","description":"GFV Colossus est une sculpture g\u00e9ante de bodybuilder et un troph\u00e9e pour salle de sport. Accessible uniquement sur qualification, c\u2019est un symbole de puissance r\u00e9serv\u00e9 aux meilleurs clubs \u00e0 l\u2019\u00e9chelle mondiale.","breadcrumb":{"@id":"https:\/\/gymfactory.eu\/fr\/produit\/gfv-colossus\/#breadcrumb"},"inLanguage":"fr-FR","potentialAction":[{"@type":"ReadAction","target":["https:\/\/gymfactory.eu\/fr\/produit\/gfv-colossus\/"]}]},{"@type":"ImageObject","inLanguage":"fr-FR","@id":"https:\/\/gymfactory.eu\/fr\/produit\/gfv-colossus\/#primaryimage","url":"https:\/\/gymfactory.eu\/wp-content\/uploads\/2025\/04\/steel-sculpture-bodybuilder-full-front.webp","contentUrl":"https:\/\/gymfactory.eu\/wp-content\/uploads\/2025\/04\/steel-sculpture-bodybuilder-full-front.webp","width":1500,"height":1500,"caption":"Front view of a steel sculpture showing a muscular figure in a classic flexing pose, crafted with industrial precision."},{"@type":"BreadcrumbList","@id":"https:\/\/gymfactory.eu\/fr\/produit\/gfv-colossus\/#breadcrumb","itemListElement":[{"@type":"ListItem","position":1,"name":"Home","item":"https:\/\/gymfactory.eu\/fr\/page-principale\/"},{"@type":"ListItem","position":2,"name":"Catalogue","item":"https:\/\/gymfactory.eu\/fr\/catalogue-2\/"},{"@type":"ListItem","position":3,"name":"GFV Colossus"}]},{"@type":"WebSite","@id":"https:\/\/gymfactory.eu\/fr\/#website","url":"https:\/\/gymfactory.eu\/fr\/","name":"Gym Factory","description":"","publisher":{"@id":"https:\/\/gymfactory.eu\/fr\/#organization"},"potentialAction":[{"@type":"SearchAction","target":{"@type":"EntryPoint","urlTemplate":"https:\/\/gymfactory.eu\/fr\/?s={search_term_string}"},"query-input":{"@type":"PropertyValueSpecification","valueRequired":true,"valueName":"search_term_string"}}],"inLanguage":"fr-FR"},{"@type":"Organization","@id":"https:\/\/gymfactory.eu\/fr\/#organization","name":"Gym Factory","url":"https:\/\/gymfactory.eu\/fr\/","logo":{"@type":"ImageObject","inLanguage":"fr-FR","@id":"https:\/\/gymfactory.eu\/fr\/#\/schema\/logo\/image\/","url":"https:\/\/gymfactory.eu\/wp-content\/uploads\/2024\/11\/Component-1.svg","contentUrl":"https:\/\/gymfactory.eu\/wp-content\/uploads\/2024\/11\/Component-1.svg","width":54,"height":44,"caption":"Gym Factory"},"image":{"@id":"https:\/\/gymfactory.eu\/fr\/#\/schema\/logo\/image\/"}}]}},"_links":{"self":[{"href":"https:\/\/gymfactory.eu\/fr\/wp-json\/wp\/v2\/product\/29889","targetHints":{"allow":["GET"]}}],"collection":[{"href":"https:\/\/gymfactory.eu\/fr\/wp-json\/wp\/v2\/product"}],"about":[{"href":"https:\/\/gymfactory.eu\/fr\/wp-json\/wp\/v2\/types\/product"}],"wp:featuredmedia":[{"embeddable":true,"href":"https:\/\/gymfactory.eu\/fr\/wp-json\/wp\/v2\/media\/29890"}],"wp:attachment":[{"href":"https:\/\/gymfactory.eu\/fr\/wp-json\/wp\/v2\/media?parent=29889"}],"wp:term":[{"taxonomy":"product_brand","embeddable":true,"href":"https:\/\/gymfactory.eu\/fr\/wp-json\/wp\/v2\/product_brand?post=29889"},{"taxonomy":"product_cat","embeddable":true,"href":"https:\/\/gymfactory.eu\/fr\/wp-json\/wp\/v2\/product_cat?post=29889"},{"taxonomy":"product_tag","embeddable":true,"href":"https:\/\/gymfactory.eu\/fr\/wp-json\/wp\/v2\/product_tag?post=29889"}],"curies":[{"name":"wp","href":"https:\/\/api.w.org\/{rel}","templated":true}]}}