{"id":29879,"date":"2025-03-17T08:08:31","date_gmt":"2025-03-17T06:08:31","guid":{"rendered":"https:\/\/gymfactory.eu\/product\/ensemble-de-casiers-q2\/"},"modified":"2025-03-17T08:08:31","modified_gmt":"2025-03-17T06:08:31","slug":"ensemble-de-casiers-q2","status":"publish","type":"product","link":"https:\/\/gymfactory.eu\/fr\/produit\/ensemble-de-casiers-q2\/","title":{"rendered":"Ensemble de Casiers Q2"},"content":{"rendered":"<p>Ajoutez de la structure et de la fonctionnalit\u00e9 \u00e0 votre vestiaire de salle de sport avec cet ensemble de casiers pratique, combinant rangement s\u00e9curis\u00e9 et assise en une seule unit\u00e9.<\/p>\n<p>L\u2019ensemble comprend :<\/p>\n<p>Casier:<br \/>\n \u2022 Dimensions : 41 cm (L) x 80 cm (l) x 180 cm (H)<br \/>\n \u2022 Plusieurs compartiments pour ranger les effets personnels en toute s\u00e9curit\u00e9.<\/p>\n<p>Banc:<br \/>\n \u2022 Dimensions : 75 cm (L) x 80 cm (l) x 42 cm (H)<br \/>\n \u2022 Offre une assise confortable pour se changer ou se reposer.<\/p>\n<p>Dimensions globales:<br \/>\n \u2022 Taille combin\u00e9e : 75 cm (L) x 80 cm (l) x 222 cm (H)<br \/>\n \u2022 Con\u00e7u pour une utilisation optimale de l\u2019espace dans les vestiaires de salle de sport.<\/p>\n<p>L\u2019ensemble de casiers est dot\u00e9 d\u2019une structure en bois durable, adapt\u00e9e aux centres de fitness, aux \u00e9coles ou aux home gyms. Il offre une solution de rangement organis\u00e9e et peu encombrante, avec une apparence propre et professionnelle.<\/p>\n\n    <div class=\"xs_social_share_widget xs_share_url after_content \t\tmain_content  wslu-style-1 wslu-share-box-shaped wslu-fill-colored wslu-none wslu-share-horizontal wslu-theme-font-no wslu-main_content\">\n\n\t\t\n        <ul>\n\t\t\t        <\/ul>\n    <\/div> \n","protected":false},"excerpt":{"rendered":"<p>Ajoutez de la structure et de la fonctionnalit\u00e9 \u00e0 votre vestiaire de salle de sport avec cet ensemble de casiers pratique, combinant rangement s\u00e9curis\u00e9 et assise en une seule unit\u00e9. L\u2019ensemble comprend : Casier: \u2022 Dimensions : 41 cm (L) x 80 cm (l) x 180 cm (H) \u2022 Plusieurs compartiments pour ranger les effets [&hellip;]<\/p>\n","protected":false},"featured_media":29880,"template":"","meta":{"_acf_changed":false},"product_brand":[56],"product_cat":[828],"product_tag":[977],"class_list":{"0":"post-29879","1":"product","2":"type-product","3":"status-publish","4":"has-post-thumbnail","6":"product_brand-gym-factory","7":"product_cat-equipements-pour-vestiaires","8":"product_tag-couleur-sans-couleurs","10":"first","11":"onbackorder","12":"taxable","13":"shipping-taxable","14":"purchasable","15":"product-type-simple"},"acf":[],"yoast_head":"<!-- This site is optimized with the Yoast SEO plugin v25.2 - https:\/\/yoast.com\/wordpress\/plugins\/seo\/ -->\n<title>Ensemble de Casiers Q2 Durable pour un Vestiaire de Salle de Sport Bien Organis\u00e9<\/title>\n<meta name=\"description\" content=\"L\u2019ensemble de casiers Q2 offre un rangement s\u00e9curis\u00e9 et durable pour garder votre vestiaire de salle de sport organis\u00e9, efficace et \u00e9l\u00e9gant tout en optimisant l\u2019espace.\" \/>\n<meta name=\"robots\" content=\"index, follow, max-snippet:-1, max-image-preview:large, max-video-preview:-1\" \/>\n<link rel=\"canonical\" href=\"https:\/\/gymfactory.eu\/fr\/produit\/ensemble-de-casiers-q2\/\" \/>\n<meta property=\"og:locale\" content=\"fr_FR\" \/>\n<meta property=\"og:type\" content=\"article\" \/>\n<meta property=\"og:title\" content=\"Ensemble de Casiers Q2 Durable pour un Vestiaire de Salle de Sport Bien Organis\u00e9\" \/>\n<meta property=\"og:description\" content=\"L\u2019ensemble de casiers Q2 offre un rangement s\u00e9curis\u00e9 et durable pour garder votre vestiaire de salle de sport organis\u00e9, efficace et \u00e9l\u00e9gant tout en optimisant l\u2019espace.\" \/>\n<meta property=\"og:url\" content=\"https:\/\/gymfactory.eu\/fr\/produit\/ensemble-de-casiers-q2\/\" \/>\n<meta property=\"og:site_name\" content=\"Gym Factory\" \/>\n<meta property=\"og:image\" content=\"https:\/\/gymfactory.eu\/wp-content\/uploads\/2025\/03\/cabinet-set-Q2-1.webp\" \/>\n\t<meta property=\"og:image:width\" content=\"1500\" \/>\n\t<meta property=\"og:image:height\" content=\"1500\" \/>\n\t<meta property=\"og:image:type\" content=\"image\/webp\" \/>\n<meta name=\"twitter:card\" content=\"summary_large_image\" \/>\n<meta name=\"twitter:label1\" content=\"Dur\u00e9e de lecture estim\u00e9e\" \/>\n\t<meta name=\"twitter:data1\" content=\"1 minute\" \/>\n<script type=\"application\/ld+json\" class=\"yoast-schema-graph\">{\"@context\":\"https:\/\/schema.org\",\"@graph\":[{\"@type\":\"WebPage\",\"@id\":\"https:\/\/gymfactory.eu\/fr\/produit\/ensemble-de-casiers-q2\/\",\"url\":\"https:\/\/gymfactory.eu\/fr\/produit\/ensemble-de-casiers-q2\/\",\"name\":\"Ensemble de Casiers Q2 Durable pour un Vestiaire de Salle de Sport Bien Organis\u00e9\",\"isPartOf\":{\"@id\":\"https:\/\/gymfactory.eu\/fr\/#website\"},\"primaryImageOfPage\":{\"@id\":\"https:\/\/gymfactory.eu\/fr\/produit\/ensemble-de-casiers-q2\/#primaryimage\"},\"image\":{\"@id\":\"https:\/\/gymfactory.eu\/fr\/produit\/ensemble-de-casiers-q2\/#primaryimage\"},\"thumbnailUrl\":\"https:\/\/gymfactory.eu\/wp-content\/uploads\/2025\/03\/cabinet-set-Q2-1.webp\",\"datePublished\":\"2025-03-17T06:08:31+00:00\",\"description\":\"L\u2019ensemble de casiers Q2 offre un rangement s\u00e9curis\u00e9 et durable pour garder votre vestiaire de salle de sport organis\u00e9, efficace et \u00e9l\u00e9gant tout en optimisant l\u2019espace.\",\"breadcrumb\":{\"@id\":\"https:\/\/gymfactory.eu\/fr\/produit\/ensemble-de-casiers-q2\/#breadcrumb\"},\"inLanguage\":\"fr-FR\",\"potentialAction\":[{\"@type\":\"ReadAction\",\"target\":[\"https:\/\/gymfactory.eu\/fr\/produit\/ensemble-de-casiers-q2\/\"]}]},{\"@type\":\"ImageObject\",\"inLanguage\":\"fr-FR\",\"@id\":\"https:\/\/gymfactory.eu\/fr\/produit\/ensemble-de-casiers-q2\/#primaryimage\",\"url\":\"https:\/\/gymfactory.eu\/wp-content\/uploads\/2025\/03\/cabinet-set-Q2-1.webp\",\"contentUrl\":\"https:\/\/gymfactory.eu\/wp-content\/uploads\/2025\/03\/cabinet-set-Q2-1.webp\",\"width\":1500,\"height\":1500,\"caption\":\"A sleek and modern cabinet set designed for a gym locker room, featuring a black and red color scheme. The left side of the image displays the cabinet with closed doors, while the right side shows the same cabinet with open doors, revealing multiple interior compartments for organized storage. The cabinet is elevated with a built-in bench, providing a practical space for users to sit while accessing their belongings.\"},{\"@type\":\"BreadcrumbList\",\"@id\":\"https:\/\/gymfactory.eu\/fr\/produit\/ensemble-de-casiers-q2\/#breadcrumb\",\"itemListElement\":[{\"@type\":\"ListItem\",\"position\":1,\"name\":\"Home\",\"item\":\"https:\/\/gymfactory.eu\/fr\/page-principale\/\"},{\"@type\":\"ListItem\",\"position\":2,\"name\":\"Catalogue\",\"item\":\"https:\/\/gymfactory.eu\/fr\/catalogue-2\/\"},{\"@type\":\"ListItem\",\"position\":3,\"name\":\"Ensemble de Casiers Q2\"}]},{\"@type\":\"WebSite\",\"@id\":\"https:\/\/gymfactory.eu\/fr\/#website\",\"url\":\"https:\/\/gymfactory.eu\/fr\/\",\"name\":\"Gym Factory\",\"description\":\"\",\"publisher\":{\"@id\":\"https:\/\/gymfactory.eu\/fr\/#organization\"},\"potentialAction\":[{\"@type\":\"SearchAction\",\"target\":{\"@type\":\"EntryPoint\",\"urlTemplate\":\"https:\/\/gymfactory.eu\/fr\/?s={search_term_string}\"},\"query-input\":{\"@type\":\"PropertyValueSpecification\",\"valueRequired\":true,\"valueName\":\"search_term_string\"}}],\"inLanguage\":\"fr-FR\"},{\"@type\":\"Organization\",\"@id\":\"https:\/\/gymfactory.eu\/fr\/#organization\",\"name\":\"Gym Factory\",\"url\":\"https:\/\/gymfactory.eu\/fr\/\",\"logo\":{\"@type\":\"ImageObject\",\"inLanguage\":\"fr-FR\",\"@id\":\"https:\/\/gymfactory.eu\/fr\/#\/schema\/logo\/image\/\",\"url\":\"https:\/\/gymfactory.eu\/wp-content\/uploads\/2024\/11\/Component-1.svg\",\"contentUrl\":\"https:\/\/gymfactory.eu\/wp-content\/uploads\/2024\/11\/Component-1.svg\",\"width\":54,\"height\":44,\"caption\":\"Gym Factory\"},\"image\":{\"@id\":\"https:\/\/gymfactory.eu\/fr\/#\/schema\/logo\/image\/\"}}]}<\/script>\n<!-- \/ Yoast SEO plugin. -->","yoast_head_json":{"title":"Ensemble de Casiers Q2 Durable pour un Vestiaire de Salle de Sport Bien Organis\u00e9","description":"L\u2019ensemble de casiers Q2 offre un rangement s\u00e9curis\u00e9 et durable pour garder votre vestiaire de salle de sport organis\u00e9, efficace et \u00e9l\u00e9gant tout en optimisant l\u2019espace.","robots":{"index":"index","follow":"follow","max-snippet":"max-snippet:-1","max-image-preview":"max-image-preview:large","max-video-preview":"max-video-preview:-1"},"canonical":"https:\/\/gymfactory.eu\/fr\/produit\/ensemble-de-casiers-q2\/","og_locale":"fr_FR","og_type":"article","og_title":"Ensemble de Casiers Q2 Durable pour un Vestiaire de Salle de Sport Bien Organis\u00e9","og_description":"L\u2019ensemble de casiers Q2 offre un rangement s\u00e9curis\u00e9 et durable pour garder votre vestiaire de salle de sport organis\u00e9, efficace et \u00e9l\u00e9gant tout en optimisant l\u2019espace.","og_url":"https:\/\/gymfactory.eu\/fr\/produit\/ensemble-de-casiers-q2\/","og_site_name":"Gym Factory","og_image":[{"width":1500,"height":1500,"url":"https:\/\/gymfactory.eu\/wp-content\/uploads\/2025\/03\/cabinet-set-Q2-1.webp","type":"image\/webp"}],"twitter_card":"summary_large_image","twitter_misc":{"Dur\u00e9e de lecture estim\u00e9e":"1 minute"},"schema":{"@context":"https:\/\/schema.org","@graph":[{"@type":"WebPage","@id":"https:\/\/gymfactory.eu\/fr\/produit\/ensemble-de-casiers-q2\/","url":"https:\/\/gymfactory.eu\/fr\/produit\/ensemble-de-casiers-q2\/","name":"Ensemble de Casiers Q2 Durable pour un Vestiaire de Salle de Sport Bien Organis\u00e9","isPartOf":{"@id":"https:\/\/gymfactory.eu\/fr\/#website"},"primaryImageOfPage":{"@id":"https:\/\/gymfactory.eu\/fr\/produit\/ensemble-de-casiers-q2\/#primaryimage"},"image":{"@id":"https:\/\/gymfactory.eu\/fr\/produit\/ensemble-de-casiers-q2\/#primaryimage"},"thumbnailUrl":"https:\/\/gymfactory.eu\/wp-content\/uploads\/2025\/03\/cabinet-set-Q2-1.webp","datePublished":"2025-03-17T06:08:31+00:00","description":"L\u2019ensemble de casiers Q2 offre un rangement s\u00e9curis\u00e9 et durable pour garder votre vestiaire de salle de sport organis\u00e9, efficace et \u00e9l\u00e9gant tout en optimisant l\u2019espace.","breadcrumb":{"@id":"https:\/\/gymfactory.eu\/fr\/produit\/ensemble-de-casiers-q2\/#breadcrumb"},"inLanguage":"fr-FR","potentialAction":[{"@type":"ReadAction","target":["https:\/\/gymfactory.eu\/fr\/produit\/ensemble-de-casiers-q2\/"]}]},{"@type":"ImageObject","inLanguage":"fr-FR","@id":"https:\/\/gymfactory.eu\/fr\/produit\/ensemble-de-casiers-q2\/#primaryimage","url":"https:\/\/gymfactory.eu\/wp-content\/uploads\/2025\/03\/cabinet-set-Q2-1.webp","contentUrl":"https:\/\/gymfactory.eu\/wp-content\/uploads\/2025\/03\/cabinet-set-Q2-1.webp","width":1500,"height":1500,"caption":"A sleek and modern cabinet set designed for a gym locker room, featuring a black and red color scheme. The left side of the image displays the cabinet with closed doors, while the right side shows the same cabinet with open doors, revealing multiple interior compartments for organized storage. The cabinet is elevated with a built-in bench, providing a practical space for users to sit while accessing their belongings."},{"@type":"BreadcrumbList","@id":"https:\/\/gymfactory.eu\/fr\/produit\/ensemble-de-casiers-q2\/#breadcrumb","itemListElement":[{"@type":"ListItem","position":1,"name":"Home","item":"https:\/\/gymfactory.eu\/fr\/page-principale\/"},{"@type":"ListItem","position":2,"name":"Catalogue","item":"https:\/\/gymfactory.eu\/fr\/catalogue-2\/"},{"@type":"ListItem","position":3,"name":"Ensemble de Casiers Q2"}]},{"@type":"WebSite","@id":"https:\/\/gymfactory.eu\/fr\/#website","url":"https:\/\/gymfactory.eu\/fr\/","name":"Gym Factory","description":"","publisher":{"@id":"https:\/\/gymfactory.eu\/fr\/#organization"},"potentialAction":[{"@type":"SearchAction","target":{"@type":"EntryPoint","urlTemplate":"https:\/\/gymfactory.eu\/fr\/?s={search_term_string}"},"query-input":{"@type":"PropertyValueSpecification","valueRequired":true,"valueName":"search_term_string"}}],"inLanguage":"fr-FR"},{"@type":"Organization","@id":"https:\/\/gymfactory.eu\/fr\/#organization","name":"Gym Factory","url":"https:\/\/gymfactory.eu\/fr\/","logo":{"@type":"ImageObject","inLanguage":"fr-FR","@id":"https:\/\/gymfactory.eu\/fr\/#\/schema\/logo\/image\/","url":"https:\/\/gymfactory.eu\/wp-content\/uploads\/2024\/11\/Component-1.svg","contentUrl":"https:\/\/gymfactory.eu\/wp-content\/uploads\/2024\/11\/Component-1.svg","width":54,"height":44,"caption":"Gym Factory"},"image":{"@id":"https:\/\/gymfactory.eu\/fr\/#\/schema\/logo\/image\/"}}]}},"_links":{"self":[{"href":"https:\/\/gymfactory.eu\/fr\/wp-json\/wp\/v2\/product\/29879","targetHints":{"allow":["GET"]}}],"collection":[{"href":"https:\/\/gymfactory.eu\/fr\/wp-json\/wp\/v2\/product"}],"about":[{"href":"https:\/\/gymfactory.eu\/fr\/wp-json\/wp\/v2\/types\/product"}],"wp:featuredmedia":[{"embeddable":true,"href":"https:\/\/gymfactory.eu\/fr\/wp-json\/wp\/v2\/media\/29880"}],"wp:attachment":[{"href":"https:\/\/gymfactory.eu\/fr\/wp-json\/wp\/v2\/media?parent=29879"}],"wp:term":[{"taxonomy":"product_brand","embeddable":true,"href":"https:\/\/gymfactory.eu\/fr\/wp-json\/wp\/v2\/product_brand?post=29879"},{"taxonomy":"product_cat","embeddable":true,"href":"https:\/\/gymfactory.eu\/fr\/wp-json\/wp\/v2\/product_cat?post=29879"},{"taxonomy":"product_tag","embeddable":true,"href":"https:\/\/gymfactory.eu\/fr\/wp-json\/wp\/v2\/product_tag?post=29879"}],"curies":[{"name":"wp","href":"https:\/\/api.w.org\/{rel}","templated":true}]}}