{"id":29877,"date":"2025-03-06T09:51:40","date_gmt":"2025-03-06T07:51:40","guid":{"rendered":"https:\/\/gymfactory.eu\/product\/colliers-de-serrage-z03xxxg2\/"},"modified":"2025-03-06T09:51:40","modified_gmt":"2025-03-06T07:51:40","slug":"colliers-de-serrage-z03xxxg2","status":"publish","type":"product","link":"https:\/\/gymfactory.eu\/fr\/produit\/colliers-de-serrage-z03xxxg2\/","title":{"rendered":"Colliers de Serrage Z03XXXG2"},"content":{"rendered":"<p>Les colliers de serrage Z03XXXG2 sont des attaches \u00e0 verrouillage rapide con\u00e7ues pour maintenir les disques de poids solidement en place pendant l\u2019entra\u00eenement. Id\u00e9aux pour toute configuration de salle de sport, ces colliers disposent d\u2019un m\u00e9canisme de verrouillage rapide qui permet une manipulation facile d\u2019une seule main \u2014 fixez-les ou retirez-les en quelques secondes. <\/p>\n<p>C\u2019est un \u00e9quipement de musculation fiable et efficace, garantissant \u00e0 la fois s\u00e9curit\u00e9 et rapidit\u00e9 lors des exercices \u00e0 la barre.<\/p>\n\n    <div class=\"xs_social_share_widget xs_share_url after_content \t\tmain_content  wslu-style-1 wslu-share-box-shaped wslu-fill-colored wslu-none wslu-share-horizontal wslu-theme-font-no wslu-main_content\">\n\n\t\t\n        <ul>\n\t\t\t        <\/ul>\n    <\/div> \n","protected":false},"excerpt":{"rendered":"<p>Les colliers de serrage Z03XXXG2 sont des attaches \u00e0 verrouillage rapide con\u00e7ues pour maintenir les disques de poids solidement en place pendant l\u2019entra\u00eenement. Id\u00e9aux pour toute configuration de salle de sport, ces colliers disposent d\u2019un m\u00e9canisme de verrouillage rapide qui permet une manipulation facile d\u2019une seule main \u2014 fixez-les ou retirez-les en quelques secondes. C\u2019est [&hellip;]<\/p>\n","protected":false},"featured_media":29878,"template":"","meta":{"_acf_changed":false},"product_brand":[56],"product_cat":[824],"product_tag":[977],"class_list":{"0":"post-29877","1":"product","2":"type-product","3":"status-publish","4":"has-post-thumbnail","6":"product_brand-gym-factory","7":"product_cat-barres-et-disques","8":"product_tag-couleur-sans-couleurs","10":"first","11":"onbackorder","12":"taxable","13":"shipping-taxable","14":"purchasable","15":"product-type-simple"},"acf":[],"yoast_head":"<!-- This site is optimized with the Yoast SEO plugin v25.2 - https:\/\/yoast.com\/wordpress\/plugins\/seo\/ -->\n<title>Colliers de Serrage Z03XXXG2 \u2013 \u00c9quipement S\u00e9curis\u00e9 pour la Musculation<\/title>\n<meta name=\"description\" content=\"Optimisez votre configuration de salle de sport avec les colliers de serrage Z03XXXG2. Cet \u00e9quipement de musculation maintient vos disques verrouill\u00e9s en place pour des entra\u00eenements plus s\u00fbrs.\" \/>\n<meta name=\"robots\" content=\"index, follow, max-snippet:-1, max-image-preview:large, max-video-preview:-1\" \/>\n<link rel=\"canonical\" href=\"https:\/\/gymfactory.eu\/fr\/produit\/colliers-de-serrage-z03xxxg2\/\" \/>\n<meta property=\"og:locale\" content=\"fr_FR\" \/>\n<meta property=\"og:type\" content=\"article\" \/>\n<meta property=\"og:title\" content=\"Colliers de Serrage Z03XXXG2 \u2013 \u00c9quipement S\u00e9curis\u00e9 pour la Musculation\" \/>\n<meta property=\"og:description\" content=\"Optimisez votre configuration de salle de sport avec les colliers de serrage Z03XXXG2. Cet \u00e9quipement de musculation maintient vos disques verrouill\u00e9s en place pour des entra\u00eenements plus s\u00fbrs.\" \/>\n<meta property=\"og:url\" content=\"https:\/\/gymfactory.eu\/fr\/produit\/colliers-de-serrage-z03xxxg2\/\" \/>\n<meta property=\"og:site_name\" content=\"Gym Factory\" \/>\n<meta property=\"og:image\" content=\"https:\/\/gymfactory.eu\/wp-content\/uploads\/2025\/03\/equipment-for-weight-training-locking-barbell-collars-1.webp\" \/>\n\t<meta property=\"og:image:width\" content=\"1500\" \/>\n\t<meta property=\"og:image:height\" content=\"1500\" \/>\n\t<meta property=\"og:image:type\" content=\"image\/webp\" \/>\n<meta name=\"twitter:card\" content=\"summary_large_image\" \/>\n<script type=\"application\/ld+json\" class=\"yoast-schema-graph\">{\"@context\":\"https:\/\/schema.org\",\"@graph\":[{\"@type\":\"WebPage\",\"@id\":\"https:\/\/gymfactory.eu\/fr\/produit\/colliers-de-serrage-z03xxxg2\/\",\"url\":\"https:\/\/gymfactory.eu\/fr\/produit\/colliers-de-serrage-z03xxxg2\/\",\"name\":\"Colliers de Serrage Z03XXXG2 \u2013 \u00c9quipement S\u00e9curis\u00e9 pour la Musculation\",\"isPartOf\":{\"@id\":\"https:\/\/gymfactory.eu\/fr\/#website\"},\"primaryImageOfPage\":{\"@id\":\"https:\/\/gymfactory.eu\/fr\/produit\/colliers-de-serrage-z03xxxg2\/#primaryimage\"},\"image\":{\"@id\":\"https:\/\/gymfactory.eu\/fr\/produit\/colliers-de-serrage-z03xxxg2\/#primaryimage\"},\"thumbnailUrl\":\"https:\/\/gymfactory.eu\/wp-content\/uploads\/2025\/03\/equipment-for-weight-training-locking-barbell-collars-1.webp\",\"datePublished\":\"2025-03-06T07:51:40+00:00\",\"description\":\"Optimisez votre configuration de salle de sport avec les colliers de serrage Z03XXXG2. Cet \u00e9quipement de musculation maintient vos disques verrouill\u00e9s en place pour des entra\u00eenements plus s\u00fbrs.\",\"breadcrumb\":{\"@id\":\"https:\/\/gymfactory.eu\/fr\/produit\/colliers-de-serrage-z03xxxg2\/#breadcrumb\"},\"inLanguage\":\"fr-FR\",\"potentialAction\":[{\"@type\":\"ReadAction\",\"target\":[\"https:\/\/gymfactory.eu\/fr\/produit\/colliers-de-serrage-z03xxxg2\/\"]}]},{\"@type\":\"ImageObject\",\"inLanguage\":\"fr-FR\",\"@id\":\"https:\/\/gymfactory.eu\/fr\/produit\/colliers-de-serrage-z03xxxg2\/#primaryimage\",\"url\":\"https:\/\/gymfactory.eu\/wp-content\/uploads\/2025\/03\/equipment-for-weight-training-locking-barbell-collars-1.webp\",\"contentUrl\":\"https:\/\/gymfactory.eu\/wp-content\/uploads\/2025\/03\/equipment-for-weight-training-locking-barbell-collars-1.webp\",\"width\":1500,\"height\":1500,\"caption\":\"A pair of black locking barbell collars designed for securely fastening weight plates on a barbell. These durable quick-release clamps provide stability during workouts, making them an essential accessory for equipment for weight training in commercial gyms and home fitness setups.\"},{\"@type\":\"BreadcrumbList\",\"@id\":\"https:\/\/gymfactory.eu\/fr\/produit\/colliers-de-serrage-z03xxxg2\/#breadcrumb\",\"itemListElement\":[{\"@type\":\"ListItem\",\"position\":1,\"name\":\"Home\",\"item\":\"https:\/\/gymfactory.eu\/fr\/page-principale\/\"},{\"@type\":\"ListItem\",\"position\":2,\"name\":\"Catalogue\",\"item\":\"https:\/\/gymfactory.eu\/fr\/catalogue-2\/\"},{\"@type\":\"ListItem\",\"position\":3,\"name\":\"Colliers de Serrage Z03XXXG2\"}]},{\"@type\":\"WebSite\",\"@id\":\"https:\/\/gymfactory.eu\/fr\/#website\",\"url\":\"https:\/\/gymfactory.eu\/fr\/\",\"name\":\"Gym Factory\",\"description\":\"\",\"publisher\":{\"@id\":\"https:\/\/gymfactory.eu\/fr\/#organization\"},\"potentialAction\":[{\"@type\":\"SearchAction\",\"target\":{\"@type\":\"EntryPoint\",\"urlTemplate\":\"https:\/\/gymfactory.eu\/fr\/?s={search_term_string}\"},\"query-input\":{\"@type\":\"PropertyValueSpecification\",\"valueRequired\":true,\"valueName\":\"search_term_string\"}}],\"inLanguage\":\"fr-FR\"},{\"@type\":\"Organization\",\"@id\":\"https:\/\/gymfactory.eu\/fr\/#organization\",\"name\":\"Gym Factory\",\"url\":\"https:\/\/gymfactory.eu\/fr\/\",\"logo\":{\"@type\":\"ImageObject\",\"inLanguage\":\"fr-FR\",\"@id\":\"https:\/\/gymfactory.eu\/fr\/#\/schema\/logo\/image\/\",\"url\":\"https:\/\/gymfactory.eu\/wp-content\/uploads\/2024\/11\/Component-1.svg\",\"contentUrl\":\"https:\/\/gymfactory.eu\/wp-content\/uploads\/2024\/11\/Component-1.svg\",\"width\":54,\"height\":44,\"caption\":\"Gym Factory\"},\"image\":{\"@id\":\"https:\/\/gymfactory.eu\/fr\/#\/schema\/logo\/image\/\"}}]}<\/script>\n<!-- \/ Yoast SEO plugin. -->","yoast_head_json":{"title":"Colliers de Serrage Z03XXXG2 \u2013 \u00c9quipement S\u00e9curis\u00e9 pour la Musculation","description":"Optimisez votre configuration de salle de sport avec les colliers de serrage Z03XXXG2. Cet \u00e9quipement de musculation maintient vos disques verrouill\u00e9s en place pour des entra\u00eenements plus s\u00fbrs.","robots":{"index":"index","follow":"follow","max-snippet":"max-snippet:-1","max-image-preview":"max-image-preview:large","max-video-preview":"max-video-preview:-1"},"canonical":"https:\/\/gymfactory.eu\/fr\/produit\/colliers-de-serrage-z03xxxg2\/","og_locale":"fr_FR","og_type":"article","og_title":"Colliers de Serrage Z03XXXG2 \u2013 \u00c9quipement S\u00e9curis\u00e9 pour la Musculation","og_description":"Optimisez votre configuration de salle de sport avec les colliers de serrage Z03XXXG2. Cet \u00e9quipement de musculation maintient vos disques verrouill\u00e9s en place pour des entra\u00eenements plus s\u00fbrs.","og_url":"https:\/\/gymfactory.eu\/fr\/produit\/colliers-de-serrage-z03xxxg2\/","og_site_name":"Gym Factory","og_image":[{"width":1500,"height":1500,"url":"https:\/\/gymfactory.eu\/wp-content\/uploads\/2025\/03\/equipment-for-weight-training-locking-barbell-collars-1.webp","type":"image\/webp"}],"twitter_card":"summary_large_image","schema":{"@context":"https:\/\/schema.org","@graph":[{"@type":"WebPage","@id":"https:\/\/gymfactory.eu\/fr\/produit\/colliers-de-serrage-z03xxxg2\/","url":"https:\/\/gymfactory.eu\/fr\/produit\/colliers-de-serrage-z03xxxg2\/","name":"Colliers de Serrage Z03XXXG2 \u2013 \u00c9quipement S\u00e9curis\u00e9 pour la Musculation","isPartOf":{"@id":"https:\/\/gymfactory.eu\/fr\/#website"},"primaryImageOfPage":{"@id":"https:\/\/gymfactory.eu\/fr\/produit\/colliers-de-serrage-z03xxxg2\/#primaryimage"},"image":{"@id":"https:\/\/gymfactory.eu\/fr\/produit\/colliers-de-serrage-z03xxxg2\/#primaryimage"},"thumbnailUrl":"https:\/\/gymfactory.eu\/wp-content\/uploads\/2025\/03\/equipment-for-weight-training-locking-barbell-collars-1.webp","datePublished":"2025-03-06T07:51:40+00:00","description":"Optimisez votre configuration de salle de sport avec les colliers de serrage Z03XXXG2. Cet \u00e9quipement de musculation maintient vos disques verrouill\u00e9s en place pour des entra\u00eenements plus s\u00fbrs.","breadcrumb":{"@id":"https:\/\/gymfactory.eu\/fr\/produit\/colliers-de-serrage-z03xxxg2\/#breadcrumb"},"inLanguage":"fr-FR","potentialAction":[{"@type":"ReadAction","target":["https:\/\/gymfactory.eu\/fr\/produit\/colliers-de-serrage-z03xxxg2\/"]}]},{"@type":"ImageObject","inLanguage":"fr-FR","@id":"https:\/\/gymfactory.eu\/fr\/produit\/colliers-de-serrage-z03xxxg2\/#primaryimage","url":"https:\/\/gymfactory.eu\/wp-content\/uploads\/2025\/03\/equipment-for-weight-training-locking-barbell-collars-1.webp","contentUrl":"https:\/\/gymfactory.eu\/wp-content\/uploads\/2025\/03\/equipment-for-weight-training-locking-barbell-collars-1.webp","width":1500,"height":1500,"caption":"A pair of black locking barbell collars designed for securely fastening weight plates on a barbell. These durable quick-release clamps provide stability during workouts, making them an essential accessory for equipment for weight training in commercial gyms and home fitness setups."},{"@type":"BreadcrumbList","@id":"https:\/\/gymfactory.eu\/fr\/produit\/colliers-de-serrage-z03xxxg2\/#breadcrumb","itemListElement":[{"@type":"ListItem","position":1,"name":"Home","item":"https:\/\/gymfactory.eu\/fr\/page-principale\/"},{"@type":"ListItem","position":2,"name":"Catalogue","item":"https:\/\/gymfactory.eu\/fr\/catalogue-2\/"},{"@type":"ListItem","position":3,"name":"Colliers de Serrage Z03XXXG2"}]},{"@type":"WebSite","@id":"https:\/\/gymfactory.eu\/fr\/#website","url":"https:\/\/gymfactory.eu\/fr\/","name":"Gym Factory","description":"","publisher":{"@id":"https:\/\/gymfactory.eu\/fr\/#organization"},"potentialAction":[{"@type":"SearchAction","target":{"@type":"EntryPoint","urlTemplate":"https:\/\/gymfactory.eu\/fr\/?s={search_term_string}"},"query-input":{"@type":"PropertyValueSpecification","valueRequired":true,"valueName":"search_term_string"}}],"inLanguage":"fr-FR"},{"@type":"Organization","@id":"https:\/\/gymfactory.eu\/fr\/#organization","name":"Gym Factory","url":"https:\/\/gymfactory.eu\/fr\/","logo":{"@type":"ImageObject","inLanguage":"fr-FR","@id":"https:\/\/gymfactory.eu\/fr\/#\/schema\/logo\/image\/","url":"https:\/\/gymfactory.eu\/wp-content\/uploads\/2024\/11\/Component-1.svg","contentUrl":"https:\/\/gymfactory.eu\/wp-content\/uploads\/2024\/11\/Component-1.svg","width":54,"height":44,"caption":"Gym Factory"},"image":{"@id":"https:\/\/gymfactory.eu\/fr\/#\/schema\/logo\/image\/"}}]}},"_links":{"self":[{"href":"https:\/\/gymfactory.eu\/fr\/wp-json\/wp\/v2\/product\/29877","targetHints":{"allow":["GET"]}}],"collection":[{"href":"https:\/\/gymfactory.eu\/fr\/wp-json\/wp\/v2\/product"}],"about":[{"href":"https:\/\/gymfactory.eu\/fr\/wp-json\/wp\/v2\/types\/product"}],"wp:featuredmedia":[{"embeddable":true,"href":"https:\/\/gymfactory.eu\/fr\/wp-json\/wp\/v2\/media\/29878"}],"wp:attachment":[{"href":"https:\/\/gymfactory.eu\/fr\/wp-json\/wp\/v2\/media?parent=29877"}],"wp:term":[{"taxonomy":"product_brand","embeddable":true,"href":"https:\/\/gymfactory.eu\/fr\/wp-json\/wp\/v2\/product_brand?post=29877"},{"taxonomy":"product_cat","embeddable":true,"href":"https:\/\/gymfactory.eu\/fr\/wp-json\/wp\/v2\/product_cat?post=29877"},{"taxonomy":"product_tag","embeddable":true,"href":"https:\/\/gymfactory.eu\/fr\/wp-json\/wp\/v2\/product_tag?post=29877"}],"curies":[{"name":"wp","href":"https:\/\/api.w.org\/{rel}","templated":true}]}}