{"id":29874,"date":"2025-03-06T09:48:22","date_gmt":"2025-03-06T07:48:22","guid":{"rendered":"https:\/\/gymfactory.eu\/product\/colliers-de-serrage-z03xxxg1\/"},"modified":"2025-03-06T09:48:22","modified_gmt":"2025-03-06T07:48:22","slug":"colliers-de-serrage-z03xxxg1","status":"publish","type":"product","link":"https:\/\/gymfactory.eu\/fr\/produit\/colliers-de-serrage-z03xxxg1\/","title":{"rendered":"Colliers de Serrage Z03XXXG1"},"content":{"rendered":"<p>Les colliers de serrage Z03XXXG1 sont des attaches de verrouillage con\u00e7ues pour maintenir les disques de poids solidement en place pendant l\u2019entra\u00eenement. Adapt\u00e9s \u00e0 toute configuration de salle de sport, ces colliers sont faciles \u00e0 utiliser : presser le m\u00e9canisme ouvre et \u00e9largit le collier, et le rel\u00e2cher le verrouille fermement sur la barre. <\/p>\n<p>C\u2019est un \u00e9quipement de musculation pratique et fiable, qui contribue \u00e0 assurer la s\u00e9curit\u00e9 et la stabilit\u00e9 lors des exercices \u00e0 la barre.<\/p>\n\n    <div class=\"xs_social_share_widget xs_share_url after_content \t\tmain_content  wslu-style-1 wslu-share-box-shaped wslu-fill-colored wslu-none wslu-share-horizontal wslu-theme-font-no wslu-main_content\">\n\n\t\t\n        <ul>\n\t\t\t        <\/ul>\n    <\/div> \n","protected":false},"excerpt":{"rendered":"<p>Les colliers de serrage Z03XXXG1 sont des attaches de verrouillage con\u00e7ues pour maintenir les disques de poids solidement en place pendant l\u2019entra\u00eenement. Adapt\u00e9s \u00e0 toute configuration de salle de sport, ces colliers sont faciles \u00e0 utiliser : presser le m\u00e9canisme ouvre et \u00e9largit le collier, et le rel\u00e2cher le verrouille fermement sur la barre. C\u2019est [&hellip;]<\/p>\n","protected":false},"featured_media":29876,"template":"","meta":{"_acf_changed":false},"product_brand":[56],"product_cat":[824],"product_tag":[977],"class_list":{"0":"post-29874","1":"product","2":"type-product","3":"status-publish","4":"has-post-thumbnail","6":"product_brand-gym-factory","7":"product_cat-barres-et-disques","8":"product_tag-couleur-sans-couleurs","10":"first","11":"onbackorder","12":"taxable","13":"shipping-taxable","14":"purchasable","15":"product-type-simple"},"acf":[],"yoast_head":"<!-- This site is optimized with the Yoast SEO plugin v25.2 - https:\/\/yoast.com\/wordpress\/plugins\/seo\/ -->\n<title>S\u00e9curisez vos Soulev\u00e9s avec Z03XXXG1 \u2013 \u00c9quipement de Musculation<\/title>\n<meta name=\"description\" content=\"Am\u00e9liorez votre configuration de salle de sport avec les colliers de serrage Z03XXXG1. Cet \u00e9quipement essentiel pour la musculation maintient vos disques en s\u00e9curit\u00e9, garantissant un entra\u00eenement concentr\u00e9.\" \/>\n<meta name=\"robots\" content=\"index, follow, max-snippet:-1, max-image-preview:large, max-video-preview:-1\" \/>\n<link rel=\"canonical\" href=\"https:\/\/gymfactory.eu\/fr\/produit\/colliers-de-serrage-z03xxxg1\/\" \/>\n<meta property=\"og:locale\" content=\"fr_FR\" \/>\n<meta property=\"og:type\" content=\"article\" \/>\n<meta property=\"og:title\" content=\"S\u00e9curisez vos Soulev\u00e9s avec Z03XXXG1 \u2013 \u00c9quipement de Musculation\" \/>\n<meta property=\"og:description\" content=\"Am\u00e9liorez votre configuration de salle de sport avec les colliers de serrage Z03XXXG1. Cet \u00e9quipement essentiel pour la musculation maintient vos disques en s\u00e9curit\u00e9, garantissant un entra\u00eenement concentr\u00e9.\" \/>\n<meta property=\"og:url\" content=\"https:\/\/gymfactory.eu\/fr\/produit\/colliers-de-serrage-z03xxxg1\/\" \/>\n<meta property=\"og:site_name\" content=\"Gym Factory\" \/>\n<meta property=\"og:image\" content=\"https:\/\/gymfactory.eu\/wp-content\/uploads\/2025\/03\/equipment-for-weight-training-heavy-duty-weight-collars-1.webp\" \/>\n\t<meta property=\"og:image:width\" content=\"1500\" \/>\n\t<meta property=\"og:image:height\" content=\"1500\" \/>\n\t<meta property=\"og:image:type\" content=\"image\/webp\" \/>\n<meta name=\"twitter:card\" content=\"summary_large_image\" \/>\n<script type=\"application\/ld+json\" class=\"yoast-schema-graph\">{\"@context\":\"https:\/\/schema.org\",\"@graph\":[{\"@type\":\"WebPage\",\"@id\":\"https:\/\/gymfactory.eu\/fr\/produit\/colliers-de-serrage-z03xxxg1\/\",\"url\":\"https:\/\/gymfactory.eu\/fr\/produit\/colliers-de-serrage-z03xxxg1\/\",\"name\":\"S\u00e9curisez vos Soulev\u00e9s avec Z03XXXG1 \u2013 \u00c9quipement de Musculation\",\"isPartOf\":{\"@id\":\"https:\/\/gymfactory.eu\/fr\/#website\"},\"primaryImageOfPage\":{\"@id\":\"https:\/\/gymfactory.eu\/fr\/produit\/colliers-de-serrage-z03xxxg1\/#primaryimage\"},\"image\":{\"@id\":\"https:\/\/gymfactory.eu\/fr\/produit\/colliers-de-serrage-z03xxxg1\/#primaryimage\"},\"thumbnailUrl\":\"https:\/\/gymfactory.eu\/wp-content\/uploads\/2025\/03\/equipment-for-weight-training-heavy-duty-weight-collars-1.webp\",\"datePublished\":\"2025-03-06T07:48:22+00:00\",\"description\":\"Am\u00e9liorez votre configuration de salle de sport avec les colliers de serrage Z03XXXG1. Cet \u00e9quipement essentiel pour la musculation maintient vos disques en s\u00e9curit\u00e9, garantissant un entra\u00eenement concentr\u00e9.\",\"breadcrumb\":{\"@id\":\"https:\/\/gymfactory.eu\/fr\/produit\/colliers-de-serrage-z03xxxg1\/#breadcrumb\"},\"inLanguage\":\"fr-FR\",\"potentialAction\":[{\"@type\":\"ReadAction\",\"target\":[\"https:\/\/gymfactory.eu\/fr\/produit\/colliers-de-serrage-z03xxxg1\/\"]}]},{\"@type\":\"ImageObject\",\"inLanguage\":\"fr-FR\",\"@id\":\"https:\/\/gymfactory.eu\/fr\/produit\/colliers-de-serrage-z03xxxg1\/#primaryimage\",\"url\":\"https:\/\/gymfactory.eu\/wp-content\/uploads\/2025\/03\/equipment-for-weight-training-heavy-duty-weight-collars-1.webp\",\"contentUrl\":\"https:\/\/gymfactory.eu\/wp-content\/uploads\/2025\/03\/equipment-for-weight-training-heavy-duty-weight-collars-1.webp\",\"width\":1500,\"height\":1500,\"caption\":\"A set of two heavy-duty weight collars with a spring mechanism, designed to keep weight plates securely in place during lifts. These essential accessories are ideal for equipment for weight training in both commercial gyms and home fitness setups.\"},{\"@type\":\"BreadcrumbList\",\"@id\":\"https:\/\/gymfactory.eu\/fr\/produit\/colliers-de-serrage-z03xxxg1\/#breadcrumb\",\"itemListElement\":[{\"@type\":\"ListItem\",\"position\":1,\"name\":\"Home\",\"item\":\"https:\/\/gymfactory.eu\/fr\/page-principale\/\"},{\"@type\":\"ListItem\",\"position\":2,\"name\":\"Catalogue\",\"item\":\"https:\/\/gymfactory.eu\/fr\/catalogue-2\/\"},{\"@type\":\"ListItem\",\"position\":3,\"name\":\"Colliers de Serrage Z03XXXG1\"}]},{\"@type\":\"WebSite\",\"@id\":\"https:\/\/gymfactory.eu\/fr\/#website\",\"url\":\"https:\/\/gymfactory.eu\/fr\/\",\"name\":\"Gym Factory\",\"description\":\"\",\"publisher\":{\"@id\":\"https:\/\/gymfactory.eu\/fr\/#organization\"},\"potentialAction\":[{\"@type\":\"SearchAction\",\"target\":{\"@type\":\"EntryPoint\",\"urlTemplate\":\"https:\/\/gymfactory.eu\/fr\/?s={search_term_string}\"},\"query-input\":{\"@type\":\"PropertyValueSpecification\",\"valueRequired\":true,\"valueName\":\"search_term_string\"}}],\"inLanguage\":\"fr-FR\"},{\"@type\":\"Organization\",\"@id\":\"https:\/\/gymfactory.eu\/fr\/#organization\",\"name\":\"Gym Factory\",\"url\":\"https:\/\/gymfactory.eu\/fr\/\",\"logo\":{\"@type\":\"ImageObject\",\"inLanguage\":\"fr-FR\",\"@id\":\"https:\/\/gymfactory.eu\/fr\/#\/schema\/logo\/image\/\",\"url\":\"https:\/\/gymfactory.eu\/wp-content\/uploads\/2024\/11\/Component-1.svg\",\"contentUrl\":\"https:\/\/gymfactory.eu\/wp-content\/uploads\/2024\/11\/Component-1.svg\",\"width\":54,\"height\":44,\"caption\":\"Gym Factory\"},\"image\":{\"@id\":\"https:\/\/gymfactory.eu\/fr\/#\/schema\/logo\/image\/\"}}]}<\/script>\n<!-- \/ Yoast SEO plugin. -->","yoast_head_json":{"title":"S\u00e9curisez vos Soulev\u00e9s avec Z03XXXG1 \u2013 \u00c9quipement de Musculation","description":"Am\u00e9liorez votre configuration de salle de sport avec les colliers de serrage Z03XXXG1. Cet \u00e9quipement essentiel pour la musculation maintient vos disques en s\u00e9curit\u00e9, garantissant un entra\u00eenement concentr\u00e9.","robots":{"index":"index","follow":"follow","max-snippet":"max-snippet:-1","max-image-preview":"max-image-preview:large","max-video-preview":"max-video-preview:-1"},"canonical":"https:\/\/gymfactory.eu\/fr\/produit\/colliers-de-serrage-z03xxxg1\/","og_locale":"fr_FR","og_type":"article","og_title":"S\u00e9curisez vos Soulev\u00e9s avec Z03XXXG1 \u2013 \u00c9quipement de Musculation","og_description":"Am\u00e9liorez votre configuration de salle de sport avec les colliers de serrage Z03XXXG1. Cet \u00e9quipement essentiel pour la musculation maintient vos disques en s\u00e9curit\u00e9, garantissant un entra\u00eenement concentr\u00e9.","og_url":"https:\/\/gymfactory.eu\/fr\/produit\/colliers-de-serrage-z03xxxg1\/","og_site_name":"Gym Factory","og_image":[{"width":1500,"height":1500,"url":"https:\/\/gymfactory.eu\/wp-content\/uploads\/2025\/03\/equipment-for-weight-training-heavy-duty-weight-collars-1.webp","type":"image\/webp"}],"twitter_card":"summary_large_image","schema":{"@context":"https:\/\/schema.org","@graph":[{"@type":"WebPage","@id":"https:\/\/gymfactory.eu\/fr\/produit\/colliers-de-serrage-z03xxxg1\/","url":"https:\/\/gymfactory.eu\/fr\/produit\/colliers-de-serrage-z03xxxg1\/","name":"S\u00e9curisez vos Soulev\u00e9s avec Z03XXXG1 \u2013 \u00c9quipement de Musculation","isPartOf":{"@id":"https:\/\/gymfactory.eu\/fr\/#website"},"primaryImageOfPage":{"@id":"https:\/\/gymfactory.eu\/fr\/produit\/colliers-de-serrage-z03xxxg1\/#primaryimage"},"image":{"@id":"https:\/\/gymfactory.eu\/fr\/produit\/colliers-de-serrage-z03xxxg1\/#primaryimage"},"thumbnailUrl":"https:\/\/gymfactory.eu\/wp-content\/uploads\/2025\/03\/equipment-for-weight-training-heavy-duty-weight-collars-1.webp","datePublished":"2025-03-06T07:48:22+00:00","description":"Am\u00e9liorez votre configuration de salle de sport avec les colliers de serrage Z03XXXG1. Cet \u00e9quipement essentiel pour la musculation maintient vos disques en s\u00e9curit\u00e9, garantissant un entra\u00eenement concentr\u00e9.","breadcrumb":{"@id":"https:\/\/gymfactory.eu\/fr\/produit\/colliers-de-serrage-z03xxxg1\/#breadcrumb"},"inLanguage":"fr-FR","potentialAction":[{"@type":"ReadAction","target":["https:\/\/gymfactory.eu\/fr\/produit\/colliers-de-serrage-z03xxxg1\/"]}]},{"@type":"ImageObject","inLanguage":"fr-FR","@id":"https:\/\/gymfactory.eu\/fr\/produit\/colliers-de-serrage-z03xxxg1\/#primaryimage","url":"https:\/\/gymfactory.eu\/wp-content\/uploads\/2025\/03\/equipment-for-weight-training-heavy-duty-weight-collars-1.webp","contentUrl":"https:\/\/gymfactory.eu\/wp-content\/uploads\/2025\/03\/equipment-for-weight-training-heavy-duty-weight-collars-1.webp","width":1500,"height":1500,"caption":"A set of two heavy-duty weight collars with a spring mechanism, designed to keep weight plates securely in place during lifts. These essential accessories are ideal for equipment for weight training in both commercial gyms and home fitness setups."},{"@type":"BreadcrumbList","@id":"https:\/\/gymfactory.eu\/fr\/produit\/colliers-de-serrage-z03xxxg1\/#breadcrumb","itemListElement":[{"@type":"ListItem","position":1,"name":"Home","item":"https:\/\/gymfactory.eu\/fr\/page-principale\/"},{"@type":"ListItem","position":2,"name":"Catalogue","item":"https:\/\/gymfactory.eu\/fr\/catalogue-2\/"},{"@type":"ListItem","position":3,"name":"Colliers de Serrage Z03XXXG1"}]},{"@type":"WebSite","@id":"https:\/\/gymfactory.eu\/fr\/#website","url":"https:\/\/gymfactory.eu\/fr\/","name":"Gym Factory","description":"","publisher":{"@id":"https:\/\/gymfactory.eu\/fr\/#organization"},"potentialAction":[{"@type":"SearchAction","target":{"@type":"EntryPoint","urlTemplate":"https:\/\/gymfactory.eu\/fr\/?s={search_term_string}"},"query-input":{"@type":"PropertyValueSpecification","valueRequired":true,"valueName":"search_term_string"}}],"inLanguage":"fr-FR"},{"@type":"Organization","@id":"https:\/\/gymfactory.eu\/fr\/#organization","name":"Gym Factory","url":"https:\/\/gymfactory.eu\/fr\/","logo":{"@type":"ImageObject","inLanguage":"fr-FR","@id":"https:\/\/gymfactory.eu\/fr\/#\/schema\/logo\/image\/","url":"https:\/\/gymfactory.eu\/wp-content\/uploads\/2024\/11\/Component-1.svg","contentUrl":"https:\/\/gymfactory.eu\/wp-content\/uploads\/2024\/11\/Component-1.svg","width":54,"height":44,"caption":"Gym Factory"},"image":{"@id":"https:\/\/gymfactory.eu\/fr\/#\/schema\/logo\/image\/"}}]}},"_links":{"self":[{"href":"https:\/\/gymfactory.eu\/fr\/wp-json\/wp\/v2\/product\/29874","targetHints":{"allow":["GET"]}}],"collection":[{"href":"https:\/\/gymfactory.eu\/fr\/wp-json\/wp\/v2\/product"}],"about":[{"href":"https:\/\/gymfactory.eu\/fr\/wp-json\/wp\/v2\/types\/product"}],"wp:featuredmedia":[{"embeddable":true,"href":"https:\/\/gymfactory.eu\/fr\/wp-json\/wp\/v2\/media\/29876"}],"wp:attachment":[{"href":"https:\/\/gymfactory.eu\/fr\/wp-json\/wp\/v2\/media?parent=29874"}],"wp:term":[{"taxonomy":"product_brand","embeddable":true,"href":"https:\/\/gymfactory.eu\/fr\/wp-json\/wp\/v2\/product_brand?post=29874"},{"taxonomy":"product_cat","embeddable":true,"href":"https:\/\/gymfactory.eu\/fr\/wp-json\/wp\/v2\/product_cat?post=29874"},{"taxonomy":"product_tag","embeddable":true,"href":"https:\/\/gymfactory.eu\/fr\/wp-json\/wp\/v2\/product_tag?post=29874"}],"curies":[{"name":"wp","href":"https:\/\/api.w.org\/{rel}","templated":true}]}}