{"id":29848,"date":"2025-03-06T09:26:34","date_gmt":"2025-03-06T07:26:34","guid":{"rendered":"https:\/\/gymfactory.eu\/product\/barre-a-charge-fixe-x2-5\/"},"modified":"2025-03-06T09:26:34","modified_gmt":"2025-03-06T07:26:34","slug":"barre-a-charge-fixe-x2-5","status":"publish","type":"product","link":"https:\/\/gymfactory.eu\/fr\/produit\/barre-a-charge-fixe-x2-5\/","title":{"rendered":"Barre \u00e0 Charge Fixe X2-5"},"content":{"rendered":"<p>La barre \u00e0 charge fixe X2-5 est un \u00e9quipement de musculation robuste, con\u00e7u aussi bien pour les home gyms que pour les configurations de salles de sport commerciales. Chaque barre est monobloc, avec des t\u00eates \u00e0 poids fixe et une poign\u00e9e en acier inoxydable molet\u00e9e pour une prise en main s\u00fbre lors des exercices de musculation. <\/p>\n<p>Options de poids disponibles :\u2028<br \/>5 kg, 10 kg, 15 kg, 20 kg, 25 kg, 30 kg, 35 kg, 40 kg, 45 kg, 50 kg, 55 kg, 60 kg, 65 kg, 70 kg, 75 kg, 80 kg, 85 kg, 90 kg, 95 kg, 100 kg<\/p>\n<p>Cet ensemble offre un large \u00e9ventail de possibilit\u00e9s d\u2019entra\u00eenement pour les utilisateurs de diff\u00e9rents niveaux de force et convient \u00e0 divers exercices de musculation dans toute configuration de salle de sport.<\/p>\n<p>Cet ensemble est compatible avec le <a href=\"https:\/\/gymfactory.eu\/product\/z02x-barbell-rack\/\" target=\"_blank\" rel=\"noopener\">rack pour barres Z02X<\/a> pour un rangement organis\u00e9 et accessible.<\/p>\n\n    <div class=\"xs_social_share_widget xs_share_url after_content \t\tmain_content  wslu-style-1 wslu-share-box-shaped wslu-fill-colored wslu-none wslu-share-horizontal wslu-theme-font-no wslu-main_content\">\n\n\t\t\n        <ul>\n\t\t\t        <\/ul>\n    <\/div> \n","protected":false},"excerpt":{"rendered":"<p>La barre \u00e0 charge fixe X2-5 est un \u00e9quipement de musculation robuste, con\u00e7u aussi bien pour les home gyms que pour les configurations de salles de sport commerciales. Chaque barre est monobloc, avec des t\u00eates \u00e0 poids fixe et une poign\u00e9e en acier inoxydable molet\u00e9e pour une prise en main s\u00fbre lors des exercices de [&hellip;]<\/p>\n","protected":false},"featured_media":28135,"template":"","meta":{"_acf_changed":false},"product_brand":[56],"product_cat":[824],"product_tag":[977],"class_list":{"0":"post-29848","1":"product","2":"type-product","3":"status-publish","4":"has-post-thumbnail","6":"product_brand-gym-factory","7":"product_cat-barres-et-disques","8":"product_tag-couleur-sans-couleurs","10":"first","11":"onbackorder","12":"taxable","13":"shipping-taxable","14":"purchasable","15":"product-type-variable","16":"has-default-attributes"},"acf":[],"yoast_head":"<!-- This site is optimized with the Yoast SEO plugin v25.2 - https:\/\/yoast.com\/wordpress\/plugins\/seo\/ -->\n<title>Barre \u00e0 Charge Fixe X2-5 \u2013 Pour les Exercices de Musculation<\/title>\n<meta name=\"description\" content=\"Id\u00e9ale pour les salles de sport commerciales et les home gyms, la barre \u00e0 charge fixe X2-5 est un \u00e9quipement de musculation durable, con\u00e7u pour am\u00e9liorer chaque entra\u00eenement.\" \/>\n<meta name=\"robots\" content=\"index, follow, max-snippet:-1, max-image-preview:large, max-video-preview:-1\" \/>\n<link rel=\"canonical\" href=\"https:\/\/gymfactory.eu\/fr\/produit\/barre-a-charge-fixe-x2-5\/\" \/>\n<meta property=\"og:locale\" content=\"fr_FR\" \/>\n<meta property=\"og:type\" content=\"article\" \/>\n<meta property=\"og:title\" content=\"Barre \u00e0 Charge Fixe X2-5 \u2013 Pour les Exercices de Musculation\" \/>\n<meta property=\"og:description\" content=\"Id\u00e9ale pour les salles de sport commerciales et les home gyms, la barre \u00e0 charge fixe X2-5 est un \u00e9quipement de musculation durable, con\u00e7u pour am\u00e9liorer chaque entra\u00eenement.\" \/>\n<meta property=\"og:url\" content=\"https:\/\/gymfactory.eu\/fr\/produit\/barre-a-charge-fixe-x2-5\/\" \/>\n<meta property=\"og:site_name\" content=\"Gym Factory\" \/>\n<meta property=\"og:image\" content=\"https:\/\/gymfactory.eu\/wp-content\/uploads\/2025\/03\/equipment-for-weight-training-black-fixed-weight-barbell-.webp\" \/>\n\t<meta property=\"og:image:width\" content=\"1500\" \/>\n\t<meta property=\"og:image:height\" content=\"1500\" \/>\n\t<meta property=\"og:image:type\" content=\"image\/webp\" \/>\n<meta name=\"twitter:card\" content=\"summary_large_image\" \/>\n<meta name=\"twitter:label1\" content=\"Dur\u00e9e de lecture estim\u00e9e\" \/>\n\t<meta name=\"twitter:data1\" content=\"1 minute\" \/>\n<script type=\"application\/ld+json\" class=\"yoast-schema-graph\">{\"@context\":\"https:\/\/schema.org\",\"@graph\":[{\"@type\":\"WebPage\",\"@id\":\"https:\/\/gymfactory.eu\/fr\/produit\/barre-a-charge-fixe-x2-5\/\",\"url\":\"https:\/\/gymfactory.eu\/fr\/produit\/barre-a-charge-fixe-x2-5\/\",\"name\":\"Barre \u00e0 Charge Fixe X2-5 \u2013 Pour les Exercices de Musculation\",\"isPartOf\":{\"@id\":\"https:\/\/gymfactory.eu\/fr\/#website\"},\"primaryImageOfPage\":{\"@id\":\"https:\/\/gymfactory.eu\/fr\/produit\/barre-a-charge-fixe-x2-5\/#primaryimage\"},\"image\":{\"@id\":\"https:\/\/gymfactory.eu\/fr\/produit\/barre-a-charge-fixe-x2-5\/#primaryimage\"},\"thumbnailUrl\":\"https:\/\/gymfactory.eu\/wp-content\/uploads\/2025\/03\/equipment-for-weight-training-black-fixed-weight-barbell-.webp\",\"datePublished\":\"2025-03-06T07:26:34+00:00\",\"description\":\"Id\u00e9ale pour les salles de sport commerciales et les home gyms, la barre \u00e0 charge fixe X2-5 est un \u00e9quipement de musculation durable, con\u00e7u pour am\u00e9liorer chaque entra\u00eenement.\",\"breadcrumb\":{\"@id\":\"https:\/\/gymfactory.eu\/fr\/produit\/barre-a-charge-fixe-x2-5\/#breadcrumb\"},\"inLanguage\":\"fr-FR\",\"potentialAction\":[{\"@type\":\"ReadAction\",\"target\":[\"https:\/\/gymfactory.eu\/fr\/produit\/barre-a-charge-fixe-x2-5\/\"]}]},{\"@type\":\"ImageObject\",\"inLanguage\":\"fr-FR\",\"@id\":\"https:\/\/gymfactory.eu\/fr\/produit\/barre-a-charge-fixe-x2-5\/#primaryimage\",\"url\":\"https:\/\/gymfactory.eu\/wp-content\/uploads\/2025\/03\/equipment-for-weight-training-black-fixed-weight-barbell-.webp\",\"contentUrl\":\"https:\/\/gymfactory.eu\/wp-content\/uploads\/2025\/03\/equipment-for-weight-training-black-fixed-weight-barbell-.webp\",\"width\":1500,\"height\":1500,\"caption\":\"Vue de pr\u00e8s d\u2019une barre \u00e0 charge fixe noire avec une poign\u00e9e en acier et des disques de poids rev\u00eatus de caoutchouc. Cet \u00e9quipement durable est con\u00e7u pour les exercices de musculation et convient aussi bien aux salles de sport commerciales qu\u2019aux entra\u00eenements de fitness \u00e0 domicile.\"},{\"@type\":\"BreadcrumbList\",\"@id\":\"https:\/\/gymfactory.eu\/fr\/produit\/barre-a-charge-fixe-x2-5\/#breadcrumb\",\"itemListElement\":[{\"@type\":\"ListItem\",\"position\":1,\"name\":\"Home\",\"item\":\"https:\/\/gymfactory.eu\/fr\/\"},{\"@type\":\"ListItem\",\"position\":2,\"name\":\"Catalogue\",\"item\":\"https:\/\/gymfactory.eu\/catalogue\/\"},{\"@type\":\"ListItem\",\"position\":3,\"name\":\"Barre \u00e0 Charge Fixe X2-5\"}]},{\"@type\":\"WebSite\",\"@id\":\"https:\/\/gymfactory.eu\/fr\/#website\",\"url\":\"https:\/\/gymfactory.eu\/fr\/\",\"name\":\"Gym Factory\",\"description\":\"\",\"publisher\":{\"@id\":\"https:\/\/gymfactory.eu\/fr\/#organization\"},\"potentialAction\":[{\"@type\":\"SearchAction\",\"target\":{\"@type\":\"EntryPoint\",\"urlTemplate\":\"https:\/\/gymfactory.eu\/fr\/?s={search_term_string}\"},\"query-input\":{\"@type\":\"PropertyValueSpecification\",\"valueRequired\":true,\"valueName\":\"search_term_string\"}}],\"inLanguage\":\"fr-FR\"},{\"@type\":\"Organization\",\"@id\":\"https:\/\/gymfactory.eu\/fr\/#organization\",\"name\":\"Gym Factory\",\"url\":\"https:\/\/gymfactory.eu\/fr\/\",\"logo\":{\"@type\":\"ImageObject\",\"inLanguage\":\"fr-FR\",\"@id\":\"https:\/\/gymfactory.eu\/fr\/#\/schema\/logo\/image\/\",\"url\":\"https:\/\/gymfactory.eu\/wp-content\/uploads\/2024\/11\/Component-1.svg\",\"contentUrl\":\"https:\/\/gymfactory.eu\/wp-content\/uploads\/2024\/11\/Component-1.svg\",\"width\":54,\"height\":44,\"caption\":\"Gym Factory\"},\"image\":{\"@id\":\"https:\/\/gymfactory.eu\/fr\/#\/schema\/logo\/image\/\"}}]}<\/script>\n<!-- \/ Yoast SEO plugin. -->","yoast_head_json":{"title":"Barre \u00e0 Charge Fixe X2-5 \u2013 Pour les Exercices de Musculation","description":"Id\u00e9ale pour les salles de sport commerciales et les home gyms, la barre \u00e0 charge fixe X2-5 est un \u00e9quipement de musculation durable, con\u00e7u pour am\u00e9liorer chaque entra\u00eenement.","robots":{"index":"index","follow":"follow","max-snippet":"max-snippet:-1","max-image-preview":"max-image-preview:large","max-video-preview":"max-video-preview:-1"},"canonical":"https:\/\/gymfactory.eu\/fr\/produit\/barre-a-charge-fixe-x2-5\/","og_locale":"fr_FR","og_type":"article","og_title":"Barre \u00e0 Charge Fixe X2-5 \u2013 Pour les Exercices de Musculation","og_description":"Id\u00e9ale pour les salles de sport commerciales et les home gyms, la barre \u00e0 charge fixe X2-5 est un \u00e9quipement de musculation durable, con\u00e7u pour am\u00e9liorer chaque entra\u00eenement.","og_url":"https:\/\/gymfactory.eu\/fr\/produit\/barre-a-charge-fixe-x2-5\/","og_site_name":"Gym Factory","og_image":[{"width":1500,"height":1500,"url":"https:\/\/gymfactory.eu\/wp-content\/uploads\/2025\/03\/equipment-for-weight-training-black-fixed-weight-barbell-.webp","type":"image\/webp"}],"twitter_card":"summary_large_image","twitter_misc":{"Dur\u00e9e de lecture estim\u00e9e":"1 minute"},"schema":{"@context":"https:\/\/schema.org","@graph":[{"@type":"WebPage","@id":"https:\/\/gymfactory.eu\/fr\/produit\/barre-a-charge-fixe-x2-5\/","url":"https:\/\/gymfactory.eu\/fr\/produit\/barre-a-charge-fixe-x2-5\/","name":"Barre \u00e0 Charge Fixe X2-5 \u2013 Pour les Exercices de Musculation","isPartOf":{"@id":"https:\/\/gymfactory.eu\/fr\/#website"},"primaryImageOfPage":{"@id":"https:\/\/gymfactory.eu\/fr\/produit\/barre-a-charge-fixe-x2-5\/#primaryimage"},"image":{"@id":"https:\/\/gymfactory.eu\/fr\/produit\/barre-a-charge-fixe-x2-5\/#primaryimage"},"thumbnailUrl":"https:\/\/gymfactory.eu\/wp-content\/uploads\/2025\/03\/equipment-for-weight-training-black-fixed-weight-barbell-.webp","datePublished":"2025-03-06T07:26:34+00:00","description":"Id\u00e9ale pour les salles de sport commerciales et les home gyms, la barre \u00e0 charge fixe X2-5 est un \u00e9quipement de musculation durable, con\u00e7u pour am\u00e9liorer chaque entra\u00eenement.","breadcrumb":{"@id":"https:\/\/gymfactory.eu\/fr\/produit\/barre-a-charge-fixe-x2-5\/#breadcrumb"},"inLanguage":"fr-FR","potentialAction":[{"@type":"ReadAction","target":["https:\/\/gymfactory.eu\/fr\/produit\/barre-a-charge-fixe-x2-5\/"]}]},{"@type":"ImageObject","inLanguage":"fr-FR","@id":"https:\/\/gymfactory.eu\/fr\/produit\/barre-a-charge-fixe-x2-5\/#primaryimage","url":"https:\/\/gymfactory.eu\/wp-content\/uploads\/2025\/03\/equipment-for-weight-training-black-fixed-weight-barbell-.webp","contentUrl":"https:\/\/gymfactory.eu\/wp-content\/uploads\/2025\/03\/equipment-for-weight-training-black-fixed-weight-barbell-.webp","width":1500,"height":1500,"caption":"Vue de pr\u00e8s d\u2019une barre \u00e0 charge fixe noire avec une poign\u00e9e en acier et des disques de poids rev\u00eatus de caoutchouc. Cet \u00e9quipement durable est con\u00e7u pour les exercices de musculation et convient aussi bien aux salles de sport commerciales qu\u2019aux entra\u00eenements de fitness \u00e0 domicile."},{"@type":"BreadcrumbList","@id":"https:\/\/gymfactory.eu\/fr\/produit\/barre-a-charge-fixe-x2-5\/#breadcrumb","itemListElement":[{"@type":"ListItem","position":1,"name":"Home","item":"https:\/\/gymfactory.eu\/fr\/"},{"@type":"ListItem","position":2,"name":"Catalogue","item":"https:\/\/gymfactory.eu\/catalogue\/"},{"@type":"ListItem","position":3,"name":"Barre \u00e0 Charge Fixe X2-5"}]},{"@type":"WebSite","@id":"https:\/\/gymfactory.eu\/fr\/#website","url":"https:\/\/gymfactory.eu\/fr\/","name":"Gym Factory","description":"","publisher":{"@id":"https:\/\/gymfactory.eu\/fr\/#organization"},"potentialAction":[{"@type":"SearchAction","target":{"@type":"EntryPoint","urlTemplate":"https:\/\/gymfactory.eu\/fr\/?s={search_term_string}"},"query-input":{"@type":"PropertyValueSpecification","valueRequired":true,"valueName":"search_term_string"}}],"inLanguage":"fr-FR"},{"@type":"Organization","@id":"https:\/\/gymfactory.eu\/fr\/#organization","name":"Gym Factory","url":"https:\/\/gymfactory.eu\/fr\/","logo":{"@type":"ImageObject","inLanguage":"fr-FR","@id":"https:\/\/gymfactory.eu\/fr\/#\/schema\/logo\/image\/","url":"https:\/\/gymfactory.eu\/wp-content\/uploads\/2024\/11\/Component-1.svg","contentUrl":"https:\/\/gymfactory.eu\/wp-content\/uploads\/2024\/11\/Component-1.svg","width":54,"height":44,"caption":"Gym Factory"},"image":{"@id":"https:\/\/gymfactory.eu\/fr\/#\/schema\/logo\/image\/"}}]}},"_links":{"self":[{"href":"https:\/\/gymfactory.eu\/fr\/wp-json\/wp\/v2\/product\/29848","targetHints":{"allow":["GET"]}}],"collection":[{"href":"https:\/\/gymfactory.eu\/fr\/wp-json\/wp\/v2\/product"}],"about":[{"href":"https:\/\/gymfactory.eu\/fr\/wp-json\/wp\/v2\/types\/product"}],"wp:featuredmedia":[{"embeddable":true,"href":"https:\/\/gymfactory.eu\/fr\/wp-json\/wp\/v2\/media\/28135"}],"wp:attachment":[{"href":"https:\/\/gymfactory.eu\/fr\/wp-json\/wp\/v2\/media?parent=29848"}],"wp:term":[{"taxonomy":"product_brand","embeddable":true,"href":"https:\/\/gymfactory.eu\/fr\/wp-json\/wp\/v2\/product_brand?post=29848"},{"taxonomy":"product_cat","embeddable":true,"href":"https:\/\/gymfactory.eu\/fr\/wp-json\/wp\/v2\/product_cat?post=29848"},{"taxonomy":"product_tag","embeddable":true,"href":"https:\/\/gymfactory.eu\/fr\/wp-json\/wp\/v2\/product_tag?post=29848"}],"curies":[{"name":"wp","href":"https:\/\/api.w.org\/{rel}","templated":true}]}}