{"id":29814,"date":"2025-03-05T12:03:50","date_gmt":"2025-03-05T10:03:50","guid":{"rendered":"https:\/\/gymfactory.eu\/product\/set-dhalteres-avec-rack-x2\/"},"modified":"2025-03-05T12:03:50","modified_gmt":"2025-03-05T10:03:50","slug":"set-dhalteres-avec-rack-x2","status":"publish","type":"product","link":"https:\/\/gymfactory.eu\/fr\/produit\/set-dhalteres-avec-rack-x2\/","title":{"rendered":"Set d\u2019Halt\u00e8res avec Rack X2"},"content":{"rendered":"<p>Le set d\u2019halt\u00e8res avec rack X2 est une solution pratique pour la musculation \u00e0 domicile ou dans les environnements de salles de sport commerciales. Ce kit comprend des halt\u00e8res rev\u00eatus de caoutchouc avec des poign\u00e9es en acier inoxydable, con\u00e7us pour la durabilit\u00e9 et le confort pendant les entra\u00eenements de force. <\/p>\n<p>L\u2019ensemble contient les halt\u00e8res suivants :<\/p>\n<ul>\n<li>2 \u00d7 1 kg<\/li>\n<li>2 \u00d7 2 kg<\/li>\n<li>2 \u00d7 3 kg<\/li>\n<li>2 \u00d7 4 kg<\/li>\n<li>2 \u00d7 5 kg<\/li>\n<li>2 \u00d7 6 kg<\/li>\n<li>2 \u00d7 7 kg<\/li>\n<li>2 \u00d7 8 kg<\/li>\n<li>2 \u00d7 9 kg<\/li>\n<li>2 \u00d7 10 kg<\/li>\n<\/ul>\n<p>Le rack de rangement inclus permet de garder les halt\u00e8res organis\u00e9s et facilement accessibles, aidant ainsi \u00e0 maintenir un espace d\u2019entra\u00eenement bien rang\u00e9. Id\u00e9al pour une vari\u00e9t\u00e9 d\u2019exercices de musculation aussi bien dans les home gyms que dans les installations de fitness commerciales.<\/p>\n\n    <div class=\"xs_social_share_widget xs_share_url after_content \t\tmain_content  wslu-style-1 wslu-share-box-shaped wslu-fill-colored wslu-none wslu-share-horizontal wslu-theme-font-no wslu-main_content\">\n\n\t\t\n        <ul>\n\t\t\t        <\/ul>\n    <\/div> \n","protected":false},"excerpt":{"rendered":"<p>Le set d\u2019halt\u00e8res avec rack X2 est une solution pratique pour la musculation \u00e0 domicile ou dans les environnements de salles de sport commerciales. Ce kit comprend des halt\u00e8res rev\u00eatus de caoutchouc avec des poign\u00e9es en acier inoxydable, con\u00e7us pour la durabilit\u00e9 et le confort pendant les entra\u00eenements de force. L\u2019ensemble contient les halt\u00e8res suivants [&hellip;]<\/p>\n","protected":false},"featured_media":29816,"template":"","meta":{"_acf_changed":false},"product_brand":[56],"product_cat":[824],"product_tag":[977],"class_list":{"0":"post-29814","1":"product","2":"type-product","3":"status-publish","4":"has-post-thumbnail","6":"product_brand-gym-factory","7":"product_cat-barres-et-disques","8":"product_tag-couleur-sans-couleurs","10":"first","11":"onbackorder","12":"taxable","13":"shipping-taxable","14":"purchasable","15":"product-type-simple"},"acf":[],"yoast_head":"<!-- This site is optimized with the Yoast SEO plugin v25.2 - https:\/\/yoast.com\/wordpress\/plugins\/seo\/ -->\n<title>Set d\u2019Halt\u00e8res avec Rack X2 - \u00c9quipement pour la Musculation<\/title>\n<meta name=\"description\" content=\"Le set d\u2019halt\u00e8res avec rack X2 est parfait pour les home gyms et les salles de sport commerciales, offrant une configuration compl\u00e8te pour le fitness et les entra\u00eenements de force.\" \/>\n<meta name=\"robots\" content=\"index, follow, max-snippet:-1, max-image-preview:large, max-video-preview:-1\" \/>\n<link rel=\"canonical\" href=\"https:\/\/gymfactory.eu\/fr\/produit\/set-dhalteres-avec-rack-x2\/\" \/>\n<meta property=\"og:locale\" content=\"fr_FR\" \/>\n<meta property=\"og:type\" content=\"article\" \/>\n<meta property=\"og:title\" content=\"Set d\u2019Halt\u00e8res avec Rack X2 - \u00c9quipement pour la Musculation\" \/>\n<meta property=\"og:description\" content=\"Le set d\u2019halt\u00e8res avec rack X2 est parfait pour les home gyms et les salles de sport commerciales, offrant une configuration compl\u00e8te pour le fitness et les entra\u00eenements de force.\" \/>\n<meta property=\"og:url\" content=\"https:\/\/gymfactory.eu\/fr\/produit\/set-dhalteres-avec-rack-x2\/\" \/>\n<meta property=\"og:site_name\" content=\"Gym Factory\" \/>\n<meta property=\"og:image\" content=\"https:\/\/gymfactory.eu\/wp-content\/uploads\/2025\/03\/X2-Dumbbell-Set-with-Rack-Right-Side.webp\" \/>\n\t<meta property=\"og:image:width\" content=\"1500\" \/>\n\t<meta property=\"og:image:height\" content=\"1500\" \/>\n\t<meta property=\"og:image:type\" content=\"image\/webp\" \/>\n<meta name=\"twitter:card\" content=\"summary_large_image\" \/>\n<meta name=\"twitter:label1\" content=\"Dur\u00e9e de lecture estim\u00e9e\" \/>\n\t<meta name=\"twitter:data1\" content=\"1 minute\" \/>\n<script type=\"application\/ld+json\" class=\"yoast-schema-graph\">{\"@context\":\"https:\/\/schema.org\",\"@graph\":[{\"@type\":\"WebPage\",\"@id\":\"https:\/\/gymfactory.eu\/fr\/produit\/set-dhalteres-avec-rack-x2\/\",\"url\":\"https:\/\/gymfactory.eu\/fr\/produit\/set-dhalteres-avec-rack-x2\/\",\"name\":\"Set d\u2019Halt\u00e8res avec Rack X2 - \u00c9quipement pour la Musculation\",\"isPartOf\":{\"@id\":\"https:\/\/gymfactory.eu\/fr\/#website\"},\"primaryImageOfPage\":{\"@id\":\"https:\/\/gymfactory.eu\/fr\/produit\/set-dhalteres-avec-rack-x2\/#primaryimage\"},\"image\":{\"@id\":\"https:\/\/gymfactory.eu\/fr\/produit\/set-dhalteres-avec-rack-x2\/#primaryimage\"},\"thumbnailUrl\":\"https:\/\/gymfactory.eu\/wp-content\/uploads\/2025\/03\/X2-Dumbbell-Set-with-Rack-Right-Side.webp\",\"datePublished\":\"2025-03-05T10:03:50+00:00\",\"description\":\"Le set d\u2019halt\u00e8res avec rack X2 est parfait pour les home gyms et les salles de sport commerciales, offrant une configuration compl\u00e8te pour le fitness et les entra\u00eenements de force.\",\"breadcrumb\":{\"@id\":\"https:\/\/gymfactory.eu\/fr\/produit\/set-dhalteres-avec-rack-x2\/#breadcrumb\"},\"inLanguage\":\"fr-FR\",\"potentialAction\":[{\"@type\":\"ReadAction\",\"target\":[\"https:\/\/gymfactory.eu\/fr\/produit\/set-dhalteres-avec-rack-x2\/\"]}]},{\"@type\":\"ImageObject\",\"inLanguage\":\"fr-FR\",\"@id\":\"https:\/\/gymfactory.eu\/fr\/produit\/set-dhalteres-avec-rack-x2\/#primaryimage\",\"url\":\"https:\/\/gymfactory.eu\/wp-content\/uploads\/2025\/03\/X2-Dumbbell-Set-with-Rack-Right-Side.webp\",\"contentUrl\":\"https:\/\/gymfactory.eu\/wp-content\/uploads\/2025\/03\/X2-Dumbbell-Set-with-Rack-Right-Side.webp\",\"width\":1500,\"height\":1500,\"caption\":\"A sturdy dumbbell rack holding multiple pairs of black hex dumbbells, designed for strength training in commercial gyms and home fitness environments.\"},{\"@type\":\"BreadcrumbList\",\"@id\":\"https:\/\/gymfactory.eu\/fr\/produit\/set-dhalteres-avec-rack-x2\/#breadcrumb\",\"itemListElement\":[{\"@type\":\"ListItem\",\"position\":1,\"name\":\"Home\",\"item\":\"https:\/\/gymfactory.eu\/fr\/page-principale\/\"},{\"@type\":\"ListItem\",\"position\":2,\"name\":\"Catalogue\",\"item\":\"https:\/\/gymfactory.eu\/fr\/catalogue-2\/\"},{\"@type\":\"ListItem\",\"position\":3,\"name\":\"Set d\u2019Halt\u00e8res avec Rack X2\"}]},{\"@type\":\"WebSite\",\"@id\":\"https:\/\/gymfactory.eu\/fr\/#website\",\"url\":\"https:\/\/gymfactory.eu\/fr\/\",\"name\":\"Gym Factory\",\"description\":\"\",\"publisher\":{\"@id\":\"https:\/\/gymfactory.eu\/fr\/#organization\"},\"potentialAction\":[{\"@type\":\"SearchAction\",\"target\":{\"@type\":\"EntryPoint\",\"urlTemplate\":\"https:\/\/gymfactory.eu\/fr\/?s={search_term_string}\"},\"query-input\":{\"@type\":\"PropertyValueSpecification\",\"valueRequired\":true,\"valueName\":\"search_term_string\"}}],\"inLanguage\":\"fr-FR\"},{\"@type\":\"Organization\",\"@id\":\"https:\/\/gymfactory.eu\/fr\/#organization\",\"name\":\"Gym Factory\",\"url\":\"https:\/\/gymfactory.eu\/fr\/\",\"logo\":{\"@type\":\"ImageObject\",\"inLanguage\":\"fr-FR\",\"@id\":\"https:\/\/gymfactory.eu\/fr\/#\/schema\/logo\/image\/\",\"url\":\"https:\/\/gymfactory.eu\/wp-content\/uploads\/2024\/11\/Component-1.svg\",\"contentUrl\":\"https:\/\/gymfactory.eu\/wp-content\/uploads\/2024\/11\/Component-1.svg\",\"width\":54,\"height\":44,\"caption\":\"Gym Factory\"},\"image\":{\"@id\":\"https:\/\/gymfactory.eu\/fr\/#\/schema\/logo\/image\/\"}}]}<\/script>\n<!-- \/ Yoast SEO plugin. -->","yoast_head_json":{"title":"Set d\u2019Halt\u00e8res avec Rack X2 - \u00c9quipement pour la Musculation","description":"Le set d\u2019halt\u00e8res avec rack X2 est parfait pour les home gyms et les salles de sport commerciales, offrant une configuration compl\u00e8te pour le fitness et les entra\u00eenements de force.","robots":{"index":"index","follow":"follow","max-snippet":"max-snippet:-1","max-image-preview":"max-image-preview:large","max-video-preview":"max-video-preview:-1"},"canonical":"https:\/\/gymfactory.eu\/fr\/produit\/set-dhalteres-avec-rack-x2\/","og_locale":"fr_FR","og_type":"article","og_title":"Set d\u2019Halt\u00e8res avec Rack X2 - \u00c9quipement pour la Musculation","og_description":"Le set d\u2019halt\u00e8res avec rack X2 est parfait pour les home gyms et les salles de sport commerciales, offrant une configuration compl\u00e8te pour le fitness et les entra\u00eenements de force.","og_url":"https:\/\/gymfactory.eu\/fr\/produit\/set-dhalteres-avec-rack-x2\/","og_site_name":"Gym Factory","og_image":[{"width":1500,"height":1500,"url":"https:\/\/gymfactory.eu\/wp-content\/uploads\/2025\/03\/X2-Dumbbell-Set-with-Rack-Right-Side.webp","type":"image\/webp"}],"twitter_card":"summary_large_image","twitter_misc":{"Dur\u00e9e de lecture estim\u00e9e":"1 minute"},"schema":{"@context":"https:\/\/schema.org","@graph":[{"@type":"WebPage","@id":"https:\/\/gymfactory.eu\/fr\/produit\/set-dhalteres-avec-rack-x2\/","url":"https:\/\/gymfactory.eu\/fr\/produit\/set-dhalteres-avec-rack-x2\/","name":"Set d\u2019Halt\u00e8res avec Rack X2 - \u00c9quipement pour la Musculation","isPartOf":{"@id":"https:\/\/gymfactory.eu\/fr\/#website"},"primaryImageOfPage":{"@id":"https:\/\/gymfactory.eu\/fr\/produit\/set-dhalteres-avec-rack-x2\/#primaryimage"},"image":{"@id":"https:\/\/gymfactory.eu\/fr\/produit\/set-dhalteres-avec-rack-x2\/#primaryimage"},"thumbnailUrl":"https:\/\/gymfactory.eu\/wp-content\/uploads\/2025\/03\/X2-Dumbbell-Set-with-Rack-Right-Side.webp","datePublished":"2025-03-05T10:03:50+00:00","description":"Le set d\u2019halt\u00e8res avec rack X2 est parfait pour les home gyms et les salles de sport commerciales, offrant une configuration compl\u00e8te pour le fitness et les entra\u00eenements de force.","breadcrumb":{"@id":"https:\/\/gymfactory.eu\/fr\/produit\/set-dhalteres-avec-rack-x2\/#breadcrumb"},"inLanguage":"fr-FR","potentialAction":[{"@type":"ReadAction","target":["https:\/\/gymfactory.eu\/fr\/produit\/set-dhalteres-avec-rack-x2\/"]}]},{"@type":"ImageObject","inLanguage":"fr-FR","@id":"https:\/\/gymfactory.eu\/fr\/produit\/set-dhalteres-avec-rack-x2\/#primaryimage","url":"https:\/\/gymfactory.eu\/wp-content\/uploads\/2025\/03\/X2-Dumbbell-Set-with-Rack-Right-Side.webp","contentUrl":"https:\/\/gymfactory.eu\/wp-content\/uploads\/2025\/03\/X2-Dumbbell-Set-with-Rack-Right-Side.webp","width":1500,"height":1500,"caption":"A sturdy dumbbell rack holding multiple pairs of black hex dumbbells, designed for strength training in commercial gyms and home fitness environments."},{"@type":"BreadcrumbList","@id":"https:\/\/gymfactory.eu\/fr\/produit\/set-dhalteres-avec-rack-x2\/#breadcrumb","itemListElement":[{"@type":"ListItem","position":1,"name":"Home","item":"https:\/\/gymfactory.eu\/fr\/page-principale\/"},{"@type":"ListItem","position":2,"name":"Catalogue","item":"https:\/\/gymfactory.eu\/fr\/catalogue-2\/"},{"@type":"ListItem","position":3,"name":"Set d\u2019Halt\u00e8res avec Rack X2"}]},{"@type":"WebSite","@id":"https:\/\/gymfactory.eu\/fr\/#website","url":"https:\/\/gymfactory.eu\/fr\/","name":"Gym Factory","description":"","publisher":{"@id":"https:\/\/gymfactory.eu\/fr\/#organization"},"potentialAction":[{"@type":"SearchAction","target":{"@type":"EntryPoint","urlTemplate":"https:\/\/gymfactory.eu\/fr\/?s={search_term_string}"},"query-input":{"@type":"PropertyValueSpecification","valueRequired":true,"valueName":"search_term_string"}}],"inLanguage":"fr-FR"},{"@type":"Organization","@id":"https:\/\/gymfactory.eu\/fr\/#organization","name":"Gym Factory","url":"https:\/\/gymfactory.eu\/fr\/","logo":{"@type":"ImageObject","inLanguage":"fr-FR","@id":"https:\/\/gymfactory.eu\/fr\/#\/schema\/logo\/image\/","url":"https:\/\/gymfactory.eu\/wp-content\/uploads\/2024\/11\/Component-1.svg","contentUrl":"https:\/\/gymfactory.eu\/wp-content\/uploads\/2024\/11\/Component-1.svg","width":54,"height":44,"caption":"Gym Factory"},"image":{"@id":"https:\/\/gymfactory.eu\/fr\/#\/schema\/logo\/image\/"}}]}},"_links":{"self":[{"href":"https:\/\/gymfactory.eu\/fr\/wp-json\/wp\/v2\/product\/29814","targetHints":{"allow":["GET"]}}],"collection":[{"href":"https:\/\/gymfactory.eu\/fr\/wp-json\/wp\/v2\/product"}],"about":[{"href":"https:\/\/gymfactory.eu\/fr\/wp-json\/wp\/v2\/types\/product"}],"wp:featuredmedia":[{"embeddable":true,"href":"https:\/\/gymfactory.eu\/fr\/wp-json\/wp\/v2\/media\/29816"}],"wp:attachment":[{"href":"https:\/\/gymfactory.eu\/fr\/wp-json\/wp\/v2\/media?parent=29814"}],"wp:term":[{"taxonomy":"product_brand","embeddable":true,"href":"https:\/\/gymfactory.eu\/fr\/wp-json\/wp\/v2\/product_brand?post=29814"},{"taxonomy":"product_cat","embeddable":true,"href":"https:\/\/gymfactory.eu\/fr\/wp-json\/wp\/v2\/product_cat?post=29814"},{"taxonomy":"product_tag","embeddable":true,"href":"https:\/\/gymfactory.eu\/fr\/wp-json\/wp\/v2\/product_tag?post=29814"}],"curies":[{"name":"wp","href":"https:\/\/api.w.org\/{rel}","templated":true}]}}