{"id":29799,"date":"2025-03-03T11:34:03","date_gmt":"2025-03-03T09:34:03","guid":{"rendered":"https:\/\/gymfactory.eu\/product\/valises-en-fonte-lourdes-z08\/"},"modified":"2025-03-03T11:34:03","modified_gmt":"2025-03-03T09:34:03","slug":"valises-en-fonte-lourdes-z08","status":"publish","type":"product","link":"https:\/\/gymfactory.eu\/fr\/produit\/valises-en-fonte-lourdes-z08\/","title":{"rendered":"Valises en Fonte Lourdes Z08"},"content":{"rendered":"<p>Les valises en fonte lourdes Z08 sont un \u00e9quipement de musculation con\u00e7u pour l\u2019entra\u00eenement de type strongman (marche du fermier). Chaque unit\u00e9 p\u00e8se 50 kg et comprend des \u00e9pis de chargement qui vous permettent d\u2019ajouter des poids suppl\u00e9mentaires selon vos besoins. <\/p>\n<p>Ces valises sont utilis\u00e9es pour d\u00e9velopper la force de pr\u00e9hension, la puissance globale du corps et l\u2019endurance de portage \u2014 un outil fonctionnel pour les athl\u00e8tes de force avanc\u00e9s et le conditionnement de type strongman.<\/p>\n\n    <div class=\"xs_social_share_widget xs_share_url after_content \t\tmain_content  wslu-style-1 wslu-share-box-shaped wslu-fill-colored wslu-none wslu-share-horizontal wslu-theme-font-no wslu-main_content\">\n\n\t\t\n        <ul>\n\t\t\t        <\/ul>\n    <\/div> \n","protected":false},"excerpt":{"rendered":"<p>Les valises en fonte lourdes Z08 sont un \u00e9quipement de musculation con\u00e7u pour l\u2019entra\u00eenement de type strongman (marche du fermier). Chaque unit\u00e9 p\u00e8se 50 kg et comprend des \u00e9pis de chargement qui vous permettent d\u2019ajouter des poids suppl\u00e9mentaires selon vos besoins. Ces valises sont utilis\u00e9es pour d\u00e9velopper la force de pr\u00e9hension, la puissance globale du [&hellip;]<\/p>\n","protected":false},"featured_media":29800,"template":"","meta":{"_acf_changed":false},"product_brand":[56],"product_cat":[824],"product_tag":[857],"class_list":{"0":"post-29799","1":"product","2":"type-product","3":"status-publish","4":"has-post-thumbnail","6":"product_brand-gym-factory","7":"product_cat-barres-et-disques","8":"product_tag-couleur-metal-uniquement","10":"first","11":"onbackorder","12":"taxable","13":"shipping-taxable","14":"purchasable","15":"product-type-simple"},"acf":[],"yoast_head":"<!-- This site is optimized with the Yoast SEO plugin v25.2 - https:\/\/yoast.com\/wordpress\/plugins\/seo\/ -->\n<title>Valises en Fonte Lourdes Z08 \u2013 \u00c9quipement de Musculation<\/title>\n<meta name=\"description\" content=\"Ces valises en fonte lourdes sont le meilleur \u00e9quipement de musculation pour les home gyms et les salles de sport commerciales, offrant une conception compacte et durable pour des entra\u00eenements de force complets du corps.\" \/>\n<meta name=\"robots\" content=\"index, follow, max-snippet:-1, max-image-preview:large, max-video-preview:-1\" \/>\n<link rel=\"canonical\" href=\"https:\/\/gymfactory.eu\/fr\/produit\/valises-en-fonte-lourdes-z08\/\" \/>\n<meta property=\"og:locale\" content=\"fr_FR\" \/>\n<meta property=\"og:type\" content=\"article\" \/>\n<meta property=\"og:title\" content=\"Valises en Fonte Lourdes Z08 \u2013 \u00c9quipement de Musculation\" \/>\n<meta property=\"og:description\" content=\"Ces valises en fonte lourdes sont le meilleur \u00e9quipement de musculation pour les home gyms et les salles de sport commerciales, offrant une conception compacte et durable pour des entra\u00eenements de force complets du corps.\" \/>\n<meta property=\"og:url\" content=\"https:\/\/gymfactory.eu\/fr\/produit\/valises-en-fonte-lourdes-z08\/\" \/>\n<meta property=\"og:site_name\" content=\"Gym Factory\" \/>\n<meta property=\"og:image\" content=\"https:\/\/gymfactory.eu\/wp-content\/uploads\/2025\/03\/z08-high-quality-steel-structure-heavy-iron-suitcases-2.webp\" \/>\n\t<meta property=\"og:image:width\" content=\"1500\" \/>\n\t<meta property=\"og:image:height\" content=\"1500\" \/>\n\t<meta property=\"og:image:type\" content=\"image\/webp\" \/>\n<meta name=\"twitter:card\" content=\"summary_large_image\" \/>\n<script type=\"application\/ld+json\" class=\"yoast-schema-graph\">{\"@context\":\"https:\/\/schema.org\",\"@graph\":[{\"@type\":\"WebPage\",\"@id\":\"https:\/\/gymfactory.eu\/fr\/produit\/valises-en-fonte-lourdes-z08\/\",\"url\":\"https:\/\/gymfactory.eu\/fr\/produit\/valises-en-fonte-lourdes-z08\/\",\"name\":\"Valises en Fonte Lourdes Z08 \u2013 \u00c9quipement de Musculation\",\"isPartOf\":{\"@id\":\"https:\/\/gymfactory.eu\/fr\/#website\"},\"primaryImageOfPage\":{\"@id\":\"https:\/\/gymfactory.eu\/fr\/produit\/valises-en-fonte-lourdes-z08\/#primaryimage\"},\"image\":{\"@id\":\"https:\/\/gymfactory.eu\/fr\/produit\/valises-en-fonte-lourdes-z08\/#primaryimage\"},\"thumbnailUrl\":\"https:\/\/gymfactory.eu\/wp-content\/uploads\/2025\/03\/z08-high-quality-steel-structure-heavy-iron-suitcases-2.webp\",\"datePublished\":\"2025-03-03T09:34:03+00:00\",\"description\":\"Ces valises en fonte lourdes sont le meilleur \u00e9quipement de musculation pour les home gyms et les salles de sport commerciales, offrant une conception compacte et durable pour des entra\u00eenements de force complets du corps.\",\"breadcrumb\":{\"@id\":\"https:\/\/gymfactory.eu\/fr\/produit\/valises-en-fonte-lourdes-z08\/#breadcrumb\"},\"inLanguage\":\"fr-FR\",\"potentialAction\":[{\"@type\":\"ReadAction\",\"target\":[\"https:\/\/gymfactory.eu\/fr\/produit\/valises-en-fonte-lourdes-z08\/\"]}]},{\"@type\":\"ImageObject\",\"inLanguage\":\"fr-FR\",\"@id\":\"https:\/\/gymfactory.eu\/fr\/produit\/valises-en-fonte-lourdes-z08\/#primaryimage\",\"url\":\"https:\/\/gymfactory.eu\/wp-content\/uploads\/2025\/03\/z08-high-quality-steel-structure-heavy-iron-suitcases-2.webp\",\"contentUrl\":\"https:\/\/gymfactory.eu\/wp-content\/uploads\/2025\/03\/z08-high-quality-steel-structure-heavy-iron-suitcases-2.webp\",\"width\":1500,\"height\":1500,\"caption\":\"A pair of high-quality steel structure heavy iron suitcases designed for strength training exercises. The black rectangular weights have a solid metal build, sturdy handles for secure grip, and metal rods for weight adjustments. The front displays a bold \\\"50\\\" marking, indicating the weight in kilograms.\"},{\"@type\":\"BreadcrumbList\",\"@id\":\"https:\/\/gymfactory.eu\/fr\/produit\/valises-en-fonte-lourdes-z08\/#breadcrumb\",\"itemListElement\":[{\"@type\":\"ListItem\",\"position\":1,\"name\":\"Home\",\"item\":\"https:\/\/gymfactory.eu\/fr\/page-principale\/\"},{\"@type\":\"ListItem\",\"position\":2,\"name\":\"Catalogue\",\"item\":\"https:\/\/gymfactory.eu\/fr\/catalogue-2\/\"},{\"@type\":\"ListItem\",\"position\":3,\"name\":\"Valises en Fonte Lourdes Z08\"}]},{\"@type\":\"WebSite\",\"@id\":\"https:\/\/gymfactory.eu\/fr\/#website\",\"url\":\"https:\/\/gymfactory.eu\/fr\/\",\"name\":\"Gym Factory\",\"description\":\"\",\"publisher\":{\"@id\":\"https:\/\/gymfactory.eu\/fr\/#organization\"},\"potentialAction\":[{\"@type\":\"SearchAction\",\"target\":{\"@type\":\"EntryPoint\",\"urlTemplate\":\"https:\/\/gymfactory.eu\/fr\/?s={search_term_string}\"},\"query-input\":{\"@type\":\"PropertyValueSpecification\",\"valueRequired\":true,\"valueName\":\"search_term_string\"}}],\"inLanguage\":\"fr-FR\"},{\"@type\":\"Organization\",\"@id\":\"https:\/\/gymfactory.eu\/fr\/#organization\",\"name\":\"Gym Factory\",\"url\":\"https:\/\/gymfactory.eu\/fr\/\",\"logo\":{\"@type\":\"ImageObject\",\"inLanguage\":\"fr-FR\",\"@id\":\"https:\/\/gymfactory.eu\/fr\/#\/schema\/logo\/image\/\",\"url\":\"https:\/\/gymfactory.eu\/wp-content\/uploads\/2024\/11\/Component-1.svg\",\"contentUrl\":\"https:\/\/gymfactory.eu\/wp-content\/uploads\/2024\/11\/Component-1.svg\",\"width\":54,\"height\":44,\"caption\":\"Gym Factory\"},\"image\":{\"@id\":\"https:\/\/gymfactory.eu\/fr\/#\/schema\/logo\/image\/\"}}]}<\/script>\n<!-- \/ Yoast SEO plugin. -->","yoast_head_json":{"title":"Valises en Fonte Lourdes Z08 \u2013 \u00c9quipement de Musculation","description":"Ces valises en fonte lourdes sont le meilleur \u00e9quipement de musculation pour les home gyms et les salles de sport commerciales, offrant une conception compacte et durable pour des entra\u00eenements de force complets du corps.","robots":{"index":"index","follow":"follow","max-snippet":"max-snippet:-1","max-image-preview":"max-image-preview:large","max-video-preview":"max-video-preview:-1"},"canonical":"https:\/\/gymfactory.eu\/fr\/produit\/valises-en-fonte-lourdes-z08\/","og_locale":"fr_FR","og_type":"article","og_title":"Valises en Fonte Lourdes Z08 \u2013 \u00c9quipement de Musculation","og_description":"Ces valises en fonte lourdes sont le meilleur \u00e9quipement de musculation pour les home gyms et les salles de sport commerciales, offrant une conception compacte et durable pour des entra\u00eenements de force complets du corps.","og_url":"https:\/\/gymfactory.eu\/fr\/produit\/valises-en-fonte-lourdes-z08\/","og_site_name":"Gym Factory","og_image":[{"width":1500,"height":1500,"url":"https:\/\/gymfactory.eu\/wp-content\/uploads\/2025\/03\/z08-high-quality-steel-structure-heavy-iron-suitcases-2.webp","type":"image\/webp"}],"twitter_card":"summary_large_image","schema":{"@context":"https:\/\/schema.org","@graph":[{"@type":"WebPage","@id":"https:\/\/gymfactory.eu\/fr\/produit\/valises-en-fonte-lourdes-z08\/","url":"https:\/\/gymfactory.eu\/fr\/produit\/valises-en-fonte-lourdes-z08\/","name":"Valises en Fonte Lourdes Z08 \u2013 \u00c9quipement de Musculation","isPartOf":{"@id":"https:\/\/gymfactory.eu\/fr\/#website"},"primaryImageOfPage":{"@id":"https:\/\/gymfactory.eu\/fr\/produit\/valises-en-fonte-lourdes-z08\/#primaryimage"},"image":{"@id":"https:\/\/gymfactory.eu\/fr\/produit\/valises-en-fonte-lourdes-z08\/#primaryimage"},"thumbnailUrl":"https:\/\/gymfactory.eu\/wp-content\/uploads\/2025\/03\/z08-high-quality-steel-structure-heavy-iron-suitcases-2.webp","datePublished":"2025-03-03T09:34:03+00:00","description":"Ces valises en fonte lourdes sont le meilleur \u00e9quipement de musculation pour les home gyms et les salles de sport commerciales, offrant une conception compacte et durable pour des entra\u00eenements de force complets du corps.","breadcrumb":{"@id":"https:\/\/gymfactory.eu\/fr\/produit\/valises-en-fonte-lourdes-z08\/#breadcrumb"},"inLanguage":"fr-FR","potentialAction":[{"@type":"ReadAction","target":["https:\/\/gymfactory.eu\/fr\/produit\/valises-en-fonte-lourdes-z08\/"]}]},{"@type":"ImageObject","inLanguage":"fr-FR","@id":"https:\/\/gymfactory.eu\/fr\/produit\/valises-en-fonte-lourdes-z08\/#primaryimage","url":"https:\/\/gymfactory.eu\/wp-content\/uploads\/2025\/03\/z08-high-quality-steel-structure-heavy-iron-suitcases-2.webp","contentUrl":"https:\/\/gymfactory.eu\/wp-content\/uploads\/2025\/03\/z08-high-quality-steel-structure-heavy-iron-suitcases-2.webp","width":1500,"height":1500,"caption":"A pair of high-quality steel structure heavy iron suitcases designed for strength training exercises. The black rectangular weights have a solid metal build, sturdy handles for secure grip, and metal rods for weight adjustments. The front displays a bold \"50\" marking, indicating the weight in kilograms."},{"@type":"BreadcrumbList","@id":"https:\/\/gymfactory.eu\/fr\/produit\/valises-en-fonte-lourdes-z08\/#breadcrumb","itemListElement":[{"@type":"ListItem","position":1,"name":"Home","item":"https:\/\/gymfactory.eu\/fr\/page-principale\/"},{"@type":"ListItem","position":2,"name":"Catalogue","item":"https:\/\/gymfactory.eu\/fr\/catalogue-2\/"},{"@type":"ListItem","position":3,"name":"Valises en Fonte Lourdes Z08"}]},{"@type":"WebSite","@id":"https:\/\/gymfactory.eu\/fr\/#website","url":"https:\/\/gymfactory.eu\/fr\/","name":"Gym Factory","description":"","publisher":{"@id":"https:\/\/gymfactory.eu\/fr\/#organization"},"potentialAction":[{"@type":"SearchAction","target":{"@type":"EntryPoint","urlTemplate":"https:\/\/gymfactory.eu\/fr\/?s={search_term_string}"},"query-input":{"@type":"PropertyValueSpecification","valueRequired":true,"valueName":"search_term_string"}}],"inLanguage":"fr-FR"},{"@type":"Organization","@id":"https:\/\/gymfactory.eu\/fr\/#organization","name":"Gym Factory","url":"https:\/\/gymfactory.eu\/fr\/","logo":{"@type":"ImageObject","inLanguage":"fr-FR","@id":"https:\/\/gymfactory.eu\/fr\/#\/schema\/logo\/image\/","url":"https:\/\/gymfactory.eu\/wp-content\/uploads\/2024\/11\/Component-1.svg","contentUrl":"https:\/\/gymfactory.eu\/wp-content\/uploads\/2024\/11\/Component-1.svg","width":54,"height":44,"caption":"Gym Factory"},"image":{"@id":"https:\/\/gymfactory.eu\/fr\/#\/schema\/logo\/image\/"}}]}},"_links":{"self":[{"href":"https:\/\/gymfactory.eu\/fr\/wp-json\/wp\/v2\/product\/29799","targetHints":{"allow":["GET"]}}],"collection":[{"href":"https:\/\/gymfactory.eu\/fr\/wp-json\/wp\/v2\/product"}],"about":[{"href":"https:\/\/gymfactory.eu\/fr\/wp-json\/wp\/v2\/types\/product"}],"wp:featuredmedia":[{"embeddable":true,"href":"https:\/\/gymfactory.eu\/fr\/wp-json\/wp\/v2\/media\/29800"}],"wp:attachment":[{"href":"https:\/\/gymfactory.eu\/fr\/wp-json\/wp\/v2\/media?parent=29799"}],"wp:term":[{"taxonomy":"product_brand","embeddable":true,"href":"https:\/\/gymfactory.eu\/fr\/wp-json\/wp\/v2\/product_brand?post=29799"},{"taxonomy":"product_cat","embeddable":true,"href":"https:\/\/gymfactory.eu\/fr\/wp-json\/wp\/v2\/product_cat?post=29799"},{"taxonomy":"product_tag","embeddable":true,"href":"https:\/\/gymfactory.eu\/fr\/wp-json\/wp\/v2\/product_tag?post=29799"}],"curies":[{"name":"wp","href":"https:\/\/api.w.org\/{rel}","templated":true}]}}