{"id":29780,"date":"2025-03-03T10:21:58","date_gmt":"2025-03-03T08:21:58","guid":{"rendered":"https:\/\/gymfactory.eu\/product\/poignee-de-rowing-multi-prises-z03xx\/"},"modified":"2025-03-03T10:21:58","modified_gmt":"2025-03-03T08:21:58","slug":"poignee-de-rowing-multi-prises-z03xx","status":"publish","type":"product","link":"https:\/\/gymfactory.eu\/fr\/produit\/poignee-de-rowing-multi-prises-z03xx\/","title":{"rendered":"Poign\u00e9e de Rowing Multi-Prises Z03XX"},"content":{"rendered":"<p>La poign\u00e9e de rowing multi-prises Z03XX est un \u00e9quipement de musculation con\u00e7u pour d\u00e9velopper la force du haut du corps gr\u00e2ce \u00e0 des mouvements de tirage. Elle dispose de plusieurs positions de prise, permettant un placement vari\u00e9 des mains et une activation musculaire diversifi\u00e9e pendant l\u2019entra\u00eenement. <\/p>\n<p>Cette poign\u00e9e est adapt\u00e9e \u00e0 une gamme d\u2019exercices de rowing et de tirage, offrant une utilisation polyvalente aussi bien dans les home gyms que dans les salles de sport commerciales.<\/p>\n\n    <div class=\"xs_social_share_widget xs_share_url after_content \t\tmain_content  wslu-style-1 wslu-share-box-shaped wslu-fill-colored wslu-none wslu-share-horizontal wslu-theme-font-no wslu-main_content\">\n\n\t\t\n        <ul>\n\t\t\t        <\/ul>\n    <\/div> \n","protected":false},"excerpt":{"rendered":"<p>La poign\u00e9e de rowing multi-prises Z03XX est un \u00e9quipement de musculation con\u00e7u pour d\u00e9velopper la force du haut du corps gr\u00e2ce \u00e0 des mouvements de tirage. Elle dispose de plusieurs positions de prise, permettant un placement vari\u00e9 des mains et une activation musculaire diversifi\u00e9e pendant l\u2019entra\u00eenement. Cette poign\u00e9e est adapt\u00e9e \u00e0 une gamme d\u2019exercices de [&hellip;]<\/p>\n","protected":false},"featured_media":29782,"template":"","meta":{"_acf_changed":false},"product_brand":[56],"product_cat":[824],"product_tag":[857],"class_list":{"0":"post-29780","1":"product","2":"type-product","3":"status-publish","4":"has-post-thumbnail","6":"product_brand-gym-factory","7":"product_cat-barres-et-disques","8":"product_tag-couleur-metal-uniquement","10":"first","11":"onbackorder","12":"taxable","13":"shipping-taxable","14":"purchasable","15":"product-type-variable","16":"has-default-attributes"},"acf":[],"yoast_head":"<!-- This site is optimized with the Yoast SEO plugin v25.2 - https:\/\/yoast.com\/wordpress\/plugins\/seo\/ -->\n<title>Poign\u00e9e de Rowing Multi-Prises Z03XX \u2013 \u00c9quipement de Musculation<\/title>\n<meta name=\"description\" content=\"Cette poign\u00e9e de rowing multi-prises est un \u00e9quipement de musculation robuste, offrant de la polyvalence pour les entra\u00eenements du haut du corps et s\u2019int\u00e9grant parfaitement au fitness \u00e0 domicile.\" \/>\n<meta name=\"robots\" content=\"index, follow, max-snippet:-1, max-image-preview:large, max-video-preview:-1\" \/>\n<link rel=\"canonical\" href=\"https:\/\/gymfactory.eu\/fr\/produit\/poignee-de-rowing-multi-prises-z03xx\/\" \/>\n<meta property=\"og:locale\" content=\"fr_FR\" \/>\n<meta property=\"og:type\" content=\"article\" \/>\n<meta property=\"og:title\" content=\"Poign\u00e9e de Rowing Multi-Prises Z03XX \u2013 \u00c9quipement de Musculation\" \/>\n<meta property=\"og:description\" content=\"Cette poign\u00e9e de rowing multi-prises est un \u00e9quipement de musculation robuste, offrant de la polyvalence pour les entra\u00eenements du haut du corps et s\u2019int\u00e9grant parfaitement au fitness \u00e0 domicile.\" \/>\n<meta property=\"og:url\" content=\"https:\/\/gymfactory.eu\/fr\/produit\/poignee-de-rowing-multi-prises-z03xx\/\" \/>\n<meta property=\"og:site_name\" content=\"Gym Factory\" \/>\n<meta property=\"og:image\" content=\"https:\/\/gymfactory.eu\/wp-content\/uploads\/2025\/03\/Z03XX-high-quality-steel-structure-multi-grip-row-handle.webp\" \/>\n\t<meta property=\"og:image:width\" content=\"600\" \/>\n\t<meta property=\"og:image:height\" content=\"600\" \/>\n\t<meta property=\"og:image:type\" content=\"image\/webp\" \/>\n<meta name=\"twitter:card\" content=\"summary_large_image\" \/>\n<script type=\"application\/ld+json\" class=\"yoast-schema-graph\">{\"@context\":\"https:\/\/schema.org\",\"@graph\":[{\"@type\":\"WebPage\",\"@id\":\"https:\/\/gymfactory.eu\/fr\/produit\/poignee-de-rowing-multi-prises-z03xx\/\",\"url\":\"https:\/\/gymfactory.eu\/fr\/produit\/poignee-de-rowing-multi-prises-z03xx\/\",\"name\":\"Poign\u00e9e de Rowing Multi-Prises Z03XX \u2013 \u00c9quipement de Musculation\",\"isPartOf\":{\"@id\":\"https:\/\/gymfactory.eu\/fr\/#website\"},\"primaryImageOfPage\":{\"@id\":\"https:\/\/gymfactory.eu\/fr\/produit\/poignee-de-rowing-multi-prises-z03xx\/#primaryimage\"},\"image\":{\"@id\":\"https:\/\/gymfactory.eu\/fr\/produit\/poignee-de-rowing-multi-prises-z03xx\/#primaryimage\"},\"thumbnailUrl\":\"https:\/\/gymfactory.eu\/wp-content\/uploads\/2025\/03\/Z03XX-high-quality-steel-structure-multi-grip-row-handle.webp\",\"datePublished\":\"2025-03-03T08:21:58+00:00\",\"description\":\"Cette poign\u00e9e de rowing multi-prises est un \u00e9quipement de musculation robuste, offrant de la polyvalence pour les entra\u00eenements du haut du corps et s\u2019int\u00e9grant parfaitement au fitness \u00e0 domicile.\",\"breadcrumb\":{\"@id\":\"https:\/\/gymfactory.eu\/fr\/produit\/poignee-de-rowing-multi-prises-z03xx\/#breadcrumb\"},\"inLanguage\":\"fr-FR\",\"potentialAction\":[{\"@type\":\"ReadAction\",\"target\":[\"https:\/\/gymfactory.eu\/fr\/produit\/poignee-de-rowing-multi-prises-z03xx\/\"]}]},{\"@type\":\"ImageObject\",\"inLanguage\":\"fr-FR\",\"@id\":\"https:\/\/gymfactory.eu\/fr\/produit\/poignee-de-rowing-multi-prises-z03xx\/#primaryimage\",\"url\":\"https:\/\/gymfactory.eu\/wp-content\/uploads\/2025\/03\/Z03XX-high-quality-steel-structure-multi-grip-row-handle.webp\",\"contentUrl\":\"https:\/\/gymfactory.eu\/wp-content\/uploads\/2025\/03\/Z03XX-high-quality-steel-structure-multi-grip-row-handle.webp\",\"width\":600,\"height\":600,\"caption\":\"A high-quality steel structure multi-grip row handle designed for strength training exercise equipment. The handle features multiple grip positions for varied muscle engagement, a durable black powder-coated finish, and a central attachment point for secure connection to cable machines or landmine attachments. Ideal for back and upper body workouts, this accessory enhances gym setups for versatile training.\"},{\"@type\":\"BreadcrumbList\",\"@id\":\"https:\/\/gymfactory.eu\/fr\/produit\/poignee-de-rowing-multi-prises-z03xx\/#breadcrumb\",\"itemListElement\":[{\"@type\":\"ListItem\",\"position\":1,\"name\":\"Home\",\"item\":\"https:\/\/gymfactory.eu\/fr\/\"},{\"@type\":\"ListItem\",\"position\":2,\"name\":\"Catalogue\",\"item\":\"https:\/\/gymfactory.eu\/catalogue\/\"},{\"@type\":\"ListItem\",\"position\":3,\"name\":\"Poign\u00e9e de Rowing Multi-Prises Z03XX\"}]},{\"@type\":\"WebSite\",\"@id\":\"https:\/\/gymfactory.eu\/fr\/#website\",\"url\":\"https:\/\/gymfactory.eu\/fr\/\",\"name\":\"Gym Factory\",\"description\":\"\",\"publisher\":{\"@id\":\"https:\/\/gymfactory.eu\/fr\/#organization\"},\"potentialAction\":[{\"@type\":\"SearchAction\",\"target\":{\"@type\":\"EntryPoint\",\"urlTemplate\":\"https:\/\/gymfactory.eu\/fr\/?s={search_term_string}\"},\"query-input\":{\"@type\":\"PropertyValueSpecification\",\"valueRequired\":true,\"valueName\":\"search_term_string\"}}],\"inLanguage\":\"fr-FR\"},{\"@type\":\"Organization\",\"@id\":\"https:\/\/gymfactory.eu\/fr\/#organization\",\"name\":\"Gym Factory\",\"url\":\"https:\/\/gymfactory.eu\/fr\/\",\"logo\":{\"@type\":\"ImageObject\",\"inLanguage\":\"fr-FR\",\"@id\":\"https:\/\/gymfactory.eu\/fr\/#\/schema\/logo\/image\/\",\"url\":\"https:\/\/gymfactory.eu\/wp-content\/uploads\/2024\/11\/Component-1.svg\",\"contentUrl\":\"https:\/\/gymfactory.eu\/wp-content\/uploads\/2024\/11\/Component-1.svg\",\"width\":54,\"height\":44,\"caption\":\"Gym Factory\"},\"image\":{\"@id\":\"https:\/\/gymfactory.eu\/fr\/#\/schema\/logo\/image\/\"}}]}<\/script>\n<!-- \/ Yoast SEO plugin. -->","yoast_head_json":{"title":"Poign\u00e9e de Rowing Multi-Prises Z03XX \u2013 \u00c9quipement de Musculation","description":"Cette poign\u00e9e de rowing multi-prises est un \u00e9quipement de musculation robuste, offrant de la polyvalence pour les entra\u00eenements du haut du corps et s\u2019int\u00e9grant parfaitement au fitness \u00e0 domicile.","robots":{"index":"index","follow":"follow","max-snippet":"max-snippet:-1","max-image-preview":"max-image-preview:large","max-video-preview":"max-video-preview:-1"},"canonical":"https:\/\/gymfactory.eu\/fr\/produit\/poignee-de-rowing-multi-prises-z03xx\/","og_locale":"fr_FR","og_type":"article","og_title":"Poign\u00e9e de Rowing Multi-Prises Z03XX \u2013 \u00c9quipement de Musculation","og_description":"Cette poign\u00e9e de rowing multi-prises est un \u00e9quipement de musculation robuste, offrant de la polyvalence pour les entra\u00eenements du haut du corps et s\u2019int\u00e9grant parfaitement au fitness \u00e0 domicile.","og_url":"https:\/\/gymfactory.eu\/fr\/produit\/poignee-de-rowing-multi-prises-z03xx\/","og_site_name":"Gym Factory","og_image":[{"width":600,"height":600,"url":"https:\/\/gymfactory.eu\/wp-content\/uploads\/2025\/03\/Z03XX-high-quality-steel-structure-multi-grip-row-handle.webp","type":"image\/webp"}],"twitter_card":"summary_large_image","schema":{"@context":"https:\/\/schema.org","@graph":[{"@type":"WebPage","@id":"https:\/\/gymfactory.eu\/fr\/produit\/poignee-de-rowing-multi-prises-z03xx\/","url":"https:\/\/gymfactory.eu\/fr\/produit\/poignee-de-rowing-multi-prises-z03xx\/","name":"Poign\u00e9e de Rowing Multi-Prises Z03XX \u2013 \u00c9quipement de Musculation","isPartOf":{"@id":"https:\/\/gymfactory.eu\/fr\/#website"},"primaryImageOfPage":{"@id":"https:\/\/gymfactory.eu\/fr\/produit\/poignee-de-rowing-multi-prises-z03xx\/#primaryimage"},"image":{"@id":"https:\/\/gymfactory.eu\/fr\/produit\/poignee-de-rowing-multi-prises-z03xx\/#primaryimage"},"thumbnailUrl":"https:\/\/gymfactory.eu\/wp-content\/uploads\/2025\/03\/Z03XX-high-quality-steel-structure-multi-grip-row-handle.webp","datePublished":"2025-03-03T08:21:58+00:00","description":"Cette poign\u00e9e de rowing multi-prises est un \u00e9quipement de musculation robuste, offrant de la polyvalence pour les entra\u00eenements du haut du corps et s\u2019int\u00e9grant parfaitement au fitness \u00e0 domicile.","breadcrumb":{"@id":"https:\/\/gymfactory.eu\/fr\/produit\/poignee-de-rowing-multi-prises-z03xx\/#breadcrumb"},"inLanguage":"fr-FR","potentialAction":[{"@type":"ReadAction","target":["https:\/\/gymfactory.eu\/fr\/produit\/poignee-de-rowing-multi-prises-z03xx\/"]}]},{"@type":"ImageObject","inLanguage":"fr-FR","@id":"https:\/\/gymfactory.eu\/fr\/produit\/poignee-de-rowing-multi-prises-z03xx\/#primaryimage","url":"https:\/\/gymfactory.eu\/wp-content\/uploads\/2025\/03\/Z03XX-high-quality-steel-structure-multi-grip-row-handle.webp","contentUrl":"https:\/\/gymfactory.eu\/wp-content\/uploads\/2025\/03\/Z03XX-high-quality-steel-structure-multi-grip-row-handle.webp","width":600,"height":600,"caption":"A high-quality steel structure multi-grip row handle designed for strength training exercise equipment. The handle features multiple grip positions for varied muscle engagement, a durable black powder-coated finish, and a central attachment point for secure connection to cable machines or landmine attachments. Ideal for back and upper body workouts, this accessory enhances gym setups for versatile training."},{"@type":"BreadcrumbList","@id":"https:\/\/gymfactory.eu\/fr\/produit\/poignee-de-rowing-multi-prises-z03xx\/#breadcrumb","itemListElement":[{"@type":"ListItem","position":1,"name":"Home","item":"https:\/\/gymfactory.eu\/fr\/"},{"@type":"ListItem","position":2,"name":"Catalogue","item":"https:\/\/gymfactory.eu\/catalogue\/"},{"@type":"ListItem","position":3,"name":"Poign\u00e9e de Rowing Multi-Prises Z03XX"}]},{"@type":"WebSite","@id":"https:\/\/gymfactory.eu\/fr\/#website","url":"https:\/\/gymfactory.eu\/fr\/","name":"Gym Factory","description":"","publisher":{"@id":"https:\/\/gymfactory.eu\/fr\/#organization"},"potentialAction":[{"@type":"SearchAction","target":{"@type":"EntryPoint","urlTemplate":"https:\/\/gymfactory.eu\/fr\/?s={search_term_string}"},"query-input":{"@type":"PropertyValueSpecification","valueRequired":true,"valueName":"search_term_string"}}],"inLanguage":"fr-FR"},{"@type":"Organization","@id":"https:\/\/gymfactory.eu\/fr\/#organization","name":"Gym Factory","url":"https:\/\/gymfactory.eu\/fr\/","logo":{"@type":"ImageObject","inLanguage":"fr-FR","@id":"https:\/\/gymfactory.eu\/fr\/#\/schema\/logo\/image\/","url":"https:\/\/gymfactory.eu\/wp-content\/uploads\/2024\/11\/Component-1.svg","contentUrl":"https:\/\/gymfactory.eu\/wp-content\/uploads\/2024\/11\/Component-1.svg","width":54,"height":44,"caption":"Gym Factory"},"image":{"@id":"https:\/\/gymfactory.eu\/fr\/#\/schema\/logo\/image\/"}}]}},"_links":{"self":[{"href":"https:\/\/gymfactory.eu\/fr\/wp-json\/wp\/v2\/product\/29780","targetHints":{"allow":["GET"]}}],"collection":[{"href":"https:\/\/gymfactory.eu\/fr\/wp-json\/wp\/v2\/product"}],"about":[{"href":"https:\/\/gymfactory.eu\/fr\/wp-json\/wp\/v2\/types\/product"}],"wp:featuredmedia":[{"embeddable":true,"href":"https:\/\/gymfactory.eu\/fr\/wp-json\/wp\/v2\/media\/29782"}],"wp:attachment":[{"href":"https:\/\/gymfactory.eu\/fr\/wp-json\/wp\/v2\/media?parent=29780"}],"wp:term":[{"taxonomy":"product_brand","embeddable":true,"href":"https:\/\/gymfactory.eu\/fr\/wp-json\/wp\/v2\/product_brand?post=29780"},{"taxonomy":"product_cat","embeddable":true,"href":"https:\/\/gymfactory.eu\/fr\/wp-json\/wp\/v2\/product_cat?post=29780"},{"taxonomy":"product_tag","embeddable":true,"href":"https:\/\/gymfactory.eu\/fr\/wp-json\/wp\/v2\/product_tag?post=29780"}],"curies":[{"name":"wp","href":"https:\/\/api.w.org\/{rel}","templated":true}]}}