{"id":29776,"date":"2025-03-03T10:05:42","date_gmt":"2025-03-03T08:05:42","guid":{"rendered":"https:\/\/gymfactory.eu\/product\/barre-olympique-renforcee-z03g1\/"},"modified":"2025-03-03T10:05:42","modified_gmt":"2025-03-03T08:05:42","slug":"barre-olympique-renforcee-z03g1","status":"publish","type":"product","link":"https:\/\/gymfactory.eu\/fr\/produit\/barre-olympique-renforcee-z03g1\/","title":{"rendered":"Barre Olympique Renforc\u00e9e Z03G1"},"content":{"rendered":"<p>La barre olympique Z03G1 est un \u00e9quipement durable pour la musculation, con\u00e7u pour \u00eatre utilis\u00e9 avec des disques de poids olympiques (50 mm). Adapt\u00e9e aux home gyms ou aux salles de sport commerciales, elle permet de r\u00e9aliser des exercices tels que le rowing barre, les d\u00e9velopp\u00e9s, les squats et les soulev\u00e9s de terre. <\/p>\n<p>Sp\u00e9cifications principales :<\/p>\n<ul>\n<li>\u2022 Longueur totale : 220 cm<\/li>\n<li>\u2022 Diam\u00e8tre du manchon : 50 mm<\/li>\n<li>\u2022 Longueur du manchon : 39 cm<\/li>\n<li>\u2022 Diam\u00e8tre de la prise : 28 mm<\/li>\n<li>\u2022 Longueur de la prise : 134 cm<\/li>\n<li>\u2022 Poids de la barre : 20 kg<\/li>\n<li>\u2022 Capacit\u00e9 de charge maximale : 680 kg<\/li>\n<li>\u2022 Prise molet\u00e9e pour une manipulation s\u00e9curis\u00e9e pendant les soulev\u00e9s.<\/li>\n<\/ul>\n<p>La barre olympique Z03G1 offre de solides performances pour une vari\u00e9t\u00e9 d\u2019exercices de force, ce qui en fait un choix fiable pour toute configuration de salle de sport.<\/p>\n\n    <div class=\"xs_social_share_widget xs_share_url after_content \t\tmain_content  wslu-style-1 wslu-share-box-shaped wslu-fill-colored wslu-none wslu-share-horizontal wslu-theme-font-no wslu-main_content\">\n\n\t\t\n        <ul>\n\t\t\t        <\/ul>\n    <\/div> \n","protected":false},"excerpt":{"rendered":"<p>La barre olympique Z03G1 est un \u00e9quipement durable pour la musculation, con\u00e7u pour \u00eatre utilis\u00e9 avec des disques de poids olympiques (50 mm). Adapt\u00e9e aux home gyms ou aux salles de sport commerciales, elle permet de r\u00e9aliser des exercices tels que le rowing barre, les d\u00e9velopp\u00e9s, les squats et les soulev\u00e9s de terre. Sp\u00e9cifications principales [&hellip;]<\/p>\n","protected":false},"featured_media":29777,"template":"","meta":{"_acf_changed":false},"product_brand":[56],"product_cat":[824],"product_tag":[977],"class_list":{"0":"post-29776","1":"product","2":"type-product","3":"status-publish","4":"has-post-thumbnail","6":"product_brand-gym-factory","7":"product_cat-barres-et-disques","8":"product_tag-couleur-sans-couleurs","10":"first","11":"onbackorder","12":"taxable","13":"shipping-taxable","14":"purchasable","15":"product-type-simple"},"acf":[],"yoast_head":"<!-- This site is optimized with the Yoast SEO plugin v25.2 - https:\/\/yoast.com\/wordpress\/plugins\/seo\/ -->\n<title>Barre Olympique Z03G1 \u2013 \u00c9quipement Premium pour la Musculation<\/title>\n<meta name=\"description\" content=\"Fabriqu\u00e9e \u00e0 partir d\u2019une structure en acier de haute qualit\u00e9, la barre olympique Z03G1 est un \u00e9quipement de musculation offrant durabilit\u00e9, \u00e9quilibre et une prise en main s\u00e9curis\u00e9e.\" \/>\n<meta name=\"robots\" content=\"index, follow, max-snippet:-1, max-image-preview:large, max-video-preview:-1\" \/>\n<link rel=\"canonical\" href=\"https:\/\/gymfactory.eu\/fr\/produit\/barre-olympique-renforcee-z03g1\/\" \/>\n<meta property=\"og:locale\" content=\"fr_FR\" \/>\n<meta property=\"og:type\" content=\"article\" \/>\n<meta property=\"og:title\" content=\"Barre Olympique Z03G1 \u2013 \u00c9quipement Premium pour la Musculation\" \/>\n<meta property=\"og:description\" content=\"Fabriqu\u00e9e \u00e0 partir d\u2019une structure en acier de haute qualit\u00e9, la barre olympique Z03G1 est un \u00e9quipement de musculation offrant durabilit\u00e9, \u00e9quilibre et une prise en main s\u00e9curis\u00e9e.\" \/>\n<meta property=\"og:url\" content=\"https:\/\/gymfactory.eu\/fr\/produit\/barre-olympique-renforcee-z03g1\/\" \/>\n<meta property=\"og:site_name\" content=\"Gym Factory\" \/>\n<meta property=\"og:image\" content=\"https:\/\/gymfactory.eu\/wp-content\/uploads\/2025\/03\/equipment-for-weight-training-olympic-barbell-knurled-grip-1.webp\" \/>\n\t<meta property=\"og:image:width\" content=\"1500\" \/>\n\t<meta property=\"og:image:height\" content=\"1500\" \/>\n\t<meta property=\"og:image:type\" content=\"image\/webp\" \/>\n<meta name=\"twitter:card\" content=\"summary_large_image\" \/>\n<meta name=\"twitter:label1\" content=\"Dur\u00e9e de lecture estim\u00e9e\" \/>\n\t<meta name=\"twitter:data1\" content=\"1 minute\" \/>\n<script type=\"application\/ld+json\" class=\"yoast-schema-graph\">{\"@context\":\"https:\/\/schema.org\",\"@graph\":[{\"@type\":\"WebPage\",\"@id\":\"https:\/\/gymfactory.eu\/fr\/produit\/barre-olympique-renforcee-z03g1\/\",\"url\":\"https:\/\/gymfactory.eu\/fr\/produit\/barre-olympique-renforcee-z03g1\/\",\"name\":\"Barre Olympique Z03G1 \u2013 \u00c9quipement Premium pour la Musculation\",\"isPartOf\":{\"@id\":\"https:\/\/gymfactory.eu\/fr\/#website\"},\"primaryImageOfPage\":{\"@id\":\"https:\/\/gymfactory.eu\/fr\/produit\/barre-olympique-renforcee-z03g1\/#primaryimage\"},\"image\":{\"@id\":\"https:\/\/gymfactory.eu\/fr\/produit\/barre-olympique-renforcee-z03g1\/#primaryimage\"},\"thumbnailUrl\":\"https:\/\/gymfactory.eu\/wp-content\/uploads\/2025\/03\/equipment-for-weight-training-olympic-barbell-knurled-grip-1.webp\",\"datePublished\":\"2025-03-03T08:05:42+00:00\",\"description\":\"Fabriqu\u00e9e \u00e0 partir d\u2019une structure en acier de haute qualit\u00e9, la barre olympique Z03G1 est un \u00e9quipement de musculation offrant durabilit\u00e9, \u00e9quilibre et une prise en main s\u00e9curis\u00e9e.\",\"breadcrumb\":{\"@id\":\"https:\/\/gymfactory.eu\/fr\/produit\/barre-olympique-renforcee-z03g1\/#breadcrumb\"},\"inLanguage\":\"fr-FR\",\"potentialAction\":[{\"@type\":\"ReadAction\",\"target\":[\"https:\/\/gymfactory.eu\/fr\/produit\/barre-olympique-renforcee-z03g1\/\"]}]},{\"@type\":\"ImageObject\",\"inLanguage\":\"fr-FR\",\"@id\":\"https:\/\/gymfactory.eu\/fr\/produit\/barre-olympique-renforcee-z03g1\/#primaryimage\",\"url\":\"https:\/\/gymfactory.eu\/wp-content\/uploads\/2025\/03\/equipment-for-weight-training-olympic-barbell-knurled-grip-1.webp\",\"contentUrl\":\"https:\/\/gymfactory.eu\/wp-content\/uploads\/2025\/03\/equipment-for-weight-training-olympic-barbell-knurled-grip-1.webp\",\"width\":1500,\"height\":1500,\"caption\":\"Close-up of the knurled black shaft of an Olympic barbell, showcasing its textured grip for enhanced control. This equipment for weight training is designed for heavy lifting and professional use.\"},{\"@type\":\"BreadcrumbList\",\"@id\":\"https:\/\/gymfactory.eu\/fr\/produit\/barre-olympique-renforcee-z03g1\/#breadcrumb\",\"itemListElement\":[{\"@type\":\"ListItem\",\"position\":1,\"name\":\"Home\",\"item\":\"https:\/\/gymfactory.eu\/fr\/page-principale\/\"},{\"@type\":\"ListItem\",\"position\":2,\"name\":\"Catalogue\",\"item\":\"https:\/\/gymfactory.eu\/fr\/catalogue-2\/\"},{\"@type\":\"ListItem\",\"position\":3,\"name\":\"Barre Olympique Renforc\u00e9e Z03G1\"}]},{\"@type\":\"WebSite\",\"@id\":\"https:\/\/gymfactory.eu\/fr\/#website\",\"url\":\"https:\/\/gymfactory.eu\/fr\/\",\"name\":\"Gym Factory\",\"description\":\"\",\"publisher\":{\"@id\":\"https:\/\/gymfactory.eu\/fr\/#organization\"},\"potentialAction\":[{\"@type\":\"SearchAction\",\"target\":{\"@type\":\"EntryPoint\",\"urlTemplate\":\"https:\/\/gymfactory.eu\/fr\/?s={search_term_string}\"},\"query-input\":{\"@type\":\"PropertyValueSpecification\",\"valueRequired\":true,\"valueName\":\"search_term_string\"}}],\"inLanguage\":\"fr-FR\"},{\"@type\":\"Organization\",\"@id\":\"https:\/\/gymfactory.eu\/fr\/#organization\",\"name\":\"Gym Factory\",\"url\":\"https:\/\/gymfactory.eu\/fr\/\",\"logo\":{\"@type\":\"ImageObject\",\"inLanguage\":\"fr-FR\",\"@id\":\"https:\/\/gymfactory.eu\/fr\/#\/schema\/logo\/image\/\",\"url\":\"https:\/\/gymfactory.eu\/wp-content\/uploads\/2024\/11\/Component-1.svg\",\"contentUrl\":\"https:\/\/gymfactory.eu\/wp-content\/uploads\/2024\/11\/Component-1.svg\",\"width\":54,\"height\":44,\"caption\":\"Gym Factory\"},\"image\":{\"@id\":\"https:\/\/gymfactory.eu\/fr\/#\/schema\/logo\/image\/\"}}]}<\/script>\n<!-- \/ Yoast SEO plugin. -->","yoast_head_json":{"title":"Barre Olympique Z03G1 \u2013 \u00c9quipement Premium pour la Musculation","description":"Fabriqu\u00e9e \u00e0 partir d\u2019une structure en acier de haute qualit\u00e9, la barre olympique Z03G1 est un \u00e9quipement de musculation offrant durabilit\u00e9, \u00e9quilibre et une prise en main s\u00e9curis\u00e9e.","robots":{"index":"index","follow":"follow","max-snippet":"max-snippet:-1","max-image-preview":"max-image-preview:large","max-video-preview":"max-video-preview:-1"},"canonical":"https:\/\/gymfactory.eu\/fr\/produit\/barre-olympique-renforcee-z03g1\/","og_locale":"fr_FR","og_type":"article","og_title":"Barre Olympique Z03G1 \u2013 \u00c9quipement Premium pour la Musculation","og_description":"Fabriqu\u00e9e \u00e0 partir d\u2019une structure en acier de haute qualit\u00e9, la barre olympique Z03G1 est un \u00e9quipement de musculation offrant durabilit\u00e9, \u00e9quilibre et une prise en main s\u00e9curis\u00e9e.","og_url":"https:\/\/gymfactory.eu\/fr\/produit\/barre-olympique-renforcee-z03g1\/","og_site_name":"Gym Factory","og_image":[{"width":1500,"height":1500,"url":"https:\/\/gymfactory.eu\/wp-content\/uploads\/2025\/03\/equipment-for-weight-training-olympic-barbell-knurled-grip-1.webp","type":"image\/webp"}],"twitter_card":"summary_large_image","twitter_misc":{"Dur\u00e9e de lecture estim\u00e9e":"1 minute"},"schema":{"@context":"https:\/\/schema.org","@graph":[{"@type":"WebPage","@id":"https:\/\/gymfactory.eu\/fr\/produit\/barre-olympique-renforcee-z03g1\/","url":"https:\/\/gymfactory.eu\/fr\/produit\/barre-olympique-renforcee-z03g1\/","name":"Barre Olympique Z03G1 \u2013 \u00c9quipement Premium pour la Musculation","isPartOf":{"@id":"https:\/\/gymfactory.eu\/fr\/#website"},"primaryImageOfPage":{"@id":"https:\/\/gymfactory.eu\/fr\/produit\/barre-olympique-renforcee-z03g1\/#primaryimage"},"image":{"@id":"https:\/\/gymfactory.eu\/fr\/produit\/barre-olympique-renforcee-z03g1\/#primaryimage"},"thumbnailUrl":"https:\/\/gymfactory.eu\/wp-content\/uploads\/2025\/03\/equipment-for-weight-training-olympic-barbell-knurled-grip-1.webp","datePublished":"2025-03-03T08:05:42+00:00","description":"Fabriqu\u00e9e \u00e0 partir d\u2019une structure en acier de haute qualit\u00e9, la barre olympique Z03G1 est un \u00e9quipement de musculation offrant durabilit\u00e9, \u00e9quilibre et une prise en main s\u00e9curis\u00e9e.","breadcrumb":{"@id":"https:\/\/gymfactory.eu\/fr\/produit\/barre-olympique-renforcee-z03g1\/#breadcrumb"},"inLanguage":"fr-FR","potentialAction":[{"@type":"ReadAction","target":["https:\/\/gymfactory.eu\/fr\/produit\/barre-olympique-renforcee-z03g1\/"]}]},{"@type":"ImageObject","inLanguage":"fr-FR","@id":"https:\/\/gymfactory.eu\/fr\/produit\/barre-olympique-renforcee-z03g1\/#primaryimage","url":"https:\/\/gymfactory.eu\/wp-content\/uploads\/2025\/03\/equipment-for-weight-training-olympic-barbell-knurled-grip-1.webp","contentUrl":"https:\/\/gymfactory.eu\/wp-content\/uploads\/2025\/03\/equipment-for-weight-training-olympic-barbell-knurled-grip-1.webp","width":1500,"height":1500,"caption":"Close-up of the knurled black shaft of an Olympic barbell, showcasing its textured grip for enhanced control. This equipment for weight training is designed for heavy lifting and professional use."},{"@type":"BreadcrumbList","@id":"https:\/\/gymfactory.eu\/fr\/produit\/barre-olympique-renforcee-z03g1\/#breadcrumb","itemListElement":[{"@type":"ListItem","position":1,"name":"Home","item":"https:\/\/gymfactory.eu\/fr\/page-principale\/"},{"@type":"ListItem","position":2,"name":"Catalogue","item":"https:\/\/gymfactory.eu\/fr\/catalogue-2\/"},{"@type":"ListItem","position":3,"name":"Barre Olympique Renforc\u00e9e Z03G1"}]},{"@type":"WebSite","@id":"https:\/\/gymfactory.eu\/fr\/#website","url":"https:\/\/gymfactory.eu\/fr\/","name":"Gym Factory","description":"","publisher":{"@id":"https:\/\/gymfactory.eu\/fr\/#organization"},"potentialAction":[{"@type":"SearchAction","target":{"@type":"EntryPoint","urlTemplate":"https:\/\/gymfactory.eu\/fr\/?s={search_term_string}"},"query-input":{"@type":"PropertyValueSpecification","valueRequired":true,"valueName":"search_term_string"}}],"inLanguage":"fr-FR"},{"@type":"Organization","@id":"https:\/\/gymfactory.eu\/fr\/#organization","name":"Gym Factory","url":"https:\/\/gymfactory.eu\/fr\/","logo":{"@type":"ImageObject","inLanguage":"fr-FR","@id":"https:\/\/gymfactory.eu\/fr\/#\/schema\/logo\/image\/","url":"https:\/\/gymfactory.eu\/wp-content\/uploads\/2024\/11\/Component-1.svg","contentUrl":"https:\/\/gymfactory.eu\/wp-content\/uploads\/2024\/11\/Component-1.svg","width":54,"height":44,"caption":"Gym Factory"},"image":{"@id":"https:\/\/gymfactory.eu\/fr\/#\/schema\/logo\/image\/"}}]}},"_links":{"self":[{"href":"https:\/\/gymfactory.eu\/fr\/wp-json\/wp\/v2\/product\/29776","targetHints":{"allow":["GET"]}}],"collection":[{"href":"https:\/\/gymfactory.eu\/fr\/wp-json\/wp\/v2\/product"}],"about":[{"href":"https:\/\/gymfactory.eu\/fr\/wp-json\/wp\/v2\/types\/product"}],"wp:featuredmedia":[{"embeddable":true,"href":"https:\/\/gymfactory.eu\/fr\/wp-json\/wp\/v2\/media\/29777"}],"wp:attachment":[{"href":"https:\/\/gymfactory.eu\/fr\/wp-json\/wp\/v2\/media?parent=29776"}],"wp:term":[{"taxonomy":"product_brand","embeddable":true,"href":"https:\/\/gymfactory.eu\/fr\/wp-json\/wp\/v2\/product_brand?post=29776"},{"taxonomy":"product_cat","embeddable":true,"href":"https:\/\/gymfactory.eu\/fr\/wp-json\/wp\/v2\/product_cat?post=29776"},{"taxonomy":"product_tag","embeddable":true,"href":"https:\/\/gymfactory.eu\/fr\/wp-json\/wp\/v2\/product_tag?post=29776"}],"curies":[{"name":"wp","href":"https:\/\/api.w.org\/{rel}","templated":true}]}}