{"id":29770,"date":"2025-03-03T09:33:46","date_gmt":"2025-03-03T07:33:46","guid":{"rendered":"https:\/\/gymfactory.eu\/product\/support-pour-disques-z10x\/"},"modified":"2025-03-03T09:33:46","modified_gmt":"2025-03-03T07:33:46","slug":"support-pour-disques-z10x","status":"publish","type":"product","link":"https:\/\/gymfactory.eu\/fr\/produit\/support-pour-disques-z10x\/","title":{"rendered":"Support pour Disques Z10X"},"content":{"rendered":"<p>Le support pour disques Z10X est un rack de rangement sur pied con\u00e7u pour organiser les disques de poids dans toute configuration de salle de sport. Il dispose de 6 \u00e9pis de chargement, offrant un acc\u00e8s pratique aux disques. <\/p>\n<p>Ce rack permet de garder les zones d\u2019entra\u00eenement propres et efficaces, avec une conception stable qui s\u2019int\u00e8gre parfaitement dans les home gyms comme dans les salles de sport commerciales.<\/p>\n\n    <div class=\"xs_social_share_widget xs_share_url after_content \t\tmain_content  wslu-style-1 wslu-share-box-shaped wslu-fill-colored wslu-none wslu-share-horizontal wslu-theme-font-no wslu-main_content\">\n\n\t\t\n        <ul>\n\t\t\t        <\/ul>\n    <\/div> \n","protected":false},"excerpt":{"rendered":"<p>Le support pour disques Z10X est un rack de rangement sur pied con\u00e7u pour organiser les disques de poids dans toute configuration de salle de sport. Il dispose de 6 \u00e9pis de chargement, offrant un acc\u00e8s pratique aux disques. Ce rack permet de garder les zones d\u2019entra\u00eenement propres et efficaces, avec une conception stable qui [&hellip;]<\/p>\n","protected":false},"featured_media":29773,"template":"","meta":{"_acf_changed":false},"product_brand":[56],"product_cat":[824],"product_tag":[857],"class_list":{"0":"post-29770","1":"product","2":"type-product","3":"status-publish","4":"has-post-thumbnail","6":"product_brand-gym-factory","7":"product_cat-barres-et-disques","8":"product_tag-couleur-metal-uniquement","10":"first","11":"onbackorder","12":"taxable","13":"shipping-taxable","14":"purchasable","15":"product-type-variable","16":"has-default-attributes"},"acf":[],"yoast_head":"<!-- This site is optimized with the Yoast SEO plugin v25.2 - https:\/\/yoast.com\/wordpress\/plugins\/seo\/ -->\n<title>Support pour Disques Z10X \u2013 Structure en Acier de Haute Qualit\u00e9 pour Salle de Sport<\/title>\n<meta name=\"description\" content=\"Fabriqu\u00e9 \u00e0 partir d\u2019une structure en acier de haute qualit\u00e9, ce support pour disques offre durabilit\u00e9 et stabilit\u00e9. C\u2019est un choix judicieux pour toute configuration de salle de sport, gardant les poids bien organis\u00e9s.\" \/>\n<meta name=\"robots\" content=\"index, follow, max-snippet:-1, max-image-preview:large, max-video-preview:-1\" \/>\n<link rel=\"canonical\" href=\"https:\/\/gymfactory.eu\/fr\/produit\/support-pour-disques-z10x\/\" \/>\n<meta property=\"og:locale\" content=\"fr_FR\" \/>\n<meta property=\"og:type\" content=\"article\" \/>\n<meta property=\"og:title\" content=\"Support pour Disques Z10X \u2013 Structure en Acier de Haute Qualit\u00e9 pour Salle de Sport\" \/>\n<meta property=\"og:description\" content=\"Fabriqu\u00e9 \u00e0 partir d\u2019une structure en acier de haute qualit\u00e9, ce support pour disques offre durabilit\u00e9 et stabilit\u00e9. C\u2019est un choix judicieux pour toute configuration de salle de sport, gardant les poids bien organis\u00e9s.\" \/>\n<meta property=\"og:url\" content=\"https:\/\/gymfactory.eu\/fr\/produit\/support-pour-disques-z10x\/\" \/>\n<meta property=\"og:site_name\" content=\"Gym Factory\" \/>\n<meta property=\"og:image\" content=\"https:\/\/gymfactory.eu\/wp-content\/uploads\/2025\/03\/Z10x-Plate-Rack-1-1.webp\" \/>\n\t<meta property=\"og:image:width\" content=\"1500\" \/>\n\t<meta property=\"og:image:height\" content=\"1500\" \/>\n\t<meta property=\"og:image:type\" content=\"image\/webp\" \/>\n<meta name=\"twitter:card\" content=\"summary_large_image\" \/>\n<script type=\"application\/ld+json\" class=\"yoast-schema-graph\">{\"@context\":\"https:\/\/schema.org\",\"@graph\":[{\"@type\":\"WebPage\",\"@id\":\"https:\/\/gymfactory.eu\/fr\/produit\/support-pour-disques-z10x\/\",\"url\":\"https:\/\/gymfactory.eu\/fr\/produit\/support-pour-disques-z10x\/\",\"name\":\"Support pour Disques Z10X \u2013 Structure en Acier de Haute Qualit\u00e9 pour Salle de Sport\",\"isPartOf\":{\"@id\":\"https:\/\/gymfactory.eu\/fr\/#website\"},\"primaryImageOfPage\":{\"@id\":\"https:\/\/gymfactory.eu\/fr\/produit\/support-pour-disques-z10x\/#primaryimage\"},\"image\":{\"@id\":\"https:\/\/gymfactory.eu\/fr\/produit\/support-pour-disques-z10x\/#primaryimage\"},\"thumbnailUrl\":\"https:\/\/gymfactory.eu\/wp-content\/uploads\/2025\/03\/Z10x-Plate-Rack-1-1.webp\",\"datePublished\":\"2025-03-03T07:33:46+00:00\",\"description\":\"Fabriqu\u00e9 \u00e0 partir d\u2019une structure en acier de haute qualit\u00e9, ce support pour disques offre durabilit\u00e9 et stabilit\u00e9. C\u2019est un choix judicieux pour toute configuration de salle de sport, gardant les poids bien organis\u00e9s.\",\"breadcrumb\":{\"@id\":\"https:\/\/gymfactory.eu\/fr\/produit\/support-pour-disques-z10x\/#breadcrumb\"},\"inLanguage\":\"fr-FR\",\"potentialAction\":[{\"@type\":\"ReadAction\",\"target\":[\"https:\/\/gymfactory.eu\/fr\/produit\/support-pour-disques-z10x\/\"]}]},{\"@type\":\"ImageObject\",\"inLanguage\":\"fr-FR\",\"@id\":\"https:\/\/gymfactory.eu\/fr\/produit\/support-pour-disques-z10x\/#primaryimage\",\"url\":\"https:\/\/gymfactory.eu\/wp-content\/uploads\/2025\/03\/Z10x-Plate-Rack-1-1.webp\",\"contentUrl\":\"https:\/\/gymfactory.eu\/wp-content\/uploads\/2025\/03\/Z10x-Plate-Rack-1-1.webp\",\"width\":1500,\"height\":1500},{\"@type\":\"BreadcrumbList\",\"@id\":\"https:\/\/gymfactory.eu\/fr\/produit\/support-pour-disques-z10x\/#breadcrumb\",\"itemListElement\":[{\"@type\":\"ListItem\",\"position\":1,\"name\":\"Home\",\"item\":\"https:\/\/gymfactory.eu\/fr\/\"},{\"@type\":\"ListItem\",\"position\":2,\"name\":\"Catalogue\",\"item\":\"https:\/\/gymfactory.eu\/catalogue\/\"},{\"@type\":\"ListItem\",\"position\":3,\"name\":\"Support pour Disques Z10X\"}]},{\"@type\":\"WebSite\",\"@id\":\"https:\/\/gymfactory.eu\/fr\/#website\",\"url\":\"https:\/\/gymfactory.eu\/fr\/\",\"name\":\"Gym Factory\",\"description\":\"\",\"publisher\":{\"@id\":\"https:\/\/gymfactory.eu\/fr\/#organization\"},\"potentialAction\":[{\"@type\":\"SearchAction\",\"target\":{\"@type\":\"EntryPoint\",\"urlTemplate\":\"https:\/\/gymfactory.eu\/fr\/?s={search_term_string}\"},\"query-input\":{\"@type\":\"PropertyValueSpecification\",\"valueRequired\":true,\"valueName\":\"search_term_string\"}}],\"inLanguage\":\"fr-FR\"},{\"@type\":\"Organization\",\"@id\":\"https:\/\/gymfactory.eu\/fr\/#organization\",\"name\":\"Gym Factory\",\"url\":\"https:\/\/gymfactory.eu\/fr\/\",\"logo\":{\"@type\":\"ImageObject\",\"inLanguage\":\"fr-FR\",\"@id\":\"https:\/\/gymfactory.eu\/fr\/#\/schema\/logo\/image\/\",\"url\":\"https:\/\/gymfactory.eu\/wp-content\/uploads\/2024\/11\/Component-1.svg\",\"contentUrl\":\"https:\/\/gymfactory.eu\/wp-content\/uploads\/2024\/11\/Component-1.svg\",\"width\":54,\"height\":44,\"caption\":\"Gym Factory\"},\"image\":{\"@id\":\"https:\/\/gymfactory.eu\/fr\/#\/schema\/logo\/image\/\"}}]}<\/script>\n<!-- \/ Yoast SEO plugin. -->","yoast_head_json":{"title":"Support pour Disques Z10X \u2013 Structure en Acier de Haute Qualit\u00e9 pour Salle de Sport","description":"Fabriqu\u00e9 \u00e0 partir d\u2019une structure en acier de haute qualit\u00e9, ce support pour disques offre durabilit\u00e9 et stabilit\u00e9. C\u2019est un choix judicieux pour toute configuration de salle de sport, gardant les poids bien organis\u00e9s.","robots":{"index":"index","follow":"follow","max-snippet":"max-snippet:-1","max-image-preview":"max-image-preview:large","max-video-preview":"max-video-preview:-1"},"canonical":"https:\/\/gymfactory.eu\/fr\/produit\/support-pour-disques-z10x\/","og_locale":"fr_FR","og_type":"article","og_title":"Support pour Disques Z10X \u2013 Structure en Acier de Haute Qualit\u00e9 pour Salle de Sport","og_description":"Fabriqu\u00e9 \u00e0 partir d\u2019une structure en acier de haute qualit\u00e9, ce support pour disques offre durabilit\u00e9 et stabilit\u00e9. C\u2019est un choix judicieux pour toute configuration de salle de sport, gardant les poids bien organis\u00e9s.","og_url":"https:\/\/gymfactory.eu\/fr\/produit\/support-pour-disques-z10x\/","og_site_name":"Gym Factory","og_image":[{"width":1500,"height":1500,"url":"https:\/\/gymfactory.eu\/wp-content\/uploads\/2025\/03\/Z10x-Plate-Rack-1-1.webp","type":"image\/webp"}],"twitter_card":"summary_large_image","schema":{"@context":"https:\/\/schema.org","@graph":[{"@type":"WebPage","@id":"https:\/\/gymfactory.eu\/fr\/produit\/support-pour-disques-z10x\/","url":"https:\/\/gymfactory.eu\/fr\/produit\/support-pour-disques-z10x\/","name":"Support pour Disques Z10X \u2013 Structure en Acier de Haute Qualit\u00e9 pour Salle de Sport","isPartOf":{"@id":"https:\/\/gymfactory.eu\/fr\/#website"},"primaryImageOfPage":{"@id":"https:\/\/gymfactory.eu\/fr\/produit\/support-pour-disques-z10x\/#primaryimage"},"image":{"@id":"https:\/\/gymfactory.eu\/fr\/produit\/support-pour-disques-z10x\/#primaryimage"},"thumbnailUrl":"https:\/\/gymfactory.eu\/wp-content\/uploads\/2025\/03\/Z10x-Plate-Rack-1-1.webp","datePublished":"2025-03-03T07:33:46+00:00","description":"Fabriqu\u00e9 \u00e0 partir d\u2019une structure en acier de haute qualit\u00e9, ce support pour disques offre durabilit\u00e9 et stabilit\u00e9. C\u2019est un choix judicieux pour toute configuration de salle de sport, gardant les poids bien organis\u00e9s.","breadcrumb":{"@id":"https:\/\/gymfactory.eu\/fr\/produit\/support-pour-disques-z10x\/#breadcrumb"},"inLanguage":"fr-FR","potentialAction":[{"@type":"ReadAction","target":["https:\/\/gymfactory.eu\/fr\/produit\/support-pour-disques-z10x\/"]}]},{"@type":"ImageObject","inLanguage":"fr-FR","@id":"https:\/\/gymfactory.eu\/fr\/produit\/support-pour-disques-z10x\/#primaryimage","url":"https:\/\/gymfactory.eu\/wp-content\/uploads\/2025\/03\/Z10x-Plate-Rack-1-1.webp","contentUrl":"https:\/\/gymfactory.eu\/wp-content\/uploads\/2025\/03\/Z10x-Plate-Rack-1-1.webp","width":1500,"height":1500},{"@type":"BreadcrumbList","@id":"https:\/\/gymfactory.eu\/fr\/produit\/support-pour-disques-z10x\/#breadcrumb","itemListElement":[{"@type":"ListItem","position":1,"name":"Home","item":"https:\/\/gymfactory.eu\/fr\/"},{"@type":"ListItem","position":2,"name":"Catalogue","item":"https:\/\/gymfactory.eu\/catalogue\/"},{"@type":"ListItem","position":3,"name":"Support pour Disques Z10X"}]},{"@type":"WebSite","@id":"https:\/\/gymfactory.eu\/fr\/#website","url":"https:\/\/gymfactory.eu\/fr\/","name":"Gym Factory","description":"","publisher":{"@id":"https:\/\/gymfactory.eu\/fr\/#organization"},"potentialAction":[{"@type":"SearchAction","target":{"@type":"EntryPoint","urlTemplate":"https:\/\/gymfactory.eu\/fr\/?s={search_term_string}"},"query-input":{"@type":"PropertyValueSpecification","valueRequired":true,"valueName":"search_term_string"}}],"inLanguage":"fr-FR"},{"@type":"Organization","@id":"https:\/\/gymfactory.eu\/fr\/#organization","name":"Gym Factory","url":"https:\/\/gymfactory.eu\/fr\/","logo":{"@type":"ImageObject","inLanguage":"fr-FR","@id":"https:\/\/gymfactory.eu\/fr\/#\/schema\/logo\/image\/","url":"https:\/\/gymfactory.eu\/wp-content\/uploads\/2024\/11\/Component-1.svg","contentUrl":"https:\/\/gymfactory.eu\/wp-content\/uploads\/2024\/11\/Component-1.svg","width":54,"height":44,"caption":"Gym Factory"},"image":{"@id":"https:\/\/gymfactory.eu\/fr\/#\/schema\/logo\/image\/"}}]}},"_links":{"self":[{"href":"https:\/\/gymfactory.eu\/fr\/wp-json\/wp\/v2\/product\/29770","targetHints":{"allow":["GET"]}}],"collection":[{"href":"https:\/\/gymfactory.eu\/fr\/wp-json\/wp\/v2\/product"}],"about":[{"href":"https:\/\/gymfactory.eu\/fr\/wp-json\/wp\/v2\/types\/product"}],"wp:featuredmedia":[{"embeddable":true,"href":"https:\/\/gymfactory.eu\/fr\/wp-json\/wp\/v2\/media\/29773"}],"wp:attachment":[{"href":"https:\/\/gymfactory.eu\/fr\/wp-json\/wp\/v2\/media?parent=29770"}],"wp:term":[{"taxonomy":"product_brand","embeddable":true,"href":"https:\/\/gymfactory.eu\/fr\/wp-json\/wp\/v2\/product_brand?post=29770"},{"taxonomy":"product_cat","embeddable":true,"href":"https:\/\/gymfactory.eu\/fr\/wp-json\/wp\/v2\/product_cat?post=29770"},{"taxonomy":"product_tag","embeddable":true,"href":"https:\/\/gymfactory.eu\/fr\/wp-json\/wp\/v2\/product_tag?post=29770"}],"curies":[{"name":"wp","href":"https:\/\/api.w.org\/{rel}","templated":true}]}}