{"id":29766,"date":"2025-03-03T09:26:00","date_gmt":"2025-03-03T07:26:00","guid":{"rendered":"https:\/\/gymfactory.eu\/product\/support-pour-disques-z10s\/"},"modified":"2025-03-03T09:26:00","modified_gmt":"2025-03-03T07:26:00","slug":"support-pour-disques-z10s","status":"publish","type":"product","link":"https:\/\/gymfactory.eu\/fr\/produit\/support-pour-disques-z10s\/","title":{"rendered":"Support pour Disques Z10S"},"content":{"rendered":"<p>Le support pour disques Z10S est un rack de rangement mural con\u00e7u pour organiser les disques de poids dans un home gym ou une salle de sport commerciale. Il dispose de 6 \u00e9pis de chargement, permettant une utilisation efficace de l\u2019espace vertical et gardant les disques proprement rang\u00e9s hors du sol. <\/p>\n<p>Ce rack aide \u00e0 maintenir une zone d\u2019entra\u00eenement propre et accessible tout en \u00e9conomisant un espace pr\u00e9cieux au sol.<\/p>\n\n    <div class=\"xs_social_share_widget xs_share_url after_content \t\tmain_content  wslu-style-1 wslu-share-box-shaped wslu-fill-colored wslu-none wslu-share-horizontal wslu-theme-font-no wslu-main_content\">\n\n\t\t\n        <ul>\n\t\t\t        <\/ul>\n    <\/div> \n","protected":false},"excerpt":{"rendered":"<p>Le support pour disques Z10S est un rack de rangement mural con\u00e7u pour organiser les disques de poids dans un home gym ou une salle de sport commerciale. Il dispose de 6 \u00e9pis de chargement, permettant une utilisation efficace de l\u2019espace vertical et gardant les disques proprement rang\u00e9s hors du sol. Ce rack aide \u00e0 [&hellip;]<\/p>\n","protected":false},"featured_media":29769,"template":"","meta":{"_acf_changed":false},"product_brand":[56],"product_cat":[824],"product_tag":[857],"class_list":{"0":"post-29766","1":"product","2":"type-product","3":"status-publish","4":"has-post-thumbnail","6":"product_brand-gym-factory","7":"product_cat-barres-et-disques","8":"product_tag-couleur-metal-uniquement","10":"first","11":"onbackorder","12":"taxable","13":"shipping-taxable","14":"purchasable","15":"product-type-variable","16":"has-default-attributes"},"acf":[],"yoast_head":"<!-- This site is optimized with the Yoast SEO plugin v25.2 - https:\/\/yoast.com\/wordpress\/plugins\/seo\/ -->\n<title>Support pour Disques Z10S \u2013 Id\u00e9al pour Home Gym &amp; Salles de Sport Commerciales<\/title>\n<meta name=\"description\" content=\"Ce rack de rangement pour disques est id\u00e9al pour les home gyms et les salles de sport commerciales, offrant une conception robuste qui garde les disques de poids organis\u00e9s et accessibles tout en \u00e9conomisant de l\u2019espace.\" \/>\n<meta name=\"robots\" content=\"index, follow, max-snippet:-1, max-image-preview:large, max-video-preview:-1\" \/>\n<link rel=\"canonical\" href=\"https:\/\/gymfactory.eu\/fr\/produit\/support-pour-disques-z10s\/\" \/>\n<meta property=\"og:locale\" content=\"fr_FR\" \/>\n<meta property=\"og:type\" content=\"article\" \/>\n<meta property=\"og:title\" content=\"Support pour Disques Z10S \u2013 Id\u00e9al pour Home Gym &amp; Salles de Sport Commerciales\" \/>\n<meta property=\"og:description\" content=\"Ce rack de rangement pour disques est id\u00e9al pour les home gyms et les salles de sport commerciales, offrant une conception robuste qui garde les disques de poids organis\u00e9s et accessibles tout en \u00e9conomisant de l\u2019espace.\" \/>\n<meta property=\"og:url\" content=\"https:\/\/gymfactory.eu\/fr\/produit\/support-pour-disques-z10s\/\" \/>\n<meta property=\"og:site_name\" content=\"Gym Factory\" \/>\n<meta property=\"og:image\" content=\"https:\/\/gymfactory.eu\/wp-content\/uploads\/2025\/03\/z10ss-plate-rack-for-commercial-gyms-1-1.webp\" \/>\n\t<meta property=\"og:image:width\" content=\"1500\" \/>\n\t<meta property=\"og:image:height\" content=\"1500\" \/>\n\t<meta property=\"og:image:type\" content=\"image\/webp\" \/>\n<meta name=\"twitter:card\" content=\"summary_large_image\" \/>\n<script type=\"application\/ld+json\" class=\"yoast-schema-graph\">{\"@context\":\"https:\/\/schema.org\",\"@graph\":[{\"@type\":\"WebPage\",\"@id\":\"https:\/\/gymfactory.eu\/fr\/produit\/support-pour-disques-z10s\/\",\"url\":\"https:\/\/gymfactory.eu\/fr\/produit\/support-pour-disques-z10s\/\",\"name\":\"Support pour Disques Z10S \u2013 Id\u00e9al pour Home Gym & Salles de Sport Commerciales\",\"isPartOf\":{\"@id\":\"https:\/\/gymfactory.eu\/fr\/#website\"},\"primaryImageOfPage\":{\"@id\":\"https:\/\/gymfactory.eu\/fr\/produit\/support-pour-disques-z10s\/#primaryimage\"},\"image\":{\"@id\":\"https:\/\/gymfactory.eu\/fr\/produit\/support-pour-disques-z10s\/#primaryimage\"},\"thumbnailUrl\":\"https:\/\/gymfactory.eu\/wp-content\/uploads\/2025\/03\/z10ss-plate-rack-for-commercial-gyms-1-1.webp\",\"datePublished\":\"2025-03-03T07:26:00+00:00\",\"description\":\"Ce rack de rangement pour disques est id\u00e9al pour les home gyms et les salles de sport commerciales, offrant une conception robuste qui garde les disques de poids organis\u00e9s et accessibles tout en \u00e9conomisant de l\u2019espace.\",\"breadcrumb\":{\"@id\":\"https:\/\/gymfactory.eu\/fr\/produit\/support-pour-disques-z10s\/#breadcrumb\"},\"inLanguage\":\"fr-FR\",\"potentialAction\":[{\"@type\":\"ReadAction\",\"target\":[\"https:\/\/gymfactory.eu\/fr\/produit\/support-pour-disques-z10s\/\"]}]},{\"@type\":\"ImageObject\",\"inLanguage\":\"fr-FR\",\"@id\":\"https:\/\/gymfactory.eu\/fr\/produit\/support-pour-disques-z10s\/#primaryimage\",\"url\":\"https:\/\/gymfactory.eu\/wp-content\/uploads\/2025\/03\/z10ss-plate-rack-for-commercial-gyms-1-1.webp\",\"contentUrl\":\"https:\/\/gymfactory.eu\/wp-content\/uploads\/2025\/03\/z10ss-plate-rack-for-commercial-gyms-1-1.webp\",\"width\":1500,\"height\":1500,\"caption\":\"A black steel plate rack for commercial gyms, with four horizontal weight plate holders. The high-quality steel structure is built for long-term use, keeping gym spaces organized and weight plates easily accessible.\"},{\"@type\":\"BreadcrumbList\",\"@id\":\"https:\/\/gymfactory.eu\/fr\/produit\/support-pour-disques-z10s\/#breadcrumb\",\"itemListElement\":[{\"@type\":\"ListItem\",\"position\":1,\"name\":\"Home\",\"item\":\"https:\/\/gymfactory.eu\/fr\/page-principale\/\"},{\"@type\":\"ListItem\",\"position\":2,\"name\":\"Catalogue\",\"item\":\"https:\/\/gymfactory.eu\/fr\/catalogue-2\/\"},{\"@type\":\"ListItem\",\"position\":3,\"name\":\"Support pour Disques Z10S\"}]},{\"@type\":\"WebSite\",\"@id\":\"https:\/\/gymfactory.eu\/fr\/#website\",\"url\":\"https:\/\/gymfactory.eu\/fr\/\",\"name\":\"Gym Factory\",\"description\":\"\",\"publisher\":{\"@id\":\"https:\/\/gymfactory.eu\/fr\/#organization\"},\"potentialAction\":[{\"@type\":\"SearchAction\",\"target\":{\"@type\":\"EntryPoint\",\"urlTemplate\":\"https:\/\/gymfactory.eu\/fr\/?s={search_term_string}\"},\"query-input\":{\"@type\":\"PropertyValueSpecification\",\"valueRequired\":true,\"valueName\":\"search_term_string\"}}],\"inLanguage\":\"fr-FR\"},{\"@type\":\"Organization\",\"@id\":\"https:\/\/gymfactory.eu\/fr\/#organization\",\"name\":\"Gym Factory\",\"url\":\"https:\/\/gymfactory.eu\/fr\/\",\"logo\":{\"@type\":\"ImageObject\",\"inLanguage\":\"fr-FR\",\"@id\":\"https:\/\/gymfactory.eu\/fr\/#\/schema\/logo\/image\/\",\"url\":\"https:\/\/gymfactory.eu\/wp-content\/uploads\/2024\/11\/Component-1.svg\",\"contentUrl\":\"https:\/\/gymfactory.eu\/wp-content\/uploads\/2024\/11\/Component-1.svg\",\"width\":54,\"height\":44,\"caption\":\"Gym Factory\"},\"image\":{\"@id\":\"https:\/\/gymfactory.eu\/fr\/#\/schema\/logo\/image\/\"}}]}<\/script>\n<!-- \/ Yoast SEO plugin. -->","yoast_head_json":{"title":"Support pour Disques Z10S \u2013 Id\u00e9al pour Home Gym & Salles de Sport Commerciales","description":"Ce rack de rangement pour disques est id\u00e9al pour les home gyms et les salles de sport commerciales, offrant une conception robuste qui garde les disques de poids organis\u00e9s et accessibles tout en \u00e9conomisant de l\u2019espace.","robots":{"index":"index","follow":"follow","max-snippet":"max-snippet:-1","max-image-preview":"max-image-preview:large","max-video-preview":"max-video-preview:-1"},"canonical":"https:\/\/gymfactory.eu\/fr\/produit\/support-pour-disques-z10s\/","og_locale":"fr_FR","og_type":"article","og_title":"Support pour Disques Z10S \u2013 Id\u00e9al pour Home Gym & Salles de Sport Commerciales","og_description":"Ce rack de rangement pour disques est id\u00e9al pour les home gyms et les salles de sport commerciales, offrant une conception robuste qui garde les disques de poids organis\u00e9s et accessibles tout en \u00e9conomisant de l\u2019espace.","og_url":"https:\/\/gymfactory.eu\/fr\/produit\/support-pour-disques-z10s\/","og_site_name":"Gym Factory","og_image":[{"width":1500,"height":1500,"url":"https:\/\/gymfactory.eu\/wp-content\/uploads\/2025\/03\/z10ss-plate-rack-for-commercial-gyms-1-1.webp","type":"image\/webp"}],"twitter_card":"summary_large_image","schema":{"@context":"https:\/\/schema.org","@graph":[{"@type":"WebPage","@id":"https:\/\/gymfactory.eu\/fr\/produit\/support-pour-disques-z10s\/","url":"https:\/\/gymfactory.eu\/fr\/produit\/support-pour-disques-z10s\/","name":"Support pour Disques Z10S \u2013 Id\u00e9al pour Home Gym & Salles de Sport Commerciales","isPartOf":{"@id":"https:\/\/gymfactory.eu\/fr\/#website"},"primaryImageOfPage":{"@id":"https:\/\/gymfactory.eu\/fr\/produit\/support-pour-disques-z10s\/#primaryimage"},"image":{"@id":"https:\/\/gymfactory.eu\/fr\/produit\/support-pour-disques-z10s\/#primaryimage"},"thumbnailUrl":"https:\/\/gymfactory.eu\/wp-content\/uploads\/2025\/03\/z10ss-plate-rack-for-commercial-gyms-1-1.webp","datePublished":"2025-03-03T07:26:00+00:00","description":"Ce rack de rangement pour disques est id\u00e9al pour les home gyms et les salles de sport commerciales, offrant une conception robuste qui garde les disques de poids organis\u00e9s et accessibles tout en \u00e9conomisant de l\u2019espace.","breadcrumb":{"@id":"https:\/\/gymfactory.eu\/fr\/produit\/support-pour-disques-z10s\/#breadcrumb"},"inLanguage":"fr-FR","potentialAction":[{"@type":"ReadAction","target":["https:\/\/gymfactory.eu\/fr\/produit\/support-pour-disques-z10s\/"]}]},{"@type":"ImageObject","inLanguage":"fr-FR","@id":"https:\/\/gymfactory.eu\/fr\/produit\/support-pour-disques-z10s\/#primaryimage","url":"https:\/\/gymfactory.eu\/wp-content\/uploads\/2025\/03\/z10ss-plate-rack-for-commercial-gyms-1-1.webp","contentUrl":"https:\/\/gymfactory.eu\/wp-content\/uploads\/2025\/03\/z10ss-plate-rack-for-commercial-gyms-1-1.webp","width":1500,"height":1500,"caption":"A black steel plate rack for commercial gyms, with four horizontal weight plate holders. The high-quality steel structure is built for long-term use, keeping gym spaces organized and weight plates easily accessible."},{"@type":"BreadcrumbList","@id":"https:\/\/gymfactory.eu\/fr\/produit\/support-pour-disques-z10s\/#breadcrumb","itemListElement":[{"@type":"ListItem","position":1,"name":"Home","item":"https:\/\/gymfactory.eu\/fr\/page-principale\/"},{"@type":"ListItem","position":2,"name":"Catalogue","item":"https:\/\/gymfactory.eu\/fr\/catalogue-2\/"},{"@type":"ListItem","position":3,"name":"Support pour Disques Z10S"}]},{"@type":"WebSite","@id":"https:\/\/gymfactory.eu\/fr\/#website","url":"https:\/\/gymfactory.eu\/fr\/","name":"Gym Factory","description":"","publisher":{"@id":"https:\/\/gymfactory.eu\/fr\/#organization"},"potentialAction":[{"@type":"SearchAction","target":{"@type":"EntryPoint","urlTemplate":"https:\/\/gymfactory.eu\/fr\/?s={search_term_string}"},"query-input":{"@type":"PropertyValueSpecification","valueRequired":true,"valueName":"search_term_string"}}],"inLanguage":"fr-FR"},{"@type":"Organization","@id":"https:\/\/gymfactory.eu\/fr\/#organization","name":"Gym Factory","url":"https:\/\/gymfactory.eu\/fr\/","logo":{"@type":"ImageObject","inLanguage":"fr-FR","@id":"https:\/\/gymfactory.eu\/fr\/#\/schema\/logo\/image\/","url":"https:\/\/gymfactory.eu\/wp-content\/uploads\/2024\/11\/Component-1.svg","contentUrl":"https:\/\/gymfactory.eu\/wp-content\/uploads\/2024\/11\/Component-1.svg","width":54,"height":44,"caption":"Gym Factory"},"image":{"@id":"https:\/\/gymfactory.eu\/fr\/#\/schema\/logo\/image\/"}}]}},"_links":{"self":[{"href":"https:\/\/gymfactory.eu\/fr\/wp-json\/wp\/v2\/product\/29766","targetHints":{"allow":["GET"]}}],"collection":[{"href":"https:\/\/gymfactory.eu\/fr\/wp-json\/wp\/v2\/product"}],"about":[{"href":"https:\/\/gymfactory.eu\/fr\/wp-json\/wp\/v2\/types\/product"}],"wp:featuredmedia":[{"embeddable":true,"href":"https:\/\/gymfactory.eu\/fr\/wp-json\/wp\/v2\/media\/29769"}],"wp:attachment":[{"href":"https:\/\/gymfactory.eu\/fr\/wp-json\/wp\/v2\/media?parent=29766"}],"wp:term":[{"taxonomy":"product_brand","embeddable":true,"href":"https:\/\/gymfactory.eu\/fr\/wp-json\/wp\/v2\/product_brand?post=29766"},{"taxonomy":"product_cat","embeddable":true,"href":"https:\/\/gymfactory.eu\/fr\/wp-json\/wp\/v2\/product_cat?post=29766"},{"taxonomy":"product_tag","embeddable":true,"href":"https:\/\/gymfactory.eu\/fr\/wp-json\/wp\/v2\/product_tag?post=29766"}],"curies":[{"name":"wp","href":"https:\/\/api.w.org\/{rel}","templated":true}]}}