{"id":29760,"date":"2025-03-01T13:06:02","date_gmt":"2025-03-01T11:06:02","guid":{"rendered":"https:\/\/gymfactory.eu\/product\/verrou-de-securite-pour-smith-machine-z27\/"},"modified":"2025-03-01T13:06:02","modified_gmt":"2025-03-01T11:06:02","slug":"verrou-de-securite-pour-smith-machine-z27","status":"publish","type":"product","link":"https:\/\/gymfactory.eu\/fr\/produit\/verrou-de-securite-pour-smith-machine-z27\/","title":{"rendered":"Verrou de S\u00e9curit\u00e9 pour Smith Machine Z27"},"content":{"rendered":"<p>Le verrou de s\u00e9curit\u00e9 pour Smith machine Z27 est un \u00e9quipement de gym con\u00e7u pour am\u00e9liorer la s\u00e9curit\u00e9 de l\u2019utilisateur pendant l\u2019entra\u00eenement sur une machine guid\u00e9e (Smith machine). Sp\u00e9cifiquement compatible avec la <a href=\"https:\/\/gymfactory.eu\/?s=b5&amp;e_search_props=bac9fa6-573\" target=\"_blank\" rel=\"noopener\">s\u00e9rie B5<\/a>, ce verrou agit comme un cran de s\u00fbret\u00e9 au cas o\u00f9 la barre ne pourrait pas \u00eatre remont\u00e9e \u00e0 sa position de repos.<\/p>\n\n    <div class=\"xs_social_share_widget xs_share_url after_content \t\tmain_content  wslu-style-1 wslu-share-box-shaped wslu-fill-colored wslu-none wslu-share-horizontal wslu-theme-font-no wslu-main_content\">\n\n\t\t\n        <ul>\n\t\t\t        <\/ul>\n    <\/div> \n","protected":false},"excerpt":{"rendered":"<p>Le verrou de s\u00e9curit\u00e9 pour Smith machine Z27 est un \u00e9quipement de gym con\u00e7u pour am\u00e9liorer la s\u00e9curit\u00e9 de l\u2019utilisateur pendant l\u2019entra\u00eenement sur une machine guid\u00e9e (Smith machine). Sp\u00e9cifiquement compatible avec la s\u00e9rie B5, ce verrou agit comme un cran de s\u00fbret\u00e9 au cas o\u00f9 la barre ne pourrait pas \u00eatre remont\u00e9e \u00e0 sa position [&hellip;]<\/p>\n","protected":false},"featured_media":29761,"template":"","meta":{"_acf_changed":false},"product_brand":[56],"product_cat":[826],"product_tag":[857],"class_list":{"0":"post-29760","1":"product","2":"type-product","3":"status-publish","4":"has-post-thumbnail","6":"product_brand-gym-factory","7":"product_cat-accessoires-de-musculation","8":"product_tag-couleur-metal-uniquement","10":"first","11":"onbackorder","12":"taxable","13":"shipping-taxable","14":"purchasable","15":"product-type-variable"},"acf":[],"yoast_head":"<!-- This site is optimized with the Yoast SEO plugin v25.2 - https:\/\/yoast.com\/wordpress\/plugins\/seo\/ -->\n<title>Verrou de S\u00e9curit\u00e9 pour Smith Machine Z27 \u2013 \u00c9quipement de Gym S\u00e9curis\u00e9<\/title>\n<meta name=\"description\" content=\"Fabriqu\u00e9 \u00e0 partir d\u2019une structure en acier de haute qualit\u00e9, le Z27 assure une s\u00e9curit\u00e9 fiable pour votre \u00e9quipement de gym, renfor\u00e7ant la s\u00e9curit\u00e9 pendant les entra\u00eenements de musculation.\" \/>\n<meta name=\"robots\" content=\"index, follow, max-snippet:-1, max-image-preview:large, max-video-preview:-1\" \/>\n<link rel=\"canonical\" href=\"https:\/\/gymfactory.eu\/fr\/produit\/verrou-de-securite-pour-smith-machine-z27\/\" \/>\n<meta property=\"og:locale\" content=\"fr_FR\" \/>\n<meta property=\"og:type\" content=\"article\" \/>\n<meta property=\"og:title\" content=\"Verrou de S\u00e9curit\u00e9 pour Smith Machine Z27 \u2013 \u00c9quipement de Gym S\u00e9curis\u00e9\" \/>\n<meta property=\"og:description\" content=\"Fabriqu\u00e9 \u00e0 partir d\u2019une structure en acier de haute qualit\u00e9, le Z27 assure une s\u00e9curit\u00e9 fiable pour votre \u00e9quipement de gym, renfor\u00e7ant la s\u00e9curit\u00e9 pendant les entra\u00eenements de musculation.\" \/>\n<meta property=\"og:url\" content=\"https:\/\/gymfactory.eu\/fr\/produit\/verrou-de-securite-pour-smith-machine-z27\/\" \/>\n<meta property=\"og:site_name\" content=\"Gym Factory\" \/>\n<meta property=\"og:image\" content=\"https:\/\/gymfactory.eu\/wp-content\/uploads\/2025\/03\/Z27-high-quality-steel-structure-smith-machine-lock-1-1.webp\" \/>\n\t<meta property=\"og:image:width\" content=\"1500\" \/>\n\t<meta property=\"og:image:height\" content=\"1500\" \/>\n\t<meta property=\"og:image:type\" content=\"image\/webp\" \/>\n<meta name=\"twitter:card\" content=\"summary_large_image\" \/>\n<script type=\"application\/ld+json\" class=\"yoast-schema-graph\">{\"@context\":\"https:\/\/schema.org\",\"@graph\":[{\"@type\":\"WebPage\",\"@id\":\"https:\/\/gymfactory.eu\/fr\/produit\/verrou-de-securite-pour-smith-machine-z27\/\",\"url\":\"https:\/\/gymfactory.eu\/fr\/produit\/verrou-de-securite-pour-smith-machine-z27\/\",\"name\":\"Verrou de S\u00e9curit\u00e9 pour Smith Machine Z27 \u2013 \u00c9quipement de Gym S\u00e9curis\u00e9\",\"isPartOf\":{\"@id\":\"https:\/\/gymfactory.eu\/fr\/#website\"},\"primaryImageOfPage\":{\"@id\":\"https:\/\/gymfactory.eu\/fr\/produit\/verrou-de-securite-pour-smith-machine-z27\/#primaryimage\"},\"image\":{\"@id\":\"https:\/\/gymfactory.eu\/fr\/produit\/verrou-de-securite-pour-smith-machine-z27\/#primaryimage\"},\"thumbnailUrl\":\"https:\/\/gymfactory.eu\/wp-content\/uploads\/2025\/03\/Z27-high-quality-steel-structure-smith-machine-lock-1-1.webp\",\"datePublished\":\"2025-03-01T11:06:02+00:00\",\"description\":\"Fabriqu\u00e9 \u00e0 partir d\u2019une structure en acier de haute qualit\u00e9, le Z27 assure une s\u00e9curit\u00e9 fiable pour votre \u00e9quipement de gym, renfor\u00e7ant la s\u00e9curit\u00e9 pendant les entra\u00eenements de musculation.\",\"breadcrumb\":{\"@id\":\"https:\/\/gymfactory.eu\/fr\/produit\/verrou-de-securite-pour-smith-machine-z27\/#breadcrumb\"},\"inLanguage\":\"fr-FR\",\"potentialAction\":[{\"@type\":\"ReadAction\",\"target\":[\"https:\/\/gymfactory.eu\/fr\/produit\/verrou-de-securite-pour-smith-machine-z27\/\"]}]},{\"@type\":\"ImageObject\",\"inLanguage\":\"fr-FR\",\"@id\":\"https:\/\/gymfactory.eu\/fr\/produit\/verrou-de-securite-pour-smith-machine-z27\/#primaryimage\",\"url\":\"https:\/\/gymfactory.eu\/wp-content\/uploads\/2025\/03\/Z27-high-quality-steel-structure-smith-machine-lock-1-1.webp\",\"contentUrl\":\"https:\/\/gymfactory.eu\/wp-content\/uploads\/2025\/03\/Z27-high-quality-steel-structure-smith-machine-lock-1-1.webp\",\"width\":1500,\"height\":1500,\"caption\":\"A standalone Smith machine safety lock, crafted from a high-quality steel structure. The durable design features a welded joint and an elongated hole for easy installation on gym equipment, enhancing weightlifting safety.\"},{\"@type\":\"BreadcrumbList\",\"@id\":\"https:\/\/gymfactory.eu\/fr\/produit\/verrou-de-securite-pour-smith-machine-z27\/#breadcrumb\",\"itemListElement\":[{\"@type\":\"ListItem\",\"position\":1,\"name\":\"Home\",\"item\":\"https:\/\/gymfactory.eu\/fr\/page-principale\/\"},{\"@type\":\"ListItem\",\"position\":2,\"name\":\"Catalogue\",\"item\":\"https:\/\/gymfactory.eu\/fr\/catalogue-2\/\"},{\"@type\":\"ListItem\",\"position\":3,\"name\":\"Verrou de S\u00e9curit\u00e9 pour Smith Machine Z27\"}]},{\"@type\":\"WebSite\",\"@id\":\"https:\/\/gymfactory.eu\/fr\/#website\",\"url\":\"https:\/\/gymfactory.eu\/fr\/\",\"name\":\"Gym Factory\",\"description\":\"\",\"publisher\":{\"@id\":\"https:\/\/gymfactory.eu\/fr\/#organization\"},\"potentialAction\":[{\"@type\":\"SearchAction\",\"target\":{\"@type\":\"EntryPoint\",\"urlTemplate\":\"https:\/\/gymfactory.eu\/fr\/?s={search_term_string}\"},\"query-input\":{\"@type\":\"PropertyValueSpecification\",\"valueRequired\":true,\"valueName\":\"search_term_string\"}}],\"inLanguage\":\"fr-FR\"},{\"@type\":\"Organization\",\"@id\":\"https:\/\/gymfactory.eu\/fr\/#organization\",\"name\":\"Gym Factory\",\"url\":\"https:\/\/gymfactory.eu\/fr\/\",\"logo\":{\"@type\":\"ImageObject\",\"inLanguage\":\"fr-FR\",\"@id\":\"https:\/\/gymfactory.eu\/fr\/#\/schema\/logo\/image\/\",\"url\":\"https:\/\/gymfactory.eu\/wp-content\/uploads\/2024\/11\/Component-1.svg\",\"contentUrl\":\"https:\/\/gymfactory.eu\/wp-content\/uploads\/2024\/11\/Component-1.svg\",\"width\":54,\"height\":44,\"caption\":\"Gym Factory\"},\"image\":{\"@id\":\"https:\/\/gymfactory.eu\/fr\/#\/schema\/logo\/image\/\"}}]}<\/script>\n<!-- \/ Yoast SEO plugin. -->","yoast_head_json":{"title":"Verrou de S\u00e9curit\u00e9 pour Smith Machine Z27 \u2013 \u00c9quipement de Gym S\u00e9curis\u00e9","description":"Fabriqu\u00e9 \u00e0 partir d\u2019une structure en acier de haute qualit\u00e9, le Z27 assure une s\u00e9curit\u00e9 fiable pour votre \u00e9quipement de gym, renfor\u00e7ant la s\u00e9curit\u00e9 pendant les entra\u00eenements de musculation.","robots":{"index":"index","follow":"follow","max-snippet":"max-snippet:-1","max-image-preview":"max-image-preview:large","max-video-preview":"max-video-preview:-1"},"canonical":"https:\/\/gymfactory.eu\/fr\/produit\/verrou-de-securite-pour-smith-machine-z27\/","og_locale":"fr_FR","og_type":"article","og_title":"Verrou de S\u00e9curit\u00e9 pour Smith Machine Z27 \u2013 \u00c9quipement de Gym S\u00e9curis\u00e9","og_description":"Fabriqu\u00e9 \u00e0 partir d\u2019une structure en acier de haute qualit\u00e9, le Z27 assure une s\u00e9curit\u00e9 fiable pour votre \u00e9quipement de gym, renfor\u00e7ant la s\u00e9curit\u00e9 pendant les entra\u00eenements de musculation.","og_url":"https:\/\/gymfactory.eu\/fr\/produit\/verrou-de-securite-pour-smith-machine-z27\/","og_site_name":"Gym Factory","og_image":[{"width":1500,"height":1500,"url":"https:\/\/gymfactory.eu\/wp-content\/uploads\/2025\/03\/Z27-high-quality-steel-structure-smith-machine-lock-1-1.webp","type":"image\/webp"}],"twitter_card":"summary_large_image","schema":{"@context":"https:\/\/schema.org","@graph":[{"@type":"WebPage","@id":"https:\/\/gymfactory.eu\/fr\/produit\/verrou-de-securite-pour-smith-machine-z27\/","url":"https:\/\/gymfactory.eu\/fr\/produit\/verrou-de-securite-pour-smith-machine-z27\/","name":"Verrou de S\u00e9curit\u00e9 pour Smith Machine Z27 \u2013 \u00c9quipement de Gym S\u00e9curis\u00e9","isPartOf":{"@id":"https:\/\/gymfactory.eu\/fr\/#website"},"primaryImageOfPage":{"@id":"https:\/\/gymfactory.eu\/fr\/produit\/verrou-de-securite-pour-smith-machine-z27\/#primaryimage"},"image":{"@id":"https:\/\/gymfactory.eu\/fr\/produit\/verrou-de-securite-pour-smith-machine-z27\/#primaryimage"},"thumbnailUrl":"https:\/\/gymfactory.eu\/wp-content\/uploads\/2025\/03\/Z27-high-quality-steel-structure-smith-machine-lock-1-1.webp","datePublished":"2025-03-01T11:06:02+00:00","description":"Fabriqu\u00e9 \u00e0 partir d\u2019une structure en acier de haute qualit\u00e9, le Z27 assure une s\u00e9curit\u00e9 fiable pour votre \u00e9quipement de gym, renfor\u00e7ant la s\u00e9curit\u00e9 pendant les entra\u00eenements de musculation.","breadcrumb":{"@id":"https:\/\/gymfactory.eu\/fr\/produit\/verrou-de-securite-pour-smith-machine-z27\/#breadcrumb"},"inLanguage":"fr-FR","potentialAction":[{"@type":"ReadAction","target":["https:\/\/gymfactory.eu\/fr\/produit\/verrou-de-securite-pour-smith-machine-z27\/"]}]},{"@type":"ImageObject","inLanguage":"fr-FR","@id":"https:\/\/gymfactory.eu\/fr\/produit\/verrou-de-securite-pour-smith-machine-z27\/#primaryimage","url":"https:\/\/gymfactory.eu\/wp-content\/uploads\/2025\/03\/Z27-high-quality-steel-structure-smith-machine-lock-1-1.webp","contentUrl":"https:\/\/gymfactory.eu\/wp-content\/uploads\/2025\/03\/Z27-high-quality-steel-structure-smith-machine-lock-1-1.webp","width":1500,"height":1500,"caption":"A standalone Smith machine safety lock, crafted from a high-quality steel structure. The durable design features a welded joint and an elongated hole for easy installation on gym equipment, enhancing weightlifting safety."},{"@type":"BreadcrumbList","@id":"https:\/\/gymfactory.eu\/fr\/produit\/verrou-de-securite-pour-smith-machine-z27\/#breadcrumb","itemListElement":[{"@type":"ListItem","position":1,"name":"Home","item":"https:\/\/gymfactory.eu\/fr\/page-principale\/"},{"@type":"ListItem","position":2,"name":"Catalogue","item":"https:\/\/gymfactory.eu\/fr\/catalogue-2\/"},{"@type":"ListItem","position":3,"name":"Verrou de S\u00e9curit\u00e9 pour Smith Machine Z27"}]},{"@type":"WebSite","@id":"https:\/\/gymfactory.eu\/fr\/#website","url":"https:\/\/gymfactory.eu\/fr\/","name":"Gym Factory","description":"","publisher":{"@id":"https:\/\/gymfactory.eu\/fr\/#organization"},"potentialAction":[{"@type":"SearchAction","target":{"@type":"EntryPoint","urlTemplate":"https:\/\/gymfactory.eu\/fr\/?s={search_term_string}"},"query-input":{"@type":"PropertyValueSpecification","valueRequired":true,"valueName":"search_term_string"}}],"inLanguage":"fr-FR"},{"@type":"Organization","@id":"https:\/\/gymfactory.eu\/fr\/#organization","name":"Gym Factory","url":"https:\/\/gymfactory.eu\/fr\/","logo":{"@type":"ImageObject","inLanguage":"fr-FR","@id":"https:\/\/gymfactory.eu\/fr\/#\/schema\/logo\/image\/","url":"https:\/\/gymfactory.eu\/wp-content\/uploads\/2024\/11\/Component-1.svg","contentUrl":"https:\/\/gymfactory.eu\/wp-content\/uploads\/2024\/11\/Component-1.svg","width":54,"height":44,"caption":"Gym Factory"},"image":{"@id":"https:\/\/gymfactory.eu\/fr\/#\/schema\/logo\/image\/"}}]}},"_links":{"self":[{"href":"https:\/\/gymfactory.eu\/fr\/wp-json\/wp\/v2\/product\/29760","targetHints":{"allow":["GET"]}}],"collection":[{"href":"https:\/\/gymfactory.eu\/fr\/wp-json\/wp\/v2\/product"}],"about":[{"href":"https:\/\/gymfactory.eu\/fr\/wp-json\/wp\/v2\/types\/product"}],"wp:featuredmedia":[{"embeddable":true,"href":"https:\/\/gymfactory.eu\/fr\/wp-json\/wp\/v2\/media\/29761"}],"wp:attachment":[{"href":"https:\/\/gymfactory.eu\/fr\/wp-json\/wp\/v2\/media?parent=29760"}],"wp:term":[{"taxonomy":"product_brand","embeddable":true,"href":"https:\/\/gymfactory.eu\/fr\/wp-json\/wp\/v2\/product_brand?post=29760"},{"taxonomy":"product_cat","embeddable":true,"href":"https:\/\/gymfactory.eu\/fr\/wp-json\/wp\/v2\/product_cat?post=29760"},{"taxonomy":"product_tag","embeddable":true,"href":"https:\/\/gymfactory.eu\/fr\/wp-json\/wp\/v2\/product_tag?post=29760"}],"curies":[{"name":"wp","href":"https:\/\/api.w.org\/{rel}","templated":true}]}}