{"id":29754,"date":"2025-03-01T11:55:48","date_gmt":"2025-03-01T09:55:48","guid":{"rendered":"https:\/\/gymfactory.eu\/product\/siege-pour-racks-z22x\/"},"modified":"2025-03-01T11:55:48","modified_gmt":"2025-03-01T09:55:48","slug":"siege-pour-racks-z22x","status":"publish","type":"product","link":"https:\/\/gymfactory.eu\/fr\/produit\/siege-pour-racks-z22x\/","title":{"rendered":"Si\u00e8ge pour Racks Z22X"},"content":{"rendered":"<p>Le si\u00e8ge pour racks Z22X est un \u00e9quipement de gym con\u00e7u sp\u00e9cifiquement pour le rack de musculation <a href=\"https:\/\/gymfactory.eu\/product\/b11-ultimate-power-rack\/\" target=\"_blank\" rel=\"noopener\">B11 Ultimate Power Rack<\/a>. Cet accessoire int\u00e8gre un si\u00e8ge et des coussins de maintien r\u00e9glables en hauteur, offrant stabilit\u00e9 et confort lors des exercices de tirage \u00e0 la poulie pour le haut du corps. <\/p>\n<p>Il est id\u00e9al pour des mouvements comme les tirages verticaux, o\u00f9 un positionnement s\u00fbr du bas du corps est essentiel pour une technique correcte et un bon contr\u00f4le.<\/p>\n\n    <div class=\"xs_social_share_widget xs_share_url after_content \t\tmain_content  wslu-style-1 wslu-share-box-shaped wslu-fill-colored wslu-none wslu-share-horizontal wslu-theme-font-no wslu-main_content\">\n\n\t\t\n        <ul>\n\t\t\t        <\/ul>\n    <\/div> \n","protected":false},"excerpt":{"rendered":"<p>Le si\u00e8ge pour racks Z22X est un \u00e9quipement de gym con\u00e7u sp\u00e9cifiquement pour le rack de musculation B11 Ultimate Power Rack. Cet accessoire int\u00e8gre un si\u00e8ge et des coussins de maintien r\u00e9glables en hauteur, offrant stabilit\u00e9 et confort lors des exercices de tirage \u00e0 la poulie pour le haut du corps. Il est id\u00e9al pour [&hellip;]<\/p>\n","protected":false},"featured_media":29739,"template":"","meta":{"_acf_changed":false},"product_brand":[56],"product_cat":[826],"product_tag":[],"class_list":{"0":"post-29754","1":"product","2":"type-product","3":"status-publish","4":"has-post-thumbnail","6":"product_brand-gym-factory","7":"product_cat-accessoires-de-musculation","9":"first","10":"onbackorder","11":"taxable","12":"shipping-taxable","13":"purchasable","14":"product-type-simple"},"acf":[],"yoast_head":"<!-- This site is optimized with the Yoast SEO plugin v25.2 - https:\/\/yoast.com\/wordpress\/plugins\/seo\/ -->\n<title>Si\u00e8ge pour Racks Z22X \u2013 \u00c9quipement de Gym Polyvalent<\/title>\n<meta name=\"description\" content=\"Le si\u00e8ge pour racks Z22X am\u00e9liore votre configuration de power rack en offrant un soutien confortable. \u00c9quipement de gym indispensable pour la musculation et la polyvalence.\" \/>\n<meta name=\"robots\" content=\"index, follow, max-snippet:-1, max-image-preview:large, max-video-preview:-1\" \/>\n<link rel=\"canonical\" href=\"https:\/\/gymfactory.eu\/fr\/produit\/siege-pour-racks-z22x\/\" \/>\n<meta property=\"og:locale\" content=\"fr_FR\" \/>\n<meta property=\"og:type\" content=\"article\" \/>\n<meta property=\"og:title\" content=\"Si\u00e8ge pour Racks Z22X \u2013 \u00c9quipement de Gym Polyvalent\" \/>\n<meta property=\"og:description\" content=\"Le si\u00e8ge pour racks Z22X am\u00e9liore votre configuration de power rack en offrant un soutien confortable. \u00c9quipement de gym indispensable pour la musculation et la polyvalence.\" \/>\n<meta property=\"og:url\" content=\"https:\/\/gymfactory.eu\/fr\/produit\/siege-pour-racks-z22x\/\" \/>\n<meta property=\"og:site_name\" content=\"Gym Factory\" \/>\n<meta property=\"og:image\" content=\"https:\/\/gymfactory.eu\/wp-content\/uploads\/2025\/02\/gym-equipment-adjustable-rack-seat-2.webp\" \/>\n\t<meta property=\"og:image:width\" content=\"1500\" \/>\n\t<meta property=\"og:image:height\" content=\"1500\" \/>\n\t<meta property=\"og:image:type\" content=\"image\/webp\" \/>\n<meta name=\"twitter:card\" content=\"summary_large_image\" \/>\n<script type=\"application\/ld+json\" class=\"yoast-schema-graph\">{\"@context\":\"https:\/\/schema.org\",\"@graph\":[{\"@type\":\"WebPage\",\"@id\":\"https:\/\/gymfactory.eu\/fr\/produit\/siege-pour-racks-z22x\/\",\"url\":\"https:\/\/gymfactory.eu\/fr\/produit\/siege-pour-racks-z22x\/\",\"name\":\"Si\u00e8ge pour Racks Z22X \u2013 \u00c9quipement de Gym Polyvalent\",\"isPartOf\":{\"@id\":\"https:\/\/gymfactory.eu\/fr\/#website\"},\"primaryImageOfPage\":{\"@id\":\"https:\/\/gymfactory.eu\/fr\/produit\/siege-pour-racks-z22x\/#primaryimage\"},\"image\":{\"@id\":\"https:\/\/gymfactory.eu\/fr\/produit\/siege-pour-racks-z22x\/#primaryimage\"},\"thumbnailUrl\":\"https:\/\/gymfactory.eu\/wp-content\/uploads\/2025\/02\/gym-equipment-adjustable-rack-seat-2.webp\",\"datePublished\":\"2025-03-01T09:55:48+00:00\",\"description\":\"Le si\u00e8ge pour racks Z22X am\u00e9liore votre configuration de power rack en offrant un soutien confortable. \u00c9quipement de gym indispensable pour la musculation et la polyvalence.\",\"breadcrumb\":{\"@id\":\"https:\/\/gymfactory.eu\/fr\/produit\/siege-pour-racks-z22x\/#breadcrumb\"},\"inLanguage\":\"fr-FR\",\"potentialAction\":[{\"@type\":\"ReadAction\",\"target\":[\"https:\/\/gymfactory.eu\/fr\/produit\/siege-pour-racks-z22x\/\"]}]},{\"@type\":\"ImageObject\",\"inLanguage\":\"fr-FR\",\"@id\":\"https:\/\/gymfactory.eu\/fr\/produit\/siege-pour-racks-z22x\/#primaryimage\",\"url\":\"https:\/\/gymfactory.eu\/wp-content\/uploads\/2025\/02\/gym-equipment-adjustable-rack-seat-2.webp\",\"contentUrl\":\"https:\/\/gymfactory.eu\/wp-content\/uploads\/2025\/02\/gym-equipment-adjustable-rack-seat-2.webp\",\"width\":1500,\"height\":1500,\"caption\":\"Gros plan d\u2019un si\u00e8ge noir r\u00e9glable mont\u00e9 sur rack avec un rembourrage noir \u00e9pais. Le syst\u00e8me de fixation en acier assure une prise ferme sur le power rack, ce qui le rend id\u00e9al pour les exercices n\u00e9cessitant un support assis.\"},{\"@type\":\"BreadcrumbList\",\"@id\":\"https:\/\/gymfactory.eu\/fr\/produit\/siege-pour-racks-z22x\/#breadcrumb\",\"itemListElement\":[{\"@type\":\"ListItem\",\"position\":1,\"name\":\"Home\",\"item\":\"https:\/\/gymfactory.eu\/fr\/page-principale\/\"},{\"@type\":\"ListItem\",\"position\":2,\"name\":\"Catalogue\",\"item\":\"https:\/\/gymfactory.eu\/fr\/catalogue-2\/\"},{\"@type\":\"ListItem\",\"position\":3,\"name\":\"Si\u00e8ge pour Racks Z22X\"}]},{\"@type\":\"WebSite\",\"@id\":\"https:\/\/gymfactory.eu\/fr\/#website\",\"url\":\"https:\/\/gymfactory.eu\/fr\/\",\"name\":\"Gym Factory\",\"description\":\"\",\"publisher\":{\"@id\":\"https:\/\/gymfactory.eu\/fr\/#organization\"},\"potentialAction\":[{\"@type\":\"SearchAction\",\"target\":{\"@type\":\"EntryPoint\",\"urlTemplate\":\"https:\/\/gymfactory.eu\/fr\/?s={search_term_string}\"},\"query-input\":{\"@type\":\"PropertyValueSpecification\",\"valueRequired\":true,\"valueName\":\"search_term_string\"}}],\"inLanguage\":\"fr-FR\"},{\"@type\":\"Organization\",\"@id\":\"https:\/\/gymfactory.eu\/fr\/#organization\",\"name\":\"Gym Factory\",\"url\":\"https:\/\/gymfactory.eu\/fr\/\",\"logo\":{\"@type\":\"ImageObject\",\"inLanguage\":\"fr-FR\",\"@id\":\"https:\/\/gymfactory.eu\/fr\/#\/schema\/logo\/image\/\",\"url\":\"https:\/\/gymfactory.eu\/wp-content\/uploads\/2024\/11\/Component-1.svg\",\"contentUrl\":\"https:\/\/gymfactory.eu\/wp-content\/uploads\/2024\/11\/Component-1.svg\",\"width\":54,\"height\":44,\"caption\":\"Gym Factory\"},\"image\":{\"@id\":\"https:\/\/gymfactory.eu\/fr\/#\/schema\/logo\/image\/\"}}]}<\/script>\n<!-- \/ Yoast SEO plugin. -->","yoast_head_json":{"title":"Si\u00e8ge pour Racks Z22X \u2013 \u00c9quipement de Gym Polyvalent","description":"Le si\u00e8ge pour racks Z22X am\u00e9liore votre configuration de power rack en offrant un soutien confortable. \u00c9quipement de gym indispensable pour la musculation et la polyvalence.","robots":{"index":"index","follow":"follow","max-snippet":"max-snippet:-1","max-image-preview":"max-image-preview:large","max-video-preview":"max-video-preview:-1"},"canonical":"https:\/\/gymfactory.eu\/fr\/produit\/siege-pour-racks-z22x\/","og_locale":"fr_FR","og_type":"article","og_title":"Si\u00e8ge pour Racks Z22X \u2013 \u00c9quipement de Gym Polyvalent","og_description":"Le si\u00e8ge pour racks Z22X am\u00e9liore votre configuration de power rack en offrant un soutien confortable. \u00c9quipement de gym indispensable pour la musculation et la polyvalence.","og_url":"https:\/\/gymfactory.eu\/fr\/produit\/siege-pour-racks-z22x\/","og_site_name":"Gym Factory","og_image":[{"width":1500,"height":1500,"url":"https:\/\/gymfactory.eu\/wp-content\/uploads\/2025\/02\/gym-equipment-adjustable-rack-seat-2.webp","type":"image\/webp"}],"twitter_card":"summary_large_image","schema":{"@context":"https:\/\/schema.org","@graph":[{"@type":"WebPage","@id":"https:\/\/gymfactory.eu\/fr\/produit\/siege-pour-racks-z22x\/","url":"https:\/\/gymfactory.eu\/fr\/produit\/siege-pour-racks-z22x\/","name":"Si\u00e8ge pour Racks Z22X \u2013 \u00c9quipement de Gym Polyvalent","isPartOf":{"@id":"https:\/\/gymfactory.eu\/fr\/#website"},"primaryImageOfPage":{"@id":"https:\/\/gymfactory.eu\/fr\/produit\/siege-pour-racks-z22x\/#primaryimage"},"image":{"@id":"https:\/\/gymfactory.eu\/fr\/produit\/siege-pour-racks-z22x\/#primaryimage"},"thumbnailUrl":"https:\/\/gymfactory.eu\/wp-content\/uploads\/2025\/02\/gym-equipment-adjustable-rack-seat-2.webp","datePublished":"2025-03-01T09:55:48+00:00","description":"Le si\u00e8ge pour racks Z22X am\u00e9liore votre configuration de power rack en offrant un soutien confortable. \u00c9quipement de gym indispensable pour la musculation et la polyvalence.","breadcrumb":{"@id":"https:\/\/gymfactory.eu\/fr\/produit\/siege-pour-racks-z22x\/#breadcrumb"},"inLanguage":"fr-FR","potentialAction":[{"@type":"ReadAction","target":["https:\/\/gymfactory.eu\/fr\/produit\/siege-pour-racks-z22x\/"]}]},{"@type":"ImageObject","inLanguage":"fr-FR","@id":"https:\/\/gymfactory.eu\/fr\/produit\/siege-pour-racks-z22x\/#primaryimage","url":"https:\/\/gymfactory.eu\/wp-content\/uploads\/2025\/02\/gym-equipment-adjustable-rack-seat-2.webp","contentUrl":"https:\/\/gymfactory.eu\/wp-content\/uploads\/2025\/02\/gym-equipment-adjustable-rack-seat-2.webp","width":1500,"height":1500,"caption":"Gros plan d\u2019un si\u00e8ge noir r\u00e9glable mont\u00e9 sur rack avec un rembourrage noir \u00e9pais. Le syst\u00e8me de fixation en acier assure une prise ferme sur le power rack, ce qui le rend id\u00e9al pour les exercices n\u00e9cessitant un support assis."},{"@type":"BreadcrumbList","@id":"https:\/\/gymfactory.eu\/fr\/produit\/siege-pour-racks-z22x\/#breadcrumb","itemListElement":[{"@type":"ListItem","position":1,"name":"Home","item":"https:\/\/gymfactory.eu\/fr\/page-principale\/"},{"@type":"ListItem","position":2,"name":"Catalogue","item":"https:\/\/gymfactory.eu\/fr\/catalogue-2\/"},{"@type":"ListItem","position":3,"name":"Si\u00e8ge pour Racks Z22X"}]},{"@type":"WebSite","@id":"https:\/\/gymfactory.eu\/fr\/#website","url":"https:\/\/gymfactory.eu\/fr\/","name":"Gym Factory","description":"","publisher":{"@id":"https:\/\/gymfactory.eu\/fr\/#organization"},"potentialAction":[{"@type":"SearchAction","target":{"@type":"EntryPoint","urlTemplate":"https:\/\/gymfactory.eu\/fr\/?s={search_term_string}"},"query-input":{"@type":"PropertyValueSpecification","valueRequired":true,"valueName":"search_term_string"}}],"inLanguage":"fr-FR"},{"@type":"Organization","@id":"https:\/\/gymfactory.eu\/fr\/#organization","name":"Gym Factory","url":"https:\/\/gymfactory.eu\/fr\/","logo":{"@type":"ImageObject","inLanguage":"fr-FR","@id":"https:\/\/gymfactory.eu\/fr\/#\/schema\/logo\/image\/","url":"https:\/\/gymfactory.eu\/wp-content\/uploads\/2024\/11\/Component-1.svg","contentUrl":"https:\/\/gymfactory.eu\/wp-content\/uploads\/2024\/11\/Component-1.svg","width":54,"height":44,"caption":"Gym Factory"},"image":{"@id":"https:\/\/gymfactory.eu\/fr\/#\/schema\/logo\/image\/"}}]}},"_links":{"self":[{"href":"https:\/\/gymfactory.eu\/fr\/wp-json\/wp\/v2\/product\/29754","targetHints":{"allow":["GET"]}}],"collection":[{"href":"https:\/\/gymfactory.eu\/fr\/wp-json\/wp\/v2\/product"}],"about":[{"href":"https:\/\/gymfactory.eu\/fr\/wp-json\/wp\/v2\/types\/product"}],"wp:featuredmedia":[{"embeddable":true,"href":"https:\/\/gymfactory.eu\/fr\/wp-json\/wp\/v2\/media\/29739"}],"wp:attachment":[{"href":"https:\/\/gymfactory.eu\/fr\/wp-json\/wp\/v2\/media?parent=29754"}],"wp:term":[{"taxonomy":"product_brand","embeddable":true,"href":"https:\/\/gymfactory.eu\/fr\/wp-json\/wp\/v2\/product_brand?post=29754"},{"taxonomy":"product_cat","embeddable":true,"href":"https:\/\/gymfactory.eu\/fr\/wp-json\/wp\/v2\/product_cat?post=29754"},{"taxonomy":"product_tag","embeddable":true,"href":"https:\/\/gymfactory.eu\/fr\/wp-json\/wp\/v2\/product_tag?post=29754"}],"curies":[{"name":"wp","href":"https:\/\/api.w.org\/{rel}","templated":true}]}}