{"id":29740,"date":"2025-02-28T10:40:29","date_gmt":"2025-02-28T08:40:29","guid":{"rendered":"https:\/\/gymfactory.eu\/product\/machine-a-fessiers-z16xb\/"},"modified":"2025-02-28T10:40:29","modified_gmt":"2025-02-28T08:40:29","slug":"machine-a-fessiers-z16xb","status":"publish","type":"product","link":"https:\/\/gymfactory.eu\/fr\/produit\/machine-a-fessiers-z16xb\/","title":{"rendered":"Machine \u00e0 Fessiers Z16XB"},"content":{"rendered":"<p>La machine \u00e0 fessiers Z16XB est une machine d\u2019entra\u00eenement debout con\u00e7ue pour cibler les fessiers gr\u00e2ce \u00e0 une extension de hanche contr\u00f4l\u00e9e. Con\u00e7ue pour un entra\u00eenement efficace, elle s\u2019int\u00e8gre parfaitement dans une home gym ou dans un environnement professionnel. <\/p>\n<p>Cette machine permet d\u2019effectuer des hip thrusts debout &#8211; en poussant les hanches vers le haut depuis une position fl\u00e9chie jusqu\u2019\u00e0 une extension compl\u00e8te, en engageant les fessiers au sommet du mouvement. La hauteur du si\u00e8ge est r\u00e9glable pour aider l\u2019utilisateur \u00e0 aligner correctement son corps, tandis que la longueur du coussin de pouss\u00e9e peut \u00eatre adapt\u00e9e \u00e0 diff\u00e9rentes morphologies. La position de d\u00e9part est \u00e9galement r\u00e9glable afin de s\u2019adapter \u00e0 l\u2019amplitude de mouvement et au confort de l\u2019utilisateur.  <\/p>\n<p>La machine \u00e0 fessiers Z16XB est un \u00e9quipement stable, personnalisable et fiable pour l\u2019entra\u00eenement avec charges, id\u00e9al pour un travail cibl\u00e9 des fessiers.<\/p>\n\n    <div class=\"xs_social_share_widget xs_share_url after_content \t\tmain_content  wslu-style-1 wslu-share-box-shaped wslu-fill-colored wslu-none wslu-share-horizontal wslu-theme-font-no wslu-main_content\">\n\n\t\t\n        <ul>\n\t\t\t        <\/ul>\n    <\/div> \n","protected":false},"excerpt":{"rendered":"<p>La machine \u00e0 fessiers Z16XB est une machine d\u2019entra\u00eenement debout con\u00e7ue pour cibler les fessiers gr\u00e2ce \u00e0 une extension de hanche contr\u00f4l\u00e9e. Con\u00e7ue pour un entra\u00eenement efficace, elle s\u2019int\u00e8gre parfaitement dans une home gym ou dans un environnement professionnel. Cette machine permet d\u2019effectuer des hip thrusts debout &#8211; en poussant les hanches vers le haut [&hellip;]<\/p>\n","protected":false},"featured_media":29741,"template":"","meta":{"_acf_changed":false},"product_brand":[56],"product_cat":[825],"product_tag":[],"class_list":{"0":"post-29740","1":"product","2":"type-product","3":"status-publish","4":"has-post-thumbnail","6":"product_brand-gym-factory","7":"product_cat-machines-a-cables","9":"first","10":"onbackorder","11":"taxable","12":"shipping-taxable","13":"purchasable","14":"product-type-variable","15":"has-default-attributes"},"acf":[],"yoast_head":"<!-- This site is optimized with the Yoast SEO plugin v25.2 - https:\/\/yoast.com\/wordpress\/plugins\/seo\/ -->\n<title>Machine \u00e0 Fessiers Z16XB | Pour Home Gym ou Environnement Professionnel<\/title>\n<meta name=\"description\" content=\"Besoin d\u2019entra\u00eener les fessiers \u00e0 la maison ou en salle de sport ? La machine \u00e0 fessiers Z16XB offre une r\u00e9sistance fluide et un mouvement cibl\u00e9 pour le renforcement et l\u2019activation du bas du corps.\" \/>\n<meta name=\"robots\" content=\"index, follow, max-snippet:-1, max-image-preview:large, max-video-preview:-1\" \/>\n<link rel=\"canonical\" href=\"https:\/\/gymfactory.eu\/fr\/produit\/machine-a-fessiers-z16xb\/\" \/>\n<meta property=\"og:locale\" content=\"fr_FR\" \/>\n<meta property=\"og:type\" content=\"article\" \/>\n<meta property=\"og:title\" content=\"Machine \u00e0 Fessiers Z16XB | Pour Home Gym ou Environnement Professionnel\" \/>\n<meta property=\"og:description\" content=\"Besoin d\u2019entra\u00eener les fessiers \u00e0 la maison ou en salle de sport ? La machine \u00e0 fessiers Z16XB offre une r\u00e9sistance fluide et un mouvement cibl\u00e9 pour le renforcement et l\u2019activation du bas du corps.\" \/>\n<meta property=\"og:url\" content=\"https:\/\/gymfactory.eu\/fr\/produit\/machine-a-fessiers-z16xb\/\" \/>\n<meta property=\"og:site_name\" content=\"Gym Factory\" \/>\n<meta property=\"og:image\" content=\"https:\/\/gymfactory.eu\/wp-content\/uploads\/2025\/02\/Z16XB-gym-machine-glute-workout-equipment-.webp\" \/>\n\t<meta property=\"og:image:width\" content=\"1500\" \/>\n\t<meta property=\"og:image:height\" content=\"1500\" \/>\n\t<meta property=\"og:image:type\" content=\"image\/webp\" \/>\n<meta name=\"twitter:card\" content=\"summary_large_image\" \/>\n<meta name=\"twitter:label1\" content=\"Dur\u00e9e de lecture estim\u00e9e\" \/>\n\t<meta name=\"twitter:data1\" content=\"1 minute\" \/>\n<script type=\"application\/ld+json\" class=\"yoast-schema-graph\">{\"@context\":\"https:\/\/schema.org\",\"@graph\":[{\"@type\":\"WebPage\",\"@id\":\"https:\/\/gymfactory.eu\/fr\/produit\/machine-a-fessiers-z16xb\/\",\"url\":\"https:\/\/gymfactory.eu\/fr\/produit\/machine-a-fessiers-z16xb\/\",\"name\":\"Machine \u00e0 Fessiers Z16XB | Pour Home Gym ou Environnement Professionnel\",\"isPartOf\":{\"@id\":\"https:\/\/gymfactory.eu\/fr\/#website\"},\"primaryImageOfPage\":{\"@id\":\"https:\/\/gymfactory.eu\/fr\/produit\/machine-a-fessiers-z16xb\/#primaryimage\"},\"image\":{\"@id\":\"https:\/\/gymfactory.eu\/fr\/produit\/machine-a-fessiers-z16xb\/#primaryimage\"},\"thumbnailUrl\":\"https:\/\/gymfactory.eu\/wp-content\/uploads\/2025\/02\/Z16XB-gym-machine-glute-workout-equipment-.webp\",\"datePublished\":\"2025-02-28T08:40:29+00:00\",\"description\":\"Besoin d\u2019entra\u00eener les fessiers \u00e0 la maison ou en salle de sport ? La machine \u00e0 fessiers Z16XB offre une r\u00e9sistance fluide et un mouvement cibl\u00e9 pour le renforcement et l\u2019activation du bas du corps.\",\"breadcrumb\":{\"@id\":\"https:\/\/gymfactory.eu\/fr\/produit\/machine-a-fessiers-z16xb\/#breadcrumb\"},\"inLanguage\":\"fr-FR\",\"potentialAction\":[{\"@type\":\"ReadAction\",\"target\":[\"https:\/\/gymfactory.eu\/fr\/produit\/machine-a-fessiers-z16xb\/\"]}]},{\"@type\":\"ImageObject\",\"inLanguage\":\"fr-FR\",\"@id\":\"https:\/\/gymfactory.eu\/fr\/produit\/machine-a-fessiers-z16xb\/#primaryimage\",\"url\":\"https:\/\/gymfactory.eu\/wp-content\/uploads\/2025\/02\/Z16XB-gym-machine-glute-workout-equipment-.webp\",\"contentUrl\":\"https:\/\/gymfactory.eu\/wp-content\/uploads\/2025\/02\/Z16XB-gym-machine-glute-workout-equipment-.webp\",\"width\":1500,\"height\":1500,\"caption\":\"Full view of a blue gym machine for glute training, equipped with adjustable padded supports, a weight stack system, and sturdy handles. It is ideal for strength training exercises and lower-body workouts.\"},{\"@type\":\"BreadcrumbList\",\"@id\":\"https:\/\/gymfactory.eu\/fr\/produit\/machine-a-fessiers-z16xb\/#breadcrumb\",\"itemListElement\":[{\"@type\":\"ListItem\",\"position\":1,\"name\":\"Home\",\"item\":\"https:\/\/gymfactory.eu\/fr\/page-principale\/\"},{\"@type\":\"ListItem\",\"position\":2,\"name\":\"Catalogue\",\"item\":\"https:\/\/gymfactory.eu\/fr\/catalogue-2\/\"},{\"@type\":\"ListItem\",\"position\":3,\"name\":\"Machine \u00e0 Fessiers Z16XB\"}]},{\"@type\":\"WebSite\",\"@id\":\"https:\/\/gymfactory.eu\/fr\/#website\",\"url\":\"https:\/\/gymfactory.eu\/fr\/\",\"name\":\"Gym Factory\",\"description\":\"\",\"publisher\":{\"@id\":\"https:\/\/gymfactory.eu\/fr\/#organization\"},\"potentialAction\":[{\"@type\":\"SearchAction\",\"target\":{\"@type\":\"EntryPoint\",\"urlTemplate\":\"https:\/\/gymfactory.eu\/fr\/?s={search_term_string}\"},\"query-input\":{\"@type\":\"PropertyValueSpecification\",\"valueRequired\":true,\"valueName\":\"search_term_string\"}}],\"inLanguage\":\"fr-FR\"},{\"@type\":\"Organization\",\"@id\":\"https:\/\/gymfactory.eu\/fr\/#organization\",\"name\":\"Gym Factory\",\"url\":\"https:\/\/gymfactory.eu\/fr\/\",\"logo\":{\"@type\":\"ImageObject\",\"inLanguage\":\"fr-FR\",\"@id\":\"https:\/\/gymfactory.eu\/fr\/#\/schema\/logo\/image\/\",\"url\":\"https:\/\/gymfactory.eu\/wp-content\/uploads\/2024\/11\/Component-1.svg\",\"contentUrl\":\"https:\/\/gymfactory.eu\/wp-content\/uploads\/2024\/11\/Component-1.svg\",\"width\":54,\"height\":44,\"caption\":\"Gym Factory\"},\"image\":{\"@id\":\"https:\/\/gymfactory.eu\/fr\/#\/schema\/logo\/image\/\"}}]}<\/script>\n<!-- \/ Yoast SEO plugin. -->","yoast_head_json":{"title":"Machine \u00e0 Fessiers Z16XB | Pour Home Gym ou Environnement Professionnel","description":"Besoin d\u2019entra\u00eener les fessiers \u00e0 la maison ou en salle de sport ? La machine \u00e0 fessiers Z16XB offre une r\u00e9sistance fluide et un mouvement cibl\u00e9 pour le renforcement et l\u2019activation du bas du corps.","robots":{"index":"index","follow":"follow","max-snippet":"max-snippet:-1","max-image-preview":"max-image-preview:large","max-video-preview":"max-video-preview:-1"},"canonical":"https:\/\/gymfactory.eu\/fr\/produit\/machine-a-fessiers-z16xb\/","og_locale":"fr_FR","og_type":"article","og_title":"Machine \u00e0 Fessiers Z16XB | Pour Home Gym ou Environnement Professionnel","og_description":"Besoin d\u2019entra\u00eener les fessiers \u00e0 la maison ou en salle de sport ? La machine \u00e0 fessiers Z16XB offre une r\u00e9sistance fluide et un mouvement cibl\u00e9 pour le renforcement et l\u2019activation du bas du corps.","og_url":"https:\/\/gymfactory.eu\/fr\/produit\/machine-a-fessiers-z16xb\/","og_site_name":"Gym Factory","og_image":[{"width":1500,"height":1500,"url":"https:\/\/gymfactory.eu\/wp-content\/uploads\/2025\/02\/Z16XB-gym-machine-glute-workout-equipment-.webp","type":"image\/webp"}],"twitter_card":"summary_large_image","twitter_misc":{"Dur\u00e9e de lecture estim\u00e9e":"1 minute"},"schema":{"@context":"https:\/\/schema.org","@graph":[{"@type":"WebPage","@id":"https:\/\/gymfactory.eu\/fr\/produit\/machine-a-fessiers-z16xb\/","url":"https:\/\/gymfactory.eu\/fr\/produit\/machine-a-fessiers-z16xb\/","name":"Machine \u00e0 Fessiers Z16XB | Pour Home Gym ou Environnement Professionnel","isPartOf":{"@id":"https:\/\/gymfactory.eu\/fr\/#website"},"primaryImageOfPage":{"@id":"https:\/\/gymfactory.eu\/fr\/produit\/machine-a-fessiers-z16xb\/#primaryimage"},"image":{"@id":"https:\/\/gymfactory.eu\/fr\/produit\/machine-a-fessiers-z16xb\/#primaryimage"},"thumbnailUrl":"https:\/\/gymfactory.eu\/wp-content\/uploads\/2025\/02\/Z16XB-gym-machine-glute-workout-equipment-.webp","datePublished":"2025-02-28T08:40:29+00:00","description":"Besoin d\u2019entra\u00eener les fessiers \u00e0 la maison ou en salle de sport ? La machine \u00e0 fessiers Z16XB offre une r\u00e9sistance fluide et un mouvement cibl\u00e9 pour le renforcement et l\u2019activation du bas du corps.","breadcrumb":{"@id":"https:\/\/gymfactory.eu\/fr\/produit\/machine-a-fessiers-z16xb\/#breadcrumb"},"inLanguage":"fr-FR","potentialAction":[{"@type":"ReadAction","target":["https:\/\/gymfactory.eu\/fr\/produit\/machine-a-fessiers-z16xb\/"]}]},{"@type":"ImageObject","inLanguage":"fr-FR","@id":"https:\/\/gymfactory.eu\/fr\/produit\/machine-a-fessiers-z16xb\/#primaryimage","url":"https:\/\/gymfactory.eu\/wp-content\/uploads\/2025\/02\/Z16XB-gym-machine-glute-workout-equipment-.webp","contentUrl":"https:\/\/gymfactory.eu\/wp-content\/uploads\/2025\/02\/Z16XB-gym-machine-glute-workout-equipment-.webp","width":1500,"height":1500,"caption":"Full view of a blue gym machine for glute training, equipped with adjustable padded supports, a weight stack system, and sturdy handles. It is ideal for strength training exercises and lower-body workouts."},{"@type":"BreadcrumbList","@id":"https:\/\/gymfactory.eu\/fr\/produit\/machine-a-fessiers-z16xb\/#breadcrumb","itemListElement":[{"@type":"ListItem","position":1,"name":"Home","item":"https:\/\/gymfactory.eu\/fr\/page-principale\/"},{"@type":"ListItem","position":2,"name":"Catalogue","item":"https:\/\/gymfactory.eu\/fr\/catalogue-2\/"},{"@type":"ListItem","position":3,"name":"Machine \u00e0 Fessiers Z16XB"}]},{"@type":"WebSite","@id":"https:\/\/gymfactory.eu\/fr\/#website","url":"https:\/\/gymfactory.eu\/fr\/","name":"Gym Factory","description":"","publisher":{"@id":"https:\/\/gymfactory.eu\/fr\/#organization"},"potentialAction":[{"@type":"SearchAction","target":{"@type":"EntryPoint","urlTemplate":"https:\/\/gymfactory.eu\/fr\/?s={search_term_string}"},"query-input":{"@type":"PropertyValueSpecification","valueRequired":true,"valueName":"search_term_string"}}],"inLanguage":"fr-FR"},{"@type":"Organization","@id":"https:\/\/gymfactory.eu\/fr\/#organization","name":"Gym Factory","url":"https:\/\/gymfactory.eu\/fr\/","logo":{"@type":"ImageObject","inLanguage":"fr-FR","@id":"https:\/\/gymfactory.eu\/fr\/#\/schema\/logo\/image\/","url":"https:\/\/gymfactory.eu\/wp-content\/uploads\/2024\/11\/Component-1.svg","contentUrl":"https:\/\/gymfactory.eu\/wp-content\/uploads\/2024\/11\/Component-1.svg","width":54,"height":44,"caption":"Gym Factory"},"image":{"@id":"https:\/\/gymfactory.eu\/fr\/#\/schema\/logo\/image\/"}}]}},"_links":{"self":[{"href":"https:\/\/gymfactory.eu\/fr\/wp-json\/wp\/v2\/product\/29740","targetHints":{"allow":["GET"]}}],"collection":[{"href":"https:\/\/gymfactory.eu\/fr\/wp-json\/wp\/v2\/product"}],"about":[{"href":"https:\/\/gymfactory.eu\/fr\/wp-json\/wp\/v2\/types\/product"}],"wp:featuredmedia":[{"embeddable":true,"href":"https:\/\/gymfactory.eu\/fr\/wp-json\/wp\/v2\/media\/29741"}],"wp:attachment":[{"href":"https:\/\/gymfactory.eu\/fr\/wp-json\/wp\/v2\/media?parent=29740"}],"wp:term":[{"taxonomy":"product_brand","embeddable":true,"href":"https:\/\/gymfactory.eu\/fr\/wp-json\/wp\/v2\/product_brand?post=29740"},{"taxonomy":"product_cat","embeddable":true,"href":"https:\/\/gymfactory.eu\/fr\/wp-json\/wp\/v2\/product_cat?post=29740"},{"taxonomy":"product_tag","embeddable":true,"href":"https:\/\/gymfactory.eu\/fr\/wp-json\/wp\/v2\/product_tag?post=29740"}],"curies":[{"name":"wp","href":"https:\/\/api.w.org\/{rel}","templated":true}]}}