{"id":29736,"date":"2025-02-26T15:13:21","date_gmt":"2025-02-26T13:13:21","guid":{"rendered":"https:\/\/gymfactory.eu\/product\/accessoire-de-maintien-des-jambes-z22\/"},"modified":"2025-02-26T15:13:21","modified_gmt":"2025-02-26T13:13:21","slug":"accessoire-de-maintien-des-jambes-z22","status":"publish","type":"product","link":"https:\/\/gymfactory.eu\/fr\/produit\/accessoire-de-maintien-des-jambes-z22\/","title":{"rendered":"Accessoire de Maintien des Jambes Z22"},"content":{"rendered":"<p>L\u2019accessoire de maintien des jambes Z22 est un \u00e9quipement de gym pratique con\u00e7u pour offrir un soutien au niveau des genoux lors des exercices \u00e0 la poulie haute, comme les tirages verticaux. Cet accessoire aide \u00e0 maintenir le bas du corps stable et bien ancr\u00e9, permettant un meilleur contr\u00f4le et une plus grande amplitude de mouvement pendant les exercices de tirage. <\/p>\n<p>Il est compatible avec plusieurs de nos machines, notamment la <a href=\"https:\/\/gymfactory.eu\/?s=c2&amp;e_search_props=bac9fa6-573\" target=\"_blank\" rel=\"noopener\">s\u00e9rie C2<\/a>, et apporte confort et s\u00e9curit\u00e9 aux entra\u00eenements de musculation avec c\u00e2bles.<\/p>\n\n    <div class=\"xs_social_share_widget xs_share_url after_content \t\tmain_content  wslu-style-1 wslu-share-box-shaped wslu-fill-colored wslu-none wslu-share-horizontal wslu-theme-font-no wslu-main_content\">\n\n\t\t\n        <ul>\n\t\t\t        <\/ul>\n    <\/div> \n","protected":false},"excerpt":{"rendered":"<p>L\u2019accessoire de maintien des jambes Z22 est un \u00e9quipement de gym pratique con\u00e7u pour offrir un soutien au niveau des genoux lors des exercices \u00e0 la poulie haute, comme les tirages verticaux. Cet accessoire aide \u00e0 maintenir le bas du corps stable et bien ancr\u00e9, permettant un meilleur contr\u00f4le et une plus grande amplitude de [&hellip;]<\/p>\n","protected":false},"featured_media":29738,"template":"","meta":{"_acf_changed":false},"product_brand":[56],"product_cat":[826],"product_tag":[],"class_list":{"0":"post-29736","1":"product","2":"type-product","3":"status-publish","4":"has-post-thumbnail","6":"product_brand-gym-factory","7":"product_cat-accessoires-de-musculation","9":"first","10":"onbackorder","11":"taxable","12":"shipping-taxable","13":"purchasable","14":"product-type-simple"},"acf":[],"yoast_head":"<!-- This site is optimized with the Yoast SEO plugin v25.2 - https:\/\/yoast.com\/wordpress\/plugins\/seo\/ -->\n<title>Accessoire de Maintien des Jambes Z22 \u2013 \u00c9quipement de Gym S\u00e9curis\u00e9<\/title>\n<meta name=\"description\" content=\"L\u2019accessoire de maintien des jambes Z22 am\u00e9liore la stabilit\u00e9 et le contr\u00f4le pendant les entra\u00eenements. Cet \u00e9quipement de gym durable garantit un bon soutien pour les exercices de musculation.\" \/>\n<meta name=\"robots\" content=\"index, follow, max-snippet:-1, max-image-preview:large, max-video-preview:-1\" \/>\n<link rel=\"canonical\" href=\"https:\/\/gymfactory.eu\/fr\/produit\/accessoire-de-maintien-des-jambes-z22\/\" \/>\n<meta property=\"og:locale\" content=\"fr_FR\" \/>\n<meta property=\"og:type\" content=\"article\" \/>\n<meta property=\"og:title\" content=\"Accessoire de Maintien des Jambes Z22 \u2013 \u00c9quipement de Gym S\u00e9curis\u00e9\" \/>\n<meta property=\"og:description\" content=\"L\u2019accessoire de maintien des jambes Z22 am\u00e9liore la stabilit\u00e9 et le contr\u00f4le pendant les entra\u00eenements. Cet \u00e9quipement de gym durable garantit un bon soutien pour les exercices de musculation.\" \/>\n<meta property=\"og:url\" content=\"https:\/\/gymfactory.eu\/fr\/produit\/accessoire-de-maintien-des-jambes-z22\/\" \/>\n<meta property=\"og:site_name\" content=\"Gym Factory\" \/>\n<meta property=\"og:image\" content=\"https:\/\/gymfactory.eu\/wp-content\/uploads\/2025\/02\/gym-equipment-leg-hold-down-attachment-1-1.webp\" \/>\n\t<meta property=\"og:image:width\" content=\"1500\" \/>\n\t<meta property=\"og:image:height\" content=\"1500\" \/>\n\t<meta property=\"og:image:type\" content=\"image\/webp\" \/>\n<meta name=\"twitter:card\" content=\"summary_large_image\" \/>\n<script type=\"application\/ld+json\" class=\"yoast-schema-graph\">{\"@context\":\"https:\/\/schema.org\",\"@graph\":[{\"@type\":\"WebPage\",\"@id\":\"https:\/\/gymfactory.eu\/fr\/produit\/accessoire-de-maintien-des-jambes-z22\/\",\"url\":\"https:\/\/gymfactory.eu\/fr\/produit\/accessoire-de-maintien-des-jambes-z22\/\",\"name\":\"Accessoire de Maintien des Jambes Z22 \u2013 \u00c9quipement de Gym S\u00e9curis\u00e9\",\"isPartOf\":{\"@id\":\"https:\/\/gymfactory.eu\/fr\/#website\"},\"primaryImageOfPage\":{\"@id\":\"https:\/\/gymfactory.eu\/fr\/produit\/accessoire-de-maintien-des-jambes-z22\/#primaryimage\"},\"image\":{\"@id\":\"https:\/\/gymfactory.eu\/fr\/produit\/accessoire-de-maintien-des-jambes-z22\/#primaryimage\"},\"thumbnailUrl\":\"https:\/\/gymfactory.eu\/wp-content\/uploads\/2025\/02\/gym-equipment-leg-hold-down-attachment-1-1.webp\",\"datePublished\":\"2025-02-26T13:13:21+00:00\",\"description\":\"L\u2019accessoire de maintien des jambes Z22 am\u00e9liore la stabilit\u00e9 et le contr\u00f4le pendant les entra\u00eenements. Cet \u00e9quipement de gym durable garantit un bon soutien pour les exercices de musculation.\",\"breadcrumb\":{\"@id\":\"https:\/\/gymfactory.eu\/fr\/produit\/accessoire-de-maintien-des-jambes-z22\/#breadcrumb\"},\"inLanguage\":\"fr-FR\",\"potentialAction\":[{\"@type\":\"ReadAction\",\"target\":[\"https:\/\/gymfactory.eu\/fr\/produit\/accessoire-de-maintien-des-jambes-z22\/\"]}]},{\"@type\":\"ImageObject\",\"inLanguage\":\"fr-FR\",\"@id\":\"https:\/\/gymfactory.eu\/fr\/produit\/accessoire-de-maintien-des-jambes-z22\/#primaryimage\",\"url\":\"https:\/\/gymfactory.eu\/wp-content\/uploads\/2025\/02\/gym-equipment-leg-hold-down-attachment-1-1.webp\",\"contentUrl\":\"https:\/\/gymfactory.eu\/wp-content\/uploads\/2025\/02\/gym-equipment-leg-hold-down-attachment-1-1.webp\",\"width\":1500,\"height\":1500,\"caption\":\"A black gym equipment leg hold-down attachment with padded cylindrical rollers. The adjustable clamp design allows secure attachment to a power rack or workout bench, providing stability during leg exercises like lat pulldowns and sit-ups.\"},{\"@type\":\"BreadcrumbList\",\"@id\":\"https:\/\/gymfactory.eu\/fr\/produit\/accessoire-de-maintien-des-jambes-z22\/#breadcrumb\",\"itemListElement\":[{\"@type\":\"ListItem\",\"position\":1,\"name\":\"Home\",\"item\":\"https:\/\/gymfactory.eu\/fr\/page-principale\/\"},{\"@type\":\"ListItem\",\"position\":2,\"name\":\"Catalogue\",\"item\":\"https:\/\/gymfactory.eu\/fr\/catalogue-2\/\"},{\"@type\":\"ListItem\",\"position\":3,\"name\":\"Accessoire de Maintien des Jambes Z22\"}]},{\"@type\":\"WebSite\",\"@id\":\"https:\/\/gymfactory.eu\/fr\/#website\",\"url\":\"https:\/\/gymfactory.eu\/fr\/\",\"name\":\"Gym Factory\",\"description\":\"\",\"publisher\":{\"@id\":\"https:\/\/gymfactory.eu\/fr\/#organization\"},\"potentialAction\":[{\"@type\":\"SearchAction\",\"target\":{\"@type\":\"EntryPoint\",\"urlTemplate\":\"https:\/\/gymfactory.eu\/fr\/?s={search_term_string}\"},\"query-input\":{\"@type\":\"PropertyValueSpecification\",\"valueRequired\":true,\"valueName\":\"search_term_string\"}}],\"inLanguage\":\"fr-FR\"},{\"@type\":\"Organization\",\"@id\":\"https:\/\/gymfactory.eu\/fr\/#organization\",\"name\":\"Gym Factory\",\"url\":\"https:\/\/gymfactory.eu\/fr\/\",\"logo\":{\"@type\":\"ImageObject\",\"inLanguage\":\"fr-FR\",\"@id\":\"https:\/\/gymfactory.eu\/fr\/#\/schema\/logo\/image\/\",\"url\":\"https:\/\/gymfactory.eu\/wp-content\/uploads\/2024\/11\/Component-1.svg\",\"contentUrl\":\"https:\/\/gymfactory.eu\/wp-content\/uploads\/2024\/11\/Component-1.svg\",\"width\":54,\"height\":44,\"caption\":\"Gym Factory\"},\"image\":{\"@id\":\"https:\/\/gymfactory.eu\/fr\/#\/schema\/logo\/image\/\"}}]}<\/script>\n<!-- \/ Yoast SEO plugin. -->","yoast_head_json":{"title":"Accessoire de Maintien des Jambes Z22 \u2013 \u00c9quipement de Gym S\u00e9curis\u00e9","description":"L\u2019accessoire de maintien des jambes Z22 am\u00e9liore la stabilit\u00e9 et le contr\u00f4le pendant les entra\u00eenements. Cet \u00e9quipement de gym durable garantit un bon soutien pour les exercices de musculation.","robots":{"index":"index","follow":"follow","max-snippet":"max-snippet:-1","max-image-preview":"max-image-preview:large","max-video-preview":"max-video-preview:-1"},"canonical":"https:\/\/gymfactory.eu\/fr\/produit\/accessoire-de-maintien-des-jambes-z22\/","og_locale":"fr_FR","og_type":"article","og_title":"Accessoire de Maintien des Jambes Z22 \u2013 \u00c9quipement de Gym S\u00e9curis\u00e9","og_description":"L\u2019accessoire de maintien des jambes Z22 am\u00e9liore la stabilit\u00e9 et le contr\u00f4le pendant les entra\u00eenements. Cet \u00e9quipement de gym durable garantit un bon soutien pour les exercices de musculation.","og_url":"https:\/\/gymfactory.eu\/fr\/produit\/accessoire-de-maintien-des-jambes-z22\/","og_site_name":"Gym Factory","og_image":[{"width":1500,"height":1500,"url":"https:\/\/gymfactory.eu\/wp-content\/uploads\/2025\/02\/gym-equipment-leg-hold-down-attachment-1-1.webp","type":"image\/webp"}],"twitter_card":"summary_large_image","schema":{"@context":"https:\/\/schema.org","@graph":[{"@type":"WebPage","@id":"https:\/\/gymfactory.eu\/fr\/produit\/accessoire-de-maintien-des-jambes-z22\/","url":"https:\/\/gymfactory.eu\/fr\/produit\/accessoire-de-maintien-des-jambes-z22\/","name":"Accessoire de Maintien des Jambes Z22 \u2013 \u00c9quipement de Gym S\u00e9curis\u00e9","isPartOf":{"@id":"https:\/\/gymfactory.eu\/fr\/#website"},"primaryImageOfPage":{"@id":"https:\/\/gymfactory.eu\/fr\/produit\/accessoire-de-maintien-des-jambes-z22\/#primaryimage"},"image":{"@id":"https:\/\/gymfactory.eu\/fr\/produit\/accessoire-de-maintien-des-jambes-z22\/#primaryimage"},"thumbnailUrl":"https:\/\/gymfactory.eu\/wp-content\/uploads\/2025\/02\/gym-equipment-leg-hold-down-attachment-1-1.webp","datePublished":"2025-02-26T13:13:21+00:00","description":"L\u2019accessoire de maintien des jambes Z22 am\u00e9liore la stabilit\u00e9 et le contr\u00f4le pendant les entra\u00eenements. Cet \u00e9quipement de gym durable garantit un bon soutien pour les exercices de musculation.","breadcrumb":{"@id":"https:\/\/gymfactory.eu\/fr\/produit\/accessoire-de-maintien-des-jambes-z22\/#breadcrumb"},"inLanguage":"fr-FR","potentialAction":[{"@type":"ReadAction","target":["https:\/\/gymfactory.eu\/fr\/produit\/accessoire-de-maintien-des-jambes-z22\/"]}]},{"@type":"ImageObject","inLanguage":"fr-FR","@id":"https:\/\/gymfactory.eu\/fr\/produit\/accessoire-de-maintien-des-jambes-z22\/#primaryimage","url":"https:\/\/gymfactory.eu\/wp-content\/uploads\/2025\/02\/gym-equipment-leg-hold-down-attachment-1-1.webp","contentUrl":"https:\/\/gymfactory.eu\/wp-content\/uploads\/2025\/02\/gym-equipment-leg-hold-down-attachment-1-1.webp","width":1500,"height":1500,"caption":"A black gym equipment leg hold-down attachment with padded cylindrical rollers. The adjustable clamp design allows secure attachment to a power rack or workout bench, providing stability during leg exercises like lat pulldowns and sit-ups."},{"@type":"BreadcrumbList","@id":"https:\/\/gymfactory.eu\/fr\/produit\/accessoire-de-maintien-des-jambes-z22\/#breadcrumb","itemListElement":[{"@type":"ListItem","position":1,"name":"Home","item":"https:\/\/gymfactory.eu\/fr\/page-principale\/"},{"@type":"ListItem","position":2,"name":"Catalogue","item":"https:\/\/gymfactory.eu\/fr\/catalogue-2\/"},{"@type":"ListItem","position":3,"name":"Accessoire de Maintien des Jambes Z22"}]},{"@type":"WebSite","@id":"https:\/\/gymfactory.eu\/fr\/#website","url":"https:\/\/gymfactory.eu\/fr\/","name":"Gym Factory","description":"","publisher":{"@id":"https:\/\/gymfactory.eu\/fr\/#organization"},"potentialAction":[{"@type":"SearchAction","target":{"@type":"EntryPoint","urlTemplate":"https:\/\/gymfactory.eu\/fr\/?s={search_term_string}"},"query-input":{"@type":"PropertyValueSpecification","valueRequired":true,"valueName":"search_term_string"}}],"inLanguage":"fr-FR"},{"@type":"Organization","@id":"https:\/\/gymfactory.eu\/fr\/#organization","name":"Gym Factory","url":"https:\/\/gymfactory.eu\/fr\/","logo":{"@type":"ImageObject","inLanguage":"fr-FR","@id":"https:\/\/gymfactory.eu\/fr\/#\/schema\/logo\/image\/","url":"https:\/\/gymfactory.eu\/wp-content\/uploads\/2024\/11\/Component-1.svg","contentUrl":"https:\/\/gymfactory.eu\/wp-content\/uploads\/2024\/11\/Component-1.svg","width":54,"height":44,"caption":"Gym Factory"},"image":{"@id":"https:\/\/gymfactory.eu\/fr\/#\/schema\/logo\/image\/"}}]}},"_links":{"self":[{"href":"https:\/\/gymfactory.eu\/fr\/wp-json\/wp\/v2\/product\/29736","targetHints":{"allow":["GET"]}}],"collection":[{"href":"https:\/\/gymfactory.eu\/fr\/wp-json\/wp\/v2\/product"}],"about":[{"href":"https:\/\/gymfactory.eu\/fr\/wp-json\/wp\/v2\/types\/product"}],"wp:featuredmedia":[{"embeddable":true,"href":"https:\/\/gymfactory.eu\/fr\/wp-json\/wp\/v2\/media\/29738"}],"wp:attachment":[{"href":"https:\/\/gymfactory.eu\/fr\/wp-json\/wp\/v2\/media?parent=29736"}],"wp:term":[{"taxonomy":"product_brand","embeddable":true,"href":"https:\/\/gymfactory.eu\/fr\/wp-json\/wp\/v2\/product_brand?post=29736"},{"taxonomy":"product_cat","embeddable":true,"href":"https:\/\/gymfactory.eu\/fr\/wp-json\/wp\/v2\/product_cat?post=29736"},{"taxonomy":"product_tag","embeddable":true,"href":"https:\/\/gymfactory.eu\/fr\/wp-json\/wp\/v2\/product_tag?post=29736"}],"curies":[{"name":"wp","href":"https:\/\/api.w.org\/{rel}","templated":true}]}}