{"id":29731,"date":"2025-02-26T14:59:36","date_gmt":"2025-02-26T12:59:36","guid":{"rendered":"https:\/\/gymfactory.eu\/product\/tige-de-charge-pour-machine-a-selection-z21\/"},"modified":"2025-02-26T14:59:36","modified_gmt":"2025-02-26T12:59:36","slug":"tige-de-charge-pour-machine-a-selection-z21","status":"publish","type":"product","link":"https:\/\/gymfactory.eu\/fr\/produit\/tige-de-charge-pour-machine-a-selection-z21\/","title":{"rendered":"Tige de Charge pour Machine \u00e0 S\u00e9lection Z21"},"content":{"rendered":"<p>La tige de charge pour machine \u00e0 s\u00e9lection Z21 est un \u00e9quipement de gym sp\u00e9cialis\u00e9 con\u00e7u pour \u00eatre utilis\u00e9 avec les machines \u00e0 s\u00e9lecteur (stack). Cette tige permet aux utilisateurs d\u2019ajouter des disques de poids suppl\u00e9mentaires \u00e0 la machine en faisant coulisser des disques olympiques ou standards sur l\u2019axe de la tige, offrant ainsi une r\u00e9sistance sup\u00e9rieure \u00e0 celle de la pile de poids int\u00e9gr\u00e9e. <\/p>\n<p>Elle est enti\u00e8rement compatible avec nos machines, offrant un moyen simple et efficace d\u2019augmenter l\u2019intensit\u00e9 de l\u2019entra\u00eenement sans modifier l\u2019\u00e9quipement de base.<\/p>\n\n    <div class=\"xs_social_share_widget xs_share_url after_content \t\tmain_content  wslu-style-1 wslu-share-box-shaped wslu-fill-colored wslu-none wslu-share-horizontal wslu-theme-font-no wslu-main_content\">\n\n\t\t\n        <ul>\n\t\t\t        <\/ul>\n    <\/div> \n","protected":false},"excerpt":{"rendered":"<p>La tige de charge pour machine \u00e0 s\u00e9lection Z21 est un \u00e9quipement de gym sp\u00e9cialis\u00e9 con\u00e7u pour \u00eatre utilis\u00e9 avec les machines \u00e0 s\u00e9lecteur (stack). Cette tige permet aux utilisateurs d\u2019ajouter des disques de poids suppl\u00e9mentaires \u00e0 la machine en faisant coulisser des disques olympiques ou standards sur l\u2019axe de la tige, offrant ainsi une [&hellip;]<\/p>\n","protected":false},"featured_media":29735,"template":"","meta":{"_acf_changed":false},"product_brand":[56],"product_cat":[826],"product_tag":[977],"class_list":{"0":"post-29731","1":"product","2":"type-product","3":"status-publish","4":"has-post-thumbnail","6":"product_brand-gym-factory","7":"product_cat-accessoires-de-musculation","8":"product_tag-couleur-sans-couleurs","10":"first","11":"onbackorder","12":"taxable","13":"shipping-taxable","14":"purchasable","15":"product-type-simple"},"acf":[],"yoast_head":"<!-- This site is optimized with the Yoast SEO plugin v25.2 - https:\/\/yoast.com\/wordpress\/plugins\/seo\/ -->\n<title>Tige de Charge pour Machine \u00e0 S\u00e9lection Z21 \u2013 \u00c9quipement de Gym Durable<\/title>\n<meta name=\"description\" content=\"La tige de charge pour machine \u00e0 s\u00e9lection Z21 est un \u00e9quipement de gym fiable, con\u00e7u pour des ajustements de charge s\u00fbrs et efficaces.\" \/>\n<meta name=\"robots\" content=\"index, follow, max-snippet:-1, max-image-preview:large, max-video-preview:-1\" \/>\n<link rel=\"canonical\" href=\"https:\/\/gymfactory.eu\/fr\/produit\/tige-de-charge-pour-machine-a-selection-z21\/\" \/>\n<meta property=\"og:locale\" content=\"fr_FR\" \/>\n<meta property=\"og:type\" content=\"article\" \/>\n<meta property=\"og:title\" content=\"Tige de Charge pour Machine \u00e0 S\u00e9lection Z21 \u2013 \u00c9quipement de Gym Durable\" \/>\n<meta property=\"og:description\" content=\"La tige de charge pour machine \u00e0 s\u00e9lection Z21 est un \u00e9quipement de gym fiable, con\u00e7u pour des ajustements de charge s\u00fbrs et efficaces.\" \/>\n<meta property=\"og:url\" content=\"https:\/\/gymfactory.eu\/fr\/produit\/tige-de-charge-pour-machine-a-selection-z21\/\" \/>\n<meta property=\"og:site_name\" content=\"Gym Factory\" \/>\n<meta property=\"og:image\" content=\"https:\/\/gymfactory.eu\/wp-content\/uploads\/2025\/02\/Z21-gym-equipment-weight-stack-locking-pin-2.webp\" \/>\n\t<meta property=\"og:image:width\" content=\"1500\" \/>\n\t<meta property=\"og:image:height\" content=\"1500\" \/>\n\t<meta property=\"og:image:type\" content=\"image\/webp\" \/>\n<meta name=\"twitter:card\" content=\"summary_large_image\" \/>\n<meta name=\"twitter:label1\" content=\"Dur\u00e9e de lecture estim\u00e9e\" \/>\n\t<meta name=\"twitter:data1\" content=\"1 minute\" \/>\n<script type=\"application\/ld+json\" class=\"yoast-schema-graph\">{\"@context\":\"https:\/\/schema.org\",\"@graph\":[{\"@type\":\"WebPage\",\"@id\":\"https:\/\/gymfactory.eu\/fr\/produit\/tige-de-charge-pour-machine-a-selection-z21\/\",\"url\":\"https:\/\/gymfactory.eu\/fr\/produit\/tige-de-charge-pour-machine-a-selection-z21\/\",\"name\":\"Tige de Charge pour Machine \u00e0 S\u00e9lection Z21 \u2013 \u00c9quipement de Gym Durable\",\"isPartOf\":{\"@id\":\"https:\/\/gymfactory.eu\/fr\/#website\"},\"primaryImageOfPage\":{\"@id\":\"https:\/\/gymfactory.eu\/fr\/produit\/tige-de-charge-pour-machine-a-selection-z21\/#primaryimage\"},\"image\":{\"@id\":\"https:\/\/gymfactory.eu\/fr\/produit\/tige-de-charge-pour-machine-a-selection-z21\/#primaryimage\"},\"thumbnailUrl\":\"https:\/\/gymfactory.eu\/wp-content\/uploads\/2025\/02\/Z21-gym-equipment-weight-stack-locking-pin-2.webp\",\"datePublished\":\"2025-02-26T12:59:36+00:00\",\"description\":\"La tige de charge pour machine \u00e0 s\u00e9lection Z21 est un \u00e9quipement de gym fiable, con\u00e7u pour des ajustements de charge s\u00fbrs et efficaces.\",\"breadcrumb\":{\"@id\":\"https:\/\/gymfactory.eu\/fr\/produit\/tige-de-charge-pour-machine-a-selection-z21\/#breadcrumb\"},\"inLanguage\":\"fr-FR\",\"potentialAction\":[{\"@type\":\"ReadAction\",\"target\":[\"https:\/\/gymfactory.eu\/fr\/produit\/tige-de-charge-pour-machine-a-selection-z21\/\"]}]},{\"@type\":\"ImageObject\",\"inLanguage\":\"fr-FR\",\"@id\":\"https:\/\/gymfactory.eu\/fr\/produit\/tige-de-charge-pour-machine-a-selection-z21\/#primaryimage\",\"url\":\"https:\/\/gymfactory.eu\/wp-content\/uploads\/2025\/02\/Z21-gym-equipment-weight-stack-locking-pin-2.webp\",\"contentUrl\":\"https:\/\/gymfactory.eu\/wp-content\/uploads\/2025\/02\/Z21-gym-equipment-weight-stack-locking-pin-2.webp\",\"width\":1500,\"height\":1500,\"caption\":\"Detailed view of a gym equipment weight stack locking pin with a solid steel body and a rubberized end. The durable design ensures stability and safety when adjusting weight resistance on fitness machines.\"},{\"@type\":\"BreadcrumbList\",\"@id\":\"https:\/\/gymfactory.eu\/fr\/produit\/tige-de-charge-pour-machine-a-selection-z21\/#breadcrumb\",\"itemListElement\":[{\"@type\":\"ListItem\",\"position\":1,\"name\":\"Home\",\"item\":\"https:\/\/gymfactory.eu\/fr\/page-principale\/\"},{\"@type\":\"ListItem\",\"position\":2,\"name\":\"Catalogue\",\"item\":\"https:\/\/gymfactory.eu\/fr\/catalogue-2\/\"},{\"@type\":\"ListItem\",\"position\":3,\"name\":\"Tige de Charge pour Machine \u00e0 S\u00e9lection Z21\"}]},{\"@type\":\"WebSite\",\"@id\":\"https:\/\/gymfactory.eu\/fr\/#website\",\"url\":\"https:\/\/gymfactory.eu\/fr\/\",\"name\":\"Gym Factory\",\"description\":\"\",\"publisher\":{\"@id\":\"https:\/\/gymfactory.eu\/fr\/#organization\"},\"potentialAction\":[{\"@type\":\"SearchAction\",\"target\":{\"@type\":\"EntryPoint\",\"urlTemplate\":\"https:\/\/gymfactory.eu\/fr\/?s={search_term_string}\"},\"query-input\":{\"@type\":\"PropertyValueSpecification\",\"valueRequired\":true,\"valueName\":\"search_term_string\"}}],\"inLanguage\":\"fr-FR\"},{\"@type\":\"Organization\",\"@id\":\"https:\/\/gymfactory.eu\/fr\/#organization\",\"name\":\"Gym Factory\",\"url\":\"https:\/\/gymfactory.eu\/fr\/\",\"logo\":{\"@type\":\"ImageObject\",\"inLanguage\":\"fr-FR\",\"@id\":\"https:\/\/gymfactory.eu\/fr\/#\/schema\/logo\/image\/\",\"url\":\"https:\/\/gymfactory.eu\/wp-content\/uploads\/2024\/11\/Component-1.svg\",\"contentUrl\":\"https:\/\/gymfactory.eu\/wp-content\/uploads\/2024\/11\/Component-1.svg\",\"width\":54,\"height\":44,\"caption\":\"Gym Factory\"},\"image\":{\"@id\":\"https:\/\/gymfactory.eu\/fr\/#\/schema\/logo\/image\/\"}}]}<\/script>\n<!-- \/ Yoast SEO plugin. -->","yoast_head_json":{"title":"Tige de Charge pour Machine \u00e0 S\u00e9lection Z21 \u2013 \u00c9quipement de Gym Durable","description":"La tige de charge pour machine \u00e0 s\u00e9lection Z21 est un \u00e9quipement de gym fiable, con\u00e7u pour des ajustements de charge s\u00fbrs et efficaces.","robots":{"index":"index","follow":"follow","max-snippet":"max-snippet:-1","max-image-preview":"max-image-preview:large","max-video-preview":"max-video-preview:-1"},"canonical":"https:\/\/gymfactory.eu\/fr\/produit\/tige-de-charge-pour-machine-a-selection-z21\/","og_locale":"fr_FR","og_type":"article","og_title":"Tige de Charge pour Machine \u00e0 S\u00e9lection Z21 \u2013 \u00c9quipement de Gym Durable","og_description":"La tige de charge pour machine \u00e0 s\u00e9lection Z21 est un \u00e9quipement de gym fiable, con\u00e7u pour des ajustements de charge s\u00fbrs et efficaces.","og_url":"https:\/\/gymfactory.eu\/fr\/produit\/tige-de-charge-pour-machine-a-selection-z21\/","og_site_name":"Gym Factory","og_image":[{"width":1500,"height":1500,"url":"https:\/\/gymfactory.eu\/wp-content\/uploads\/2025\/02\/Z21-gym-equipment-weight-stack-locking-pin-2.webp","type":"image\/webp"}],"twitter_card":"summary_large_image","twitter_misc":{"Dur\u00e9e de lecture estim\u00e9e":"1 minute"},"schema":{"@context":"https:\/\/schema.org","@graph":[{"@type":"WebPage","@id":"https:\/\/gymfactory.eu\/fr\/produit\/tige-de-charge-pour-machine-a-selection-z21\/","url":"https:\/\/gymfactory.eu\/fr\/produit\/tige-de-charge-pour-machine-a-selection-z21\/","name":"Tige de Charge pour Machine \u00e0 S\u00e9lection Z21 \u2013 \u00c9quipement de Gym Durable","isPartOf":{"@id":"https:\/\/gymfactory.eu\/fr\/#website"},"primaryImageOfPage":{"@id":"https:\/\/gymfactory.eu\/fr\/produit\/tige-de-charge-pour-machine-a-selection-z21\/#primaryimage"},"image":{"@id":"https:\/\/gymfactory.eu\/fr\/produit\/tige-de-charge-pour-machine-a-selection-z21\/#primaryimage"},"thumbnailUrl":"https:\/\/gymfactory.eu\/wp-content\/uploads\/2025\/02\/Z21-gym-equipment-weight-stack-locking-pin-2.webp","datePublished":"2025-02-26T12:59:36+00:00","description":"La tige de charge pour machine \u00e0 s\u00e9lection Z21 est un \u00e9quipement de gym fiable, con\u00e7u pour des ajustements de charge s\u00fbrs et efficaces.","breadcrumb":{"@id":"https:\/\/gymfactory.eu\/fr\/produit\/tige-de-charge-pour-machine-a-selection-z21\/#breadcrumb"},"inLanguage":"fr-FR","potentialAction":[{"@type":"ReadAction","target":["https:\/\/gymfactory.eu\/fr\/produit\/tige-de-charge-pour-machine-a-selection-z21\/"]}]},{"@type":"ImageObject","inLanguage":"fr-FR","@id":"https:\/\/gymfactory.eu\/fr\/produit\/tige-de-charge-pour-machine-a-selection-z21\/#primaryimage","url":"https:\/\/gymfactory.eu\/wp-content\/uploads\/2025\/02\/Z21-gym-equipment-weight-stack-locking-pin-2.webp","contentUrl":"https:\/\/gymfactory.eu\/wp-content\/uploads\/2025\/02\/Z21-gym-equipment-weight-stack-locking-pin-2.webp","width":1500,"height":1500,"caption":"Detailed view of a gym equipment weight stack locking pin with a solid steel body and a rubberized end. The durable design ensures stability and safety when adjusting weight resistance on fitness machines."},{"@type":"BreadcrumbList","@id":"https:\/\/gymfactory.eu\/fr\/produit\/tige-de-charge-pour-machine-a-selection-z21\/#breadcrumb","itemListElement":[{"@type":"ListItem","position":1,"name":"Home","item":"https:\/\/gymfactory.eu\/fr\/page-principale\/"},{"@type":"ListItem","position":2,"name":"Catalogue","item":"https:\/\/gymfactory.eu\/fr\/catalogue-2\/"},{"@type":"ListItem","position":3,"name":"Tige de Charge pour Machine \u00e0 S\u00e9lection Z21"}]},{"@type":"WebSite","@id":"https:\/\/gymfactory.eu\/fr\/#website","url":"https:\/\/gymfactory.eu\/fr\/","name":"Gym Factory","description":"","publisher":{"@id":"https:\/\/gymfactory.eu\/fr\/#organization"},"potentialAction":[{"@type":"SearchAction","target":{"@type":"EntryPoint","urlTemplate":"https:\/\/gymfactory.eu\/fr\/?s={search_term_string}"},"query-input":{"@type":"PropertyValueSpecification","valueRequired":true,"valueName":"search_term_string"}}],"inLanguage":"fr-FR"},{"@type":"Organization","@id":"https:\/\/gymfactory.eu\/fr\/#organization","name":"Gym Factory","url":"https:\/\/gymfactory.eu\/fr\/","logo":{"@type":"ImageObject","inLanguage":"fr-FR","@id":"https:\/\/gymfactory.eu\/fr\/#\/schema\/logo\/image\/","url":"https:\/\/gymfactory.eu\/wp-content\/uploads\/2024\/11\/Component-1.svg","contentUrl":"https:\/\/gymfactory.eu\/wp-content\/uploads\/2024\/11\/Component-1.svg","width":54,"height":44,"caption":"Gym Factory"},"image":{"@id":"https:\/\/gymfactory.eu\/fr\/#\/schema\/logo\/image\/"}}]}},"_links":{"self":[{"href":"https:\/\/gymfactory.eu\/fr\/wp-json\/wp\/v2\/product\/29731","targetHints":{"allow":["GET"]}}],"collection":[{"href":"https:\/\/gymfactory.eu\/fr\/wp-json\/wp\/v2\/product"}],"about":[{"href":"https:\/\/gymfactory.eu\/fr\/wp-json\/wp\/v2\/types\/product"}],"wp:featuredmedia":[{"embeddable":true,"href":"https:\/\/gymfactory.eu\/fr\/wp-json\/wp\/v2\/media\/29735"}],"wp:attachment":[{"href":"https:\/\/gymfactory.eu\/fr\/wp-json\/wp\/v2\/media?parent=29731"}],"wp:term":[{"taxonomy":"product_brand","embeddable":true,"href":"https:\/\/gymfactory.eu\/fr\/wp-json\/wp\/v2\/product_brand?post=29731"},{"taxonomy":"product_cat","embeddable":true,"href":"https:\/\/gymfactory.eu\/fr\/wp-json\/wp\/v2\/product_cat?post=29731"},{"taxonomy":"product_tag","embeddable":true,"href":"https:\/\/gymfactory.eu\/fr\/wp-json\/wp\/v2\/product_tag?post=29731"}],"curies":[{"name":"wp","href":"https:\/\/api.w.org\/{rel}","templated":true}]}}