{"id":29722,"date":"2025-02-26T14:45:07","date_gmt":"2025-02-26T12:45:07","guid":{"rendered":"https:\/\/gymfactory.eu\/product\/bras-jammer-z20\/"},"modified":"2025-02-26T14:45:07","modified_gmt":"2025-02-26T12:45:07","slug":"bras-jammer-z20","status":"publish","type":"product","link":"https:\/\/gymfactory.eu\/fr\/produit\/bras-jammer-z20\/","title":{"rendered":"Bras Jammer Z20"},"content":{"rendered":"<p>Les Bras Jammer Z20 sont des accessoires ultra-robustes con\u00e7us pour \u00eatre utilis\u00e9s avec des racks compatibles et des \u00e9quipements de gym multifonctionnels, y compris <a href=\"https:\/\/gymfactory.eu\/product\/b8-workout-rack\/\" target=\"_blank\" rel=\"noopener\">le rack d\u2019entra\u00eenement B8<\/a>. Ces bras permettent aux utilisateurs d\u2019effectuer des mouvements explosifs de pouss\u00e9e et de tirage avec une trajectoire de mouvement fixe, ce qui les rend id\u00e9aux pour les d\u00e9velopp\u00e9s, les tirages et le d\u00e9veloppement de la puissance athl\u00e9tique. <\/p>\n<p>Parfaits pour l\u2019entra\u00eenement de la force et de la performance sportive, les Jammer Arms ajoutent de la polyvalence \u00e0 toute configuration de salle de sport.<\/p>\n\n    <div class=\"xs_social_share_widget xs_share_url after_content \t\tmain_content  wslu-style-1 wslu-share-box-shaped wslu-fill-colored wslu-none wslu-share-horizontal wslu-theme-font-no wslu-main_content\">\n\n\t\t\n        <ul>\n\t\t\t        <\/ul>\n    <\/div> \n","protected":false},"excerpt":{"rendered":"<p>Les Bras Jammer Z20 sont des accessoires ultra-robustes con\u00e7us pour \u00eatre utilis\u00e9s avec des racks compatibles et des \u00e9quipements de gym multifonctionnels, y compris le rack d\u2019entra\u00eenement B8. Ces bras permettent aux utilisateurs d\u2019effectuer des mouvements explosifs de pouss\u00e9e et de tirage avec une trajectoire de mouvement fixe, ce qui les rend id\u00e9aux pour les [&hellip;]<\/p>\n","protected":false},"featured_media":29723,"template":"","meta":{"_acf_changed":false},"product_brand":[56],"product_cat":[826],"product_tag":[977],"class_list":{"0":"post-29722","1":"product","2":"type-product","3":"status-publish","4":"has-post-thumbnail","6":"product_brand-gym-factory","7":"product_cat-accessoires-de-musculation","8":"product_tag-couleur-sans-couleurs","10":"first","11":"onbackorder","12":"taxable","13":"shipping-taxable","14":"purchasable","15":"product-type-variable"},"acf":[],"yoast_head":"<!-- This site is optimized with the Yoast SEO plugin v25.2 - https:\/\/yoast.com\/wordpress\/plugins\/seo\/ -->\n<title>Bras Jammer Z20 \u2013 \u00c9quipement de Gym Polyvalent pour la Musculation<\/title>\n<meta name=\"description\" content=\"Am\u00e9liorez vos entra\u00eenements avec les Bras Jammer Z20, un \u00e9quipement de gym durable et r\u00e9glable con\u00e7u pour des mouvements contr\u00f4l\u00e9s et puissants.\" \/>\n<meta name=\"robots\" content=\"index, follow, max-snippet:-1, max-image-preview:large, max-video-preview:-1\" \/>\n<link rel=\"canonical\" href=\"https:\/\/gymfactory.eu\/fr\/produit\/bras-jammer-z20\/\" \/>\n<meta property=\"og:locale\" content=\"fr_FR\" \/>\n<meta property=\"og:type\" content=\"article\" \/>\n<meta property=\"og:title\" content=\"Bras Jammer Z20 \u2013 \u00c9quipement de Gym Polyvalent pour la Musculation\" \/>\n<meta property=\"og:description\" content=\"Am\u00e9liorez vos entra\u00eenements avec les Bras Jammer Z20, un \u00e9quipement de gym durable et r\u00e9glable con\u00e7u pour des mouvements contr\u00f4l\u00e9s et puissants.\" \/>\n<meta property=\"og:url\" content=\"https:\/\/gymfactory.eu\/fr\/produit\/bras-jammer-z20\/\" \/>\n<meta property=\"og:site_name\" content=\"Gym Factory\" \/>\n<meta property=\"og:image\" content=\"https:\/\/gymfactory.eu\/wp-content\/uploads\/2025\/02\/gym-equipment-jammer-arms-1.webp\" \/>\n\t<meta property=\"og:image:width\" content=\"1500\" \/>\n\t<meta property=\"og:image:height\" content=\"1500\" \/>\n\t<meta property=\"og:image:type\" content=\"image\/webp\" \/>\n<meta name=\"twitter:card\" content=\"summary_large_image\" \/>\n<meta name=\"twitter:label1\" content=\"Dur\u00e9e de lecture estim\u00e9e\" \/>\n\t<meta name=\"twitter:data1\" content=\"1 minute\" \/>\n<script type=\"application\/ld+json\" class=\"yoast-schema-graph\">{\"@context\":\"https:\/\/schema.org\",\"@graph\":[{\"@type\":\"WebPage\",\"@id\":\"https:\/\/gymfactory.eu\/fr\/produit\/bras-jammer-z20\/\",\"url\":\"https:\/\/gymfactory.eu\/fr\/produit\/bras-jammer-z20\/\",\"name\":\"Bras Jammer Z20 \u2013 \u00c9quipement de Gym Polyvalent pour la Musculation\",\"isPartOf\":{\"@id\":\"https:\/\/gymfactory.eu\/fr\/#website\"},\"primaryImageOfPage\":{\"@id\":\"https:\/\/gymfactory.eu\/fr\/produit\/bras-jammer-z20\/#primaryimage\"},\"image\":{\"@id\":\"https:\/\/gymfactory.eu\/fr\/produit\/bras-jammer-z20\/#primaryimage\"},\"thumbnailUrl\":\"https:\/\/gymfactory.eu\/wp-content\/uploads\/2025\/02\/gym-equipment-jammer-arms-1.webp\",\"datePublished\":\"2025-02-26T12:45:07+00:00\",\"description\":\"Am\u00e9liorez vos entra\u00eenements avec les Bras Jammer Z20, un \u00e9quipement de gym durable et r\u00e9glable con\u00e7u pour des mouvements contr\u00f4l\u00e9s et puissants.\",\"breadcrumb\":{\"@id\":\"https:\/\/gymfactory.eu\/fr\/produit\/bras-jammer-z20\/#breadcrumb\"},\"inLanguage\":\"fr-FR\",\"potentialAction\":[{\"@type\":\"ReadAction\",\"target\":[\"https:\/\/gymfactory.eu\/fr\/produit\/bras-jammer-z20\/\"]}]},{\"@type\":\"ImageObject\",\"inLanguage\":\"fr-FR\",\"@id\":\"https:\/\/gymfactory.eu\/fr\/produit\/bras-jammer-z20\/#primaryimage\",\"url\":\"https:\/\/gymfactory.eu\/wp-content\/uploads\/2025\/02\/gym-equipment-jammer-arms-1.webp\",\"contentUrl\":\"https:\/\/gymfactory.eu\/wp-content\/uploads\/2025\/02\/gym-equipment-jammer-arms-1.webp\",\"width\":1500,\"height\":1500,\"caption\":\"A pair of black gym equipment jammer arms designed for power rack attachment. The sturdy steel arms feature chrome handles and weight plate pegs, providing a secure setup for controlled pressing and explosive strength training exercises.\"},{\"@type\":\"BreadcrumbList\",\"@id\":\"https:\/\/gymfactory.eu\/fr\/produit\/bras-jammer-z20\/#breadcrumb\",\"itemListElement\":[{\"@type\":\"ListItem\",\"position\":1,\"name\":\"Home\",\"item\":\"https:\/\/gymfactory.eu\/fr\/page-principale\/\"},{\"@type\":\"ListItem\",\"position\":2,\"name\":\"Catalogue\",\"item\":\"https:\/\/gymfactory.eu\/fr\/catalogue-2\/\"},{\"@type\":\"ListItem\",\"position\":3,\"name\":\"Bras Jammer Z20\"}]},{\"@type\":\"WebSite\",\"@id\":\"https:\/\/gymfactory.eu\/fr\/#website\",\"url\":\"https:\/\/gymfactory.eu\/fr\/\",\"name\":\"Gym Factory\",\"description\":\"\",\"publisher\":{\"@id\":\"https:\/\/gymfactory.eu\/fr\/#organization\"},\"potentialAction\":[{\"@type\":\"SearchAction\",\"target\":{\"@type\":\"EntryPoint\",\"urlTemplate\":\"https:\/\/gymfactory.eu\/fr\/?s={search_term_string}\"},\"query-input\":{\"@type\":\"PropertyValueSpecification\",\"valueRequired\":true,\"valueName\":\"search_term_string\"}}],\"inLanguage\":\"fr-FR\"},{\"@type\":\"Organization\",\"@id\":\"https:\/\/gymfactory.eu\/fr\/#organization\",\"name\":\"Gym Factory\",\"url\":\"https:\/\/gymfactory.eu\/fr\/\",\"logo\":{\"@type\":\"ImageObject\",\"inLanguage\":\"fr-FR\",\"@id\":\"https:\/\/gymfactory.eu\/fr\/#\/schema\/logo\/image\/\",\"url\":\"https:\/\/gymfactory.eu\/wp-content\/uploads\/2024\/11\/Component-1.svg\",\"contentUrl\":\"https:\/\/gymfactory.eu\/wp-content\/uploads\/2024\/11\/Component-1.svg\",\"width\":54,\"height\":44,\"caption\":\"Gym Factory\"},\"image\":{\"@id\":\"https:\/\/gymfactory.eu\/fr\/#\/schema\/logo\/image\/\"}}]}<\/script>\n<!-- \/ Yoast SEO plugin. -->","yoast_head_json":{"title":"Bras Jammer Z20 \u2013 \u00c9quipement de Gym Polyvalent pour la Musculation","description":"Am\u00e9liorez vos entra\u00eenements avec les Bras Jammer Z20, un \u00e9quipement de gym durable et r\u00e9glable con\u00e7u pour des mouvements contr\u00f4l\u00e9s et puissants.","robots":{"index":"index","follow":"follow","max-snippet":"max-snippet:-1","max-image-preview":"max-image-preview:large","max-video-preview":"max-video-preview:-1"},"canonical":"https:\/\/gymfactory.eu\/fr\/produit\/bras-jammer-z20\/","og_locale":"fr_FR","og_type":"article","og_title":"Bras Jammer Z20 \u2013 \u00c9quipement de Gym Polyvalent pour la Musculation","og_description":"Am\u00e9liorez vos entra\u00eenements avec les Bras Jammer Z20, un \u00e9quipement de gym durable et r\u00e9glable con\u00e7u pour des mouvements contr\u00f4l\u00e9s et puissants.","og_url":"https:\/\/gymfactory.eu\/fr\/produit\/bras-jammer-z20\/","og_site_name":"Gym Factory","og_image":[{"width":1500,"height":1500,"url":"https:\/\/gymfactory.eu\/wp-content\/uploads\/2025\/02\/gym-equipment-jammer-arms-1.webp","type":"image\/webp"}],"twitter_card":"summary_large_image","twitter_misc":{"Dur\u00e9e de lecture estim\u00e9e":"1 minute"},"schema":{"@context":"https:\/\/schema.org","@graph":[{"@type":"WebPage","@id":"https:\/\/gymfactory.eu\/fr\/produit\/bras-jammer-z20\/","url":"https:\/\/gymfactory.eu\/fr\/produit\/bras-jammer-z20\/","name":"Bras Jammer Z20 \u2013 \u00c9quipement de Gym Polyvalent pour la Musculation","isPartOf":{"@id":"https:\/\/gymfactory.eu\/fr\/#website"},"primaryImageOfPage":{"@id":"https:\/\/gymfactory.eu\/fr\/produit\/bras-jammer-z20\/#primaryimage"},"image":{"@id":"https:\/\/gymfactory.eu\/fr\/produit\/bras-jammer-z20\/#primaryimage"},"thumbnailUrl":"https:\/\/gymfactory.eu\/wp-content\/uploads\/2025\/02\/gym-equipment-jammer-arms-1.webp","datePublished":"2025-02-26T12:45:07+00:00","description":"Am\u00e9liorez vos entra\u00eenements avec les Bras Jammer Z20, un \u00e9quipement de gym durable et r\u00e9glable con\u00e7u pour des mouvements contr\u00f4l\u00e9s et puissants.","breadcrumb":{"@id":"https:\/\/gymfactory.eu\/fr\/produit\/bras-jammer-z20\/#breadcrumb"},"inLanguage":"fr-FR","potentialAction":[{"@type":"ReadAction","target":["https:\/\/gymfactory.eu\/fr\/produit\/bras-jammer-z20\/"]}]},{"@type":"ImageObject","inLanguage":"fr-FR","@id":"https:\/\/gymfactory.eu\/fr\/produit\/bras-jammer-z20\/#primaryimage","url":"https:\/\/gymfactory.eu\/wp-content\/uploads\/2025\/02\/gym-equipment-jammer-arms-1.webp","contentUrl":"https:\/\/gymfactory.eu\/wp-content\/uploads\/2025\/02\/gym-equipment-jammer-arms-1.webp","width":1500,"height":1500,"caption":"A pair of black gym equipment jammer arms designed for power rack attachment. The sturdy steel arms feature chrome handles and weight plate pegs, providing a secure setup for controlled pressing and explosive strength training exercises."},{"@type":"BreadcrumbList","@id":"https:\/\/gymfactory.eu\/fr\/produit\/bras-jammer-z20\/#breadcrumb","itemListElement":[{"@type":"ListItem","position":1,"name":"Home","item":"https:\/\/gymfactory.eu\/fr\/page-principale\/"},{"@type":"ListItem","position":2,"name":"Catalogue","item":"https:\/\/gymfactory.eu\/fr\/catalogue-2\/"},{"@type":"ListItem","position":3,"name":"Bras Jammer Z20"}]},{"@type":"WebSite","@id":"https:\/\/gymfactory.eu\/fr\/#website","url":"https:\/\/gymfactory.eu\/fr\/","name":"Gym Factory","description":"","publisher":{"@id":"https:\/\/gymfactory.eu\/fr\/#organization"},"potentialAction":[{"@type":"SearchAction","target":{"@type":"EntryPoint","urlTemplate":"https:\/\/gymfactory.eu\/fr\/?s={search_term_string}"},"query-input":{"@type":"PropertyValueSpecification","valueRequired":true,"valueName":"search_term_string"}}],"inLanguage":"fr-FR"},{"@type":"Organization","@id":"https:\/\/gymfactory.eu\/fr\/#organization","name":"Gym Factory","url":"https:\/\/gymfactory.eu\/fr\/","logo":{"@type":"ImageObject","inLanguage":"fr-FR","@id":"https:\/\/gymfactory.eu\/fr\/#\/schema\/logo\/image\/","url":"https:\/\/gymfactory.eu\/wp-content\/uploads\/2024\/11\/Component-1.svg","contentUrl":"https:\/\/gymfactory.eu\/wp-content\/uploads\/2024\/11\/Component-1.svg","width":54,"height":44,"caption":"Gym Factory"},"image":{"@id":"https:\/\/gymfactory.eu\/fr\/#\/schema\/logo\/image\/"}}]}},"_links":{"self":[{"href":"https:\/\/gymfactory.eu\/fr\/wp-json\/wp\/v2\/product\/29722","targetHints":{"allow":["GET"]}}],"collection":[{"href":"https:\/\/gymfactory.eu\/fr\/wp-json\/wp\/v2\/product"}],"about":[{"href":"https:\/\/gymfactory.eu\/fr\/wp-json\/wp\/v2\/types\/product"}],"wp:featuredmedia":[{"embeddable":true,"href":"https:\/\/gymfactory.eu\/fr\/wp-json\/wp\/v2\/media\/29723"}],"wp:attachment":[{"href":"https:\/\/gymfactory.eu\/fr\/wp-json\/wp\/v2\/media?parent=29722"}],"wp:term":[{"taxonomy":"product_brand","embeddable":true,"href":"https:\/\/gymfactory.eu\/fr\/wp-json\/wp\/v2\/product_brand?post=29722"},{"taxonomy":"product_cat","embeddable":true,"href":"https:\/\/gymfactory.eu\/fr\/wp-json\/wp\/v2\/product_cat?post=29722"},{"taxonomy":"product_tag","embeddable":true,"href":"https:\/\/gymfactory.eu\/fr\/wp-json\/wp\/v2\/product_tag?post=29722"}],"curies":[{"name":"wp","href":"https:\/\/api.w.org\/{rel}","templated":true}]}}