{"id":29719,"date":"2025-02-26T14:22:46","date_gmt":"2025-02-26T12:22:46","guid":{"rendered":"https:\/\/gymfactory.eu\/product\/z17t-landmine-attachment\/"},"modified":"2025-02-26T14:22:46","modified_gmt":"2025-02-26T12:22:46","slug":"z17t-landmine-attachment","status":"publish","type":"product","link":"https:\/\/gymfactory.eu\/fr\/produit\/z17t-landmine-attachment\/","title":{"rendered":"Z17T Landmine Attachment"},"content":{"rendered":"<p>L\u2019accessoire Landmine Z17T est un accessoire d\u2019\u00e9quipement de gym con\u00e7u pour am\u00e9liorer votre configuration d\u2019halt\u00e9rophilie. Il se fixe sur des racks compatibles ou des stations d\u2019entra\u00eenement multifonctionnelles et permet de r\u00e9aliser une vari\u00e9t\u00e9 d\u2019exercices landmine. <\/p>\n<p>L\u2019entra\u00eenement landmine comprend des d\u00e9velopp\u00e9s, des tirages, des rotations et des squats \u2014 efficaces pour le d\u00e9veloppement de la force, la stabilit\u00e9 du tronc et les mouvements contr\u00f4l\u00e9s dans plusieurs plans.<\/p>\n<p>Compatible avec les manchons de barre olympique standard et con\u00e7u pour une utilisation aussi bien dans les home gyms que dans les salles de sport commerciales.<\/p>\n\n    <div class=\"xs_social_share_widget xs_share_url after_content \t\tmain_content  wslu-style-1 wslu-share-box-shaped wslu-fill-colored wslu-none wslu-share-horizontal wslu-theme-font-no wslu-main_content\">\n\n\t\t\n        <ul>\n\t\t\t        <\/ul>\n    <\/div> \n","protected":false},"excerpt":{"rendered":"<p>L\u2019accessoire Landmine Z17T est un accessoire d\u2019\u00e9quipement de gym con\u00e7u pour am\u00e9liorer votre configuration d\u2019halt\u00e9rophilie. Il se fixe sur des racks compatibles ou des stations d\u2019entra\u00eenement multifonctionnelles et permet de r\u00e9aliser une vari\u00e9t\u00e9 d\u2019exercices landmine. L\u2019entra\u00eenement landmine comprend des d\u00e9velopp\u00e9s, des tirages, des rotations et des squats \u2014 efficaces pour le d\u00e9veloppement de la force, [&hellip;]<\/p>\n","protected":false},"featured_media":29720,"template":"","meta":{"_acf_changed":false},"product_brand":[56],"product_cat":[826],"product_tag":[857],"class_list":{"0":"post-29719","1":"product","2":"type-product","3":"status-publish","4":"has-post-thumbnail","6":"product_brand-gym-factory","7":"product_cat-accessoires-de-musculation","8":"product_tag-couleur-metal-uniquement","10":"first","11":"onbackorder","12":"taxable","13":"shipping-taxable","14":"purchasable","15":"product-type-simple"},"acf":[],"yoast_head":"<!-- This site is optimized with the Yoast SEO plugin v25.2 - https:\/\/yoast.com\/wordpress\/plugins\/seo\/ -->\n<title>Accessoire Landmine Z17T \u2013 \u00c9quipement de Gym Polyvalent pour les Entra\u00eenements<\/title>\n<meta name=\"description\" content=\"Fabriqu\u00e9 avec une structure en acier de haute qualit\u00e9, cet \u00e9quipement de gym offre durabilit\u00e9 et polyvalence, prenant en charge les exercices de force pour un entra\u00eenement complet du corps.\" \/>\n<meta name=\"robots\" content=\"index, follow, max-snippet:-1, max-image-preview:large, max-video-preview:-1\" \/>\n<link rel=\"canonical\" href=\"https:\/\/gymfactory.eu\/fr\/produit\/z17t-landmine-attachment\/\" \/>\n<meta property=\"og:locale\" content=\"fr_FR\" \/>\n<meta property=\"og:type\" content=\"article\" \/>\n<meta property=\"og:title\" content=\"Accessoire Landmine Z17T \u2013 \u00c9quipement de Gym Polyvalent pour les Entra\u00eenements\" \/>\n<meta property=\"og:description\" content=\"Fabriqu\u00e9 avec une structure en acier de haute qualit\u00e9, cet \u00e9quipement de gym offre durabilit\u00e9 et polyvalence, prenant en charge les exercices de force pour un entra\u00eenement complet du corps.\" \/>\n<meta property=\"og:url\" content=\"https:\/\/gymfactory.eu\/fr\/produit\/z17t-landmine-attachment\/\" \/>\n<meta property=\"og:site_name\" content=\"Gym Factory\" \/>\n<meta property=\"og:image\" content=\"https:\/\/gymfactory.eu\/wp-content\/uploads\/2025\/02\/gym-equipment-landmine-base-mount.webp\" \/>\n\t<meta property=\"og:image:width\" content=\"2000\" \/>\n\t<meta property=\"og:image:height\" content=\"2000\" \/>\n\t<meta property=\"og:image:type\" content=\"image\/webp\" \/>\n<meta name=\"twitter:card\" content=\"summary_large_image\" \/>\n<meta name=\"twitter:label1\" content=\"Dur\u00e9e de lecture estim\u00e9e\" \/>\n\t<meta name=\"twitter:data1\" content=\"1 minute\" \/>\n<script type=\"application\/ld+json\" class=\"yoast-schema-graph\">{\"@context\":\"https:\/\/schema.org\",\"@graph\":[{\"@type\":\"WebPage\",\"@id\":\"https:\/\/gymfactory.eu\/fr\/produit\/z17t-landmine-attachment\/\",\"url\":\"https:\/\/gymfactory.eu\/fr\/produit\/z17t-landmine-attachment\/\",\"name\":\"Accessoire Landmine Z17T \u2013 \u00c9quipement de Gym Polyvalent pour les Entra\u00eenements\",\"isPartOf\":{\"@id\":\"https:\/\/gymfactory.eu\/fr\/#website\"},\"primaryImageOfPage\":{\"@id\":\"https:\/\/gymfactory.eu\/fr\/produit\/z17t-landmine-attachment\/#primaryimage\"},\"image\":{\"@id\":\"https:\/\/gymfactory.eu\/fr\/produit\/z17t-landmine-attachment\/#primaryimage\"},\"thumbnailUrl\":\"https:\/\/gymfactory.eu\/wp-content\/uploads\/2025\/02\/gym-equipment-landmine-base-mount.webp\",\"datePublished\":\"2025-02-26T12:22:46+00:00\",\"description\":\"Fabriqu\u00e9 avec une structure en acier de haute qualit\u00e9, cet \u00e9quipement de gym offre durabilit\u00e9 et polyvalence, prenant en charge les exercices de force pour un entra\u00eenement complet du corps.\",\"breadcrumb\":{\"@id\":\"https:\/\/gymfactory.eu\/fr\/produit\/z17t-landmine-attachment\/#breadcrumb\"},\"inLanguage\":\"fr-FR\",\"potentialAction\":[{\"@type\":\"ReadAction\",\"target\":[\"https:\/\/gymfactory.eu\/fr\/produit\/z17t-landmine-attachment\/\"]}]},{\"@type\":\"ImageObject\",\"inLanguage\":\"fr-FR\",\"@id\":\"https:\/\/gymfactory.eu\/fr\/produit\/z17t-landmine-attachment\/#primaryimage\",\"url\":\"https:\/\/gymfactory.eu\/wp-content\/uploads\/2025\/02\/gym-equipment-landmine-base-mount.webp\",\"contentUrl\":\"https:\/\/gymfactory.eu\/wp-content\/uploads\/2025\/02\/gym-equipment-landmine-base-mount.webp\",\"width\":2000,\"height\":2000,\"caption\":\"Close-up of a gym equipment landmine attachment mounted on a sturdy steel base. The chrome-plated design features a pivoting tube with a locking knob, allowing for secure barbell positioning and smooth multi-angle movement for strength training exercises.\"},{\"@type\":\"BreadcrumbList\",\"@id\":\"https:\/\/gymfactory.eu\/fr\/produit\/z17t-landmine-attachment\/#breadcrumb\",\"itemListElement\":[{\"@type\":\"ListItem\",\"position\":1,\"name\":\"Home\",\"item\":\"https:\/\/gymfactory.eu\/fr\/\"},{\"@type\":\"ListItem\",\"position\":2,\"name\":\"Catalogue\",\"item\":\"https:\/\/gymfactory.eu\/catalogue\/\"},{\"@type\":\"ListItem\",\"position\":3,\"name\":\"Z17T Landmine Attachment\"}]},{\"@type\":\"WebSite\",\"@id\":\"https:\/\/gymfactory.eu\/fr\/#website\",\"url\":\"https:\/\/gymfactory.eu\/fr\/\",\"name\":\"Gym Factory\",\"description\":\"\",\"publisher\":{\"@id\":\"https:\/\/gymfactory.eu\/fr\/#organization\"},\"potentialAction\":[{\"@type\":\"SearchAction\",\"target\":{\"@type\":\"EntryPoint\",\"urlTemplate\":\"https:\/\/gymfactory.eu\/fr\/?s={search_term_string}\"},\"query-input\":{\"@type\":\"PropertyValueSpecification\",\"valueRequired\":true,\"valueName\":\"search_term_string\"}}],\"inLanguage\":\"fr-FR\"},{\"@type\":\"Organization\",\"@id\":\"https:\/\/gymfactory.eu\/fr\/#organization\",\"name\":\"Gym Factory\",\"url\":\"https:\/\/gymfactory.eu\/fr\/\",\"logo\":{\"@type\":\"ImageObject\",\"inLanguage\":\"fr-FR\",\"@id\":\"https:\/\/gymfactory.eu\/fr\/#\/schema\/logo\/image\/\",\"url\":\"https:\/\/gymfactory.eu\/wp-content\/uploads\/2024\/11\/Component-1.svg\",\"contentUrl\":\"https:\/\/gymfactory.eu\/wp-content\/uploads\/2024\/11\/Component-1.svg\",\"width\":54,\"height\":44,\"caption\":\"Gym Factory\"},\"image\":{\"@id\":\"https:\/\/gymfactory.eu\/fr\/#\/schema\/logo\/image\/\"}}]}<\/script>\n<!-- \/ Yoast SEO plugin. -->","yoast_head_json":{"title":"Accessoire Landmine Z17T \u2013 \u00c9quipement de Gym Polyvalent pour les Entra\u00eenements","description":"Fabriqu\u00e9 avec une structure en acier de haute qualit\u00e9, cet \u00e9quipement de gym offre durabilit\u00e9 et polyvalence, prenant en charge les exercices de force pour un entra\u00eenement complet du corps.","robots":{"index":"index","follow":"follow","max-snippet":"max-snippet:-1","max-image-preview":"max-image-preview:large","max-video-preview":"max-video-preview:-1"},"canonical":"https:\/\/gymfactory.eu\/fr\/produit\/z17t-landmine-attachment\/","og_locale":"fr_FR","og_type":"article","og_title":"Accessoire Landmine Z17T \u2013 \u00c9quipement de Gym Polyvalent pour les Entra\u00eenements","og_description":"Fabriqu\u00e9 avec une structure en acier de haute qualit\u00e9, cet \u00e9quipement de gym offre durabilit\u00e9 et polyvalence, prenant en charge les exercices de force pour un entra\u00eenement complet du corps.","og_url":"https:\/\/gymfactory.eu\/fr\/produit\/z17t-landmine-attachment\/","og_site_name":"Gym Factory","og_image":[{"width":2000,"height":2000,"url":"https:\/\/gymfactory.eu\/wp-content\/uploads\/2025\/02\/gym-equipment-landmine-base-mount.webp","type":"image\/webp"}],"twitter_card":"summary_large_image","twitter_misc":{"Dur\u00e9e de lecture estim\u00e9e":"1 minute"},"schema":{"@context":"https:\/\/schema.org","@graph":[{"@type":"WebPage","@id":"https:\/\/gymfactory.eu\/fr\/produit\/z17t-landmine-attachment\/","url":"https:\/\/gymfactory.eu\/fr\/produit\/z17t-landmine-attachment\/","name":"Accessoire Landmine Z17T \u2013 \u00c9quipement de Gym Polyvalent pour les Entra\u00eenements","isPartOf":{"@id":"https:\/\/gymfactory.eu\/fr\/#website"},"primaryImageOfPage":{"@id":"https:\/\/gymfactory.eu\/fr\/produit\/z17t-landmine-attachment\/#primaryimage"},"image":{"@id":"https:\/\/gymfactory.eu\/fr\/produit\/z17t-landmine-attachment\/#primaryimage"},"thumbnailUrl":"https:\/\/gymfactory.eu\/wp-content\/uploads\/2025\/02\/gym-equipment-landmine-base-mount.webp","datePublished":"2025-02-26T12:22:46+00:00","description":"Fabriqu\u00e9 avec une structure en acier de haute qualit\u00e9, cet \u00e9quipement de gym offre durabilit\u00e9 et polyvalence, prenant en charge les exercices de force pour un entra\u00eenement complet du corps.","breadcrumb":{"@id":"https:\/\/gymfactory.eu\/fr\/produit\/z17t-landmine-attachment\/#breadcrumb"},"inLanguage":"fr-FR","potentialAction":[{"@type":"ReadAction","target":["https:\/\/gymfactory.eu\/fr\/produit\/z17t-landmine-attachment\/"]}]},{"@type":"ImageObject","inLanguage":"fr-FR","@id":"https:\/\/gymfactory.eu\/fr\/produit\/z17t-landmine-attachment\/#primaryimage","url":"https:\/\/gymfactory.eu\/wp-content\/uploads\/2025\/02\/gym-equipment-landmine-base-mount.webp","contentUrl":"https:\/\/gymfactory.eu\/wp-content\/uploads\/2025\/02\/gym-equipment-landmine-base-mount.webp","width":2000,"height":2000,"caption":"Close-up of a gym equipment landmine attachment mounted on a sturdy steel base. The chrome-plated design features a pivoting tube with a locking knob, allowing for secure barbell positioning and smooth multi-angle movement for strength training exercises."},{"@type":"BreadcrumbList","@id":"https:\/\/gymfactory.eu\/fr\/produit\/z17t-landmine-attachment\/#breadcrumb","itemListElement":[{"@type":"ListItem","position":1,"name":"Home","item":"https:\/\/gymfactory.eu\/fr\/"},{"@type":"ListItem","position":2,"name":"Catalogue","item":"https:\/\/gymfactory.eu\/catalogue\/"},{"@type":"ListItem","position":3,"name":"Z17T Landmine Attachment"}]},{"@type":"WebSite","@id":"https:\/\/gymfactory.eu\/fr\/#website","url":"https:\/\/gymfactory.eu\/fr\/","name":"Gym Factory","description":"","publisher":{"@id":"https:\/\/gymfactory.eu\/fr\/#organization"},"potentialAction":[{"@type":"SearchAction","target":{"@type":"EntryPoint","urlTemplate":"https:\/\/gymfactory.eu\/fr\/?s={search_term_string}"},"query-input":{"@type":"PropertyValueSpecification","valueRequired":true,"valueName":"search_term_string"}}],"inLanguage":"fr-FR"},{"@type":"Organization","@id":"https:\/\/gymfactory.eu\/fr\/#organization","name":"Gym Factory","url":"https:\/\/gymfactory.eu\/fr\/","logo":{"@type":"ImageObject","inLanguage":"fr-FR","@id":"https:\/\/gymfactory.eu\/fr\/#\/schema\/logo\/image\/","url":"https:\/\/gymfactory.eu\/wp-content\/uploads\/2024\/11\/Component-1.svg","contentUrl":"https:\/\/gymfactory.eu\/wp-content\/uploads\/2024\/11\/Component-1.svg","width":54,"height":44,"caption":"Gym Factory"},"image":{"@id":"https:\/\/gymfactory.eu\/fr\/#\/schema\/logo\/image\/"}}]}},"_links":{"self":[{"href":"https:\/\/gymfactory.eu\/fr\/wp-json\/wp\/v2\/product\/29719","targetHints":{"allow":["GET"]}}],"collection":[{"href":"https:\/\/gymfactory.eu\/fr\/wp-json\/wp\/v2\/product"}],"about":[{"href":"https:\/\/gymfactory.eu\/fr\/wp-json\/wp\/v2\/types\/product"}],"wp:featuredmedia":[{"embeddable":true,"href":"https:\/\/gymfactory.eu\/fr\/wp-json\/wp\/v2\/media\/29720"}],"wp:attachment":[{"href":"https:\/\/gymfactory.eu\/fr\/wp-json\/wp\/v2\/media?parent=29719"}],"wp:term":[{"taxonomy":"product_brand","embeddable":true,"href":"https:\/\/gymfactory.eu\/fr\/wp-json\/wp\/v2\/product_brand?post=29719"},{"taxonomy":"product_cat","embeddable":true,"href":"https:\/\/gymfactory.eu\/fr\/wp-json\/wp\/v2\/product_cat?post=29719"},{"taxonomy":"product_tag","embeddable":true,"href":"https:\/\/gymfactory.eu\/fr\/wp-json\/wp\/v2\/product_tag?post=29719"}],"curies":[{"name":"wp","href":"https:\/\/api.w.org\/{rel}","templated":true}]}}