{"id":29708,"date":"2025-02-26T14:03:08","date_gmt":"2025-02-26T12:03:08","guid":{"rendered":"https:\/\/gymfactory.eu\/product\/z17sx-monolift-lock\/"},"modified":"2025-02-26T14:03:08","modified_gmt":"2025-02-26T12:03:08","slug":"z17sx-monolift-lock","status":"publish","type":"product","link":"https:\/\/gymfactory.eu\/fr\/produit\/z17sx-monolift-lock\/","title":{"rendered":"Z17SX Monolift Lock"},"content":{"rendered":"<p>Le Verrou de Monolift Z17SX est con\u00e7u pour am\u00e9liorer toute configuration de salle de sport en renfor\u00e7ant la s\u00e9curit\u00e9 et l\u2019efficacit\u00e9 de l\u2019entra\u00eenement. Il permet \u00e0 la barre de s\u2019\u00e9carter automatiquement lors du levage, afin que l\u2019utilisateur puisse commencer les squats ou les d\u00e9velopp\u00e9s sans reculer. Cela r\u00e9duit les mouvements inutiles et la contrainte lors de la mise en place.  <\/p>\n<p>Compatible avec les racks et les stations d\u2019entra\u00eenement multifonctionnelles vendus dans notre boutique. Convient aux home gyms comme aux environnements de fitness professionnels. Construit avec une structure en acier pour offrir des performances fiables sous charge.<\/p>\n\n    <div class=\"xs_social_share_widget xs_share_url after_content \t\tmain_content  wslu-style-1 wslu-share-box-shaped wslu-fill-colored wslu-none wslu-share-horizontal wslu-theme-font-no wslu-main_content\">\n\n\t\t\n        <ul>\n\t\t\t        <\/ul>\n    <\/div> \n","protected":false},"excerpt":{"rendered":"<p>Le Verrou de Monolift Z17SX est con\u00e7u pour am\u00e9liorer toute configuration de salle de sport en renfor\u00e7ant la s\u00e9curit\u00e9 et l\u2019efficacit\u00e9 de l\u2019entra\u00eenement. Il permet \u00e0 la barre de s\u2019\u00e9carter automatiquement lors du levage, afin que l\u2019utilisateur puisse commencer les squats ou les d\u00e9velopp\u00e9s sans reculer. Cela r\u00e9duit les mouvements inutiles et la contrainte lors [&hellip;]<\/p>\n","protected":false},"featured_media":29709,"template":"","meta":{"_acf_changed":false},"product_brand":[56],"product_cat":[826],"product_tag":[977],"class_list":{"0":"post-29708","1":"product","2":"type-product","3":"status-publish","4":"has-post-thumbnail","6":"product_brand-gym-factory","7":"product_cat-accessoires-de-musculation","8":"product_tag-couleur-sans-couleurs","10":"first","11":"onbackorder","12":"taxable","13":"shipping-taxable","14":"purchasable","15":"product-type-variable"},"acf":[],"yoast_head":"<!-- This site is optimized with the Yoast SEO plugin v25.2 - https:\/\/yoast.com\/wordpress\/plugins\/seo\/ -->\n<title>Verrou de Monolift Z17SX \u2013 Avec Structure en Acier de Haute Qualit\u00e9<\/title>\n<meta name=\"description\" content=\"Fabriqu\u00e9 \u00e0 partir d\u2019une structure en acier de haute qualit\u00e9, le Z17SX est un \u00e9quipement de gym durable et fiable, con\u00e7u pour garder vos barres en toute s\u00e9curit\u00e9 et bien organis\u00e9es.\" \/>\n<meta name=\"robots\" content=\"index, follow, max-snippet:-1, max-image-preview:large, max-video-preview:-1\" \/>\n<link rel=\"canonical\" href=\"https:\/\/gymfactory.eu\/fr\/produit\/z17sx-monolift-lock\/\" \/>\n<meta property=\"og:locale\" content=\"fr_FR\" \/>\n<meta property=\"og:type\" content=\"article\" \/>\n<meta property=\"og:title\" content=\"Verrou de Monolift Z17SX \u2013 Avec Structure en Acier de Haute Qualit\u00e9\" \/>\n<meta property=\"og:description\" content=\"Fabriqu\u00e9 \u00e0 partir d\u2019une structure en acier de haute qualit\u00e9, le Z17SX est un \u00e9quipement de gym durable et fiable, con\u00e7u pour garder vos barres en toute s\u00e9curit\u00e9 et bien organis\u00e9es.\" \/>\n<meta property=\"og:url\" content=\"https:\/\/gymfactory.eu\/fr\/produit\/z17sx-monolift-lock\/\" \/>\n<meta property=\"og:site_name\" content=\"Gym Factory\" \/>\n<meta property=\"og:image\" content=\"https:\/\/gymfactory.eu\/wp-content\/uploads\/2025\/02\/high-quality-steel-structure-double-Z17SS-Barbell-Holder.webp\" \/>\n\t<meta property=\"og:image:width\" content=\"600\" \/>\n\t<meta property=\"og:image:height\" content=\"600\" \/>\n\t<meta property=\"og:image:type\" content=\"image\/webp\" \/>\n<meta name=\"twitter:card\" content=\"summary_large_image\" \/>\n<meta name=\"twitter:label1\" content=\"Dur\u00e9e de lecture estim\u00e9e\" \/>\n\t<meta name=\"twitter:data1\" content=\"1 minute\" \/>\n<script type=\"application\/ld+json\" class=\"yoast-schema-graph\">{\"@context\":\"https:\/\/schema.org\",\"@graph\":[{\"@type\":\"WebPage\",\"@id\":\"https:\/\/gymfactory.eu\/fr\/produit\/z17sx-monolift-lock\/\",\"url\":\"https:\/\/gymfactory.eu\/fr\/produit\/z17sx-monolift-lock\/\",\"name\":\"Verrou de Monolift Z17SX \u2013 Avec Structure en Acier de Haute Qualit\u00e9\",\"isPartOf\":{\"@id\":\"https:\/\/gymfactory.eu\/fr\/#website\"},\"primaryImageOfPage\":{\"@id\":\"https:\/\/gymfactory.eu\/fr\/produit\/z17sx-monolift-lock\/#primaryimage\"},\"image\":{\"@id\":\"https:\/\/gymfactory.eu\/fr\/produit\/z17sx-monolift-lock\/#primaryimage\"},\"thumbnailUrl\":\"https:\/\/gymfactory.eu\/wp-content\/uploads\/2025\/02\/high-quality-steel-structure-double-Z17SS-Barbell-Holder.webp\",\"datePublished\":\"2025-02-26T12:03:08+00:00\",\"description\":\"Fabriqu\u00e9 \u00e0 partir d\u2019une structure en acier de haute qualit\u00e9, le Z17SX est un \u00e9quipement de gym durable et fiable, con\u00e7u pour garder vos barres en toute s\u00e9curit\u00e9 et bien organis\u00e9es.\",\"breadcrumb\":{\"@id\":\"https:\/\/gymfactory.eu\/fr\/produit\/z17sx-monolift-lock\/#breadcrumb\"},\"inLanguage\":\"fr-FR\",\"potentialAction\":[{\"@type\":\"ReadAction\",\"target\":[\"https:\/\/gymfactory.eu\/fr\/produit\/z17sx-monolift-lock\/\"]}]},{\"@type\":\"ImageObject\",\"inLanguage\":\"fr-FR\",\"@id\":\"https:\/\/gymfactory.eu\/fr\/produit\/z17sx-monolift-lock\/#primaryimage\",\"url\":\"https:\/\/gymfactory.eu\/wp-content\/uploads\/2025\/02\/high-quality-steel-structure-double-Z17SS-Barbell-Holder.webp\",\"contentUrl\":\"https:\/\/gymfactory.eu\/wp-content\/uploads\/2025\/02\/high-quality-steel-structure-double-Z17SS-Barbell-Holder.webp\",\"width\":600,\"height\":600,\"caption\":\"Pair of high-quality steel structure attachments in a gym setup. The robust metal frame and secure locking mechanism provide stability for weightlifting and strength training exercises.\"},{\"@type\":\"BreadcrumbList\",\"@id\":\"https:\/\/gymfactory.eu\/fr\/produit\/z17sx-monolift-lock\/#breadcrumb\",\"itemListElement\":[{\"@type\":\"ListItem\",\"position\":1,\"name\":\"Home\",\"item\":\"https:\/\/gymfactory.eu\/fr\/page-principale\/\"},{\"@type\":\"ListItem\",\"position\":2,\"name\":\"Catalogue\",\"item\":\"https:\/\/gymfactory.eu\/fr\/catalogue-2\/\"},{\"@type\":\"ListItem\",\"position\":3,\"name\":\"Z17SX Monolift Lock\"}]},{\"@type\":\"WebSite\",\"@id\":\"https:\/\/gymfactory.eu\/fr\/#website\",\"url\":\"https:\/\/gymfactory.eu\/fr\/\",\"name\":\"Gym Factory\",\"description\":\"\",\"publisher\":{\"@id\":\"https:\/\/gymfactory.eu\/fr\/#organization\"},\"potentialAction\":[{\"@type\":\"SearchAction\",\"target\":{\"@type\":\"EntryPoint\",\"urlTemplate\":\"https:\/\/gymfactory.eu\/fr\/?s={search_term_string}\"},\"query-input\":{\"@type\":\"PropertyValueSpecification\",\"valueRequired\":true,\"valueName\":\"search_term_string\"}}],\"inLanguage\":\"fr-FR\"},{\"@type\":\"Organization\",\"@id\":\"https:\/\/gymfactory.eu\/fr\/#organization\",\"name\":\"Gym Factory\",\"url\":\"https:\/\/gymfactory.eu\/fr\/\",\"logo\":{\"@type\":\"ImageObject\",\"inLanguage\":\"fr-FR\",\"@id\":\"https:\/\/gymfactory.eu\/fr\/#\/schema\/logo\/image\/\",\"url\":\"https:\/\/gymfactory.eu\/wp-content\/uploads\/2024\/11\/Component-1.svg\",\"contentUrl\":\"https:\/\/gymfactory.eu\/wp-content\/uploads\/2024\/11\/Component-1.svg\",\"width\":54,\"height\":44,\"caption\":\"Gym Factory\"},\"image\":{\"@id\":\"https:\/\/gymfactory.eu\/fr\/#\/schema\/logo\/image\/\"}}]}<\/script>\n<!-- \/ Yoast SEO plugin. -->","yoast_head_json":{"title":"Verrou de Monolift Z17SX \u2013 Avec Structure en Acier de Haute Qualit\u00e9","description":"Fabriqu\u00e9 \u00e0 partir d\u2019une structure en acier de haute qualit\u00e9, le Z17SX est un \u00e9quipement de gym durable et fiable, con\u00e7u pour garder vos barres en toute s\u00e9curit\u00e9 et bien organis\u00e9es.","robots":{"index":"index","follow":"follow","max-snippet":"max-snippet:-1","max-image-preview":"max-image-preview:large","max-video-preview":"max-video-preview:-1"},"canonical":"https:\/\/gymfactory.eu\/fr\/produit\/z17sx-monolift-lock\/","og_locale":"fr_FR","og_type":"article","og_title":"Verrou de Monolift Z17SX \u2013 Avec Structure en Acier de Haute Qualit\u00e9","og_description":"Fabriqu\u00e9 \u00e0 partir d\u2019une structure en acier de haute qualit\u00e9, le Z17SX est un \u00e9quipement de gym durable et fiable, con\u00e7u pour garder vos barres en toute s\u00e9curit\u00e9 et bien organis\u00e9es.","og_url":"https:\/\/gymfactory.eu\/fr\/produit\/z17sx-monolift-lock\/","og_site_name":"Gym Factory","og_image":[{"width":600,"height":600,"url":"https:\/\/gymfactory.eu\/wp-content\/uploads\/2025\/02\/high-quality-steel-structure-double-Z17SS-Barbell-Holder.webp","type":"image\/webp"}],"twitter_card":"summary_large_image","twitter_misc":{"Dur\u00e9e de lecture estim\u00e9e":"1 minute"},"schema":{"@context":"https:\/\/schema.org","@graph":[{"@type":"WebPage","@id":"https:\/\/gymfactory.eu\/fr\/produit\/z17sx-monolift-lock\/","url":"https:\/\/gymfactory.eu\/fr\/produit\/z17sx-monolift-lock\/","name":"Verrou de Monolift Z17SX \u2013 Avec Structure en Acier de Haute Qualit\u00e9","isPartOf":{"@id":"https:\/\/gymfactory.eu\/fr\/#website"},"primaryImageOfPage":{"@id":"https:\/\/gymfactory.eu\/fr\/produit\/z17sx-monolift-lock\/#primaryimage"},"image":{"@id":"https:\/\/gymfactory.eu\/fr\/produit\/z17sx-monolift-lock\/#primaryimage"},"thumbnailUrl":"https:\/\/gymfactory.eu\/wp-content\/uploads\/2025\/02\/high-quality-steel-structure-double-Z17SS-Barbell-Holder.webp","datePublished":"2025-02-26T12:03:08+00:00","description":"Fabriqu\u00e9 \u00e0 partir d\u2019une structure en acier de haute qualit\u00e9, le Z17SX est un \u00e9quipement de gym durable et fiable, con\u00e7u pour garder vos barres en toute s\u00e9curit\u00e9 et bien organis\u00e9es.","breadcrumb":{"@id":"https:\/\/gymfactory.eu\/fr\/produit\/z17sx-monolift-lock\/#breadcrumb"},"inLanguage":"fr-FR","potentialAction":[{"@type":"ReadAction","target":["https:\/\/gymfactory.eu\/fr\/produit\/z17sx-monolift-lock\/"]}]},{"@type":"ImageObject","inLanguage":"fr-FR","@id":"https:\/\/gymfactory.eu\/fr\/produit\/z17sx-monolift-lock\/#primaryimage","url":"https:\/\/gymfactory.eu\/wp-content\/uploads\/2025\/02\/high-quality-steel-structure-double-Z17SS-Barbell-Holder.webp","contentUrl":"https:\/\/gymfactory.eu\/wp-content\/uploads\/2025\/02\/high-quality-steel-structure-double-Z17SS-Barbell-Holder.webp","width":600,"height":600,"caption":"Pair of high-quality steel structure attachments in a gym setup. The robust metal frame and secure locking mechanism provide stability for weightlifting and strength training exercises."},{"@type":"BreadcrumbList","@id":"https:\/\/gymfactory.eu\/fr\/produit\/z17sx-monolift-lock\/#breadcrumb","itemListElement":[{"@type":"ListItem","position":1,"name":"Home","item":"https:\/\/gymfactory.eu\/fr\/page-principale\/"},{"@type":"ListItem","position":2,"name":"Catalogue","item":"https:\/\/gymfactory.eu\/fr\/catalogue-2\/"},{"@type":"ListItem","position":3,"name":"Z17SX Monolift Lock"}]},{"@type":"WebSite","@id":"https:\/\/gymfactory.eu\/fr\/#website","url":"https:\/\/gymfactory.eu\/fr\/","name":"Gym Factory","description":"","publisher":{"@id":"https:\/\/gymfactory.eu\/fr\/#organization"},"potentialAction":[{"@type":"SearchAction","target":{"@type":"EntryPoint","urlTemplate":"https:\/\/gymfactory.eu\/fr\/?s={search_term_string}"},"query-input":{"@type":"PropertyValueSpecification","valueRequired":true,"valueName":"search_term_string"}}],"inLanguage":"fr-FR"},{"@type":"Organization","@id":"https:\/\/gymfactory.eu\/fr\/#organization","name":"Gym Factory","url":"https:\/\/gymfactory.eu\/fr\/","logo":{"@type":"ImageObject","inLanguage":"fr-FR","@id":"https:\/\/gymfactory.eu\/fr\/#\/schema\/logo\/image\/","url":"https:\/\/gymfactory.eu\/wp-content\/uploads\/2024\/11\/Component-1.svg","contentUrl":"https:\/\/gymfactory.eu\/wp-content\/uploads\/2024\/11\/Component-1.svg","width":54,"height":44,"caption":"Gym Factory"},"image":{"@id":"https:\/\/gymfactory.eu\/fr\/#\/schema\/logo\/image\/"}}]}},"_links":{"self":[{"href":"https:\/\/gymfactory.eu\/fr\/wp-json\/wp\/v2\/product\/29708","targetHints":{"allow":["GET"]}}],"collection":[{"href":"https:\/\/gymfactory.eu\/fr\/wp-json\/wp\/v2\/product"}],"about":[{"href":"https:\/\/gymfactory.eu\/fr\/wp-json\/wp\/v2\/types\/product"}],"wp:featuredmedia":[{"embeddable":true,"href":"https:\/\/gymfactory.eu\/fr\/wp-json\/wp\/v2\/media\/29709"}],"wp:attachment":[{"href":"https:\/\/gymfactory.eu\/fr\/wp-json\/wp\/v2\/media?parent=29708"}],"wp:term":[{"taxonomy":"product_brand","embeddable":true,"href":"https:\/\/gymfactory.eu\/fr\/wp-json\/wp\/v2\/product_brand?post=29708"},{"taxonomy":"product_cat","embeddable":true,"href":"https:\/\/gymfactory.eu\/fr\/wp-json\/wp\/v2\/product_cat?post=29708"},{"taxonomy":"product_tag","embeddable":true,"href":"https:\/\/gymfactory.eu\/fr\/wp-json\/wp\/v2\/product_tag?post=29708"}],"curies":[{"name":"wp","href":"https:\/\/api.w.org\/{rel}","templated":true}]}}