{"id":29697,"date":"2025-02-25T09:40:27","date_gmt":"2025-02-25T07:40:27","guid":{"rendered":"https:\/\/gymfactory.eu\/product\/machine-hip-thrust-z16y\/"},"modified":"2025-02-25T09:40:27","modified_gmt":"2025-02-25T07:40:27","slug":"machine-hip-thrust-z16y","status":"publish","type":"product","link":"https:\/\/gymfactory.eu\/fr\/produit\/machine-hip-thrust-z16y\/","title":{"rendered":"Machine Hip Thrust Z16Y"},"content":{"rendered":"<p>La Machine Hip Thrust Z16Y est une machine d\u2019entra\u00eenement bien con\u00e7ue pour un travail cibl\u00e9 des fessiers et des ischio-jambiers. Id\u00e9ale pour toute configuration de salle de sport, elle prend en charge un mouvement de hip thrust naturel gr\u00e2ce \u00e0 des fonctionnalit\u00e9s r\u00e9fl\u00e9chies qui am\u00e9liorent le positionnement et la facilit\u00e9 d\u2019utilisation. <\/p>\n<p>Cet \u00e9quipement de musculation cible les fessiers comme groupe musculaire principal, avec une implication suppl\u00e9mentaire des ischio-jambiers. Le coussin de pouss\u00e9e arrondi se d\u00e9place \u00e0 la fois verticalement et horizontalement, permettant un mouvement d\u2019extension de hanche plus naturel et une meilleure activation musculaire. <\/p>\n<p>La hauteur du dossier et du support d\u2019\u00e9paules est r\u00e9glable afin de s\u2019adapter \u00e0 diff\u00e9rents utilisateurs. Plusieurs points de verrouillage de position de d\u00e9part facilitent l\u2019installation. Une seule poign\u00e9e sert \u00e0 la fois de levier de verrouillage pour le coussin de pouss\u00e9e et de prise pendant le mouvement. Des fixations pour bandes de r\u00e9sistance sont incluses pour un entra\u00eenement avec bandes en option.   <\/p>\n<p>La Machine Hip Thrust Z16Y offre une m\u00e9canique fluide et un design pratique \u2014 ce qui en fait une option solide pour l\u2019entra\u00eenement ax\u00e9 sur les fessiers, dans les home gyms comme dans les salles de sport commerciales.<\/p>\n\n    <div class=\"xs_social_share_widget xs_share_url after_content \t\tmain_content  wslu-style-1 wslu-share-box-shaped wslu-fill-colored wslu-none wslu-share-horizontal wslu-theme-font-no wslu-main_content\">\n\n\t\t\n        <ul>\n\t\t\t        <\/ul>\n    <\/div> \n","protected":false},"excerpt":{"rendered":"<p>La Machine Hip Thrust Z16Y est une machine d\u2019entra\u00eenement bien con\u00e7ue pour un travail cibl\u00e9 des fessiers et des ischio-jambiers. Id\u00e9ale pour toute configuration de salle de sport, elle prend en charge un mouvement de hip thrust naturel gr\u00e2ce \u00e0 des fonctionnalit\u00e9s r\u00e9fl\u00e9chies qui am\u00e9liorent le positionnement et la facilit\u00e9 d\u2019utilisation. Cet \u00e9quipement de musculation [&hellip;]<\/p>\n","protected":false},"featured_media":20278,"template":"","meta":{"_acf_changed":false},"product_brand":[56],"product_cat":[832],"product_tag":[],"class_list":{"0":"post-29697","1":"product","2":"type-product","3":"status-publish","4":"has-post-thumbnail","6":"product_brand-gym-factory","7":"product_cat-machines-a-charge-par-plaques","9":"first","10":"onbackorder","11":"taxable","12":"shipping-taxable","13":"purchasable","14":"product-type-variable","15":"has-default-attributes"},"acf":[],"yoast_head":"<!-- This site is optimized with the Yoast SEO plugin v25.2 - https:\/\/yoast.com\/wordpress\/plugins\/seo\/ -->\n<title>Machine Hip Thrust Z16Y | Pour l\u2019Entra\u00eenement du Bas du Corps<\/title>\n<meta name=\"description\" content=\"Vous voulez d\u00e9velopper la puissance des fessiers et des hanches ? La Machine Hip Thrust Z16Y est con\u00e7ue pour les configurations de salle de sport orient\u00e9es bas du corps, offrant des r\u00e9sultats s\u00fbrs et efficaces en musculation.\" \/>\n<meta name=\"robots\" content=\"index, follow, max-snippet:-1, max-image-preview:large, max-video-preview:-1\" \/>\n<link rel=\"canonical\" href=\"https:\/\/gymfactory.eu\/fr\/produit\/machine-hip-thrust-z16y\/\" \/>\n<meta property=\"og:locale\" content=\"fr_FR\" \/>\n<meta property=\"og:type\" content=\"article\" \/>\n<meta property=\"og:title\" content=\"Machine Hip Thrust Z16Y | Pour l\u2019Entra\u00eenement du Bas du Corps\" \/>\n<meta property=\"og:description\" content=\"Vous voulez d\u00e9velopper la puissance des fessiers et des hanches ? La Machine Hip Thrust Z16Y est con\u00e7ue pour les configurations de salle de sport orient\u00e9es bas du corps, offrant des r\u00e9sultats s\u00fbrs et efficaces en musculation.\" \/>\n<meta property=\"og:url\" content=\"https:\/\/gymfactory.eu\/fr\/produit\/machine-hip-thrust-z16y\/\" \/>\n<meta property=\"og:site_name\" content=\"Gym Factory\" \/>\n<meta property=\"og:image\" content=\"https:\/\/gymfactory.eu\/wp-content\/uploads\/2025\/02\/z16y-hip-thrust-machine.webp\" \/>\n\t<meta property=\"og:image:width\" content=\"1500\" \/>\n\t<meta property=\"og:image:height\" content=\"1500\" \/>\n\t<meta property=\"og:image:type\" content=\"image\/webp\" \/>\n<meta name=\"twitter:card\" content=\"summary_large_image\" \/>\n<meta name=\"twitter:label1\" content=\"Dur\u00e9e de lecture estim\u00e9e\" \/>\n\t<meta name=\"twitter:data1\" content=\"1 minute\" \/>\n<script type=\"application\/ld+json\" class=\"yoast-schema-graph\">{\"@context\":\"https:\/\/schema.org\",\"@graph\":[{\"@type\":\"WebPage\",\"@id\":\"https:\/\/gymfactory.eu\/fr\/produit\/machine-hip-thrust-z16y\/\",\"url\":\"https:\/\/gymfactory.eu\/fr\/produit\/machine-hip-thrust-z16y\/\",\"name\":\"Machine Hip Thrust Z16Y | Pour l\u2019Entra\u00eenement du Bas du Corps\",\"isPartOf\":{\"@id\":\"https:\/\/gymfactory.eu\/fr\/#website\"},\"primaryImageOfPage\":{\"@id\":\"https:\/\/gymfactory.eu\/fr\/produit\/machine-hip-thrust-z16y\/#primaryimage\"},\"image\":{\"@id\":\"https:\/\/gymfactory.eu\/fr\/produit\/machine-hip-thrust-z16y\/#primaryimage\"},\"thumbnailUrl\":\"https:\/\/gymfactory.eu\/wp-content\/uploads\/2025\/02\/z16y-hip-thrust-machine.webp\",\"datePublished\":\"2025-02-25T07:40:27+00:00\",\"description\":\"Vous voulez d\u00e9velopper la puissance des fessiers et des hanches ? La Machine Hip Thrust Z16Y est con\u00e7ue pour les configurations de salle de sport orient\u00e9es bas du corps, offrant des r\u00e9sultats s\u00fbrs et efficaces en musculation.\",\"breadcrumb\":{\"@id\":\"https:\/\/gymfactory.eu\/fr\/produit\/machine-hip-thrust-z16y\/#breadcrumb\"},\"inLanguage\":\"fr-FR\",\"potentialAction\":[{\"@type\":\"ReadAction\",\"target\":[\"https:\/\/gymfactory.eu\/fr\/produit\/machine-hip-thrust-z16y\/\"]}]},{\"@type\":\"ImageObject\",\"inLanguage\":\"fr-FR\",\"@id\":\"https:\/\/gymfactory.eu\/fr\/produit\/machine-hip-thrust-z16y\/#primaryimage\",\"url\":\"https:\/\/gymfactory.eu\/wp-content\/uploads\/2025\/02\/z16y-hip-thrust-machine.webp\",\"contentUrl\":\"https:\/\/gymfactory.eu\/wp-content\/uploads\/2025\/02\/z16y-hip-thrust-machine.webp\",\"width\":1500,\"height\":1500,\"caption\":\"Machine Z16Y Hip Thrust pour l\u2019entra\u00eenement des fessiers et des jambes\"},{\"@type\":\"BreadcrumbList\",\"@id\":\"https:\/\/gymfactory.eu\/fr\/produit\/machine-hip-thrust-z16y\/#breadcrumb\",\"itemListElement\":[{\"@type\":\"ListItem\",\"position\":1,\"name\":\"Home\",\"item\":\"https:\/\/gymfactory.eu\/fr\/page-principale\/\"},{\"@type\":\"ListItem\",\"position\":2,\"name\":\"Catalogue\",\"item\":\"https:\/\/gymfactory.eu\/fr\/catalogue-2\/\"},{\"@type\":\"ListItem\",\"position\":3,\"name\":\"Machine Hip Thrust Z16Y\"}]},{\"@type\":\"WebSite\",\"@id\":\"https:\/\/gymfactory.eu\/fr\/#website\",\"url\":\"https:\/\/gymfactory.eu\/fr\/\",\"name\":\"Gym Factory\",\"description\":\"\",\"publisher\":{\"@id\":\"https:\/\/gymfactory.eu\/fr\/#organization\"},\"potentialAction\":[{\"@type\":\"SearchAction\",\"target\":{\"@type\":\"EntryPoint\",\"urlTemplate\":\"https:\/\/gymfactory.eu\/fr\/?s={search_term_string}\"},\"query-input\":{\"@type\":\"PropertyValueSpecification\",\"valueRequired\":true,\"valueName\":\"search_term_string\"}}],\"inLanguage\":\"fr-FR\"},{\"@type\":\"Organization\",\"@id\":\"https:\/\/gymfactory.eu\/fr\/#organization\",\"name\":\"Gym Factory\",\"url\":\"https:\/\/gymfactory.eu\/fr\/\",\"logo\":{\"@type\":\"ImageObject\",\"inLanguage\":\"fr-FR\",\"@id\":\"https:\/\/gymfactory.eu\/fr\/#\/schema\/logo\/image\/\",\"url\":\"https:\/\/gymfactory.eu\/wp-content\/uploads\/2024\/11\/Component-1.svg\",\"contentUrl\":\"https:\/\/gymfactory.eu\/wp-content\/uploads\/2024\/11\/Component-1.svg\",\"width\":54,\"height\":44,\"caption\":\"Gym Factory\"},\"image\":{\"@id\":\"https:\/\/gymfactory.eu\/fr\/#\/schema\/logo\/image\/\"}}]}<\/script>\n<!-- \/ Yoast SEO plugin. -->","yoast_head_json":{"title":"Machine Hip Thrust Z16Y | Pour l\u2019Entra\u00eenement du Bas du Corps","description":"Vous voulez d\u00e9velopper la puissance des fessiers et des hanches ? La Machine Hip Thrust Z16Y est con\u00e7ue pour les configurations de salle de sport orient\u00e9es bas du corps, offrant des r\u00e9sultats s\u00fbrs et efficaces en musculation.","robots":{"index":"index","follow":"follow","max-snippet":"max-snippet:-1","max-image-preview":"max-image-preview:large","max-video-preview":"max-video-preview:-1"},"canonical":"https:\/\/gymfactory.eu\/fr\/produit\/machine-hip-thrust-z16y\/","og_locale":"fr_FR","og_type":"article","og_title":"Machine Hip Thrust Z16Y | Pour l\u2019Entra\u00eenement du Bas du Corps","og_description":"Vous voulez d\u00e9velopper la puissance des fessiers et des hanches ? La Machine Hip Thrust Z16Y est con\u00e7ue pour les configurations de salle de sport orient\u00e9es bas du corps, offrant des r\u00e9sultats s\u00fbrs et efficaces en musculation.","og_url":"https:\/\/gymfactory.eu\/fr\/produit\/machine-hip-thrust-z16y\/","og_site_name":"Gym Factory","og_image":[{"width":1500,"height":1500,"url":"https:\/\/gymfactory.eu\/wp-content\/uploads\/2025\/02\/z16y-hip-thrust-machine.webp","type":"image\/webp"}],"twitter_card":"summary_large_image","twitter_misc":{"Dur\u00e9e de lecture estim\u00e9e":"1 minute"},"schema":{"@context":"https:\/\/schema.org","@graph":[{"@type":"WebPage","@id":"https:\/\/gymfactory.eu\/fr\/produit\/machine-hip-thrust-z16y\/","url":"https:\/\/gymfactory.eu\/fr\/produit\/machine-hip-thrust-z16y\/","name":"Machine Hip Thrust Z16Y | Pour l\u2019Entra\u00eenement du Bas du Corps","isPartOf":{"@id":"https:\/\/gymfactory.eu\/fr\/#website"},"primaryImageOfPage":{"@id":"https:\/\/gymfactory.eu\/fr\/produit\/machine-hip-thrust-z16y\/#primaryimage"},"image":{"@id":"https:\/\/gymfactory.eu\/fr\/produit\/machine-hip-thrust-z16y\/#primaryimage"},"thumbnailUrl":"https:\/\/gymfactory.eu\/wp-content\/uploads\/2025\/02\/z16y-hip-thrust-machine.webp","datePublished":"2025-02-25T07:40:27+00:00","description":"Vous voulez d\u00e9velopper la puissance des fessiers et des hanches ? La Machine Hip Thrust Z16Y est con\u00e7ue pour les configurations de salle de sport orient\u00e9es bas du corps, offrant des r\u00e9sultats s\u00fbrs et efficaces en musculation.","breadcrumb":{"@id":"https:\/\/gymfactory.eu\/fr\/produit\/machine-hip-thrust-z16y\/#breadcrumb"},"inLanguage":"fr-FR","potentialAction":[{"@type":"ReadAction","target":["https:\/\/gymfactory.eu\/fr\/produit\/machine-hip-thrust-z16y\/"]}]},{"@type":"ImageObject","inLanguage":"fr-FR","@id":"https:\/\/gymfactory.eu\/fr\/produit\/machine-hip-thrust-z16y\/#primaryimage","url":"https:\/\/gymfactory.eu\/wp-content\/uploads\/2025\/02\/z16y-hip-thrust-machine.webp","contentUrl":"https:\/\/gymfactory.eu\/wp-content\/uploads\/2025\/02\/z16y-hip-thrust-machine.webp","width":1500,"height":1500,"caption":"Machine Z16Y Hip Thrust pour l\u2019entra\u00eenement des fessiers et des jambes"},{"@type":"BreadcrumbList","@id":"https:\/\/gymfactory.eu\/fr\/produit\/machine-hip-thrust-z16y\/#breadcrumb","itemListElement":[{"@type":"ListItem","position":1,"name":"Home","item":"https:\/\/gymfactory.eu\/fr\/page-principale\/"},{"@type":"ListItem","position":2,"name":"Catalogue","item":"https:\/\/gymfactory.eu\/fr\/catalogue-2\/"},{"@type":"ListItem","position":3,"name":"Machine Hip Thrust Z16Y"}]},{"@type":"WebSite","@id":"https:\/\/gymfactory.eu\/fr\/#website","url":"https:\/\/gymfactory.eu\/fr\/","name":"Gym Factory","description":"","publisher":{"@id":"https:\/\/gymfactory.eu\/fr\/#organization"},"potentialAction":[{"@type":"SearchAction","target":{"@type":"EntryPoint","urlTemplate":"https:\/\/gymfactory.eu\/fr\/?s={search_term_string}"},"query-input":{"@type":"PropertyValueSpecification","valueRequired":true,"valueName":"search_term_string"}}],"inLanguage":"fr-FR"},{"@type":"Organization","@id":"https:\/\/gymfactory.eu\/fr\/#organization","name":"Gym Factory","url":"https:\/\/gymfactory.eu\/fr\/","logo":{"@type":"ImageObject","inLanguage":"fr-FR","@id":"https:\/\/gymfactory.eu\/fr\/#\/schema\/logo\/image\/","url":"https:\/\/gymfactory.eu\/wp-content\/uploads\/2024\/11\/Component-1.svg","contentUrl":"https:\/\/gymfactory.eu\/wp-content\/uploads\/2024\/11\/Component-1.svg","width":54,"height":44,"caption":"Gym Factory"},"image":{"@id":"https:\/\/gymfactory.eu\/fr\/#\/schema\/logo\/image\/"}}]}},"_links":{"self":[{"href":"https:\/\/gymfactory.eu\/fr\/wp-json\/wp\/v2\/product\/29697","targetHints":{"allow":["GET"]}}],"collection":[{"href":"https:\/\/gymfactory.eu\/fr\/wp-json\/wp\/v2\/product"}],"about":[{"href":"https:\/\/gymfactory.eu\/fr\/wp-json\/wp\/v2\/types\/product"}],"wp:featuredmedia":[{"embeddable":true,"href":"https:\/\/gymfactory.eu\/fr\/wp-json\/wp\/v2\/media\/20278"}],"wp:attachment":[{"href":"https:\/\/gymfactory.eu\/fr\/wp-json\/wp\/v2\/media?parent=29697"}],"wp:term":[{"taxonomy":"product_brand","embeddable":true,"href":"https:\/\/gymfactory.eu\/fr\/wp-json\/wp\/v2\/product_brand?post=29697"},{"taxonomy":"product_cat","embeddable":true,"href":"https:\/\/gymfactory.eu\/fr\/wp-json\/wp\/v2\/product_cat?post=29697"},{"taxonomy":"product_tag","embeddable":true,"href":"https:\/\/gymfactory.eu\/fr\/wp-json\/wp\/v2\/product_tag?post=29697"}],"curies":[{"name":"wp","href":"https:\/\/api.w.org\/{rel}","templated":true}]}}