{"id":29622,"date":"2025-02-20T13:46:42","date_gmt":"2025-02-20T11:46:42","guid":{"rendered":"https:\/\/gymfactory.eu\/product\/support-de-barre-z17ss\/"},"modified":"2025-02-20T13:46:42","modified_gmt":"2025-02-20T11:46:42","slug":"support-de-barre-z17ss","status":"publish","type":"product","link":"https:\/\/gymfactory.eu\/fr\/produit\/support-de-barre-z17ss\/","title":{"rendered":"Support de Barre Z17SS"},"content":{"rendered":"<p>Le Support de Barre Z17SS (J-Cup) dispose d\u2019une structure en acier de haute qualit\u00e9, garantissant un soutien stable et durable pour le rangement de la barre. Il est con\u00e7u pour am\u00e9liorer l\u2019organisation et l\u2019accessibilit\u00e9 dans votre configuration de salle de sport. <\/p>\n<p>Compatible avec les racks et les stations d\u2019entra\u00eenement multifonctionnelles vendus dans notre boutique. Il supporte de lourdes charges et convient aussi bien aux home gyms qu\u2019aux salles de sport commerciales.<\/p>\n\n    <div class=\"xs_social_share_widget xs_share_url after_content \t\tmain_content  wslu-style-1 wslu-share-box-shaped wslu-fill-colored wslu-none wslu-share-horizontal wslu-theme-font-no wslu-main_content\">\n\n\t\t\n        <ul>\n\t\t\t        <\/ul>\n    <\/div> \n","protected":false},"excerpt":{"rendered":"<p>Le Support de Barre Z17SS (J-Cup) dispose d\u2019une structure en acier de haute qualit\u00e9, garantissant un soutien stable et durable pour le rangement de la barre. Il est con\u00e7u pour am\u00e9liorer l\u2019organisation et l\u2019accessibilit\u00e9 dans votre configuration de salle de sport. Compatible avec les racks et les stations d\u2019entra\u00eenement multifonctionnelles vendus dans notre boutique. Il [&hellip;]<\/p>\n","protected":false},"featured_media":13727,"template":"","meta":{"_acf_changed":false},"product_brand":[56],"product_cat":[826],"product_tag":[857],"class_list":{"0":"post-29622","1":"product","2":"type-product","3":"status-publish","4":"has-post-thumbnail","6":"product_brand-gym-factory","7":"product_cat-accessoires-de-musculation","8":"product_tag-couleur-metal-uniquement","10":"first","11":"onbackorder","12":"taxable","13":"shipping-taxable","14":"purchasable","15":"product-type-variable"},"acf":[],"yoast_head":"<!-- This site is optimized with the Yoast SEO plugin v25.2 - https:\/\/yoast.com\/wordpress\/plugins\/seo\/ -->\n<title>Support de Barre Z17SS \u2013 Structure en Acier de Haute Qualit\u00e9 pour Configuration de Gym<\/title>\n<meta name=\"description\" content=\"Le Support de Barre Z17SS, fabriqu\u00e9 avec une structure en acier de haute qualit\u00e9, garantit une configuration de salle de sport solide et organis\u00e9e, offrant un rangement s\u00e9curis\u00e9 pour les barres.\" \/>\n<meta name=\"robots\" content=\"index, follow, max-snippet:-1, max-image-preview:large, max-video-preview:-1\" \/>\n<link rel=\"canonical\" href=\"https:\/\/gymfactory.eu\/fr\/produit\/support-de-barre-z17ss\/\" \/>\n<meta property=\"og:locale\" content=\"fr_FR\" \/>\n<meta property=\"og:type\" content=\"article\" \/>\n<meta property=\"og:title\" content=\"Support de Barre Z17SS \u2013 Structure en Acier de Haute Qualit\u00e9 pour Configuration de Gym\" \/>\n<meta property=\"og:description\" content=\"Le Support de Barre Z17SS, fabriqu\u00e9 avec une structure en acier de haute qualit\u00e9, garantit une configuration de salle de sport solide et organis\u00e9e, offrant un rangement s\u00e9curis\u00e9 pour les barres.\" \/>\n<meta property=\"og:url\" content=\"https:\/\/gymfactory.eu\/fr\/produit\/support-de-barre-z17ss\/\" \/>\n<meta property=\"og:site_name\" content=\"Gym Factory\" \/>\n<meta property=\"og:image\" content=\"https:\/\/gymfactory.eu\/wp-content\/uploads\/2025\/02\/high-quality-steel-structure-barbell-support-bracket-1.webp\" \/>\n\t<meta property=\"og:image:width\" content=\"600\" \/>\n\t<meta property=\"og:image:height\" content=\"600\" \/>\n\t<meta property=\"og:image:type\" content=\"image\/webp\" \/>\n<meta name=\"twitter:card\" content=\"summary_large_image\" \/>\n<script type=\"application\/ld+json\" class=\"yoast-schema-graph\">{\"@context\":\"https:\/\/schema.org\",\"@graph\":[{\"@type\":\"WebPage\",\"@id\":\"https:\/\/gymfactory.eu\/fr\/produit\/support-de-barre-z17ss\/\",\"url\":\"https:\/\/gymfactory.eu\/fr\/produit\/support-de-barre-z17ss\/\",\"name\":\"Support de Barre Z17SS \u2013 Structure en Acier de Haute Qualit\u00e9 pour Configuration de Gym\",\"isPartOf\":{\"@id\":\"https:\/\/gymfactory.eu\/fr\/#website\"},\"primaryImageOfPage\":{\"@id\":\"https:\/\/gymfactory.eu\/fr\/produit\/support-de-barre-z17ss\/#primaryimage\"},\"image\":{\"@id\":\"https:\/\/gymfactory.eu\/fr\/produit\/support-de-barre-z17ss\/#primaryimage\"},\"thumbnailUrl\":\"https:\/\/gymfactory.eu\/wp-content\/uploads\/2025\/02\/high-quality-steel-structure-barbell-support-bracket-1.webp\",\"datePublished\":\"2025-02-20T11:46:42+00:00\",\"description\":\"Le Support de Barre Z17SS, fabriqu\u00e9 avec une structure en acier de haute qualit\u00e9, garantit une configuration de salle de sport solide et organis\u00e9e, offrant un rangement s\u00e9curis\u00e9 pour les barres.\",\"breadcrumb\":{\"@id\":\"https:\/\/gymfactory.eu\/fr\/produit\/support-de-barre-z17ss\/#breadcrumb\"},\"inLanguage\":\"fr-FR\",\"potentialAction\":[{\"@type\":\"ReadAction\",\"target\":[\"https:\/\/gymfactory.eu\/fr\/produit\/support-de-barre-z17ss\/\"]}]},{\"@type\":\"ImageObject\",\"inLanguage\":\"fr-FR\",\"@id\":\"https:\/\/gymfactory.eu\/fr\/produit\/support-de-barre-z17ss\/#primaryimage\",\"url\":\"https:\/\/gymfactory.eu\/wp-content\/uploads\/2025\/02\/high-quality-steel-structure-barbell-support-bracket-1.webp\",\"contentUrl\":\"https:\/\/gymfactory.eu\/wp-content\/uploads\/2025\/02\/high-quality-steel-structure-barbell-support-bracket-1.webp\",\"width\":600,\"height\":600,\"caption\":\"Un crochet de support de barre noir con\u00e7u pour les racks de musculation (power racks), dot\u00e9 d\u2019une structure solide en acier de haute qualit\u00e9 avec une fixation par goupille durable. Cet \u00e9quipement de gym essentiel garantit stabilit\u00e9 et s\u00e9curit\u00e9 pour l\u2019halt\u00e9rophilie et l\u2019entra\u00eenement en force.\"},{\"@type\":\"BreadcrumbList\",\"@id\":\"https:\/\/gymfactory.eu\/fr\/produit\/support-de-barre-z17ss\/#breadcrumb\",\"itemListElement\":[{\"@type\":\"ListItem\",\"position\":1,\"name\":\"Home\",\"item\":\"https:\/\/gymfactory.eu\/fr\/\"},{\"@type\":\"ListItem\",\"position\":2,\"name\":\"Catalogue\",\"item\":\"https:\/\/gymfactory.eu\/catalogue\/\"},{\"@type\":\"ListItem\",\"position\":3,\"name\":\"Support de Barre Z17SS\"}]},{\"@type\":\"WebSite\",\"@id\":\"https:\/\/gymfactory.eu\/fr\/#website\",\"url\":\"https:\/\/gymfactory.eu\/fr\/\",\"name\":\"Gym Factory\",\"description\":\"\",\"publisher\":{\"@id\":\"https:\/\/gymfactory.eu\/fr\/#organization\"},\"potentialAction\":[{\"@type\":\"SearchAction\",\"target\":{\"@type\":\"EntryPoint\",\"urlTemplate\":\"https:\/\/gymfactory.eu\/fr\/?s={search_term_string}\"},\"query-input\":{\"@type\":\"PropertyValueSpecification\",\"valueRequired\":true,\"valueName\":\"search_term_string\"}}],\"inLanguage\":\"fr-FR\"},{\"@type\":\"Organization\",\"@id\":\"https:\/\/gymfactory.eu\/fr\/#organization\",\"name\":\"Gym Factory\",\"url\":\"https:\/\/gymfactory.eu\/fr\/\",\"logo\":{\"@type\":\"ImageObject\",\"inLanguage\":\"fr-FR\",\"@id\":\"https:\/\/gymfactory.eu\/fr\/#\/schema\/logo\/image\/\",\"url\":\"https:\/\/gymfactory.eu\/wp-content\/uploads\/2024\/11\/Component-1.svg\",\"contentUrl\":\"https:\/\/gymfactory.eu\/wp-content\/uploads\/2024\/11\/Component-1.svg\",\"width\":54,\"height\":44,\"caption\":\"Gym Factory\"},\"image\":{\"@id\":\"https:\/\/gymfactory.eu\/fr\/#\/schema\/logo\/image\/\"}}]}<\/script>\n<!-- \/ Yoast SEO plugin. -->","yoast_head_json":{"title":"Support de Barre Z17SS \u2013 Structure en Acier de Haute Qualit\u00e9 pour Configuration de Gym","description":"Le Support de Barre Z17SS, fabriqu\u00e9 avec une structure en acier de haute qualit\u00e9, garantit une configuration de salle de sport solide et organis\u00e9e, offrant un rangement s\u00e9curis\u00e9 pour les barres.","robots":{"index":"index","follow":"follow","max-snippet":"max-snippet:-1","max-image-preview":"max-image-preview:large","max-video-preview":"max-video-preview:-1"},"canonical":"https:\/\/gymfactory.eu\/fr\/produit\/support-de-barre-z17ss\/","og_locale":"fr_FR","og_type":"article","og_title":"Support de Barre Z17SS \u2013 Structure en Acier de Haute Qualit\u00e9 pour Configuration de Gym","og_description":"Le Support de Barre Z17SS, fabriqu\u00e9 avec une structure en acier de haute qualit\u00e9, garantit une configuration de salle de sport solide et organis\u00e9e, offrant un rangement s\u00e9curis\u00e9 pour les barres.","og_url":"https:\/\/gymfactory.eu\/fr\/produit\/support-de-barre-z17ss\/","og_site_name":"Gym Factory","og_image":[{"width":600,"height":600,"url":"https:\/\/gymfactory.eu\/wp-content\/uploads\/2025\/02\/high-quality-steel-structure-barbell-support-bracket-1.webp","type":"image\/webp"}],"twitter_card":"summary_large_image","schema":{"@context":"https:\/\/schema.org","@graph":[{"@type":"WebPage","@id":"https:\/\/gymfactory.eu\/fr\/produit\/support-de-barre-z17ss\/","url":"https:\/\/gymfactory.eu\/fr\/produit\/support-de-barre-z17ss\/","name":"Support de Barre Z17SS \u2013 Structure en Acier de Haute Qualit\u00e9 pour Configuration de Gym","isPartOf":{"@id":"https:\/\/gymfactory.eu\/fr\/#website"},"primaryImageOfPage":{"@id":"https:\/\/gymfactory.eu\/fr\/produit\/support-de-barre-z17ss\/#primaryimage"},"image":{"@id":"https:\/\/gymfactory.eu\/fr\/produit\/support-de-barre-z17ss\/#primaryimage"},"thumbnailUrl":"https:\/\/gymfactory.eu\/wp-content\/uploads\/2025\/02\/high-quality-steel-structure-barbell-support-bracket-1.webp","datePublished":"2025-02-20T11:46:42+00:00","description":"Le Support de Barre Z17SS, fabriqu\u00e9 avec une structure en acier de haute qualit\u00e9, garantit une configuration de salle de sport solide et organis\u00e9e, offrant un rangement s\u00e9curis\u00e9 pour les barres.","breadcrumb":{"@id":"https:\/\/gymfactory.eu\/fr\/produit\/support-de-barre-z17ss\/#breadcrumb"},"inLanguage":"fr-FR","potentialAction":[{"@type":"ReadAction","target":["https:\/\/gymfactory.eu\/fr\/produit\/support-de-barre-z17ss\/"]}]},{"@type":"ImageObject","inLanguage":"fr-FR","@id":"https:\/\/gymfactory.eu\/fr\/produit\/support-de-barre-z17ss\/#primaryimage","url":"https:\/\/gymfactory.eu\/wp-content\/uploads\/2025\/02\/high-quality-steel-structure-barbell-support-bracket-1.webp","contentUrl":"https:\/\/gymfactory.eu\/wp-content\/uploads\/2025\/02\/high-quality-steel-structure-barbell-support-bracket-1.webp","width":600,"height":600,"caption":"Un crochet de support de barre noir con\u00e7u pour les racks de musculation (power racks), dot\u00e9 d\u2019une structure solide en acier de haute qualit\u00e9 avec une fixation par goupille durable. Cet \u00e9quipement de gym essentiel garantit stabilit\u00e9 et s\u00e9curit\u00e9 pour l\u2019halt\u00e9rophilie et l\u2019entra\u00eenement en force."},{"@type":"BreadcrumbList","@id":"https:\/\/gymfactory.eu\/fr\/produit\/support-de-barre-z17ss\/#breadcrumb","itemListElement":[{"@type":"ListItem","position":1,"name":"Home","item":"https:\/\/gymfactory.eu\/fr\/"},{"@type":"ListItem","position":2,"name":"Catalogue","item":"https:\/\/gymfactory.eu\/catalogue\/"},{"@type":"ListItem","position":3,"name":"Support de Barre Z17SS"}]},{"@type":"WebSite","@id":"https:\/\/gymfactory.eu\/fr\/#website","url":"https:\/\/gymfactory.eu\/fr\/","name":"Gym Factory","description":"","publisher":{"@id":"https:\/\/gymfactory.eu\/fr\/#organization"},"potentialAction":[{"@type":"SearchAction","target":{"@type":"EntryPoint","urlTemplate":"https:\/\/gymfactory.eu\/fr\/?s={search_term_string}"},"query-input":{"@type":"PropertyValueSpecification","valueRequired":true,"valueName":"search_term_string"}}],"inLanguage":"fr-FR"},{"@type":"Organization","@id":"https:\/\/gymfactory.eu\/fr\/#organization","name":"Gym Factory","url":"https:\/\/gymfactory.eu\/fr\/","logo":{"@type":"ImageObject","inLanguage":"fr-FR","@id":"https:\/\/gymfactory.eu\/fr\/#\/schema\/logo\/image\/","url":"https:\/\/gymfactory.eu\/wp-content\/uploads\/2024\/11\/Component-1.svg","contentUrl":"https:\/\/gymfactory.eu\/wp-content\/uploads\/2024\/11\/Component-1.svg","width":54,"height":44,"caption":"Gym Factory"},"image":{"@id":"https:\/\/gymfactory.eu\/fr\/#\/schema\/logo\/image\/"}}]}},"_links":{"self":[{"href":"https:\/\/gymfactory.eu\/fr\/wp-json\/wp\/v2\/product\/29622","targetHints":{"allow":["GET"]}}],"collection":[{"href":"https:\/\/gymfactory.eu\/fr\/wp-json\/wp\/v2\/product"}],"about":[{"href":"https:\/\/gymfactory.eu\/fr\/wp-json\/wp\/v2\/types\/product"}],"wp:featuredmedia":[{"embeddable":true,"href":"https:\/\/gymfactory.eu\/fr\/wp-json\/wp\/v2\/media\/13727"}],"wp:attachment":[{"href":"https:\/\/gymfactory.eu\/fr\/wp-json\/wp\/v2\/media?parent=29622"}],"wp:term":[{"taxonomy":"product_brand","embeddable":true,"href":"https:\/\/gymfactory.eu\/fr\/wp-json\/wp\/v2\/product_brand?post=29622"},{"taxonomy":"product_cat","embeddable":true,"href":"https:\/\/gymfactory.eu\/fr\/wp-json\/wp\/v2\/product_cat?post=29622"},{"taxonomy":"product_tag","embeddable":true,"href":"https:\/\/gymfactory.eu\/fr\/wp-json\/wp\/v2\/product_tag?post=29622"}],"curies":[{"name":"wp","href":"https:\/\/api.w.org\/{rel}","templated":true}]}}