{"id":29612,"date":"2025-02-20T13:29:17","date_gmt":"2025-02-20T11:29:17","guid":{"rendered":"https:\/\/gymfactory.eu\/product\/bras-de-securite-spotter-z17s\/"},"modified":"2025-02-20T13:29:17","modified_gmt":"2025-02-20T11:29:17","slug":"bras-de-securite-spotter-z17s","status":"publish","type":"product","link":"https:\/\/gymfactory.eu\/fr\/produit\/bras-de-securite-spotter-z17s\/","title":{"rendered":"Bras de S\u00e9curit\u00e9 Spotter Z17S"},"content":{"rendered":"<p>Les Bras de S\u00e9curit\u00e9 Spotter Z17S sont des accessoires robustes con\u00e7us pour \u00eatre utilis\u00e9s avec des racks compatibles et des unit\u00e9s d\u2019entra\u00eenement multifonctionnelles. Ils servent de supports de s\u00e9curit\u00e9, aidant \u00e0 rattraper la barre en cas d\u2019\u00e9chec lors d\u2019exercices tels que les squats ou le d\u00e9velopp\u00e9 couch\u00e9. <\/p>\n<p>Ces bras (spotter arms) sont essentiels pour un entra\u00eenement s\u00fbr et en toute confiance dans toute configuration de salle de sport structur\u00e9e.<\/p>\n\n    <div class=\"xs_social_share_widget xs_share_url after_content \t\tmain_content  wslu-style-1 wslu-share-box-shaped wslu-fill-colored wslu-none wslu-share-horizontal wslu-theme-font-no wslu-main_content\">\n\n\t\t\n        <ul>\n\t\t\t        <\/ul>\n    <\/div> \n","protected":false},"excerpt":{"rendered":"<p>Les Bras de S\u00e9curit\u00e9 Spotter Z17S sont des accessoires robustes con\u00e7us pour \u00eatre utilis\u00e9s avec des racks compatibles et des unit\u00e9s d\u2019entra\u00eenement multifonctionnelles. Ils servent de supports de s\u00e9curit\u00e9, aidant \u00e0 rattraper la barre en cas d\u2019\u00e9chec lors d\u2019exercices tels que les squats ou le d\u00e9velopp\u00e9 couch\u00e9. Ces bras (spotter arms) sont essentiels pour un [&hellip;]<\/p>\n","protected":false},"featured_media":29613,"template":"","meta":{"_acf_changed":false},"product_brand":[56],"product_cat":[826],"product_tag":[857],"class_list":{"0":"post-29612","1":"product","2":"type-product","3":"status-publish","4":"has-post-thumbnail","6":"product_brand-gym-factory","7":"product_cat-accessoires-de-musculation","8":"product_tag-couleur-metal-uniquement","10":"first","11":"onbackorder","12":"taxable","13":"shipping-taxable","14":"purchasable","15":"product-type-variable"},"acf":[],"yoast_head":"<!-- This site is optimized with the Yoast SEO plugin v25.2 - https:\/\/yoast.com\/wordpress\/plugins\/seo\/ -->\n<title>Bras de S\u00e9curit\u00e9 Spotter Z17S - \u00c9quipement de Gym pour Power Rack<\/title>\n<meta name=\"description\" content=\"Les Bras de S\u00e9curit\u00e9 Spotter Z17S disposent d\u2019une structure en acier de haute qualit\u00e9, offrant un support durable et s\u00e9curis\u00e9 pour votre \u00e9quipement de gym et vos entra\u00eenements en force.\" \/>\n<meta name=\"robots\" content=\"index, follow, max-snippet:-1, max-image-preview:large, max-video-preview:-1\" \/>\n<link rel=\"canonical\" href=\"https:\/\/gymfactory.eu\/fr\/produit\/bras-de-securite-spotter-z17s\/\" \/>\n<meta property=\"og:locale\" content=\"fr_FR\" \/>\n<meta property=\"og:type\" content=\"article\" \/>\n<meta property=\"og:title\" content=\"Bras de S\u00e9curit\u00e9 Spotter Z17S - \u00c9quipement de Gym pour Power Rack\" \/>\n<meta property=\"og:description\" content=\"Les Bras de S\u00e9curit\u00e9 Spotter Z17S disposent d\u2019une structure en acier de haute qualit\u00e9, offrant un support durable et s\u00e9curis\u00e9 pour votre \u00e9quipement de gym et vos entra\u00eenements en force.\" \/>\n<meta property=\"og:url\" content=\"https:\/\/gymfactory.eu\/fr\/produit\/bras-de-securite-spotter-z17s\/\" \/>\n<meta property=\"og:site_name\" content=\"Gym Factory\" \/>\n<meta property=\"og:image\" content=\"https:\/\/gymfactory.eu\/wp-content\/uploads\/2025\/02\/high-quality-steel-structure-gym-spotter-arm.webp\" \/>\n\t<meta property=\"og:image:width\" content=\"600\" \/>\n\t<meta property=\"og:image:height\" content=\"600\" \/>\n\t<meta property=\"og:image:type\" content=\"image\/webp\" \/>\n<meta name=\"twitter:card\" content=\"summary_large_image\" \/>\n<script type=\"application\/ld+json\" class=\"yoast-schema-graph\">{\"@context\":\"https:\/\/schema.org\",\"@graph\":[{\"@type\":\"WebPage\",\"@id\":\"https:\/\/gymfactory.eu\/fr\/produit\/bras-de-securite-spotter-z17s\/\",\"url\":\"https:\/\/gymfactory.eu\/fr\/produit\/bras-de-securite-spotter-z17s\/\",\"name\":\"Bras de S\u00e9curit\u00e9 Spotter Z17S - \u00c9quipement de Gym pour Power Rack\",\"isPartOf\":{\"@id\":\"https:\/\/gymfactory.eu\/fr\/#website\"},\"primaryImageOfPage\":{\"@id\":\"https:\/\/gymfactory.eu\/fr\/produit\/bras-de-securite-spotter-z17s\/#primaryimage\"},\"image\":{\"@id\":\"https:\/\/gymfactory.eu\/fr\/produit\/bras-de-securite-spotter-z17s\/#primaryimage\"},\"thumbnailUrl\":\"https:\/\/gymfactory.eu\/wp-content\/uploads\/2025\/02\/high-quality-steel-structure-gym-spotter-arm.webp\",\"datePublished\":\"2025-02-20T11:29:17+00:00\",\"description\":\"Les Bras de S\u00e9curit\u00e9 Spotter Z17S disposent d\u2019une structure en acier de haute qualit\u00e9, offrant un support durable et s\u00e9curis\u00e9 pour votre \u00e9quipement de gym et vos entra\u00eenements en force.\",\"breadcrumb\":{\"@id\":\"https:\/\/gymfactory.eu\/fr\/produit\/bras-de-securite-spotter-z17s\/#breadcrumb\"},\"inLanguage\":\"fr-FR\",\"potentialAction\":[{\"@type\":\"ReadAction\",\"target\":[\"https:\/\/gymfactory.eu\/fr\/produit\/bras-de-securite-spotter-z17s\/\"]}]},{\"@type\":\"ImageObject\",\"inLanguage\":\"fr-FR\",\"@id\":\"https:\/\/gymfactory.eu\/fr\/produit\/bras-de-securite-spotter-z17s\/#primaryimage\",\"url\":\"https:\/\/gymfactory.eu\/wp-content\/uploads\/2025\/02\/high-quality-steel-structure-gym-spotter-arm.webp\",\"contentUrl\":\"https:\/\/gymfactory.eu\/wp-content\/uploads\/2025\/02\/high-quality-steel-structure-gym-spotter-arm.webp\",\"width\":600,\"height\":600,\"caption\":\"A single black steel safety spotter arm with a robust design for power racks. This high-quality steel structure enhances gym equipment safety by offering reliable support for weightlifting and strength training exercises.\"},{\"@type\":\"BreadcrumbList\",\"@id\":\"https:\/\/gymfactory.eu\/fr\/produit\/bras-de-securite-spotter-z17s\/#breadcrumb\",\"itemListElement\":[{\"@type\":\"ListItem\",\"position\":1,\"name\":\"Home\",\"item\":\"https:\/\/gymfactory.eu\/fr\/\"},{\"@type\":\"ListItem\",\"position\":2,\"name\":\"Catalogue\",\"item\":\"https:\/\/gymfactory.eu\/catalogue\/\"},{\"@type\":\"ListItem\",\"position\":3,\"name\":\"Bras de S\u00e9curit\u00e9 Spotter Z17S\"}]},{\"@type\":\"WebSite\",\"@id\":\"https:\/\/gymfactory.eu\/fr\/#website\",\"url\":\"https:\/\/gymfactory.eu\/fr\/\",\"name\":\"Gym Factory\",\"description\":\"\",\"publisher\":{\"@id\":\"https:\/\/gymfactory.eu\/fr\/#organization\"},\"potentialAction\":[{\"@type\":\"SearchAction\",\"target\":{\"@type\":\"EntryPoint\",\"urlTemplate\":\"https:\/\/gymfactory.eu\/fr\/?s={search_term_string}\"},\"query-input\":{\"@type\":\"PropertyValueSpecification\",\"valueRequired\":true,\"valueName\":\"search_term_string\"}}],\"inLanguage\":\"fr-FR\"},{\"@type\":\"Organization\",\"@id\":\"https:\/\/gymfactory.eu\/fr\/#organization\",\"name\":\"Gym Factory\",\"url\":\"https:\/\/gymfactory.eu\/fr\/\",\"logo\":{\"@type\":\"ImageObject\",\"inLanguage\":\"fr-FR\",\"@id\":\"https:\/\/gymfactory.eu\/fr\/#\/schema\/logo\/image\/\",\"url\":\"https:\/\/gymfactory.eu\/wp-content\/uploads\/2024\/11\/Component-1.svg\",\"contentUrl\":\"https:\/\/gymfactory.eu\/wp-content\/uploads\/2024\/11\/Component-1.svg\",\"width\":54,\"height\":44,\"caption\":\"Gym Factory\"},\"image\":{\"@id\":\"https:\/\/gymfactory.eu\/fr\/#\/schema\/logo\/image\/\"}}]}<\/script>\n<!-- \/ Yoast SEO plugin. -->","yoast_head_json":{"title":"Bras de S\u00e9curit\u00e9 Spotter Z17S - \u00c9quipement de Gym pour Power Rack","description":"Les Bras de S\u00e9curit\u00e9 Spotter Z17S disposent d\u2019une structure en acier de haute qualit\u00e9, offrant un support durable et s\u00e9curis\u00e9 pour votre \u00e9quipement de gym et vos entra\u00eenements en force.","robots":{"index":"index","follow":"follow","max-snippet":"max-snippet:-1","max-image-preview":"max-image-preview:large","max-video-preview":"max-video-preview:-1"},"canonical":"https:\/\/gymfactory.eu\/fr\/produit\/bras-de-securite-spotter-z17s\/","og_locale":"fr_FR","og_type":"article","og_title":"Bras de S\u00e9curit\u00e9 Spotter Z17S - \u00c9quipement de Gym pour Power Rack","og_description":"Les Bras de S\u00e9curit\u00e9 Spotter Z17S disposent d\u2019une structure en acier de haute qualit\u00e9, offrant un support durable et s\u00e9curis\u00e9 pour votre \u00e9quipement de gym et vos entra\u00eenements en force.","og_url":"https:\/\/gymfactory.eu\/fr\/produit\/bras-de-securite-spotter-z17s\/","og_site_name":"Gym Factory","og_image":[{"width":600,"height":600,"url":"https:\/\/gymfactory.eu\/wp-content\/uploads\/2025\/02\/high-quality-steel-structure-gym-spotter-arm.webp","type":"image\/webp"}],"twitter_card":"summary_large_image","schema":{"@context":"https:\/\/schema.org","@graph":[{"@type":"WebPage","@id":"https:\/\/gymfactory.eu\/fr\/produit\/bras-de-securite-spotter-z17s\/","url":"https:\/\/gymfactory.eu\/fr\/produit\/bras-de-securite-spotter-z17s\/","name":"Bras de S\u00e9curit\u00e9 Spotter Z17S - \u00c9quipement de Gym pour Power Rack","isPartOf":{"@id":"https:\/\/gymfactory.eu\/fr\/#website"},"primaryImageOfPage":{"@id":"https:\/\/gymfactory.eu\/fr\/produit\/bras-de-securite-spotter-z17s\/#primaryimage"},"image":{"@id":"https:\/\/gymfactory.eu\/fr\/produit\/bras-de-securite-spotter-z17s\/#primaryimage"},"thumbnailUrl":"https:\/\/gymfactory.eu\/wp-content\/uploads\/2025\/02\/high-quality-steel-structure-gym-spotter-arm.webp","datePublished":"2025-02-20T11:29:17+00:00","description":"Les Bras de S\u00e9curit\u00e9 Spotter Z17S disposent d\u2019une structure en acier de haute qualit\u00e9, offrant un support durable et s\u00e9curis\u00e9 pour votre \u00e9quipement de gym et vos entra\u00eenements en force.","breadcrumb":{"@id":"https:\/\/gymfactory.eu\/fr\/produit\/bras-de-securite-spotter-z17s\/#breadcrumb"},"inLanguage":"fr-FR","potentialAction":[{"@type":"ReadAction","target":["https:\/\/gymfactory.eu\/fr\/produit\/bras-de-securite-spotter-z17s\/"]}]},{"@type":"ImageObject","inLanguage":"fr-FR","@id":"https:\/\/gymfactory.eu\/fr\/produit\/bras-de-securite-spotter-z17s\/#primaryimage","url":"https:\/\/gymfactory.eu\/wp-content\/uploads\/2025\/02\/high-quality-steel-structure-gym-spotter-arm.webp","contentUrl":"https:\/\/gymfactory.eu\/wp-content\/uploads\/2025\/02\/high-quality-steel-structure-gym-spotter-arm.webp","width":600,"height":600,"caption":"A single black steel safety spotter arm with a robust design for power racks. This high-quality steel structure enhances gym equipment safety by offering reliable support for weightlifting and strength training exercises."},{"@type":"BreadcrumbList","@id":"https:\/\/gymfactory.eu\/fr\/produit\/bras-de-securite-spotter-z17s\/#breadcrumb","itemListElement":[{"@type":"ListItem","position":1,"name":"Home","item":"https:\/\/gymfactory.eu\/fr\/"},{"@type":"ListItem","position":2,"name":"Catalogue","item":"https:\/\/gymfactory.eu\/catalogue\/"},{"@type":"ListItem","position":3,"name":"Bras de S\u00e9curit\u00e9 Spotter Z17S"}]},{"@type":"WebSite","@id":"https:\/\/gymfactory.eu\/fr\/#website","url":"https:\/\/gymfactory.eu\/fr\/","name":"Gym Factory","description":"","publisher":{"@id":"https:\/\/gymfactory.eu\/fr\/#organization"},"potentialAction":[{"@type":"SearchAction","target":{"@type":"EntryPoint","urlTemplate":"https:\/\/gymfactory.eu\/fr\/?s={search_term_string}"},"query-input":{"@type":"PropertyValueSpecification","valueRequired":true,"valueName":"search_term_string"}}],"inLanguage":"fr-FR"},{"@type":"Organization","@id":"https:\/\/gymfactory.eu\/fr\/#organization","name":"Gym Factory","url":"https:\/\/gymfactory.eu\/fr\/","logo":{"@type":"ImageObject","inLanguage":"fr-FR","@id":"https:\/\/gymfactory.eu\/fr\/#\/schema\/logo\/image\/","url":"https:\/\/gymfactory.eu\/wp-content\/uploads\/2024\/11\/Component-1.svg","contentUrl":"https:\/\/gymfactory.eu\/wp-content\/uploads\/2024\/11\/Component-1.svg","width":54,"height":44,"caption":"Gym Factory"},"image":{"@id":"https:\/\/gymfactory.eu\/fr\/#\/schema\/logo\/image\/"}}]}},"_links":{"self":[{"href":"https:\/\/gymfactory.eu\/fr\/wp-json\/wp\/v2\/product\/29612","targetHints":{"allow":["GET"]}}],"collection":[{"href":"https:\/\/gymfactory.eu\/fr\/wp-json\/wp\/v2\/product"}],"about":[{"href":"https:\/\/gymfactory.eu\/fr\/wp-json\/wp\/v2\/types\/product"}],"wp:featuredmedia":[{"embeddable":true,"href":"https:\/\/gymfactory.eu\/fr\/wp-json\/wp\/v2\/media\/29613"}],"wp:attachment":[{"href":"https:\/\/gymfactory.eu\/fr\/wp-json\/wp\/v2\/media?parent=29612"}],"wp:term":[{"taxonomy":"product_brand","embeddable":true,"href":"https:\/\/gymfactory.eu\/fr\/wp-json\/wp\/v2\/product_brand?post=29612"},{"taxonomy":"product_cat","embeddable":true,"href":"https:\/\/gymfactory.eu\/fr\/wp-json\/wp\/v2\/product_cat?post=29612"},{"taxonomy":"product_tag","embeddable":true,"href":"https:\/\/gymfactory.eu\/fr\/wp-json\/wp\/v2\/product_tag?post=29612"}],"curies":[{"name":"wp","href":"https:\/\/api.w.org\/{rel}","templated":true}]}}