{"id":29607,"date":"2025-02-20T13:06:38","date_gmt":"2025-02-20T11:06:38","guid":{"rendered":"https:\/\/gymfactory.eu\/product\/plateforme-de-step-up-z17p\/"},"modified":"2025-02-20T13:06:38","modified_gmt":"2025-02-20T11:06:38","slug":"plateforme-de-step-up-z17p","status":"publish","type":"product","link":"https:\/\/gymfactory.eu\/fr\/produit\/plateforme-de-step-up-z17p\/","title":{"rendered":"Plateforme de Step-Up Z17P"},"content":{"rendered":"<p>La Plateforme de Step-Up Z17P est un accessoire durable con\u00e7u pour \u00eatre utilis\u00e9 avec des racks compatibles ou des unit\u00e9s d\u2019entra\u00eenement multifonctionnelles. Elle fournit une surface sur\u00e9lev\u00e9e et stable pour les exercices de step-up (mont\u00e9es sur banc), le travail unilat\u00e9ral des jambes et d\u2019autres mouvements de force fonctionnelle. <\/p>\n<p>Cette plateforme est id\u00e9ale pour d\u00e9velopper la force des jambes, l\u2019\u00e9quilibre et la coordination dans toute configuration de salle de sport structur\u00e9e.<\/p>\n\n    <div class=\"xs_social_share_widget xs_share_url after_content \t\tmain_content  wslu-style-1 wslu-share-box-shaped wslu-fill-colored wslu-none wslu-share-horizontal wslu-theme-font-no wslu-main_content\">\n\n\t\t\n        <ul>\n\t\t\t        <\/ul>\n    <\/div> \n","protected":false},"excerpt":{"rendered":"<p>La Plateforme de Step-Up Z17P est un accessoire durable con\u00e7u pour \u00eatre utilis\u00e9 avec des racks compatibles ou des unit\u00e9s d\u2019entra\u00eenement multifonctionnelles. Elle fournit une surface sur\u00e9lev\u00e9e et stable pour les exercices de step-up (mont\u00e9es sur banc), le travail unilat\u00e9ral des jambes et d\u2019autres mouvements de force fonctionnelle. Cette plateforme est id\u00e9ale pour d\u00e9velopper la [&hellip;]<\/p>\n","protected":false},"featured_media":29608,"template":"","meta":{"_acf_changed":false},"product_brand":[56],"product_cat":[826],"product_tag":[857],"class_list":{"0":"post-29607","1":"product","2":"type-product","3":"status-publish","4":"has-post-thumbnail","6":"product_brand-gym-factory","7":"product_cat-accessoires-de-musculation","8":"product_tag-couleur-metal-uniquement","10":"first","11":"onbackorder","12":"taxable","13":"shipping-taxable","14":"purchasable","15":"product-type-variable","16":"has-default-attributes"},"acf":[],"yoast_head":"<!-- This site is optimized with the Yoast SEO plugin v25.2 - https:\/\/yoast.com\/wordpress\/plugins\/seo\/ -->\n<title>Plateforme de Step-Up Z17P \u2013 L\u2019Essentiel pour Votre Configuration de Salle de Sport<\/title>\n<meta name=\"description\" content=\"Dot\u00e9e d\u2019une structure en acier de haute qualit\u00e9, cette plateforme de step-up est un ajout durable \u00e0 toute configuration de salle de sport, soutenant les exercices qui am\u00e9liorent la force et l\u2019\u00e9quilibre.\" \/>\n<meta name=\"robots\" content=\"index, follow, max-snippet:-1, max-image-preview:large, max-video-preview:-1\" \/>\n<link rel=\"canonical\" href=\"https:\/\/gymfactory.eu\/fr\/produit\/plateforme-de-step-up-z17p\/\" \/>\n<meta property=\"og:locale\" content=\"fr_FR\" \/>\n<meta property=\"og:type\" content=\"article\" \/>\n<meta property=\"og:title\" content=\"Plateforme de Step-Up Z17P \u2013 L\u2019Essentiel pour Votre Configuration de Salle de Sport\" \/>\n<meta property=\"og:description\" content=\"Dot\u00e9e d\u2019une structure en acier de haute qualit\u00e9, cette plateforme de step-up est un ajout durable \u00e0 toute configuration de salle de sport, soutenant les exercices qui am\u00e9liorent la force et l\u2019\u00e9quilibre.\" \/>\n<meta property=\"og:url\" content=\"https:\/\/gymfactory.eu\/fr\/produit\/plateforme-de-step-up-z17p\/\" \/>\n<meta property=\"og:site_name\" content=\"Gym Factory\" \/>\n<meta property=\"og:image\" content=\"https:\/\/gymfactory.eu\/wp-content\/uploads\/2025\/02\/strength-training-exercises-adjustable-step-platform.webp\" \/>\n\t<meta property=\"og:image:width\" content=\"600\" \/>\n\t<meta property=\"og:image:height\" content=\"600\" \/>\n\t<meta property=\"og:image:type\" content=\"image\/webp\" \/>\n<meta name=\"twitter:card\" content=\"summary_large_image\" \/>\n<script type=\"application\/ld+json\" class=\"yoast-schema-graph\">{\"@context\":\"https:\/\/schema.org\",\"@graph\":[{\"@type\":\"WebPage\",\"@id\":\"https:\/\/gymfactory.eu\/fr\/produit\/plateforme-de-step-up-z17p\/\",\"url\":\"https:\/\/gymfactory.eu\/fr\/produit\/plateforme-de-step-up-z17p\/\",\"name\":\"Plateforme de Step-Up Z17P \u2013 L\u2019Essentiel pour Votre Configuration de Salle de Sport\",\"isPartOf\":{\"@id\":\"https:\/\/gymfactory.eu\/fr\/#website\"},\"primaryImageOfPage\":{\"@id\":\"https:\/\/gymfactory.eu\/fr\/produit\/plateforme-de-step-up-z17p\/#primaryimage\"},\"image\":{\"@id\":\"https:\/\/gymfactory.eu\/fr\/produit\/plateforme-de-step-up-z17p\/#primaryimage\"},\"thumbnailUrl\":\"https:\/\/gymfactory.eu\/wp-content\/uploads\/2025\/02\/strength-training-exercises-adjustable-step-platform.webp\",\"datePublished\":\"2025-02-20T11:06:38+00:00\",\"description\":\"Dot\u00e9e d\u2019une structure en acier de haute qualit\u00e9, cette plateforme de step-up est un ajout durable \u00e0 toute configuration de salle de sport, soutenant les exercices qui am\u00e9liorent la force et l\u2019\u00e9quilibre.\",\"breadcrumb\":{\"@id\":\"https:\/\/gymfactory.eu\/fr\/produit\/plateforme-de-step-up-z17p\/#breadcrumb\"},\"inLanguage\":\"fr-FR\",\"potentialAction\":[{\"@type\":\"ReadAction\",\"target\":[\"https:\/\/gymfactory.eu\/fr\/produit\/plateforme-de-step-up-z17p\/\"]}]},{\"@type\":\"ImageObject\",\"inLanguage\":\"fr-FR\",\"@id\":\"https:\/\/gymfactory.eu\/fr\/produit\/plateforme-de-step-up-z17p\/#primaryimage\",\"url\":\"https:\/\/gymfactory.eu\/wp-content\/uploads\/2025\/02\/strength-training-exercises-adjustable-step-platform.webp\",\"contentUrl\":\"https:\/\/gymfactory.eu\/wp-content\/uploads\/2025\/02\/strength-training-exercises-adjustable-step-platform.webp\",\"width\":600,\"height\":600,\"caption\":\"A sturdy steel step platform with an anti-slip surface designed to be attached to a power rack for versatile strength-training exercises. This good home gym equipment is ideal for step-ups, single-leg squats, and other lower-body workouts.\"},{\"@type\":\"BreadcrumbList\",\"@id\":\"https:\/\/gymfactory.eu\/fr\/produit\/plateforme-de-step-up-z17p\/#breadcrumb\",\"itemListElement\":[{\"@type\":\"ListItem\",\"position\":1,\"name\":\"Home\",\"item\":\"https:\/\/gymfactory.eu\/fr\/\"},{\"@type\":\"ListItem\",\"position\":2,\"name\":\"Catalogue\",\"item\":\"https:\/\/gymfactory.eu\/catalogue\/\"},{\"@type\":\"ListItem\",\"position\":3,\"name\":\"Plateforme de Step-Up Z17P\"}]},{\"@type\":\"WebSite\",\"@id\":\"https:\/\/gymfactory.eu\/fr\/#website\",\"url\":\"https:\/\/gymfactory.eu\/fr\/\",\"name\":\"Gym Factory\",\"description\":\"\",\"publisher\":{\"@id\":\"https:\/\/gymfactory.eu\/fr\/#organization\"},\"potentialAction\":[{\"@type\":\"SearchAction\",\"target\":{\"@type\":\"EntryPoint\",\"urlTemplate\":\"https:\/\/gymfactory.eu\/fr\/?s={search_term_string}\"},\"query-input\":{\"@type\":\"PropertyValueSpecification\",\"valueRequired\":true,\"valueName\":\"search_term_string\"}}],\"inLanguage\":\"fr-FR\"},{\"@type\":\"Organization\",\"@id\":\"https:\/\/gymfactory.eu\/fr\/#organization\",\"name\":\"Gym Factory\",\"url\":\"https:\/\/gymfactory.eu\/fr\/\",\"logo\":{\"@type\":\"ImageObject\",\"inLanguage\":\"fr-FR\",\"@id\":\"https:\/\/gymfactory.eu\/fr\/#\/schema\/logo\/image\/\",\"url\":\"https:\/\/gymfactory.eu\/wp-content\/uploads\/2024\/11\/Component-1.svg\",\"contentUrl\":\"https:\/\/gymfactory.eu\/wp-content\/uploads\/2024\/11\/Component-1.svg\",\"width\":54,\"height\":44,\"caption\":\"Gym Factory\"},\"image\":{\"@id\":\"https:\/\/gymfactory.eu\/fr\/#\/schema\/logo\/image\/\"}}]}<\/script>\n<!-- \/ Yoast SEO plugin. -->","yoast_head_json":{"title":"Plateforme de Step-Up Z17P \u2013 L\u2019Essentiel pour Votre Configuration de Salle de Sport","description":"Dot\u00e9e d\u2019une structure en acier de haute qualit\u00e9, cette plateforme de step-up est un ajout durable \u00e0 toute configuration de salle de sport, soutenant les exercices qui am\u00e9liorent la force et l\u2019\u00e9quilibre.","robots":{"index":"index","follow":"follow","max-snippet":"max-snippet:-1","max-image-preview":"max-image-preview:large","max-video-preview":"max-video-preview:-1"},"canonical":"https:\/\/gymfactory.eu\/fr\/produit\/plateforme-de-step-up-z17p\/","og_locale":"fr_FR","og_type":"article","og_title":"Plateforme de Step-Up Z17P \u2013 L\u2019Essentiel pour Votre Configuration de Salle de Sport","og_description":"Dot\u00e9e d\u2019une structure en acier de haute qualit\u00e9, cette plateforme de step-up est un ajout durable \u00e0 toute configuration de salle de sport, soutenant les exercices qui am\u00e9liorent la force et l\u2019\u00e9quilibre.","og_url":"https:\/\/gymfactory.eu\/fr\/produit\/plateforme-de-step-up-z17p\/","og_site_name":"Gym Factory","og_image":[{"width":600,"height":600,"url":"https:\/\/gymfactory.eu\/wp-content\/uploads\/2025\/02\/strength-training-exercises-adjustable-step-platform.webp","type":"image\/webp"}],"twitter_card":"summary_large_image","schema":{"@context":"https:\/\/schema.org","@graph":[{"@type":"WebPage","@id":"https:\/\/gymfactory.eu\/fr\/produit\/plateforme-de-step-up-z17p\/","url":"https:\/\/gymfactory.eu\/fr\/produit\/plateforme-de-step-up-z17p\/","name":"Plateforme de Step-Up Z17P \u2013 L\u2019Essentiel pour Votre Configuration de Salle de Sport","isPartOf":{"@id":"https:\/\/gymfactory.eu\/fr\/#website"},"primaryImageOfPage":{"@id":"https:\/\/gymfactory.eu\/fr\/produit\/plateforme-de-step-up-z17p\/#primaryimage"},"image":{"@id":"https:\/\/gymfactory.eu\/fr\/produit\/plateforme-de-step-up-z17p\/#primaryimage"},"thumbnailUrl":"https:\/\/gymfactory.eu\/wp-content\/uploads\/2025\/02\/strength-training-exercises-adjustable-step-platform.webp","datePublished":"2025-02-20T11:06:38+00:00","description":"Dot\u00e9e d\u2019une structure en acier de haute qualit\u00e9, cette plateforme de step-up est un ajout durable \u00e0 toute configuration de salle de sport, soutenant les exercices qui am\u00e9liorent la force et l\u2019\u00e9quilibre.","breadcrumb":{"@id":"https:\/\/gymfactory.eu\/fr\/produit\/plateforme-de-step-up-z17p\/#breadcrumb"},"inLanguage":"fr-FR","potentialAction":[{"@type":"ReadAction","target":["https:\/\/gymfactory.eu\/fr\/produit\/plateforme-de-step-up-z17p\/"]}]},{"@type":"ImageObject","inLanguage":"fr-FR","@id":"https:\/\/gymfactory.eu\/fr\/produit\/plateforme-de-step-up-z17p\/#primaryimage","url":"https:\/\/gymfactory.eu\/wp-content\/uploads\/2025\/02\/strength-training-exercises-adjustable-step-platform.webp","contentUrl":"https:\/\/gymfactory.eu\/wp-content\/uploads\/2025\/02\/strength-training-exercises-adjustable-step-platform.webp","width":600,"height":600,"caption":"A sturdy steel step platform with an anti-slip surface designed to be attached to a power rack for versatile strength-training exercises. This good home gym equipment is ideal for step-ups, single-leg squats, and other lower-body workouts."},{"@type":"BreadcrumbList","@id":"https:\/\/gymfactory.eu\/fr\/produit\/plateforme-de-step-up-z17p\/#breadcrumb","itemListElement":[{"@type":"ListItem","position":1,"name":"Home","item":"https:\/\/gymfactory.eu\/fr\/"},{"@type":"ListItem","position":2,"name":"Catalogue","item":"https:\/\/gymfactory.eu\/catalogue\/"},{"@type":"ListItem","position":3,"name":"Plateforme de Step-Up Z17P"}]},{"@type":"WebSite","@id":"https:\/\/gymfactory.eu\/fr\/#website","url":"https:\/\/gymfactory.eu\/fr\/","name":"Gym Factory","description":"","publisher":{"@id":"https:\/\/gymfactory.eu\/fr\/#organization"},"potentialAction":[{"@type":"SearchAction","target":{"@type":"EntryPoint","urlTemplate":"https:\/\/gymfactory.eu\/fr\/?s={search_term_string}"},"query-input":{"@type":"PropertyValueSpecification","valueRequired":true,"valueName":"search_term_string"}}],"inLanguage":"fr-FR"},{"@type":"Organization","@id":"https:\/\/gymfactory.eu\/fr\/#organization","name":"Gym Factory","url":"https:\/\/gymfactory.eu\/fr\/","logo":{"@type":"ImageObject","inLanguage":"fr-FR","@id":"https:\/\/gymfactory.eu\/fr\/#\/schema\/logo\/image\/","url":"https:\/\/gymfactory.eu\/wp-content\/uploads\/2024\/11\/Component-1.svg","contentUrl":"https:\/\/gymfactory.eu\/wp-content\/uploads\/2024\/11\/Component-1.svg","width":54,"height":44,"caption":"Gym Factory"},"image":{"@id":"https:\/\/gymfactory.eu\/fr\/#\/schema\/logo\/image\/"}}]}},"_links":{"self":[{"href":"https:\/\/gymfactory.eu\/fr\/wp-json\/wp\/v2\/product\/29607","targetHints":{"allow":["GET"]}}],"collection":[{"href":"https:\/\/gymfactory.eu\/fr\/wp-json\/wp\/v2\/product"}],"about":[{"href":"https:\/\/gymfactory.eu\/fr\/wp-json\/wp\/v2\/types\/product"}],"wp:featuredmedia":[{"embeddable":true,"href":"https:\/\/gymfactory.eu\/fr\/wp-json\/wp\/v2\/media\/29608"}],"wp:attachment":[{"href":"https:\/\/gymfactory.eu\/fr\/wp-json\/wp\/v2\/media?parent=29607"}],"wp:term":[{"taxonomy":"product_brand","embeddable":true,"href":"https:\/\/gymfactory.eu\/fr\/wp-json\/wp\/v2\/product_brand?post=29607"},{"taxonomy":"product_cat","embeddable":true,"href":"https:\/\/gymfactory.eu\/fr\/wp-json\/wp\/v2\/product_cat?post=29607"},{"taxonomy":"product_tag","embeddable":true,"href":"https:\/\/gymfactory.eu\/fr\/wp-json\/wp\/v2\/product_tag?post=29607"}],"curies":[{"name":"wp","href":"https:\/\/api.w.org\/{rel}","templated":true}]}}