{"id":29603,"date":"2025-02-20T12:50:23","date_gmt":"2025-02-20T10:50:23","guid":{"rendered":"https:\/\/gymfactory.eu\/product\/accessoire-a-dips-z17l\/"},"modified":"2025-02-20T12:50:23","modified_gmt":"2025-02-20T10:50:23","slug":"accessoire-a-dips-z17l","status":"publish","type":"product","link":"https:\/\/gymfactory.eu\/fr\/produit\/accessoire-a-dips-z17l\/","title":{"rendered":"Accessoire \u00e0 Dips Z17L"},"content":{"rendered":"<p>L\u2019Accessoire \u00e0 Dips Z17L est un \u00e9quipement robuste con\u00e7u sp\u00e9cifiquement pour \u00eatre mont\u00e9 sur des racks compatibles ou des unit\u00e9s d\u2019entra\u00eenement multifonctionnelles de notre gamme d\u2019\u00e9quipements. Les barres \u00e0 dips sont l\u00e9g\u00e8rement inclin\u00e9es vers l\u2019ext\u00e9rieur, offrant une position des bras plus naturelle et confortable pendant les dips. <\/p>\n<p>Cet accessoire est destin\u00e9 au renforcement des triceps et des pectoraux, ce qui en fait un ajout pr\u00e9cieux \u00e0 toute configuration de salle de sport modulable.<\/p>\n\n    <div class=\"xs_social_share_widget xs_share_url after_content \t\tmain_content  wslu-style-1 wslu-share-box-shaped wslu-fill-colored wslu-none wslu-share-horizontal wslu-theme-font-no wslu-main_content\">\n\n\t\t\n        <ul>\n\t\t\t        <\/ul>\n    <\/div> \n","protected":false},"excerpt":{"rendered":"<p>L\u2019Accessoire \u00e0 Dips Z17L est un \u00e9quipement robuste con\u00e7u sp\u00e9cifiquement pour \u00eatre mont\u00e9 sur des racks compatibles ou des unit\u00e9s d\u2019entra\u00eenement multifonctionnelles de notre gamme d\u2019\u00e9quipements. Les barres \u00e0 dips sont l\u00e9g\u00e8rement inclin\u00e9es vers l\u2019ext\u00e9rieur, offrant une position des bras plus naturelle et confortable pendant les dips. Cet accessoire est destin\u00e9 au renforcement des triceps [&hellip;]<\/p>\n","protected":false},"featured_media":29604,"template":"","meta":{"_acf_changed":false},"product_brand":[56],"product_cat":[826],"product_tag":[857],"class_list":{"0":"post-29603","1":"product","2":"type-product","3":"status-publish","4":"has-post-thumbnail","6":"product_brand-gym-factory","7":"product_cat-accessoires-de-musculation","8":"product_tag-couleur-metal-uniquement","10":"first","11":"onbackorder","12":"taxable","13":"shipping-taxable","14":"purchasable","15":"product-type-variable","16":"has-default-attributes"},"acf":[],"yoast_head":"<!-- This site is optimized with the Yoast SEO plugin v25.2 - https:\/\/yoast.com\/wordpress\/plugins\/seo\/ -->\n<title>Accessoire \u00e0 Dips Z17L \u2013 L\u2019Ajout Parfait \u00e0 Votre Configuration de Salle de Sport<\/title>\n<meta name=\"description\" content=\"Fabriqu\u00e9 avec une structure en acier de haute qualit\u00e9, cet accessoire \u00e0 dips ajoute de la durabilit\u00e9 \u00e0 toute configuration de salle de sport, offrant une solution peu encombrante pour les entra\u00eenements du haut du corps.\" \/>\n<meta name=\"robots\" content=\"index, follow, max-snippet:-1, max-image-preview:large, max-video-preview:-1\" \/>\n<link rel=\"canonical\" href=\"https:\/\/gymfactory.eu\/fr\/produit\/accessoire-a-dips-z17l\/\" \/>\n<meta property=\"og:locale\" content=\"fr_FR\" \/>\n<meta property=\"og:type\" content=\"article\" \/>\n<meta property=\"og:title\" content=\"Accessoire \u00e0 Dips Z17L \u2013 L\u2019Ajout Parfait \u00e0 Votre Configuration de Salle de Sport\" \/>\n<meta property=\"og:description\" content=\"Fabriqu\u00e9 avec une structure en acier de haute qualit\u00e9, cet accessoire \u00e0 dips ajoute de la durabilit\u00e9 \u00e0 toute configuration de salle de sport, offrant une solution peu encombrante pour les entra\u00eenements du haut du corps.\" \/>\n<meta property=\"og:url\" content=\"https:\/\/gymfactory.eu\/fr\/produit\/accessoire-a-dips-z17l\/\" \/>\n<meta property=\"og:site_name\" content=\"Gym Factory\" \/>\n<meta property=\"og:image\" content=\"https:\/\/gymfactory.eu\/wp-content\/uploads\/2025\/02\/strength-training-exercises-dip-bar-attachment-1.webp\" \/>\n\t<meta property=\"og:image:width\" content=\"600\" \/>\n\t<meta property=\"og:image:height\" content=\"600\" \/>\n\t<meta property=\"og:image:type\" content=\"image\/webp\" \/>\n<meta name=\"twitter:card\" content=\"summary_large_image\" \/>\n<script type=\"application\/ld+json\" class=\"yoast-schema-graph\">{\"@context\":\"https:\/\/schema.org\",\"@graph\":[{\"@type\":\"WebPage\",\"@id\":\"https:\/\/gymfactory.eu\/fr\/produit\/accessoire-a-dips-z17l\/\",\"url\":\"https:\/\/gymfactory.eu\/fr\/produit\/accessoire-a-dips-z17l\/\",\"name\":\"Accessoire \u00e0 Dips Z17L \u2013 L\u2019Ajout Parfait \u00e0 Votre Configuration de Salle de Sport\",\"isPartOf\":{\"@id\":\"https:\/\/gymfactory.eu\/fr\/#website\"},\"primaryImageOfPage\":{\"@id\":\"https:\/\/gymfactory.eu\/fr\/produit\/accessoire-a-dips-z17l\/#primaryimage\"},\"image\":{\"@id\":\"https:\/\/gymfactory.eu\/fr\/produit\/accessoire-a-dips-z17l\/#primaryimage\"},\"thumbnailUrl\":\"https:\/\/gymfactory.eu\/wp-content\/uploads\/2025\/02\/strength-training-exercises-dip-bar-attachment-1.webp\",\"datePublished\":\"2025-02-20T10:50:23+00:00\",\"description\":\"Fabriqu\u00e9 avec une structure en acier de haute qualit\u00e9, cet accessoire \u00e0 dips ajoute de la durabilit\u00e9 \u00e0 toute configuration de salle de sport, offrant une solution peu encombrante pour les entra\u00eenements du haut du corps.\",\"breadcrumb\":{\"@id\":\"https:\/\/gymfactory.eu\/fr\/produit\/accessoire-a-dips-z17l\/#breadcrumb\"},\"inLanguage\":\"fr-FR\",\"potentialAction\":[{\"@type\":\"ReadAction\",\"target\":[\"https:\/\/gymfactory.eu\/fr\/produit\/accessoire-a-dips-z17l\/\"]}]},{\"@type\":\"ImageObject\",\"inLanguage\":\"fr-FR\",\"@id\":\"https:\/\/gymfactory.eu\/fr\/produit\/accessoire-a-dips-z17l\/#primaryimage\",\"url\":\"https:\/\/gymfactory.eu\/wp-content\/uploads\/2025\/02\/strength-training-exercises-dip-bar-attachment-1.webp\",\"contentUrl\":\"https:\/\/gymfactory.eu\/wp-content\/uploads\/2025\/02\/strength-training-exercises-dip-bar-attachment-1.webp\",\"width\":600,\"height\":600,\"caption\":\"A standalone red and silver dip bar attachment for power racks featuring strong steel construction for bodyweight workouts. This compact and versatile piece of equipment is ideal for strength-training exercises and a good home gym equipment option for dip-based training.\"},{\"@type\":\"BreadcrumbList\",\"@id\":\"https:\/\/gymfactory.eu\/fr\/produit\/accessoire-a-dips-z17l\/#breadcrumb\",\"itemListElement\":[{\"@type\":\"ListItem\",\"position\":1,\"name\":\"Home\",\"item\":\"https:\/\/gymfactory.eu\/fr\/\"},{\"@type\":\"ListItem\",\"position\":2,\"name\":\"Catalogue\",\"item\":\"https:\/\/gymfactory.eu\/catalogue\/\"},{\"@type\":\"ListItem\",\"position\":3,\"name\":\"Accessoire \u00e0 Dips Z17L\"}]},{\"@type\":\"WebSite\",\"@id\":\"https:\/\/gymfactory.eu\/fr\/#website\",\"url\":\"https:\/\/gymfactory.eu\/fr\/\",\"name\":\"Gym Factory\",\"description\":\"\",\"publisher\":{\"@id\":\"https:\/\/gymfactory.eu\/fr\/#organization\"},\"potentialAction\":[{\"@type\":\"SearchAction\",\"target\":{\"@type\":\"EntryPoint\",\"urlTemplate\":\"https:\/\/gymfactory.eu\/fr\/?s={search_term_string}\"},\"query-input\":{\"@type\":\"PropertyValueSpecification\",\"valueRequired\":true,\"valueName\":\"search_term_string\"}}],\"inLanguage\":\"fr-FR\"},{\"@type\":\"Organization\",\"@id\":\"https:\/\/gymfactory.eu\/fr\/#organization\",\"name\":\"Gym Factory\",\"url\":\"https:\/\/gymfactory.eu\/fr\/\",\"logo\":{\"@type\":\"ImageObject\",\"inLanguage\":\"fr-FR\",\"@id\":\"https:\/\/gymfactory.eu\/fr\/#\/schema\/logo\/image\/\",\"url\":\"https:\/\/gymfactory.eu\/wp-content\/uploads\/2024\/11\/Component-1.svg\",\"contentUrl\":\"https:\/\/gymfactory.eu\/wp-content\/uploads\/2024\/11\/Component-1.svg\",\"width\":54,\"height\":44,\"caption\":\"Gym Factory\"},\"image\":{\"@id\":\"https:\/\/gymfactory.eu\/fr\/#\/schema\/logo\/image\/\"}}]}<\/script>\n<!-- \/ Yoast SEO plugin. -->","yoast_head_json":{"title":"Accessoire \u00e0 Dips Z17L \u2013 L\u2019Ajout Parfait \u00e0 Votre Configuration de Salle de Sport","description":"Fabriqu\u00e9 avec une structure en acier de haute qualit\u00e9, cet accessoire \u00e0 dips ajoute de la durabilit\u00e9 \u00e0 toute configuration de salle de sport, offrant une solution peu encombrante pour les entra\u00eenements du haut du corps.","robots":{"index":"index","follow":"follow","max-snippet":"max-snippet:-1","max-image-preview":"max-image-preview:large","max-video-preview":"max-video-preview:-1"},"canonical":"https:\/\/gymfactory.eu\/fr\/produit\/accessoire-a-dips-z17l\/","og_locale":"fr_FR","og_type":"article","og_title":"Accessoire \u00e0 Dips Z17L \u2013 L\u2019Ajout Parfait \u00e0 Votre Configuration de Salle de Sport","og_description":"Fabriqu\u00e9 avec une structure en acier de haute qualit\u00e9, cet accessoire \u00e0 dips ajoute de la durabilit\u00e9 \u00e0 toute configuration de salle de sport, offrant une solution peu encombrante pour les entra\u00eenements du haut du corps.","og_url":"https:\/\/gymfactory.eu\/fr\/produit\/accessoire-a-dips-z17l\/","og_site_name":"Gym Factory","og_image":[{"width":600,"height":600,"url":"https:\/\/gymfactory.eu\/wp-content\/uploads\/2025\/02\/strength-training-exercises-dip-bar-attachment-1.webp","type":"image\/webp"}],"twitter_card":"summary_large_image","schema":{"@context":"https:\/\/schema.org","@graph":[{"@type":"WebPage","@id":"https:\/\/gymfactory.eu\/fr\/produit\/accessoire-a-dips-z17l\/","url":"https:\/\/gymfactory.eu\/fr\/produit\/accessoire-a-dips-z17l\/","name":"Accessoire \u00e0 Dips Z17L \u2013 L\u2019Ajout Parfait \u00e0 Votre Configuration de Salle de Sport","isPartOf":{"@id":"https:\/\/gymfactory.eu\/fr\/#website"},"primaryImageOfPage":{"@id":"https:\/\/gymfactory.eu\/fr\/produit\/accessoire-a-dips-z17l\/#primaryimage"},"image":{"@id":"https:\/\/gymfactory.eu\/fr\/produit\/accessoire-a-dips-z17l\/#primaryimage"},"thumbnailUrl":"https:\/\/gymfactory.eu\/wp-content\/uploads\/2025\/02\/strength-training-exercises-dip-bar-attachment-1.webp","datePublished":"2025-02-20T10:50:23+00:00","description":"Fabriqu\u00e9 avec une structure en acier de haute qualit\u00e9, cet accessoire \u00e0 dips ajoute de la durabilit\u00e9 \u00e0 toute configuration de salle de sport, offrant une solution peu encombrante pour les entra\u00eenements du haut du corps.","breadcrumb":{"@id":"https:\/\/gymfactory.eu\/fr\/produit\/accessoire-a-dips-z17l\/#breadcrumb"},"inLanguage":"fr-FR","potentialAction":[{"@type":"ReadAction","target":["https:\/\/gymfactory.eu\/fr\/produit\/accessoire-a-dips-z17l\/"]}]},{"@type":"ImageObject","inLanguage":"fr-FR","@id":"https:\/\/gymfactory.eu\/fr\/produit\/accessoire-a-dips-z17l\/#primaryimage","url":"https:\/\/gymfactory.eu\/wp-content\/uploads\/2025\/02\/strength-training-exercises-dip-bar-attachment-1.webp","contentUrl":"https:\/\/gymfactory.eu\/wp-content\/uploads\/2025\/02\/strength-training-exercises-dip-bar-attachment-1.webp","width":600,"height":600,"caption":"A standalone red and silver dip bar attachment for power racks featuring strong steel construction for bodyweight workouts. This compact and versatile piece of equipment is ideal for strength-training exercises and a good home gym equipment option for dip-based training."},{"@type":"BreadcrumbList","@id":"https:\/\/gymfactory.eu\/fr\/produit\/accessoire-a-dips-z17l\/#breadcrumb","itemListElement":[{"@type":"ListItem","position":1,"name":"Home","item":"https:\/\/gymfactory.eu\/fr\/"},{"@type":"ListItem","position":2,"name":"Catalogue","item":"https:\/\/gymfactory.eu\/catalogue\/"},{"@type":"ListItem","position":3,"name":"Accessoire \u00e0 Dips Z17L"}]},{"@type":"WebSite","@id":"https:\/\/gymfactory.eu\/fr\/#website","url":"https:\/\/gymfactory.eu\/fr\/","name":"Gym Factory","description":"","publisher":{"@id":"https:\/\/gymfactory.eu\/fr\/#organization"},"potentialAction":[{"@type":"SearchAction","target":{"@type":"EntryPoint","urlTemplate":"https:\/\/gymfactory.eu\/fr\/?s={search_term_string}"},"query-input":{"@type":"PropertyValueSpecification","valueRequired":true,"valueName":"search_term_string"}}],"inLanguage":"fr-FR"},{"@type":"Organization","@id":"https:\/\/gymfactory.eu\/fr\/#organization","name":"Gym Factory","url":"https:\/\/gymfactory.eu\/fr\/","logo":{"@type":"ImageObject","inLanguage":"fr-FR","@id":"https:\/\/gymfactory.eu\/fr\/#\/schema\/logo\/image\/","url":"https:\/\/gymfactory.eu\/wp-content\/uploads\/2024\/11\/Component-1.svg","contentUrl":"https:\/\/gymfactory.eu\/wp-content\/uploads\/2024\/11\/Component-1.svg","width":54,"height":44,"caption":"Gym Factory"},"image":{"@id":"https:\/\/gymfactory.eu\/fr\/#\/schema\/logo\/image\/"}}]}},"_links":{"self":[{"href":"https:\/\/gymfactory.eu\/fr\/wp-json\/wp\/v2\/product\/29603","targetHints":{"allow":["GET"]}}],"collection":[{"href":"https:\/\/gymfactory.eu\/fr\/wp-json\/wp\/v2\/product"}],"about":[{"href":"https:\/\/gymfactory.eu\/fr\/wp-json\/wp\/v2\/types\/product"}],"wp:featuredmedia":[{"embeddable":true,"href":"https:\/\/gymfactory.eu\/fr\/wp-json\/wp\/v2\/media\/29604"}],"wp:attachment":[{"href":"https:\/\/gymfactory.eu\/fr\/wp-json\/wp\/v2\/media?parent=29603"}],"wp:term":[{"taxonomy":"product_brand","embeddable":true,"href":"https:\/\/gymfactory.eu\/fr\/wp-json\/wp\/v2\/product_brand?post=29603"},{"taxonomy":"product_cat","embeddable":true,"href":"https:\/\/gymfactory.eu\/fr\/wp-json\/wp\/v2\/product_cat?post=29603"},{"taxonomy":"product_tag","embeddable":true,"href":"https:\/\/gymfactory.eu\/fr\/wp-json\/wp\/v2\/product_tag?post=29603"}],"curies":[{"name":"wp","href":"https:\/\/api.w.org\/{rel}","templated":true}]}}