{"id":29598,"date":"2025-02-20T12:36:01","date_gmt":"2025-02-20T10:36:01","guid":{"rendered":"https:\/\/gymfactory.eu\/product\/barres-de-pompes-portables-z14m\/"},"modified":"2025-02-20T12:36:01","modified_gmt":"2025-02-20T10:36:01","slug":"barres-de-pompes-portables-z14m","status":"publish","type":"product","link":"https:\/\/gymfactory.eu\/fr\/produit\/barres-de-pompes-portables-z14m\/","title":{"rendered":"Barres de Pompes Portables Z14m"},"content":{"rendered":"<p>Les Barres de Pompes Portables Z14m sont des outils d\u2019entra\u00eenement en force compacts et durables, id\u00e9aux pour les environnements de home gym ou les salles de sport commerciales. Vendues par paire, ces barres sont con\u00e7ues pour sur\u00e9lever le placement des mains lors des pompes, r\u00e9duisant ainsi la tension sur les poignets et augmentant l\u2019amplitude de mouvement. <\/p>\n<p>Au-del\u00e0 des pompes standard, elles sont \u00e9galement excellentes pour les exercices de gymnastique et de contr\u00f4le corporel, y compris les L-sits (\u00e9querre), l\u2019entra\u00eenement \u00e0 l\u2019\u00e9quilibre sur les mains (handstand) et les progressions en planche. Leur conception portable permet aux utilisateurs d\u2019int\u00e9grer des exercices de stabilit\u00e9 de la sangle abdominale, des exercices d\u2019\u00e9quilibre et des maintiens statiques dans leurs entra\u00eenements quotidiens : que ce soit en int\u00e9rieur ou en ext\u00e9rieur.<\/p>\n\n    <div class=\"xs_social_share_widget xs_share_url after_content \t\tmain_content  wslu-style-1 wslu-share-box-shaped wslu-fill-colored wslu-none wslu-share-horizontal wslu-theme-font-no wslu-main_content\">\n\n\t\t\n        <ul>\n\t\t\t        <\/ul>\n    <\/div> \n","protected":false},"excerpt":{"rendered":"<p>Les Barres de Pompes Portables Z14m sont des outils d\u2019entra\u00eenement en force compacts et durables, id\u00e9aux pour les environnements de home gym ou les salles de sport commerciales. Vendues par paire, ces barres sont con\u00e7ues pour sur\u00e9lever le placement des mains lors des pompes, r\u00e9duisant ainsi la tension sur les poignets et augmentant l\u2019amplitude de [&hellip;]<\/p>\n","protected":false},"featured_media":29599,"template":"","meta":{"_acf_changed":false},"product_brand":[56],"product_cat":[826],"product_tag":[857],"class_list":{"0":"post-29598","1":"product","2":"type-product","3":"status-publish","4":"has-post-thumbnail","6":"product_brand-gym-factory","7":"product_cat-accessoires-de-musculation","8":"product_tag-couleur-metal-uniquement","10":"first","11":"onbackorder","12":"taxable","13":"shipping-taxable","14":"purchasable","15":"product-type-variable","16":"has-default-attributes"},"acf":[],"yoast_head":"<!-- This site is optimized with the Yoast SEO plugin v25.2 - https:\/\/yoast.com\/wordpress\/plugins\/seo\/ -->\n<title>Barres de Pompes Portables Z14m pour Exercices de Musculation<\/title>\n<meta name=\"description\" content=\"Ces barres de pompes portables prennent en charge divers exercices de musculation, ce qui en fait un bon \u00e9quipement de home gym pour cibler les pectoraux, les \u00e9paules et la sangle abdominale.\" \/>\n<meta name=\"robots\" content=\"index, follow, max-snippet:-1, max-image-preview:large, max-video-preview:-1\" \/>\n<link rel=\"canonical\" href=\"https:\/\/gymfactory.eu\/fr\/produit\/barres-de-pompes-portables-z14m\/\" \/>\n<meta property=\"og:locale\" content=\"fr_FR\" \/>\n<meta property=\"og:type\" content=\"article\" \/>\n<meta property=\"og:title\" content=\"Barres de Pompes Portables Z14m pour Exercices de Musculation\" \/>\n<meta property=\"og:description\" content=\"Ces barres de pompes portables prennent en charge divers exercices de musculation, ce qui en fait un bon \u00e9quipement de home gym pour cibler les pectoraux, les \u00e9paules et la sangle abdominale.\" \/>\n<meta property=\"og:url\" content=\"https:\/\/gymfactory.eu\/fr\/produit\/barres-de-pompes-portables-z14m\/\" \/>\n<meta property=\"og:site_name\" content=\"Gym Factory\" \/>\n<meta property=\"og:image\" content=\"https:\/\/gymfactory.eu\/wp-content\/uploads\/2025\/02\/strength-training-exercises-dip-bars.webp\" \/>\n\t<meta property=\"og:image:width\" content=\"600\" \/>\n\t<meta property=\"og:image:height\" content=\"600\" \/>\n\t<meta property=\"og:image:type\" content=\"image\/webp\" \/>\n<meta name=\"twitter:card\" content=\"summary_large_image\" \/>\n<meta name=\"twitter:label1\" content=\"Dur\u00e9e de lecture estim\u00e9e\" \/>\n\t<meta name=\"twitter:data1\" content=\"1 minute\" \/>\n<script type=\"application\/ld+json\" class=\"yoast-schema-graph\">{\"@context\":\"https:\/\/schema.org\",\"@graph\":[{\"@type\":\"WebPage\",\"@id\":\"https:\/\/gymfactory.eu\/fr\/produit\/barres-de-pompes-portables-z14m\/\",\"url\":\"https:\/\/gymfactory.eu\/fr\/produit\/barres-de-pompes-portables-z14m\/\",\"name\":\"Barres de Pompes Portables Z14m pour Exercices de Musculation\",\"isPartOf\":{\"@id\":\"https:\/\/gymfactory.eu\/fr\/#website\"},\"primaryImageOfPage\":{\"@id\":\"https:\/\/gymfactory.eu\/fr\/produit\/barres-de-pompes-portables-z14m\/#primaryimage\"},\"image\":{\"@id\":\"https:\/\/gymfactory.eu\/fr\/produit\/barres-de-pompes-portables-z14m\/#primaryimage\"},\"thumbnailUrl\":\"https:\/\/gymfactory.eu\/wp-content\/uploads\/2025\/02\/strength-training-exercises-dip-bars.webp\",\"datePublished\":\"2025-02-20T10:36:01+00:00\",\"description\":\"Ces barres de pompes portables prennent en charge divers exercices de musculation, ce qui en fait un bon \u00e9quipement de home gym pour cibler les pectoraux, les \u00e9paules et la sangle abdominale.\",\"breadcrumb\":{\"@id\":\"https:\/\/gymfactory.eu\/fr\/produit\/barres-de-pompes-portables-z14m\/#breadcrumb\"},\"inLanguage\":\"fr-FR\",\"potentialAction\":[{\"@type\":\"ReadAction\",\"target\":[\"https:\/\/gymfactory.eu\/fr\/produit\/barres-de-pompes-portables-z14m\/\"]}]},{\"@type\":\"ImageObject\",\"inLanguage\":\"fr-FR\",\"@id\":\"https:\/\/gymfactory.eu\/fr\/produit\/barres-de-pompes-portables-z14m\/#primaryimage\",\"url\":\"https:\/\/gymfactory.eu\/wp-content\/uploads\/2025\/02\/strength-training-exercises-dip-bars.webp\",\"contentUrl\":\"https:\/\/gymfactory.eu\/wp-content\/uploads\/2025\/02\/strength-training-exercises-dip-bars.webp\",\"width\":600,\"height\":600,\"caption\":\"A set of heavy-duty dip bars with an ergonomic design featuring a sturdy black metal frame for calisthenics and bodyweight strength training exercises. These bars are ideal for dips, push-ups, and other good home gym equipment setups.\"},{\"@type\":\"BreadcrumbList\",\"@id\":\"https:\/\/gymfactory.eu\/fr\/produit\/barres-de-pompes-portables-z14m\/#breadcrumb\",\"itemListElement\":[{\"@type\":\"ListItem\",\"position\":1,\"name\":\"Home\",\"item\":\"https:\/\/gymfactory.eu\/fr\/\"},{\"@type\":\"ListItem\",\"position\":2,\"name\":\"Catalogue\",\"item\":\"https:\/\/gymfactory.eu\/catalogue\/\"},{\"@type\":\"ListItem\",\"position\":3,\"name\":\"Barres de Pompes Portables Z14m\"}]},{\"@type\":\"WebSite\",\"@id\":\"https:\/\/gymfactory.eu\/fr\/#website\",\"url\":\"https:\/\/gymfactory.eu\/fr\/\",\"name\":\"Gym Factory\",\"description\":\"\",\"publisher\":{\"@id\":\"https:\/\/gymfactory.eu\/fr\/#organization\"},\"potentialAction\":[{\"@type\":\"SearchAction\",\"target\":{\"@type\":\"EntryPoint\",\"urlTemplate\":\"https:\/\/gymfactory.eu\/fr\/?s={search_term_string}\"},\"query-input\":{\"@type\":\"PropertyValueSpecification\",\"valueRequired\":true,\"valueName\":\"search_term_string\"}}],\"inLanguage\":\"fr-FR\"},{\"@type\":\"Organization\",\"@id\":\"https:\/\/gymfactory.eu\/fr\/#organization\",\"name\":\"Gym Factory\",\"url\":\"https:\/\/gymfactory.eu\/fr\/\",\"logo\":{\"@type\":\"ImageObject\",\"inLanguage\":\"fr-FR\",\"@id\":\"https:\/\/gymfactory.eu\/fr\/#\/schema\/logo\/image\/\",\"url\":\"https:\/\/gymfactory.eu\/wp-content\/uploads\/2024\/11\/Component-1.svg\",\"contentUrl\":\"https:\/\/gymfactory.eu\/wp-content\/uploads\/2024\/11\/Component-1.svg\",\"width\":54,\"height\":44,\"caption\":\"Gym Factory\"},\"image\":{\"@id\":\"https:\/\/gymfactory.eu\/fr\/#\/schema\/logo\/image\/\"}}]}<\/script>\n<!-- \/ Yoast SEO plugin. -->","yoast_head_json":{"title":"Barres de Pompes Portables Z14m pour Exercices de Musculation","description":"Ces barres de pompes portables prennent en charge divers exercices de musculation, ce qui en fait un bon \u00e9quipement de home gym pour cibler les pectoraux, les \u00e9paules et la sangle abdominale.","robots":{"index":"index","follow":"follow","max-snippet":"max-snippet:-1","max-image-preview":"max-image-preview:large","max-video-preview":"max-video-preview:-1"},"canonical":"https:\/\/gymfactory.eu\/fr\/produit\/barres-de-pompes-portables-z14m\/","og_locale":"fr_FR","og_type":"article","og_title":"Barres de Pompes Portables Z14m pour Exercices de Musculation","og_description":"Ces barres de pompes portables prennent en charge divers exercices de musculation, ce qui en fait un bon \u00e9quipement de home gym pour cibler les pectoraux, les \u00e9paules et la sangle abdominale.","og_url":"https:\/\/gymfactory.eu\/fr\/produit\/barres-de-pompes-portables-z14m\/","og_site_name":"Gym Factory","og_image":[{"width":600,"height":600,"url":"https:\/\/gymfactory.eu\/wp-content\/uploads\/2025\/02\/strength-training-exercises-dip-bars.webp","type":"image\/webp"}],"twitter_card":"summary_large_image","twitter_misc":{"Dur\u00e9e de lecture estim\u00e9e":"1 minute"},"schema":{"@context":"https:\/\/schema.org","@graph":[{"@type":"WebPage","@id":"https:\/\/gymfactory.eu\/fr\/produit\/barres-de-pompes-portables-z14m\/","url":"https:\/\/gymfactory.eu\/fr\/produit\/barres-de-pompes-portables-z14m\/","name":"Barres de Pompes Portables Z14m pour Exercices de Musculation","isPartOf":{"@id":"https:\/\/gymfactory.eu\/fr\/#website"},"primaryImageOfPage":{"@id":"https:\/\/gymfactory.eu\/fr\/produit\/barres-de-pompes-portables-z14m\/#primaryimage"},"image":{"@id":"https:\/\/gymfactory.eu\/fr\/produit\/barres-de-pompes-portables-z14m\/#primaryimage"},"thumbnailUrl":"https:\/\/gymfactory.eu\/wp-content\/uploads\/2025\/02\/strength-training-exercises-dip-bars.webp","datePublished":"2025-02-20T10:36:01+00:00","description":"Ces barres de pompes portables prennent en charge divers exercices de musculation, ce qui en fait un bon \u00e9quipement de home gym pour cibler les pectoraux, les \u00e9paules et la sangle abdominale.","breadcrumb":{"@id":"https:\/\/gymfactory.eu\/fr\/produit\/barres-de-pompes-portables-z14m\/#breadcrumb"},"inLanguage":"fr-FR","potentialAction":[{"@type":"ReadAction","target":["https:\/\/gymfactory.eu\/fr\/produit\/barres-de-pompes-portables-z14m\/"]}]},{"@type":"ImageObject","inLanguage":"fr-FR","@id":"https:\/\/gymfactory.eu\/fr\/produit\/barres-de-pompes-portables-z14m\/#primaryimage","url":"https:\/\/gymfactory.eu\/wp-content\/uploads\/2025\/02\/strength-training-exercises-dip-bars.webp","contentUrl":"https:\/\/gymfactory.eu\/wp-content\/uploads\/2025\/02\/strength-training-exercises-dip-bars.webp","width":600,"height":600,"caption":"A set of heavy-duty dip bars with an ergonomic design featuring a sturdy black metal frame for calisthenics and bodyweight strength training exercises. These bars are ideal for dips, push-ups, and other good home gym equipment setups."},{"@type":"BreadcrumbList","@id":"https:\/\/gymfactory.eu\/fr\/produit\/barres-de-pompes-portables-z14m\/#breadcrumb","itemListElement":[{"@type":"ListItem","position":1,"name":"Home","item":"https:\/\/gymfactory.eu\/fr\/"},{"@type":"ListItem","position":2,"name":"Catalogue","item":"https:\/\/gymfactory.eu\/catalogue\/"},{"@type":"ListItem","position":3,"name":"Barres de Pompes Portables Z14m"}]},{"@type":"WebSite","@id":"https:\/\/gymfactory.eu\/fr\/#website","url":"https:\/\/gymfactory.eu\/fr\/","name":"Gym Factory","description":"","publisher":{"@id":"https:\/\/gymfactory.eu\/fr\/#organization"},"potentialAction":[{"@type":"SearchAction","target":{"@type":"EntryPoint","urlTemplate":"https:\/\/gymfactory.eu\/fr\/?s={search_term_string}"},"query-input":{"@type":"PropertyValueSpecification","valueRequired":true,"valueName":"search_term_string"}}],"inLanguage":"fr-FR"},{"@type":"Organization","@id":"https:\/\/gymfactory.eu\/fr\/#organization","name":"Gym Factory","url":"https:\/\/gymfactory.eu\/fr\/","logo":{"@type":"ImageObject","inLanguage":"fr-FR","@id":"https:\/\/gymfactory.eu\/fr\/#\/schema\/logo\/image\/","url":"https:\/\/gymfactory.eu\/wp-content\/uploads\/2024\/11\/Component-1.svg","contentUrl":"https:\/\/gymfactory.eu\/wp-content\/uploads\/2024\/11\/Component-1.svg","width":54,"height":44,"caption":"Gym Factory"},"image":{"@id":"https:\/\/gymfactory.eu\/fr\/#\/schema\/logo\/image\/"}}]}},"_links":{"self":[{"href":"https:\/\/gymfactory.eu\/fr\/wp-json\/wp\/v2\/product\/29598","targetHints":{"allow":["GET"]}}],"collection":[{"href":"https:\/\/gymfactory.eu\/fr\/wp-json\/wp\/v2\/product"}],"about":[{"href":"https:\/\/gymfactory.eu\/fr\/wp-json\/wp\/v2\/types\/product"}],"wp:featuredmedia":[{"embeddable":true,"href":"https:\/\/gymfactory.eu\/fr\/wp-json\/wp\/v2\/media\/29599"}],"wp:attachment":[{"href":"https:\/\/gymfactory.eu\/fr\/wp-json\/wp\/v2\/media?parent=29598"}],"wp:term":[{"taxonomy":"product_brand","embeddable":true,"href":"https:\/\/gymfactory.eu\/fr\/wp-json\/wp\/v2\/product_brand?post=29598"},{"taxonomy":"product_cat","embeddable":true,"href":"https:\/\/gymfactory.eu\/fr\/wp-json\/wp\/v2\/product_cat?post=29598"},{"taxonomy":"product_tag","embeddable":true,"href":"https:\/\/gymfactory.eu\/fr\/wp-json\/wp\/v2\/product_tag?post=29598"}],"curies":[{"name":"wp","href":"https:\/\/api.w.org\/{rel}","templated":true}]}}