{"id":29592,"date":"2025-02-20T11:34:37","date_gmt":"2025-02-20T09:34:37","guid":{"rendered":"https:\/\/gymfactory.eu\/product\/dalles-en-caoutchouc-y3\/"},"modified":"2025-02-20T11:34:37","modified_gmt":"2025-02-20T09:34:37","slug":"dalles-en-caoutchouc-y3","status":"publish","type":"product","link":"https:\/\/gymfactory.eu\/fr\/produit\/dalles-en-caoutchouc-y3\/","title":{"rendered":"Dalles en Caoutchouc Y3"},"content":{"rendered":"<p>Les Dalles en Caoutchouc Y3 sont con\u00e7ues comme rev\u00eatement de sol pour les home gyms et les salles de sport commerciales. Ces dalles cr\u00e9ent une surface de gym stable et durable qui peut r\u00e9sister \u00e0 des \u00e9quipements lourds et \u00e0 des activit\u00e9s \u00e0 fort impact. Adapt\u00e9 comme rev\u00eatement de sol pour salle de sport commerciale, le mat\u00e9riau en caoutchouc absorbe les chocs, r\u00e9duit le bruit et am\u00e9liore la s\u00e9curit\u00e9 pendant l\u2019entra\u00eenement.  <\/p>\n<p>Disponibles en plusieurs options d\u2019\u00e9paisseur (de 20 mm \u00e0 80 mm), couleurs (noir, rouge, gris, vert) et dimensions (500\u00d7500 mm ou 1000\u00d71000 mm). Les dalles sont faciles \u00e0 installer et \u00e0 ajuster. Leur construction robuste prot\u00e8ge les sols et contribue \u00e0 maintenir une apparence propre et professionnelle dans tout environnement de salle de sport.<\/p>\n\n    <div class=\"xs_social_share_widget xs_share_url after_content \t\tmain_content  wslu-style-1 wslu-share-box-shaped wslu-fill-colored wslu-none wslu-share-horizontal wslu-theme-font-no wslu-main_content\">\n\n\t\t\n        <ul>\n\t\t\t        <\/ul>\n    <\/div> \n","protected":false},"excerpt":{"rendered":"<p>Les Dalles en Caoutchouc Y3 sont con\u00e7ues comme rev\u00eatement de sol pour les home gyms et les salles de sport commerciales. Ces dalles cr\u00e9ent une surface de gym stable et durable qui peut r\u00e9sister \u00e0 des \u00e9quipements lourds et \u00e0 des activit\u00e9s \u00e0 fort impact. Adapt\u00e9 comme rev\u00eatement de sol pour salle de sport commerciale, [&hellip;]<\/p>\n","protected":false},"featured_media":29593,"template":"","meta":{"_acf_changed":false},"product_brand":[56],"product_cat":[826],"product_tag":[1006],"class_list":{"0":"post-29592","1":"product","2":"type-product","3":"status-publish","4":"has-post-thumbnail","6":"product_brand-gym-factory","7":"product_cat-accessoires-de-musculation","8":"product_tag-couleur-y3","10":"first","11":"onbackorder","12":"taxable","13":"shipping-taxable","14":"purchasable","15":"product-type-simple"},"acf":[],"yoast_head":"<!-- This site is optimized with the Yoast SEO plugin v25.2 - https:\/\/yoast.com\/wordpress\/plugins\/seo\/ -->\n<title>Dalles en Caoutchouc Y3 : Sol de Salle de Sport pour Home Gyms &amp; Salles Commerciales<\/title>\n<meta name=\"description\" content=\"Ces dalles en caoutchouc cr\u00e9ent une surface de gym robuste, offrant durabilit\u00e9 et protection. Elles sont id\u00e9ales comme rev\u00eatement de sol pour les salles de sport commerciales.\" \/>\n<meta name=\"robots\" content=\"index, follow, max-snippet:-1, max-image-preview:large, max-video-preview:-1\" \/>\n<link rel=\"canonical\" href=\"https:\/\/gymfactory.eu\/fr\/produit\/dalles-en-caoutchouc-y3\/\" \/>\n<meta property=\"og:locale\" content=\"fr_FR\" \/>\n<meta property=\"og:type\" content=\"article\" \/>\n<meta property=\"og:title\" content=\"Dalles en Caoutchouc Y3 : Sol de Salle de Sport pour Home Gyms &amp; Salles Commerciales\" \/>\n<meta property=\"og:description\" content=\"Ces dalles en caoutchouc cr\u00e9ent une surface de gym robuste, offrant durabilit\u00e9 et protection. Elles sont id\u00e9ales comme rev\u00eatement de sol pour les salles de sport commerciales.\" \/>\n<meta property=\"og:url\" content=\"https:\/\/gymfactory.eu\/fr\/produit\/dalles-en-caoutchouc-y3\/\" \/>\n<meta property=\"og:site_name\" content=\"Gym Factory\" \/>\n<meta property=\"og:image\" content=\"https:\/\/gymfactory.eu\/wp-content\/uploads\/2025\/02\/gym-surface-rubber-tiles-comparison.webp\" \/>\n\t<meta property=\"og:image:width\" content=\"1000\" \/>\n\t<meta property=\"og:image:height\" content=\"1000\" \/>\n\t<meta property=\"og:image:type\" content=\"image\/webp\" \/>\n<meta name=\"twitter:card\" content=\"summary_large_image\" \/>\n<meta name=\"twitter:label1\" content=\"Dur\u00e9e de lecture estim\u00e9e\" \/>\n\t<meta name=\"twitter:data1\" content=\"1 minute\" \/>\n<script type=\"application\/ld+json\" class=\"yoast-schema-graph\">{\"@context\":\"https:\/\/schema.org\",\"@graph\":[{\"@type\":\"WebPage\",\"@id\":\"https:\/\/gymfactory.eu\/fr\/produit\/dalles-en-caoutchouc-y3\/\",\"url\":\"https:\/\/gymfactory.eu\/fr\/produit\/dalles-en-caoutchouc-y3\/\",\"name\":\"Dalles en Caoutchouc Y3 : Sol de Salle de Sport pour Home Gyms & Salles Commerciales\",\"isPartOf\":{\"@id\":\"https:\/\/gymfactory.eu\/fr\/#website\"},\"primaryImageOfPage\":{\"@id\":\"https:\/\/gymfactory.eu\/fr\/produit\/dalles-en-caoutchouc-y3\/#primaryimage\"},\"image\":{\"@id\":\"https:\/\/gymfactory.eu\/fr\/produit\/dalles-en-caoutchouc-y3\/#primaryimage\"},\"thumbnailUrl\":\"https:\/\/gymfactory.eu\/wp-content\/uploads\/2025\/02\/gym-surface-rubber-tiles-comparison.webp\",\"datePublished\":\"2025-02-20T09:34:37+00:00\",\"description\":\"Ces dalles en caoutchouc cr\u00e9ent une surface de gym robuste, offrant durabilit\u00e9 et protection. Elles sont id\u00e9ales comme rev\u00eatement de sol pour les salles de sport commerciales.\",\"breadcrumb\":{\"@id\":\"https:\/\/gymfactory.eu\/fr\/produit\/dalles-en-caoutchouc-y3\/#breadcrumb\"},\"inLanguage\":\"fr-FR\",\"potentialAction\":[{\"@type\":\"ReadAction\",\"target\":[\"https:\/\/gymfactory.eu\/fr\/produit\/dalles-en-caoutchouc-y3\/\"]}]},{\"@type\":\"ImageObject\",\"inLanguage\":\"fr-FR\",\"@id\":\"https:\/\/gymfactory.eu\/fr\/produit\/dalles-en-caoutchouc-y3\/#primaryimage\",\"url\":\"https:\/\/gymfactory.eu\/wp-content\/uploads\/2025\/02\/gym-surface-rubber-tiles-comparison.webp\",\"contentUrl\":\"https:\/\/gymfactory.eu\/wp-content\/uploads\/2025\/02\/gym-surface-rubber-tiles-comparison.webp\",\"width\":1000,\"height\":1000,\"caption\":\"A side-by-side comparison of different sizes of rubber gym flooring tiles. The image showcases 500x500 mm and 1000x1000 mm tile options, available in multiple colors, suitable for commercial gym environments.\"},{\"@type\":\"BreadcrumbList\",\"@id\":\"https:\/\/gymfactory.eu\/fr\/produit\/dalles-en-caoutchouc-y3\/#breadcrumb\",\"itemListElement\":[{\"@type\":\"ListItem\",\"position\":1,\"name\":\"Home\",\"item\":\"https:\/\/gymfactory.eu\/fr\/\"},{\"@type\":\"ListItem\",\"position\":2,\"name\":\"Catalogue\",\"item\":\"https:\/\/gymfactory.eu\/catalogue\/\"},{\"@type\":\"ListItem\",\"position\":3,\"name\":\"Dalles en Caoutchouc Y3\"}]},{\"@type\":\"WebSite\",\"@id\":\"https:\/\/gymfactory.eu\/fr\/#website\",\"url\":\"https:\/\/gymfactory.eu\/fr\/\",\"name\":\"Gym Factory\",\"description\":\"\",\"publisher\":{\"@id\":\"https:\/\/gymfactory.eu\/fr\/#organization\"},\"potentialAction\":[{\"@type\":\"SearchAction\",\"target\":{\"@type\":\"EntryPoint\",\"urlTemplate\":\"https:\/\/gymfactory.eu\/fr\/?s={search_term_string}\"},\"query-input\":{\"@type\":\"PropertyValueSpecification\",\"valueRequired\":true,\"valueName\":\"search_term_string\"}}],\"inLanguage\":\"fr-FR\"},{\"@type\":\"Organization\",\"@id\":\"https:\/\/gymfactory.eu\/fr\/#organization\",\"name\":\"Gym Factory\",\"url\":\"https:\/\/gymfactory.eu\/fr\/\",\"logo\":{\"@type\":\"ImageObject\",\"inLanguage\":\"fr-FR\",\"@id\":\"https:\/\/gymfactory.eu\/fr\/#\/schema\/logo\/image\/\",\"url\":\"https:\/\/gymfactory.eu\/wp-content\/uploads\/2024\/11\/Component-1.svg\",\"contentUrl\":\"https:\/\/gymfactory.eu\/wp-content\/uploads\/2024\/11\/Component-1.svg\",\"width\":54,\"height\":44,\"caption\":\"Gym Factory\"},\"image\":{\"@id\":\"https:\/\/gymfactory.eu\/fr\/#\/schema\/logo\/image\/\"}}]}<\/script>\n<!-- \/ Yoast SEO plugin. -->","yoast_head_json":{"title":"Dalles en Caoutchouc Y3 : Sol de Salle de Sport pour Home Gyms & Salles Commerciales","description":"Ces dalles en caoutchouc cr\u00e9ent une surface de gym robuste, offrant durabilit\u00e9 et protection. Elles sont id\u00e9ales comme rev\u00eatement de sol pour les salles de sport commerciales.","robots":{"index":"index","follow":"follow","max-snippet":"max-snippet:-1","max-image-preview":"max-image-preview:large","max-video-preview":"max-video-preview:-1"},"canonical":"https:\/\/gymfactory.eu\/fr\/produit\/dalles-en-caoutchouc-y3\/","og_locale":"fr_FR","og_type":"article","og_title":"Dalles en Caoutchouc Y3 : Sol de Salle de Sport pour Home Gyms & Salles Commerciales","og_description":"Ces dalles en caoutchouc cr\u00e9ent une surface de gym robuste, offrant durabilit\u00e9 et protection. Elles sont id\u00e9ales comme rev\u00eatement de sol pour les salles de sport commerciales.","og_url":"https:\/\/gymfactory.eu\/fr\/produit\/dalles-en-caoutchouc-y3\/","og_site_name":"Gym Factory","og_image":[{"width":1000,"height":1000,"url":"https:\/\/gymfactory.eu\/wp-content\/uploads\/2025\/02\/gym-surface-rubber-tiles-comparison.webp","type":"image\/webp"}],"twitter_card":"summary_large_image","twitter_misc":{"Dur\u00e9e de lecture estim\u00e9e":"1 minute"},"schema":{"@context":"https:\/\/schema.org","@graph":[{"@type":"WebPage","@id":"https:\/\/gymfactory.eu\/fr\/produit\/dalles-en-caoutchouc-y3\/","url":"https:\/\/gymfactory.eu\/fr\/produit\/dalles-en-caoutchouc-y3\/","name":"Dalles en Caoutchouc Y3 : Sol de Salle de Sport pour Home Gyms & Salles Commerciales","isPartOf":{"@id":"https:\/\/gymfactory.eu\/fr\/#website"},"primaryImageOfPage":{"@id":"https:\/\/gymfactory.eu\/fr\/produit\/dalles-en-caoutchouc-y3\/#primaryimage"},"image":{"@id":"https:\/\/gymfactory.eu\/fr\/produit\/dalles-en-caoutchouc-y3\/#primaryimage"},"thumbnailUrl":"https:\/\/gymfactory.eu\/wp-content\/uploads\/2025\/02\/gym-surface-rubber-tiles-comparison.webp","datePublished":"2025-02-20T09:34:37+00:00","description":"Ces dalles en caoutchouc cr\u00e9ent une surface de gym robuste, offrant durabilit\u00e9 et protection. Elles sont id\u00e9ales comme rev\u00eatement de sol pour les salles de sport commerciales.","breadcrumb":{"@id":"https:\/\/gymfactory.eu\/fr\/produit\/dalles-en-caoutchouc-y3\/#breadcrumb"},"inLanguage":"fr-FR","potentialAction":[{"@type":"ReadAction","target":["https:\/\/gymfactory.eu\/fr\/produit\/dalles-en-caoutchouc-y3\/"]}]},{"@type":"ImageObject","inLanguage":"fr-FR","@id":"https:\/\/gymfactory.eu\/fr\/produit\/dalles-en-caoutchouc-y3\/#primaryimage","url":"https:\/\/gymfactory.eu\/wp-content\/uploads\/2025\/02\/gym-surface-rubber-tiles-comparison.webp","contentUrl":"https:\/\/gymfactory.eu\/wp-content\/uploads\/2025\/02\/gym-surface-rubber-tiles-comparison.webp","width":1000,"height":1000,"caption":"A side-by-side comparison of different sizes of rubber gym flooring tiles. The image showcases 500x500 mm and 1000x1000 mm tile options, available in multiple colors, suitable for commercial gym environments."},{"@type":"BreadcrumbList","@id":"https:\/\/gymfactory.eu\/fr\/produit\/dalles-en-caoutchouc-y3\/#breadcrumb","itemListElement":[{"@type":"ListItem","position":1,"name":"Home","item":"https:\/\/gymfactory.eu\/fr\/"},{"@type":"ListItem","position":2,"name":"Catalogue","item":"https:\/\/gymfactory.eu\/catalogue\/"},{"@type":"ListItem","position":3,"name":"Dalles en Caoutchouc Y3"}]},{"@type":"WebSite","@id":"https:\/\/gymfactory.eu\/fr\/#website","url":"https:\/\/gymfactory.eu\/fr\/","name":"Gym Factory","description":"","publisher":{"@id":"https:\/\/gymfactory.eu\/fr\/#organization"},"potentialAction":[{"@type":"SearchAction","target":{"@type":"EntryPoint","urlTemplate":"https:\/\/gymfactory.eu\/fr\/?s={search_term_string}"},"query-input":{"@type":"PropertyValueSpecification","valueRequired":true,"valueName":"search_term_string"}}],"inLanguage":"fr-FR"},{"@type":"Organization","@id":"https:\/\/gymfactory.eu\/fr\/#organization","name":"Gym Factory","url":"https:\/\/gymfactory.eu\/fr\/","logo":{"@type":"ImageObject","inLanguage":"fr-FR","@id":"https:\/\/gymfactory.eu\/fr\/#\/schema\/logo\/image\/","url":"https:\/\/gymfactory.eu\/wp-content\/uploads\/2024\/11\/Component-1.svg","contentUrl":"https:\/\/gymfactory.eu\/wp-content\/uploads\/2024\/11\/Component-1.svg","width":54,"height":44,"caption":"Gym Factory"},"image":{"@id":"https:\/\/gymfactory.eu\/fr\/#\/schema\/logo\/image\/"}}]}},"_links":{"self":[{"href":"https:\/\/gymfactory.eu\/fr\/wp-json\/wp\/v2\/product\/29592","targetHints":{"allow":["GET"]}}],"collection":[{"href":"https:\/\/gymfactory.eu\/fr\/wp-json\/wp\/v2\/product"}],"about":[{"href":"https:\/\/gymfactory.eu\/fr\/wp-json\/wp\/v2\/types\/product"}],"wp:featuredmedia":[{"embeddable":true,"href":"https:\/\/gymfactory.eu\/fr\/wp-json\/wp\/v2\/media\/29593"}],"wp:attachment":[{"href":"https:\/\/gymfactory.eu\/fr\/wp-json\/wp\/v2\/media?parent=29592"}],"wp:term":[{"taxonomy":"product_brand","embeddable":true,"href":"https:\/\/gymfactory.eu\/fr\/wp-json\/wp\/v2\/product_brand?post=29592"},{"taxonomy":"product_cat","embeddable":true,"href":"https:\/\/gymfactory.eu\/fr\/wp-json\/wp\/v2\/product_cat?post=29592"},{"taxonomy":"product_tag","embeddable":true,"href":"https:\/\/gymfactory.eu\/fr\/wp-json\/wp\/v2\/product_tag?post=29592"}],"curies":[{"name":"wp","href":"https:\/\/api.w.org\/{rel}","templated":true}]}}