{"id":29587,"date":"2025-02-20T11:05:36","date_gmt":"2025-02-20T09:05:36","guid":{"rendered":"https:\/\/gymfactory.eu\/product\/dalle-caoutchouc-puzzle-y2\/"},"modified":"2025-02-20T11:05:36","modified_gmt":"2025-02-20T09:05:36","slug":"dalle-caoutchouc-puzzle-y2","status":"publish","type":"product","link":"https:\/\/gymfactory.eu\/fr\/produit\/dalle-caoutchouc-puzzle-y2\/","title":{"rendered":"Dalle Caoutchouc Puzzle Y2"},"content":{"rendered":"<p>La Dalle Caoutchouc Puzzle Y2 est un rev\u00eatement de sol de salle de sport modulable, destin\u00e9 aux home gyms et aux salles de sport commerciales. Sa conception embo\u00eetable garantit une surface de gym stable et s\u00e9curis\u00e9e qui absorbe les chocs et r\u00e9duit le bruit. <\/p>\n<p>Adapt\u00e9e comme rev\u00eatement de sol pour salle de sport commerciale, cette dalle est suffisamment durable pour supporter des \u00e9quipements lourds et une utilisation fr\u00e9quente. Le mat\u00e9riau en caoutchouc offre une adh\u00e9rence naturelle, aidant \u00e0 r\u00e9duire le risque de glissade pendant les entra\u00eenements. <\/p>\n<p>Id\u00e9ale pour un home gym ou des installations plus grandes. Elle prot\u00e8ge les sols sous-jacents et maintient une apparence propre et professionnelle.<\/p>\n\n    <div class=\"xs_social_share_widget xs_share_url after_content \t\tmain_content  wslu-style-1 wslu-share-box-shaped wslu-fill-colored wslu-none wslu-share-horizontal wslu-theme-font-no wslu-main_content\">\n\n\t\t\n        <ul>\n\t\t\t        <\/ul>\n    <\/div> \n","protected":false},"excerpt":{"rendered":"<p>La Dalle Caoutchouc Puzzle Y2 est un rev\u00eatement de sol de salle de sport modulable, destin\u00e9 aux home gyms et aux salles de sport commerciales. Sa conception embo\u00eetable garantit une surface de gym stable et s\u00e9curis\u00e9e qui absorbe les chocs et r\u00e9duit le bruit. Adapt\u00e9e comme rev\u00eatement de sol pour salle de sport commerciale, cette [&hellip;]<\/p>\n","protected":false},"featured_media":29591,"template":"","meta":{"_acf_changed":false},"product_brand":[56],"product_cat":[826],"product_tag":[977],"class_list":{"0":"post-29587","1":"product","2":"type-product","3":"status-publish","4":"has-post-thumbnail","6":"product_brand-gym-factory","7":"product_cat-accessoires-de-musculation","8":"product_tag-couleur-sans-couleurs","10":"first","11":"onbackorder","12":"taxable","13":"shipping-taxable","14":"purchasable","15":"product-type-simple"},"acf":[],"yoast_head":"<!-- This site is optimized with the Yoast SEO plugin v25.2 - https:\/\/yoast.com\/wordpress\/plugins\/seo\/ -->\n<title>Dalle Caoutchouc Y2 \u2013 Sol de Salle de Sport pour Home Gyms &amp; Salles Commerciales<\/title>\n<meta name=\"description\" content=\"Cette dalle en caoutchouc offre un sol de salle de sport durable pour un usage domestique et convient parfaitement aux salles de sport commerciales, en proposant une surface protectrice, stable et r\u00e9sistante aux chocs.\" \/>\n<meta name=\"robots\" content=\"index, follow, max-snippet:-1, max-image-preview:large, max-video-preview:-1\" \/>\n<link rel=\"canonical\" href=\"https:\/\/gymfactory.eu\/fr\/produit\/dalle-caoutchouc-puzzle-y2\/\" \/>\n<meta property=\"og:locale\" content=\"fr_FR\" \/>\n<meta property=\"og:type\" content=\"article\" \/>\n<meta property=\"og:title\" content=\"Dalle Caoutchouc Y2 \u2013 Sol de Salle de Sport pour Home Gyms &amp; Salles Commerciales\" \/>\n<meta property=\"og:description\" content=\"Cette dalle en caoutchouc offre un sol de salle de sport durable pour un usage domestique et convient parfaitement aux salles de sport commerciales, en proposant une surface protectrice, stable et r\u00e9sistante aux chocs.\" \/>\n<meta property=\"og:url\" content=\"https:\/\/gymfactory.eu\/fr\/produit\/dalle-caoutchouc-puzzle-y2\/\" \/>\n<meta property=\"og:site_name\" content=\"Gym Factory\" \/>\n<meta property=\"og:image\" content=\"https:\/\/gymfactory.eu\/wp-content\/uploads\/2025\/02\/gym-surface-black-speckled-mat-1-1.webp\" \/>\n\t<meta property=\"og:image:width\" content=\"1500\" \/>\n\t<meta property=\"og:image:height\" content=\"1500\" \/>\n\t<meta property=\"og:image:type\" content=\"image\/webp\" \/>\n<meta name=\"twitter:card\" content=\"summary_large_image\" \/>\n<meta name=\"twitter:label1\" content=\"Dur\u00e9e de lecture estim\u00e9e\" \/>\n\t<meta name=\"twitter:data1\" content=\"1 minute\" \/>\n<script type=\"application\/ld+json\" class=\"yoast-schema-graph\">{\"@context\":\"https:\/\/schema.org\",\"@graph\":[{\"@type\":\"WebPage\",\"@id\":\"https:\/\/gymfactory.eu\/fr\/produit\/dalle-caoutchouc-puzzle-y2\/\",\"url\":\"https:\/\/gymfactory.eu\/fr\/produit\/dalle-caoutchouc-puzzle-y2\/\",\"name\":\"Dalle Caoutchouc Y2 \u2013 Sol de Salle de Sport pour Home Gyms & Salles Commerciales\",\"isPartOf\":{\"@id\":\"https:\/\/gymfactory.eu\/fr\/#website\"},\"primaryImageOfPage\":{\"@id\":\"https:\/\/gymfactory.eu\/fr\/produit\/dalle-caoutchouc-puzzle-y2\/#primaryimage\"},\"image\":{\"@id\":\"https:\/\/gymfactory.eu\/fr\/produit\/dalle-caoutchouc-puzzle-y2\/#primaryimage\"},\"thumbnailUrl\":\"https:\/\/gymfactory.eu\/wp-content\/uploads\/2025\/02\/gym-surface-black-speckled-mat-1-1.webp\",\"datePublished\":\"2025-02-20T09:05:36+00:00\",\"description\":\"Cette dalle en caoutchouc offre un sol de salle de sport durable pour un usage domestique et convient parfaitement aux salles de sport commerciales, en proposant une surface protectrice, stable et r\u00e9sistante aux chocs.\",\"breadcrumb\":{\"@id\":\"https:\/\/gymfactory.eu\/fr\/produit\/dalle-caoutchouc-puzzle-y2\/#breadcrumb\"},\"inLanguage\":\"fr-FR\",\"potentialAction\":[{\"@type\":\"ReadAction\",\"target\":[\"https:\/\/gymfactory.eu\/fr\/produit\/dalle-caoutchouc-puzzle-y2\/\"]}]},{\"@type\":\"ImageObject\",\"inLanguage\":\"fr-FR\",\"@id\":\"https:\/\/gymfactory.eu\/fr\/produit\/dalle-caoutchouc-puzzle-y2\/#primaryimage\",\"url\":\"https:\/\/gymfactory.eu\/wp-content\/uploads\/2025\/02\/gym-surface-black-speckled-mat-1-1.webp\",\"contentUrl\":\"https:\/\/gymfactory.eu\/wp-content\/uploads\/2025\/02\/gym-surface-black-speckled-mat-1-1.webp\",\"width\":1500,\"height\":1500,\"caption\":\"A black interlocking rubber gym mat with white speckles designed for commercial gym flooring. The mat features puzzle-like edges for a secure connection, providing a cushioned and slip-resistant surface ideal for weight training and fitness spaces.\"},{\"@type\":\"BreadcrumbList\",\"@id\":\"https:\/\/gymfactory.eu\/fr\/produit\/dalle-caoutchouc-puzzle-y2\/#breadcrumb\",\"itemListElement\":[{\"@type\":\"ListItem\",\"position\":1,\"name\":\"Home\",\"item\":\"https:\/\/gymfactory.eu\/fr\/\"},{\"@type\":\"ListItem\",\"position\":2,\"name\":\"Catalogue\",\"item\":\"https:\/\/gymfactory.eu\/catalogue\/\"},{\"@type\":\"ListItem\",\"position\":3,\"name\":\"Dalle Caoutchouc Puzzle Y2\"}]},{\"@type\":\"WebSite\",\"@id\":\"https:\/\/gymfactory.eu\/fr\/#website\",\"url\":\"https:\/\/gymfactory.eu\/fr\/\",\"name\":\"Gym Factory\",\"description\":\"\",\"publisher\":{\"@id\":\"https:\/\/gymfactory.eu\/fr\/#organization\"},\"potentialAction\":[{\"@type\":\"SearchAction\",\"target\":{\"@type\":\"EntryPoint\",\"urlTemplate\":\"https:\/\/gymfactory.eu\/fr\/?s={search_term_string}\"},\"query-input\":{\"@type\":\"PropertyValueSpecification\",\"valueRequired\":true,\"valueName\":\"search_term_string\"}}],\"inLanguage\":\"fr-FR\"},{\"@type\":\"Organization\",\"@id\":\"https:\/\/gymfactory.eu\/fr\/#organization\",\"name\":\"Gym Factory\",\"url\":\"https:\/\/gymfactory.eu\/fr\/\",\"logo\":{\"@type\":\"ImageObject\",\"inLanguage\":\"fr-FR\",\"@id\":\"https:\/\/gymfactory.eu\/fr\/#\/schema\/logo\/image\/\",\"url\":\"https:\/\/gymfactory.eu\/wp-content\/uploads\/2024\/11\/Component-1.svg\",\"contentUrl\":\"https:\/\/gymfactory.eu\/wp-content\/uploads\/2024\/11\/Component-1.svg\",\"width\":54,\"height\":44,\"caption\":\"Gym Factory\"},\"image\":{\"@id\":\"https:\/\/gymfactory.eu\/fr\/#\/schema\/logo\/image\/\"}}]}<\/script>\n<!-- \/ Yoast SEO plugin. -->","yoast_head_json":{"title":"Dalle Caoutchouc Y2 \u2013 Sol de Salle de Sport pour Home Gyms & Salles Commerciales","description":"Cette dalle en caoutchouc offre un sol de salle de sport durable pour un usage domestique et convient parfaitement aux salles de sport commerciales, en proposant une surface protectrice, stable et r\u00e9sistante aux chocs.","robots":{"index":"index","follow":"follow","max-snippet":"max-snippet:-1","max-image-preview":"max-image-preview:large","max-video-preview":"max-video-preview:-1"},"canonical":"https:\/\/gymfactory.eu\/fr\/produit\/dalle-caoutchouc-puzzle-y2\/","og_locale":"fr_FR","og_type":"article","og_title":"Dalle Caoutchouc Y2 \u2013 Sol de Salle de Sport pour Home Gyms & Salles Commerciales","og_description":"Cette dalle en caoutchouc offre un sol de salle de sport durable pour un usage domestique et convient parfaitement aux salles de sport commerciales, en proposant une surface protectrice, stable et r\u00e9sistante aux chocs.","og_url":"https:\/\/gymfactory.eu\/fr\/produit\/dalle-caoutchouc-puzzle-y2\/","og_site_name":"Gym Factory","og_image":[{"width":1500,"height":1500,"url":"https:\/\/gymfactory.eu\/wp-content\/uploads\/2025\/02\/gym-surface-black-speckled-mat-1-1.webp","type":"image\/webp"}],"twitter_card":"summary_large_image","twitter_misc":{"Dur\u00e9e de lecture estim\u00e9e":"1 minute"},"schema":{"@context":"https:\/\/schema.org","@graph":[{"@type":"WebPage","@id":"https:\/\/gymfactory.eu\/fr\/produit\/dalle-caoutchouc-puzzle-y2\/","url":"https:\/\/gymfactory.eu\/fr\/produit\/dalle-caoutchouc-puzzle-y2\/","name":"Dalle Caoutchouc Y2 \u2013 Sol de Salle de Sport pour Home Gyms & Salles Commerciales","isPartOf":{"@id":"https:\/\/gymfactory.eu\/fr\/#website"},"primaryImageOfPage":{"@id":"https:\/\/gymfactory.eu\/fr\/produit\/dalle-caoutchouc-puzzle-y2\/#primaryimage"},"image":{"@id":"https:\/\/gymfactory.eu\/fr\/produit\/dalle-caoutchouc-puzzle-y2\/#primaryimage"},"thumbnailUrl":"https:\/\/gymfactory.eu\/wp-content\/uploads\/2025\/02\/gym-surface-black-speckled-mat-1-1.webp","datePublished":"2025-02-20T09:05:36+00:00","description":"Cette dalle en caoutchouc offre un sol de salle de sport durable pour un usage domestique et convient parfaitement aux salles de sport commerciales, en proposant une surface protectrice, stable et r\u00e9sistante aux chocs.","breadcrumb":{"@id":"https:\/\/gymfactory.eu\/fr\/produit\/dalle-caoutchouc-puzzle-y2\/#breadcrumb"},"inLanguage":"fr-FR","potentialAction":[{"@type":"ReadAction","target":["https:\/\/gymfactory.eu\/fr\/produit\/dalle-caoutchouc-puzzle-y2\/"]}]},{"@type":"ImageObject","inLanguage":"fr-FR","@id":"https:\/\/gymfactory.eu\/fr\/produit\/dalle-caoutchouc-puzzle-y2\/#primaryimage","url":"https:\/\/gymfactory.eu\/wp-content\/uploads\/2025\/02\/gym-surface-black-speckled-mat-1-1.webp","contentUrl":"https:\/\/gymfactory.eu\/wp-content\/uploads\/2025\/02\/gym-surface-black-speckled-mat-1-1.webp","width":1500,"height":1500,"caption":"A black interlocking rubber gym mat with white speckles designed for commercial gym flooring. The mat features puzzle-like edges for a secure connection, providing a cushioned and slip-resistant surface ideal for weight training and fitness spaces."},{"@type":"BreadcrumbList","@id":"https:\/\/gymfactory.eu\/fr\/produit\/dalle-caoutchouc-puzzle-y2\/#breadcrumb","itemListElement":[{"@type":"ListItem","position":1,"name":"Home","item":"https:\/\/gymfactory.eu\/fr\/"},{"@type":"ListItem","position":2,"name":"Catalogue","item":"https:\/\/gymfactory.eu\/catalogue\/"},{"@type":"ListItem","position":3,"name":"Dalle Caoutchouc Puzzle Y2"}]},{"@type":"WebSite","@id":"https:\/\/gymfactory.eu\/fr\/#website","url":"https:\/\/gymfactory.eu\/fr\/","name":"Gym Factory","description":"","publisher":{"@id":"https:\/\/gymfactory.eu\/fr\/#organization"},"potentialAction":[{"@type":"SearchAction","target":{"@type":"EntryPoint","urlTemplate":"https:\/\/gymfactory.eu\/fr\/?s={search_term_string}"},"query-input":{"@type":"PropertyValueSpecification","valueRequired":true,"valueName":"search_term_string"}}],"inLanguage":"fr-FR"},{"@type":"Organization","@id":"https:\/\/gymfactory.eu\/fr\/#organization","name":"Gym Factory","url":"https:\/\/gymfactory.eu\/fr\/","logo":{"@type":"ImageObject","inLanguage":"fr-FR","@id":"https:\/\/gymfactory.eu\/fr\/#\/schema\/logo\/image\/","url":"https:\/\/gymfactory.eu\/wp-content\/uploads\/2024\/11\/Component-1.svg","contentUrl":"https:\/\/gymfactory.eu\/wp-content\/uploads\/2024\/11\/Component-1.svg","width":54,"height":44,"caption":"Gym Factory"},"image":{"@id":"https:\/\/gymfactory.eu\/fr\/#\/schema\/logo\/image\/"}}]}},"_links":{"self":[{"href":"https:\/\/gymfactory.eu\/fr\/wp-json\/wp\/v2\/product\/29587","targetHints":{"allow":["GET"]}}],"collection":[{"href":"https:\/\/gymfactory.eu\/fr\/wp-json\/wp\/v2\/product"}],"about":[{"href":"https:\/\/gymfactory.eu\/fr\/wp-json\/wp\/v2\/types\/product"}],"wp:featuredmedia":[{"embeddable":true,"href":"https:\/\/gymfactory.eu\/fr\/wp-json\/wp\/v2\/media\/29591"}],"wp:attachment":[{"href":"https:\/\/gymfactory.eu\/fr\/wp-json\/wp\/v2\/media?parent=29587"}],"wp:term":[{"taxonomy":"product_brand","embeddable":true,"href":"https:\/\/gymfactory.eu\/fr\/wp-json\/wp\/v2\/product_brand?post=29587"},{"taxonomy":"product_cat","embeddable":true,"href":"https:\/\/gymfactory.eu\/fr\/wp-json\/wp\/v2\/product_cat?post=29587"},{"taxonomy":"product_tag","embeddable":true,"href":"https:\/\/gymfactory.eu\/fr\/wp-json\/wp\/v2\/product_tag?post=29587"}],"curies":[{"name":"wp","href":"https:\/\/api.w.org\/{rel}","templated":true}]}}