{"id":29586,"date":"2025-02-20T10:52:05","date_gmt":"2025-02-20T08:52:05","guid":{"rendered":"https:\/\/gymfactory.eu\/product\/poignee-de-tirage-w10-5\/"},"modified":"2025-02-20T10:52:05","modified_gmt":"2025-02-20T08:52:05","slug":"poignee-de-tirage-w10-5","status":"publish","type":"product","link":"https:\/\/gymfactory.eu\/fr\/produit\/poignee-de-tirage-w10-5\/","title":{"rendered":"Poign\u00e9e de Tirage W10-5"},"content":{"rendered":"<p>La Poign\u00e9e de Tirage W10-5 est un \u00e9quipement de musculation haute performance, con\u00e7u pour les exercices de tirage \u00e0 prise large qui d\u00e9veloppent la force du haut du corps. En tant que poign\u00e9e la plus large de l\u2019ensemble W10, elle est id\u00e9ale pour des mouvements tels que les tirages verticaux tr\u00e8s larges (extra wide lat pulldowns) ou les tirages horizontaux larges \u00e0 la poulie. <\/p>\n<p>Sa largeur \u00e9tendue favorise un plus grand engagement du dos et convient aussi bien aux installations de home gym qu\u2019aux salles de sport commerciales recherchant une polyvalence cibl\u00e9e sur machine \u00e0 poulie.<\/p>\n\n    <div class=\"xs_social_share_widget xs_share_url after_content \t\tmain_content  wslu-style-1 wslu-share-box-shaped wslu-fill-colored wslu-none wslu-share-horizontal wslu-theme-font-no wslu-main_content\">\n\n\t\t\n        <ul>\n\t\t\t        <\/ul>\n    <\/div> \n","protected":false},"excerpt":{"rendered":"<p>La Poign\u00e9e de Tirage W10-5 est un \u00e9quipement de musculation haute performance, con\u00e7u pour les exercices de tirage \u00e0 prise large qui d\u00e9veloppent la force du haut du corps. En tant que poign\u00e9e la plus large de l\u2019ensemble W10, elle est id\u00e9ale pour des mouvements tels que les tirages verticaux tr\u00e8s larges (extra wide lat [&hellip;]<\/p>\n","protected":false},"featured_media":23327,"template":"","meta":{"_acf_changed":false},"product_brand":[56],"product_cat":[826],"product_tag":[977],"class_list":{"0":"post-29586","1":"product","2":"type-product","3":"status-publish","4":"has-post-thumbnail","6":"product_brand-gym-factory","7":"product_cat-accessoires-de-musculation","8":"product_tag-couleur-sans-couleurs","10":"first","11":"onbackorder","12":"taxable","13":"shipping-taxable","14":"purchasable","15":"product-type-simple"},"acf":[],"yoast_head":"<!-- This site is optimized with the Yoast SEO plugin v25.2 - https:\/\/yoast.com\/wordpress\/plugins\/seo\/ -->\n<title>Poign\u00e9e de Tirage W10-5 \u2013 \u00c9quipement de Musculation<\/title>\n<meta name=\"description\" content=\"Option polyvalente et durable, cette poign\u00e9e est un bon \u00e9quipement de home gym, vous aidant \u00e0 r\u00e9aliser divers exercices pour renforcer les muscles cl\u00e9s du haut du corps.\" \/>\n<meta name=\"robots\" content=\"index, follow, max-snippet:-1, max-image-preview:large, max-video-preview:-1\" \/>\n<link rel=\"canonical\" href=\"https:\/\/gymfactory.eu\/fr\/produit\/poignee-de-tirage-w10-5\/\" \/>\n<meta property=\"og:locale\" content=\"fr_FR\" \/>\n<meta property=\"og:type\" content=\"article\" \/>\n<meta property=\"og:title\" content=\"Poign\u00e9e de Tirage W10-5 \u2013 \u00c9quipement de Musculation\" \/>\n<meta property=\"og:description\" content=\"Option polyvalente et durable, cette poign\u00e9e est un bon \u00e9quipement de home gym, vous aidant \u00e0 r\u00e9aliser divers exercices pour renforcer les muscles cl\u00e9s du haut du corps.\" \/>\n<meta property=\"og:url\" content=\"https:\/\/gymfactory.eu\/fr\/produit\/poignee-de-tirage-w10-5\/\" \/>\n<meta property=\"og:site_name\" content=\"Gym Factory\" \/>\n<meta property=\"og:image\" content=\"https:\/\/gymfactory.eu\/wp-content\/uploads\/2025\/02\/high-quality-steel-structure-arched-lat-pulldown-bar-1-1.webp\" \/>\n\t<meta property=\"og:image:width\" content=\"1500\" \/>\n\t<meta property=\"og:image:height\" content=\"1500\" \/>\n\t<meta property=\"og:image:type\" content=\"image\/webp\" \/>\n<meta name=\"twitter:card\" content=\"summary_large_image\" \/>\n<meta name=\"twitter:label1\" content=\"Dur\u00e9e de lecture estim\u00e9e\" \/>\n\t<meta name=\"twitter:data1\" content=\"1 minute\" \/>\n<script type=\"application\/ld+json\" class=\"yoast-schema-graph\">{\"@context\":\"https:\/\/schema.org\",\"@graph\":[{\"@type\":\"WebPage\",\"@id\":\"https:\/\/gymfactory.eu\/fr\/produit\/poignee-de-tirage-w10-5\/\",\"url\":\"https:\/\/gymfactory.eu\/fr\/produit\/poignee-de-tirage-w10-5\/\",\"name\":\"Poign\u00e9e de Tirage W10-5 \u2013 \u00c9quipement de Musculation\",\"isPartOf\":{\"@id\":\"https:\/\/gymfactory.eu\/fr\/#website\"},\"primaryImageOfPage\":{\"@id\":\"https:\/\/gymfactory.eu\/fr\/produit\/poignee-de-tirage-w10-5\/#primaryimage\"},\"image\":{\"@id\":\"https:\/\/gymfactory.eu\/fr\/produit\/poignee-de-tirage-w10-5\/#primaryimage\"},\"thumbnailUrl\":\"https:\/\/gymfactory.eu\/wp-content\/uploads\/2025\/02\/high-quality-steel-structure-arched-lat-pulldown-bar-1-1.webp\",\"datePublished\":\"2025-02-20T08:52:05+00:00\",\"description\":\"Option polyvalente et durable, cette poign\u00e9e est un bon \u00e9quipement de home gym, vous aidant \u00e0 r\u00e9aliser divers exercices pour renforcer les muscles cl\u00e9s du haut du corps.\",\"breadcrumb\":{\"@id\":\"https:\/\/gymfactory.eu\/fr\/produit\/poignee-de-tirage-w10-5\/#breadcrumb\"},\"inLanguage\":\"fr-FR\",\"potentialAction\":[{\"@type\":\"ReadAction\",\"target\":[\"https:\/\/gymfactory.eu\/fr\/produit\/poignee-de-tirage-w10-5\/\"]}]},{\"@type\":\"ImageObject\",\"inLanguage\":\"fr-FR\",\"@id\":\"https:\/\/gymfactory.eu\/fr\/produit\/poignee-de-tirage-w10-5\/#primaryimage\",\"url\":\"https:\/\/gymfactory.eu\/wp-content\/uploads\/2025\/02\/high-quality-steel-structure-arched-lat-pulldown-bar-1-1.webp\",\"contentUrl\":\"https:\/\/gymfactory.eu\/wp-content\/uploads\/2025\/02\/high-quality-steel-structure-arched-lat-pulldown-bar-1-1.webp\",\"width\":1500,\"height\":1500,\"caption\":\"Une barre de tirage (lat pulldown bar) arqu\u00e9e noire pour \u00e9quipement de musculation, avec une courbe ergonomique lisse et des poign\u00e9es \u00e0 prise large. Cette fixation en acier durable est con\u00e7ue pour les machines \u00e0 poulie, offrant un maintien confortable et s\u00fbr pour les tirages poitrine (lat pulldowns) et am\u00e9liorant la force du dos et des \u00e9paules gr\u00e2ce \u00e0 des mouvements contr\u00f4l\u00e9s.\"},{\"@type\":\"BreadcrumbList\",\"@id\":\"https:\/\/gymfactory.eu\/fr\/produit\/poignee-de-tirage-w10-5\/#breadcrumb\",\"itemListElement\":[{\"@type\":\"ListItem\",\"position\":1,\"name\":\"Home\",\"item\":\"https:\/\/gymfactory.eu\/fr\/\"},{\"@type\":\"ListItem\",\"position\":2,\"name\":\"Catalogue\",\"item\":\"https:\/\/gymfactory.eu\/catalogue\/\"},{\"@type\":\"ListItem\",\"position\":3,\"name\":\"Poign\u00e9e de Tirage W10-5\"}]},{\"@type\":\"WebSite\",\"@id\":\"https:\/\/gymfactory.eu\/fr\/#website\",\"url\":\"https:\/\/gymfactory.eu\/fr\/\",\"name\":\"Gym Factory\",\"description\":\"\",\"publisher\":{\"@id\":\"https:\/\/gymfactory.eu\/fr\/#organization\"},\"potentialAction\":[{\"@type\":\"SearchAction\",\"target\":{\"@type\":\"EntryPoint\",\"urlTemplate\":\"https:\/\/gymfactory.eu\/fr\/?s={search_term_string}\"},\"query-input\":{\"@type\":\"PropertyValueSpecification\",\"valueRequired\":true,\"valueName\":\"search_term_string\"}}],\"inLanguage\":\"fr-FR\"},{\"@type\":\"Organization\",\"@id\":\"https:\/\/gymfactory.eu\/fr\/#organization\",\"name\":\"Gym Factory\",\"url\":\"https:\/\/gymfactory.eu\/fr\/\",\"logo\":{\"@type\":\"ImageObject\",\"inLanguage\":\"fr-FR\",\"@id\":\"https:\/\/gymfactory.eu\/fr\/#\/schema\/logo\/image\/\",\"url\":\"https:\/\/gymfactory.eu\/wp-content\/uploads\/2024\/11\/Component-1.svg\",\"contentUrl\":\"https:\/\/gymfactory.eu\/wp-content\/uploads\/2024\/11\/Component-1.svg\",\"width\":54,\"height\":44,\"caption\":\"Gym Factory\"},\"image\":{\"@id\":\"https:\/\/gymfactory.eu\/fr\/#\/schema\/logo\/image\/\"}}]}<\/script>\n<!-- \/ Yoast SEO plugin. -->","yoast_head_json":{"title":"Poign\u00e9e de Tirage W10-5 \u2013 \u00c9quipement de Musculation","description":"Option polyvalente et durable, cette poign\u00e9e est un bon \u00e9quipement de home gym, vous aidant \u00e0 r\u00e9aliser divers exercices pour renforcer les muscles cl\u00e9s du haut du corps.","robots":{"index":"index","follow":"follow","max-snippet":"max-snippet:-1","max-image-preview":"max-image-preview:large","max-video-preview":"max-video-preview:-1"},"canonical":"https:\/\/gymfactory.eu\/fr\/produit\/poignee-de-tirage-w10-5\/","og_locale":"fr_FR","og_type":"article","og_title":"Poign\u00e9e de Tirage W10-5 \u2013 \u00c9quipement de Musculation","og_description":"Option polyvalente et durable, cette poign\u00e9e est un bon \u00e9quipement de home gym, vous aidant \u00e0 r\u00e9aliser divers exercices pour renforcer les muscles cl\u00e9s du haut du corps.","og_url":"https:\/\/gymfactory.eu\/fr\/produit\/poignee-de-tirage-w10-5\/","og_site_name":"Gym Factory","og_image":[{"width":1500,"height":1500,"url":"https:\/\/gymfactory.eu\/wp-content\/uploads\/2025\/02\/high-quality-steel-structure-arched-lat-pulldown-bar-1-1.webp","type":"image\/webp"}],"twitter_card":"summary_large_image","twitter_misc":{"Dur\u00e9e de lecture estim\u00e9e":"1 minute"},"schema":{"@context":"https:\/\/schema.org","@graph":[{"@type":"WebPage","@id":"https:\/\/gymfactory.eu\/fr\/produit\/poignee-de-tirage-w10-5\/","url":"https:\/\/gymfactory.eu\/fr\/produit\/poignee-de-tirage-w10-5\/","name":"Poign\u00e9e de Tirage W10-5 \u2013 \u00c9quipement de Musculation","isPartOf":{"@id":"https:\/\/gymfactory.eu\/fr\/#website"},"primaryImageOfPage":{"@id":"https:\/\/gymfactory.eu\/fr\/produit\/poignee-de-tirage-w10-5\/#primaryimage"},"image":{"@id":"https:\/\/gymfactory.eu\/fr\/produit\/poignee-de-tirage-w10-5\/#primaryimage"},"thumbnailUrl":"https:\/\/gymfactory.eu\/wp-content\/uploads\/2025\/02\/high-quality-steel-structure-arched-lat-pulldown-bar-1-1.webp","datePublished":"2025-02-20T08:52:05+00:00","description":"Option polyvalente et durable, cette poign\u00e9e est un bon \u00e9quipement de home gym, vous aidant \u00e0 r\u00e9aliser divers exercices pour renforcer les muscles cl\u00e9s du haut du corps.","breadcrumb":{"@id":"https:\/\/gymfactory.eu\/fr\/produit\/poignee-de-tirage-w10-5\/#breadcrumb"},"inLanguage":"fr-FR","potentialAction":[{"@type":"ReadAction","target":["https:\/\/gymfactory.eu\/fr\/produit\/poignee-de-tirage-w10-5\/"]}]},{"@type":"ImageObject","inLanguage":"fr-FR","@id":"https:\/\/gymfactory.eu\/fr\/produit\/poignee-de-tirage-w10-5\/#primaryimage","url":"https:\/\/gymfactory.eu\/wp-content\/uploads\/2025\/02\/high-quality-steel-structure-arched-lat-pulldown-bar-1-1.webp","contentUrl":"https:\/\/gymfactory.eu\/wp-content\/uploads\/2025\/02\/high-quality-steel-structure-arched-lat-pulldown-bar-1-1.webp","width":1500,"height":1500,"caption":"Une barre de tirage (lat pulldown bar) arqu\u00e9e noire pour \u00e9quipement de musculation, avec une courbe ergonomique lisse et des poign\u00e9es \u00e0 prise large. Cette fixation en acier durable est con\u00e7ue pour les machines \u00e0 poulie, offrant un maintien confortable et s\u00fbr pour les tirages poitrine (lat pulldowns) et am\u00e9liorant la force du dos et des \u00e9paules gr\u00e2ce \u00e0 des mouvements contr\u00f4l\u00e9s."},{"@type":"BreadcrumbList","@id":"https:\/\/gymfactory.eu\/fr\/produit\/poignee-de-tirage-w10-5\/#breadcrumb","itemListElement":[{"@type":"ListItem","position":1,"name":"Home","item":"https:\/\/gymfactory.eu\/fr\/"},{"@type":"ListItem","position":2,"name":"Catalogue","item":"https:\/\/gymfactory.eu\/catalogue\/"},{"@type":"ListItem","position":3,"name":"Poign\u00e9e de Tirage W10-5"}]},{"@type":"WebSite","@id":"https:\/\/gymfactory.eu\/fr\/#website","url":"https:\/\/gymfactory.eu\/fr\/","name":"Gym Factory","description":"","publisher":{"@id":"https:\/\/gymfactory.eu\/fr\/#organization"},"potentialAction":[{"@type":"SearchAction","target":{"@type":"EntryPoint","urlTemplate":"https:\/\/gymfactory.eu\/fr\/?s={search_term_string}"},"query-input":{"@type":"PropertyValueSpecification","valueRequired":true,"valueName":"search_term_string"}}],"inLanguage":"fr-FR"},{"@type":"Organization","@id":"https:\/\/gymfactory.eu\/fr\/#organization","name":"Gym Factory","url":"https:\/\/gymfactory.eu\/fr\/","logo":{"@type":"ImageObject","inLanguage":"fr-FR","@id":"https:\/\/gymfactory.eu\/fr\/#\/schema\/logo\/image\/","url":"https:\/\/gymfactory.eu\/wp-content\/uploads\/2024\/11\/Component-1.svg","contentUrl":"https:\/\/gymfactory.eu\/wp-content\/uploads\/2024\/11\/Component-1.svg","width":54,"height":44,"caption":"Gym Factory"},"image":{"@id":"https:\/\/gymfactory.eu\/fr\/#\/schema\/logo\/image\/"}}]}},"_links":{"self":[{"href":"https:\/\/gymfactory.eu\/fr\/wp-json\/wp\/v2\/product\/29586","targetHints":{"allow":["GET"]}}],"collection":[{"href":"https:\/\/gymfactory.eu\/fr\/wp-json\/wp\/v2\/product"}],"about":[{"href":"https:\/\/gymfactory.eu\/fr\/wp-json\/wp\/v2\/types\/product"}],"wp:featuredmedia":[{"embeddable":true,"href":"https:\/\/gymfactory.eu\/fr\/wp-json\/wp\/v2\/media\/23327"}],"wp:attachment":[{"href":"https:\/\/gymfactory.eu\/fr\/wp-json\/wp\/v2\/media?parent=29586"}],"wp:term":[{"taxonomy":"product_brand","embeddable":true,"href":"https:\/\/gymfactory.eu\/fr\/wp-json\/wp\/v2\/product_brand?post=29586"},{"taxonomy":"product_cat","embeddable":true,"href":"https:\/\/gymfactory.eu\/fr\/wp-json\/wp\/v2\/product_cat?post=29586"},{"taxonomy":"product_tag","embeddable":true,"href":"https:\/\/gymfactory.eu\/fr\/wp-json\/wp\/v2\/product_tag?post=29586"}],"curies":[{"name":"wp","href":"https:\/\/api.w.org\/{rel}","templated":true}]}}