{"id":29578,"date":"2025-02-20T10:06:28","date_gmt":"2025-02-20T08:06:28","guid":{"rendered":"https:\/\/gymfactory.eu\/product\/poignee-de-tirage-w10-1\/"},"modified":"2026-04-01T00:02:22","modified_gmt":"2026-03-31T21:02:22","slug":"poignee-de-tirage-w10-1","status":"publish","type":"product","link":"https:\/\/gymfactory.eu\/fr\/produit\/poignee-de-tirage-w10-1\/","title":{"rendered":"Poign\u00e9e de Tirage W10-1"},"content":{"rendered":"<p>La Poign\u00e9e de Tirage W10-1 est un \u00e9quipement de musculation haute performance con\u00e7u pour les exercices de tirage \u00e0 prise serr\u00e9e sur machines \u00e0 poulie. En tant que composant individuel de l\u2019ensemble W10, cette poign\u00e9e est id\u00e9ale pour les tirages horizontaux \u00e0 prise serr\u00e9e (close-grip rows), les tirages verticaux cibl\u00e9s (lat pull-ins) et autres mouvements n\u00e9cessitant une position de prise compacte. <\/p>\n<p>Sa forme ergonomique et sa construction solide garantissent contr\u00f4le et confort lors d\u2019un entra\u00eenement cibl\u00e9 du haut du corps.<\/p>\n\n    <div class=\"xs_social_share_widget xs_share_url after_content \t\tmain_content  wslu-style-1 wslu-share-box-shaped wslu-fill-colored wslu-none wslu-share-horizontal wslu-theme-font-no wslu-main_content\">\n\n\t\t\n        <ul>\n\t\t\t        <\/ul>\n    <\/div> \n","protected":false},"excerpt":{"rendered":"<p>La Poign\u00e9e de Tirage W10-1 est un \u00e9quipement de musculation haute performance con\u00e7u pour les exercices de tirage \u00e0 prise serr\u00e9e sur machines \u00e0 poulie. En tant que composant individuel de l\u2019ensemble W10, cette poign\u00e9e est id\u00e9ale pour les tirages horizontaux \u00e0 prise serr\u00e9e (close-grip rows), les tirages verticaux cibl\u00e9s (lat pull-ins) et autres mouvements [&hellip;]<\/p>\n","protected":false},"featured_media":29579,"template":"","meta":{"_acf_changed":false},"product_brand":[56],"product_cat":[826],"product_tag":[977],"class_list":{"0":"post-29578","1":"product","2":"type-product","3":"status-publish","4":"has-post-thumbnail","6":"product_brand-gym-factory","7":"product_cat-accessoires-de-musculation","8":"product_tag-couleur-sans-couleurs","10":"first","11":"onbackorder","12":"taxable","13":"shipping-taxable","14":"purchasable","15":"product-type-simple"},"acf":[],"yoast_head":"<!-- This site is optimized with the Yoast SEO plugin v25.2 - https:\/\/yoast.com\/wordpress\/plugins\/seo\/ -->\n<title>Poign\u00e9e de Tirage W10-1 \u2013 \u00c9quipement de Musculation<\/title>\n<meta name=\"description\" content=\"Cette poign\u00e9e haute performance am\u00e9liore votre \u00e9quipement de musculation, en offrant une prise ferme et un soutien pour les entra\u00eenements du haut du corps.\" \/>\n<meta name=\"robots\" content=\"index, follow, max-snippet:-1, max-image-preview:large, max-video-preview:-1\" \/>\n<link rel=\"canonical\" href=\"https:\/\/gymfactory.eu\/fr\/produit\/poignee-de-tirage-w10-1\/\" \/>\n<meta property=\"og:locale\" content=\"fr_FR\" \/>\n<meta property=\"og:type\" content=\"article\" \/>\n<meta property=\"og:title\" content=\"Poign\u00e9e de Tirage W10-1 \u2013 \u00c9quipement de Musculation\" \/>\n<meta property=\"og:description\" content=\"Cette poign\u00e9e haute performance am\u00e9liore votre \u00e9quipement de musculation, en offrant une prise ferme et un soutien pour les entra\u00eenements du haut du corps.\" \/>\n<meta property=\"og:url\" content=\"https:\/\/gymfactory.eu\/fr\/produit\/poignee-de-tirage-w10-1\/\" \/>\n<meta property=\"og:site_name\" content=\"Gym Factory\" \/>\n<meta property=\"article:modified_time\" content=\"2026-03-31T21:02:22+00:00\" \/>\n<meta property=\"og:image\" content=\"https:\/\/gymfactory.eu\/wp-content\/uploads\/2025\/02\/high-quality-steel-structure-multi-grip-handle-1.webp\" \/>\n\t<meta property=\"og:image:width\" content=\"1181\" \/>\n\t<meta property=\"og:image:height\" content=\"1181\" \/>\n\t<meta property=\"og:image:type\" content=\"image\/webp\" \/>\n<meta name=\"twitter:card\" content=\"summary_large_image\" \/>\n<script type=\"application\/ld+json\" class=\"yoast-schema-graph\">{\"@context\":\"https:\/\/schema.org\",\"@graph\":[{\"@type\":\"WebPage\",\"@id\":\"https:\/\/gymfactory.eu\/fr\/produit\/poignee-de-tirage-w10-1\/\",\"url\":\"https:\/\/gymfactory.eu\/fr\/produit\/poignee-de-tirage-w10-1\/\",\"name\":\"Poign\u00e9e de Tirage W10-1 \u2013 \u00c9quipement de Musculation\",\"isPartOf\":{\"@id\":\"https:\/\/gymfactory.eu\/fr\/#website\"},\"primaryImageOfPage\":{\"@id\":\"https:\/\/gymfactory.eu\/fr\/produit\/poignee-de-tirage-w10-1\/#primaryimage\"},\"image\":{\"@id\":\"https:\/\/gymfactory.eu\/fr\/produit\/poignee-de-tirage-w10-1\/#primaryimage\"},\"thumbnailUrl\":\"https:\/\/gymfactory.eu\/wp-content\/uploads\/2025\/02\/high-quality-steel-structure-multi-grip-handle-1.webp\",\"datePublished\":\"2025-02-20T08:06:28+00:00\",\"dateModified\":\"2026-03-31T21:02:22+00:00\",\"description\":\"Cette poign\u00e9e haute performance am\u00e9liore votre \u00e9quipement de musculation, en offrant une prise ferme et un soutien pour les entra\u00eenements du haut du corps.\",\"breadcrumb\":{\"@id\":\"https:\/\/gymfactory.eu\/fr\/produit\/poignee-de-tirage-w10-1\/#breadcrumb\"},\"inLanguage\":\"fr-FR\",\"potentialAction\":[{\"@type\":\"ReadAction\",\"target\":[\"https:\/\/gymfactory.eu\/fr\/produit\/poignee-de-tirage-w10-1\/\"]}]},{\"@type\":\"ImageObject\",\"inLanguage\":\"fr-FR\",\"@id\":\"https:\/\/gymfactory.eu\/fr\/produit\/poignee-de-tirage-w10-1\/#primaryimage\",\"url\":\"https:\/\/gymfactory.eu\/wp-content\/uploads\/2025\/02\/high-quality-steel-structure-multi-grip-handle-1.webp\",\"contentUrl\":\"https:\/\/gymfactory.eu\/wp-content\/uploads\/2025\/02\/high-quality-steel-structure-multi-grip-handle-1.webp\",\"width\":1181,\"height\":1181,\"caption\":\"Une poign\u00e9e noire pour \u00e9quipement de musculation avec des prises ergonomiques et un point de fixation central. Con\u00e7ue pour \u00eatre utilis\u00e9e avec des machines \u00e0 poulie, cette poign\u00e9e permet plusieurs positions de prise, ciblant diff\u00e9rents groupes musculaires dans des exercices tels que le tirage poitrine (lat pulldowns) et le tirage horizontal assis. La construction en acier durable garantit des performances durables et une grande stabilit\u00e9 pendant les entra\u00eenements.\"},{\"@type\":\"BreadcrumbList\",\"@id\":\"https:\/\/gymfactory.eu\/fr\/produit\/poignee-de-tirage-w10-1\/#breadcrumb\",\"itemListElement\":[{\"@type\":\"ListItem\",\"position\":1,\"name\":\"Home\",\"item\":\"https:\/\/gymfactory.eu\/fr\/\"},{\"@type\":\"ListItem\",\"position\":2,\"name\":\"Catalogue\",\"item\":\"https:\/\/gymfactory.eu\/catalogue\/\"},{\"@type\":\"ListItem\",\"position\":3,\"name\":\"Poign\u00e9e de Tirage W10-1\"}]},{\"@type\":\"WebSite\",\"@id\":\"https:\/\/gymfactory.eu\/fr\/#website\",\"url\":\"https:\/\/gymfactory.eu\/fr\/\",\"name\":\"Gym Factory\",\"description\":\"\",\"publisher\":{\"@id\":\"https:\/\/gymfactory.eu\/fr\/#organization\"},\"potentialAction\":[{\"@type\":\"SearchAction\",\"target\":{\"@type\":\"EntryPoint\",\"urlTemplate\":\"https:\/\/gymfactory.eu\/fr\/?s={search_term_string}\"},\"query-input\":{\"@type\":\"PropertyValueSpecification\",\"valueRequired\":true,\"valueName\":\"search_term_string\"}}],\"inLanguage\":\"fr-FR\"},{\"@type\":\"Organization\",\"@id\":\"https:\/\/gymfactory.eu\/fr\/#organization\",\"name\":\"Gym Factory\",\"url\":\"https:\/\/gymfactory.eu\/fr\/\",\"logo\":{\"@type\":\"ImageObject\",\"inLanguage\":\"fr-FR\",\"@id\":\"https:\/\/gymfactory.eu\/fr\/#\/schema\/logo\/image\/\",\"url\":\"https:\/\/gymfactory.eu\/wp-content\/uploads\/2024\/11\/Component-1.svg\",\"contentUrl\":\"https:\/\/gymfactory.eu\/wp-content\/uploads\/2024\/11\/Component-1.svg\",\"width\":54,\"height\":44,\"caption\":\"Gym Factory\"},\"image\":{\"@id\":\"https:\/\/gymfactory.eu\/fr\/#\/schema\/logo\/image\/\"}}]}<\/script>\n<!-- \/ Yoast SEO plugin. -->","yoast_head_json":{"title":"Poign\u00e9e de Tirage W10-1 \u2013 \u00c9quipement de Musculation","description":"Cette poign\u00e9e haute performance am\u00e9liore votre \u00e9quipement de musculation, en offrant une prise ferme et un soutien pour les entra\u00eenements du haut du corps.","robots":{"index":"index","follow":"follow","max-snippet":"max-snippet:-1","max-image-preview":"max-image-preview:large","max-video-preview":"max-video-preview:-1"},"canonical":"https:\/\/gymfactory.eu\/fr\/produit\/poignee-de-tirage-w10-1\/","og_locale":"fr_FR","og_type":"article","og_title":"Poign\u00e9e de Tirage W10-1 \u2013 \u00c9quipement de Musculation","og_description":"Cette poign\u00e9e haute performance am\u00e9liore votre \u00e9quipement de musculation, en offrant une prise ferme et un soutien pour les entra\u00eenements du haut du corps.","og_url":"https:\/\/gymfactory.eu\/fr\/produit\/poignee-de-tirage-w10-1\/","og_site_name":"Gym Factory","article_modified_time":"2026-03-31T21:02:22+00:00","og_image":[{"width":1181,"height":1181,"url":"https:\/\/gymfactory.eu\/wp-content\/uploads\/2025\/02\/high-quality-steel-structure-multi-grip-handle-1.webp","type":"image\/webp"}],"twitter_card":"summary_large_image","schema":{"@context":"https:\/\/schema.org","@graph":[{"@type":"WebPage","@id":"https:\/\/gymfactory.eu\/fr\/produit\/poignee-de-tirage-w10-1\/","url":"https:\/\/gymfactory.eu\/fr\/produit\/poignee-de-tirage-w10-1\/","name":"Poign\u00e9e de Tirage W10-1 \u2013 \u00c9quipement de Musculation","isPartOf":{"@id":"https:\/\/gymfactory.eu\/fr\/#website"},"primaryImageOfPage":{"@id":"https:\/\/gymfactory.eu\/fr\/produit\/poignee-de-tirage-w10-1\/#primaryimage"},"image":{"@id":"https:\/\/gymfactory.eu\/fr\/produit\/poignee-de-tirage-w10-1\/#primaryimage"},"thumbnailUrl":"https:\/\/gymfactory.eu\/wp-content\/uploads\/2025\/02\/high-quality-steel-structure-multi-grip-handle-1.webp","datePublished":"2025-02-20T08:06:28+00:00","dateModified":"2026-03-31T21:02:22+00:00","description":"Cette poign\u00e9e haute performance am\u00e9liore votre \u00e9quipement de musculation, en offrant une prise ferme et un soutien pour les entra\u00eenements du haut du corps.","breadcrumb":{"@id":"https:\/\/gymfactory.eu\/fr\/produit\/poignee-de-tirage-w10-1\/#breadcrumb"},"inLanguage":"fr-FR","potentialAction":[{"@type":"ReadAction","target":["https:\/\/gymfactory.eu\/fr\/produit\/poignee-de-tirage-w10-1\/"]}]},{"@type":"ImageObject","inLanguage":"fr-FR","@id":"https:\/\/gymfactory.eu\/fr\/produit\/poignee-de-tirage-w10-1\/#primaryimage","url":"https:\/\/gymfactory.eu\/wp-content\/uploads\/2025\/02\/high-quality-steel-structure-multi-grip-handle-1.webp","contentUrl":"https:\/\/gymfactory.eu\/wp-content\/uploads\/2025\/02\/high-quality-steel-structure-multi-grip-handle-1.webp","width":1181,"height":1181,"caption":"Une poign\u00e9e noire pour \u00e9quipement de musculation avec des prises ergonomiques et un point de fixation central. Con\u00e7ue pour \u00eatre utilis\u00e9e avec des machines \u00e0 poulie, cette poign\u00e9e permet plusieurs positions de prise, ciblant diff\u00e9rents groupes musculaires dans des exercices tels que le tirage poitrine (lat pulldowns) et le tirage horizontal assis. La construction en acier durable garantit des performances durables et une grande stabilit\u00e9 pendant les entra\u00eenements."},{"@type":"BreadcrumbList","@id":"https:\/\/gymfactory.eu\/fr\/produit\/poignee-de-tirage-w10-1\/#breadcrumb","itemListElement":[{"@type":"ListItem","position":1,"name":"Home","item":"https:\/\/gymfactory.eu\/fr\/"},{"@type":"ListItem","position":2,"name":"Catalogue","item":"https:\/\/gymfactory.eu\/catalogue\/"},{"@type":"ListItem","position":3,"name":"Poign\u00e9e de Tirage W10-1"}]},{"@type":"WebSite","@id":"https:\/\/gymfactory.eu\/fr\/#website","url":"https:\/\/gymfactory.eu\/fr\/","name":"Gym Factory","description":"","publisher":{"@id":"https:\/\/gymfactory.eu\/fr\/#organization"},"potentialAction":[{"@type":"SearchAction","target":{"@type":"EntryPoint","urlTemplate":"https:\/\/gymfactory.eu\/fr\/?s={search_term_string}"},"query-input":{"@type":"PropertyValueSpecification","valueRequired":true,"valueName":"search_term_string"}}],"inLanguage":"fr-FR"},{"@type":"Organization","@id":"https:\/\/gymfactory.eu\/fr\/#organization","name":"Gym Factory","url":"https:\/\/gymfactory.eu\/fr\/","logo":{"@type":"ImageObject","inLanguage":"fr-FR","@id":"https:\/\/gymfactory.eu\/fr\/#\/schema\/logo\/image\/","url":"https:\/\/gymfactory.eu\/wp-content\/uploads\/2024\/11\/Component-1.svg","contentUrl":"https:\/\/gymfactory.eu\/wp-content\/uploads\/2024\/11\/Component-1.svg","width":54,"height":44,"caption":"Gym Factory"},"image":{"@id":"https:\/\/gymfactory.eu\/fr\/#\/schema\/logo\/image\/"}}]}},"_links":{"self":[{"href":"https:\/\/gymfactory.eu\/fr\/wp-json\/wp\/v2\/product\/29578","targetHints":{"allow":["GET"]}}],"collection":[{"href":"https:\/\/gymfactory.eu\/fr\/wp-json\/wp\/v2\/product"}],"about":[{"href":"https:\/\/gymfactory.eu\/fr\/wp-json\/wp\/v2\/types\/product"}],"wp:featuredmedia":[{"embeddable":true,"href":"https:\/\/gymfactory.eu\/fr\/wp-json\/wp\/v2\/media\/29579"}],"wp:attachment":[{"href":"https:\/\/gymfactory.eu\/fr\/wp-json\/wp\/v2\/media?parent=29578"}],"wp:term":[{"taxonomy":"product_brand","embeddable":true,"href":"https:\/\/gymfactory.eu\/fr\/wp-json\/wp\/v2\/product_brand?post=29578"},{"taxonomy":"product_cat","embeddable":true,"href":"https:\/\/gymfactory.eu\/fr\/wp-json\/wp\/v2\/product_cat?post=29578"},{"taxonomy":"product_tag","embeddable":true,"href":"https:\/\/gymfactory.eu\/fr\/wp-json\/wp\/v2\/product_tag?post=29578"}],"curies":[{"name":"wp","href":"https:\/\/api.w.org\/{rel}","templated":true}]}}