{"id":29574,"date":"2025-02-20T09:57:31","date_gmt":"2025-02-20T07:57:31","guid":{"rendered":"https:\/\/gymfactory.eu\/product\/ensemble-de-poignees-multi-prises-w10\/"},"modified":"2025-02-20T09:57:31","modified_gmt":"2025-02-20T07:57:31","slug":"ensemble-de-poignees-multi-prises-w10","status":"publish","type":"product","link":"https:\/\/gymfactory.eu\/fr\/produit\/ensemble-de-poignees-multi-prises-w10\/","title":{"rendered":"Ensemble de Poign\u00e9es Multi-Prises W10"},"content":{"rendered":"<p>L\u2019Ensemble de Poign\u00e9es Multi-Prises W10 est un \u00e9quipement de musculation haute performance con\u00e7u pour \u00eatre utilis\u00e9 avec des machines \u00e0 poulie. L\u2019ensemble comprend 5 poign\u00e9es diff\u00e9rentes, chacune offrant une largeur de prise, un angle et une longueur uniques. <\/p>\n<p>Ces accessoires sont adapt\u00e9s \u00e0 une large gamme d\u2019exercices, notamment les tirages (rows), les curls biceps, les extensions triceps (pushdowns) et divers mouvements de tirage, ce qui en fait un ajout polyvalent \u00e0 toute installation d\u2019entra\u00eenement en force.<\/p>\n\n    <div class=\"xs_social_share_widget xs_share_url after_content \t\tmain_content  wslu-style-1 wslu-share-box-shaped wslu-fill-colored wslu-none wslu-share-horizontal wslu-theme-font-no wslu-main_content\">\n\n\t\t\n        <ul>\n\t\t\t        <\/ul>\n    <\/div> \n","protected":false},"excerpt":{"rendered":"<p>L\u2019Ensemble de Poign\u00e9es Multi-Prises W10 est un \u00e9quipement de musculation haute performance con\u00e7u pour \u00eatre utilis\u00e9 avec des machines \u00e0 poulie. L\u2019ensemble comprend 5 poign\u00e9es diff\u00e9rentes, chacune offrant une largeur de prise, un angle et une longueur uniques. Ces accessoires sont adapt\u00e9s \u00e0 une large gamme d\u2019exercices, notamment les tirages (rows), les curls biceps, les [&hellip;]<\/p>\n","protected":false},"featured_media":29575,"template":"","meta":{"_acf_changed":false},"product_brand":[56],"product_cat":[826],"product_tag":[977],"class_list":{"0":"post-29574","1":"product","2":"type-product","3":"status-publish","4":"has-post-thumbnail","6":"product_brand-gym-factory","7":"product_cat-accessoires-de-musculation","8":"product_tag-couleur-sans-couleurs","10":"first","11":"onbackorder","12":"taxable","13":"shipping-taxable","14":"purchasable","15":"product-type-simple"},"acf":[],"yoast_head":"<!-- This site is optimized with the Yoast SEO plugin v25.2 - https:\/\/yoast.com\/wordpress\/plugins\/seo\/ -->\n<title>Ensemble de Poign\u00e9es Multi-Prises W10 \u2013 \u00c9quipement de Musculation<\/title>\n<meta name=\"description\" content=\"Cet ensemble de poign\u00e9es haute performance am\u00e9liore votre \u00e9quipement de musculation, offrant de multiples options de prise pour soutenir les entra\u00eenements du haut du corps.\" \/>\n<meta name=\"robots\" content=\"index, follow, max-snippet:-1, max-image-preview:large, max-video-preview:-1\" \/>\n<link rel=\"canonical\" href=\"https:\/\/gymfactory.eu\/fr\/produit\/ensemble-de-poignees-multi-prises-w10\/\" \/>\n<meta property=\"og:locale\" content=\"fr_FR\" \/>\n<meta property=\"og:type\" content=\"article\" \/>\n<meta property=\"og:title\" content=\"Ensemble de Poign\u00e9es Multi-Prises W10 \u2013 \u00c9quipement de Musculation\" \/>\n<meta property=\"og:description\" content=\"Cet ensemble de poign\u00e9es haute performance am\u00e9liore votre \u00e9quipement de musculation, offrant de multiples options de prise pour soutenir les entra\u00eenements du haut du corps.\" \/>\n<meta property=\"og:url\" content=\"https:\/\/gymfactory.eu\/fr\/produit\/ensemble-de-poignees-multi-prises-w10\/\" \/>\n<meta property=\"og:site_name\" content=\"Gym Factory\" \/>\n<meta property=\"og:image\" content=\"https:\/\/gymfactory.eu\/wp-content\/uploads\/2025\/02\/high-quality-steel-structure-lat-pulldown-handles-1.webp\" \/>\n\t<meta property=\"og:image:width\" content=\"1181\" \/>\n\t<meta property=\"og:image:height\" content=\"1181\" \/>\n\t<meta property=\"og:image:type\" content=\"image\/webp\" \/>\n<meta name=\"twitter:card\" content=\"summary_large_image\" \/>\n<script type=\"application\/ld+json\" class=\"yoast-schema-graph\">{\"@context\":\"https:\/\/schema.org\",\"@graph\":[{\"@type\":\"WebPage\",\"@id\":\"https:\/\/gymfactory.eu\/fr\/produit\/ensemble-de-poignees-multi-prises-w10\/\",\"url\":\"https:\/\/gymfactory.eu\/fr\/produit\/ensemble-de-poignees-multi-prises-w10\/\",\"name\":\"Ensemble de Poign\u00e9es Multi-Prises W10 \u2013 \u00c9quipement de Musculation\",\"isPartOf\":{\"@id\":\"https:\/\/gymfactory.eu\/fr\/#website\"},\"primaryImageOfPage\":{\"@id\":\"https:\/\/gymfactory.eu\/fr\/produit\/ensemble-de-poignees-multi-prises-w10\/#primaryimage\"},\"image\":{\"@id\":\"https:\/\/gymfactory.eu\/fr\/produit\/ensemble-de-poignees-multi-prises-w10\/#primaryimage\"},\"thumbnailUrl\":\"https:\/\/gymfactory.eu\/wp-content\/uploads\/2025\/02\/high-quality-steel-structure-lat-pulldown-handles-1.webp\",\"datePublished\":\"2025-02-20T07:57:31+00:00\",\"description\":\"Cet ensemble de poign\u00e9es haute performance am\u00e9liore votre \u00e9quipement de musculation, offrant de multiples options de prise pour soutenir les entra\u00eenements du haut du corps.\",\"breadcrumb\":{\"@id\":\"https:\/\/gymfactory.eu\/fr\/produit\/ensemble-de-poignees-multi-prises-w10\/#breadcrumb\"},\"inLanguage\":\"fr-FR\",\"potentialAction\":[{\"@type\":\"ReadAction\",\"target\":[\"https:\/\/gymfactory.eu\/fr\/produit\/ensemble-de-poignees-multi-prises-w10\/\"]}]},{\"@type\":\"ImageObject\",\"inLanguage\":\"fr-FR\",\"@id\":\"https:\/\/gymfactory.eu\/fr\/produit\/ensemble-de-poignees-multi-prises-w10\/#primaryimage\",\"url\":\"https:\/\/gymfactory.eu\/wp-content\/uploads\/2025\/02\/high-quality-steel-structure-lat-pulldown-handles-1.webp\",\"contentUrl\":\"https:\/\/gymfactory.eu\/wp-content\/uploads\/2025\/02\/high-quality-steel-structure-lat-pulldown-handles-1.webp\",\"width\":1181,\"height\":1181,\"caption\":\"A set of\u00a0equipment for weight training\u00a0lat pulldown handles in various designs, suspended on a metal rod. Each handle has durable steel with ergonomic grips, designed for different grip positions to enhance back and upper body exercises.\"},{\"@type\":\"BreadcrumbList\",\"@id\":\"https:\/\/gymfactory.eu\/fr\/produit\/ensemble-de-poignees-multi-prises-w10\/#breadcrumb\",\"itemListElement\":[{\"@type\":\"ListItem\",\"position\":1,\"name\":\"Home\",\"item\":\"https:\/\/gymfactory.eu\/fr\/\"},{\"@type\":\"ListItem\",\"position\":2,\"name\":\"Catalogue\",\"item\":\"https:\/\/gymfactory.eu\/catalogue\/\"},{\"@type\":\"ListItem\",\"position\":3,\"name\":\"Ensemble de Poign\u00e9es Multi-Prises W10\"}]},{\"@type\":\"WebSite\",\"@id\":\"https:\/\/gymfactory.eu\/fr\/#website\",\"url\":\"https:\/\/gymfactory.eu\/fr\/\",\"name\":\"Gym Factory\",\"description\":\"\",\"publisher\":{\"@id\":\"https:\/\/gymfactory.eu\/fr\/#organization\"},\"potentialAction\":[{\"@type\":\"SearchAction\",\"target\":{\"@type\":\"EntryPoint\",\"urlTemplate\":\"https:\/\/gymfactory.eu\/fr\/?s={search_term_string}\"},\"query-input\":{\"@type\":\"PropertyValueSpecification\",\"valueRequired\":true,\"valueName\":\"search_term_string\"}}],\"inLanguage\":\"fr-FR\"},{\"@type\":\"Organization\",\"@id\":\"https:\/\/gymfactory.eu\/fr\/#organization\",\"name\":\"Gym Factory\",\"url\":\"https:\/\/gymfactory.eu\/fr\/\",\"logo\":{\"@type\":\"ImageObject\",\"inLanguage\":\"fr-FR\",\"@id\":\"https:\/\/gymfactory.eu\/fr\/#\/schema\/logo\/image\/\",\"url\":\"https:\/\/gymfactory.eu\/wp-content\/uploads\/2024\/11\/Component-1.svg\",\"contentUrl\":\"https:\/\/gymfactory.eu\/wp-content\/uploads\/2024\/11\/Component-1.svg\",\"width\":54,\"height\":44,\"caption\":\"Gym Factory\"},\"image\":{\"@id\":\"https:\/\/gymfactory.eu\/fr\/#\/schema\/logo\/image\/\"}}]}<\/script>\n<!-- \/ Yoast SEO plugin. -->","yoast_head_json":{"title":"Ensemble de Poign\u00e9es Multi-Prises W10 \u2013 \u00c9quipement de Musculation","description":"Cet ensemble de poign\u00e9es haute performance am\u00e9liore votre \u00e9quipement de musculation, offrant de multiples options de prise pour soutenir les entra\u00eenements du haut du corps.","robots":{"index":"index","follow":"follow","max-snippet":"max-snippet:-1","max-image-preview":"max-image-preview:large","max-video-preview":"max-video-preview:-1"},"canonical":"https:\/\/gymfactory.eu\/fr\/produit\/ensemble-de-poignees-multi-prises-w10\/","og_locale":"fr_FR","og_type":"article","og_title":"Ensemble de Poign\u00e9es Multi-Prises W10 \u2013 \u00c9quipement de Musculation","og_description":"Cet ensemble de poign\u00e9es haute performance am\u00e9liore votre \u00e9quipement de musculation, offrant de multiples options de prise pour soutenir les entra\u00eenements du haut du corps.","og_url":"https:\/\/gymfactory.eu\/fr\/produit\/ensemble-de-poignees-multi-prises-w10\/","og_site_name":"Gym Factory","og_image":[{"width":1181,"height":1181,"url":"https:\/\/gymfactory.eu\/wp-content\/uploads\/2025\/02\/high-quality-steel-structure-lat-pulldown-handles-1.webp","type":"image\/webp"}],"twitter_card":"summary_large_image","schema":{"@context":"https:\/\/schema.org","@graph":[{"@type":"WebPage","@id":"https:\/\/gymfactory.eu\/fr\/produit\/ensemble-de-poignees-multi-prises-w10\/","url":"https:\/\/gymfactory.eu\/fr\/produit\/ensemble-de-poignees-multi-prises-w10\/","name":"Ensemble de Poign\u00e9es Multi-Prises W10 \u2013 \u00c9quipement de Musculation","isPartOf":{"@id":"https:\/\/gymfactory.eu\/fr\/#website"},"primaryImageOfPage":{"@id":"https:\/\/gymfactory.eu\/fr\/produit\/ensemble-de-poignees-multi-prises-w10\/#primaryimage"},"image":{"@id":"https:\/\/gymfactory.eu\/fr\/produit\/ensemble-de-poignees-multi-prises-w10\/#primaryimage"},"thumbnailUrl":"https:\/\/gymfactory.eu\/wp-content\/uploads\/2025\/02\/high-quality-steel-structure-lat-pulldown-handles-1.webp","datePublished":"2025-02-20T07:57:31+00:00","description":"Cet ensemble de poign\u00e9es haute performance am\u00e9liore votre \u00e9quipement de musculation, offrant de multiples options de prise pour soutenir les entra\u00eenements du haut du corps.","breadcrumb":{"@id":"https:\/\/gymfactory.eu\/fr\/produit\/ensemble-de-poignees-multi-prises-w10\/#breadcrumb"},"inLanguage":"fr-FR","potentialAction":[{"@type":"ReadAction","target":["https:\/\/gymfactory.eu\/fr\/produit\/ensemble-de-poignees-multi-prises-w10\/"]}]},{"@type":"ImageObject","inLanguage":"fr-FR","@id":"https:\/\/gymfactory.eu\/fr\/produit\/ensemble-de-poignees-multi-prises-w10\/#primaryimage","url":"https:\/\/gymfactory.eu\/wp-content\/uploads\/2025\/02\/high-quality-steel-structure-lat-pulldown-handles-1.webp","contentUrl":"https:\/\/gymfactory.eu\/wp-content\/uploads\/2025\/02\/high-quality-steel-structure-lat-pulldown-handles-1.webp","width":1181,"height":1181,"caption":"A set of\u00a0equipment for weight training\u00a0lat pulldown handles in various designs, suspended on a metal rod. Each handle has durable steel with ergonomic grips, designed for different grip positions to enhance back and upper body exercises."},{"@type":"BreadcrumbList","@id":"https:\/\/gymfactory.eu\/fr\/produit\/ensemble-de-poignees-multi-prises-w10\/#breadcrumb","itemListElement":[{"@type":"ListItem","position":1,"name":"Home","item":"https:\/\/gymfactory.eu\/fr\/"},{"@type":"ListItem","position":2,"name":"Catalogue","item":"https:\/\/gymfactory.eu\/catalogue\/"},{"@type":"ListItem","position":3,"name":"Ensemble de Poign\u00e9es Multi-Prises W10"}]},{"@type":"WebSite","@id":"https:\/\/gymfactory.eu\/fr\/#website","url":"https:\/\/gymfactory.eu\/fr\/","name":"Gym Factory","description":"","publisher":{"@id":"https:\/\/gymfactory.eu\/fr\/#organization"},"potentialAction":[{"@type":"SearchAction","target":{"@type":"EntryPoint","urlTemplate":"https:\/\/gymfactory.eu\/fr\/?s={search_term_string}"},"query-input":{"@type":"PropertyValueSpecification","valueRequired":true,"valueName":"search_term_string"}}],"inLanguage":"fr-FR"},{"@type":"Organization","@id":"https:\/\/gymfactory.eu\/fr\/#organization","name":"Gym Factory","url":"https:\/\/gymfactory.eu\/fr\/","logo":{"@type":"ImageObject","inLanguage":"fr-FR","@id":"https:\/\/gymfactory.eu\/fr\/#\/schema\/logo\/image\/","url":"https:\/\/gymfactory.eu\/wp-content\/uploads\/2024\/11\/Component-1.svg","contentUrl":"https:\/\/gymfactory.eu\/wp-content\/uploads\/2024\/11\/Component-1.svg","width":54,"height":44,"caption":"Gym Factory"},"image":{"@id":"https:\/\/gymfactory.eu\/fr\/#\/schema\/logo\/image\/"}}]}},"_links":{"self":[{"href":"https:\/\/gymfactory.eu\/fr\/wp-json\/wp\/v2\/product\/29574","targetHints":{"allow":["GET"]}}],"collection":[{"href":"https:\/\/gymfactory.eu\/fr\/wp-json\/wp\/v2\/product"}],"about":[{"href":"https:\/\/gymfactory.eu\/fr\/wp-json\/wp\/v2\/types\/product"}],"wp:featuredmedia":[{"embeddable":true,"href":"https:\/\/gymfactory.eu\/fr\/wp-json\/wp\/v2\/media\/29575"}],"wp:attachment":[{"href":"https:\/\/gymfactory.eu\/fr\/wp-json\/wp\/v2\/media?parent=29574"}],"wp:term":[{"taxonomy":"product_brand","embeddable":true,"href":"https:\/\/gymfactory.eu\/fr\/wp-json\/wp\/v2\/product_brand?post=29574"},{"taxonomy":"product_cat","embeddable":true,"href":"https:\/\/gymfactory.eu\/fr\/wp-json\/wp\/v2\/product_cat?post=29574"},{"taxonomy":"product_tag","embeddable":true,"href":"https:\/\/gymfactory.eu\/fr\/wp-json\/wp\/v2\/product_tag?post=29574"}],"curies":[{"name":"wp","href":"https:\/\/api.w.org\/{rel}","templated":true}]}}