{"id":29570,"date":"2025-02-20T09:31:57","date_gmt":"2025-02-20T07:31:57","guid":{"rendered":"https:\/\/gymfactory.eu\/product\/barre-droite-a-double-fixation-w9\/"},"modified":"2025-02-20T09:31:57","modified_gmt":"2025-02-20T07:31:57","slug":"barre-droite-a-double-fixation-w9","status":"publish","type":"product","link":"https:\/\/gymfactory.eu\/fr\/produit\/barre-droite-a-double-fixation-w9\/","title":{"rendered":"Barre Droite \u00e0 Double Fixation W9"},"content":{"rendered":"<p>La Barre Droite \u00e0 Double Fixation W9 est un \u00e9quipement de musculation con\u00e7u pour \u00eatre utilis\u00e9 avec des machines \u00e0 poulie, aussi bien dans les installations de fitness \u00e0 domicile (home gym) que dans les environnements commerciaux. Cette longue barre dispose de deux points de fixation, chacun mont\u00e9 sur un roulement permettant une rotation \u00e0 360 degr\u00e9s, garantissant un mouvement fluide et sans restriction pendant l\u2019entra\u00eenement. <\/p>\n<p>La barre est id\u00e9ale pour une utilisation avec des machines vis-\u00e0-vis (crossover), y compris la s\u00e9rie C2, permettant des exercices tels que les squats, les d\u00e9velopp\u00e9s et les tirages qui b\u00e9n\u00e9ficient d\u2019un mouvement \u00e0 double ancrage et de trajectoires de r\u00e9sistance dynamiques.<\/p>\n\n    <div class=\"xs_social_share_widget xs_share_url after_content \t\tmain_content  wslu-style-1 wslu-share-box-shaped wslu-fill-colored wslu-none wslu-share-horizontal wslu-theme-font-no wslu-main_content\">\n\n\t\t\n        <ul>\n\t\t\t        <\/ul>\n    <\/div> \n","protected":false},"excerpt":{"rendered":"<p>La Barre Droite \u00e0 Double Fixation W9 est un \u00e9quipement de musculation con\u00e7u pour \u00eatre utilis\u00e9 avec des machines \u00e0 poulie, aussi bien dans les installations de fitness \u00e0 domicile (home gym) que dans les environnements commerciaux. Cette longue barre dispose de deux points de fixation, chacun mont\u00e9 sur un roulement permettant une rotation \u00e0 [&hellip;]<\/p>\n","protected":false},"featured_media":29573,"template":"","meta":{"_acf_changed":false},"product_brand":[56],"product_cat":[826],"product_tag":[977],"class_list":{"0":"post-29570","1":"product","2":"type-product","3":"status-publish","4":"has-post-thumbnail","6":"product_brand-gym-factory","7":"product_cat-accessoires-de-musculation","8":"product_tag-couleur-sans-couleurs","10":"first","11":"onbackorder","12":"taxable","13":"shipping-taxable","14":"purchasable","15":"product-type-simple"},"acf":[],"yoast_head":"<!-- This site is optimized with the Yoast SEO plugin v25.2 - https:\/\/yoast.com\/wordpress\/plugins\/seo\/ -->\n<title>Barre Droite \u00e0 Double Fixation W9 \u2013 Con\u00e7ue pour les Exercices de Musculation<\/title>\n<meta name=\"description\" content=\"Cette barre am\u00e9liore les routines de fitness \u00e0 domicile avec une prise robuste, elle est id\u00e9ale pour une vari\u00e9t\u00e9 d\u2019exercices de musculation qui am\u00e9liorent la stabilit\u00e9 et le contr\u00f4le.\" \/>\n<meta name=\"robots\" content=\"index, follow, max-snippet:-1, max-image-preview:large, max-video-preview:-1\" \/>\n<link rel=\"canonical\" href=\"https:\/\/gymfactory.eu\/fr\/produit\/barre-droite-a-double-fixation-w9\/\" \/>\n<meta property=\"og:locale\" content=\"fr_FR\" \/>\n<meta property=\"og:type\" content=\"article\" \/>\n<meta property=\"og:title\" content=\"Barre Droite \u00e0 Double Fixation W9 \u2013 Con\u00e7ue pour les Exercices de Musculation\" \/>\n<meta property=\"og:description\" content=\"Cette barre am\u00e9liore les routines de fitness \u00e0 domicile avec une prise robuste, elle est id\u00e9ale pour une vari\u00e9t\u00e9 d\u2019exercices de musculation qui am\u00e9liorent la stabilit\u00e9 et le contr\u00f4le.\" \/>\n<meta property=\"og:url\" content=\"https:\/\/gymfactory.eu\/fr\/produit\/barre-droite-a-double-fixation-w9\/\" \/>\n<meta property=\"og:site_name\" content=\"Gym Factory\" \/>\n<meta property=\"og:image\" content=\"https:\/\/gymfactory.eu\/wp-content\/uploads\/2025\/02\/high-quality-steel-structure-long-bar-attachment-1-1.webp\" \/>\n\t<meta property=\"og:image:width\" content=\"1500\" \/>\n\t<meta property=\"og:image:height\" content=\"1500\" \/>\n\t<meta property=\"og:image:type\" content=\"image\/webp\" \/>\n<meta name=\"twitter:card\" content=\"summary_large_image\" \/>\n<meta name=\"twitter:label1\" content=\"Dur\u00e9e de lecture estim\u00e9e\" \/>\n\t<meta name=\"twitter:data1\" content=\"1 minute\" \/>\n<script type=\"application\/ld+json\" class=\"yoast-schema-graph\">{\"@context\":\"https:\/\/schema.org\",\"@graph\":[{\"@type\":\"WebPage\",\"@id\":\"https:\/\/gymfactory.eu\/fr\/produit\/barre-droite-a-double-fixation-w9\/\",\"url\":\"https:\/\/gymfactory.eu\/fr\/produit\/barre-droite-a-double-fixation-w9\/\",\"name\":\"Barre Droite \u00e0 Double Fixation W9 \u2013 Con\u00e7ue pour les Exercices de Musculation\",\"isPartOf\":{\"@id\":\"https:\/\/gymfactory.eu\/fr\/#website\"},\"primaryImageOfPage\":{\"@id\":\"https:\/\/gymfactory.eu\/fr\/produit\/barre-droite-a-double-fixation-w9\/#primaryimage\"},\"image\":{\"@id\":\"https:\/\/gymfactory.eu\/fr\/produit\/barre-droite-a-double-fixation-w9\/#primaryimage\"},\"thumbnailUrl\":\"https:\/\/gymfactory.eu\/wp-content\/uploads\/2025\/02\/high-quality-steel-structure-long-bar-attachment-1-1.webp\",\"datePublished\":\"2025-02-20T07:31:57+00:00\",\"description\":\"Cette barre am\u00e9liore les routines de fitness \u00e0 domicile avec une prise robuste, elle est id\u00e9ale pour une vari\u00e9t\u00e9 d\u2019exercices de musculation qui am\u00e9liorent la stabilit\u00e9 et le contr\u00f4le.\",\"breadcrumb\":{\"@id\":\"https:\/\/gymfactory.eu\/fr\/produit\/barre-droite-a-double-fixation-w9\/#breadcrumb\"},\"inLanguage\":\"fr-FR\",\"potentialAction\":[{\"@type\":\"ReadAction\",\"target\":[\"https:\/\/gymfactory.eu\/fr\/produit\/barre-droite-a-double-fixation-w9\/\"]}]},{\"@type\":\"ImageObject\",\"inLanguage\":\"fr-FR\",\"@id\":\"https:\/\/gymfactory.eu\/fr\/produit\/barre-droite-a-double-fixation-w9\/#primaryimage\",\"url\":\"https:\/\/gymfactory.eu\/wp-content\/uploads\/2025\/02\/high-quality-steel-structure-long-bar-attachment-1-1.webp\",\"contentUrl\":\"https:\/\/gymfactory.eu\/wp-content\/uploads\/2025\/02\/high-quality-steel-structure-long-bar-attachment-1-1.webp\",\"width\":1500,\"height\":1500,\"caption\":\"A piece of long\u00a0equipment for weight training\u00a0steel bar attachment with a durable black mounting bracket at one end. This attachment is designed for cable machines, allowing for various strength training exercises such as lat pulldowns and seated rows.\"},{\"@type\":\"BreadcrumbList\",\"@id\":\"https:\/\/gymfactory.eu\/fr\/produit\/barre-droite-a-double-fixation-w9\/#breadcrumb\",\"itemListElement\":[{\"@type\":\"ListItem\",\"position\":1,\"name\":\"Home\",\"item\":\"https:\/\/gymfactory.eu\/fr\/\"},{\"@type\":\"ListItem\",\"position\":2,\"name\":\"Catalogue\",\"item\":\"https:\/\/gymfactory.eu\/catalogue\/\"},{\"@type\":\"ListItem\",\"position\":3,\"name\":\"Barre Droite \u00e0 Double Fixation W9\"}]},{\"@type\":\"WebSite\",\"@id\":\"https:\/\/gymfactory.eu\/fr\/#website\",\"url\":\"https:\/\/gymfactory.eu\/fr\/\",\"name\":\"Gym Factory\",\"description\":\"\",\"publisher\":{\"@id\":\"https:\/\/gymfactory.eu\/fr\/#organization\"},\"potentialAction\":[{\"@type\":\"SearchAction\",\"target\":{\"@type\":\"EntryPoint\",\"urlTemplate\":\"https:\/\/gymfactory.eu\/fr\/?s={search_term_string}\"},\"query-input\":{\"@type\":\"PropertyValueSpecification\",\"valueRequired\":true,\"valueName\":\"search_term_string\"}}],\"inLanguage\":\"fr-FR\"},{\"@type\":\"Organization\",\"@id\":\"https:\/\/gymfactory.eu\/fr\/#organization\",\"name\":\"Gym Factory\",\"url\":\"https:\/\/gymfactory.eu\/fr\/\",\"logo\":{\"@type\":\"ImageObject\",\"inLanguage\":\"fr-FR\",\"@id\":\"https:\/\/gymfactory.eu\/fr\/#\/schema\/logo\/image\/\",\"url\":\"https:\/\/gymfactory.eu\/wp-content\/uploads\/2024\/11\/Component-1.svg\",\"contentUrl\":\"https:\/\/gymfactory.eu\/wp-content\/uploads\/2024\/11\/Component-1.svg\",\"width\":54,\"height\":44,\"caption\":\"Gym Factory\"},\"image\":{\"@id\":\"https:\/\/gymfactory.eu\/fr\/#\/schema\/logo\/image\/\"}}]}<\/script>\n<!-- \/ Yoast SEO plugin. -->","yoast_head_json":{"title":"Barre Droite \u00e0 Double Fixation W9 \u2013 Con\u00e7ue pour les Exercices de Musculation","description":"Cette barre am\u00e9liore les routines de fitness \u00e0 domicile avec une prise robuste, elle est id\u00e9ale pour une vari\u00e9t\u00e9 d\u2019exercices de musculation qui am\u00e9liorent la stabilit\u00e9 et le contr\u00f4le.","robots":{"index":"index","follow":"follow","max-snippet":"max-snippet:-1","max-image-preview":"max-image-preview:large","max-video-preview":"max-video-preview:-1"},"canonical":"https:\/\/gymfactory.eu\/fr\/produit\/barre-droite-a-double-fixation-w9\/","og_locale":"fr_FR","og_type":"article","og_title":"Barre Droite \u00e0 Double Fixation W9 \u2013 Con\u00e7ue pour les Exercices de Musculation","og_description":"Cette barre am\u00e9liore les routines de fitness \u00e0 domicile avec une prise robuste, elle est id\u00e9ale pour une vari\u00e9t\u00e9 d\u2019exercices de musculation qui am\u00e9liorent la stabilit\u00e9 et le contr\u00f4le.","og_url":"https:\/\/gymfactory.eu\/fr\/produit\/barre-droite-a-double-fixation-w9\/","og_site_name":"Gym Factory","og_image":[{"width":1500,"height":1500,"url":"https:\/\/gymfactory.eu\/wp-content\/uploads\/2025\/02\/high-quality-steel-structure-long-bar-attachment-1-1.webp","type":"image\/webp"}],"twitter_card":"summary_large_image","twitter_misc":{"Dur\u00e9e de lecture estim\u00e9e":"1 minute"},"schema":{"@context":"https:\/\/schema.org","@graph":[{"@type":"WebPage","@id":"https:\/\/gymfactory.eu\/fr\/produit\/barre-droite-a-double-fixation-w9\/","url":"https:\/\/gymfactory.eu\/fr\/produit\/barre-droite-a-double-fixation-w9\/","name":"Barre Droite \u00e0 Double Fixation W9 \u2013 Con\u00e7ue pour les Exercices de Musculation","isPartOf":{"@id":"https:\/\/gymfactory.eu\/fr\/#website"},"primaryImageOfPage":{"@id":"https:\/\/gymfactory.eu\/fr\/produit\/barre-droite-a-double-fixation-w9\/#primaryimage"},"image":{"@id":"https:\/\/gymfactory.eu\/fr\/produit\/barre-droite-a-double-fixation-w9\/#primaryimage"},"thumbnailUrl":"https:\/\/gymfactory.eu\/wp-content\/uploads\/2025\/02\/high-quality-steel-structure-long-bar-attachment-1-1.webp","datePublished":"2025-02-20T07:31:57+00:00","description":"Cette barre am\u00e9liore les routines de fitness \u00e0 domicile avec une prise robuste, elle est id\u00e9ale pour une vari\u00e9t\u00e9 d\u2019exercices de musculation qui am\u00e9liorent la stabilit\u00e9 et le contr\u00f4le.","breadcrumb":{"@id":"https:\/\/gymfactory.eu\/fr\/produit\/barre-droite-a-double-fixation-w9\/#breadcrumb"},"inLanguage":"fr-FR","potentialAction":[{"@type":"ReadAction","target":["https:\/\/gymfactory.eu\/fr\/produit\/barre-droite-a-double-fixation-w9\/"]}]},{"@type":"ImageObject","inLanguage":"fr-FR","@id":"https:\/\/gymfactory.eu\/fr\/produit\/barre-droite-a-double-fixation-w9\/#primaryimage","url":"https:\/\/gymfactory.eu\/wp-content\/uploads\/2025\/02\/high-quality-steel-structure-long-bar-attachment-1-1.webp","contentUrl":"https:\/\/gymfactory.eu\/wp-content\/uploads\/2025\/02\/high-quality-steel-structure-long-bar-attachment-1-1.webp","width":1500,"height":1500,"caption":"A piece of long\u00a0equipment for weight training\u00a0steel bar attachment with a durable black mounting bracket at one end. This attachment is designed for cable machines, allowing for various strength training exercises such as lat pulldowns and seated rows."},{"@type":"BreadcrumbList","@id":"https:\/\/gymfactory.eu\/fr\/produit\/barre-droite-a-double-fixation-w9\/#breadcrumb","itemListElement":[{"@type":"ListItem","position":1,"name":"Home","item":"https:\/\/gymfactory.eu\/fr\/"},{"@type":"ListItem","position":2,"name":"Catalogue","item":"https:\/\/gymfactory.eu\/catalogue\/"},{"@type":"ListItem","position":3,"name":"Barre Droite \u00e0 Double Fixation W9"}]},{"@type":"WebSite","@id":"https:\/\/gymfactory.eu\/fr\/#website","url":"https:\/\/gymfactory.eu\/fr\/","name":"Gym Factory","description":"","publisher":{"@id":"https:\/\/gymfactory.eu\/fr\/#organization"},"potentialAction":[{"@type":"SearchAction","target":{"@type":"EntryPoint","urlTemplate":"https:\/\/gymfactory.eu\/fr\/?s={search_term_string}"},"query-input":{"@type":"PropertyValueSpecification","valueRequired":true,"valueName":"search_term_string"}}],"inLanguage":"fr-FR"},{"@type":"Organization","@id":"https:\/\/gymfactory.eu\/fr\/#organization","name":"Gym Factory","url":"https:\/\/gymfactory.eu\/fr\/","logo":{"@type":"ImageObject","inLanguage":"fr-FR","@id":"https:\/\/gymfactory.eu\/fr\/#\/schema\/logo\/image\/","url":"https:\/\/gymfactory.eu\/wp-content\/uploads\/2024\/11\/Component-1.svg","contentUrl":"https:\/\/gymfactory.eu\/wp-content\/uploads\/2024\/11\/Component-1.svg","width":54,"height":44,"caption":"Gym Factory"},"image":{"@id":"https:\/\/gymfactory.eu\/fr\/#\/schema\/logo\/image\/"}}]}},"_links":{"self":[{"href":"https:\/\/gymfactory.eu\/fr\/wp-json\/wp\/v2\/product\/29570","targetHints":{"allow":["GET"]}}],"collection":[{"href":"https:\/\/gymfactory.eu\/fr\/wp-json\/wp\/v2\/product"}],"about":[{"href":"https:\/\/gymfactory.eu\/fr\/wp-json\/wp\/v2\/types\/product"}],"wp:featuredmedia":[{"embeddable":true,"href":"https:\/\/gymfactory.eu\/fr\/wp-json\/wp\/v2\/media\/29573"}],"wp:attachment":[{"href":"https:\/\/gymfactory.eu\/fr\/wp-json\/wp\/v2\/media?parent=29570"}],"wp:term":[{"taxonomy":"product_brand","embeddable":true,"href":"https:\/\/gymfactory.eu\/fr\/wp-json\/wp\/v2\/product_brand?post=29570"},{"taxonomy":"product_cat","embeddable":true,"href":"https:\/\/gymfactory.eu\/fr\/wp-json\/wp\/v2\/product_cat?post=29570"},{"taxonomy":"product_tag","embeddable":true,"href":"https:\/\/gymfactory.eu\/fr\/wp-json\/wp\/v2\/product_tag?post=29570"}],"curies":[{"name":"wp","href":"https:\/\/api.w.org\/{rel}","templated":true}]}}