{"id":29564,"date":"2025-02-20T09:22:02","date_gmt":"2025-02-20T07:22:02","guid":{"rendered":"https:\/\/gymfactory.eu\/product\/poignee-de-tirage-w8x\/"},"modified":"2025-02-20T09:22:02","modified_gmt":"2025-02-20T07:22:02","slug":"poignee-de-tirage-w8x","status":"publish","type":"product","link":"https:\/\/gymfactory.eu\/fr\/produit\/poignee-de-tirage-w8x\/","title":{"rendered":"Poign\u00e9e de Tirage W8X"},"content":{"rendered":"<p>La Poign\u00e9e de Tirage W8X est un \u00e9quipement de gym compact con\u00e7u comme un accessoire pour les machines \u00e0 poulie. Cette petite poign\u00e9e pr\u00e9sente une boucle de fixation centrale positionn\u00e9e entre les doigts, permettant au c\u00e2ble de rester aussi pr\u00e8s que possible de la paume de la main pendant le mouvement. <\/p>\n<p>Id\u00e9ale pour les exercices o\u00f9 le contr\u00f4le, l\u2019alignement de la prise et une trajectoire de force plus directe sont importants, cette poign\u00e9e am\u00e9liore la pr\u00e9cision lors des mouvements d\u2019isolation et de tirage.<\/p>\n\n    <div class=\"xs_social_share_widget xs_share_url after_content \t\tmain_content  wslu-style-1 wslu-share-box-shaped wslu-fill-colored wslu-none wslu-share-horizontal wslu-theme-font-no wslu-main_content\">\n\n\t\t\n        <ul>\n\t\t\t        <\/ul>\n    <\/div> \n","protected":false},"excerpt":{"rendered":"<p>La Poign\u00e9e de Tirage W8X est un \u00e9quipement de gym compact con\u00e7u comme un accessoire pour les machines \u00e0 poulie. Cette petite poign\u00e9e pr\u00e9sente une boucle de fixation centrale positionn\u00e9e entre les doigts, permettant au c\u00e2ble de rester aussi pr\u00e8s que possible de la paume de la main pendant le mouvement. Id\u00e9ale pour les exercices [&hellip;]<\/p>\n","protected":false},"featured_media":29565,"template":"","meta":{"_acf_changed":false},"product_brand":[56],"product_cat":[826],"product_tag":[977],"class_list":{"0":"post-29564","1":"product","2":"type-product","3":"status-publish","4":"has-post-thumbnail","6":"product_brand-gym-factory","7":"product_cat-accessoires-de-musculation","8":"product_tag-couleur-sans-couleurs","10":"first","11":"onbackorder","12":"taxable","13":"shipping-taxable","14":"purchasable","15":"product-type-variable"},"acf":[],"yoast_head":"<!-- This site is optimized with the Yoast SEO plugin v25.2 - https:\/\/yoast.com\/wordpress\/plugins\/seo\/ -->\n<title>Poign\u00e9e de Tirage W8x Pour un Bon \u00c9quipement de Home Gym<\/title>\n<meta name=\"description\" content=\"Fabriqu\u00e9e \u00e0 partir d\u2019une structure en acier de haute qualit\u00e9, cette poign\u00e9e offre durabilit\u00e9 et contr\u00f4le, ce qui en fait un bon choix d\u2019\u00e9quipement de home gym pour les entra\u00eenements de force.\" \/>\n<meta name=\"robots\" content=\"index, follow, max-snippet:-1, max-image-preview:large, max-video-preview:-1\" \/>\n<link rel=\"canonical\" href=\"https:\/\/gymfactory.eu\/fr\/produit\/poignee-de-tirage-w8x\/\" \/>\n<meta property=\"og:locale\" content=\"fr_FR\" \/>\n<meta property=\"og:type\" content=\"article\" \/>\n<meta property=\"og:title\" content=\"Poign\u00e9e de Tirage W8x Pour un Bon \u00c9quipement de Home Gym\" \/>\n<meta property=\"og:description\" content=\"Fabriqu\u00e9e \u00e0 partir d\u2019une structure en acier de haute qualit\u00e9, cette poign\u00e9e offre durabilit\u00e9 et contr\u00f4le, ce qui en fait un bon choix d\u2019\u00e9quipement de home gym pour les entra\u00eenements de force.\" \/>\n<meta property=\"og:url\" content=\"https:\/\/gymfactory.eu\/fr\/produit\/poignee-de-tirage-w8x\/\" \/>\n<meta property=\"og:site_name\" content=\"Gym Factory\" \/>\n<meta property=\"og:image\" content=\"https:\/\/gymfactory.eu\/wp-content\/uploads\/2025\/02\/high-quality-steel-structure-single-grip-handle-1-1.webp\" \/>\n\t<meta property=\"og:image:width\" content=\"1500\" \/>\n\t<meta property=\"og:image:height\" content=\"1500\" \/>\n\t<meta property=\"og:image:type\" content=\"image\/webp\" \/>\n<meta name=\"twitter:card\" content=\"summary_large_image\" \/>\n<script type=\"application\/ld+json\" class=\"yoast-schema-graph\">{\"@context\":\"https:\/\/schema.org\",\"@graph\":[{\"@type\":\"WebPage\",\"@id\":\"https:\/\/gymfactory.eu\/fr\/produit\/poignee-de-tirage-w8x\/\",\"url\":\"https:\/\/gymfactory.eu\/fr\/produit\/poignee-de-tirage-w8x\/\",\"name\":\"Poign\u00e9e de Tirage W8x Pour un Bon \u00c9quipement de Home Gym\",\"isPartOf\":{\"@id\":\"https:\/\/gymfactory.eu\/fr\/#website\"},\"primaryImageOfPage\":{\"@id\":\"https:\/\/gymfactory.eu\/fr\/produit\/poignee-de-tirage-w8x\/#primaryimage\"},\"image\":{\"@id\":\"https:\/\/gymfactory.eu\/fr\/produit\/poignee-de-tirage-w8x\/#primaryimage\"},\"thumbnailUrl\":\"https:\/\/gymfactory.eu\/wp-content\/uploads\/2025\/02\/high-quality-steel-structure-single-grip-handle-1-1.webp\",\"datePublished\":\"2025-02-20T07:22:02+00:00\",\"description\":\"Fabriqu\u00e9e \u00e0 partir d\u2019une structure en acier de haute qualit\u00e9, cette poign\u00e9e offre durabilit\u00e9 et contr\u00f4le, ce qui en fait un bon choix d\u2019\u00e9quipement de home gym pour les entra\u00eenements de force.\",\"breadcrumb\":{\"@id\":\"https:\/\/gymfactory.eu\/fr\/produit\/poignee-de-tirage-w8x\/#breadcrumb\"},\"inLanguage\":\"fr-FR\",\"potentialAction\":[{\"@type\":\"ReadAction\",\"target\":[\"https:\/\/gymfactory.eu\/fr\/produit\/poignee-de-tirage-w8x\/\"]}]},{\"@type\":\"ImageObject\",\"inLanguage\":\"fr-FR\",\"@id\":\"https:\/\/gymfactory.eu\/fr\/produit\/poignee-de-tirage-w8x\/#primaryimage\",\"url\":\"https:\/\/gymfactory.eu\/wp-content\/uploads\/2025\/02\/high-quality-steel-structure-single-grip-handle-1-1.webp\",\"contentUrl\":\"https:\/\/gymfactory.eu\/wp-content\/uploads\/2025\/02\/high-quality-steel-structure-single-grip-handle-1-1.webp\",\"width\":1500,\"height\":1500,\"caption\":\"A close-up view of\u00a0equipment for weight training\u00a0single-grip handle featuring a textured steel grip and a black metal attachment loop. This handle is ideal for cable machine exercises, allowing for controlled and precise movement during strength training workouts.\"},{\"@type\":\"BreadcrumbList\",\"@id\":\"https:\/\/gymfactory.eu\/fr\/produit\/poignee-de-tirage-w8x\/#breadcrumb\",\"itemListElement\":[{\"@type\":\"ListItem\",\"position\":1,\"name\":\"Home\",\"item\":\"https:\/\/gymfactory.eu\/fr\/page-principale\/\"},{\"@type\":\"ListItem\",\"position\":2,\"name\":\"Catalogue\",\"item\":\"https:\/\/gymfactory.eu\/fr\/catalogue-2\/\"},{\"@type\":\"ListItem\",\"position\":3,\"name\":\"Poign\u00e9e de Tirage W8X\"}]},{\"@type\":\"WebSite\",\"@id\":\"https:\/\/gymfactory.eu\/fr\/#website\",\"url\":\"https:\/\/gymfactory.eu\/fr\/\",\"name\":\"Gym Factory\",\"description\":\"\",\"publisher\":{\"@id\":\"https:\/\/gymfactory.eu\/fr\/#organization\"},\"potentialAction\":[{\"@type\":\"SearchAction\",\"target\":{\"@type\":\"EntryPoint\",\"urlTemplate\":\"https:\/\/gymfactory.eu\/fr\/?s={search_term_string}\"},\"query-input\":{\"@type\":\"PropertyValueSpecification\",\"valueRequired\":true,\"valueName\":\"search_term_string\"}}],\"inLanguage\":\"fr-FR\"},{\"@type\":\"Organization\",\"@id\":\"https:\/\/gymfactory.eu\/fr\/#organization\",\"name\":\"Gym Factory\",\"url\":\"https:\/\/gymfactory.eu\/fr\/\",\"logo\":{\"@type\":\"ImageObject\",\"inLanguage\":\"fr-FR\",\"@id\":\"https:\/\/gymfactory.eu\/fr\/#\/schema\/logo\/image\/\",\"url\":\"https:\/\/gymfactory.eu\/wp-content\/uploads\/2024\/11\/Component-1.svg\",\"contentUrl\":\"https:\/\/gymfactory.eu\/wp-content\/uploads\/2024\/11\/Component-1.svg\",\"width\":54,\"height\":44,\"caption\":\"Gym Factory\"},\"image\":{\"@id\":\"https:\/\/gymfactory.eu\/fr\/#\/schema\/logo\/image\/\"}}]}<\/script>\n<!-- \/ Yoast SEO plugin. -->","yoast_head_json":{"title":"Poign\u00e9e de Tirage W8x Pour un Bon \u00c9quipement de Home Gym","description":"Fabriqu\u00e9e \u00e0 partir d\u2019une structure en acier de haute qualit\u00e9, cette poign\u00e9e offre durabilit\u00e9 et contr\u00f4le, ce qui en fait un bon choix d\u2019\u00e9quipement de home gym pour les entra\u00eenements de force.","robots":{"index":"index","follow":"follow","max-snippet":"max-snippet:-1","max-image-preview":"max-image-preview:large","max-video-preview":"max-video-preview:-1"},"canonical":"https:\/\/gymfactory.eu\/fr\/produit\/poignee-de-tirage-w8x\/","og_locale":"fr_FR","og_type":"article","og_title":"Poign\u00e9e de Tirage W8x Pour un Bon \u00c9quipement de Home Gym","og_description":"Fabriqu\u00e9e \u00e0 partir d\u2019une structure en acier de haute qualit\u00e9, cette poign\u00e9e offre durabilit\u00e9 et contr\u00f4le, ce qui en fait un bon choix d\u2019\u00e9quipement de home gym pour les entra\u00eenements de force.","og_url":"https:\/\/gymfactory.eu\/fr\/produit\/poignee-de-tirage-w8x\/","og_site_name":"Gym Factory","og_image":[{"width":1500,"height":1500,"url":"https:\/\/gymfactory.eu\/wp-content\/uploads\/2025\/02\/high-quality-steel-structure-single-grip-handle-1-1.webp","type":"image\/webp"}],"twitter_card":"summary_large_image","schema":{"@context":"https:\/\/schema.org","@graph":[{"@type":"WebPage","@id":"https:\/\/gymfactory.eu\/fr\/produit\/poignee-de-tirage-w8x\/","url":"https:\/\/gymfactory.eu\/fr\/produit\/poignee-de-tirage-w8x\/","name":"Poign\u00e9e de Tirage W8x Pour un Bon \u00c9quipement de Home Gym","isPartOf":{"@id":"https:\/\/gymfactory.eu\/fr\/#website"},"primaryImageOfPage":{"@id":"https:\/\/gymfactory.eu\/fr\/produit\/poignee-de-tirage-w8x\/#primaryimage"},"image":{"@id":"https:\/\/gymfactory.eu\/fr\/produit\/poignee-de-tirage-w8x\/#primaryimage"},"thumbnailUrl":"https:\/\/gymfactory.eu\/wp-content\/uploads\/2025\/02\/high-quality-steel-structure-single-grip-handle-1-1.webp","datePublished":"2025-02-20T07:22:02+00:00","description":"Fabriqu\u00e9e \u00e0 partir d\u2019une structure en acier de haute qualit\u00e9, cette poign\u00e9e offre durabilit\u00e9 et contr\u00f4le, ce qui en fait un bon choix d\u2019\u00e9quipement de home gym pour les entra\u00eenements de force.","breadcrumb":{"@id":"https:\/\/gymfactory.eu\/fr\/produit\/poignee-de-tirage-w8x\/#breadcrumb"},"inLanguage":"fr-FR","potentialAction":[{"@type":"ReadAction","target":["https:\/\/gymfactory.eu\/fr\/produit\/poignee-de-tirage-w8x\/"]}]},{"@type":"ImageObject","inLanguage":"fr-FR","@id":"https:\/\/gymfactory.eu\/fr\/produit\/poignee-de-tirage-w8x\/#primaryimage","url":"https:\/\/gymfactory.eu\/wp-content\/uploads\/2025\/02\/high-quality-steel-structure-single-grip-handle-1-1.webp","contentUrl":"https:\/\/gymfactory.eu\/wp-content\/uploads\/2025\/02\/high-quality-steel-structure-single-grip-handle-1-1.webp","width":1500,"height":1500,"caption":"A close-up view of\u00a0equipment for weight training\u00a0single-grip handle featuring a textured steel grip and a black metal attachment loop. This handle is ideal for cable machine exercises, allowing for controlled and precise movement during strength training workouts."},{"@type":"BreadcrumbList","@id":"https:\/\/gymfactory.eu\/fr\/produit\/poignee-de-tirage-w8x\/#breadcrumb","itemListElement":[{"@type":"ListItem","position":1,"name":"Home","item":"https:\/\/gymfactory.eu\/fr\/page-principale\/"},{"@type":"ListItem","position":2,"name":"Catalogue","item":"https:\/\/gymfactory.eu\/fr\/catalogue-2\/"},{"@type":"ListItem","position":3,"name":"Poign\u00e9e de Tirage W8X"}]},{"@type":"WebSite","@id":"https:\/\/gymfactory.eu\/fr\/#website","url":"https:\/\/gymfactory.eu\/fr\/","name":"Gym Factory","description":"","publisher":{"@id":"https:\/\/gymfactory.eu\/fr\/#organization"},"potentialAction":[{"@type":"SearchAction","target":{"@type":"EntryPoint","urlTemplate":"https:\/\/gymfactory.eu\/fr\/?s={search_term_string}"},"query-input":{"@type":"PropertyValueSpecification","valueRequired":true,"valueName":"search_term_string"}}],"inLanguage":"fr-FR"},{"@type":"Organization","@id":"https:\/\/gymfactory.eu\/fr\/#organization","name":"Gym Factory","url":"https:\/\/gymfactory.eu\/fr\/","logo":{"@type":"ImageObject","inLanguage":"fr-FR","@id":"https:\/\/gymfactory.eu\/fr\/#\/schema\/logo\/image\/","url":"https:\/\/gymfactory.eu\/wp-content\/uploads\/2024\/11\/Component-1.svg","contentUrl":"https:\/\/gymfactory.eu\/wp-content\/uploads\/2024\/11\/Component-1.svg","width":54,"height":44,"caption":"Gym Factory"},"image":{"@id":"https:\/\/gymfactory.eu\/fr\/#\/schema\/logo\/image\/"}}]}},"_links":{"self":[{"href":"https:\/\/gymfactory.eu\/fr\/wp-json\/wp\/v2\/product\/29564","targetHints":{"allow":["GET"]}}],"collection":[{"href":"https:\/\/gymfactory.eu\/fr\/wp-json\/wp\/v2\/product"}],"about":[{"href":"https:\/\/gymfactory.eu\/fr\/wp-json\/wp\/v2\/types\/product"}],"wp:featuredmedia":[{"embeddable":true,"href":"https:\/\/gymfactory.eu\/fr\/wp-json\/wp\/v2\/media\/29565"}],"wp:attachment":[{"href":"https:\/\/gymfactory.eu\/fr\/wp-json\/wp\/v2\/media?parent=29564"}],"wp:term":[{"taxonomy":"product_brand","embeddable":true,"href":"https:\/\/gymfactory.eu\/fr\/wp-json\/wp\/v2\/product_brand?post=29564"},{"taxonomy":"product_cat","embeddable":true,"href":"https:\/\/gymfactory.eu\/fr\/wp-json\/wp\/v2\/product_cat?post=29564"},{"taxonomy":"product_tag","embeddable":true,"href":"https:\/\/gymfactory.eu\/fr\/wp-json\/wp\/v2\/product_tag?post=29564"}],"curies":[{"name":"wp","href":"https:\/\/api.w.org\/{rel}","templated":true}]}}