{"id":29563,"date":"2025-02-19T15:53:12","date_gmt":"2025-02-19T13:53:12","guid":{"rendered":"https:\/\/gymfactory.eu\/product\/corde-triceps-w7\/"},"modified":"2025-02-19T15:53:12","modified_gmt":"2025-02-19T13:53:12","slug":"corde-triceps-w7","status":"publish","type":"product","link":"https:\/\/gymfactory.eu\/fr\/produit\/corde-triceps-w7\/","title":{"rendered":"Corde Triceps W7"},"content":{"rendered":"<p>La Corde Triceps W7 est un \u00e9quipement de gym fiable con\u00e7u pour les exercices de musculation sur machines \u00e0 poulie. Cet accessoire corde standard est \u00e9quip\u00e9 de but\u00e9es d\u2019extr\u00e9mit\u00e9 durables pour s\u00e9curiser la prise et est couramment utilis\u00e9 pour les extensions triceps (pushdowns), les tirages visage (face pulls) et les crunchs abdominaux. <\/p>\n<p>Il peut \u00e9galement \u00eatre utilis\u00e9 dans des routines de force du bas du corps, comme les pull-throughs (tirages entre les jambes) ou les extensions de hanche, ce qui en fait un outil utile pour toute installation d\u2019entra\u00eenement, que ce soit en home gym ou dans un environnement commercial.<\/p>\n\n    <div class=\"xs_social_share_widget xs_share_url after_content \t\tmain_content  wslu-style-1 wslu-share-box-shaped wslu-fill-colored wslu-none wslu-share-horizontal wslu-theme-font-no wslu-main_content\">\n\n\t\t\n        <ul>\n\t\t\t        <\/ul>\n    <\/div> \n","protected":false},"excerpt":{"rendered":"<p>La Corde Triceps W7 est un \u00e9quipement de gym fiable con\u00e7u pour les exercices de musculation sur machines \u00e0 poulie. Cet accessoire corde standard est \u00e9quip\u00e9 de but\u00e9es d\u2019extr\u00e9mit\u00e9 durables pour s\u00e9curiser la prise et est couramment utilis\u00e9 pour les extensions triceps (pushdowns), les tirages visage (face pulls) et les crunchs abdominaux. Il peut \u00e9galement [&hellip;]<\/p>\n","protected":false},"featured_media":23319,"template":"","meta":{"_acf_changed":false},"product_brand":[56],"product_cat":[826],"product_tag":[977],"class_list":{"0":"post-29563","1":"product","2":"type-product","3":"status-publish","4":"has-post-thumbnail","6":"product_brand-gym-factory","7":"product_cat-accessoires-de-musculation","8":"product_tag-couleur-sans-couleurs","10":"first","11":"onbackorder","12":"taxable","13":"shipping-taxable","14":"purchasable","15":"product-type-simple"},"acf":[],"yoast_head":"<!-- This site is optimized with the Yoast SEO plugin v25.2 - https:\/\/yoast.com\/wordpress\/plugins\/seo\/ -->\n<title>Corde Triceps W7 pour les Exercices de Musculation<\/title>\n<meta name=\"description\" content=\"Cet \u00e9quipement de gym am\u00e9liore vos exercices de musculation, en offrant un design robuste qui soutient les mouvements pour d\u00e9velopper la force du haut et du bas du corps.\" \/>\n<meta name=\"robots\" content=\"index, follow, max-snippet:-1, max-image-preview:large, max-video-preview:-1\" \/>\n<link rel=\"canonical\" href=\"https:\/\/gymfactory.eu\/fr\/produit\/corde-triceps-w7\/\" \/>\n<meta property=\"og:locale\" content=\"fr_FR\" \/>\n<meta property=\"og:type\" content=\"article\" \/>\n<meta property=\"og:title\" content=\"Corde Triceps W7 pour les Exercices de Musculation\" \/>\n<meta property=\"og:description\" content=\"Cet \u00e9quipement de gym am\u00e9liore vos exercices de musculation, en offrant un design robuste qui soutient les mouvements pour d\u00e9velopper la force du haut et du bas du corps.\" \/>\n<meta property=\"og:url\" content=\"https:\/\/gymfactory.eu\/fr\/produit\/corde-triceps-w7\/\" \/>\n<meta property=\"og:site_name\" content=\"Gym Factory\" \/>\n<meta property=\"og:image\" content=\"https:\/\/gymfactory.eu\/wp-content\/uploads\/2025\/02\/high-quality-steel-structure-tricep-rope-2.webp\" \/>\n\t<meta property=\"og:image:width\" content=\"1500\" \/>\n\t<meta property=\"og:image:height\" content=\"1500\" \/>\n\t<meta property=\"og:image:type\" content=\"image\/webp\" \/>\n<meta name=\"twitter:card\" content=\"summary_large_image\" \/>\n<meta name=\"twitter:label1\" content=\"Dur\u00e9e de lecture estim\u00e9e\" \/>\n\t<meta name=\"twitter:data1\" content=\"1 minute\" \/>\n<script type=\"application\/ld+json\" class=\"yoast-schema-graph\">{\"@context\":\"https:\/\/schema.org\",\"@graph\":[{\"@type\":\"WebPage\",\"@id\":\"https:\/\/gymfactory.eu\/fr\/produit\/corde-triceps-w7\/\",\"url\":\"https:\/\/gymfactory.eu\/fr\/produit\/corde-triceps-w7\/\",\"name\":\"Corde Triceps W7 pour les Exercices de Musculation\",\"isPartOf\":{\"@id\":\"https:\/\/gymfactory.eu\/fr\/#website\"},\"primaryImageOfPage\":{\"@id\":\"https:\/\/gymfactory.eu\/fr\/produit\/corde-triceps-w7\/#primaryimage\"},\"image\":{\"@id\":\"https:\/\/gymfactory.eu\/fr\/produit\/corde-triceps-w7\/#primaryimage\"},\"thumbnailUrl\":\"https:\/\/gymfactory.eu\/wp-content\/uploads\/2025\/02\/high-quality-steel-structure-tricep-rope-2.webp\",\"datePublished\":\"2025-02-19T13:53:12+00:00\",\"description\":\"Cet \u00e9quipement de gym am\u00e9liore vos exercices de musculation, en offrant un design robuste qui soutient les mouvements pour d\u00e9velopper la force du haut et du bas du corps.\",\"breadcrumb\":{\"@id\":\"https:\/\/gymfactory.eu\/fr\/produit\/corde-triceps-w7\/#breadcrumb\"},\"inLanguage\":\"fr-FR\",\"potentialAction\":[{\"@type\":\"ReadAction\",\"target\":[\"https:\/\/gymfactory.eu\/fr\/produit\/corde-triceps-w7\/\"]}]},{\"@type\":\"ImageObject\",\"inLanguage\":\"fr-FR\",\"@id\":\"https:\/\/gymfactory.eu\/fr\/produit\/corde-triceps-w7\/#primaryimage\",\"url\":\"https:\/\/gymfactory.eu\/wp-content\/uploads\/2025\/02\/high-quality-steel-structure-tricep-rope-2.webp\",\"contentUrl\":\"https:\/\/gymfactory.eu\/wp-content\/uploads\/2025\/02\/high-quality-steel-structure-tricep-rope-2.webp\",\"width\":1500,\"height\":1500,\"caption\":\"Accessoire corde triceps noire pour \u00e9quipement de musculation, dot\u00e9 d\u2019un design tress\u00e9 durable et d\u2019embouts en caoutchouc. La corde est fix\u00e9e \u00e0 une attache m\u00e9tallique pour un raccordement s\u00e9curis\u00e9 aux machines \u00e0 poulie, permettant des exercices tels que les extensions triceps (pushdowns), les tirages visage (face pulls) et les curls biceps. La corde \u00e9paisse offre une prise confortable et am\u00e9liore l\u2019efficacit\u00e9 de l\u2019entra\u00eenement.\"},{\"@type\":\"BreadcrumbList\",\"@id\":\"https:\/\/gymfactory.eu\/fr\/produit\/corde-triceps-w7\/#breadcrumb\",\"itemListElement\":[{\"@type\":\"ListItem\",\"position\":1,\"name\":\"Home\",\"item\":\"https:\/\/gymfactory.eu\/fr\/\"},{\"@type\":\"ListItem\",\"position\":2,\"name\":\"Catalogue\",\"item\":\"https:\/\/gymfactory.eu\/catalogue\/\"},{\"@type\":\"ListItem\",\"position\":3,\"name\":\"Corde Triceps W7\"}]},{\"@type\":\"WebSite\",\"@id\":\"https:\/\/gymfactory.eu\/fr\/#website\",\"url\":\"https:\/\/gymfactory.eu\/fr\/\",\"name\":\"Gym Factory\",\"description\":\"\",\"publisher\":{\"@id\":\"https:\/\/gymfactory.eu\/fr\/#organization\"},\"potentialAction\":[{\"@type\":\"SearchAction\",\"target\":{\"@type\":\"EntryPoint\",\"urlTemplate\":\"https:\/\/gymfactory.eu\/fr\/?s={search_term_string}\"},\"query-input\":{\"@type\":\"PropertyValueSpecification\",\"valueRequired\":true,\"valueName\":\"search_term_string\"}}],\"inLanguage\":\"fr-FR\"},{\"@type\":\"Organization\",\"@id\":\"https:\/\/gymfactory.eu\/fr\/#organization\",\"name\":\"Gym Factory\",\"url\":\"https:\/\/gymfactory.eu\/fr\/\",\"logo\":{\"@type\":\"ImageObject\",\"inLanguage\":\"fr-FR\",\"@id\":\"https:\/\/gymfactory.eu\/fr\/#\/schema\/logo\/image\/\",\"url\":\"https:\/\/gymfactory.eu\/wp-content\/uploads\/2024\/11\/Component-1.svg\",\"contentUrl\":\"https:\/\/gymfactory.eu\/wp-content\/uploads\/2024\/11\/Component-1.svg\",\"width\":54,\"height\":44,\"caption\":\"Gym Factory\"},\"image\":{\"@id\":\"https:\/\/gymfactory.eu\/fr\/#\/schema\/logo\/image\/\"}}]}<\/script>\n<!-- \/ Yoast SEO plugin. -->","yoast_head_json":{"title":"Corde Triceps W7 pour les Exercices de Musculation","description":"Cet \u00e9quipement de gym am\u00e9liore vos exercices de musculation, en offrant un design robuste qui soutient les mouvements pour d\u00e9velopper la force du haut et du bas du corps.","robots":{"index":"index","follow":"follow","max-snippet":"max-snippet:-1","max-image-preview":"max-image-preview:large","max-video-preview":"max-video-preview:-1"},"canonical":"https:\/\/gymfactory.eu\/fr\/produit\/corde-triceps-w7\/","og_locale":"fr_FR","og_type":"article","og_title":"Corde Triceps W7 pour les Exercices de Musculation","og_description":"Cet \u00e9quipement de gym am\u00e9liore vos exercices de musculation, en offrant un design robuste qui soutient les mouvements pour d\u00e9velopper la force du haut et du bas du corps.","og_url":"https:\/\/gymfactory.eu\/fr\/produit\/corde-triceps-w7\/","og_site_name":"Gym Factory","og_image":[{"width":1500,"height":1500,"url":"https:\/\/gymfactory.eu\/wp-content\/uploads\/2025\/02\/high-quality-steel-structure-tricep-rope-2.webp","type":"image\/webp"}],"twitter_card":"summary_large_image","twitter_misc":{"Dur\u00e9e de lecture estim\u00e9e":"1 minute"},"schema":{"@context":"https:\/\/schema.org","@graph":[{"@type":"WebPage","@id":"https:\/\/gymfactory.eu\/fr\/produit\/corde-triceps-w7\/","url":"https:\/\/gymfactory.eu\/fr\/produit\/corde-triceps-w7\/","name":"Corde Triceps W7 pour les Exercices de Musculation","isPartOf":{"@id":"https:\/\/gymfactory.eu\/fr\/#website"},"primaryImageOfPage":{"@id":"https:\/\/gymfactory.eu\/fr\/produit\/corde-triceps-w7\/#primaryimage"},"image":{"@id":"https:\/\/gymfactory.eu\/fr\/produit\/corde-triceps-w7\/#primaryimage"},"thumbnailUrl":"https:\/\/gymfactory.eu\/wp-content\/uploads\/2025\/02\/high-quality-steel-structure-tricep-rope-2.webp","datePublished":"2025-02-19T13:53:12+00:00","description":"Cet \u00e9quipement de gym am\u00e9liore vos exercices de musculation, en offrant un design robuste qui soutient les mouvements pour d\u00e9velopper la force du haut et du bas du corps.","breadcrumb":{"@id":"https:\/\/gymfactory.eu\/fr\/produit\/corde-triceps-w7\/#breadcrumb"},"inLanguage":"fr-FR","potentialAction":[{"@type":"ReadAction","target":["https:\/\/gymfactory.eu\/fr\/produit\/corde-triceps-w7\/"]}]},{"@type":"ImageObject","inLanguage":"fr-FR","@id":"https:\/\/gymfactory.eu\/fr\/produit\/corde-triceps-w7\/#primaryimage","url":"https:\/\/gymfactory.eu\/wp-content\/uploads\/2025\/02\/high-quality-steel-structure-tricep-rope-2.webp","contentUrl":"https:\/\/gymfactory.eu\/wp-content\/uploads\/2025\/02\/high-quality-steel-structure-tricep-rope-2.webp","width":1500,"height":1500,"caption":"Accessoire corde triceps noire pour \u00e9quipement de musculation, dot\u00e9 d\u2019un design tress\u00e9 durable et d\u2019embouts en caoutchouc. La corde est fix\u00e9e \u00e0 une attache m\u00e9tallique pour un raccordement s\u00e9curis\u00e9 aux machines \u00e0 poulie, permettant des exercices tels que les extensions triceps (pushdowns), les tirages visage (face pulls) et les curls biceps. La corde \u00e9paisse offre une prise confortable et am\u00e9liore l\u2019efficacit\u00e9 de l\u2019entra\u00eenement."},{"@type":"BreadcrumbList","@id":"https:\/\/gymfactory.eu\/fr\/produit\/corde-triceps-w7\/#breadcrumb","itemListElement":[{"@type":"ListItem","position":1,"name":"Home","item":"https:\/\/gymfactory.eu\/fr\/"},{"@type":"ListItem","position":2,"name":"Catalogue","item":"https:\/\/gymfactory.eu\/catalogue\/"},{"@type":"ListItem","position":3,"name":"Corde Triceps W7"}]},{"@type":"WebSite","@id":"https:\/\/gymfactory.eu\/fr\/#website","url":"https:\/\/gymfactory.eu\/fr\/","name":"Gym Factory","description":"","publisher":{"@id":"https:\/\/gymfactory.eu\/fr\/#organization"},"potentialAction":[{"@type":"SearchAction","target":{"@type":"EntryPoint","urlTemplate":"https:\/\/gymfactory.eu\/fr\/?s={search_term_string}"},"query-input":{"@type":"PropertyValueSpecification","valueRequired":true,"valueName":"search_term_string"}}],"inLanguage":"fr-FR"},{"@type":"Organization","@id":"https:\/\/gymfactory.eu\/fr\/#organization","name":"Gym Factory","url":"https:\/\/gymfactory.eu\/fr\/","logo":{"@type":"ImageObject","inLanguage":"fr-FR","@id":"https:\/\/gymfactory.eu\/fr\/#\/schema\/logo\/image\/","url":"https:\/\/gymfactory.eu\/wp-content\/uploads\/2024\/11\/Component-1.svg","contentUrl":"https:\/\/gymfactory.eu\/wp-content\/uploads\/2024\/11\/Component-1.svg","width":54,"height":44,"caption":"Gym Factory"},"image":{"@id":"https:\/\/gymfactory.eu\/fr\/#\/schema\/logo\/image\/"}}]}},"_links":{"self":[{"href":"https:\/\/gymfactory.eu\/fr\/wp-json\/wp\/v2\/product\/29563","targetHints":{"allow":["GET"]}}],"collection":[{"href":"https:\/\/gymfactory.eu\/fr\/wp-json\/wp\/v2\/product"}],"about":[{"href":"https:\/\/gymfactory.eu\/fr\/wp-json\/wp\/v2\/types\/product"}],"wp:featuredmedia":[{"embeddable":true,"href":"https:\/\/gymfactory.eu\/fr\/wp-json\/wp\/v2\/media\/23319"}],"wp:attachment":[{"href":"https:\/\/gymfactory.eu\/fr\/wp-json\/wp\/v2\/media?parent=29563"}],"wp:term":[{"taxonomy":"product_brand","embeddable":true,"href":"https:\/\/gymfactory.eu\/fr\/wp-json\/wp\/v2\/product_brand?post=29563"},{"taxonomy":"product_cat","embeddable":true,"href":"https:\/\/gymfactory.eu\/fr\/wp-json\/wp\/v2\/product_cat?post=29563"},{"taxonomy":"product_tag","embeddable":true,"href":"https:\/\/gymfactory.eu\/fr\/wp-json\/wp\/v2\/product_tag?post=29563"}],"curies":[{"name":"wp","href":"https:\/\/api.w.org\/{rel}","templated":true}]}}