{"id":29392,"date":"2025-02-19T15:44:44","date_gmt":"2025-02-19T13:44:44","guid":{"rendered":"https:\/\/gymfactory.eu\/product\/barre-de-tirage-inclinee-sur-roulement-w5x\/"},"modified":"2025-02-19T15:44:44","modified_gmt":"2025-02-19T13:44:44","slug":"barre-de-tirage-inclinee-sur-roulement-w5x","status":"publish","type":"product","link":"https:\/\/gymfactory.eu\/fr\/produit\/barre-de-tirage-inclinee-sur-roulement-w5x\/","title":{"rendered":"Barre de Tirage Inclin\u00e9e sur Roulement W5X"},"content":{"rendered":"<p>La Barre de Tirage Inclin\u00e9e sur Roulement W5X est un \u00e9quipement de musculation con\u00e7u pour les exercices de renforcement musculaire sur machines \u00e0 poulie. Cette poign\u00e9e pr\u00e9sente un design incurv\u00e9 avec un roulement central, permettant \u00e0 la section de prise de pivoter fluidement pendant le mouvement. <\/p>\n<p>Elle est particuli\u00e8rement adapt\u00e9e aux extensions triceps (pushdowns), offrant un mouvement fluide et un meilleur confort articulaire lors des exercices de pouss\u00e9e.<\/p>\n\n    <div class=\"xs_social_share_widget xs_share_url after_content \t\tmain_content  wslu-style-1 wslu-share-box-shaped wslu-fill-colored wslu-none wslu-share-horizontal wslu-theme-font-no wslu-main_content\">\n\n\t\t\n        <ul>\n\t\t\t        <\/ul>\n    <\/div> \n","protected":false},"excerpt":{"rendered":"<p>La Barre de Tirage Inclin\u00e9e sur Roulement W5X est un \u00e9quipement de musculation con\u00e7u pour les exercices de renforcement musculaire sur machines \u00e0 poulie. Cette poign\u00e9e pr\u00e9sente un design incurv\u00e9 avec un roulement central, permettant \u00e0 la section de prise de pivoter fluidement pendant le mouvement. Elle est particuli\u00e8rement adapt\u00e9e aux extensions triceps (pushdowns), offrant [&hellip;]<\/p>\n","protected":false},"featured_media":29394,"template":"","meta":{"_acf_changed":false},"product_brand":[56],"product_cat":[826],"product_tag":[857],"class_list":{"0":"post-29392","1":"product","2":"type-product","3":"status-publish","4":"has-post-thumbnail","6":"product_brand-gym-factory","7":"product_cat-accessoires-de-musculation","8":"product_tag-couleur-metal-uniquement","10":"first","11":"onbackorder","12":"taxable","13":"shipping-taxable","14":"purchasable","15":"product-type-simple"},"acf":[],"yoast_head":"<!-- This site is optimized with the Yoast SEO plugin v25.2 - https:\/\/yoast.com\/wordpress\/plugins\/seo\/ -->\n<title>Barre de Tirage Inclin\u00e9e sur Roulement W5x \u2013 \u00c9quipement de Musculation<\/title>\n<meta name=\"description\" content=\"Fabriqu\u00e9e \u00e0 partir d\u2019une structure en acier de haute qualit\u00e9, cette poign\u00e9e pour poulie est con\u00e7ue pour supporter des exercices de musculation intenses.\" \/>\n<meta name=\"robots\" content=\"index, follow, max-snippet:-1, max-image-preview:large, max-video-preview:-1\" \/>\n<link rel=\"canonical\" href=\"https:\/\/gymfactory.eu\/fr\/produit\/barre-de-tirage-inclinee-sur-roulement-w5x\/\" \/>\n<meta property=\"og:locale\" content=\"fr_FR\" \/>\n<meta property=\"og:type\" content=\"article\" \/>\n<meta property=\"og:title\" content=\"Barre de Tirage Inclin\u00e9e sur Roulement W5x \u2013 \u00c9quipement de Musculation\" \/>\n<meta property=\"og:description\" content=\"Fabriqu\u00e9e \u00e0 partir d\u2019une structure en acier de haute qualit\u00e9, cette poign\u00e9e pour poulie est con\u00e7ue pour supporter des exercices de musculation intenses.\" \/>\n<meta property=\"og:url\" content=\"https:\/\/gymfactory.eu\/fr\/produit\/barre-de-tirage-inclinee-sur-roulement-w5x\/\" \/>\n<meta property=\"og:site_name\" content=\"Gym Factory\" \/>\n<meta property=\"og:image\" content=\"https:\/\/gymfactory.eu\/wp-content\/uploads\/2025\/02\/high-quality-steel-structure-dual-grip-attachment-2.webp\" \/>\n\t<meta property=\"og:image:width\" content=\"1500\" \/>\n\t<meta property=\"og:image:height\" content=\"1500\" \/>\n\t<meta property=\"og:image:type\" content=\"image\/webp\" \/>\n<meta name=\"twitter:card\" content=\"summary_large_image\" \/>\n<script type=\"application\/ld+json\" class=\"yoast-schema-graph\">{\"@context\":\"https:\/\/schema.org\",\"@graph\":[{\"@type\":\"WebPage\",\"@id\":\"https:\/\/gymfactory.eu\/fr\/produit\/barre-de-tirage-inclinee-sur-roulement-w5x\/\",\"url\":\"https:\/\/gymfactory.eu\/fr\/produit\/barre-de-tirage-inclinee-sur-roulement-w5x\/\",\"name\":\"Barre de Tirage Inclin\u00e9e sur Roulement W5x \u2013 \u00c9quipement de Musculation\",\"isPartOf\":{\"@id\":\"https:\/\/gymfactory.eu\/fr\/#website\"},\"primaryImageOfPage\":{\"@id\":\"https:\/\/gymfactory.eu\/fr\/produit\/barre-de-tirage-inclinee-sur-roulement-w5x\/#primaryimage\"},\"image\":{\"@id\":\"https:\/\/gymfactory.eu\/fr\/produit\/barre-de-tirage-inclinee-sur-roulement-w5x\/#primaryimage\"},\"thumbnailUrl\":\"https:\/\/gymfactory.eu\/wp-content\/uploads\/2025\/02\/high-quality-steel-structure-dual-grip-attachment-2.webp\",\"datePublished\":\"2025-02-19T13:44:44+00:00\",\"description\":\"Fabriqu\u00e9e \u00e0 partir d\u2019une structure en acier de haute qualit\u00e9, cette poign\u00e9e pour poulie est con\u00e7ue pour supporter des exercices de musculation intenses.\",\"breadcrumb\":{\"@id\":\"https:\/\/gymfactory.eu\/fr\/produit\/barre-de-tirage-inclinee-sur-roulement-w5x\/#breadcrumb\"},\"inLanguage\":\"fr-FR\",\"potentialAction\":[{\"@type\":\"ReadAction\",\"target\":[\"https:\/\/gymfactory.eu\/fr\/produit\/barre-de-tirage-inclinee-sur-roulement-w5x\/\"]}]},{\"@type\":\"ImageObject\",\"inLanguage\":\"fr-FR\",\"@id\":\"https:\/\/gymfactory.eu\/fr\/produit\/barre-de-tirage-inclinee-sur-roulement-w5x\/#primaryimage\",\"url\":\"https:\/\/gymfactory.eu\/wp-content\/uploads\/2025\/02\/high-quality-steel-structure-dual-grip-attachment-2.webp\",\"contentUrl\":\"https:\/\/gymfactory.eu\/wp-content\/uploads\/2025\/02\/high-quality-steel-structure-dual-grip-attachment-2.webp\",\"width\":1500,\"height\":1500,\"caption\":\"Heavy-duty equipment for weight training\u00a0dual-grip attachment with a central rotating joint. Featuring textured silver handles and a black steel body, this handle is ideal for seated rows and lat pulldowns, offering stability and a secure grip during strength training.\"},{\"@type\":\"BreadcrumbList\",\"@id\":\"https:\/\/gymfactory.eu\/fr\/produit\/barre-de-tirage-inclinee-sur-roulement-w5x\/#breadcrumb\",\"itemListElement\":[{\"@type\":\"ListItem\",\"position\":1,\"name\":\"Home\",\"item\":\"https:\/\/gymfactory.eu\/fr\/\"},{\"@type\":\"ListItem\",\"position\":2,\"name\":\"Catalogue\",\"item\":\"https:\/\/gymfactory.eu\/catalogue\/\"},{\"@type\":\"ListItem\",\"position\":3,\"name\":\"Barre de Tirage Inclin\u00e9e sur Roulement W5X\"}]},{\"@type\":\"WebSite\",\"@id\":\"https:\/\/gymfactory.eu\/fr\/#website\",\"url\":\"https:\/\/gymfactory.eu\/fr\/\",\"name\":\"Gym Factory\",\"description\":\"\",\"publisher\":{\"@id\":\"https:\/\/gymfactory.eu\/fr\/#organization\"},\"potentialAction\":[{\"@type\":\"SearchAction\",\"target\":{\"@type\":\"EntryPoint\",\"urlTemplate\":\"https:\/\/gymfactory.eu\/fr\/?s={search_term_string}\"},\"query-input\":{\"@type\":\"PropertyValueSpecification\",\"valueRequired\":true,\"valueName\":\"search_term_string\"}}],\"inLanguage\":\"fr-FR\"},{\"@type\":\"Organization\",\"@id\":\"https:\/\/gymfactory.eu\/fr\/#organization\",\"name\":\"Gym Factory\",\"url\":\"https:\/\/gymfactory.eu\/fr\/\",\"logo\":{\"@type\":\"ImageObject\",\"inLanguage\":\"fr-FR\",\"@id\":\"https:\/\/gymfactory.eu\/fr\/#\/schema\/logo\/image\/\",\"url\":\"https:\/\/gymfactory.eu\/wp-content\/uploads\/2024\/11\/Component-1.svg\",\"contentUrl\":\"https:\/\/gymfactory.eu\/wp-content\/uploads\/2024\/11\/Component-1.svg\",\"width\":54,\"height\":44,\"caption\":\"Gym Factory\"},\"image\":{\"@id\":\"https:\/\/gymfactory.eu\/fr\/#\/schema\/logo\/image\/\"}}]}<\/script>\n<!-- \/ Yoast SEO plugin. -->","yoast_head_json":{"title":"Barre de Tirage Inclin\u00e9e sur Roulement W5x \u2013 \u00c9quipement de Musculation","description":"Fabriqu\u00e9e \u00e0 partir d\u2019une structure en acier de haute qualit\u00e9, cette poign\u00e9e pour poulie est con\u00e7ue pour supporter des exercices de musculation intenses.","robots":{"index":"index","follow":"follow","max-snippet":"max-snippet:-1","max-image-preview":"max-image-preview:large","max-video-preview":"max-video-preview:-1"},"canonical":"https:\/\/gymfactory.eu\/fr\/produit\/barre-de-tirage-inclinee-sur-roulement-w5x\/","og_locale":"fr_FR","og_type":"article","og_title":"Barre de Tirage Inclin\u00e9e sur Roulement W5x \u2013 \u00c9quipement de Musculation","og_description":"Fabriqu\u00e9e \u00e0 partir d\u2019une structure en acier de haute qualit\u00e9, cette poign\u00e9e pour poulie est con\u00e7ue pour supporter des exercices de musculation intenses.","og_url":"https:\/\/gymfactory.eu\/fr\/produit\/barre-de-tirage-inclinee-sur-roulement-w5x\/","og_site_name":"Gym Factory","og_image":[{"width":1500,"height":1500,"url":"https:\/\/gymfactory.eu\/wp-content\/uploads\/2025\/02\/high-quality-steel-structure-dual-grip-attachment-2.webp","type":"image\/webp"}],"twitter_card":"summary_large_image","schema":{"@context":"https:\/\/schema.org","@graph":[{"@type":"WebPage","@id":"https:\/\/gymfactory.eu\/fr\/produit\/barre-de-tirage-inclinee-sur-roulement-w5x\/","url":"https:\/\/gymfactory.eu\/fr\/produit\/barre-de-tirage-inclinee-sur-roulement-w5x\/","name":"Barre de Tirage Inclin\u00e9e sur Roulement W5x \u2013 \u00c9quipement de Musculation","isPartOf":{"@id":"https:\/\/gymfactory.eu\/fr\/#website"},"primaryImageOfPage":{"@id":"https:\/\/gymfactory.eu\/fr\/produit\/barre-de-tirage-inclinee-sur-roulement-w5x\/#primaryimage"},"image":{"@id":"https:\/\/gymfactory.eu\/fr\/produit\/barre-de-tirage-inclinee-sur-roulement-w5x\/#primaryimage"},"thumbnailUrl":"https:\/\/gymfactory.eu\/wp-content\/uploads\/2025\/02\/high-quality-steel-structure-dual-grip-attachment-2.webp","datePublished":"2025-02-19T13:44:44+00:00","description":"Fabriqu\u00e9e \u00e0 partir d\u2019une structure en acier de haute qualit\u00e9, cette poign\u00e9e pour poulie est con\u00e7ue pour supporter des exercices de musculation intenses.","breadcrumb":{"@id":"https:\/\/gymfactory.eu\/fr\/produit\/barre-de-tirage-inclinee-sur-roulement-w5x\/#breadcrumb"},"inLanguage":"fr-FR","potentialAction":[{"@type":"ReadAction","target":["https:\/\/gymfactory.eu\/fr\/produit\/barre-de-tirage-inclinee-sur-roulement-w5x\/"]}]},{"@type":"ImageObject","inLanguage":"fr-FR","@id":"https:\/\/gymfactory.eu\/fr\/produit\/barre-de-tirage-inclinee-sur-roulement-w5x\/#primaryimage","url":"https:\/\/gymfactory.eu\/wp-content\/uploads\/2025\/02\/high-quality-steel-structure-dual-grip-attachment-2.webp","contentUrl":"https:\/\/gymfactory.eu\/wp-content\/uploads\/2025\/02\/high-quality-steel-structure-dual-grip-attachment-2.webp","width":1500,"height":1500,"caption":"Heavy-duty equipment for weight training\u00a0dual-grip attachment with a central rotating joint. Featuring textured silver handles and a black steel body, this handle is ideal for seated rows and lat pulldowns, offering stability and a secure grip during strength training."},{"@type":"BreadcrumbList","@id":"https:\/\/gymfactory.eu\/fr\/produit\/barre-de-tirage-inclinee-sur-roulement-w5x\/#breadcrumb","itemListElement":[{"@type":"ListItem","position":1,"name":"Home","item":"https:\/\/gymfactory.eu\/fr\/"},{"@type":"ListItem","position":2,"name":"Catalogue","item":"https:\/\/gymfactory.eu\/catalogue\/"},{"@type":"ListItem","position":3,"name":"Barre de Tirage Inclin\u00e9e sur Roulement W5X"}]},{"@type":"WebSite","@id":"https:\/\/gymfactory.eu\/fr\/#website","url":"https:\/\/gymfactory.eu\/fr\/","name":"Gym Factory","description":"","publisher":{"@id":"https:\/\/gymfactory.eu\/fr\/#organization"},"potentialAction":[{"@type":"SearchAction","target":{"@type":"EntryPoint","urlTemplate":"https:\/\/gymfactory.eu\/fr\/?s={search_term_string}"},"query-input":{"@type":"PropertyValueSpecification","valueRequired":true,"valueName":"search_term_string"}}],"inLanguage":"fr-FR"},{"@type":"Organization","@id":"https:\/\/gymfactory.eu\/fr\/#organization","name":"Gym Factory","url":"https:\/\/gymfactory.eu\/fr\/","logo":{"@type":"ImageObject","inLanguage":"fr-FR","@id":"https:\/\/gymfactory.eu\/fr\/#\/schema\/logo\/image\/","url":"https:\/\/gymfactory.eu\/wp-content\/uploads\/2024\/11\/Component-1.svg","contentUrl":"https:\/\/gymfactory.eu\/wp-content\/uploads\/2024\/11\/Component-1.svg","width":54,"height":44,"caption":"Gym Factory"},"image":{"@id":"https:\/\/gymfactory.eu\/fr\/#\/schema\/logo\/image\/"}}]}},"_links":{"self":[{"href":"https:\/\/gymfactory.eu\/fr\/wp-json\/wp\/v2\/product\/29392","targetHints":{"allow":["GET"]}}],"collection":[{"href":"https:\/\/gymfactory.eu\/fr\/wp-json\/wp\/v2\/product"}],"about":[{"href":"https:\/\/gymfactory.eu\/fr\/wp-json\/wp\/v2\/types\/product"}],"wp:featuredmedia":[{"embeddable":true,"href":"https:\/\/gymfactory.eu\/fr\/wp-json\/wp\/v2\/media\/29394"}],"wp:attachment":[{"href":"https:\/\/gymfactory.eu\/fr\/wp-json\/wp\/v2\/media?parent=29392"}],"wp:term":[{"taxonomy":"product_brand","embeddable":true,"href":"https:\/\/gymfactory.eu\/fr\/wp-json\/wp\/v2\/product_brand?post=29392"},{"taxonomy":"product_cat","embeddable":true,"href":"https:\/\/gymfactory.eu\/fr\/wp-json\/wp\/v2\/product_cat?post=29392"},{"taxonomy":"product_tag","embeddable":true,"href":"https:\/\/gymfactory.eu\/fr\/wp-json\/wp\/v2\/product_tag?post=29392"}],"curies":[{"name":"wp","href":"https:\/\/api.w.org\/{rel}","templated":true}]}}