{"id":29391,"date":"2025-02-19T15:33:40","date_gmt":"2025-02-19T13:33:40","guid":{"rendered":"https:\/\/gymfactory.eu\/product\/w6-handle-with-bearing-attachment\/"},"modified":"2025-02-19T15:33:40","modified_gmt":"2025-02-19T13:33:40","slug":"w6-handle-with-bearing-attachment","status":"publish","type":"product","link":"https:\/\/gymfactory.eu\/fr\/produit\/w6-handle-with-bearing-attachment\/","title":{"rendered":"W6 Handle with Bearing Attachment"},"content":{"rendered":"<p>La Barre Droite de Tirage sur Roulement W6 est un \u00e9quipement de musculation polyvalent con\u00e7u pour une utilisation aussi bien en home gym que dans les salles de sport commerciales. Cette barre droite pour poulie dispose d\u2019un roulement mont\u00e9 au centre, permettant \u00e0 la prise de pivoter fluidement pendant le mouvement. <\/p>\n<p>Son design universel la rend adapt\u00e9e \u00e0 un large \u00e9ventail d\u2019exercices pour le haut du corps, notamment le curl biceps, les extensions triceps (pushdowns), les tirages horizontaux (rows) et les tirages verticaux (pulldowns) sur machine \u00e0 poulie.<\/p>\n\n    <div class=\"xs_social_share_widget xs_share_url after_content \t\tmain_content  wslu-style-1 wslu-share-box-shaped wslu-fill-colored wslu-none wslu-share-horizontal wslu-theme-font-no wslu-main_content\">\n\n\t\t\n        <ul>\n\t\t\t        <\/ul>\n    <\/div> \n","protected":false},"excerpt":{"rendered":"<p>La Barre Droite de Tirage sur Roulement W6 est un \u00e9quipement de musculation polyvalent con\u00e7u pour une utilisation aussi bien en home gym que dans les salles de sport commerciales. Cette barre droite pour poulie dispose d\u2019un roulement mont\u00e9 au centre, permettant \u00e0 la prise de pivoter fluidement pendant le mouvement. Son design universel la [&hellip;]<\/p>\n","protected":false},"featured_media":27689,"template":"","meta":{"_acf_changed":false},"product_brand":[56],"product_cat":[826],"product_tag":[857],"class_list":{"0":"post-29391","1":"product","2":"type-product","3":"status-publish","4":"has-post-thumbnail","6":"product_brand-gym-factory","7":"product_cat-accessoires-de-musculation","8":"product_tag-couleur-metal-uniquement","10":"first","11":"onbackorder","12":"taxable","13":"shipping-taxable","14":"purchasable","15":"product-type-simple"},"acf":[],"yoast_head":"<!-- This site is optimized with the Yoast SEO plugin v25.2 - https:\/\/yoast.com\/wordpress\/plugins\/seo\/ -->\n<title>Barre Droite de Tirage sur Roulement W6 \u2013 Pour Votre Configuration Home Gym<\/title>\n<meta name=\"description\" content=\"Cet \u00e9quipement de musculation offre des performances fluides et une grande durabilit\u00e9, ce qui en fait un ajout pr\u00e9cieux \u00e0 tout home gym pour les entra\u00eenements du haut du corps.\" \/>\n<meta name=\"robots\" content=\"index, follow, max-snippet:-1, max-image-preview:large, max-video-preview:-1\" \/>\n<link rel=\"canonical\" href=\"https:\/\/gymfactory.eu\/fr\/produit\/w6-handle-with-bearing-attachment\/\" \/>\n<meta property=\"og:locale\" content=\"fr_FR\" \/>\n<meta property=\"og:type\" content=\"article\" \/>\n<meta property=\"og:title\" content=\"Barre Droite de Tirage sur Roulement W6 \u2013 Pour Votre Configuration Home Gym\" \/>\n<meta property=\"og:description\" content=\"Cet \u00e9quipement de musculation offre des performances fluides et une grande durabilit\u00e9, ce qui en fait un ajout pr\u00e9cieux \u00e0 tout home gym pour les entra\u00eenements du haut du corps.\" \/>\n<meta property=\"og:url\" content=\"https:\/\/gymfactory.eu\/fr\/produit\/w6-handle-with-bearing-attachment\/\" \/>\n<meta property=\"og:site_name\" content=\"Gym Factory\" \/>\n<meta property=\"og:image\" content=\"https:\/\/gymfactory.eu\/wp-content\/uploads\/2025\/02\/high-quality-steel-structure-straight-handle-1-1-1.webp\" \/>\n\t<meta property=\"og:image:width\" content=\"1500\" \/>\n\t<meta property=\"og:image:height\" content=\"1500\" \/>\n\t<meta property=\"og:image:type\" content=\"image\/webp\" \/>\n<meta name=\"twitter:card\" content=\"summary_large_image\" \/>\n<script type=\"application\/ld+json\" class=\"yoast-schema-graph\">{\"@context\":\"https:\/\/schema.org\",\"@graph\":[{\"@type\":\"WebPage\",\"@id\":\"https:\/\/gymfactory.eu\/fr\/produit\/w6-handle-with-bearing-attachment\/\",\"url\":\"https:\/\/gymfactory.eu\/fr\/produit\/w6-handle-with-bearing-attachment\/\",\"name\":\"Barre Droite de Tirage sur Roulement W6 \u2013 Pour Votre Configuration Home Gym\",\"isPartOf\":{\"@id\":\"https:\/\/gymfactory.eu\/fr\/#website\"},\"primaryImageOfPage\":{\"@id\":\"https:\/\/gymfactory.eu\/fr\/produit\/w6-handle-with-bearing-attachment\/#primaryimage\"},\"image\":{\"@id\":\"https:\/\/gymfactory.eu\/fr\/produit\/w6-handle-with-bearing-attachment\/#primaryimage\"},\"thumbnailUrl\":\"https:\/\/gymfactory.eu\/wp-content\/uploads\/2025\/02\/high-quality-steel-structure-straight-handle-1-1-1.webp\",\"datePublished\":\"2025-02-19T13:33:40+00:00\",\"description\":\"Cet \u00e9quipement de musculation offre des performances fluides et une grande durabilit\u00e9, ce qui en fait un ajout pr\u00e9cieux \u00e0 tout home gym pour les entra\u00eenements du haut du corps.\",\"breadcrumb\":{\"@id\":\"https:\/\/gymfactory.eu\/fr\/produit\/w6-handle-with-bearing-attachment\/#breadcrumb\"},\"inLanguage\":\"fr-FR\",\"potentialAction\":[{\"@type\":\"ReadAction\",\"target\":[\"https:\/\/gymfactory.eu\/fr\/produit\/w6-handle-with-bearing-attachment\/\"]}]},{\"@type\":\"ImageObject\",\"inLanguage\":\"fr-FR\",\"@id\":\"https:\/\/gymfactory.eu\/fr\/produit\/w6-handle-with-bearing-attachment\/#primaryimage\",\"url\":\"https:\/\/gymfactory.eu\/wp-content\/uploads\/2025\/02\/high-quality-steel-structure-straight-handle-1-1-1.webp\",\"contentUrl\":\"https:\/\/gymfactory.eu\/wp-content\/uploads\/2025\/02\/high-quality-steel-structure-straight-handle-1-1-1.webp\",\"width\":1500,\"height\":1500,\"caption\":\"A black\u00a0piece of equipment for weight training\u00a0handle attachment with a central mounting bracket. Made of durable steel, this handle is designed for cable machines, allowing for a firm and balanced grip during various strength exercises like seated rows and lat pulldowns.\"},{\"@type\":\"BreadcrumbList\",\"@id\":\"https:\/\/gymfactory.eu\/fr\/produit\/w6-handle-with-bearing-attachment\/#breadcrumb\",\"itemListElement\":[{\"@type\":\"ListItem\",\"position\":1,\"name\":\"Home\",\"item\":\"https:\/\/gymfactory.eu\/fr\/page-principale\/\"},{\"@type\":\"ListItem\",\"position\":2,\"name\":\"Catalogue\",\"item\":\"https:\/\/gymfactory.eu\/fr\/catalogue-2\/\"},{\"@type\":\"ListItem\",\"position\":3,\"name\":\"W6 Handle with Bearing Attachment\"}]},{\"@type\":\"WebSite\",\"@id\":\"https:\/\/gymfactory.eu\/fr\/#website\",\"url\":\"https:\/\/gymfactory.eu\/fr\/\",\"name\":\"Gym Factory\",\"description\":\"\",\"publisher\":{\"@id\":\"https:\/\/gymfactory.eu\/fr\/#organization\"},\"potentialAction\":[{\"@type\":\"SearchAction\",\"target\":{\"@type\":\"EntryPoint\",\"urlTemplate\":\"https:\/\/gymfactory.eu\/fr\/?s={search_term_string}\"},\"query-input\":{\"@type\":\"PropertyValueSpecification\",\"valueRequired\":true,\"valueName\":\"search_term_string\"}}],\"inLanguage\":\"fr-FR\"},{\"@type\":\"Organization\",\"@id\":\"https:\/\/gymfactory.eu\/fr\/#organization\",\"name\":\"Gym Factory\",\"url\":\"https:\/\/gymfactory.eu\/fr\/\",\"logo\":{\"@type\":\"ImageObject\",\"inLanguage\":\"fr-FR\",\"@id\":\"https:\/\/gymfactory.eu\/fr\/#\/schema\/logo\/image\/\",\"url\":\"https:\/\/gymfactory.eu\/wp-content\/uploads\/2024\/11\/Component-1.svg\",\"contentUrl\":\"https:\/\/gymfactory.eu\/wp-content\/uploads\/2024\/11\/Component-1.svg\",\"width\":54,\"height\":44,\"caption\":\"Gym Factory\"},\"image\":{\"@id\":\"https:\/\/gymfactory.eu\/fr\/#\/schema\/logo\/image\/\"}}]}<\/script>\n<!-- \/ Yoast SEO plugin. -->","yoast_head_json":{"title":"Barre Droite de Tirage sur Roulement W6 \u2013 Pour Votre Configuration Home Gym","description":"Cet \u00e9quipement de musculation offre des performances fluides et une grande durabilit\u00e9, ce qui en fait un ajout pr\u00e9cieux \u00e0 tout home gym pour les entra\u00eenements du haut du corps.","robots":{"index":"index","follow":"follow","max-snippet":"max-snippet:-1","max-image-preview":"max-image-preview:large","max-video-preview":"max-video-preview:-1"},"canonical":"https:\/\/gymfactory.eu\/fr\/produit\/w6-handle-with-bearing-attachment\/","og_locale":"fr_FR","og_type":"article","og_title":"Barre Droite de Tirage sur Roulement W6 \u2013 Pour Votre Configuration Home Gym","og_description":"Cet \u00e9quipement de musculation offre des performances fluides et une grande durabilit\u00e9, ce qui en fait un ajout pr\u00e9cieux \u00e0 tout home gym pour les entra\u00eenements du haut du corps.","og_url":"https:\/\/gymfactory.eu\/fr\/produit\/w6-handle-with-bearing-attachment\/","og_site_name":"Gym Factory","og_image":[{"width":1500,"height":1500,"url":"https:\/\/gymfactory.eu\/wp-content\/uploads\/2025\/02\/high-quality-steel-structure-straight-handle-1-1-1.webp","type":"image\/webp"}],"twitter_card":"summary_large_image","schema":{"@context":"https:\/\/schema.org","@graph":[{"@type":"WebPage","@id":"https:\/\/gymfactory.eu\/fr\/produit\/w6-handle-with-bearing-attachment\/","url":"https:\/\/gymfactory.eu\/fr\/produit\/w6-handle-with-bearing-attachment\/","name":"Barre Droite de Tirage sur Roulement W6 \u2013 Pour Votre Configuration Home Gym","isPartOf":{"@id":"https:\/\/gymfactory.eu\/fr\/#website"},"primaryImageOfPage":{"@id":"https:\/\/gymfactory.eu\/fr\/produit\/w6-handle-with-bearing-attachment\/#primaryimage"},"image":{"@id":"https:\/\/gymfactory.eu\/fr\/produit\/w6-handle-with-bearing-attachment\/#primaryimage"},"thumbnailUrl":"https:\/\/gymfactory.eu\/wp-content\/uploads\/2025\/02\/high-quality-steel-structure-straight-handle-1-1-1.webp","datePublished":"2025-02-19T13:33:40+00:00","description":"Cet \u00e9quipement de musculation offre des performances fluides et une grande durabilit\u00e9, ce qui en fait un ajout pr\u00e9cieux \u00e0 tout home gym pour les entra\u00eenements du haut du corps.","breadcrumb":{"@id":"https:\/\/gymfactory.eu\/fr\/produit\/w6-handle-with-bearing-attachment\/#breadcrumb"},"inLanguage":"fr-FR","potentialAction":[{"@type":"ReadAction","target":["https:\/\/gymfactory.eu\/fr\/produit\/w6-handle-with-bearing-attachment\/"]}]},{"@type":"ImageObject","inLanguage":"fr-FR","@id":"https:\/\/gymfactory.eu\/fr\/produit\/w6-handle-with-bearing-attachment\/#primaryimage","url":"https:\/\/gymfactory.eu\/wp-content\/uploads\/2025\/02\/high-quality-steel-structure-straight-handle-1-1-1.webp","contentUrl":"https:\/\/gymfactory.eu\/wp-content\/uploads\/2025\/02\/high-quality-steel-structure-straight-handle-1-1-1.webp","width":1500,"height":1500,"caption":"A black\u00a0piece of equipment for weight training\u00a0handle attachment with a central mounting bracket. Made of durable steel, this handle is designed for cable machines, allowing for a firm and balanced grip during various strength exercises like seated rows and lat pulldowns."},{"@type":"BreadcrumbList","@id":"https:\/\/gymfactory.eu\/fr\/produit\/w6-handle-with-bearing-attachment\/#breadcrumb","itemListElement":[{"@type":"ListItem","position":1,"name":"Home","item":"https:\/\/gymfactory.eu\/fr\/page-principale\/"},{"@type":"ListItem","position":2,"name":"Catalogue","item":"https:\/\/gymfactory.eu\/fr\/catalogue-2\/"},{"@type":"ListItem","position":3,"name":"W6 Handle with Bearing Attachment"}]},{"@type":"WebSite","@id":"https:\/\/gymfactory.eu\/fr\/#website","url":"https:\/\/gymfactory.eu\/fr\/","name":"Gym Factory","description":"","publisher":{"@id":"https:\/\/gymfactory.eu\/fr\/#organization"},"potentialAction":[{"@type":"SearchAction","target":{"@type":"EntryPoint","urlTemplate":"https:\/\/gymfactory.eu\/fr\/?s={search_term_string}"},"query-input":{"@type":"PropertyValueSpecification","valueRequired":true,"valueName":"search_term_string"}}],"inLanguage":"fr-FR"},{"@type":"Organization","@id":"https:\/\/gymfactory.eu\/fr\/#organization","name":"Gym Factory","url":"https:\/\/gymfactory.eu\/fr\/","logo":{"@type":"ImageObject","inLanguage":"fr-FR","@id":"https:\/\/gymfactory.eu\/fr\/#\/schema\/logo\/image\/","url":"https:\/\/gymfactory.eu\/wp-content\/uploads\/2024\/11\/Component-1.svg","contentUrl":"https:\/\/gymfactory.eu\/wp-content\/uploads\/2024\/11\/Component-1.svg","width":54,"height":44,"caption":"Gym Factory"},"image":{"@id":"https:\/\/gymfactory.eu\/fr\/#\/schema\/logo\/image\/"}}]}},"_links":{"self":[{"href":"https:\/\/gymfactory.eu\/fr\/wp-json\/wp\/v2\/product\/29391","targetHints":{"allow":["GET"]}}],"collection":[{"href":"https:\/\/gymfactory.eu\/fr\/wp-json\/wp\/v2\/product"}],"about":[{"href":"https:\/\/gymfactory.eu\/fr\/wp-json\/wp\/v2\/types\/product"}],"wp:featuredmedia":[{"embeddable":true,"href":"https:\/\/gymfactory.eu\/fr\/wp-json\/wp\/v2\/media\/27689"}],"wp:attachment":[{"href":"https:\/\/gymfactory.eu\/fr\/wp-json\/wp\/v2\/media?parent=29391"}],"wp:term":[{"taxonomy":"product_brand","embeddable":true,"href":"https:\/\/gymfactory.eu\/fr\/wp-json\/wp\/v2\/product_brand?post=29391"},{"taxonomy":"product_cat","embeddable":true,"href":"https:\/\/gymfactory.eu\/fr\/wp-json\/wp\/v2\/product_cat?post=29391"},{"taxonomy":"product_tag","embeddable":true,"href":"https:\/\/gymfactory.eu\/fr\/wp-json\/wp\/v2\/product_tag?post=29391"}],"curies":[{"name":"wp","href":"https:\/\/api.w.org\/{rel}","templated":true}]}}