{"id":29388,"date":"2025-02-19T15:14:17","date_gmt":"2025-02-19T13:14:17","guid":{"rendered":"https:\/\/gymfactory.eu\/product\/support-de-fixation-w4\/"},"modified":"2025-02-19T15:14:17","modified_gmt":"2025-02-19T13:14:17","slug":"support-de-fixation-w4","status":"publish","type":"product","link":"https:\/\/gymfactory.eu\/fr\/produit\/support-de-fixation-w4\/","title":{"rendered":"Support de Fixation W4"},"content":{"rendered":"<p>Le Support de Fixation W4 est un \u00e9quipement de gym compact con\u00e7u pour \u00eatre fix\u00e9 au mur et utilis\u00e9 comme point d\u2019ancrage. Le support est \u00e9quip\u00e9 d\u2019une boucle fixe, id\u00e9ale pour attacher des battle ropes (cordes ondulatoires), des bandes de r\u00e9sistance ou d\u2019autres accessoires d\u2019entra\u00eenement. <\/p>\n<p>Con\u00e7u pour offrir un support stable, il permet d\u2019\u00e9largir les options d\u2019entra\u00eenement dans les environnements de gym personnels et professionnels.<\/p>\n\n    <div class=\"xs_social_share_widget xs_share_url after_content \t\tmain_content  wslu-style-1 wslu-share-box-shaped wslu-fill-colored wslu-none wslu-share-horizontal wslu-theme-font-no wslu-main_content\">\n\n\t\t\n        <ul>\n\t\t\t        <\/ul>\n    <\/div> \n","protected":false},"excerpt":{"rendered":"<p>Le Support de Fixation W4 est un \u00e9quipement de gym compact con\u00e7u pour \u00eatre fix\u00e9 au mur et utilis\u00e9 comme point d\u2019ancrage. Le support est \u00e9quip\u00e9 d\u2019une boucle fixe, id\u00e9ale pour attacher des battle ropes (cordes ondulatoires), des bandes de r\u00e9sistance ou d\u2019autres accessoires d\u2019entra\u00eenement. Con\u00e7u pour offrir un support stable, il permet d\u2019\u00e9largir les [&hellip;]<\/p>\n","protected":false},"featured_media":29389,"template":"","meta":{"_acf_changed":false},"product_brand":[56],"product_cat":[826],"product_tag":[857],"class_list":{"0":"post-29388","1":"product","2":"type-product","3":"status-publish","4":"has-post-thumbnail","6":"product_brand-gym-factory","7":"product_cat-accessoires-de-musculation","8":"product_tag-couleur-metal-uniquement","10":"first","11":"onbackorder","12":"taxable","13":"shipping-taxable","14":"purchasable","15":"product-type-simple"},"acf":[],"yoast_head":"<!-- This site is optimized with the Yoast SEO plugin v25.2 - https:\/\/yoast.com\/wordpress\/plugins\/seo\/ -->\n<title>Support de Fixation W4 \u2013 \u00c9quipement de Gym Haute Qualit\u00e9 pour l\u2019Entra\u00eenement<\/title>\n<meta name=\"description\" content=\"Fabriqu\u00e9 avec une structure en acier de haute qualit\u00e9, ce support soutient solidement l\u2019\u00e9quipement de gym, garantissant durabilit\u00e9 et stabilit\u00e9 dans n\u2019importe quel espace d\u2019entra\u00eenement.\" \/>\n<meta name=\"robots\" content=\"index, follow, max-snippet:-1, max-image-preview:large, max-video-preview:-1\" \/>\n<link rel=\"canonical\" href=\"https:\/\/gymfactory.eu\/fr\/produit\/support-de-fixation-w4\/\" \/>\n<meta property=\"og:locale\" content=\"fr_FR\" \/>\n<meta property=\"og:type\" content=\"article\" \/>\n<meta property=\"og:title\" content=\"Support de Fixation W4 \u2013 \u00c9quipement de Gym Haute Qualit\u00e9 pour l\u2019Entra\u00eenement\" \/>\n<meta property=\"og:description\" content=\"Fabriqu\u00e9 avec une structure en acier de haute qualit\u00e9, ce support soutient solidement l\u2019\u00e9quipement de gym, garantissant durabilit\u00e9 et stabilit\u00e9 dans n\u2019importe quel espace d\u2019entra\u00eenement.\" \/>\n<meta property=\"og:url\" content=\"https:\/\/gymfactory.eu\/fr\/produit\/support-de-fixation-w4\/\" \/>\n<meta property=\"og:site_name\" content=\"Gym Factory\" \/>\n<meta property=\"og:image\" content=\"https:\/\/gymfactory.eu\/wp-content\/uploads\/2025\/02\/high-quality-steel-structure-wall-anchor-1.webp\" \/>\n\t<meta property=\"og:image:width\" content=\"1500\" \/>\n\t<meta property=\"og:image:height\" content=\"1500\" \/>\n\t<meta property=\"og:image:type\" content=\"image\/webp\" \/>\n<meta name=\"twitter:card\" content=\"summary_large_image\" \/>\n<script type=\"application\/ld+json\" class=\"yoast-schema-graph\">{\"@context\":\"https:\/\/schema.org\",\"@graph\":[{\"@type\":\"WebPage\",\"@id\":\"https:\/\/gymfactory.eu\/fr\/produit\/support-de-fixation-w4\/\",\"url\":\"https:\/\/gymfactory.eu\/fr\/produit\/support-de-fixation-w4\/\",\"name\":\"Support de Fixation W4 \u2013 \u00c9quipement de Gym Haute Qualit\u00e9 pour l\u2019Entra\u00eenement\",\"isPartOf\":{\"@id\":\"https:\/\/gymfactory.eu\/fr\/#website\"},\"primaryImageOfPage\":{\"@id\":\"https:\/\/gymfactory.eu\/fr\/produit\/support-de-fixation-w4\/#primaryimage\"},\"image\":{\"@id\":\"https:\/\/gymfactory.eu\/fr\/produit\/support-de-fixation-w4\/#primaryimage\"},\"thumbnailUrl\":\"https:\/\/gymfactory.eu\/wp-content\/uploads\/2025\/02\/high-quality-steel-structure-wall-anchor-1.webp\",\"datePublished\":\"2025-02-19T13:14:17+00:00\",\"description\":\"Fabriqu\u00e9 avec une structure en acier de haute qualit\u00e9, ce support soutient solidement l\u2019\u00e9quipement de gym, garantissant durabilit\u00e9 et stabilit\u00e9 dans n\u2019importe quel espace d\u2019entra\u00eenement.\",\"breadcrumb\":{\"@id\":\"https:\/\/gymfactory.eu\/fr\/produit\/support-de-fixation-w4\/#breadcrumb\"},\"inLanguage\":\"fr-FR\",\"potentialAction\":[{\"@type\":\"ReadAction\",\"target\":[\"https:\/\/gymfactory.eu\/fr\/produit\/support-de-fixation-w4\/\"]}]},{\"@type\":\"ImageObject\",\"inLanguage\":\"fr-FR\",\"@id\":\"https:\/\/gymfactory.eu\/fr\/produit\/support-de-fixation-w4\/#primaryimage\",\"url\":\"https:\/\/gymfactory.eu\/wp-content\/uploads\/2025\/02\/high-quality-steel-structure-wall-anchor-1.webp\",\"contentUrl\":\"https:\/\/gymfactory.eu\/wp-content\/uploads\/2025\/02\/high-quality-steel-structure-wall-anchor-1.webp\",\"width\":1500,\"height\":1500,\"caption\":\"A black equipment for weight training wall anchor with a sturdy steel plate and a curved attachment loop. This mount is designed for securing resistance bands, suspension trainers, or battle ropes to a solid surface, providing a reliable anchoring point for various strength and conditioning exercises. The steel construction ensures durability and stability during workouts.\"},{\"@type\":\"BreadcrumbList\",\"@id\":\"https:\/\/gymfactory.eu\/fr\/produit\/support-de-fixation-w4\/#breadcrumb\",\"itemListElement\":[{\"@type\":\"ListItem\",\"position\":1,\"name\":\"Home\",\"item\":\"https:\/\/gymfactory.eu\/fr\/page-principale\/\"},{\"@type\":\"ListItem\",\"position\":2,\"name\":\"Catalogue\",\"item\":\"https:\/\/gymfactory.eu\/fr\/catalogue-2\/\"},{\"@type\":\"ListItem\",\"position\":3,\"name\":\"Support de Fixation W4\"}]},{\"@type\":\"WebSite\",\"@id\":\"https:\/\/gymfactory.eu\/fr\/#website\",\"url\":\"https:\/\/gymfactory.eu\/fr\/\",\"name\":\"Gym Factory\",\"description\":\"\",\"publisher\":{\"@id\":\"https:\/\/gymfactory.eu\/fr\/#organization\"},\"potentialAction\":[{\"@type\":\"SearchAction\",\"target\":{\"@type\":\"EntryPoint\",\"urlTemplate\":\"https:\/\/gymfactory.eu\/fr\/?s={search_term_string}\"},\"query-input\":{\"@type\":\"PropertyValueSpecification\",\"valueRequired\":true,\"valueName\":\"search_term_string\"}}],\"inLanguage\":\"fr-FR\"},{\"@type\":\"Organization\",\"@id\":\"https:\/\/gymfactory.eu\/fr\/#organization\",\"name\":\"Gym Factory\",\"url\":\"https:\/\/gymfactory.eu\/fr\/\",\"logo\":{\"@type\":\"ImageObject\",\"inLanguage\":\"fr-FR\",\"@id\":\"https:\/\/gymfactory.eu\/fr\/#\/schema\/logo\/image\/\",\"url\":\"https:\/\/gymfactory.eu\/wp-content\/uploads\/2024\/11\/Component-1.svg\",\"contentUrl\":\"https:\/\/gymfactory.eu\/wp-content\/uploads\/2024\/11\/Component-1.svg\",\"width\":54,\"height\":44,\"caption\":\"Gym Factory\"},\"image\":{\"@id\":\"https:\/\/gymfactory.eu\/fr\/#\/schema\/logo\/image\/\"}}]}<\/script>\n<!-- \/ Yoast SEO plugin. -->","yoast_head_json":{"title":"Support de Fixation W4 \u2013 \u00c9quipement de Gym Haute Qualit\u00e9 pour l\u2019Entra\u00eenement","description":"Fabriqu\u00e9 avec une structure en acier de haute qualit\u00e9, ce support soutient solidement l\u2019\u00e9quipement de gym, garantissant durabilit\u00e9 et stabilit\u00e9 dans n\u2019importe quel espace d\u2019entra\u00eenement.","robots":{"index":"index","follow":"follow","max-snippet":"max-snippet:-1","max-image-preview":"max-image-preview:large","max-video-preview":"max-video-preview:-1"},"canonical":"https:\/\/gymfactory.eu\/fr\/produit\/support-de-fixation-w4\/","og_locale":"fr_FR","og_type":"article","og_title":"Support de Fixation W4 \u2013 \u00c9quipement de Gym Haute Qualit\u00e9 pour l\u2019Entra\u00eenement","og_description":"Fabriqu\u00e9 avec une structure en acier de haute qualit\u00e9, ce support soutient solidement l\u2019\u00e9quipement de gym, garantissant durabilit\u00e9 et stabilit\u00e9 dans n\u2019importe quel espace d\u2019entra\u00eenement.","og_url":"https:\/\/gymfactory.eu\/fr\/produit\/support-de-fixation-w4\/","og_site_name":"Gym Factory","og_image":[{"width":1500,"height":1500,"url":"https:\/\/gymfactory.eu\/wp-content\/uploads\/2025\/02\/high-quality-steel-structure-wall-anchor-1.webp","type":"image\/webp"}],"twitter_card":"summary_large_image","schema":{"@context":"https:\/\/schema.org","@graph":[{"@type":"WebPage","@id":"https:\/\/gymfactory.eu\/fr\/produit\/support-de-fixation-w4\/","url":"https:\/\/gymfactory.eu\/fr\/produit\/support-de-fixation-w4\/","name":"Support de Fixation W4 \u2013 \u00c9quipement de Gym Haute Qualit\u00e9 pour l\u2019Entra\u00eenement","isPartOf":{"@id":"https:\/\/gymfactory.eu\/fr\/#website"},"primaryImageOfPage":{"@id":"https:\/\/gymfactory.eu\/fr\/produit\/support-de-fixation-w4\/#primaryimage"},"image":{"@id":"https:\/\/gymfactory.eu\/fr\/produit\/support-de-fixation-w4\/#primaryimage"},"thumbnailUrl":"https:\/\/gymfactory.eu\/wp-content\/uploads\/2025\/02\/high-quality-steel-structure-wall-anchor-1.webp","datePublished":"2025-02-19T13:14:17+00:00","description":"Fabriqu\u00e9 avec une structure en acier de haute qualit\u00e9, ce support soutient solidement l\u2019\u00e9quipement de gym, garantissant durabilit\u00e9 et stabilit\u00e9 dans n\u2019importe quel espace d\u2019entra\u00eenement.","breadcrumb":{"@id":"https:\/\/gymfactory.eu\/fr\/produit\/support-de-fixation-w4\/#breadcrumb"},"inLanguage":"fr-FR","potentialAction":[{"@type":"ReadAction","target":["https:\/\/gymfactory.eu\/fr\/produit\/support-de-fixation-w4\/"]}]},{"@type":"ImageObject","inLanguage":"fr-FR","@id":"https:\/\/gymfactory.eu\/fr\/produit\/support-de-fixation-w4\/#primaryimage","url":"https:\/\/gymfactory.eu\/wp-content\/uploads\/2025\/02\/high-quality-steel-structure-wall-anchor-1.webp","contentUrl":"https:\/\/gymfactory.eu\/wp-content\/uploads\/2025\/02\/high-quality-steel-structure-wall-anchor-1.webp","width":1500,"height":1500,"caption":"A black equipment for weight training wall anchor with a sturdy steel plate and a curved attachment loop. This mount is designed for securing resistance bands, suspension trainers, or battle ropes to a solid surface, providing a reliable anchoring point for various strength and conditioning exercises. The steel construction ensures durability and stability during workouts."},{"@type":"BreadcrumbList","@id":"https:\/\/gymfactory.eu\/fr\/produit\/support-de-fixation-w4\/#breadcrumb","itemListElement":[{"@type":"ListItem","position":1,"name":"Home","item":"https:\/\/gymfactory.eu\/fr\/page-principale\/"},{"@type":"ListItem","position":2,"name":"Catalogue","item":"https:\/\/gymfactory.eu\/fr\/catalogue-2\/"},{"@type":"ListItem","position":3,"name":"Support de Fixation W4"}]},{"@type":"WebSite","@id":"https:\/\/gymfactory.eu\/fr\/#website","url":"https:\/\/gymfactory.eu\/fr\/","name":"Gym Factory","description":"","publisher":{"@id":"https:\/\/gymfactory.eu\/fr\/#organization"},"potentialAction":[{"@type":"SearchAction","target":{"@type":"EntryPoint","urlTemplate":"https:\/\/gymfactory.eu\/fr\/?s={search_term_string}"},"query-input":{"@type":"PropertyValueSpecification","valueRequired":true,"valueName":"search_term_string"}}],"inLanguage":"fr-FR"},{"@type":"Organization","@id":"https:\/\/gymfactory.eu\/fr\/#organization","name":"Gym Factory","url":"https:\/\/gymfactory.eu\/fr\/","logo":{"@type":"ImageObject","inLanguage":"fr-FR","@id":"https:\/\/gymfactory.eu\/fr\/#\/schema\/logo\/image\/","url":"https:\/\/gymfactory.eu\/wp-content\/uploads\/2024\/11\/Component-1.svg","contentUrl":"https:\/\/gymfactory.eu\/wp-content\/uploads\/2024\/11\/Component-1.svg","width":54,"height":44,"caption":"Gym Factory"},"image":{"@id":"https:\/\/gymfactory.eu\/fr\/#\/schema\/logo\/image\/"}}]}},"_links":{"self":[{"href":"https:\/\/gymfactory.eu\/fr\/wp-json\/wp\/v2\/product\/29388","targetHints":{"allow":["GET"]}}],"collection":[{"href":"https:\/\/gymfactory.eu\/fr\/wp-json\/wp\/v2\/product"}],"about":[{"href":"https:\/\/gymfactory.eu\/fr\/wp-json\/wp\/v2\/types\/product"}],"wp:featuredmedia":[{"embeddable":true,"href":"https:\/\/gymfactory.eu\/fr\/wp-json\/wp\/v2\/media\/29389"}],"wp:attachment":[{"href":"https:\/\/gymfactory.eu\/fr\/wp-json\/wp\/v2\/media?parent=29388"}],"wp:term":[{"taxonomy":"product_brand","embeddable":true,"href":"https:\/\/gymfactory.eu\/fr\/wp-json\/wp\/v2\/product_brand?post=29388"},{"taxonomy":"product_cat","embeddable":true,"href":"https:\/\/gymfactory.eu\/fr\/wp-json\/wp\/v2\/product_cat?post=29388"},{"taxonomy":"product_tag","embeddable":true,"href":"https:\/\/gymfactory.eu\/fr\/wp-json\/wp\/v2\/product_tag?post=29388"}],"curies":[{"name":"wp","href":"https:\/\/api.w.org\/{rel}","templated":true}]}}