{"id":29384,"date":"2025-02-19T15:04:07","date_gmt":"2025-02-19T13:04:07","guid":{"rendered":"https:\/\/gymfactory.eu\/product\/poignee-de-tirage-w3\/"},"modified":"2025-02-19T15:04:07","modified_gmt":"2025-02-19T13:04:07","slug":"poignee-de-tirage-w3","status":"publish","type":"product","link":"https:\/\/gymfactory.eu\/fr\/produit\/poignee-de-tirage-w3\/","title":{"rendered":"Poign\u00e9e de Tirage W3"},"content":{"rendered":"<p>La Poign\u00e9e de Tirage W3 est un \u00e9quipement de musculation con\u00e7u pour les exercices de tirage du haut du corps, aussi bien dans les installations de fitness \u00e0 domicile (home gym) que dans les salles de sport commerciales. Il s\u2019agit d\u2019une poign\u00e9e de tirage (row) standard \u00e0 prise serr\u00e9e, couramment utilis\u00e9e pour le tirage horizontal assis, mais \u00e9galement efficace pour des variations de tirage vertical (lat pulldown). <\/p>\n<p>Sa taille compacte et sa prise neutre permettent des mouvements contr\u00f4l\u00e9s, ce qui la rend id\u00e9ale pour cibler le dos et les bras lors des entra\u00eenements \u00e0 la machine \u00e0 poulie.<\/p>\n\n    <div class=\"xs_social_share_widget xs_share_url after_content \t\tmain_content  wslu-style-1 wslu-share-box-shaped wslu-fill-colored wslu-none wslu-share-horizontal wslu-theme-font-no wslu-main_content\">\n\n\t\t\n        <ul>\n\t\t\t        <\/ul>\n    <\/div> \n","protected":false},"excerpt":{"rendered":"<p>La Poign\u00e9e de Tirage W3 est un \u00e9quipement de musculation con\u00e7u pour les exercices de tirage du haut du corps, aussi bien dans les installations de fitness \u00e0 domicile (home gym) que dans les salles de sport commerciales. Il s\u2019agit d\u2019une poign\u00e9e de tirage (row) standard \u00e0 prise serr\u00e9e, couramment utilis\u00e9e pour le tirage horizontal [&hellip;]<\/p>\n","protected":false},"featured_media":19923,"template":"","meta":{"_acf_changed":false},"product_brand":[56],"product_cat":[826],"product_tag":[857],"class_list":{"0":"post-29384","1":"product","2":"type-product","3":"status-publish","4":"has-post-thumbnail","6":"product_brand-gym-factory","7":"product_cat-accessoires-de-musculation","8":"product_tag-couleur-metal-uniquement","10":"first","11":"onbackorder","12":"taxable","13":"shipping-taxable","14":"purchasable","15":"product-type-simple"},"acf":[],"yoast_head":"<!-- This site is optimized with the Yoast SEO plugin v25.2 - https:\/\/yoast.com\/wordpress\/plugins\/seo\/ -->\n<title>Poign\u00e9e de Tirage W3 \u2013 \u00c9quipement de Musculation<\/title>\n<meta name=\"description\" content=\"Id\u00e9al pour le fitness \u00e0 domicile, cet \u00e9quipement de musculation offre un design robuste pour des entra\u00eenements efficaces, vous aidant \u00e0 d\u00e9velopper votre force et vos muscles.\" \/>\n<meta name=\"robots\" content=\"index, follow, max-snippet:-1, max-image-preview:large, max-video-preview:-1\" \/>\n<link rel=\"canonical\" href=\"https:\/\/gymfactory.eu\/fr\/produit\/poignee-de-tirage-w3\/\" \/>\n<meta property=\"og:locale\" content=\"fr_FR\" \/>\n<meta property=\"og:type\" content=\"article\" \/>\n<meta property=\"og:title\" content=\"Poign\u00e9e de Tirage W3 \u2013 \u00c9quipement de Musculation\" \/>\n<meta property=\"og:description\" content=\"Id\u00e9al pour le fitness \u00e0 domicile, cet \u00e9quipement de musculation offre un design robuste pour des entra\u00eenements efficaces, vous aidant \u00e0 d\u00e9velopper votre force et vos muscles.\" \/>\n<meta property=\"og:url\" content=\"https:\/\/gymfactory.eu\/fr\/produit\/poignee-de-tirage-w3\/\" \/>\n<meta property=\"og:site_name\" content=\"Gym Factory\" \/>\n<meta property=\"og:image\" content=\"https:\/\/gymfactory.eu\/wp-content\/uploads\/2025\/02\/high-quality-steel-structure-row-handle-3.webp\" \/>\n\t<meta property=\"og:image:width\" content=\"1500\" \/>\n\t<meta property=\"og:image:height\" content=\"1500\" \/>\n\t<meta property=\"og:image:type\" content=\"image\/webp\" \/>\n<meta name=\"twitter:card\" content=\"summary_large_image\" \/>\n<meta name=\"twitter:label1\" content=\"Dur\u00e9e de lecture estim\u00e9e\" \/>\n\t<meta name=\"twitter:data1\" content=\"1 minute\" \/>\n<script type=\"application\/ld+json\" class=\"yoast-schema-graph\">{\"@context\":\"https:\/\/schema.org\",\"@graph\":[{\"@type\":\"WebPage\",\"@id\":\"https:\/\/gymfactory.eu\/fr\/produit\/poignee-de-tirage-w3\/\",\"url\":\"https:\/\/gymfactory.eu\/fr\/produit\/poignee-de-tirage-w3\/\",\"name\":\"Poign\u00e9e de Tirage W3 \u2013 \u00c9quipement de Musculation\",\"isPartOf\":{\"@id\":\"https:\/\/gymfactory.eu\/fr\/#website\"},\"primaryImageOfPage\":{\"@id\":\"https:\/\/gymfactory.eu\/fr\/produit\/poignee-de-tirage-w3\/#primaryimage\"},\"image\":{\"@id\":\"https:\/\/gymfactory.eu\/fr\/produit\/poignee-de-tirage-w3\/#primaryimage\"},\"thumbnailUrl\":\"https:\/\/gymfactory.eu\/wp-content\/uploads\/2025\/02\/high-quality-steel-structure-row-handle-3.webp\",\"datePublished\":\"2025-02-19T13:04:07+00:00\",\"description\":\"Id\u00e9al pour le fitness \u00e0 domicile, cet \u00e9quipement de musculation offre un design robuste pour des entra\u00eenements efficaces, vous aidant \u00e0 d\u00e9velopper votre force et vos muscles.\",\"breadcrumb\":{\"@id\":\"https:\/\/gymfactory.eu\/fr\/produit\/poignee-de-tirage-w3\/#breadcrumb\"},\"inLanguage\":\"fr-FR\",\"potentialAction\":[{\"@type\":\"ReadAction\",\"target\":[\"https:\/\/gymfactory.eu\/fr\/produit\/poignee-de-tirage-w3\/\"]}]},{\"@type\":\"ImageObject\",\"inLanguage\":\"fr-FR\",\"@id\":\"https:\/\/gymfactory.eu\/fr\/produit\/poignee-de-tirage-w3\/#primaryimage\",\"url\":\"https:\/\/gymfactory.eu\/wp-content\/uploads\/2025\/02\/high-quality-steel-structure-row-handle-3.webp\",\"contentUrl\":\"https:\/\/gymfactory.eu\/wp-content\/uploads\/2025\/02\/high-quality-steel-structure-row-handle-3.webp\",\"width\":1500,\"height\":1500,\"caption\":\"Une poign\u00e9e en forme de V (triangle) pour \u00e9quipement de musculation, avec un cadre en acier noir et des poign\u00e9es molet\u00e9es argent\u00e9es. Cette poign\u00e9e de tirage est con\u00e7ue pour les machines \u00e0 poulie afin de cibler le dos, les \u00e9paules et les bras, garantissant une prise ferme et contr\u00f4l\u00e9e lors des exercices de tirage.\"},{\"@type\":\"BreadcrumbList\",\"@id\":\"https:\/\/gymfactory.eu\/fr\/produit\/poignee-de-tirage-w3\/#breadcrumb\",\"itemListElement\":[{\"@type\":\"ListItem\",\"position\":1,\"name\":\"Home\",\"item\":\"https:\/\/gymfactory.eu\/fr\/\"},{\"@type\":\"ListItem\",\"position\":2,\"name\":\"Catalogue\",\"item\":\"https:\/\/gymfactory.eu\/catalogue\/\"},{\"@type\":\"ListItem\",\"position\":3,\"name\":\"Poign\u00e9e de Tirage W3\"}]},{\"@type\":\"WebSite\",\"@id\":\"https:\/\/gymfactory.eu\/fr\/#website\",\"url\":\"https:\/\/gymfactory.eu\/fr\/\",\"name\":\"Gym Factory\",\"description\":\"\",\"publisher\":{\"@id\":\"https:\/\/gymfactory.eu\/fr\/#organization\"},\"potentialAction\":[{\"@type\":\"SearchAction\",\"target\":{\"@type\":\"EntryPoint\",\"urlTemplate\":\"https:\/\/gymfactory.eu\/fr\/?s={search_term_string}\"},\"query-input\":{\"@type\":\"PropertyValueSpecification\",\"valueRequired\":true,\"valueName\":\"search_term_string\"}}],\"inLanguage\":\"fr-FR\"},{\"@type\":\"Organization\",\"@id\":\"https:\/\/gymfactory.eu\/fr\/#organization\",\"name\":\"Gym Factory\",\"url\":\"https:\/\/gymfactory.eu\/fr\/\",\"logo\":{\"@type\":\"ImageObject\",\"inLanguage\":\"fr-FR\",\"@id\":\"https:\/\/gymfactory.eu\/fr\/#\/schema\/logo\/image\/\",\"url\":\"https:\/\/gymfactory.eu\/wp-content\/uploads\/2024\/11\/Component-1.svg\",\"contentUrl\":\"https:\/\/gymfactory.eu\/wp-content\/uploads\/2024\/11\/Component-1.svg\",\"width\":54,\"height\":44,\"caption\":\"Gym Factory\"},\"image\":{\"@id\":\"https:\/\/gymfactory.eu\/fr\/#\/schema\/logo\/image\/\"}}]}<\/script>\n<!-- \/ Yoast SEO plugin. -->","yoast_head_json":{"title":"Poign\u00e9e de Tirage W3 \u2013 \u00c9quipement de Musculation","description":"Id\u00e9al pour le fitness \u00e0 domicile, cet \u00e9quipement de musculation offre un design robuste pour des entra\u00eenements efficaces, vous aidant \u00e0 d\u00e9velopper votre force et vos muscles.","robots":{"index":"index","follow":"follow","max-snippet":"max-snippet:-1","max-image-preview":"max-image-preview:large","max-video-preview":"max-video-preview:-1"},"canonical":"https:\/\/gymfactory.eu\/fr\/produit\/poignee-de-tirage-w3\/","og_locale":"fr_FR","og_type":"article","og_title":"Poign\u00e9e de Tirage W3 \u2013 \u00c9quipement de Musculation","og_description":"Id\u00e9al pour le fitness \u00e0 domicile, cet \u00e9quipement de musculation offre un design robuste pour des entra\u00eenements efficaces, vous aidant \u00e0 d\u00e9velopper votre force et vos muscles.","og_url":"https:\/\/gymfactory.eu\/fr\/produit\/poignee-de-tirage-w3\/","og_site_name":"Gym Factory","og_image":[{"width":1500,"height":1500,"url":"https:\/\/gymfactory.eu\/wp-content\/uploads\/2025\/02\/high-quality-steel-structure-row-handle-3.webp","type":"image\/webp"}],"twitter_card":"summary_large_image","twitter_misc":{"Dur\u00e9e de lecture estim\u00e9e":"1 minute"},"schema":{"@context":"https:\/\/schema.org","@graph":[{"@type":"WebPage","@id":"https:\/\/gymfactory.eu\/fr\/produit\/poignee-de-tirage-w3\/","url":"https:\/\/gymfactory.eu\/fr\/produit\/poignee-de-tirage-w3\/","name":"Poign\u00e9e de Tirage W3 \u2013 \u00c9quipement de Musculation","isPartOf":{"@id":"https:\/\/gymfactory.eu\/fr\/#website"},"primaryImageOfPage":{"@id":"https:\/\/gymfactory.eu\/fr\/produit\/poignee-de-tirage-w3\/#primaryimage"},"image":{"@id":"https:\/\/gymfactory.eu\/fr\/produit\/poignee-de-tirage-w3\/#primaryimage"},"thumbnailUrl":"https:\/\/gymfactory.eu\/wp-content\/uploads\/2025\/02\/high-quality-steel-structure-row-handle-3.webp","datePublished":"2025-02-19T13:04:07+00:00","description":"Id\u00e9al pour le fitness \u00e0 domicile, cet \u00e9quipement de musculation offre un design robuste pour des entra\u00eenements efficaces, vous aidant \u00e0 d\u00e9velopper votre force et vos muscles.","breadcrumb":{"@id":"https:\/\/gymfactory.eu\/fr\/produit\/poignee-de-tirage-w3\/#breadcrumb"},"inLanguage":"fr-FR","potentialAction":[{"@type":"ReadAction","target":["https:\/\/gymfactory.eu\/fr\/produit\/poignee-de-tirage-w3\/"]}]},{"@type":"ImageObject","inLanguage":"fr-FR","@id":"https:\/\/gymfactory.eu\/fr\/produit\/poignee-de-tirage-w3\/#primaryimage","url":"https:\/\/gymfactory.eu\/wp-content\/uploads\/2025\/02\/high-quality-steel-structure-row-handle-3.webp","contentUrl":"https:\/\/gymfactory.eu\/wp-content\/uploads\/2025\/02\/high-quality-steel-structure-row-handle-3.webp","width":1500,"height":1500,"caption":"Une poign\u00e9e en forme de V (triangle) pour \u00e9quipement de musculation, avec un cadre en acier noir et des poign\u00e9es molet\u00e9es argent\u00e9es. Cette poign\u00e9e de tirage est con\u00e7ue pour les machines \u00e0 poulie afin de cibler le dos, les \u00e9paules et les bras, garantissant une prise ferme et contr\u00f4l\u00e9e lors des exercices de tirage."},{"@type":"BreadcrumbList","@id":"https:\/\/gymfactory.eu\/fr\/produit\/poignee-de-tirage-w3\/#breadcrumb","itemListElement":[{"@type":"ListItem","position":1,"name":"Home","item":"https:\/\/gymfactory.eu\/fr\/"},{"@type":"ListItem","position":2,"name":"Catalogue","item":"https:\/\/gymfactory.eu\/catalogue\/"},{"@type":"ListItem","position":3,"name":"Poign\u00e9e de Tirage W3"}]},{"@type":"WebSite","@id":"https:\/\/gymfactory.eu\/fr\/#website","url":"https:\/\/gymfactory.eu\/fr\/","name":"Gym Factory","description":"","publisher":{"@id":"https:\/\/gymfactory.eu\/fr\/#organization"},"potentialAction":[{"@type":"SearchAction","target":{"@type":"EntryPoint","urlTemplate":"https:\/\/gymfactory.eu\/fr\/?s={search_term_string}"},"query-input":{"@type":"PropertyValueSpecification","valueRequired":true,"valueName":"search_term_string"}}],"inLanguage":"fr-FR"},{"@type":"Organization","@id":"https:\/\/gymfactory.eu\/fr\/#organization","name":"Gym Factory","url":"https:\/\/gymfactory.eu\/fr\/","logo":{"@type":"ImageObject","inLanguage":"fr-FR","@id":"https:\/\/gymfactory.eu\/fr\/#\/schema\/logo\/image\/","url":"https:\/\/gymfactory.eu\/wp-content\/uploads\/2024\/11\/Component-1.svg","contentUrl":"https:\/\/gymfactory.eu\/wp-content\/uploads\/2024\/11\/Component-1.svg","width":54,"height":44,"caption":"Gym Factory"},"image":{"@id":"https:\/\/gymfactory.eu\/fr\/#\/schema\/logo\/image\/"}}]}},"_links":{"self":[{"href":"https:\/\/gymfactory.eu\/fr\/wp-json\/wp\/v2\/product\/29384","targetHints":{"allow":["GET"]}}],"collection":[{"href":"https:\/\/gymfactory.eu\/fr\/wp-json\/wp\/v2\/product"}],"about":[{"href":"https:\/\/gymfactory.eu\/fr\/wp-json\/wp\/v2\/types\/product"}],"wp:featuredmedia":[{"embeddable":true,"href":"https:\/\/gymfactory.eu\/fr\/wp-json\/wp\/v2\/media\/19923"}],"wp:attachment":[{"href":"https:\/\/gymfactory.eu\/fr\/wp-json\/wp\/v2\/media?parent=29384"}],"wp:term":[{"taxonomy":"product_brand","embeddable":true,"href":"https:\/\/gymfactory.eu\/fr\/wp-json\/wp\/v2\/product_brand?post=29384"},{"taxonomy":"product_cat","embeddable":true,"href":"https:\/\/gymfactory.eu\/fr\/wp-json\/wp\/v2\/product_cat?post=29384"},{"taxonomy":"product_tag","embeddable":true,"href":"https:\/\/gymfactory.eu\/fr\/wp-json\/wp\/v2\/product_tag?post=29384"}],"curies":[{"name":"wp","href":"https:\/\/api.w.org\/{rel}","templated":true}]}}