{"id":29382,"date":"2025-02-19T14:35:40","date_gmt":"2025-02-19T12:35:40","guid":{"rendered":"https:\/\/gymfactory.eu\/product\/barre-de-tirage-w2x\/"},"modified":"2025-02-19T14:35:40","modified_gmt":"2025-02-19T12:35:40","slug":"barre-de-tirage-w2x","status":"publish","type":"product","link":"https:\/\/gymfactory.eu\/fr\/produit\/barre-de-tirage-w2x\/","title":{"rendered":"Barre de Tirage W2X"},"content":{"rendered":"<p>La Barre de Tirage W2X est un \u00e9quipement de musculation con\u00e7u pour les exercices classiques de tirage poitrine (lat pulldown) et d\u2019autres mouvements \u00e0 la poulie avec prise large. Cette barre standard \u00e0 prise large est dot\u00e9e de poign\u00e9es molet\u00e9es en acier inoxydable pour garantir une prise s\u00fbre et antid\u00e9rapante pendant les exercices de tirage. <\/p>\n<p>Id\u00e9ale pour cibler le haut du dos et les grands dorsaux (lats), la W2X s\u2019int\u00e8gre dans diverses installations d\u2019entra\u00eenement en force, tant dans les home gyms que dans les salles de sport commerciales.<\/p>\n\n    <div class=\"xs_social_share_widget xs_share_url after_content \t\tmain_content  wslu-style-1 wslu-share-box-shaped wslu-fill-colored wslu-none wslu-share-horizontal wslu-theme-font-no wslu-main_content\">\n\n\t\t\n        <ul>\n\t\t\t        <\/ul>\n    <\/div> \n","protected":false},"excerpt":{"rendered":"<p>La Barre de Tirage W2X est un \u00e9quipement de musculation con\u00e7u pour les exercices classiques de tirage poitrine (lat pulldown) et d\u2019autres mouvements \u00e0 la poulie avec prise large. Cette barre standard \u00e0 prise large est dot\u00e9e de poign\u00e9es molet\u00e9es en acier inoxydable pour garantir une prise s\u00fbre et antid\u00e9rapante pendant les exercices de tirage. [&hellip;]<\/p>\n","protected":false},"featured_media":29383,"template":"","meta":{"_acf_changed":false},"product_brand":[56],"product_cat":[826],"product_tag":[857],"class_list":{"0":"post-29382","1":"product","2":"type-product","3":"status-publish","4":"has-post-thumbnail","6":"product_brand-gym-factory","7":"product_cat-accessoires-de-musculation","8":"product_tag-couleur-metal-uniquement","10":"first","11":"onbackorder","12":"taxable","13":"shipping-taxable","14":"purchasable","15":"product-type-simple"},"acf":[],"yoast_head":"<!-- This site is optimized with the Yoast SEO plugin v25.2 - https:\/\/yoast.com\/wordpress\/plugins\/seo\/ -->\n<title>Barre de Tirage W2x \u2013 \u00c9quipement Polyvalent pour la Musculation<\/title>\n<meta name=\"description\" content=\"Fabriqu\u00e9 avec une structure en acier de haute qualit\u00e9, cet \u00e9quipement prend en charge divers exercices de musculation, vous aidant \u00e0 d\u00e9velopper votre masse musculaire et \u00e0 am\u00e9liorer votre endurance.\" \/>\n<meta name=\"robots\" content=\"index, follow, max-snippet:-1, max-image-preview:large, max-video-preview:-1\" \/>\n<link rel=\"canonical\" href=\"https:\/\/gymfactory.eu\/fr\/produit\/barre-de-tirage-w2x\/\" \/>\n<meta property=\"og:locale\" content=\"fr_FR\" \/>\n<meta property=\"og:type\" content=\"article\" \/>\n<meta property=\"og:title\" content=\"Barre de Tirage W2x \u2013 \u00c9quipement Polyvalent pour la Musculation\" \/>\n<meta property=\"og:description\" content=\"Fabriqu\u00e9 avec une structure en acier de haute qualit\u00e9, cet \u00e9quipement prend en charge divers exercices de musculation, vous aidant \u00e0 d\u00e9velopper votre masse musculaire et \u00e0 am\u00e9liorer votre endurance.\" \/>\n<meta property=\"og:url\" content=\"https:\/\/gymfactory.eu\/fr\/produit\/barre-de-tirage-w2x\/\" \/>\n<meta property=\"og:site_name\" content=\"Gym Factory\" \/>\n<meta property=\"og:image\" content=\"https:\/\/gymfactory.eu\/wp-content\/uploads\/2025\/02\/high-quality-steel-structure-lat-bar-1.webp\" \/>\n\t<meta property=\"og:image:width\" content=\"1500\" \/>\n\t<meta property=\"og:image:height\" content=\"1500\" \/>\n\t<meta property=\"og:image:type\" content=\"image\/webp\" \/>\n<meta name=\"twitter:card\" content=\"summary_large_image\" \/>\n<meta name=\"twitter:label1\" content=\"Dur\u00e9e de lecture estim\u00e9e\" \/>\n\t<meta name=\"twitter:data1\" content=\"1 minute\" \/>\n<script type=\"application\/ld+json\" class=\"yoast-schema-graph\">{\"@context\":\"https:\/\/schema.org\",\"@graph\":[{\"@type\":\"WebPage\",\"@id\":\"https:\/\/gymfactory.eu\/fr\/produit\/barre-de-tirage-w2x\/\",\"url\":\"https:\/\/gymfactory.eu\/fr\/produit\/barre-de-tirage-w2x\/\",\"name\":\"Barre de Tirage W2x \u2013 \u00c9quipement Polyvalent pour la Musculation\",\"isPartOf\":{\"@id\":\"https:\/\/gymfactory.eu\/fr\/#website\"},\"primaryImageOfPage\":{\"@id\":\"https:\/\/gymfactory.eu\/fr\/produit\/barre-de-tirage-w2x\/#primaryimage\"},\"image\":{\"@id\":\"https:\/\/gymfactory.eu\/fr\/produit\/barre-de-tirage-w2x\/#primaryimage\"},\"thumbnailUrl\":\"https:\/\/gymfactory.eu\/wp-content\/uploads\/2025\/02\/high-quality-steel-structure-lat-bar-1.webp\",\"datePublished\":\"2025-02-19T12:35:40+00:00\",\"description\":\"Fabriqu\u00e9 avec une structure en acier de haute qualit\u00e9, cet \u00e9quipement prend en charge divers exercices de musculation, vous aidant \u00e0 d\u00e9velopper votre masse musculaire et \u00e0 am\u00e9liorer votre endurance.\",\"breadcrumb\":{\"@id\":\"https:\/\/gymfactory.eu\/fr\/produit\/barre-de-tirage-w2x\/#breadcrumb\"},\"inLanguage\":\"fr-FR\",\"potentialAction\":[{\"@type\":\"ReadAction\",\"target\":[\"https:\/\/gymfactory.eu\/fr\/produit\/barre-de-tirage-w2x\/\"]}]},{\"@type\":\"ImageObject\",\"inLanguage\":\"fr-FR\",\"@id\":\"https:\/\/gymfactory.eu\/fr\/produit\/barre-de-tirage-w2x\/#primaryimage\",\"url\":\"https:\/\/gymfactory.eu\/wp-content\/uploads\/2025\/02\/high-quality-steel-structure-lat-bar-1.webp\",\"contentUrl\":\"https:\/\/gymfactory.eu\/wp-content\/uploads\/2025\/02\/high-quality-steel-structure-lat-bar-1.webp\",\"width\":1500,\"height\":1500,\"caption\":\"A black\u00a0piece of equipment for weight training\u00a0lat pulldown bar with angled ends and knurled silver grips. Designed for cable machines, this bar features a central attachment point for balanced resistance and an ergonomic design to target the back, shoulders, and arms during strength training exercises.\"},{\"@type\":\"BreadcrumbList\",\"@id\":\"https:\/\/gymfactory.eu\/fr\/produit\/barre-de-tirage-w2x\/#breadcrumb\",\"itemListElement\":[{\"@type\":\"ListItem\",\"position\":1,\"name\":\"Home\",\"item\":\"https:\/\/gymfactory.eu\/fr\/\"},{\"@type\":\"ListItem\",\"position\":2,\"name\":\"Catalogue\",\"item\":\"https:\/\/gymfactory.eu\/catalogue\/\"},{\"@type\":\"ListItem\",\"position\":3,\"name\":\"Barre de Tirage W2X\"}]},{\"@type\":\"WebSite\",\"@id\":\"https:\/\/gymfactory.eu\/fr\/#website\",\"url\":\"https:\/\/gymfactory.eu\/fr\/\",\"name\":\"Gym Factory\",\"description\":\"\",\"publisher\":{\"@id\":\"https:\/\/gymfactory.eu\/fr\/#organization\"},\"potentialAction\":[{\"@type\":\"SearchAction\",\"target\":{\"@type\":\"EntryPoint\",\"urlTemplate\":\"https:\/\/gymfactory.eu\/fr\/?s={search_term_string}\"},\"query-input\":{\"@type\":\"PropertyValueSpecification\",\"valueRequired\":true,\"valueName\":\"search_term_string\"}}],\"inLanguage\":\"fr-FR\"},{\"@type\":\"Organization\",\"@id\":\"https:\/\/gymfactory.eu\/fr\/#organization\",\"name\":\"Gym Factory\",\"url\":\"https:\/\/gymfactory.eu\/fr\/\",\"logo\":{\"@type\":\"ImageObject\",\"inLanguage\":\"fr-FR\",\"@id\":\"https:\/\/gymfactory.eu\/fr\/#\/schema\/logo\/image\/\",\"url\":\"https:\/\/gymfactory.eu\/wp-content\/uploads\/2024\/11\/Component-1.svg\",\"contentUrl\":\"https:\/\/gymfactory.eu\/wp-content\/uploads\/2024\/11\/Component-1.svg\",\"width\":54,\"height\":44,\"caption\":\"Gym Factory\"},\"image\":{\"@id\":\"https:\/\/gymfactory.eu\/fr\/#\/schema\/logo\/image\/\"}}]}<\/script>\n<!-- \/ Yoast SEO plugin. -->","yoast_head_json":{"title":"Barre de Tirage W2x \u2013 \u00c9quipement Polyvalent pour la Musculation","description":"Fabriqu\u00e9 avec une structure en acier de haute qualit\u00e9, cet \u00e9quipement prend en charge divers exercices de musculation, vous aidant \u00e0 d\u00e9velopper votre masse musculaire et \u00e0 am\u00e9liorer votre endurance.","robots":{"index":"index","follow":"follow","max-snippet":"max-snippet:-1","max-image-preview":"max-image-preview:large","max-video-preview":"max-video-preview:-1"},"canonical":"https:\/\/gymfactory.eu\/fr\/produit\/barre-de-tirage-w2x\/","og_locale":"fr_FR","og_type":"article","og_title":"Barre de Tirage W2x \u2013 \u00c9quipement Polyvalent pour la Musculation","og_description":"Fabriqu\u00e9 avec une structure en acier de haute qualit\u00e9, cet \u00e9quipement prend en charge divers exercices de musculation, vous aidant \u00e0 d\u00e9velopper votre masse musculaire et \u00e0 am\u00e9liorer votre endurance.","og_url":"https:\/\/gymfactory.eu\/fr\/produit\/barre-de-tirage-w2x\/","og_site_name":"Gym Factory","og_image":[{"width":1500,"height":1500,"url":"https:\/\/gymfactory.eu\/wp-content\/uploads\/2025\/02\/high-quality-steel-structure-lat-bar-1.webp","type":"image\/webp"}],"twitter_card":"summary_large_image","twitter_misc":{"Dur\u00e9e de lecture estim\u00e9e":"1 minute"},"schema":{"@context":"https:\/\/schema.org","@graph":[{"@type":"WebPage","@id":"https:\/\/gymfactory.eu\/fr\/produit\/barre-de-tirage-w2x\/","url":"https:\/\/gymfactory.eu\/fr\/produit\/barre-de-tirage-w2x\/","name":"Barre de Tirage W2x \u2013 \u00c9quipement Polyvalent pour la Musculation","isPartOf":{"@id":"https:\/\/gymfactory.eu\/fr\/#website"},"primaryImageOfPage":{"@id":"https:\/\/gymfactory.eu\/fr\/produit\/barre-de-tirage-w2x\/#primaryimage"},"image":{"@id":"https:\/\/gymfactory.eu\/fr\/produit\/barre-de-tirage-w2x\/#primaryimage"},"thumbnailUrl":"https:\/\/gymfactory.eu\/wp-content\/uploads\/2025\/02\/high-quality-steel-structure-lat-bar-1.webp","datePublished":"2025-02-19T12:35:40+00:00","description":"Fabriqu\u00e9 avec une structure en acier de haute qualit\u00e9, cet \u00e9quipement prend en charge divers exercices de musculation, vous aidant \u00e0 d\u00e9velopper votre masse musculaire et \u00e0 am\u00e9liorer votre endurance.","breadcrumb":{"@id":"https:\/\/gymfactory.eu\/fr\/produit\/barre-de-tirage-w2x\/#breadcrumb"},"inLanguage":"fr-FR","potentialAction":[{"@type":"ReadAction","target":["https:\/\/gymfactory.eu\/fr\/produit\/barre-de-tirage-w2x\/"]}]},{"@type":"ImageObject","inLanguage":"fr-FR","@id":"https:\/\/gymfactory.eu\/fr\/produit\/barre-de-tirage-w2x\/#primaryimage","url":"https:\/\/gymfactory.eu\/wp-content\/uploads\/2025\/02\/high-quality-steel-structure-lat-bar-1.webp","contentUrl":"https:\/\/gymfactory.eu\/wp-content\/uploads\/2025\/02\/high-quality-steel-structure-lat-bar-1.webp","width":1500,"height":1500,"caption":"A black\u00a0piece of equipment for weight training\u00a0lat pulldown bar with angled ends and knurled silver grips. Designed for cable machines, this bar features a central attachment point for balanced resistance and an ergonomic design to target the back, shoulders, and arms during strength training exercises."},{"@type":"BreadcrumbList","@id":"https:\/\/gymfactory.eu\/fr\/produit\/barre-de-tirage-w2x\/#breadcrumb","itemListElement":[{"@type":"ListItem","position":1,"name":"Home","item":"https:\/\/gymfactory.eu\/fr\/"},{"@type":"ListItem","position":2,"name":"Catalogue","item":"https:\/\/gymfactory.eu\/catalogue\/"},{"@type":"ListItem","position":3,"name":"Barre de Tirage W2X"}]},{"@type":"WebSite","@id":"https:\/\/gymfactory.eu\/fr\/#website","url":"https:\/\/gymfactory.eu\/fr\/","name":"Gym Factory","description":"","publisher":{"@id":"https:\/\/gymfactory.eu\/fr\/#organization"},"potentialAction":[{"@type":"SearchAction","target":{"@type":"EntryPoint","urlTemplate":"https:\/\/gymfactory.eu\/fr\/?s={search_term_string}"},"query-input":{"@type":"PropertyValueSpecification","valueRequired":true,"valueName":"search_term_string"}}],"inLanguage":"fr-FR"},{"@type":"Organization","@id":"https:\/\/gymfactory.eu\/fr\/#organization","name":"Gym Factory","url":"https:\/\/gymfactory.eu\/fr\/","logo":{"@type":"ImageObject","inLanguage":"fr-FR","@id":"https:\/\/gymfactory.eu\/fr\/#\/schema\/logo\/image\/","url":"https:\/\/gymfactory.eu\/wp-content\/uploads\/2024\/11\/Component-1.svg","contentUrl":"https:\/\/gymfactory.eu\/wp-content\/uploads\/2024\/11\/Component-1.svg","width":54,"height":44,"caption":"Gym Factory"},"image":{"@id":"https:\/\/gymfactory.eu\/fr\/#\/schema\/logo\/image\/"}}]}},"_links":{"self":[{"href":"https:\/\/gymfactory.eu\/fr\/wp-json\/wp\/v2\/product\/29382","targetHints":{"allow":["GET"]}}],"collection":[{"href":"https:\/\/gymfactory.eu\/fr\/wp-json\/wp\/v2\/product"}],"about":[{"href":"https:\/\/gymfactory.eu\/fr\/wp-json\/wp\/v2\/types\/product"}],"wp:featuredmedia":[{"embeddable":true,"href":"https:\/\/gymfactory.eu\/fr\/wp-json\/wp\/v2\/media\/29383"}],"wp:attachment":[{"href":"https:\/\/gymfactory.eu\/fr\/wp-json\/wp\/v2\/media?parent=29382"}],"wp:term":[{"taxonomy":"product_brand","embeddable":true,"href":"https:\/\/gymfactory.eu\/fr\/wp-json\/wp\/v2\/product_brand?post=29382"},{"taxonomy":"product_cat","embeddable":true,"href":"https:\/\/gymfactory.eu\/fr\/wp-json\/wp\/v2\/product_cat?post=29382"},{"taxonomy":"product_tag","embeddable":true,"href":"https:\/\/gymfactory.eu\/fr\/wp-json\/wp\/v2\/product_tag?post=29382"}],"curies":[{"name":"wp","href":"https:\/\/api.w.org\/{rel}","templated":true}]}}