{"id":29376,"date":"2025-02-19T13:08:36","date_gmt":"2025-02-19T11:08:36","guid":{"rendered":"https:\/\/gymfactory.eu\/product\/poignee-de-tirage-w1\/"},"modified":"2025-02-19T13:08:36","modified_gmt":"2025-02-19T11:08:36","slug":"poignee-de-tirage-w1","status":"publish","type":"product","link":"https:\/\/gymfactory.eu\/fr\/produit\/poignee-de-tirage-w1\/","title":{"rendered":"Poign\u00e9e de Tirage W1"},"content":{"rendered":"<p>La Poign\u00e9e de Tirage W1 est un \u00e9quipement de musculation con\u00e7u pour \u00eatre utilis\u00e9 avec diverses machines \u00e0 poulie. Cette poign\u00e9e simple (une main) dispose d\u2019un manchon rotatif molet\u00e9 en acier inoxydable, offrant confort et contr\u00f4le lors des exercices de tirage et de pouss\u00e9e. <\/p>\n<p>Compatible avec une large gamme d\u2019installations d\u2019entra\u00eenement en force, la poign\u00e9e permet aux utilisateurs d\u2019effectuer des mouvements pr\u00e9cis et isol\u00e9s, aussi bien dans des environnements de salle de sport commerciale qu\u2019en home gym.<\/p>\n\n    <div class=\"xs_social_share_widget xs_share_url after_content \t\tmain_content  wslu-style-1 wslu-share-box-shaped wslu-fill-colored wslu-none wslu-share-horizontal wslu-theme-font-no wslu-main_content\">\n\n\t\t\n        <ul>\n\t\t\t        <\/ul>\n    <\/div> \n","protected":false},"excerpt":{"rendered":"<p>La Poign\u00e9e de Tirage W1 est un \u00e9quipement de musculation con\u00e7u pour \u00eatre utilis\u00e9 avec diverses machines \u00e0 poulie. Cette poign\u00e9e simple (une main) dispose d\u2019un manchon rotatif molet\u00e9 en acier inoxydable, offrant confort et contr\u00f4le lors des exercices de tirage et de pouss\u00e9e. Compatible avec une large gamme d\u2019installations d\u2019entra\u00eenement en force, la poign\u00e9e [&hellip;]<\/p>\n","protected":false},"featured_media":19915,"template":"","meta":{"_acf_changed":false},"product_brand":[56],"product_cat":[826],"product_tag":[857],"class_list":{"0":"post-29376","1":"product","2":"type-product","3":"status-publish","4":"has-post-thumbnail","6":"product_brand-gym-factory","7":"product_cat-accessoires-de-musculation","8":"product_tag-couleur-metal-uniquement","10":"first","11":"onbackorder","12":"taxable","13":"shipping-taxable","14":"purchasable","15":"product-type-variable"},"acf":[],"yoast_head":"<!-- This site is optimized with the Yoast SEO plugin v25.2 - https:\/\/yoast.com\/wordpress\/plugins\/seo\/ -->\n<title>Poign\u00e9e de Tirage W1 \u2013 \u00c9quipement Essentiel pour la Musculation<\/title>\n<meta name=\"description\" content=\"Cet \u00e9quipement de musculation, fabriqu\u00e9 avec une structure en acier de haute qualit\u00e9, prend en charge divers exercices pour renforcer efficacement les principaux groupes musculaires.\" \/>\n<meta name=\"robots\" content=\"index, follow, max-snippet:-1, max-image-preview:large, max-video-preview:-1\" \/>\n<link rel=\"canonical\" href=\"https:\/\/gymfactory.eu\/fr\/produit\/poignee-de-tirage-w1\/\" \/>\n<meta property=\"og:locale\" content=\"fr_FR\" \/>\n<meta property=\"og:type\" content=\"article\" \/>\n<meta property=\"og:title\" content=\"Poign\u00e9e de Tirage W1 \u2013 \u00c9quipement Essentiel pour la Musculation\" \/>\n<meta property=\"og:description\" content=\"Cet \u00e9quipement de musculation, fabriqu\u00e9 avec une structure en acier de haute qualit\u00e9, prend en charge divers exercices pour renforcer efficacement les principaux groupes musculaires.\" \/>\n<meta property=\"og:url\" content=\"https:\/\/gymfactory.eu\/fr\/produit\/poignee-de-tirage-w1\/\" \/>\n<meta property=\"og:site_name\" content=\"Gym Factory\" \/>\n<meta property=\"og:image\" content=\"https:\/\/gymfactory.eu\/wp-content\/uploads\/2025\/02\/w1-high-quality-steel-structure-handle-1-1.webp\" \/>\n\t<meta property=\"og:image:width\" content=\"1500\" \/>\n\t<meta property=\"og:image:height\" content=\"1500\" \/>\n\t<meta property=\"og:image:type\" content=\"image\/webp\" \/>\n<meta name=\"twitter:card\" content=\"summary_large_image\" \/>\n<script type=\"application\/ld+json\" class=\"yoast-schema-graph\">{\"@context\":\"https:\/\/schema.org\",\"@graph\":[{\"@type\":\"WebPage\",\"@id\":\"https:\/\/gymfactory.eu\/fr\/produit\/poignee-de-tirage-w1\/\",\"url\":\"https:\/\/gymfactory.eu\/fr\/produit\/poignee-de-tirage-w1\/\",\"name\":\"Poign\u00e9e de Tirage W1 \u2013 \u00c9quipement Essentiel pour la Musculation\",\"isPartOf\":{\"@id\":\"https:\/\/gymfactory.eu\/fr\/#website\"},\"primaryImageOfPage\":{\"@id\":\"https:\/\/gymfactory.eu\/fr\/produit\/poignee-de-tirage-w1\/#primaryimage\"},\"image\":{\"@id\":\"https:\/\/gymfactory.eu\/fr\/produit\/poignee-de-tirage-w1\/#primaryimage\"},\"thumbnailUrl\":\"https:\/\/gymfactory.eu\/wp-content\/uploads\/2025\/02\/w1-high-quality-steel-structure-handle-1-1.webp\",\"datePublished\":\"2025-02-19T11:08:36+00:00\",\"description\":\"Cet \u00e9quipement de musculation, fabriqu\u00e9 avec une structure en acier de haute qualit\u00e9, prend en charge divers exercices pour renforcer efficacement les principaux groupes musculaires.\",\"breadcrumb\":{\"@id\":\"https:\/\/gymfactory.eu\/fr\/produit\/poignee-de-tirage-w1\/#breadcrumb\"},\"inLanguage\":\"fr-FR\",\"potentialAction\":[{\"@type\":\"ReadAction\",\"target\":[\"https:\/\/gymfactory.eu\/fr\/produit\/poignee-de-tirage-w1\/\"]}]},{\"@type\":\"ImageObject\",\"inLanguage\":\"fr-FR\",\"@id\":\"https:\/\/gymfactory.eu\/fr\/produit\/poignee-de-tirage-w1\/#primaryimage\",\"url\":\"https:\/\/gymfactory.eu\/wp-content\/uploads\/2025\/02\/w1-high-quality-steel-structure-handle-1-1.webp\",\"contentUrl\":\"https:\/\/gymfactory.eu\/wp-content\/uploads\/2025\/02\/w1-high-quality-steel-structure-handle-1-1.webp\",\"width\":1500,\"height\":1500,\"caption\":\"Une poign\u00e9e individuelle en forme de D pour \u00e9quipement de musculation, fabriqu\u00e9e en acier de haute qualit\u00e9. La prise en m\u00e9tal molet\u00e9 garantit un maintien ferme pendant les exercices, et le cadre ultra-robuste est con\u00e7u pour des routines d\u2019halt\u00e9rophilie intenses. La poign\u00e9e comprend un trou de montage pour une fixation s\u00e9curis\u00e9e \u00e0 la machine.\"},{\"@type\":\"BreadcrumbList\",\"@id\":\"https:\/\/gymfactory.eu\/fr\/produit\/poignee-de-tirage-w1\/#breadcrumb\",\"itemListElement\":[{\"@type\":\"ListItem\",\"position\":1,\"name\":\"Home\",\"item\":\"https:\/\/gymfactory.eu\/fr\/\"},{\"@type\":\"ListItem\",\"position\":2,\"name\":\"Catalogue\",\"item\":\"https:\/\/gymfactory.eu\/catalogue\/\"},{\"@type\":\"ListItem\",\"position\":3,\"name\":\"Poign\u00e9e de Tirage W1\"}]},{\"@type\":\"WebSite\",\"@id\":\"https:\/\/gymfactory.eu\/fr\/#website\",\"url\":\"https:\/\/gymfactory.eu\/fr\/\",\"name\":\"Gym Factory\",\"description\":\"\",\"publisher\":{\"@id\":\"https:\/\/gymfactory.eu\/fr\/#organization\"},\"potentialAction\":[{\"@type\":\"SearchAction\",\"target\":{\"@type\":\"EntryPoint\",\"urlTemplate\":\"https:\/\/gymfactory.eu\/fr\/?s={search_term_string}\"},\"query-input\":{\"@type\":\"PropertyValueSpecification\",\"valueRequired\":true,\"valueName\":\"search_term_string\"}}],\"inLanguage\":\"fr-FR\"},{\"@type\":\"Organization\",\"@id\":\"https:\/\/gymfactory.eu\/fr\/#organization\",\"name\":\"Gym Factory\",\"url\":\"https:\/\/gymfactory.eu\/fr\/\",\"logo\":{\"@type\":\"ImageObject\",\"inLanguage\":\"fr-FR\",\"@id\":\"https:\/\/gymfactory.eu\/fr\/#\/schema\/logo\/image\/\",\"url\":\"https:\/\/gymfactory.eu\/wp-content\/uploads\/2024\/11\/Component-1.svg\",\"contentUrl\":\"https:\/\/gymfactory.eu\/wp-content\/uploads\/2024\/11\/Component-1.svg\",\"width\":54,\"height\":44,\"caption\":\"Gym Factory\"},\"image\":{\"@id\":\"https:\/\/gymfactory.eu\/fr\/#\/schema\/logo\/image\/\"}}]}<\/script>\n<!-- \/ Yoast SEO plugin. -->","yoast_head_json":{"title":"Poign\u00e9e de Tirage W1 \u2013 \u00c9quipement Essentiel pour la Musculation","description":"Cet \u00e9quipement de musculation, fabriqu\u00e9 avec une structure en acier de haute qualit\u00e9, prend en charge divers exercices pour renforcer efficacement les principaux groupes musculaires.","robots":{"index":"index","follow":"follow","max-snippet":"max-snippet:-1","max-image-preview":"max-image-preview:large","max-video-preview":"max-video-preview:-1"},"canonical":"https:\/\/gymfactory.eu\/fr\/produit\/poignee-de-tirage-w1\/","og_locale":"fr_FR","og_type":"article","og_title":"Poign\u00e9e de Tirage W1 \u2013 \u00c9quipement Essentiel pour la Musculation","og_description":"Cet \u00e9quipement de musculation, fabriqu\u00e9 avec une structure en acier de haute qualit\u00e9, prend en charge divers exercices pour renforcer efficacement les principaux groupes musculaires.","og_url":"https:\/\/gymfactory.eu\/fr\/produit\/poignee-de-tirage-w1\/","og_site_name":"Gym Factory","og_image":[{"width":1500,"height":1500,"url":"https:\/\/gymfactory.eu\/wp-content\/uploads\/2025\/02\/w1-high-quality-steel-structure-handle-1-1.webp","type":"image\/webp"}],"twitter_card":"summary_large_image","schema":{"@context":"https:\/\/schema.org","@graph":[{"@type":"WebPage","@id":"https:\/\/gymfactory.eu\/fr\/produit\/poignee-de-tirage-w1\/","url":"https:\/\/gymfactory.eu\/fr\/produit\/poignee-de-tirage-w1\/","name":"Poign\u00e9e de Tirage W1 \u2013 \u00c9quipement Essentiel pour la Musculation","isPartOf":{"@id":"https:\/\/gymfactory.eu\/fr\/#website"},"primaryImageOfPage":{"@id":"https:\/\/gymfactory.eu\/fr\/produit\/poignee-de-tirage-w1\/#primaryimage"},"image":{"@id":"https:\/\/gymfactory.eu\/fr\/produit\/poignee-de-tirage-w1\/#primaryimage"},"thumbnailUrl":"https:\/\/gymfactory.eu\/wp-content\/uploads\/2025\/02\/w1-high-quality-steel-structure-handle-1-1.webp","datePublished":"2025-02-19T11:08:36+00:00","description":"Cet \u00e9quipement de musculation, fabriqu\u00e9 avec une structure en acier de haute qualit\u00e9, prend en charge divers exercices pour renforcer efficacement les principaux groupes musculaires.","breadcrumb":{"@id":"https:\/\/gymfactory.eu\/fr\/produit\/poignee-de-tirage-w1\/#breadcrumb"},"inLanguage":"fr-FR","potentialAction":[{"@type":"ReadAction","target":["https:\/\/gymfactory.eu\/fr\/produit\/poignee-de-tirage-w1\/"]}]},{"@type":"ImageObject","inLanguage":"fr-FR","@id":"https:\/\/gymfactory.eu\/fr\/produit\/poignee-de-tirage-w1\/#primaryimage","url":"https:\/\/gymfactory.eu\/wp-content\/uploads\/2025\/02\/w1-high-quality-steel-structure-handle-1-1.webp","contentUrl":"https:\/\/gymfactory.eu\/wp-content\/uploads\/2025\/02\/w1-high-quality-steel-structure-handle-1-1.webp","width":1500,"height":1500,"caption":"Une poign\u00e9e individuelle en forme de D pour \u00e9quipement de musculation, fabriqu\u00e9e en acier de haute qualit\u00e9. La prise en m\u00e9tal molet\u00e9 garantit un maintien ferme pendant les exercices, et le cadre ultra-robuste est con\u00e7u pour des routines d\u2019halt\u00e9rophilie intenses. La poign\u00e9e comprend un trou de montage pour une fixation s\u00e9curis\u00e9e \u00e0 la machine."},{"@type":"BreadcrumbList","@id":"https:\/\/gymfactory.eu\/fr\/produit\/poignee-de-tirage-w1\/#breadcrumb","itemListElement":[{"@type":"ListItem","position":1,"name":"Home","item":"https:\/\/gymfactory.eu\/fr\/"},{"@type":"ListItem","position":2,"name":"Catalogue","item":"https:\/\/gymfactory.eu\/catalogue\/"},{"@type":"ListItem","position":3,"name":"Poign\u00e9e de Tirage W1"}]},{"@type":"WebSite","@id":"https:\/\/gymfactory.eu\/fr\/#website","url":"https:\/\/gymfactory.eu\/fr\/","name":"Gym Factory","description":"","publisher":{"@id":"https:\/\/gymfactory.eu\/fr\/#organization"},"potentialAction":[{"@type":"SearchAction","target":{"@type":"EntryPoint","urlTemplate":"https:\/\/gymfactory.eu\/fr\/?s={search_term_string}"},"query-input":{"@type":"PropertyValueSpecification","valueRequired":true,"valueName":"search_term_string"}}],"inLanguage":"fr-FR"},{"@type":"Organization","@id":"https:\/\/gymfactory.eu\/fr\/#organization","name":"Gym Factory","url":"https:\/\/gymfactory.eu\/fr\/","logo":{"@type":"ImageObject","inLanguage":"fr-FR","@id":"https:\/\/gymfactory.eu\/fr\/#\/schema\/logo\/image\/","url":"https:\/\/gymfactory.eu\/wp-content\/uploads\/2024\/11\/Component-1.svg","contentUrl":"https:\/\/gymfactory.eu\/wp-content\/uploads\/2024\/11\/Component-1.svg","width":54,"height":44,"caption":"Gym Factory"},"image":{"@id":"https:\/\/gymfactory.eu\/fr\/#\/schema\/logo\/image\/"}}]}},"_links":{"self":[{"href":"https:\/\/gymfactory.eu\/fr\/wp-json\/wp\/v2\/product\/29376","targetHints":{"allow":["GET"]}}],"collection":[{"href":"https:\/\/gymfactory.eu\/fr\/wp-json\/wp\/v2\/product"}],"about":[{"href":"https:\/\/gymfactory.eu\/fr\/wp-json\/wp\/v2\/types\/product"}],"wp:featuredmedia":[{"embeddable":true,"href":"https:\/\/gymfactory.eu\/fr\/wp-json\/wp\/v2\/media\/19915"}],"wp:attachment":[{"href":"https:\/\/gymfactory.eu\/fr\/wp-json\/wp\/v2\/media?parent=29376"}],"wp:term":[{"taxonomy":"product_brand","embeddable":true,"href":"https:\/\/gymfactory.eu\/fr\/wp-json\/wp\/v2\/product_brand?post=29376"},{"taxonomy":"product_cat","embeddable":true,"href":"https:\/\/gymfactory.eu\/fr\/wp-json\/wp\/v2\/product_cat?post=29376"},{"taxonomy":"product_tag","embeddable":true,"href":"https:\/\/gymfactory.eu\/fr\/wp-json\/wp\/v2\/product_tag?post=29376"}],"curies":[{"name":"wp","href":"https:\/\/api.w.org\/{rel}","templated":true}]}}