{"id":29366,"date":"2025-02-17T13:55:07","date_gmt":"2025-02-17T11:55:07","guid":{"rendered":"https:\/\/gymfactory.eu\/product\/monkey-bars-un7\/"},"modified":"2025-02-17T13:55:07","modified_gmt":"2025-02-17T11:55:07","slug":"monkey-bars-un7","status":"publish","type":"product","link":"https:\/\/gymfactory.eu\/fr\/produit\/monkey-bars-un7\/","title":{"rendered":"Monkey Bars UN7"},"content":{"rendered":"<p>Les Monkey Bars sont un \u00e9quipement de fitness en ext\u00e9rieur con\u00e7u pour des exercices de musculation fonctionnelle et le d\u00e9veloppement de la coordination. La station comprend une \u00e9chelle de suspension horizontale (monkey bars) pour les mouvements dynamiques et le travail de la force de pr\u00e9hension, ainsi que des \u00e9chelles verticales pour faciliter l\u2019acc\u00e8s et les variations d\u2019escalade. <\/p>\n<p>Cette configuration prend en charge un entra\u00eenement de haute performance, combinant r\u00e9sistance au poids du corps, mobilit\u00e9 et travail d\u2019endurance dans une seule structure en ext\u00e9rieur.<\/p>\n<p><strong>Options de fixation :\u2028<\/strong><br \/>\nChaque module d\u2019entra\u00eenement en ext\u00e9rieur peut \u00eatre pr\u00e9par\u00e9 avec diff\u00e9rentes solutions de fixation, selon les besoins d\u2019installation :<\/p>\n<ul>\n<li>Concrete anchoring using rebar extensions.<\/li>\n<li>\u2022 Ancrage par boulonnage utilisant des plaques de base avec des trous pr\u00e9-perc\u00e9s.<\/li>\n<li>\u2022 Ancrage par vis de fondation utilisant des pieux \u00e0 visser et des plaques de montage &#8211; cette option est plus on\u00e9reuse en raison du co\u00fbt des pieux \u00e0 visser et d\u00e9pend du nombre de points de fixation requis pour chaque unit\u00e9.<\/li>\n<\/ul>\n\n    <div class=\"xs_social_share_widget xs_share_url after_content \t\tmain_content  wslu-style-1 wslu-share-box-shaped wslu-fill-colored wslu-none wslu-share-horizontal wslu-theme-font-no wslu-main_content\">\n\n\t\t\n        <ul>\n\t\t\t        <\/ul>\n    <\/div> \n","protected":false},"excerpt":{"rendered":"<p>Les Monkey Bars sont un \u00e9quipement de fitness en ext\u00e9rieur con\u00e7u pour des exercices de musculation fonctionnelle et le d\u00e9veloppement de la coordination. La station comprend une \u00e9chelle de suspension horizontale (monkey bars) pour les mouvements dynamiques et le travail de la force de pr\u00e9hension, ainsi que des \u00e9chelles verticales pour faciliter l\u2019acc\u00e8s et les [&hellip;]<\/p>\n","protected":false},"featured_media":11682,"template":"","meta":{"_acf_changed":false},"product_brand":[56],"product_cat":[831],"product_tag":[857],"class_list":{"0":"post-29366","1":"product","2":"type-product","3":"status-publish","4":"has-post-thumbnail","6":"product_brand-gym-factory","7":"product_cat-equipements-de-fitness-exterieur","8":"product_tag-couleur-metal-uniquement","10":"first","11":"onbackorder","12":"taxable","13":"shipping-taxable","14":"purchasable","15":"product-type-variable","16":"has-default-attributes"},"acf":[],"yoast_head":"<!-- This site is optimized with the Yoast SEO plugin v25.2 - https:\/\/yoast.com\/wordpress\/plugins\/seo\/ -->\n<title>Monkey Bars UN7 | \u00c9quipement de Fitness en Ext\u00e9rieur pour la Force<\/title>\n<meta name=\"description\" content=\"Ces Monkey Bars sont fabriqu\u00e9es avec une structure en acier de haute qualit\u00e9, garantissant leur durabilit\u00e9. Parfaites comme \u00e9quipement de fitness en ext\u00e9rieur et pour les exercices de musculation.\" \/>\n<meta name=\"robots\" content=\"index, follow, max-snippet:-1, max-image-preview:large, max-video-preview:-1\" \/>\n<link rel=\"canonical\" href=\"https:\/\/gymfactory.eu\/fr\/produit\/monkey-bars-un7\/\" \/>\n<meta property=\"og:locale\" content=\"fr_FR\" \/>\n<meta property=\"og:type\" content=\"article\" \/>\n<meta property=\"og:title\" content=\"Monkey Bars UN7 | \u00c9quipement de Fitness en Ext\u00e9rieur pour la Force\" \/>\n<meta property=\"og:description\" content=\"Ces Monkey Bars sont fabriqu\u00e9es avec une structure en acier de haute qualit\u00e9, garantissant leur durabilit\u00e9. Parfaites comme \u00e9quipement de fitness en ext\u00e9rieur et pour les exercices de musculation.\" \/>\n<meta property=\"og:url\" content=\"https:\/\/gymfactory.eu\/fr\/produit\/monkey-bars-un7\/\" \/>\n<meta property=\"og:site_name\" content=\"Gym Factory\" \/>\n<meta property=\"og:image\" content=\"https:\/\/gymfactory.eu\/wp-content\/uploads\/2025\/02\/outdoor-fitness-equipment-monkey-bars-frame.webp\" \/>\n\t<meta property=\"og:image:width\" content=\"1000\" \/>\n\t<meta property=\"og:image:height\" content=\"1000\" \/>\n\t<meta property=\"og:image:type\" content=\"image\/webp\" \/>\n<meta name=\"twitter:card\" content=\"summary_large_image\" \/>\n<meta name=\"twitter:label1\" content=\"Dur\u00e9e de lecture estim\u00e9e\" \/>\n\t<meta name=\"twitter:data1\" content=\"1 minute\" \/>\n<script type=\"application\/ld+json\" class=\"yoast-schema-graph\">{\"@context\":\"https:\/\/schema.org\",\"@graph\":[{\"@type\":\"WebPage\",\"@id\":\"https:\/\/gymfactory.eu\/fr\/produit\/monkey-bars-un7\/\",\"url\":\"https:\/\/gymfactory.eu\/fr\/produit\/monkey-bars-un7\/\",\"name\":\"Monkey Bars UN7 | \u00c9quipement de Fitness en Ext\u00e9rieur pour la Force\",\"isPartOf\":{\"@id\":\"https:\/\/gymfactory.eu\/fr\/#website\"},\"primaryImageOfPage\":{\"@id\":\"https:\/\/gymfactory.eu\/fr\/produit\/monkey-bars-un7\/#primaryimage\"},\"image\":{\"@id\":\"https:\/\/gymfactory.eu\/fr\/produit\/monkey-bars-un7\/#primaryimage\"},\"thumbnailUrl\":\"https:\/\/gymfactory.eu\/wp-content\/uploads\/2025\/02\/outdoor-fitness-equipment-monkey-bars-frame.webp\",\"datePublished\":\"2025-02-17T11:55:07+00:00\",\"description\":\"Ces Monkey Bars sont fabriqu\u00e9es avec une structure en acier de haute qualit\u00e9, garantissant leur durabilit\u00e9. Parfaites comme \u00e9quipement de fitness en ext\u00e9rieur et pour les exercices de musculation.\",\"breadcrumb\":{\"@id\":\"https:\/\/gymfactory.eu\/fr\/produit\/monkey-bars-un7\/#breadcrumb\"},\"inLanguage\":\"fr-FR\",\"potentialAction\":[{\"@type\":\"ReadAction\",\"target\":[\"https:\/\/gymfactory.eu\/fr\/produit\/monkey-bars-un7\/\"]}]},{\"@type\":\"ImageObject\",\"inLanguage\":\"fr-FR\",\"@id\":\"https:\/\/gymfactory.eu\/fr\/produit\/monkey-bars-un7\/#primaryimage\",\"url\":\"https:\/\/gymfactory.eu\/wp-content\/uploads\/2025\/02\/outdoor-fitness-equipment-monkey-bars-frame.webp\",\"contentUrl\":\"https:\/\/gymfactory.eu\/wp-content\/uploads\/2025\/02\/outdoor-fitness-equipment-monkey-bars-frame.webp\",\"width\":1000,\"height\":1000,\"caption\":\"Cadre de monkey bars pour exercices de musculation avec des barreaux horizontaux r\u00e9guli\u00e8rement espac\u00e9s, soutenu par quatre poteaux verticaux et une \u00e9chelle lat\u00e9rale, id\u00e9al pour l\u2019entra\u00eenement au poids du corps, le d\u00e9veloppement de la force de pr\u00e9hension et les entra\u00eenements de fitness fonctionnel.\"},{\"@type\":\"BreadcrumbList\",\"@id\":\"https:\/\/gymfactory.eu\/fr\/produit\/monkey-bars-un7\/#breadcrumb\",\"itemListElement\":[{\"@type\":\"ListItem\",\"position\":1,\"name\":\"Home\",\"item\":\"https:\/\/gymfactory.eu\/fr\/page-principale\/\"},{\"@type\":\"ListItem\",\"position\":2,\"name\":\"Catalogue\",\"item\":\"https:\/\/gymfactory.eu\/fr\/catalogue-2\/\"},{\"@type\":\"ListItem\",\"position\":3,\"name\":\"Monkey Bars UN7\"}]},{\"@type\":\"WebSite\",\"@id\":\"https:\/\/gymfactory.eu\/fr\/#website\",\"url\":\"https:\/\/gymfactory.eu\/fr\/\",\"name\":\"Gym Factory\",\"description\":\"\",\"publisher\":{\"@id\":\"https:\/\/gymfactory.eu\/fr\/#organization\"},\"potentialAction\":[{\"@type\":\"SearchAction\",\"target\":{\"@type\":\"EntryPoint\",\"urlTemplate\":\"https:\/\/gymfactory.eu\/fr\/?s={search_term_string}\"},\"query-input\":{\"@type\":\"PropertyValueSpecification\",\"valueRequired\":true,\"valueName\":\"search_term_string\"}}],\"inLanguage\":\"fr-FR\"},{\"@type\":\"Organization\",\"@id\":\"https:\/\/gymfactory.eu\/fr\/#organization\",\"name\":\"Gym Factory\",\"url\":\"https:\/\/gymfactory.eu\/fr\/\",\"logo\":{\"@type\":\"ImageObject\",\"inLanguage\":\"fr-FR\",\"@id\":\"https:\/\/gymfactory.eu\/fr\/#\/schema\/logo\/image\/\",\"url\":\"https:\/\/gymfactory.eu\/wp-content\/uploads\/2024\/11\/Component-1.svg\",\"contentUrl\":\"https:\/\/gymfactory.eu\/wp-content\/uploads\/2024\/11\/Component-1.svg\",\"width\":54,\"height\":44,\"caption\":\"Gym Factory\"},\"image\":{\"@id\":\"https:\/\/gymfactory.eu\/fr\/#\/schema\/logo\/image\/\"}}]}<\/script>\n<!-- \/ Yoast SEO plugin. -->","yoast_head_json":{"title":"Monkey Bars UN7 | \u00c9quipement de Fitness en Ext\u00e9rieur pour la Force","description":"Ces Monkey Bars sont fabriqu\u00e9es avec une structure en acier de haute qualit\u00e9, garantissant leur durabilit\u00e9. Parfaites comme \u00e9quipement de fitness en ext\u00e9rieur et pour les exercices de musculation.","robots":{"index":"index","follow":"follow","max-snippet":"max-snippet:-1","max-image-preview":"max-image-preview:large","max-video-preview":"max-video-preview:-1"},"canonical":"https:\/\/gymfactory.eu\/fr\/produit\/monkey-bars-un7\/","og_locale":"fr_FR","og_type":"article","og_title":"Monkey Bars UN7 | \u00c9quipement de Fitness en Ext\u00e9rieur pour la Force","og_description":"Ces Monkey Bars sont fabriqu\u00e9es avec une structure en acier de haute qualit\u00e9, garantissant leur durabilit\u00e9. Parfaites comme \u00e9quipement de fitness en ext\u00e9rieur et pour les exercices de musculation.","og_url":"https:\/\/gymfactory.eu\/fr\/produit\/monkey-bars-un7\/","og_site_name":"Gym Factory","og_image":[{"width":1000,"height":1000,"url":"https:\/\/gymfactory.eu\/wp-content\/uploads\/2025\/02\/outdoor-fitness-equipment-monkey-bars-frame.webp","type":"image\/webp"}],"twitter_card":"summary_large_image","twitter_misc":{"Dur\u00e9e de lecture estim\u00e9e":"1 minute"},"schema":{"@context":"https:\/\/schema.org","@graph":[{"@type":"WebPage","@id":"https:\/\/gymfactory.eu\/fr\/produit\/monkey-bars-un7\/","url":"https:\/\/gymfactory.eu\/fr\/produit\/monkey-bars-un7\/","name":"Monkey Bars UN7 | \u00c9quipement de Fitness en Ext\u00e9rieur pour la Force","isPartOf":{"@id":"https:\/\/gymfactory.eu\/fr\/#website"},"primaryImageOfPage":{"@id":"https:\/\/gymfactory.eu\/fr\/produit\/monkey-bars-un7\/#primaryimage"},"image":{"@id":"https:\/\/gymfactory.eu\/fr\/produit\/monkey-bars-un7\/#primaryimage"},"thumbnailUrl":"https:\/\/gymfactory.eu\/wp-content\/uploads\/2025\/02\/outdoor-fitness-equipment-monkey-bars-frame.webp","datePublished":"2025-02-17T11:55:07+00:00","description":"Ces Monkey Bars sont fabriqu\u00e9es avec une structure en acier de haute qualit\u00e9, garantissant leur durabilit\u00e9. Parfaites comme \u00e9quipement de fitness en ext\u00e9rieur et pour les exercices de musculation.","breadcrumb":{"@id":"https:\/\/gymfactory.eu\/fr\/produit\/monkey-bars-un7\/#breadcrumb"},"inLanguage":"fr-FR","potentialAction":[{"@type":"ReadAction","target":["https:\/\/gymfactory.eu\/fr\/produit\/monkey-bars-un7\/"]}]},{"@type":"ImageObject","inLanguage":"fr-FR","@id":"https:\/\/gymfactory.eu\/fr\/produit\/monkey-bars-un7\/#primaryimage","url":"https:\/\/gymfactory.eu\/wp-content\/uploads\/2025\/02\/outdoor-fitness-equipment-monkey-bars-frame.webp","contentUrl":"https:\/\/gymfactory.eu\/wp-content\/uploads\/2025\/02\/outdoor-fitness-equipment-monkey-bars-frame.webp","width":1000,"height":1000,"caption":"Cadre de monkey bars pour exercices de musculation avec des barreaux horizontaux r\u00e9guli\u00e8rement espac\u00e9s, soutenu par quatre poteaux verticaux et une \u00e9chelle lat\u00e9rale, id\u00e9al pour l\u2019entra\u00eenement au poids du corps, le d\u00e9veloppement de la force de pr\u00e9hension et les entra\u00eenements de fitness fonctionnel."},{"@type":"BreadcrumbList","@id":"https:\/\/gymfactory.eu\/fr\/produit\/monkey-bars-un7\/#breadcrumb","itemListElement":[{"@type":"ListItem","position":1,"name":"Home","item":"https:\/\/gymfactory.eu\/fr\/page-principale\/"},{"@type":"ListItem","position":2,"name":"Catalogue","item":"https:\/\/gymfactory.eu\/fr\/catalogue-2\/"},{"@type":"ListItem","position":3,"name":"Monkey Bars UN7"}]},{"@type":"WebSite","@id":"https:\/\/gymfactory.eu\/fr\/#website","url":"https:\/\/gymfactory.eu\/fr\/","name":"Gym Factory","description":"","publisher":{"@id":"https:\/\/gymfactory.eu\/fr\/#organization"},"potentialAction":[{"@type":"SearchAction","target":{"@type":"EntryPoint","urlTemplate":"https:\/\/gymfactory.eu\/fr\/?s={search_term_string}"},"query-input":{"@type":"PropertyValueSpecification","valueRequired":true,"valueName":"search_term_string"}}],"inLanguage":"fr-FR"},{"@type":"Organization","@id":"https:\/\/gymfactory.eu\/fr\/#organization","name":"Gym Factory","url":"https:\/\/gymfactory.eu\/fr\/","logo":{"@type":"ImageObject","inLanguage":"fr-FR","@id":"https:\/\/gymfactory.eu\/fr\/#\/schema\/logo\/image\/","url":"https:\/\/gymfactory.eu\/wp-content\/uploads\/2024\/11\/Component-1.svg","contentUrl":"https:\/\/gymfactory.eu\/wp-content\/uploads\/2024\/11\/Component-1.svg","width":54,"height":44,"caption":"Gym Factory"},"image":{"@id":"https:\/\/gymfactory.eu\/fr\/#\/schema\/logo\/image\/"}}]}},"_links":{"self":[{"href":"https:\/\/gymfactory.eu\/fr\/wp-json\/wp\/v2\/product\/29366","targetHints":{"allow":["GET"]}}],"collection":[{"href":"https:\/\/gymfactory.eu\/fr\/wp-json\/wp\/v2\/product"}],"about":[{"href":"https:\/\/gymfactory.eu\/fr\/wp-json\/wp\/v2\/types\/product"}],"wp:featuredmedia":[{"embeddable":true,"href":"https:\/\/gymfactory.eu\/fr\/wp-json\/wp\/v2\/media\/11682"}],"wp:attachment":[{"href":"https:\/\/gymfactory.eu\/fr\/wp-json\/wp\/v2\/media?parent=29366"}],"wp:term":[{"taxonomy":"product_brand","embeddable":true,"href":"https:\/\/gymfactory.eu\/fr\/wp-json\/wp\/v2\/product_brand?post=29366"},{"taxonomy":"product_cat","embeddable":true,"href":"https:\/\/gymfactory.eu\/fr\/wp-json\/wp\/v2\/product_cat?post=29366"},{"taxonomy":"product_tag","embeddable":true,"href":"https:\/\/gymfactory.eu\/fr\/wp-json\/wp\/v2\/product_tag?post=29366"}],"curies":[{"name":"wp","href":"https:\/\/api.w.org\/{rel}","templated":true}]}}