{"id":29354,"date":"2025-02-17T13:16:34","date_gmt":"2025-02-17T11:16:34","guid":{"rendered":"https:\/\/gymfactory.eu\/product\/barres-de-pompes-basses-un3\/"},"modified":"2025-02-17T13:16:34","modified_gmt":"2025-02-17T11:16:34","slug":"barres-de-pompes-basses-un3","status":"publish","type":"product","link":"https:\/\/gymfactory.eu\/fr\/produit\/barres-de-pompes-basses-un3\/","title":{"rendered":"Barres de Pompes Basses UN3"},"content":{"rendered":"<p>Les Barres de Pompes Basses UN3 sont un \u00e9quipement de fitness en ext\u00e9rieur compact con\u00e7u pour l\u2019entra\u00eenement en force du haut du corps et de la sangle abdominale au poids du corps. L\u2019unit\u00e9 comprend trois barres de pompes \u00e0 diff\u00e9rentes hauteurs, permettant aux utilisateurs d\u2019ajuster la difficult\u00e9, l\u2019angle de prise et les variations d\u2019exercices. <\/p>\n<p>Id\u00e9ale pour la callisth\u00e9nie (street workout), l\u2019entra\u00eenement de la mobilit\u00e9 et le d\u00e9veloppement progressif de la force, cette configuration prend en charge des entra\u00eenements efficaces et de haute performance dans les parcs, les salles de sport en plein air ou les zones de fitness \u00e0 domicile.<\/p>\n<p><strong>Options de fixation :\u2028<\/strong><br \/>\nChaque module d\u2019entra\u00eenement en ext\u00e9rieur peut \u00eatre pr\u00e9par\u00e9 avec diff\u00e9rentes solutions de fixation, selon les besoins d\u2019installation :<\/p>\n<ul>\n<li>\u2022 Ancrage dans le b\u00e9ton \u00e0 l\u2019aide d\u2019extensions en fer \u00e0 b\u00e9ton.<\/li>\n<li>\u2022 Ancrage par boulonnage utilisant des plaques de base avec des trous pr\u00e9-perc\u00e9s.<\/li>\n<li>\u2022 Ancrage par vis de fondation utilisant des pieux \u00e0 visser et des plaques de montage &#8211; cette option est plus on\u00e9reuse en raison du co\u00fbt des pieux \u00e0 visser et d\u00e9pend du nombre de points de fixation requis pour chaque unit\u00e9.<\/li>\n<\/ul>\n\n    <div class=\"xs_social_share_widget xs_share_url after_content \t\tmain_content  wslu-style-1 wslu-share-box-shaped wslu-fill-colored wslu-none wslu-share-horizontal wslu-theme-font-no wslu-main_content\">\n\n\t\t\n        <ul>\n\t\t\t        <\/ul>\n    <\/div> \n","protected":false},"excerpt":{"rendered":"<p>Les Barres de Pompes Basses UN3 sont un \u00e9quipement de fitness en ext\u00e9rieur compact con\u00e7u pour l\u2019entra\u00eenement en force du haut du corps et de la sangle abdominale au poids du corps. L\u2019unit\u00e9 comprend trois barres de pompes \u00e0 diff\u00e9rentes hauteurs, permettant aux utilisateurs d\u2019ajuster la difficult\u00e9, l\u2019angle de prise et les variations d\u2019exercices. Id\u00e9ale [&hellip;]<\/p>\n","protected":false},"featured_media":11712,"template":"","meta":{"_acf_changed":false},"product_brand":[56],"product_cat":[831],"product_tag":[857],"class_list":{"0":"post-29354","1":"product","2":"type-product","3":"status-publish","4":"has-post-thumbnail","6":"product_brand-gym-factory","7":"product_cat-equipements-de-fitness-exterieur","8":"product_tag-couleur-metal-uniquement","10":"first","11":"onbackorder","12":"taxable","13":"shipping-taxable","14":"purchasable","15":"product-type-variable","16":"has-default-attributes"},"acf":[],"yoast_head":"<!-- This site is optimized with the Yoast SEO plugin v25.2 - https:\/\/yoast.com\/wordpress\/plugins\/seo\/ -->\n<title>Poutre d\u2019\u00c9quilibre UN3 | \u00c9quipement de Fitness en Ext\u00e9rieur pour la Force<\/title>\n<meta name=\"description\" content=\"Cette Poutre d\u2019\u00c9quilibre, fabriqu\u00e9e avec une structure en acier de haute qualit\u00e9, est un \u00c9quipement de Fitness en Ext\u00e9rieur id\u00e9al. Elle prend en charge les exercices de musculation et l\u2019entra\u00eenement de l\u2019\u00e9quilibre.\" \/>\n<meta name=\"robots\" content=\"index, follow, max-snippet:-1, max-image-preview:large, max-video-preview:-1\" \/>\n<link rel=\"canonical\" href=\"https:\/\/gymfactory.eu\/fr\/produit\/barres-de-pompes-basses-un3\/\" \/>\n<meta property=\"og:locale\" content=\"fr_FR\" \/>\n<meta property=\"og:type\" content=\"article\" \/>\n<meta property=\"og:title\" content=\"Poutre d\u2019\u00c9quilibre UN3 | \u00c9quipement de Fitness en Ext\u00e9rieur pour la Force\" \/>\n<meta property=\"og:description\" content=\"Cette Poutre d\u2019\u00c9quilibre, fabriqu\u00e9e avec une structure en acier de haute qualit\u00e9, est un \u00c9quipement de Fitness en Ext\u00e9rieur id\u00e9al. Elle prend en charge les exercices de musculation et l\u2019entra\u00eenement de l\u2019\u00e9quilibre.\" \/>\n<meta property=\"og:url\" content=\"https:\/\/gymfactory.eu\/fr\/produit\/barres-de-pompes-basses-un3\/\" \/>\n<meta property=\"og:site_name\" content=\"Gym Factory\" \/>\n<meta property=\"og:image\" content=\"https:\/\/gymfactory.eu\/wp-content\/uploads\/2025\/02\/outdoor-fitness-equipment-height-bars.webp\" \/>\n\t<meta property=\"og:image:width\" content=\"1000\" \/>\n\t<meta property=\"og:image:height\" content=\"1000\" \/>\n\t<meta property=\"og:image:type\" content=\"image\/webp\" \/>\n<meta name=\"twitter:card\" content=\"summary_large_image\" \/>\n<meta name=\"twitter:label1\" content=\"Dur\u00e9e de lecture estim\u00e9e\" \/>\n\t<meta name=\"twitter:data1\" content=\"1 minute\" \/>\n<script type=\"application\/ld+json\" class=\"yoast-schema-graph\">{\"@context\":\"https:\/\/schema.org\",\"@graph\":[{\"@type\":\"WebPage\",\"@id\":\"https:\/\/gymfactory.eu\/fr\/produit\/barres-de-pompes-basses-un3\/\",\"url\":\"https:\/\/gymfactory.eu\/fr\/produit\/barres-de-pompes-basses-un3\/\",\"name\":\"Poutre d\u2019\u00c9quilibre UN3 | \u00c9quipement de Fitness en Ext\u00e9rieur pour la Force\",\"isPartOf\":{\"@id\":\"https:\/\/gymfactory.eu\/fr\/#website\"},\"primaryImageOfPage\":{\"@id\":\"https:\/\/gymfactory.eu\/fr\/produit\/barres-de-pompes-basses-un3\/#primaryimage\"},\"image\":{\"@id\":\"https:\/\/gymfactory.eu\/fr\/produit\/barres-de-pompes-basses-un3\/#primaryimage\"},\"thumbnailUrl\":\"https:\/\/gymfactory.eu\/wp-content\/uploads\/2025\/02\/outdoor-fitness-equipment-height-bars.webp\",\"datePublished\":\"2025-02-17T11:16:34+00:00\",\"description\":\"Cette Poutre d\u2019\u00c9quilibre, fabriqu\u00e9e avec une structure en acier de haute qualit\u00e9, est un \u00c9quipement de Fitness en Ext\u00e9rieur id\u00e9al. Elle prend en charge les exercices de musculation et l\u2019entra\u00eenement de l\u2019\u00e9quilibre.\",\"breadcrumb\":{\"@id\":\"https:\/\/gymfactory.eu\/fr\/produit\/barres-de-pompes-basses-un3\/#breadcrumb\"},\"inLanguage\":\"fr-FR\",\"potentialAction\":[{\"@type\":\"ReadAction\",\"target\":[\"https:\/\/gymfactory.eu\/fr\/produit\/barres-de-pompes-basses-un3\/\"]}]},{\"@type\":\"ImageObject\",\"inLanguage\":\"fr-FR\",\"@id\":\"https:\/\/gymfactory.eu\/fr\/produit\/barres-de-pompes-basses-un3\/#primaryimage\",\"url\":\"https:\/\/gymfactory.eu\/wp-content\/uploads\/2025\/02\/outdoor-fitness-equipment-height-bars.webp\",\"contentUrl\":\"https:\/\/gymfactory.eu\/wp-content\/uploads\/2025\/02\/outdoor-fitness-equipment-height-bars.webp\",\"width\":1000,\"height\":1000,\"caption\":\"L'\u00e9quipement d'exercice de musculation avec trois barres horizontales install\u00e9es \u00e0 diff\u00e9rentes hauteurs, soutenu par des poteaux m\u00e9talliques, con\u00e7u pour l'entra\u00eenement au poids du corps en plein air, comprend des tractions, des trempettes et des entra\u00eenements de fitness fonctionnels.\"},{\"@type\":\"BreadcrumbList\",\"@id\":\"https:\/\/gymfactory.eu\/fr\/produit\/barres-de-pompes-basses-un3\/#breadcrumb\",\"itemListElement\":[{\"@type\":\"ListItem\",\"position\":1,\"name\":\"Home\",\"item\":\"https:\/\/gymfactory.eu\/fr\/page-principale\/\"},{\"@type\":\"ListItem\",\"position\":2,\"name\":\"Catalogue\",\"item\":\"https:\/\/gymfactory.eu\/fr\/catalogue-2\/\"},{\"@type\":\"ListItem\",\"position\":3,\"name\":\"Barres de Pompes Basses UN3\"}]},{\"@type\":\"WebSite\",\"@id\":\"https:\/\/gymfactory.eu\/fr\/#website\",\"url\":\"https:\/\/gymfactory.eu\/fr\/\",\"name\":\"Gym Factory\",\"description\":\"\",\"publisher\":{\"@id\":\"https:\/\/gymfactory.eu\/fr\/#organization\"},\"potentialAction\":[{\"@type\":\"SearchAction\",\"target\":{\"@type\":\"EntryPoint\",\"urlTemplate\":\"https:\/\/gymfactory.eu\/fr\/?s={search_term_string}\"},\"query-input\":{\"@type\":\"PropertyValueSpecification\",\"valueRequired\":true,\"valueName\":\"search_term_string\"}}],\"inLanguage\":\"fr-FR\"},{\"@type\":\"Organization\",\"@id\":\"https:\/\/gymfactory.eu\/fr\/#organization\",\"name\":\"Gym Factory\",\"url\":\"https:\/\/gymfactory.eu\/fr\/\",\"logo\":{\"@type\":\"ImageObject\",\"inLanguage\":\"fr-FR\",\"@id\":\"https:\/\/gymfactory.eu\/fr\/#\/schema\/logo\/image\/\",\"url\":\"https:\/\/gymfactory.eu\/wp-content\/uploads\/2024\/11\/Component-1.svg\",\"contentUrl\":\"https:\/\/gymfactory.eu\/wp-content\/uploads\/2024\/11\/Component-1.svg\",\"width\":54,\"height\":44,\"caption\":\"Gym Factory\"},\"image\":{\"@id\":\"https:\/\/gymfactory.eu\/fr\/#\/schema\/logo\/image\/\"}}]}<\/script>\n<!-- \/ Yoast SEO plugin. -->","yoast_head_json":{"title":"Poutre d\u2019\u00c9quilibre UN3 | \u00c9quipement de Fitness en Ext\u00e9rieur pour la Force","description":"Cette Poutre d\u2019\u00c9quilibre, fabriqu\u00e9e avec une structure en acier de haute qualit\u00e9, est un \u00c9quipement de Fitness en Ext\u00e9rieur id\u00e9al. Elle prend en charge les exercices de musculation et l\u2019entra\u00eenement de l\u2019\u00e9quilibre.","robots":{"index":"index","follow":"follow","max-snippet":"max-snippet:-1","max-image-preview":"max-image-preview:large","max-video-preview":"max-video-preview:-1"},"canonical":"https:\/\/gymfactory.eu\/fr\/produit\/barres-de-pompes-basses-un3\/","og_locale":"fr_FR","og_type":"article","og_title":"Poutre d\u2019\u00c9quilibre UN3 | \u00c9quipement de Fitness en Ext\u00e9rieur pour la Force","og_description":"Cette Poutre d\u2019\u00c9quilibre, fabriqu\u00e9e avec une structure en acier de haute qualit\u00e9, est un \u00c9quipement de Fitness en Ext\u00e9rieur id\u00e9al. Elle prend en charge les exercices de musculation et l\u2019entra\u00eenement de l\u2019\u00e9quilibre.","og_url":"https:\/\/gymfactory.eu\/fr\/produit\/barres-de-pompes-basses-un3\/","og_site_name":"Gym Factory","og_image":[{"width":1000,"height":1000,"url":"https:\/\/gymfactory.eu\/wp-content\/uploads\/2025\/02\/outdoor-fitness-equipment-height-bars.webp","type":"image\/webp"}],"twitter_card":"summary_large_image","twitter_misc":{"Dur\u00e9e de lecture estim\u00e9e":"1 minute"},"schema":{"@context":"https:\/\/schema.org","@graph":[{"@type":"WebPage","@id":"https:\/\/gymfactory.eu\/fr\/produit\/barres-de-pompes-basses-un3\/","url":"https:\/\/gymfactory.eu\/fr\/produit\/barres-de-pompes-basses-un3\/","name":"Poutre d\u2019\u00c9quilibre UN3 | \u00c9quipement de Fitness en Ext\u00e9rieur pour la Force","isPartOf":{"@id":"https:\/\/gymfactory.eu\/fr\/#website"},"primaryImageOfPage":{"@id":"https:\/\/gymfactory.eu\/fr\/produit\/barres-de-pompes-basses-un3\/#primaryimage"},"image":{"@id":"https:\/\/gymfactory.eu\/fr\/produit\/barres-de-pompes-basses-un3\/#primaryimage"},"thumbnailUrl":"https:\/\/gymfactory.eu\/wp-content\/uploads\/2025\/02\/outdoor-fitness-equipment-height-bars.webp","datePublished":"2025-02-17T11:16:34+00:00","description":"Cette Poutre d\u2019\u00c9quilibre, fabriqu\u00e9e avec une structure en acier de haute qualit\u00e9, est un \u00c9quipement de Fitness en Ext\u00e9rieur id\u00e9al. Elle prend en charge les exercices de musculation et l\u2019entra\u00eenement de l\u2019\u00e9quilibre.","breadcrumb":{"@id":"https:\/\/gymfactory.eu\/fr\/produit\/barres-de-pompes-basses-un3\/#breadcrumb"},"inLanguage":"fr-FR","potentialAction":[{"@type":"ReadAction","target":["https:\/\/gymfactory.eu\/fr\/produit\/barres-de-pompes-basses-un3\/"]}]},{"@type":"ImageObject","inLanguage":"fr-FR","@id":"https:\/\/gymfactory.eu\/fr\/produit\/barres-de-pompes-basses-un3\/#primaryimage","url":"https:\/\/gymfactory.eu\/wp-content\/uploads\/2025\/02\/outdoor-fitness-equipment-height-bars.webp","contentUrl":"https:\/\/gymfactory.eu\/wp-content\/uploads\/2025\/02\/outdoor-fitness-equipment-height-bars.webp","width":1000,"height":1000,"caption":"L'\u00e9quipement d'exercice de musculation avec trois barres horizontales install\u00e9es \u00e0 diff\u00e9rentes hauteurs, soutenu par des poteaux m\u00e9talliques, con\u00e7u pour l'entra\u00eenement au poids du corps en plein air, comprend des tractions, des trempettes et des entra\u00eenements de fitness fonctionnels."},{"@type":"BreadcrumbList","@id":"https:\/\/gymfactory.eu\/fr\/produit\/barres-de-pompes-basses-un3\/#breadcrumb","itemListElement":[{"@type":"ListItem","position":1,"name":"Home","item":"https:\/\/gymfactory.eu\/fr\/page-principale\/"},{"@type":"ListItem","position":2,"name":"Catalogue","item":"https:\/\/gymfactory.eu\/fr\/catalogue-2\/"},{"@type":"ListItem","position":3,"name":"Barres de Pompes Basses UN3"}]},{"@type":"WebSite","@id":"https:\/\/gymfactory.eu\/fr\/#website","url":"https:\/\/gymfactory.eu\/fr\/","name":"Gym Factory","description":"","publisher":{"@id":"https:\/\/gymfactory.eu\/fr\/#organization"},"potentialAction":[{"@type":"SearchAction","target":{"@type":"EntryPoint","urlTemplate":"https:\/\/gymfactory.eu\/fr\/?s={search_term_string}"},"query-input":{"@type":"PropertyValueSpecification","valueRequired":true,"valueName":"search_term_string"}}],"inLanguage":"fr-FR"},{"@type":"Organization","@id":"https:\/\/gymfactory.eu\/fr\/#organization","name":"Gym Factory","url":"https:\/\/gymfactory.eu\/fr\/","logo":{"@type":"ImageObject","inLanguage":"fr-FR","@id":"https:\/\/gymfactory.eu\/fr\/#\/schema\/logo\/image\/","url":"https:\/\/gymfactory.eu\/wp-content\/uploads\/2024\/11\/Component-1.svg","contentUrl":"https:\/\/gymfactory.eu\/wp-content\/uploads\/2024\/11\/Component-1.svg","width":54,"height":44,"caption":"Gym Factory"},"image":{"@id":"https:\/\/gymfactory.eu\/fr\/#\/schema\/logo\/image\/"}}]}},"_links":{"self":[{"href":"https:\/\/gymfactory.eu\/fr\/wp-json\/wp\/v2\/product\/29354","targetHints":{"allow":["GET"]}}],"collection":[{"href":"https:\/\/gymfactory.eu\/fr\/wp-json\/wp\/v2\/product"}],"about":[{"href":"https:\/\/gymfactory.eu\/fr\/wp-json\/wp\/v2\/types\/product"}],"wp:featuredmedia":[{"embeddable":true,"href":"https:\/\/gymfactory.eu\/fr\/wp-json\/wp\/v2\/media\/11712"}],"wp:attachment":[{"href":"https:\/\/gymfactory.eu\/fr\/wp-json\/wp\/v2\/media?parent=29354"}],"wp:term":[{"taxonomy":"product_brand","embeddable":true,"href":"https:\/\/gymfactory.eu\/fr\/wp-json\/wp\/v2\/product_brand?post=29354"},{"taxonomy":"product_cat","embeddable":true,"href":"https:\/\/gymfactory.eu\/fr\/wp-json\/wp\/v2\/product_cat?post=29354"},{"taxonomy":"product_tag","embeddable":true,"href":"https:\/\/gymfactory.eu\/fr\/wp-json\/wp\/v2\/product_tag?post=29354"}],"curies":[{"name":"wp","href":"https:\/\/api.w.org\/{rel}","templated":true}]}}