{"id":29348,"date":"2025-04-23T13:37:15","date_gmt":"2025-04-23T10:37:15","guid":{"rendered":"https:\/\/gymfactory.eu\/product\/station-banc-reglable-squat-aa1x\/"},"modified":"2025-04-23T13:37:15","modified_gmt":"2025-04-23T10:37:15","slug":"station-banc-reglable-squat-aa1x","status":"publish","type":"product","link":"https:\/\/gymfactory.eu\/fr\/produit\/station-banc-reglable-squat-aa1x\/","title":{"rendered":"Station Banc R\u00e9glable &amp; Squat AA1X"},"content":{"rendered":"<p>La Station Banc R\u00e9glable &amp; Squat AA1X est une configuration de d\u00e9velopp\u00e9 couch\u00e9 plat et stable, dot\u00e9e d\u2019un banc enti\u00e8rement amovible. Lorsque le banc est retir\u00e9, la structure peut \u00eatre utilis\u00e9e comme un rack \u00e0 squat autoportant. Les supports de barre r\u00e9glables en hauteur s\u2019adaptent aux diff\u00e9rentes m\u00e9caniques de d\u00e9velopp\u00e9 et de squat. Des bras de s\u00e9curit\u00e9 (spotter arms) offrent une protection suppl\u00e9mentaire lors des s\u00e9ries lourdes. Des poign\u00e9es situ\u00e9es \u00e0 l\u2019arri\u00e8re permettent d\u2019ajuster la hauteur de la barre sans avoir \u00e0 la d\u00e9charger.    <\/p>\n<p>Cette station \u00e0 double fonction est adapt\u00e9e aux programmes d\u2019entra\u00eenement en force structur\u00e9s, aussi bien dans les environnements de home gym que dans les salles de sport professionnelles.<\/p>\n\n    <div class=\"xs_social_share_widget xs_share_url after_content \t\tmain_content  wslu-style-1 wslu-share-box-shaped wslu-fill-colored wslu-none wslu-share-horizontal wslu-theme-font-no wslu-main_content\">\n\n\t\t\n        <ul>\n\t\t\t        <\/ul>\n    <\/div> \n","protected":false},"excerpt":{"rendered":"<p>La Station Banc R\u00e9glable &amp; Squat AA1X est une configuration de d\u00e9velopp\u00e9 couch\u00e9 plat et stable, dot\u00e9e d\u2019un banc enti\u00e8rement amovible. Lorsque le banc est retir\u00e9, la structure peut \u00eatre utilis\u00e9e comme un rack \u00e0 squat autoportant. Les supports de barre r\u00e9glables en hauteur s\u2019adaptent aux diff\u00e9rentes m\u00e9caniques de d\u00e9velopp\u00e9 et de squat. Des bras [&hellip;]<\/p>\n","protected":false},"featured_media":27851,"template":"","meta":{"_acf_changed":false},"product_brand":[56],"product_cat":[836],"product_tag":[],"class_list":{"0":"post-29348","1":"product","2":"type-product","3":"status-publish","4":"has-post-thumbnail","6":"product_brand-gym-factory","7":"product_cat-bancs-de-musculation","9":"first","10":"onbackorder","11":"taxable","12":"shipping-taxable","13":"purchasable","14":"product-type-variable"},"acf":[],"yoast_head":"<!-- This site is optimized with the Yoast SEO plugin v25.2 - https:\/\/yoast.com\/wordpress\/plugins\/seo\/ -->\n<title>Banc de D\u00e9velopp\u00e9 Couch\u00e9 de Comp\u00e9tition AA1x - \u00c9quipement de Musculation pour la Force<\/title>\n<meta name=\"description\" content=\"Le banc de d\u00e9velopp\u00e9 couch\u00e9 de comp\u00e9tition AA1x est un \u00e9quipement de musculation essentiel, parfait pour d\u00e9velopper la force pectorale et atteindre efficacement vos objectifs de fitness.\" \/>\n<meta name=\"robots\" content=\"index, follow, max-snippet:-1, max-image-preview:large, max-video-preview:-1\" \/>\n<link rel=\"canonical\" href=\"https:\/\/gymfactory.eu\/fr\/produit\/station-banc-reglable-squat-aa1x\/\" \/>\n<meta property=\"og:locale\" content=\"fr_FR\" \/>\n<meta property=\"og:type\" content=\"article\" \/>\n<meta property=\"og:title\" content=\"Banc de D\u00e9velopp\u00e9 Couch\u00e9 de Comp\u00e9tition AA1x - \u00c9quipement de Musculation pour la Force\" \/>\n<meta property=\"og:description\" content=\"Le banc de d\u00e9velopp\u00e9 couch\u00e9 de comp\u00e9tition AA1x est un \u00e9quipement de musculation essentiel, parfait pour d\u00e9velopper la force pectorale et atteindre efficacement vos objectifs de fitness.\" \/>\n<meta property=\"og:url\" content=\"https:\/\/gymfactory.eu\/fr\/produit\/station-banc-reglable-squat-aa1x\/\" \/>\n<meta property=\"og:site_name\" content=\"Gym Factory\" \/>\n<meta property=\"og:image\" content=\"https:\/\/gymfactory.eu\/wp-content\/uploads\/2025\/04\/AA1x-Competition-Bench-Press-1.webp\" \/>\n\t<meta property=\"og:image:width\" content=\"1500\" \/>\n\t<meta property=\"og:image:height\" content=\"1500\" \/>\n\t<meta property=\"og:image:type\" content=\"image\/webp\" \/>\n<meta name=\"twitter:card\" content=\"summary_large_image\" \/>\n<meta name=\"twitter:label1\" content=\"Dur\u00e9e de lecture estim\u00e9e\" \/>\n\t<meta name=\"twitter:data1\" content=\"1 minute\" \/>\n<script type=\"application\/ld+json\" class=\"yoast-schema-graph\">{\"@context\":\"https:\/\/schema.org\",\"@graph\":[{\"@type\":\"WebPage\",\"@id\":\"https:\/\/gymfactory.eu\/fr\/produit\/station-banc-reglable-squat-aa1x\/\",\"url\":\"https:\/\/gymfactory.eu\/fr\/produit\/station-banc-reglable-squat-aa1x\/\",\"name\":\"Banc de D\u00e9velopp\u00e9 Couch\u00e9 de Comp\u00e9tition AA1x - \u00c9quipement de Musculation pour la Force\",\"isPartOf\":{\"@id\":\"https:\/\/gymfactory.eu\/fr\/#website\"},\"primaryImageOfPage\":{\"@id\":\"https:\/\/gymfactory.eu\/fr\/produit\/station-banc-reglable-squat-aa1x\/#primaryimage\"},\"image\":{\"@id\":\"https:\/\/gymfactory.eu\/fr\/produit\/station-banc-reglable-squat-aa1x\/#primaryimage\"},\"thumbnailUrl\":\"https:\/\/gymfactory.eu\/wp-content\/uploads\/2025\/04\/AA1x-Competition-Bench-Press-1.webp\",\"datePublished\":\"2025-04-23T10:37:15+00:00\",\"description\":\"Le banc de d\u00e9velopp\u00e9 couch\u00e9 de comp\u00e9tition AA1x est un \u00e9quipement de musculation essentiel, parfait pour d\u00e9velopper la force pectorale et atteindre efficacement vos objectifs de fitness.\",\"breadcrumb\":{\"@id\":\"https:\/\/gymfactory.eu\/fr\/produit\/station-banc-reglable-squat-aa1x\/#breadcrumb\"},\"inLanguage\":\"fr-FR\",\"potentialAction\":[{\"@type\":\"ReadAction\",\"target\":[\"https:\/\/gymfactory.eu\/fr\/produit\/station-banc-reglable-squat-aa1x\/\"]}]},{\"@type\":\"ImageObject\",\"inLanguage\":\"fr-FR\",\"@id\":\"https:\/\/gymfactory.eu\/fr\/produit\/station-banc-reglable-squat-aa1x\/#primaryimage\",\"url\":\"https:\/\/gymfactory.eu\/wp-content\/uploads\/2025\/04\/AA1x-Competition-Bench-Press-1.webp\",\"contentUrl\":\"https:\/\/gymfactory.eu\/wp-content\/uploads\/2025\/04\/AA1x-Competition-Bench-Press-1.webp\",\"width\":1500,\"height\":1500,\"caption\":\"Station compl\u00e8te de Banc de D\u00e9velopp\u00e9 Couch\u00e9 de Comp\u00e9tition comprenant un banc plat int\u00e9gr\u00e9 et un support de barre, id\u00e9ale comme \u00e9quipement de musculation de pr\u00e9cision pour les exercices de renforcement musculaire avanc\u00e9s.\"},{\"@type\":\"BreadcrumbList\",\"@id\":\"https:\/\/gymfactory.eu\/fr\/produit\/station-banc-reglable-squat-aa1x\/#breadcrumb\",\"itemListElement\":[{\"@type\":\"ListItem\",\"position\":1,\"name\":\"Home\",\"item\":\"https:\/\/gymfactory.eu\/fr\/\"},{\"@type\":\"ListItem\",\"position\":2,\"name\":\"Catalogue\",\"item\":\"https:\/\/gymfactory.eu\/catalogue\/\"},{\"@type\":\"ListItem\",\"position\":3,\"name\":\"Station Banc R\u00e9glable &amp; Squat AA1X\"}]},{\"@type\":\"WebSite\",\"@id\":\"https:\/\/gymfactory.eu\/fr\/#website\",\"url\":\"https:\/\/gymfactory.eu\/fr\/\",\"name\":\"Gym Factory\",\"description\":\"\",\"publisher\":{\"@id\":\"https:\/\/gymfactory.eu\/fr\/#organization\"},\"potentialAction\":[{\"@type\":\"SearchAction\",\"target\":{\"@type\":\"EntryPoint\",\"urlTemplate\":\"https:\/\/gymfactory.eu\/fr\/?s={search_term_string}\"},\"query-input\":{\"@type\":\"PropertyValueSpecification\",\"valueRequired\":true,\"valueName\":\"search_term_string\"}}],\"inLanguage\":\"fr-FR\"},{\"@type\":\"Organization\",\"@id\":\"https:\/\/gymfactory.eu\/fr\/#organization\",\"name\":\"Gym Factory\",\"url\":\"https:\/\/gymfactory.eu\/fr\/\",\"logo\":{\"@type\":\"ImageObject\",\"inLanguage\":\"fr-FR\",\"@id\":\"https:\/\/gymfactory.eu\/fr\/#\/schema\/logo\/image\/\",\"url\":\"https:\/\/gymfactory.eu\/wp-content\/uploads\/2024\/11\/Component-1.svg\",\"contentUrl\":\"https:\/\/gymfactory.eu\/wp-content\/uploads\/2024\/11\/Component-1.svg\",\"width\":54,\"height\":44,\"caption\":\"Gym Factory\"},\"image\":{\"@id\":\"https:\/\/gymfactory.eu\/fr\/#\/schema\/logo\/image\/\"}}]}<\/script>\n<!-- \/ Yoast SEO plugin. -->","yoast_head_json":{"title":"Banc de D\u00e9velopp\u00e9 Couch\u00e9 de Comp\u00e9tition AA1x - \u00c9quipement de Musculation pour la Force","description":"Le banc de d\u00e9velopp\u00e9 couch\u00e9 de comp\u00e9tition AA1x est un \u00e9quipement de musculation essentiel, parfait pour d\u00e9velopper la force pectorale et atteindre efficacement vos objectifs de fitness.","robots":{"index":"index","follow":"follow","max-snippet":"max-snippet:-1","max-image-preview":"max-image-preview:large","max-video-preview":"max-video-preview:-1"},"canonical":"https:\/\/gymfactory.eu\/fr\/produit\/station-banc-reglable-squat-aa1x\/","og_locale":"fr_FR","og_type":"article","og_title":"Banc de D\u00e9velopp\u00e9 Couch\u00e9 de Comp\u00e9tition AA1x - \u00c9quipement de Musculation pour la Force","og_description":"Le banc de d\u00e9velopp\u00e9 couch\u00e9 de comp\u00e9tition AA1x est un \u00e9quipement de musculation essentiel, parfait pour d\u00e9velopper la force pectorale et atteindre efficacement vos objectifs de fitness.","og_url":"https:\/\/gymfactory.eu\/fr\/produit\/station-banc-reglable-squat-aa1x\/","og_site_name":"Gym Factory","og_image":[{"width":1500,"height":1500,"url":"https:\/\/gymfactory.eu\/wp-content\/uploads\/2025\/04\/AA1x-Competition-Bench-Press-1.webp","type":"image\/webp"}],"twitter_card":"summary_large_image","twitter_misc":{"Dur\u00e9e de lecture estim\u00e9e":"1 minute"},"schema":{"@context":"https:\/\/schema.org","@graph":[{"@type":"WebPage","@id":"https:\/\/gymfactory.eu\/fr\/produit\/station-banc-reglable-squat-aa1x\/","url":"https:\/\/gymfactory.eu\/fr\/produit\/station-banc-reglable-squat-aa1x\/","name":"Banc de D\u00e9velopp\u00e9 Couch\u00e9 de Comp\u00e9tition AA1x - \u00c9quipement de Musculation pour la Force","isPartOf":{"@id":"https:\/\/gymfactory.eu\/fr\/#website"},"primaryImageOfPage":{"@id":"https:\/\/gymfactory.eu\/fr\/produit\/station-banc-reglable-squat-aa1x\/#primaryimage"},"image":{"@id":"https:\/\/gymfactory.eu\/fr\/produit\/station-banc-reglable-squat-aa1x\/#primaryimage"},"thumbnailUrl":"https:\/\/gymfactory.eu\/wp-content\/uploads\/2025\/04\/AA1x-Competition-Bench-Press-1.webp","datePublished":"2025-04-23T10:37:15+00:00","description":"Le banc de d\u00e9velopp\u00e9 couch\u00e9 de comp\u00e9tition AA1x est un \u00e9quipement de musculation essentiel, parfait pour d\u00e9velopper la force pectorale et atteindre efficacement vos objectifs de fitness.","breadcrumb":{"@id":"https:\/\/gymfactory.eu\/fr\/produit\/station-banc-reglable-squat-aa1x\/#breadcrumb"},"inLanguage":"fr-FR","potentialAction":[{"@type":"ReadAction","target":["https:\/\/gymfactory.eu\/fr\/produit\/station-banc-reglable-squat-aa1x\/"]}]},{"@type":"ImageObject","inLanguage":"fr-FR","@id":"https:\/\/gymfactory.eu\/fr\/produit\/station-banc-reglable-squat-aa1x\/#primaryimage","url":"https:\/\/gymfactory.eu\/wp-content\/uploads\/2025\/04\/AA1x-Competition-Bench-Press-1.webp","contentUrl":"https:\/\/gymfactory.eu\/wp-content\/uploads\/2025\/04\/AA1x-Competition-Bench-Press-1.webp","width":1500,"height":1500,"caption":"Station compl\u00e8te de Banc de D\u00e9velopp\u00e9 Couch\u00e9 de Comp\u00e9tition comprenant un banc plat int\u00e9gr\u00e9 et un support de barre, id\u00e9ale comme \u00e9quipement de musculation de pr\u00e9cision pour les exercices de renforcement musculaire avanc\u00e9s."},{"@type":"BreadcrumbList","@id":"https:\/\/gymfactory.eu\/fr\/produit\/station-banc-reglable-squat-aa1x\/#breadcrumb","itemListElement":[{"@type":"ListItem","position":1,"name":"Home","item":"https:\/\/gymfactory.eu\/fr\/"},{"@type":"ListItem","position":2,"name":"Catalogue","item":"https:\/\/gymfactory.eu\/catalogue\/"},{"@type":"ListItem","position":3,"name":"Station Banc R\u00e9glable &amp; Squat AA1X"}]},{"@type":"WebSite","@id":"https:\/\/gymfactory.eu\/fr\/#website","url":"https:\/\/gymfactory.eu\/fr\/","name":"Gym Factory","description":"","publisher":{"@id":"https:\/\/gymfactory.eu\/fr\/#organization"},"potentialAction":[{"@type":"SearchAction","target":{"@type":"EntryPoint","urlTemplate":"https:\/\/gymfactory.eu\/fr\/?s={search_term_string}"},"query-input":{"@type":"PropertyValueSpecification","valueRequired":true,"valueName":"search_term_string"}}],"inLanguage":"fr-FR"},{"@type":"Organization","@id":"https:\/\/gymfactory.eu\/fr\/#organization","name":"Gym Factory","url":"https:\/\/gymfactory.eu\/fr\/","logo":{"@type":"ImageObject","inLanguage":"fr-FR","@id":"https:\/\/gymfactory.eu\/fr\/#\/schema\/logo\/image\/","url":"https:\/\/gymfactory.eu\/wp-content\/uploads\/2024\/11\/Component-1.svg","contentUrl":"https:\/\/gymfactory.eu\/wp-content\/uploads\/2024\/11\/Component-1.svg","width":54,"height":44,"caption":"Gym Factory"},"image":{"@id":"https:\/\/gymfactory.eu\/fr\/#\/schema\/logo\/image\/"}}]}},"_links":{"self":[{"href":"https:\/\/gymfactory.eu\/fr\/wp-json\/wp\/v2\/product\/29348","targetHints":{"allow":["GET"]}}],"collection":[{"href":"https:\/\/gymfactory.eu\/fr\/wp-json\/wp\/v2\/product"}],"about":[{"href":"https:\/\/gymfactory.eu\/fr\/wp-json\/wp\/v2\/types\/product"}],"wp:featuredmedia":[{"embeddable":true,"href":"https:\/\/gymfactory.eu\/fr\/wp-json\/wp\/v2\/media\/27851"}],"wp:attachment":[{"href":"https:\/\/gymfactory.eu\/fr\/wp-json\/wp\/v2\/media?parent=29348"}],"wp:term":[{"taxonomy":"product_brand","embeddable":true,"href":"https:\/\/gymfactory.eu\/fr\/wp-json\/wp\/v2\/product_brand?post=29348"},{"taxonomy":"product_cat","embeddable":true,"href":"https:\/\/gymfactory.eu\/fr\/wp-json\/wp\/v2\/product_cat?post=29348"},{"taxonomy":"product_tag","embeddable":true,"href":"https:\/\/gymfactory.eu\/fr\/wp-json\/wp\/v2\/product_tag?post=29348"}],"curies":[{"name":"wp","href":"https:\/\/api.w.org\/{rel}","templated":true}]}}