{"id":29332,"date":"2025-02-17T12:07:55","date_gmt":"2025-02-17T10:07:55","guid":{"rendered":"https:\/\/gymfactory.eu\/product\/station-de-tractions-et-dips-dexterieur-u5\/"},"modified":"2025-02-17T12:07:55","modified_gmt":"2025-02-17T10:07:55","slug":"station-de-tractions-et-dips-dexterieur-u5","status":"publish","type":"product","link":"https:\/\/gymfactory.eu\/fr\/produit\/station-de-tractions-et-dips-dexterieur-u5\/","title":{"rendered":"Station de Tractions et Dips d\u2019Ext\u00e9rieur U5"},"content":{"rendered":"<p>La Station de Tractions et Dips d\u2019Ext\u00e9rieur U5 est un \u00e9quipement de fitness en ext\u00e9rieur durable, con\u00e7u pour un entra\u00eenement de callisth\u00e9nie (street workout) de haute performance pour l\u2019ensemble du corps (full-body). Elle offre de multiples zones d\u2019entra\u00eenement dans une seule unit\u00e9 compacte. <\/p>\n<p><strong>Cette configuration comprend :<\/strong><\/p>\n<ul>\n<li>\u2022 Des barres parall\u00e8les pour les dips et les exercices de pouss\u00e9e ciblant les triceps.<\/li>\n<li>\u2022 2 barres de traction \u00e0 diff\u00e9rentes hauteurs.<\/li>\n<li>\u2022 2 poteaux de fixation pour suspendre des \u00e9quipements tels qu\u2019un sac de frappe ou d\u2019autres accessoires fonctionnels.<\/li>\n<li>\u2022 Un espalier pour le travail de mobilit\u00e9, les \u00e9tirements ou les mouvements contr\u00f4l\u00e9s au poids du corps.<\/li>\n<\/ul>\n<p>Id\u00e9al pour les exercices au poids du corps ax\u00e9s sur le haut du corps et la sangle abdominale dans des environnements d\u2019entra\u00eenement en plein air.<\/p>\n<p><strong>Options de fixation :\u2028<\/strong><br \/>\nChaque module d\u2019entra\u00eenement en ext\u00e9rieur peut \u00eatre pr\u00e9par\u00e9 avec diff\u00e9rentes solutions de fixation, selon les besoins d\u2019installation :<\/p>\n<ul>\n<li>\u2022 Ancrage dans le b\u00e9ton \u00e0 l\u2019aide d\u2019extensions en fer \u00e0 b\u00e9ton.<\/li>\n<li>\u2022 Ancrage par boulonnage utilisant des plaques de base avec des trous pr\u00e9-perc\u00e9s.<\/li>\n<li>\u2022 Ancrage par vis de fondation utilisant des pieux \u00e0 visser et des plaques de montage &#8211; cette option est plus on\u00e9reuse en raison du co\u00fbt des pieux \u00e0 visser et d\u00e9pend du nombre de points de fixation requis pour chaque unit\u00e9.<\/li>\n<\/ul>\n\n    <div class=\"xs_social_share_widget xs_share_url after_content \t\tmain_content  wslu-style-1 wslu-share-box-shaped wslu-fill-colored wslu-none wslu-share-horizontal wslu-theme-font-no wslu-main_content\">\n\n\t\t\n        <ul>\n\t\t\t        <\/ul>\n    <\/div> \n","protected":false},"excerpt":{"rendered":"<p>La Station de Tractions et Dips d\u2019Ext\u00e9rieur U5 est un \u00e9quipement de fitness en ext\u00e9rieur durable, con\u00e7u pour un entra\u00eenement de callisth\u00e9nie (street workout) de haute performance pour l\u2019ensemble du corps (full-body). Elle offre de multiples zones d\u2019entra\u00eenement dans une seule unit\u00e9 compacte. Cette configuration comprend : \u2022 Des barres parall\u00e8les pour les dips et [&hellip;]<\/p>\n","protected":false},"featured_media":10919,"template":"","meta":{"_acf_changed":false},"product_brand":[56],"product_cat":[831],"product_tag":[857],"class_list":{"0":"post-29332","1":"product","2":"type-product","3":"status-publish","4":"has-post-thumbnail","6":"product_brand-gym-factory","7":"product_cat-equipements-de-fitness-exterieur","8":"product_tag-couleur-metal-uniquement","10":"first","11":"onbackorder","12":"taxable","13":"shipping-taxable","14":"purchasable","15":"product-type-variable","16":"has-default-attributes"},"acf":[],"yoast_head":"<!-- This site is optimized with the Yoast SEO plugin v25.2 - https:\/\/yoast.com\/wordpress\/plugins\/seo\/ -->\n<title>Station de Tractions et Dips d\u2019Ext\u00e9rieur U5 pour la Musculation<\/title>\n<meta name=\"description\" content=\"Cette Station de Tractions et Dips d\u2019Ext\u00e9rieur dispose d\u2019une structure en acier de haute qualit\u00e9 et est parfaite pour les entra\u00eenements complets (full-body) et la musculation dans des environnements ouverts.\" \/>\n<meta name=\"robots\" content=\"index, follow, max-snippet:-1, max-image-preview:large, max-video-preview:-1\" \/>\n<link rel=\"canonical\" href=\"https:\/\/gymfactory.eu\/fr\/produit\/station-de-tractions-et-dips-dexterieur-u5\/\" \/>\n<meta property=\"og:locale\" content=\"fr_FR\" \/>\n<meta property=\"og:type\" content=\"article\" \/>\n<meta property=\"og:title\" content=\"Station de Tractions et Dips d\u2019Ext\u00e9rieur U5 pour la Musculation\" \/>\n<meta property=\"og:description\" content=\"Cette Station de Tractions et Dips d\u2019Ext\u00e9rieur dispose d\u2019une structure en acier de haute qualit\u00e9 et est parfaite pour les entra\u00eenements complets (full-body) et la musculation dans des environnements ouverts.\" \/>\n<meta property=\"og:url\" content=\"https:\/\/gymfactory.eu\/fr\/produit\/station-de-tractions-et-dips-dexterieur-u5\/\" \/>\n<meta property=\"og:site_name\" content=\"Gym Factory\" \/>\n<meta property=\"og:image\" content=\"https:\/\/gymfactory.eu\/wp-content\/uploads\/2025\/02\/outdoor-fitness-equipment-workout-station-scaled-1.webp\" \/>\n\t<meta property=\"og:image:width\" content=\"1500\" \/>\n\t<meta property=\"og:image:height\" content=\"1500\" \/>\n\t<meta property=\"og:image:type\" content=\"image\/webp\" \/>\n<meta name=\"twitter:card\" content=\"summary_large_image\" \/>\n<meta name=\"twitter:label1\" content=\"Dur\u00e9e de lecture estim\u00e9e\" \/>\n\t<meta name=\"twitter:data1\" content=\"1 minute\" \/>\n<script type=\"application\/ld+json\" class=\"yoast-schema-graph\">{\"@context\":\"https:\/\/schema.org\",\"@graph\":[{\"@type\":\"WebPage\",\"@id\":\"https:\/\/gymfactory.eu\/fr\/produit\/station-de-tractions-et-dips-dexterieur-u5\/\",\"url\":\"https:\/\/gymfactory.eu\/fr\/produit\/station-de-tractions-et-dips-dexterieur-u5\/\",\"name\":\"Station de Tractions et Dips d\u2019Ext\u00e9rieur U5 pour la Musculation\",\"isPartOf\":{\"@id\":\"https:\/\/gymfactory.eu\/fr\/#website\"},\"primaryImageOfPage\":{\"@id\":\"https:\/\/gymfactory.eu\/fr\/produit\/station-de-tractions-et-dips-dexterieur-u5\/#primaryimage\"},\"image\":{\"@id\":\"https:\/\/gymfactory.eu\/fr\/produit\/station-de-tractions-et-dips-dexterieur-u5\/#primaryimage\"},\"thumbnailUrl\":\"https:\/\/gymfactory.eu\/wp-content\/uploads\/2025\/02\/outdoor-fitness-equipment-workout-station-scaled-1.webp\",\"datePublished\":\"2025-02-17T10:07:55+00:00\",\"description\":\"Cette Station de Tractions et Dips d\u2019Ext\u00e9rieur dispose d\u2019une structure en acier de haute qualit\u00e9 et est parfaite pour les entra\u00eenements complets (full-body) et la musculation dans des environnements ouverts.\",\"breadcrumb\":{\"@id\":\"https:\/\/gymfactory.eu\/fr\/produit\/station-de-tractions-et-dips-dexterieur-u5\/#breadcrumb\"},\"inLanguage\":\"fr-FR\",\"potentialAction\":[{\"@type\":\"ReadAction\",\"target\":[\"https:\/\/gymfactory.eu\/fr\/produit\/station-de-tractions-et-dips-dexterieur-u5\/\"]}]},{\"@type\":\"ImageObject\",\"inLanguage\":\"fr-FR\",\"@id\":\"https:\/\/gymfactory.eu\/fr\/produit\/station-de-tractions-et-dips-dexterieur-u5\/#primaryimage\",\"url\":\"https:\/\/gymfactory.eu\/wp-content\/uploads\/2025\/02\/outdoor-fitness-equipment-workout-station-scaled-1.webp\",\"contentUrl\":\"https:\/\/gymfactory.eu\/wp-content\/uploads\/2025\/02\/outdoor-fitness-equipment-workout-station-scaled-1.webp\",\"width\":1500,\"height\":1500,\"caption\":\"Station d\u2019entra\u00eenement pour exercices de musculation avec un \u00e9quipement de fitness en ext\u00e9rieur comprenant de multiples barres, une \u00e9chelle et un cadre stable pour les tractions, les dips et divers exercices au poids du corps.\"},{\"@type\":\"BreadcrumbList\",\"@id\":\"https:\/\/gymfactory.eu\/fr\/produit\/station-de-tractions-et-dips-dexterieur-u5\/#breadcrumb\",\"itemListElement\":[{\"@type\":\"ListItem\",\"position\":1,\"name\":\"Home\",\"item\":\"https:\/\/gymfactory.eu\/fr\/page-principale\/\"},{\"@type\":\"ListItem\",\"position\":2,\"name\":\"Catalogue\",\"item\":\"https:\/\/gymfactory.eu\/fr\/catalogue-2\/\"},{\"@type\":\"ListItem\",\"position\":3,\"name\":\"Station de Tractions et Dips d\u2019Ext\u00e9rieur U5\"}]},{\"@type\":\"WebSite\",\"@id\":\"https:\/\/gymfactory.eu\/fr\/#website\",\"url\":\"https:\/\/gymfactory.eu\/fr\/\",\"name\":\"Gym Factory\",\"description\":\"\",\"publisher\":{\"@id\":\"https:\/\/gymfactory.eu\/fr\/#organization\"},\"potentialAction\":[{\"@type\":\"SearchAction\",\"target\":{\"@type\":\"EntryPoint\",\"urlTemplate\":\"https:\/\/gymfactory.eu\/fr\/?s={search_term_string}\"},\"query-input\":{\"@type\":\"PropertyValueSpecification\",\"valueRequired\":true,\"valueName\":\"search_term_string\"}}],\"inLanguage\":\"fr-FR\"},{\"@type\":\"Organization\",\"@id\":\"https:\/\/gymfactory.eu\/fr\/#organization\",\"name\":\"Gym Factory\",\"url\":\"https:\/\/gymfactory.eu\/fr\/\",\"logo\":{\"@type\":\"ImageObject\",\"inLanguage\":\"fr-FR\",\"@id\":\"https:\/\/gymfactory.eu\/fr\/#\/schema\/logo\/image\/\",\"url\":\"https:\/\/gymfactory.eu\/wp-content\/uploads\/2024\/11\/Component-1.svg\",\"contentUrl\":\"https:\/\/gymfactory.eu\/wp-content\/uploads\/2024\/11\/Component-1.svg\",\"width\":54,\"height\":44,\"caption\":\"Gym Factory\"},\"image\":{\"@id\":\"https:\/\/gymfactory.eu\/fr\/#\/schema\/logo\/image\/\"}}]}<\/script>\n<!-- \/ Yoast SEO plugin. -->","yoast_head_json":{"title":"Station de Tractions et Dips d\u2019Ext\u00e9rieur U5 pour la Musculation","description":"Cette Station de Tractions et Dips d\u2019Ext\u00e9rieur dispose d\u2019une structure en acier de haute qualit\u00e9 et est parfaite pour les entra\u00eenements complets (full-body) et la musculation dans des environnements ouverts.","robots":{"index":"index","follow":"follow","max-snippet":"max-snippet:-1","max-image-preview":"max-image-preview:large","max-video-preview":"max-video-preview:-1"},"canonical":"https:\/\/gymfactory.eu\/fr\/produit\/station-de-tractions-et-dips-dexterieur-u5\/","og_locale":"fr_FR","og_type":"article","og_title":"Station de Tractions et Dips d\u2019Ext\u00e9rieur U5 pour la Musculation","og_description":"Cette Station de Tractions et Dips d\u2019Ext\u00e9rieur dispose d\u2019une structure en acier de haute qualit\u00e9 et est parfaite pour les entra\u00eenements complets (full-body) et la musculation dans des environnements ouverts.","og_url":"https:\/\/gymfactory.eu\/fr\/produit\/station-de-tractions-et-dips-dexterieur-u5\/","og_site_name":"Gym Factory","og_image":[{"width":1500,"height":1500,"url":"https:\/\/gymfactory.eu\/wp-content\/uploads\/2025\/02\/outdoor-fitness-equipment-workout-station-scaled-1.webp","type":"image\/webp"}],"twitter_card":"summary_large_image","twitter_misc":{"Dur\u00e9e de lecture estim\u00e9e":"1 minute"},"schema":{"@context":"https:\/\/schema.org","@graph":[{"@type":"WebPage","@id":"https:\/\/gymfactory.eu\/fr\/produit\/station-de-tractions-et-dips-dexterieur-u5\/","url":"https:\/\/gymfactory.eu\/fr\/produit\/station-de-tractions-et-dips-dexterieur-u5\/","name":"Station de Tractions et Dips d\u2019Ext\u00e9rieur U5 pour la Musculation","isPartOf":{"@id":"https:\/\/gymfactory.eu\/fr\/#website"},"primaryImageOfPage":{"@id":"https:\/\/gymfactory.eu\/fr\/produit\/station-de-tractions-et-dips-dexterieur-u5\/#primaryimage"},"image":{"@id":"https:\/\/gymfactory.eu\/fr\/produit\/station-de-tractions-et-dips-dexterieur-u5\/#primaryimage"},"thumbnailUrl":"https:\/\/gymfactory.eu\/wp-content\/uploads\/2025\/02\/outdoor-fitness-equipment-workout-station-scaled-1.webp","datePublished":"2025-02-17T10:07:55+00:00","description":"Cette Station de Tractions et Dips d\u2019Ext\u00e9rieur dispose d\u2019une structure en acier de haute qualit\u00e9 et est parfaite pour les entra\u00eenements complets (full-body) et la musculation dans des environnements ouverts.","breadcrumb":{"@id":"https:\/\/gymfactory.eu\/fr\/produit\/station-de-tractions-et-dips-dexterieur-u5\/#breadcrumb"},"inLanguage":"fr-FR","potentialAction":[{"@type":"ReadAction","target":["https:\/\/gymfactory.eu\/fr\/produit\/station-de-tractions-et-dips-dexterieur-u5\/"]}]},{"@type":"ImageObject","inLanguage":"fr-FR","@id":"https:\/\/gymfactory.eu\/fr\/produit\/station-de-tractions-et-dips-dexterieur-u5\/#primaryimage","url":"https:\/\/gymfactory.eu\/wp-content\/uploads\/2025\/02\/outdoor-fitness-equipment-workout-station-scaled-1.webp","contentUrl":"https:\/\/gymfactory.eu\/wp-content\/uploads\/2025\/02\/outdoor-fitness-equipment-workout-station-scaled-1.webp","width":1500,"height":1500,"caption":"Station d\u2019entra\u00eenement pour exercices de musculation avec un \u00e9quipement de fitness en ext\u00e9rieur comprenant de multiples barres, une \u00e9chelle et un cadre stable pour les tractions, les dips et divers exercices au poids du corps."},{"@type":"BreadcrumbList","@id":"https:\/\/gymfactory.eu\/fr\/produit\/station-de-tractions-et-dips-dexterieur-u5\/#breadcrumb","itemListElement":[{"@type":"ListItem","position":1,"name":"Home","item":"https:\/\/gymfactory.eu\/fr\/page-principale\/"},{"@type":"ListItem","position":2,"name":"Catalogue","item":"https:\/\/gymfactory.eu\/fr\/catalogue-2\/"},{"@type":"ListItem","position":3,"name":"Station de Tractions et Dips d\u2019Ext\u00e9rieur U5"}]},{"@type":"WebSite","@id":"https:\/\/gymfactory.eu\/fr\/#website","url":"https:\/\/gymfactory.eu\/fr\/","name":"Gym Factory","description":"","publisher":{"@id":"https:\/\/gymfactory.eu\/fr\/#organization"},"potentialAction":[{"@type":"SearchAction","target":{"@type":"EntryPoint","urlTemplate":"https:\/\/gymfactory.eu\/fr\/?s={search_term_string}"},"query-input":{"@type":"PropertyValueSpecification","valueRequired":true,"valueName":"search_term_string"}}],"inLanguage":"fr-FR"},{"@type":"Organization","@id":"https:\/\/gymfactory.eu\/fr\/#organization","name":"Gym Factory","url":"https:\/\/gymfactory.eu\/fr\/","logo":{"@type":"ImageObject","inLanguage":"fr-FR","@id":"https:\/\/gymfactory.eu\/fr\/#\/schema\/logo\/image\/","url":"https:\/\/gymfactory.eu\/wp-content\/uploads\/2024\/11\/Component-1.svg","contentUrl":"https:\/\/gymfactory.eu\/wp-content\/uploads\/2024\/11\/Component-1.svg","width":54,"height":44,"caption":"Gym Factory"},"image":{"@id":"https:\/\/gymfactory.eu\/fr\/#\/schema\/logo\/image\/"}}]}},"_links":{"self":[{"href":"https:\/\/gymfactory.eu\/fr\/wp-json\/wp\/v2\/product\/29332","targetHints":{"allow":["GET"]}}],"collection":[{"href":"https:\/\/gymfactory.eu\/fr\/wp-json\/wp\/v2\/product"}],"about":[{"href":"https:\/\/gymfactory.eu\/fr\/wp-json\/wp\/v2\/types\/product"}],"wp:featuredmedia":[{"embeddable":true,"href":"https:\/\/gymfactory.eu\/fr\/wp-json\/wp\/v2\/media\/10919"}],"wp:attachment":[{"href":"https:\/\/gymfactory.eu\/fr\/wp-json\/wp\/v2\/media?parent=29332"}],"wp:term":[{"taxonomy":"product_brand","embeddable":true,"href":"https:\/\/gymfactory.eu\/fr\/wp-json\/wp\/v2\/product_brand?post=29332"},{"taxonomy":"product_cat","embeddable":true,"href":"https:\/\/gymfactory.eu\/fr\/wp-json\/wp\/v2\/product_cat?post=29332"},{"taxonomy":"product_tag","embeddable":true,"href":"https:\/\/gymfactory.eu\/fr\/wp-json\/wp\/v2\/product_tag?post=29332"}],"curies":[{"name":"wp","href":"https:\/\/api.w.org\/{rel}","templated":true}]}}