{"id":29328,"date":"2025-02-17T11:55:48","date_gmt":"2025-02-17T09:55:48","guid":{"rendered":"https:\/\/gymfactory.eu\/product\/station-barre-fixe-u4\/"},"modified":"2025-02-17T11:55:48","modified_gmt":"2025-02-17T09:55:48","slug":"station-barre-fixe-u4","status":"publish","type":"product","link":"https:\/\/gymfactory.eu\/fr\/produit\/station-barre-fixe-u4\/","title":{"rendered":"Station Barre Fixe U4"},"content":{"rendered":"<p>La Station Barre Fixe U4 est un \u00e9quipement de fitness en ext\u00e9rieur compact con\u00e7u pour des exercices de musculation cibl\u00e9s. Sa configuration permet une pratique performante du street workout (callisth\u00e9nie) et le d\u00e9veloppement du haut du corps. Optez pour cet \u00e9quipement de musculation outdoor pour sculpter votre buste efficacement. <\/p>\n<p><strong>Cette configuration comprend :<\/strong><\/p>\n<ul>\n<li>\u2022 Une barre de traction large offrant des positions de prise vari\u00e9es pour un travail efficace du dos et des bras.<\/li>\n<li>\u2022 Des barres \u00e0 dips pour l\u2019entra\u00eenement des triceps et des pectoraux, avec un espace d\u2019entr\u00e9e optimis\u00e9 et une vari\u00e9t\u00e9 de prises.<\/li>\n<\/ul>\n<p>Cette unit\u00e9 est adapt\u00e9e aux zones de fitness en plein air, qu\u2019elles soient priv\u00e9es ou partag\u00e9es, ax\u00e9es sur un entra\u00eenement efficace au poids du corps.<\/p>\n<p><strong>Options de fixation :\u2028<\/strong><br \/>\nChaque module d\u2019entra\u00eenement en ext\u00e9rieur peut \u00eatre pr\u00e9par\u00e9 avec diff\u00e9rentes solutions de fixation, selon les besoins d\u2019installation :<\/p>\n<ul>\n<li>\u2022 Ancrage dans le b\u00e9ton \u00e0 l\u2019aide d\u2019extensions en fer \u00e0 b\u00e9ton.<\/li>\n<li>\u2022 Ancrage par boulonnage utilisant des plaques de base avec des trous pr\u00e9-perc\u00e9s.<\/li>\n<li>\u2022 Ancrage par vis de fondation utilisant des pieux \u00e0 visser et des plaques de montage &#8211; cette option est plus on\u00e9reuse en raison du co\u00fbt des pieux \u00e0 visser et d\u00e9pend du nombre de points de fixation requis pour chaque unit\u00e9.<\/li>\n<\/ul>\n\n    <div class=\"xs_social_share_widget xs_share_url after_content \t\tmain_content  wslu-style-1 wslu-share-box-shaped wslu-fill-colored wslu-none wslu-share-horizontal wslu-theme-font-no wslu-main_content\">\n\n\t\t\n        <ul>\n\t\t\t        <\/ul>\n    <\/div> \n","protected":false},"excerpt":{"rendered":"<p>La Station Barre Fixe U4 est un \u00e9quipement de fitness en ext\u00e9rieur compact con\u00e7u pour des exercices de musculation cibl\u00e9s. Sa configuration permet une pratique performante du street workout (callisth\u00e9nie) et le d\u00e9veloppement du haut du corps. Optez pour cet \u00e9quipement de musculation outdoor pour sculpter votre buste efficacement. Cette configuration comprend : \u2022 Une [&hellip;]<\/p>\n","protected":false},"featured_media":10914,"template":"","meta":{"_acf_changed":false},"product_brand":[56],"product_cat":[831],"product_tag":[857],"class_list":{"0":"post-29328","1":"product","2":"type-product","3":"status-publish","4":"has-post-thumbnail","6":"product_brand-gym-factory","7":"product_cat-equipements-de-fitness-exterieur","8":"product_tag-couleur-metal-uniquement","10":"first","11":"onbackorder","12":"taxable","13":"shipping-taxable","14":"purchasable","15":"product-type-variable","16":"has-default-attributes"},"acf":[],"yoast_head":"<!-- This site is optimized with the Yoast SEO plugin v25.2 - https:\/\/yoast.com\/wordpress\/plugins\/seo\/ -->\n<title>Station Barre Fixe U4 pour Exercices de Musculation<\/title>\n<meta name=\"description\" content=\"La Station Barre Fixe est fabriqu\u00e9e avec une structure en acier de haute qualit\u00e9, parfaite pour les exercices de musculation et l\u2019entra\u00eenement performant du haut du corps.\" \/>\n<meta name=\"robots\" content=\"index, follow, max-snippet:-1, max-image-preview:large, max-video-preview:-1\" \/>\n<link rel=\"canonical\" href=\"https:\/\/gymfactory.eu\/fr\/produit\/station-barre-fixe-u4\/\" \/>\n<meta property=\"og:locale\" content=\"fr_FR\" \/>\n<meta property=\"og:type\" content=\"article\" \/>\n<meta property=\"og:title\" content=\"Station Barre Fixe U4 pour Exercices de Musculation\" \/>\n<meta property=\"og:description\" content=\"La Station Barre Fixe est fabriqu\u00e9e avec une structure en acier de haute qualit\u00e9, parfaite pour les exercices de musculation et l\u2019entra\u00eenement performant du haut du corps.\" \/>\n<meta property=\"og:url\" content=\"https:\/\/gymfactory.eu\/fr\/produit\/station-barre-fixe-u4\/\" \/>\n<meta property=\"og:site_name\" content=\"Gym Factory\" \/>\n<meta property=\"og:image\" content=\"https:\/\/gymfactory.eu\/wp-content\/uploads\/2025\/02\/outdoor-fitness-equipment-rack-scaled-1-1.webp\" \/>\n\t<meta property=\"og:image:width\" content=\"1500\" \/>\n\t<meta property=\"og:image:height\" content=\"1500\" \/>\n\t<meta property=\"og:image:type\" content=\"image\/webp\" \/>\n<meta name=\"twitter:card\" content=\"summary_large_image\" \/>\n<meta name=\"twitter:label1\" content=\"Dur\u00e9e de lecture estim\u00e9e\" \/>\n\t<meta name=\"twitter:data1\" content=\"1 minute\" \/>\n<script type=\"application\/ld+json\" class=\"yoast-schema-graph\">{\"@context\":\"https:\/\/schema.org\",\"@graph\":[{\"@type\":\"WebPage\",\"@id\":\"https:\/\/gymfactory.eu\/fr\/produit\/station-barre-fixe-u4\/\",\"url\":\"https:\/\/gymfactory.eu\/fr\/produit\/station-barre-fixe-u4\/\",\"name\":\"Station Barre Fixe U4 pour Exercices de Musculation\",\"isPartOf\":{\"@id\":\"https:\/\/gymfactory.eu\/fr\/#website\"},\"primaryImageOfPage\":{\"@id\":\"https:\/\/gymfactory.eu\/fr\/produit\/station-barre-fixe-u4\/#primaryimage\"},\"image\":{\"@id\":\"https:\/\/gymfactory.eu\/fr\/produit\/station-barre-fixe-u4\/#primaryimage\"},\"thumbnailUrl\":\"https:\/\/gymfactory.eu\/wp-content\/uploads\/2025\/02\/outdoor-fitness-equipment-rack-scaled-1-1.webp\",\"datePublished\":\"2025-02-17T09:55:48+00:00\",\"description\":\"La Station Barre Fixe est fabriqu\u00e9e avec une structure en acier de haute qualit\u00e9, parfaite pour les exercices de musculation et l\u2019entra\u00eenement performant du haut du corps.\",\"breadcrumb\":{\"@id\":\"https:\/\/gymfactory.eu\/fr\/produit\/station-barre-fixe-u4\/#breadcrumb\"},\"inLanguage\":\"fr-FR\",\"potentialAction\":[{\"@type\":\"ReadAction\",\"target\":[\"https:\/\/gymfactory.eu\/fr\/produit\/station-barre-fixe-u4\/\"]}]},{\"@type\":\"ImageObject\",\"inLanguage\":\"fr-FR\",\"@id\":\"https:\/\/gymfactory.eu\/fr\/produit\/station-barre-fixe-u4\/#primaryimage\",\"url\":\"https:\/\/gymfactory.eu\/wp-content\/uploads\/2025\/02\/outdoor-fitness-equipment-rack-scaled-1-1.webp\",\"contentUrl\":\"https:\/\/gymfactory.eu\/wp-content\/uploads\/2025\/02\/outdoor-fitness-equipment-rack-scaled-1-1.webp\",\"width\":1500,\"height\":1500,\"caption\":\"Rack pour exercices de musculation compos\u00e9 d\u2019\u00e9quipements de fitness en plein air, pr\u00e9sentant un cadre en acier solide avec une barre de traction et une station \u00e0 dips, id\u00e9al pour l\u2019entra\u00eenement en force au poids du corps, le street workout et les entra\u00eenements du haut du corps.\"},{\"@type\":\"BreadcrumbList\",\"@id\":\"https:\/\/gymfactory.eu\/fr\/produit\/station-barre-fixe-u4\/#breadcrumb\",\"itemListElement\":[{\"@type\":\"ListItem\",\"position\":1,\"name\":\"Home\",\"item\":\"https:\/\/gymfactory.eu\/fr\/page-principale\/\"},{\"@type\":\"ListItem\",\"position\":2,\"name\":\"Catalogue\",\"item\":\"https:\/\/gymfactory.eu\/fr\/catalogue-2\/\"},{\"@type\":\"ListItem\",\"position\":3,\"name\":\"Station Barre Fixe U4\"}]},{\"@type\":\"WebSite\",\"@id\":\"https:\/\/gymfactory.eu\/fr\/#website\",\"url\":\"https:\/\/gymfactory.eu\/fr\/\",\"name\":\"Gym Factory\",\"description\":\"\",\"publisher\":{\"@id\":\"https:\/\/gymfactory.eu\/fr\/#organization\"},\"potentialAction\":[{\"@type\":\"SearchAction\",\"target\":{\"@type\":\"EntryPoint\",\"urlTemplate\":\"https:\/\/gymfactory.eu\/fr\/?s={search_term_string}\"},\"query-input\":{\"@type\":\"PropertyValueSpecification\",\"valueRequired\":true,\"valueName\":\"search_term_string\"}}],\"inLanguage\":\"fr-FR\"},{\"@type\":\"Organization\",\"@id\":\"https:\/\/gymfactory.eu\/fr\/#organization\",\"name\":\"Gym Factory\",\"url\":\"https:\/\/gymfactory.eu\/fr\/\",\"logo\":{\"@type\":\"ImageObject\",\"inLanguage\":\"fr-FR\",\"@id\":\"https:\/\/gymfactory.eu\/fr\/#\/schema\/logo\/image\/\",\"url\":\"https:\/\/gymfactory.eu\/wp-content\/uploads\/2024\/11\/Component-1.svg\",\"contentUrl\":\"https:\/\/gymfactory.eu\/wp-content\/uploads\/2024\/11\/Component-1.svg\",\"width\":54,\"height\":44,\"caption\":\"Gym Factory\"},\"image\":{\"@id\":\"https:\/\/gymfactory.eu\/fr\/#\/schema\/logo\/image\/\"}}]}<\/script>\n<!-- \/ Yoast SEO plugin. -->","yoast_head_json":{"title":"Station Barre Fixe U4 pour Exercices de Musculation","description":"La Station Barre Fixe est fabriqu\u00e9e avec une structure en acier de haute qualit\u00e9, parfaite pour les exercices de musculation et l\u2019entra\u00eenement performant du haut du corps.","robots":{"index":"index","follow":"follow","max-snippet":"max-snippet:-1","max-image-preview":"max-image-preview:large","max-video-preview":"max-video-preview:-1"},"canonical":"https:\/\/gymfactory.eu\/fr\/produit\/station-barre-fixe-u4\/","og_locale":"fr_FR","og_type":"article","og_title":"Station Barre Fixe U4 pour Exercices de Musculation","og_description":"La Station Barre Fixe est fabriqu\u00e9e avec une structure en acier de haute qualit\u00e9, parfaite pour les exercices de musculation et l\u2019entra\u00eenement performant du haut du corps.","og_url":"https:\/\/gymfactory.eu\/fr\/produit\/station-barre-fixe-u4\/","og_site_name":"Gym Factory","og_image":[{"width":1500,"height":1500,"url":"https:\/\/gymfactory.eu\/wp-content\/uploads\/2025\/02\/outdoor-fitness-equipment-rack-scaled-1-1.webp","type":"image\/webp"}],"twitter_card":"summary_large_image","twitter_misc":{"Dur\u00e9e de lecture estim\u00e9e":"1 minute"},"schema":{"@context":"https:\/\/schema.org","@graph":[{"@type":"WebPage","@id":"https:\/\/gymfactory.eu\/fr\/produit\/station-barre-fixe-u4\/","url":"https:\/\/gymfactory.eu\/fr\/produit\/station-barre-fixe-u4\/","name":"Station Barre Fixe U4 pour Exercices de Musculation","isPartOf":{"@id":"https:\/\/gymfactory.eu\/fr\/#website"},"primaryImageOfPage":{"@id":"https:\/\/gymfactory.eu\/fr\/produit\/station-barre-fixe-u4\/#primaryimage"},"image":{"@id":"https:\/\/gymfactory.eu\/fr\/produit\/station-barre-fixe-u4\/#primaryimage"},"thumbnailUrl":"https:\/\/gymfactory.eu\/wp-content\/uploads\/2025\/02\/outdoor-fitness-equipment-rack-scaled-1-1.webp","datePublished":"2025-02-17T09:55:48+00:00","description":"La Station Barre Fixe est fabriqu\u00e9e avec une structure en acier de haute qualit\u00e9, parfaite pour les exercices de musculation et l\u2019entra\u00eenement performant du haut du corps.","breadcrumb":{"@id":"https:\/\/gymfactory.eu\/fr\/produit\/station-barre-fixe-u4\/#breadcrumb"},"inLanguage":"fr-FR","potentialAction":[{"@type":"ReadAction","target":["https:\/\/gymfactory.eu\/fr\/produit\/station-barre-fixe-u4\/"]}]},{"@type":"ImageObject","inLanguage":"fr-FR","@id":"https:\/\/gymfactory.eu\/fr\/produit\/station-barre-fixe-u4\/#primaryimage","url":"https:\/\/gymfactory.eu\/wp-content\/uploads\/2025\/02\/outdoor-fitness-equipment-rack-scaled-1-1.webp","contentUrl":"https:\/\/gymfactory.eu\/wp-content\/uploads\/2025\/02\/outdoor-fitness-equipment-rack-scaled-1-1.webp","width":1500,"height":1500,"caption":"Rack pour exercices de musculation compos\u00e9 d\u2019\u00e9quipements de fitness en plein air, pr\u00e9sentant un cadre en acier solide avec une barre de traction et une station \u00e0 dips, id\u00e9al pour l\u2019entra\u00eenement en force au poids du corps, le street workout et les entra\u00eenements du haut du corps."},{"@type":"BreadcrumbList","@id":"https:\/\/gymfactory.eu\/fr\/produit\/station-barre-fixe-u4\/#breadcrumb","itemListElement":[{"@type":"ListItem","position":1,"name":"Home","item":"https:\/\/gymfactory.eu\/fr\/page-principale\/"},{"@type":"ListItem","position":2,"name":"Catalogue","item":"https:\/\/gymfactory.eu\/fr\/catalogue-2\/"},{"@type":"ListItem","position":3,"name":"Station Barre Fixe U4"}]},{"@type":"WebSite","@id":"https:\/\/gymfactory.eu\/fr\/#website","url":"https:\/\/gymfactory.eu\/fr\/","name":"Gym Factory","description":"","publisher":{"@id":"https:\/\/gymfactory.eu\/fr\/#organization"},"potentialAction":[{"@type":"SearchAction","target":{"@type":"EntryPoint","urlTemplate":"https:\/\/gymfactory.eu\/fr\/?s={search_term_string}"},"query-input":{"@type":"PropertyValueSpecification","valueRequired":true,"valueName":"search_term_string"}}],"inLanguage":"fr-FR"},{"@type":"Organization","@id":"https:\/\/gymfactory.eu\/fr\/#organization","name":"Gym Factory","url":"https:\/\/gymfactory.eu\/fr\/","logo":{"@type":"ImageObject","inLanguage":"fr-FR","@id":"https:\/\/gymfactory.eu\/fr\/#\/schema\/logo\/image\/","url":"https:\/\/gymfactory.eu\/wp-content\/uploads\/2024\/11\/Component-1.svg","contentUrl":"https:\/\/gymfactory.eu\/wp-content\/uploads\/2024\/11\/Component-1.svg","width":54,"height":44,"caption":"Gym Factory"},"image":{"@id":"https:\/\/gymfactory.eu\/fr\/#\/schema\/logo\/image\/"}}]}},"_links":{"self":[{"href":"https:\/\/gymfactory.eu\/fr\/wp-json\/wp\/v2\/product\/29328","targetHints":{"allow":["GET"]}}],"collection":[{"href":"https:\/\/gymfactory.eu\/fr\/wp-json\/wp\/v2\/product"}],"about":[{"href":"https:\/\/gymfactory.eu\/fr\/wp-json\/wp\/v2\/types\/product"}],"wp:featuredmedia":[{"embeddable":true,"href":"https:\/\/gymfactory.eu\/fr\/wp-json\/wp\/v2\/media\/10914"}],"wp:attachment":[{"href":"https:\/\/gymfactory.eu\/fr\/wp-json\/wp\/v2\/media?parent=29328"}],"wp:term":[{"taxonomy":"product_brand","embeddable":true,"href":"https:\/\/gymfactory.eu\/fr\/wp-json\/wp\/v2\/product_brand?post=29328"},{"taxonomy":"product_cat","embeddable":true,"href":"https:\/\/gymfactory.eu\/fr\/wp-json\/wp\/v2\/product_cat?post=29328"},{"taxonomy":"product_tag","embeddable":true,"href":"https:\/\/gymfactory.eu\/fr\/wp-json\/wp\/v2\/product_tag?post=29328"}],"curies":[{"name":"wp","href":"https:\/\/api.w.org\/{rel}","templated":true}]}}