{"id":29324,"date":"2025-02-17T11:45:42","date_gmt":"2025-02-17T09:45:42","guid":{"rendered":"https:\/\/gymfactory.eu\/product\/rig-dentrainement-fonctionnel-dexterieur-u3\/"},"modified":"2025-02-17T11:45:42","modified_gmt":"2025-02-17T09:45:42","slug":"rig-dentrainement-fonctionnel-dexterieur-u3","status":"publish","type":"product","link":"https:\/\/gymfactory.eu\/fr\/produit\/rig-dentrainement-fonctionnel-dexterieur-u3\/","title":{"rendered":"Rig d\u2019Entra\u00eenement Fonctionnel d\u2019Ext\u00e9rieur U3"},"content":{"rendered":"<p>Le Rig d\u2019Entra\u00eenement Fonctionnel d\u2019Ext\u00e9rieur U3 est un \u00e9quipement de fitness en plein air robuste con\u00e7u pour le renforcement et le conditionnement de l\u2019ensemble du corps. Il permet de r\u00e9aliser une vari\u00e9t\u00e9 d\u2019exercices de street workout (callisth\u00e9nie) de haute performance, ce qui le rend id\u00e9al pour les entra\u00eenements fonctionnels en ext\u00e9rieur. Am\u00e9nagez votre espace avec une structure de street workout professionnelle pour des r\u00e9sultats optimaux. <\/p>\n<p><strong>Ce rig d\u2019entra\u00eenement comprend :<\/strong><\/p>\n<ul>\n<li>\u2022 Des barres parall\u00e8les pour les dips, ciblant les triceps, les pectoraux et les \u00e9paules.<\/li>\n<li>\u2022 Des monkey bars (\u00e9chelle de suspension) pour la force de pr\u00e9hension et la coordination.<\/li>\n<li>\u2022 2 barres de traction \u00e0 diff\u00e9rentes hauteurs pour s\u2019adapter \u00e0 plusieurs utilisateurs et variations d\u2019exercices.\u2028Profitez d\u2019une station de musculation compl\u00e8te pour diversifier vos entra\u00eenements au poids du corps.<\/li>\n<\/ul>\n<p>La structure permet l\u2019entra\u00eenement aux mouvements dynamiques, le d\u00e9veloppement du haut du corps et le conditionnement au poids du corps dans des environnements ext\u00e9rieurs. Atteignez vos objectifs avec ce rig fonctionnel con\u00e7u pour les espaces de fitness en plein air.<\/p>\n<p><strong>Options de fixation<\/strong> :\u2028<br \/>Chaque module d\u2019entra\u00eenement en ext\u00e9rieur peut \u00eatre pr\u00e9par\u00e9 avec diff\u00e9rentes solutions de fixation, selon les besoins d\u2019installation :<\/p>\n<ul>\n<li>\u2022 Ancrage dans le b\u00e9ton \u00e0 l\u2019aide d\u2019extensions en fer \u00e0 b\u00e9ton.<\/li>\n<li>\u2022 Ancrage par boulonnage utilisant des plaques de base avec des trous pr\u00e9-perc\u00e9s.<\/li>\n<li>\u2022 Ancrage par vis de fondation utilisant des pieux \u00e0 visser et des plaques de montage &#8211; cette option est plus on\u00e9reuse en raison du co\u00fbt des pieux \u00e0 visser et d\u00e9pend du nombre de points de fixation requis pour chaque unit\u00e9.\u2028S\u00e9curisez votre \u00e9quipement de musculation outdoor avec nos syst\u00e8mes de montage adapt\u00e9s \u00e0 tous les terrains.<\/li>\n<\/ul>\n\n    <div class=\"xs_social_share_widget xs_share_url after_content \t\tmain_content  wslu-style-1 wslu-share-box-shaped wslu-fill-colored wslu-none wslu-share-horizontal wslu-theme-font-no wslu-main_content\">\n\n\t\t\n        <ul>\n\t\t\t        <\/ul>\n    <\/div> \n","protected":false},"excerpt":{"rendered":"<p>Le Rig d\u2019Entra\u00eenement Fonctionnel d\u2019Ext\u00e9rieur U3 est un \u00e9quipement de fitness en plein air robuste con\u00e7u pour le renforcement et le conditionnement de l\u2019ensemble du corps. Il permet de r\u00e9aliser une vari\u00e9t\u00e9 d\u2019exercices de street workout (callisth\u00e9nie) de haute performance, ce qui le rend id\u00e9al pour les entra\u00eenements fonctionnels en ext\u00e9rieur. Am\u00e9nagez votre espace avec [&hellip;]<\/p>\n","protected":false},"featured_media":10969,"template":"","meta":{"_acf_changed":false},"product_brand":[56],"product_cat":[831],"product_tag":[857],"class_list":{"0":"post-29324","1":"product","2":"type-product","3":"status-publish","4":"has-post-thumbnail","6":"product_brand-gym-factory","7":"product_cat-equipements-de-fitness-exterieur","8":"product_tag-couleur-metal-uniquement","10":"first","11":"onbackorder","12":"taxable","13":"shipping-taxable","14":"purchasable","15":"product-type-variable","16":"has-default-attributes"},"acf":[],"yoast_head":"<!-- This site is optimized with the Yoast SEO plugin v25.2 - https:\/\/yoast.com\/wordpress\/plugins\/seo\/ -->\n<title>Rig d\u2019Entra\u00eenement Fonctionnel d\u2019Ext\u00e9rieur U3 | Structure en Acier Haute Qualit\u00e9<\/title>\n<meta name=\"description\" content=\"Rig d\u2019entra\u00eenement fonctionnel d\u2019ext\u00e9rieur durable, fabriqu\u00e9 avec une structure en acier de haute qualit\u00e9. Parfait pour les entra\u00eenements full-body et la musculation efficace.\" \/>\n<meta name=\"robots\" content=\"index, follow, max-snippet:-1, max-image-preview:large, max-video-preview:-1\" \/>\n<link rel=\"canonical\" href=\"https:\/\/gymfactory.eu\/fr\/produit\/rig-dentrainement-fonctionnel-dexterieur-u3\/\" \/>\n<meta property=\"og:locale\" content=\"fr_FR\" \/>\n<meta property=\"og:type\" content=\"article\" \/>\n<meta property=\"og:title\" content=\"Rig d\u2019Entra\u00eenement Fonctionnel d\u2019Ext\u00e9rieur U3 | Structure en Acier Haute Qualit\u00e9\" \/>\n<meta property=\"og:description\" content=\"Rig d\u2019entra\u00eenement fonctionnel d\u2019ext\u00e9rieur durable, fabriqu\u00e9 avec une structure en acier de haute qualit\u00e9. Parfait pour les entra\u00eenements full-body et la musculation efficace.\" \/>\n<meta property=\"og:url\" content=\"https:\/\/gymfactory.eu\/fr\/produit\/rig-dentrainement-fonctionnel-dexterieur-u3\/\" \/>\n<meta property=\"og:site_name\" content=\"Gym Factory\" \/>\n<meta property=\"og:image\" content=\"https:\/\/gymfactory.eu\/wp-content\/uploads\/2025\/02\/outdoor-fitness-equipment-rig-1.webp\" \/>\n\t<meta property=\"og:image:width\" content=\"1500\" \/>\n\t<meta property=\"og:image:height\" content=\"1500\" \/>\n\t<meta property=\"og:image:type\" content=\"image\/webp\" \/>\n<meta name=\"twitter:card\" content=\"summary_large_image\" \/>\n<meta name=\"twitter:label1\" content=\"Dur\u00e9e de lecture estim\u00e9e\" \/>\n\t<meta name=\"twitter:data1\" content=\"2 minutes\" \/>\n<script type=\"application\/ld+json\" class=\"yoast-schema-graph\">{\"@context\":\"https:\/\/schema.org\",\"@graph\":[{\"@type\":\"WebPage\",\"@id\":\"https:\/\/gymfactory.eu\/fr\/produit\/rig-dentrainement-fonctionnel-dexterieur-u3\/\",\"url\":\"https:\/\/gymfactory.eu\/fr\/produit\/rig-dentrainement-fonctionnel-dexterieur-u3\/\",\"name\":\"Rig d\u2019Entra\u00eenement Fonctionnel d\u2019Ext\u00e9rieur U3 | Structure en Acier Haute Qualit\u00e9\",\"isPartOf\":{\"@id\":\"https:\/\/gymfactory.eu\/fr\/#website\"},\"primaryImageOfPage\":{\"@id\":\"https:\/\/gymfactory.eu\/fr\/produit\/rig-dentrainement-fonctionnel-dexterieur-u3\/#primaryimage\"},\"image\":{\"@id\":\"https:\/\/gymfactory.eu\/fr\/produit\/rig-dentrainement-fonctionnel-dexterieur-u3\/#primaryimage\"},\"thumbnailUrl\":\"https:\/\/gymfactory.eu\/wp-content\/uploads\/2025\/02\/outdoor-fitness-equipment-rig-1.webp\",\"datePublished\":\"2025-02-17T09:45:42+00:00\",\"description\":\"Rig d\u2019entra\u00eenement fonctionnel d\u2019ext\u00e9rieur durable, fabriqu\u00e9 avec une structure en acier de haute qualit\u00e9. Parfait pour les entra\u00eenements full-body et la musculation efficace.\",\"breadcrumb\":{\"@id\":\"https:\/\/gymfactory.eu\/fr\/produit\/rig-dentrainement-fonctionnel-dexterieur-u3\/#breadcrumb\"},\"inLanguage\":\"fr-FR\",\"potentialAction\":[{\"@type\":\"ReadAction\",\"target\":[\"https:\/\/gymfactory.eu\/fr\/produit\/rig-dentrainement-fonctionnel-dexterieur-u3\/\"]}]},{\"@type\":\"ImageObject\",\"inLanguage\":\"fr-FR\",\"@id\":\"https:\/\/gymfactory.eu\/fr\/produit\/rig-dentrainement-fonctionnel-dexterieur-u3\/#primaryimage\",\"url\":\"https:\/\/gymfactory.eu\/wp-content\/uploads\/2025\/02\/outdoor-fitness-equipment-rig-1.webp\",\"contentUrl\":\"https:\/\/gymfactory.eu\/wp-content\/uploads\/2025\/02\/outdoor-fitness-equipment-rig-1.webp\",\"width\":1500,\"height\":1500,\"caption\":\"Rig pour exercices de musculation compos\u00e9 d\u2019\u00e9quipements de fitness en ext\u00e9rieur, comprenant des monkey bars, des barres parall\u00e8les et une grande structure de traction, con\u00e7u pour l\u2019entra\u00eenement au poids du corps comme les tractions, les dips et les entra\u00eenements de fitness fonctionnel.\"},{\"@type\":\"BreadcrumbList\",\"@id\":\"https:\/\/gymfactory.eu\/fr\/produit\/rig-dentrainement-fonctionnel-dexterieur-u3\/#breadcrumb\",\"itemListElement\":[{\"@type\":\"ListItem\",\"position\":1,\"name\":\"Home\",\"item\":\"https:\/\/gymfactory.eu\/fr\/page-principale\/\"},{\"@type\":\"ListItem\",\"position\":2,\"name\":\"Catalogue\",\"item\":\"https:\/\/gymfactory.eu\/fr\/catalogue-2\/\"},{\"@type\":\"ListItem\",\"position\":3,\"name\":\"Rig d\u2019Entra\u00eenement Fonctionnel d\u2019Ext\u00e9rieur U3\"}]},{\"@type\":\"WebSite\",\"@id\":\"https:\/\/gymfactory.eu\/fr\/#website\",\"url\":\"https:\/\/gymfactory.eu\/fr\/\",\"name\":\"Gym Factory\",\"description\":\"\",\"publisher\":{\"@id\":\"https:\/\/gymfactory.eu\/fr\/#organization\"},\"potentialAction\":[{\"@type\":\"SearchAction\",\"target\":{\"@type\":\"EntryPoint\",\"urlTemplate\":\"https:\/\/gymfactory.eu\/fr\/?s={search_term_string}\"},\"query-input\":{\"@type\":\"PropertyValueSpecification\",\"valueRequired\":true,\"valueName\":\"search_term_string\"}}],\"inLanguage\":\"fr-FR\"},{\"@type\":\"Organization\",\"@id\":\"https:\/\/gymfactory.eu\/fr\/#organization\",\"name\":\"Gym Factory\",\"url\":\"https:\/\/gymfactory.eu\/fr\/\",\"logo\":{\"@type\":\"ImageObject\",\"inLanguage\":\"fr-FR\",\"@id\":\"https:\/\/gymfactory.eu\/fr\/#\/schema\/logo\/image\/\",\"url\":\"https:\/\/gymfactory.eu\/wp-content\/uploads\/2024\/11\/Component-1.svg\",\"contentUrl\":\"https:\/\/gymfactory.eu\/wp-content\/uploads\/2024\/11\/Component-1.svg\",\"width\":54,\"height\":44,\"caption\":\"Gym Factory\"},\"image\":{\"@id\":\"https:\/\/gymfactory.eu\/fr\/#\/schema\/logo\/image\/\"}}]}<\/script>\n<!-- \/ Yoast SEO plugin. -->","yoast_head_json":{"title":"Rig d\u2019Entra\u00eenement Fonctionnel d\u2019Ext\u00e9rieur U3 | Structure en Acier Haute Qualit\u00e9","description":"Rig d\u2019entra\u00eenement fonctionnel d\u2019ext\u00e9rieur durable, fabriqu\u00e9 avec une structure en acier de haute qualit\u00e9. Parfait pour les entra\u00eenements full-body et la musculation efficace.","robots":{"index":"index","follow":"follow","max-snippet":"max-snippet:-1","max-image-preview":"max-image-preview:large","max-video-preview":"max-video-preview:-1"},"canonical":"https:\/\/gymfactory.eu\/fr\/produit\/rig-dentrainement-fonctionnel-dexterieur-u3\/","og_locale":"fr_FR","og_type":"article","og_title":"Rig d\u2019Entra\u00eenement Fonctionnel d\u2019Ext\u00e9rieur U3 | Structure en Acier Haute Qualit\u00e9","og_description":"Rig d\u2019entra\u00eenement fonctionnel d\u2019ext\u00e9rieur durable, fabriqu\u00e9 avec une structure en acier de haute qualit\u00e9. Parfait pour les entra\u00eenements full-body et la musculation efficace.","og_url":"https:\/\/gymfactory.eu\/fr\/produit\/rig-dentrainement-fonctionnel-dexterieur-u3\/","og_site_name":"Gym Factory","og_image":[{"width":1500,"height":1500,"url":"https:\/\/gymfactory.eu\/wp-content\/uploads\/2025\/02\/outdoor-fitness-equipment-rig-1.webp","type":"image\/webp"}],"twitter_card":"summary_large_image","twitter_misc":{"Dur\u00e9e de lecture estim\u00e9e":"2 minutes"},"schema":{"@context":"https:\/\/schema.org","@graph":[{"@type":"WebPage","@id":"https:\/\/gymfactory.eu\/fr\/produit\/rig-dentrainement-fonctionnel-dexterieur-u3\/","url":"https:\/\/gymfactory.eu\/fr\/produit\/rig-dentrainement-fonctionnel-dexterieur-u3\/","name":"Rig d\u2019Entra\u00eenement Fonctionnel d\u2019Ext\u00e9rieur U3 | Structure en Acier Haute Qualit\u00e9","isPartOf":{"@id":"https:\/\/gymfactory.eu\/fr\/#website"},"primaryImageOfPage":{"@id":"https:\/\/gymfactory.eu\/fr\/produit\/rig-dentrainement-fonctionnel-dexterieur-u3\/#primaryimage"},"image":{"@id":"https:\/\/gymfactory.eu\/fr\/produit\/rig-dentrainement-fonctionnel-dexterieur-u3\/#primaryimage"},"thumbnailUrl":"https:\/\/gymfactory.eu\/wp-content\/uploads\/2025\/02\/outdoor-fitness-equipment-rig-1.webp","datePublished":"2025-02-17T09:45:42+00:00","description":"Rig d\u2019entra\u00eenement fonctionnel d\u2019ext\u00e9rieur durable, fabriqu\u00e9 avec une structure en acier de haute qualit\u00e9. Parfait pour les entra\u00eenements full-body et la musculation efficace.","breadcrumb":{"@id":"https:\/\/gymfactory.eu\/fr\/produit\/rig-dentrainement-fonctionnel-dexterieur-u3\/#breadcrumb"},"inLanguage":"fr-FR","potentialAction":[{"@type":"ReadAction","target":["https:\/\/gymfactory.eu\/fr\/produit\/rig-dentrainement-fonctionnel-dexterieur-u3\/"]}]},{"@type":"ImageObject","inLanguage":"fr-FR","@id":"https:\/\/gymfactory.eu\/fr\/produit\/rig-dentrainement-fonctionnel-dexterieur-u3\/#primaryimage","url":"https:\/\/gymfactory.eu\/wp-content\/uploads\/2025\/02\/outdoor-fitness-equipment-rig-1.webp","contentUrl":"https:\/\/gymfactory.eu\/wp-content\/uploads\/2025\/02\/outdoor-fitness-equipment-rig-1.webp","width":1500,"height":1500,"caption":"Rig pour exercices de musculation compos\u00e9 d\u2019\u00e9quipements de fitness en ext\u00e9rieur, comprenant des monkey bars, des barres parall\u00e8les et une grande structure de traction, con\u00e7u pour l\u2019entra\u00eenement au poids du corps comme les tractions, les dips et les entra\u00eenements de fitness fonctionnel."},{"@type":"BreadcrumbList","@id":"https:\/\/gymfactory.eu\/fr\/produit\/rig-dentrainement-fonctionnel-dexterieur-u3\/#breadcrumb","itemListElement":[{"@type":"ListItem","position":1,"name":"Home","item":"https:\/\/gymfactory.eu\/fr\/page-principale\/"},{"@type":"ListItem","position":2,"name":"Catalogue","item":"https:\/\/gymfactory.eu\/fr\/catalogue-2\/"},{"@type":"ListItem","position":3,"name":"Rig d\u2019Entra\u00eenement Fonctionnel d\u2019Ext\u00e9rieur U3"}]},{"@type":"WebSite","@id":"https:\/\/gymfactory.eu\/fr\/#website","url":"https:\/\/gymfactory.eu\/fr\/","name":"Gym Factory","description":"","publisher":{"@id":"https:\/\/gymfactory.eu\/fr\/#organization"},"potentialAction":[{"@type":"SearchAction","target":{"@type":"EntryPoint","urlTemplate":"https:\/\/gymfactory.eu\/fr\/?s={search_term_string}"},"query-input":{"@type":"PropertyValueSpecification","valueRequired":true,"valueName":"search_term_string"}}],"inLanguage":"fr-FR"},{"@type":"Organization","@id":"https:\/\/gymfactory.eu\/fr\/#organization","name":"Gym Factory","url":"https:\/\/gymfactory.eu\/fr\/","logo":{"@type":"ImageObject","inLanguage":"fr-FR","@id":"https:\/\/gymfactory.eu\/fr\/#\/schema\/logo\/image\/","url":"https:\/\/gymfactory.eu\/wp-content\/uploads\/2024\/11\/Component-1.svg","contentUrl":"https:\/\/gymfactory.eu\/wp-content\/uploads\/2024\/11\/Component-1.svg","width":54,"height":44,"caption":"Gym Factory"},"image":{"@id":"https:\/\/gymfactory.eu\/fr\/#\/schema\/logo\/image\/"}}]}},"_links":{"self":[{"href":"https:\/\/gymfactory.eu\/fr\/wp-json\/wp\/v2\/product\/29324","targetHints":{"allow":["GET"]}}],"collection":[{"href":"https:\/\/gymfactory.eu\/fr\/wp-json\/wp\/v2\/product"}],"about":[{"href":"https:\/\/gymfactory.eu\/fr\/wp-json\/wp\/v2\/types\/product"}],"wp:featuredmedia":[{"embeddable":true,"href":"https:\/\/gymfactory.eu\/fr\/wp-json\/wp\/v2\/media\/10969"}],"wp:attachment":[{"href":"https:\/\/gymfactory.eu\/fr\/wp-json\/wp\/v2\/media?parent=29324"}],"wp:term":[{"taxonomy":"product_brand","embeddable":true,"href":"https:\/\/gymfactory.eu\/fr\/wp-json\/wp\/v2\/product_brand?post=29324"},{"taxonomy":"product_cat","embeddable":true,"href":"https:\/\/gymfactory.eu\/fr\/wp-json\/wp\/v2\/product_cat?post=29324"},{"taxonomy":"product_tag","embeddable":true,"href":"https:\/\/gymfactory.eu\/fr\/wp-json\/wp\/v2\/product_tag?post=29324"}],"curies":[{"name":"wp","href":"https:\/\/api.w.org\/{rel}","templated":true}]}}