{"id":29320,"date":"2025-02-17T11:30:05","date_gmt":"2025-02-17T09:30:05","guid":{"rendered":"https:\/\/gymfactory.eu\/product\/station-banc-et-tractions-dexterieur-u2\/"},"modified":"2025-02-17T11:30:05","modified_gmt":"2025-02-17T09:30:05","slug":"station-banc-et-tractions-dexterieur-u2","status":"publish","type":"product","link":"https:\/\/gymfactory.eu\/fr\/produit\/station-banc-et-tractions-dexterieur-u2\/","title":{"rendered":"Station Banc et Tractions d\u2019Ext\u00e9rieur U2"},"content":{"rendered":"<p>La Station Banc et Tractions d\u2019Ext\u00e9rieur U2 est un \u00e9quipement de fitness en plein air polyvalent con\u00e7u pour l\u2019entra\u00eenement au poids du corps et le conditionnement de l\u2019ensemble du corps. Cette configuration combine des stations pour le haut du corps, la sangle abdominale et la mobilit\u00e9 dans une structure compacte, la rendant adapt\u00e9e aux entra\u00eenements ext\u00e9rieurs de haute performance. Am\u00e9liorez votre condition physique en plein air avec cet \u00e9quipement de street workout robuste et complet. <\/p>\n<p><strong>La station comprend :<\/strong><\/p>\n<ul>\n<li>\u2022 Une station \u00e0 dips et relev\u00e9s de jambes pour les exercices des triceps et de la sangle abdominale.<\/li>\n<li>\u2022 2 barres de traction.<\/li>\n<li>\u2022 Un banc \u00e0 abdominaux (sit-up) pour l\u2019entra\u00eenement de la sangle abdominale.<\/li>\n<li>\u2022 Un espalier pour les \u00e9tirements, la mobilit\u00e9 et le travail de contr\u00f4le du corps.\u2028Optez pour cette station multifonction pour diversifier vos exercices de musculation en ext\u00e9rieur.<\/li>\n<\/ul>\n<p>Ce rig permet de r\u00e9aliser une vaste gamme d\u2019exercices de callisth\u00e9nie (street workout) et d\u2019entra\u00eenement fonctionnel en force, aussi bien dans des espaces de fitness ext\u00e9rieurs publics que priv\u00e9s. Am\u00e9nagez votre espace avec une structure de callisth\u00e9nie professionnelle con\u00e7ue pour durer.<\/p>\n<p><strong>Options de fixation :\u2028<\/strong><br \/>\nChaque module d\u2019entra\u00eenement en ext\u00e9rieur peut \u00eatre pr\u00e9par\u00e9 avec diff\u00e9rentes solutions de fixation, selon les besoins d\u2019installation :<\/p>\n<ul>\n<li>\u2022 Ancrage dans le b\u00e9ton \u00e0 l\u2019aide d\u2019extensions en fer \u00e0 b\u00e9ton.<\/li>\n<li>\u2022 Ancrage par boulonnage utilisant des plaques de base avec des trous pr\u00e9-perc\u00e9s.<\/li>\n<li>\u2022 Ancrage par vis de fondation utilisant des pieux \u00e0 visser et des plaques de montage &#8211; cette option est plus on\u00e9reuse en raison du co\u00fbt des pieux \u00e0 visser et d\u00e9pend du nombre de points de fixation requis pour chaque unit\u00e9.\u2028S\u00e9curisez votre \u00e9quipement de fitness outdoor avec nos solutions de montage adapt\u00e9es \u00e0 tous les terrains<\/li>\n<\/ul>\n\n    <div class=\"xs_social_share_widget xs_share_url after_content \t\tmain_content  wslu-style-1 wslu-share-box-shaped wslu-fill-colored wslu-none wslu-share-horizontal wslu-theme-font-no wslu-main_content\">\n\n\t\t\n        <ul>\n\t\t\t        <\/ul>\n    <\/div> \n","protected":false},"excerpt":{"rendered":"<p>La Station Banc et Tractions d\u2019Ext\u00e9rieur U2 est un \u00e9quipement de fitness en plein air polyvalent con\u00e7u pour l\u2019entra\u00eenement au poids du corps et le conditionnement de l\u2019ensemble du corps. Cette configuration combine des stations pour le haut du corps, la sangle abdominale et la mobilit\u00e9 dans une structure compacte, la rendant adapt\u00e9e aux entra\u00eenements [&hellip;]<\/p>\n","protected":false},"featured_media":10856,"template":"","meta":{"_acf_changed":false},"product_brand":[56],"product_cat":[831],"product_tag":[857],"class_list":{"0":"post-29320","1":"product","2":"type-product","3":"status-publish","4":"has-post-thumbnail","6":"product_brand-gym-factory","7":"product_cat-equipements-de-fitness-exterieur","8":"product_tag-couleur-metal-uniquement","10":"first","11":"onbackorder","12":"taxable","13":"shipping-taxable","14":"purchasable","15":"product-type-variable","16":"has-default-attributes"},"acf":[],"yoast_head":"<!-- This site is optimized with the Yoast SEO plugin v25.2 - https:\/\/yoast.com\/wordpress\/plugins\/seo\/ -->\n<title>Station Banc et Tractions d\u2019Ext\u00e9rieur U2 | Entra\u00eenement Full Body<\/title>\n<meta name=\"description\" content=\"Station Banc et Tractions d\u2019Ext\u00e9rieur haute performance fabriqu\u00e9e avec une structure en acier de haute qualit\u00e9. Id\u00e9al pour les entra\u00eenements full-body et les exercices de musculation.\" \/>\n<meta name=\"robots\" content=\"index, follow, max-snippet:-1, max-image-preview:large, max-video-preview:-1\" \/>\n<link rel=\"canonical\" href=\"https:\/\/gymfactory.eu\/fr\/produit\/station-banc-et-tractions-dexterieur-u2\/\" \/>\n<meta property=\"og:locale\" content=\"fr_FR\" \/>\n<meta property=\"og:type\" content=\"article\" \/>\n<meta property=\"og:title\" content=\"Station Banc et Tractions d\u2019Ext\u00e9rieur U2 | Entra\u00eenement Full Body\" \/>\n<meta property=\"og:description\" content=\"Station Banc et Tractions d\u2019Ext\u00e9rieur haute performance fabriqu\u00e9e avec une structure en acier de haute qualit\u00e9. Id\u00e9al pour les entra\u00eenements full-body et les exercices de musculation.\" \/>\n<meta property=\"og:url\" content=\"https:\/\/gymfactory.eu\/fr\/produit\/station-banc-et-tractions-dexterieur-u2\/\" \/>\n<meta property=\"og:site_name\" content=\"Gym Factory\" \/>\n<meta property=\"og:image\" content=\"https:\/\/gymfactory.eu\/wp-content\/uploads\/2025\/02\/outdoor-fitness-equipment-station-2.webp\" \/>\n\t<meta property=\"og:image:width\" content=\"1500\" \/>\n\t<meta property=\"og:image:height\" content=\"1500\" \/>\n\t<meta property=\"og:image:type\" content=\"image\/webp\" \/>\n<meta name=\"twitter:card\" content=\"summary_large_image\" \/>\n<meta name=\"twitter:label1\" content=\"Dur\u00e9e de lecture estim\u00e9e\" \/>\n\t<meta name=\"twitter:data1\" content=\"2 minutes\" \/>\n<script type=\"application\/ld+json\" class=\"yoast-schema-graph\">{\"@context\":\"https:\/\/schema.org\",\"@graph\":[{\"@type\":\"WebPage\",\"@id\":\"https:\/\/gymfactory.eu\/fr\/produit\/station-banc-et-tractions-dexterieur-u2\/\",\"url\":\"https:\/\/gymfactory.eu\/fr\/produit\/station-banc-et-tractions-dexterieur-u2\/\",\"name\":\"Station Banc et Tractions d\u2019Ext\u00e9rieur U2 | Entra\u00eenement Full Body\",\"isPartOf\":{\"@id\":\"https:\/\/gymfactory.eu\/fr\/#website\"},\"primaryImageOfPage\":{\"@id\":\"https:\/\/gymfactory.eu\/fr\/produit\/station-banc-et-tractions-dexterieur-u2\/#primaryimage\"},\"image\":{\"@id\":\"https:\/\/gymfactory.eu\/fr\/produit\/station-banc-et-tractions-dexterieur-u2\/#primaryimage\"},\"thumbnailUrl\":\"https:\/\/gymfactory.eu\/wp-content\/uploads\/2025\/02\/outdoor-fitness-equipment-station-2.webp\",\"datePublished\":\"2025-02-17T09:30:05+00:00\",\"description\":\"Station Banc et Tractions d\u2019Ext\u00e9rieur haute performance fabriqu\u00e9e avec une structure en acier de haute qualit\u00e9. Id\u00e9al pour les entra\u00eenements full-body et les exercices de musculation.\",\"breadcrumb\":{\"@id\":\"https:\/\/gymfactory.eu\/fr\/produit\/station-banc-et-tractions-dexterieur-u2\/#breadcrumb\"},\"inLanguage\":\"fr-FR\",\"potentialAction\":[{\"@type\":\"ReadAction\",\"target\":[\"https:\/\/gymfactory.eu\/fr\/produit\/station-banc-et-tractions-dexterieur-u2\/\"]}]},{\"@type\":\"ImageObject\",\"inLanguage\":\"fr-FR\",\"@id\":\"https:\/\/gymfactory.eu\/fr\/produit\/station-banc-et-tractions-dexterieur-u2\/#primaryimage\",\"url\":\"https:\/\/gymfactory.eu\/wp-content\/uploads\/2025\/02\/outdoor-fitness-equipment-station-2.webp\",\"contentUrl\":\"https:\/\/gymfactory.eu\/wp-content\/uploads\/2025\/02\/outdoor-fitness-equipment-station-2.webp\",\"width\":1500,\"height\":1500,\"caption\":\"Station d\u2019\u00e9quipement pour exercices de musculation avec une barre de traction, des barres \u00e0 dips, une \u00e9chelle verticale et un banc inclin\u00e9 r\u00e9glable, con\u00e7ue pour l\u2019entra\u00eenement au poids du corps en ext\u00e9rieur, incluant les dips, les tractions et les entra\u00eenements abdominaux.\"},{\"@type\":\"BreadcrumbList\",\"@id\":\"https:\/\/gymfactory.eu\/fr\/produit\/station-banc-et-tractions-dexterieur-u2\/#breadcrumb\",\"itemListElement\":[{\"@type\":\"ListItem\",\"position\":1,\"name\":\"Home\",\"item\":\"https:\/\/gymfactory.eu\/fr\/page-principale\/\"},{\"@type\":\"ListItem\",\"position\":2,\"name\":\"Catalogue\",\"item\":\"https:\/\/gymfactory.eu\/fr\/catalogue-2\/\"},{\"@type\":\"ListItem\",\"position\":3,\"name\":\"Station Banc et Tractions d\u2019Ext\u00e9rieur U2\"}]},{\"@type\":\"WebSite\",\"@id\":\"https:\/\/gymfactory.eu\/fr\/#website\",\"url\":\"https:\/\/gymfactory.eu\/fr\/\",\"name\":\"Gym Factory\",\"description\":\"\",\"publisher\":{\"@id\":\"https:\/\/gymfactory.eu\/fr\/#organization\"},\"potentialAction\":[{\"@type\":\"SearchAction\",\"target\":{\"@type\":\"EntryPoint\",\"urlTemplate\":\"https:\/\/gymfactory.eu\/fr\/?s={search_term_string}\"},\"query-input\":{\"@type\":\"PropertyValueSpecification\",\"valueRequired\":true,\"valueName\":\"search_term_string\"}}],\"inLanguage\":\"fr-FR\"},{\"@type\":\"Organization\",\"@id\":\"https:\/\/gymfactory.eu\/fr\/#organization\",\"name\":\"Gym Factory\",\"url\":\"https:\/\/gymfactory.eu\/fr\/\",\"logo\":{\"@type\":\"ImageObject\",\"inLanguage\":\"fr-FR\",\"@id\":\"https:\/\/gymfactory.eu\/fr\/#\/schema\/logo\/image\/\",\"url\":\"https:\/\/gymfactory.eu\/wp-content\/uploads\/2024\/11\/Component-1.svg\",\"contentUrl\":\"https:\/\/gymfactory.eu\/wp-content\/uploads\/2024\/11\/Component-1.svg\",\"width\":54,\"height\":44,\"caption\":\"Gym Factory\"},\"image\":{\"@id\":\"https:\/\/gymfactory.eu\/fr\/#\/schema\/logo\/image\/\"}}]}<\/script>\n<!-- \/ Yoast SEO plugin. -->","yoast_head_json":{"title":"Station Banc et Tractions d\u2019Ext\u00e9rieur U2 | Entra\u00eenement Full Body","description":"Station Banc et Tractions d\u2019Ext\u00e9rieur haute performance fabriqu\u00e9e avec une structure en acier de haute qualit\u00e9. Id\u00e9al pour les entra\u00eenements full-body et les exercices de musculation.","robots":{"index":"index","follow":"follow","max-snippet":"max-snippet:-1","max-image-preview":"max-image-preview:large","max-video-preview":"max-video-preview:-1"},"canonical":"https:\/\/gymfactory.eu\/fr\/produit\/station-banc-et-tractions-dexterieur-u2\/","og_locale":"fr_FR","og_type":"article","og_title":"Station Banc et Tractions d\u2019Ext\u00e9rieur U2 | Entra\u00eenement Full Body","og_description":"Station Banc et Tractions d\u2019Ext\u00e9rieur haute performance fabriqu\u00e9e avec une structure en acier de haute qualit\u00e9. Id\u00e9al pour les entra\u00eenements full-body et les exercices de musculation.","og_url":"https:\/\/gymfactory.eu\/fr\/produit\/station-banc-et-tractions-dexterieur-u2\/","og_site_name":"Gym Factory","og_image":[{"width":1500,"height":1500,"url":"https:\/\/gymfactory.eu\/wp-content\/uploads\/2025\/02\/outdoor-fitness-equipment-station-2.webp","type":"image\/webp"}],"twitter_card":"summary_large_image","twitter_misc":{"Dur\u00e9e de lecture estim\u00e9e":"2 minutes"},"schema":{"@context":"https:\/\/schema.org","@graph":[{"@type":"WebPage","@id":"https:\/\/gymfactory.eu\/fr\/produit\/station-banc-et-tractions-dexterieur-u2\/","url":"https:\/\/gymfactory.eu\/fr\/produit\/station-banc-et-tractions-dexterieur-u2\/","name":"Station Banc et Tractions d\u2019Ext\u00e9rieur U2 | Entra\u00eenement Full Body","isPartOf":{"@id":"https:\/\/gymfactory.eu\/fr\/#website"},"primaryImageOfPage":{"@id":"https:\/\/gymfactory.eu\/fr\/produit\/station-banc-et-tractions-dexterieur-u2\/#primaryimage"},"image":{"@id":"https:\/\/gymfactory.eu\/fr\/produit\/station-banc-et-tractions-dexterieur-u2\/#primaryimage"},"thumbnailUrl":"https:\/\/gymfactory.eu\/wp-content\/uploads\/2025\/02\/outdoor-fitness-equipment-station-2.webp","datePublished":"2025-02-17T09:30:05+00:00","description":"Station Banc et Tractions d\u2019Ext\u00e9rieur haute performance fabriqu\u00e9e avec une structure en acier de haute qualit\u00e9. Id\u00e9al pour les entra\u00eenements full-body et les exercices de musculation.","breadcrumb":{"@id":"https:\/\/gymfactory.eu\/fr\/produit\/station-banc-et-tractions-dexterieur-u2\/#breadcrumb"},"inLanguage":"fr-FR","potentialAction":[{"@type":"ReadAction","target":["https:\/\/gymfactory.eu\/fr\/produit\/station-banc-et-tractions-dexterieur-u2\/"]}]},{"@type":"ImageObject","inLanguage":"fr-FR","@id":"https:\/\/gymfactory.eu\/fr\/produit\/station-banc-et-tractions-dexterieur-u2\/#primaryimage","url":"https:\/\/gymfactory.eu\/wp-content\/uploads\/2025\/02\/outdoor-fitness-equipment-station-2.webp","contentUrl":"https:\/\/gymfactory.eu\/wp-content\/uploads\/2025\/02\/outdoor-fitness-equipment-station-2.webp","width":1500,"height":1500,"caption":"Station d\u2019\u00e9quipement pour exercices de musculation avec une barre de traction, des barres \u00e0 dips, une \u00e9chelle verticale et un banc inclin\u00e9 r\u00e9glable, con\u00e7ue pour l\u2019entra\u00eenement au poids du corps en ext\u00e9rieur, incluant les dips, les tractions et les entra\u00eenements abdominaux."},{"@type":"BreadcrumbList","@id":"https:\/\/gymfactory.eu\/fr\/produit\/station-banc-et-tractions-dexterieur-u2\/#breadcrumb","itemListElement":[{"@type":"ListItem","position":1,"name":"Home","item":"https:\/\/gymfactory.eu\/fr\/page-principale\/"},{"@type":"ListItem","position":2,"name":"Catalogue","item":"https:\/\/gymfactory.eu\/fr\/catalogue-2\/"},{"@type":"ListItem","position":3,"name":"Station Banc et Tractions d\u2019Ext\u00e9rieur U2"}]},{"@type":"WebSite","@id":"https:\/\/gymfactory.eu\/fr\/#website","url":"https:\/\/gymfactory.eu\/fr\/","name":"Gym Factory","description":"","publisher":{"@id":"https:\/\/gymfactory.eu\/fr\/#organization"},"potentialAction":[{"@type":"SearchAction","target":{"@type":"EntryPoint","urlTemplate":"https:\/\/gymfactory.eu\/fr\/?s={search_term_string}"},"query-input":{"@type":"PropertyValueSpecification","valueRequired":true,"valueName":"search_term_string"}}],"inLanguage":"fr-FR"},{"@type":"Organization","@id":"https:\/\/gymfactory.eu\/fr\/#organization","name":"Gym Factory","url":"https:\/\/gymfactory.eu\/fr\/","logo":{"@type":"ImageObject","inLanguage":"fr-FR","@id":"https:\/\/gymfactory.eu\/fr\/#\/schema\/logo\/image\/","url":"https:\/\/gymfactory.eu\/wp-content\/uploads\/2024\/11\/Component-1.svg","contentUrl":"https:\/\/gymfactory.eu\/wp-content\/uploads\/2024\/11\/Component-1.svg","width":54,"height":44,"caption":"Gym Factory"},"image":{"@id":"https:\/\/gymfactory.eu\/fr\/#\/schema\/logo\/image\/"}}]}},"_links":{"self":[{"href":"https:\/\/gymfactory.eu\/fr\/wp-json\/wp\/v2\/product\/29320","targetHints":{"allow":["GET"]}}],"collection":[{"href":"https:\/\/gymfactory.eu\/fr\/wp-json\/wp\/v2\/product"}],"about":[{"href":"https:\/\/gymfactory.eu\/fr\/wp-json\/wp\/v2\/types\/product"}],"wp:featuredmedia":[{"embeddable":true,"href":"https:\/\/gymfactory.eu\/fr\/wp-json\/wp\/v2\/media\/10856"}],"wp:attachment":[{"href":"https:\/\/gymfactory.eu\/fr\/wp-json\/wp\/v2\/media?parent=29320"}],"wp:term":[{"taxonomy":"product_brand","embeddable":true,"href":"https:\/\/gymfactory.eu\/fr\/wp-json\/wp\/v2\/product_brand?post=29320"},{"taxonomy":"product_cat","embeddable":true,"href":"https:\/\/gymfactory.eu\/fr\/wp-json\/wp\/v2\/product_cat?post=29320"},{"taxonomy":"product_tag","embeddable":true,"href":"https:\/\/gymfactory.eu\/fr\/wp-json\/wp\/v2\/product_tag?post=29320"}],"curies":[{"name":"wp","href":"https:\/\/api.w.org\/{rel}","templated":true}]}}